

{"id":25412,"date":"2024-12-03T13:17:53","date_gmt":"2024-12-03T12:17:53","guid":{"rendered":"https:\/\/plasticexpress.es\/?page_id=25412"},"modified":"2024-12-03T13:17:53","modified_gmt":"2024-12-03T12:17:53","slug":"pressupostos-per-a-professionals-newscat","status":"publish","type":"page","link":"https:\/\/plasticexpress.es\/ca\/pressupostos-per-a-professionals-newscat\/","title":{"rendered":"Pressupostos Per A Professionals"},"content":{"rendered":"\t\t<div data-elementor-type=\"wp-page\" data-elementor-id=\"25412\" class=\"elementor elementor-25412 elementor-25411\" data-elementor-post-type=\"page\">\n\t\t\t\t\t\t<section class=\"elementor-section elementor-top-section elementor-element elementor-element-78649094 elementor-section-boxed elementor-section-height-default elementor-section-height-default\" data-id=\"78649094\" data-element_type=\"section\" data-e-type=\"section\">\n\t\t\t\t\t\t<div class=\"elementor-container elementor-column-gap-default\">\n\t\t\t\t\t<div class=\"elementor-column elementor-col-100 elementor-top-column elementor-element elementor-element-5083f5a9\" data-id=\"5083f5a9\" data-element_type=\"column\" data-e-type=\"column\">\n\t\t\t<div class=\"elementor-widget-wrap elementor-element-populated\">\n\t\t\t\t\t\t<div class=\"elementor-element elementor-element-7d2d876 elementor-widget elementor-widget-text-editor\" data-id=\"7d2d876\" data-element_type=\"widget\" data-e-type=\"widget\" data-widget_type=\"text-editor.default\">\n\t\t\t\t<div class=\"elementor-widget-container\">\n\t\t\t\t\t\t\t\t\t<h2><strong>Com Sol\u00b7Licito Aplicar Un Pressupost A Professionals?<\/strong><\/h2><p>En el cas de que cap producte est\u00e0ndard que oferim a la botiga s&#8217;ajusti a les teves necessitats, podem oferir-te un pressupost per professionals d&#8217;un dels materials que comercialitzem. Per aix\u00f2 envia&#8217;ns un correu electr\u00f2nic a info@plasticexpress.es amb la seg\u00fcent informaci\u00f3:\u00a0<\/p><p>En l&#8217;assumpte indica Pressupost per a professionals + el material interessat, per exemple, pressupost a mida metacrilat. En el text indicar les dades necess\u00e0ries per poder realitzar el full de comanda:<\/p><ul><li>Nom i cognoms o Empresa.<\/li><li>DNI o CIF.<\/li><li>Tel\u00e8fon i correu electr\u00f2nic.<\/li><li>Direcci\u00f3 (incloent poblaci\u00f3 i codi postal).<\/li><li>Tipus de material (incloent unitats, gruix, ample, alt i color si fos necessari).<\/li><li>Una descripci\u00f3 de la feina a fer en aquest proc\u00e9s, si necessites especificar m\u00e9s el tipus de tall o incloure arxius adjunts per poder ajustar el pressupost el m\u00e0xim possible a les seves necessitats.<\/li><\/ul><p>Si tota la informaci\u00f3 \u00e9s correcta, respondrem en 24\/48 hores adjuntant el full de comanda. Tingues en compte que al ser un pressupost a mesura que requereix un proc\u00e9s m\u00e9s gran que els est\u00e0ndards, el preu que oferim no es podran aplicar descomptes en l\u00ednia.<\/p>\t\t\t\t\t\t\t\t<\/div>\n\t\t\t\t<\/div>\n\t\t\t\t\t<\/div>\n\t\t<\/div>\n\t\t\t\t\t<\/div>\n\t\t<\/section>\n\t\t\t\t<\/div>\n\t\t","protected":false},"excerpt":{"rendered":"<p>Com Sol\u00b7licito Aplicar Un Pressupost A Professionals? En el cas de que cap producte est\u00e0ndard que oferim a la botiga s&#8217;ajusti a les teves necessitats, podem oferir-te un pressupost per professionals d&#8217;un dels materials que comercialitzem. Per aix\u00f2 envia&#8217;ns un correu electr\u00f2nic a info@plasticexpress.es amb la seg\u00fcent informaci\u00f3: En l&#8217;assumpte indica Pressupost per a professionals [&hellip;]<\/p>\n","protected":false},"author":3,"featured_media":5516,"parent":0,"menu_order":9,"comment_status":"closed","ping_status":"closed","template":"template-presupuesto.php","meta":{"_acf_changed":false,"footnotes":""},"class_list":["post-25412","page","type-page","status-publish","has-post-thumbnail","hentry"],"acf":[],"yoast_head":"<!-- This site is optimized with the Yoast SEO plugin v27.4 - https:\/\/yoast.com\/product\/yoast-seo-wordpress\/ -->\n<title>Pressupostos Per A Professionals - Plasticexpress<\/title>\n<meta name=\"description\" content=\"Com Sol\u00b7licito Aplicar Un Pressupost A Professionals? En el cas de que cap producte est\u00e0ndard que oferim a la botiga s&#039;ajusti a les teves necessitats,\" \/>\n<meta name=\"robots\" content=\"index, follow, max-snippet:-1, max-image-preview:large, max-video-preview:-1\" \/>\n<link rel=\"canonical\" href=\"https:\/\/plasticexpress.es\/ca\/pressupostos-per-a-professionals-newscat\/\" \/>\n<meta property=\"og:locale\" content=\"ca_ES\" \/>\n<meta property=\"og:type\" content=\"article\" \/>\n<meta property=\"og:title\" content=\"Pressupostos Per A Professionals - Plasticexpress\" \/>\n<meta property=\"og:description\" content=\"Com Sol\u00b7licito Aplicar Un Pressupost A Professionals? En el cas de que cap producte est\u00e0ndard que oferim a la botiga s&#039;ajusti a les teves necessitats,\" \/>\n<meta property=\"og:url\" content=\"https:\/\/plasticexpress.es\/ca\/pressupostos-per-a-professionals-newscat\/\" \/>\n<meta property=\"og:site_name\" content=\"Plasticexpress\" \/>\n<meta property=\"og:image\" content=\"https:\/\/plasticexpress.es\/wp-content\/uploads\/2021\/02\/Personas-arman-presupuesto.jpg\" \/>\n\t<meta property=\"og:image:width\" content=\"1921\" \/>\n\t<meta property=\"og:image:height\" content=\"1281\" \/>\n\t<meta property=\"og:image:type\" content=\"image\/jpeg\" \/>\n<meta name=\"twitter:card\" content=\"summary_large_image\" \/>\n<meta name=\"twitter:label1\" content=\"Temps estimat de lectura\" \/>\n\t<meta name=\"twitter:data1\" content=\"1 minut\" \/>\n<script type=\"application\/ld+json\" class=\"yoast-schema-graph\">{\"@context\":\"https:\\\/\\\/schema.org\",\"@graph\":[{\"@type\":\"WebPage\",\"@id\":\"https:\\\/\\\/plasticexpress.es\\\/ca\\\/pressupostos-per-a-professionals-newscat\\\/\",\"url\":\"https:\\\/\\\/plasticexpress.es\\\/ca\\\/pressupostos-per-a-professionals-newscat\\\/\",\"name\":\"Pressupostos Per A Professionals - Plasticexpress\",\"isPartOf\":{\"@id\":\"https:\\\/\\\/plasticexpress.es\\\/ca\\\/#website\"},\"primaryImageOfPage\":{\"@id\":\"https:\\\/\\\/plasticexpress.es\\\/ca\\\/pressupostos-per-a-professionals-newscat\\\/#primaryimage\"},\"image\":{\"@id\":\"https:\\\/\\\/plasticexpress.es\\\/ca\\\/pressupostos-per-a-professionals-newscat\\\/#primaryimage\"},\"thumbnailUrl\":\"https:\\\/\\\/plasticexpress.es\\\/wp-content\\\/uploads\\\/2021\\\/02\\\/Personas-arman-presupuesto.jpg\",\"datePublished\":\"2024-12-03T12:17:53+00:00\",\"description\":\"Com Sol\u00b7licito Aplicar Un Pressupost A Professionals? En el cas de que cap producte est\u00e0ndard que oferim a la botiga s'ajusti a les teves necessitats,\",\"breadcrumb\":{\"@id\":\"https:\\\/\\\/plasticexpress.es\\\/ca\\\/pressupostos-per-a-professionals-newscat\\\/#breadcrumb\"},\"inLanguage\":\"ca\",\"potentialAction\":[{\"@type\":\"ReadAction\",\"target\":[\"https:\\\/\\\/plasticexpress.es\\\/ca\\\/pressupostos-per-a-professionals-newscat\\\/\"]}]},{\"@type\":\"ImageObject\",\"inLanguage\":\"ca\",\"@id\":\"https:\\\/\\\/plasticexpress.es\\\/ca\\\/pressupostos-per-a-professionals-newscat\\\/#primaryimage\",\"url\":\"https:\\\/\\\/plasticexpress.es\\\/wp-content\\\/uploads\\\/2021\\\/02\\\/Personas-arman-presupuesto.jpg\",\"contentUrl\":\"https:\\\/\\\/plasticexpress.es\\\/wp-content\\\/uploads\\\/2021\\\/02\\\/Personas-arman-presupuesto.jpg\",\"width\":1921,\"height\":1281},{\"@type\":\"BreadcrumbList\",\"@id\":\"https:\\\/\\\/plasticexpress.es\\\/ca\\\/pressupostos-per-a-professionals-newscat\\\/#breadcrumb\",\"itemListElement\":[{\"@type\":\"ListItem\",\"position\":1,\"name\":\"Portada\",\"item\":\"https:\\\/\\\/plasticexpress.es\\\/ca\\\/\"},{\"@type\":\"ListItem\",\"position\":2,\"name\":\"Pressupostos Per A Professionals\"}]},{\"@type\":\"WebSite\",\"@id\":\"https:\\\/\\\/plasticexpress.es\\\/ca\\\/#website\",\"url\":\"https:\\\/\\\/plasticexpress.es\\\/ca\\\/\",\"name\":\"Plasticexpress\",\"description\":\"Venta de materiales y art\u00edculos de Metacrilato\",\"potentialAction\":[{\"@type\":\"SearchAction\",\"target\":{\"@type\":\"EntryPoint\",\"urlTemplate\":\"https:\\\/\\\/plasticexpress.es\\\/ca\\\/?s={search_term_string}\"},\"query-input\":{\"@type\":\"PropertyValueSpecification\",\"valueRequired\":true,\"valueName\":\"search_term_string\"}}],\"inLanguage\":\"ca\"}]}<\/script>\n<!-- \/ Yoast SEO plugin. -->","yoast_head_json":{"title":"Pressupostos Per A Professionals - Plasticexpress","description":"Com Sol\u00b7licito Aplicar Un Pressupost A Professionals? En el cas de que cap producte est\u00e0ndard que oferim a la botiga s'ajusti a les teves necessitats,","robots":{"index":"index","follow":"follow","max-snippet":"max-snippet:-1","max-image-preview":"max-image-preview:large","max-video-preview":"max-video-preview:-1"},"canonical":"https:\/\/plasticexpress.es\/ca\/pressupostos-per-a-professionals-newscat\/","og_locale":"ca_ES","og_type":"article","og_title":"Pressupostos Per A Professionals - Plasticexpress","og_description":"Com Sol\u00b7licito Aplicar Un Pressupost A Professionals? En el cas de que cap producte est\u00e0ndard que oferim a la botiga s'ajusti a les teves necessitats,","og_url":"https:\/\/plasticexpress.es\/ca\/pressupostos-per-a-professionals-newscat\/","og_site_name":"Plasticexpress","og_image":[{"width":1921,"height":1281,"url":"https:\/\/plasticexpress.es\/wp-content\/uploads\/2021\/02\/Personas-arman-presupuesto.jpg","type":"image\/jpeg"}],"twitter_card":"summary_large_image","twitter_misc":{"Temps estimat de lectura":"1 minut"},"schema":{"@context":"https:\/\/schema.org","@graph":[{"@type":"WebPage","@id":"https:\/\/plasticexpress.es\/ca\/pressupostos-per-a-professionals-newscat\/","url":"https:\/\/plasticexpress.es\/ca\/pressupostos-per-a-professionals-newscat\/","name":"Pressupostos Per A Professionals - Plasticexpress","isPartOf":{"@id":"https:\/\/plasticexpress.es\/ca\/#website"},"primaryImageOfPage":{"@id":"https:\/\/plasticexpress.es\/ca\/pressupostos-per-a-professionals-newscat\/#primaryimage"},"image":{"@id":"https:\/\/plasticexpress.es\/ca\/pressupostos-per-a-professionals-newscat\/#primaryimage"},"thumbnailUrl":"https:\/\/plasticexpress.es\/wp-content\/uploads\/2021\/02\/Personas-arman-presupuesto.jpg","datePublished":"2024-12-03T12:17:53+00:00","description":"Com Sol\u00b7licito Aplicar Un Pressupost A Professionals? En el cas de que cap producte est\u00e0ndard que oferim a la botiga s'ajusti a les teves necessitats,","breadcrumb":{"@id":"https:\/\/plasticexpress.es\/ca\/pressupostos-per-a-professionals-newscat\/#breadcrumb"},"inLanguage":"ca","potentialAction":[{"@type":"ReadAction","target":["https:\/\/plasticexpress.es\/ca\/pressupostos-per-a-professionals-newscat\/"]}]},{"@type":"ImageObject","inLanguage":"ca","@id":"https:\/\/plasticexpress.es\/ca\/pressupostos-per-a-professionals-newscat\/#primaryimage","url":"https:\/\/plasticexpress.es\/wp-content\/uploads\/2021\/02\/Personas-arman-presupuesto.jpg","contentUrl":"https:\/\/plasticexpress.es\/wp-content\/uploads\/2021\/02\/Personas-arman-presupuesto.jpg","width":1921,"height":1281},{"@type":"BreadcrumbList","@id":"https:\/\/plasticexpress.es\/ca\/pressupostos-per-a-professionals-newscat\/#breadcrumb","itemListElement":[{"@type":"ListItem","position":1,"name":"Portada","item":"https:\/\/plasticexpress.es\/ca\/"},{"@type":"ListItem","position":2,"name":"Pressupostos Per A Professionals"}]},{"@type":"WebSite","@id":"https:\/\/plasticexpress.es\/ca\/#website","url":"https:\/\/plasticexpress.es\/ca\/","name":"Plasticexpress","description":"Venta de materiales y art\u00edculos de Metacrilato","potentialAction":[{"@type":"SearchAction","target":{"@type":"EntryPoint","urlTemplate":"https:\/\/plasticexpress.es\/ca\/?s={search_term_string}"},"query-input":{"@type":"PropertyValueSpecification","valueRequired":true,"valueName":"search_term_string"}}],"inLanguage":"ca"}]}},"_links":{"self":[{"href":"https:\/\/plasticexpress.es\/ca\/wp-json\/wp\/v2\/pages\/25412","targetHints":{"allow":["GET"]}}],"collection":[{"href":"https:\/\/plasticexpress.es\/ca\/wp-json\/wp\/v2\/pages"}],"about":[{"href":"https:\/\/plasticexpress.es\/ca\/wp-json\/wp\/v2\/types\/page"}],"author":[{"embeddable":true,"href":"https:\/\/plasticexpress.es\/ca\/wp-json\/wp\/v2\/users\/3"}],"replies":[{"embeddable":true,"href":"https:\/\/plasticexpress.es\/ca\/wp-json\/wp\/v2\/comments?post=25412"}],"version-history":[{"count":1,"href":"https:\/\/plasticexpress.es\/ca\/wp-json\/wp\/v2\/pages\/25412\/revisions"}],"predecessor-version":[{"id":25416,"href":"https:\/\/plasticexpress.es\/ca\/wp-json\/wp\/v2\/pages\/25412\/revisions\/25416"}],"wp:featuredmedia":[{"embeddable":true,"href":"https:\/\/plasticexpress.es\/ca\/wp-json\/wp\/v2\/media\/5516"}],"wp:attachment":[{"href":"https:\/\/plasticexpress.es\/ca\/wp-json\/wp\/v2\/media?parent=25412"}],"curies":[{"name":"wp","href":"https:\/\/api.w.org\/{rel}","templated":true}]}}