

{"id":5986,"date":"2021-03-27T04:16:02","date_gmt":"2021-03-27T03:16:02","guid":{"rendered":"https:\/\/plasticexpress.es\/pressupostos-a-mida\/"},"modified":"2022-12-01T13:52:23","modified_gmt":"2022-12-01T12:52:23","slug":"pressupostos-a-mida","status":"publish","type":"page","link":"https:\/\/plasticexpress.es\/ca\/procesos-de-manufactura-de-materials-plastics\/pressupostos-a-mida\/","title":{"rendered":"Pressuposts a mida"},"content":{"rendered":"<h2><strong>Com Sol\u00b7Licito Aplicar Un Pressupost A Mida?<\/strong><\/h2>\n<p>En el cas que cap producte est\u00e0ndard que oferim a la botiga s&#8217;ajusti a les teves necessitats. Podem oferir-te un pressupost a mida d&#8217;un material dels que comercialitzem. Per a aix\u00f2, envia&#8217;ns un correu a l&#8217;email <a href=\"mailto:infoweb@plasticexpress.es\">infoweb@plasticexpress.es<\/a> amb la seg\u00fcent informaci\u00f3:<\/p>\n<p>En l&#8217;assumpte indica Pressupost a mida + el material interessat, per exemple, pressupost a mida metacrilat. En el text indicar les dades necess\u00e0ries per poder realitzar el full de comanda:<\/p>\n<ul>\n<li>Nom i cognoms o Empresa.<\/li>\n<li>DNI o CIF.<\/li>\n<li>Tel\u00e8fon i correu electr\u00f2nic.<\/li>\n<li>Direcci\u00f3 (incloent-hi poblaci\u00f3 i codi postal).<\/li>\n<li>Tipus de material (incloent-hi unitats, gruix, ample, alt i color si fos necessari).<\/li>\n<li>Una descripci\u00f3 de la feina a fer en aquest proc\u00e9s, si necessites especificar m\u00e9s el tipus de tall o incloure arxius adjunts per poder ajustar el pressupost el m\u00e0xim possible a les seves necessitats.<\/li>\n<\/ul>\n<p>Si tota la informaci\u00f3 \u00e9s correcta, respondrem en 24\/48 hores adjuntant el full de comanda. Tingues en compte que a l&#8217;\u00e9sser un pressupost a mesura que requereix un proc\u00e9s m\u00e9s gran que els est\u00e0ndards, el preu que oferim no gaudir\u00e0 dels descomptes en l\u00ednia.<\/p>\n","protected":false},"excerpt":{"rendered":"<p>Com Sol\u00b7Licito Aplicar Un Pressupost A Mida? En el cas que cap producte est\u00e0ndard que oferim a la botiga s&#8217;ajusti a les teves necessitats. Podem oferir-te un pressupost a mida d&#8217;un material dels que comercialitzem. Per a aix\u00f2, envia&#8217;ns un correu a l&#8217;email infoweb@plasticexpress.es amb la seg\u00fcent informaci\u00f3: En l&#8217;assumpte indica Pressupost a mida + [&hellip;]<\/p>\n","protected":false},"author":3,"featured_media":5518,"parent":6003,"menu_order":8,"comment_status":"closed","ping_status":"closed","template":"template-presupuesto.php","meta":{"_acf_changed":false,"footnotes":""},"class_list":["post-5986","page","type-page","status-publish","has-post-thumbnail","hentry"],"acf":[],"yoast_head":"<!-- This site is optimized with the Yoast SEO plugin v27.2 - https:\/\/yoast.com\/product\/yoast-seo-wordpress\/ -->\n<title>Pressuposts a mida - Plasticexpress<\/title>\n<meta name=\"description\" content=\"Com Sol\u00b7Licito Aplicar Un Pressupost A Mida? En el cas que cap producte est\u00e0ndard que oferim a la botiga s&#039;ajusti a les teves necessitats. Podem oferir-te\" \/>\n<meta name=\"robots\" content=\"index, follow, max-snippet:-1, max-image-preview:large, max-video-preview:-1\" \/>\n<link rel=\"canonical\" href=\"https:\/\/plasticexpress.es\/ca\/procesos-de-manufactura-de-materials-plastics\/pressupostos-a-mida\/\" \/>\n<meta property=\"og:locale\" content=\"ca_ES\" \/>\n<meta property=\"og:type\" content=\"article\" \/>\n<meta property=\"og:title\" content=\"Pressuposts a mida - Plasticexpress\" \/>\n<meta property=\"og:description\" content=\"Com Sol\u00b7Licito Aplicar Un Pressupost A Mida? En el cas que cap producte est\u00e0ndard que oferim a la botiga s&#039;ajusti a les teves necessitats. Podem oferir-te\" \/>\n<meta property=\"og:url\" content=\"https:\/\/plasticexpress.es\/ca\/procesos-de-manufactura-de-materials-plastics\/pressupostos-a-mida\/\" \/>\n<meta property=\"og:site_name\" content=\"Plasticexpress\" \/>\n<meta property=\"article:modified_time\" content=\"2022-12-01T12:52:23+00:00\" \/>\n<meta property=\"og:image\" content=\"https:\/\/plasticexpress.es\/wp-content\/uploads\/2021\/02\/presupuesto-maestro-empresas.jpg\" \/>\n\t<meta property=\"og:image:width\" content=\"1200\" \/>\n\t<meta property=\"og:image:height\" content=\"800\" \/>\n\t<meta property=\"og:image:type\" content=\"image\/jpeg\" \/>\n<meta name=\"twitter:card\" content=\"summary_large_image\" \/>\n<meta name=\"twitter:label1\" content=\"Temps estimat de lectura\" \/>\n\t<meta name=\"twitter:data1\" content=\"1 minut\" \/>\n<script type=\"application\/ld+json\" class=\"yoast-schema-graph\">{\"@context\":\"https:\/\/schema.org\",\"@graph\":[{\"@type\":\"WebPage\",\"@id\":\"https:\/\/plasticexpress.es\/ca\/procesos-de-manufactura-de-materials-plastics\/pressupostos-a-mida\/\",\"url\":\"https:\/\/plasticexpress.es\/ca\/procesos-de-manufactura-de-materials-plastics\/pressupostos-a-mida\/\",\"name\":\"Pressuposts a mida - Plasticexpress\",\"isPartOf\":{\"@id\":\"https:\/\/plasticexpress.es\/ca\/#website\"},\"primaryImageOfPage\":{\"@id\":\"https:\/\/plasticexpress.es\/ca\/procesos-de-manufactura-de-materials-plastics\/pressupostos-a-mida\/#primaryimage\"},\"image\":{\"@id\":\"https:\/\/plasticexpress.es\/ca\/procesos-de-manufactura-de-materials-plastics\/pressupostos-a-mida\/#primaryimage\"},\"thumbnailUrl\":\"https:\/\/plasticexpress.es\/wp-content\/uploads\/2021\/02\/presupuesto-maestro-empresas.jpg\",\"datePublished\":\"2021-03-27T03:16:02+00:00\",\"dateModified\":\"2022-12-01T12:52:23+00:00\",\"description\":\"Com Sol\u00b7Licito Aplicar Un Pressupost A Mida? En el cas que cap producte est\u00e0ndard que oferim a la botiga s'ajusti a les teves necessitats. Podem oferir-te\",\"breadcrumb\":{\"@id\":\"https:\/\/plasticexpress.es\/ca\/procesos-de-manufactura-de-materials-plastics\/pressupostos-a-mida\/#breadcrumb\"},\"inLanguage\":\"ca\",\"potentialAction\":[{\"@type\":\"ReadAction\",\"target\":[\"https:\/\/plasticexpress.es\/ca\/procesos-de-manufactura-de-materials-plastics\/pressupostos-a-mida\/\"]}]},{\"@type\":\"ImageObject\",\"inLanguage\":\"ca\",\"@id\":\"https:\/\/plasticexpress.es\/ca\/procesos-de-manufactura-de-materials-plastics\/pressupostos-a-mida\/#primaryimage\",\"url\":\"https:\/\/plasticexpress.es\/wp-content\/uploads\/2021\/02\/presupuesto-maestro-empresas.jpg\",\"contentUrl\":\"https:\/\/plasticexpress.es\/wp-content\/uploads\/2021\/02\/presupuesto-maestro-empresas.jpg\",\"width\":1200,\"height\":800},{\"@type\":\"BreadcrumbList\",\"@id\":\"https:\/\/plasticexpress.es\/ca\/procesos-de-manufactura-de-materials-plastics\/pressupostos-a-mida\/#breadcrumb\",\"itemListElement\":[{\"@type\":\"ListItem\",\"position\":1,\"name\":\"Portada\",\"item\":\"https:\/\/plasticexpress.es\/ca\/\"},{\"@type\":\"ListItem\",\"position\":2,\"name\":\"Procesos\",\"item\":\"https:\/\/plasticexpress.es\/ca\/procesos-de-manufactura-de-materials-plastics\/\"},{\"@type\":\"ListItem\",\"position\":3,\"name\":\"Pressuposts a mida\"}]},{\"@type\":\"WebSite\",\"@id\":\"https:\/\/plasticexpress.es\/ca\/#website\",\"url\":\"https:\/\/plasticexpress.es\/ca\/\",\"name\":\"Plasticexpress\",\"description\":\"Venta de materiales y art\u00edculos de Metacrilato\",\"potentialAction\":[{\"@type\":\"SearchAction\",\"target\":{\"@type\":\"EntryPoint\",\"urlTemplate\":\"https:\/\/plasticexpress.es\/ca\/?s={search_term_string}\"},\"query-input\":{\"@type\":\"PropertyValueSpecification\",\"valueRequired\":true,\"valueName\":\"search_term_string\"}}],\"inLanguage\":\"ca\"}]}<\/script>\n<!-- \/ Yoast SEO plugin. -->","yoast_head_json":{"title":"Pressuposts a mida - Plasticexpress","description":"Com Sol\u00b7Licito Aplicar Un Pressupost A Mida? En el cas que cap producte est\u00e0ndard que oferim a la botiga s'ajusti a les teves necessitats. Podem oferir-te","robots":{"index":"index","follow":"follow","max-snippet":"max-snippet:-1","max-image-preview":"max-image-preview:large","max-video-preview":"max-video-preview:-1"},"canonical":"https:\/\/plasticexpress.es\/ca\/procesos-de-manufactura-de-materials-plastics\/pressupostos-a-mida\/","og_locale":"ca_ES","og_type":"article","og_title":"Pressuposts a mida - Plasticexpress","og_description":"Com Sol\u00b7Licito Aplicar Un Pressupost A Mida? En el cas que cap producte est\u00e0ndard que oferim a la botiga s'ajusti a les teves necessitats. Podem oferir-te","og_url":"https:\/\/plasticexpress.es\/ca\/procesos-de-manufactura-de-materials-plastics\/pressupostos-a-mida\/","og_site_name":"Plasticexpress","article_modified_time":"2022-12-01T12:52:23+00:00","og_image":[{"width":1200,"height":800,"url":"https:\/\/plasticexpress.es\/wp-content\/uploads\/2021\/02\/presupuesto-maestro-empresas.jpg","type":"image\/jpeg"}],"twitter_card":"summary_large_image","twitter_misc":{"Temps estimat de lectura":"1 minut"},"schema":{"@context":"https:\/\/schema.org","@graph":[{"@type":"WebPage","@id":"https:\/\/plasticexpress.es\/ca\/procesos-de-manufactura-de-materials-plastics\/pressupostos-a-mida\/","url":"https:\/\/plasticexpress.es\/ca\/procesos-de-manufactura-de-materials-plastics\/pressupostos-a-mida\/","name":"Pressuposts a mida - Plasticexpress","isPartOf":{"@id":"https:\/\/plasticexpress.es\/ca\/#website"},"primaryImageOfPage":{"@id":"https:\/\/plasticexpress.es\/ca\/procesos-de-manufactura-de-materials-plastics\/pressupostos-a-mida\/#primaryimage"},"image":{"@id":"https:\/\/plasticexpress.es\/ca\/procesos-de-manufactura-de-materials-plastics\/pressupostos-a-mida\/#primaryimage"},"thumbnailUrl":"https:\/\/plasticexpress.es\/wp-content\/uploads\/2021\/02\/presupuesto-maestro-empresas.jpg","datePublished":"2021-03-27T03:16:02+00:00","dateModified":"2022-12-01T12:52:23+00:00","description":"Com Sol\u00b7Licito Aplicar Un Pressupost A Mida? En el cas que cap producte est\u00e0ndard que oferim a la botiga s'ajusti a les teves necessitats. Podem oferir-te","breadcrumb":{"@id":"https:\/\/plasticexpress.es\/ca\/procesos-de-manufactura-de-materials-plastics\/pressupostos-a-mida\/#breadcrumb"},"inLanguage":"ca","potentialAction":[{"@type":"ReadAction","target":["https:\/\/plasticexpress.es\/ca\/procesos-de-manufactura-de-materials-plastics\/pressupostos-a-mida\/"]}]},{"@type":"ImageObject","inLanguage":"ca","@id":"https:\/\/plasticexpress.es\/ca\/procesos-de-manufactura-de-materials-plastics\/pressupostos-a-mida\/#primaryimage","url":"https:\/\/plasticexpress.es\/wp-content\/uploads\/2021\/02\/presupuesto-maestro-empresas.jpg","contentUrl":"https:\/\/plasticexpress.es\/wp-content\/uploads\/2021\/02\/presupuesto-maestro-empresas.jpg","width":1200,"height":800},{"@type":"BreadcrumbList","@id":"https:\/\/plasticexpress.es\/ca\/procesos-de-manufactura-de-materials-plastics\/pressupostos-a-mida\/#breadcrumb","itemListElement":[{"@type":"ListItem","position":1,"name":"Portada","item":"https:\/\/plasticexpress.es\/ca\/"},{"@type":"ListItem","position":2,"name":"Procesos","item":"https:\/\/plasticexpress.es\/ca\/procesos-de-manufactura-de-materials-plastics\/"},{"@type":"ListItem","position":3,"name":"Pressuposts a mida"}]},{"@type":"WebSite","@id":"https:\/\/plasticexpress.es\/ca\/#website","url":"https:\/\/plasticexpress.es\/ca\/","name":"Plasticexpress","description":"Venta de materiales y art\u00edculos de Metacrilato","potentialAction":[{"@type":"SearchAction","target":{"@type":"EntryPoint","urlTemplate":"https:\/\/plasticexpress.es\/ca\/?s={search_term_string}"},"query-input":{"@type":"PropertyValueSpecification","valueRequired":true,"valueName":"search_term_string"}}],"inLanguage":"ca"}]}},"_links":{"self":[{"href":"https:\/\/plasticexpress.es\/ca\/wp-json\/wp\/v2\/pages\/5986","targetHints":{"allow":["GET"]}}],"collection":[{"href":"https:\/\/plasticexpress.es\/ca\/wp-json\/wp\/v2\/pages"}],"about":[{"href":"https:\/\/plasticexpress.es\/ca\/wp-json\/wp\/v2\/types\/page"}],"author":[{"embeddable":true,"href":"https:\/\/plasticexpress.es\/ca\/wp-json\/wp\/v2\/users\/3"}],"replies":[{"embeddable":true,"href":"https:\/\/plasticexpress.es\/ca\/wp-json\/wp\/v2\/comments?post=5986"}],"version-history":[{"count":6,"href":"https:\/\/plasticexpress.es\/ca\/wp-json\/wp\/v2\/pages\/5986\/revisions"}],"predecessor-version":[{"id":17831,"href":"https:\/\/plasticexpress.es\/ca\/wp-json\/wp\/v2\/pages\/5986\/revisions\/17831"}],"up":[{"embeddable":true,"href":"https:\/\/plasticexpress.es\/ca\/wp-json\/wp\/v2\/pages\/6003"}],"wp:featuredmedia":[{"embeddable":true,"href":"https:\/\/plasticexpress.es\/ca\/wp-json\/wp\/v2\/media\/5518"}],"wp:attachment":[{"href":"https:\/\/plasticexpress.es\/ca\/wp-json\/wp\/v2\/media?parent=5986"}],"curies":[{"name":"wp","href":"https:\/\/api.w.org\/{rel}","templated":true}]}}