

{"id":6005,"date":"2021-04-05T16:46:18","date_gmt":"2021-04-05T15:46:18","guid":{"rendered":"https:\/\/plasticexpress.es\/?page_id=6005"},"modified":"2022-04-22T10:30:04","modified_gmt":"2022-04-22T09:30:04","slug":"mecanitzat-per-cnc","status":"publish","type":"page","link":"https:\/\/plasticexpress.es\/ca\/procesos-de-manufactura-de-materials-plastics\/mecanitzat-per-cnc\/","title":{"rendered":"Mecanitzat per CNC"},"content":{"rendered":"<p>Emprant la tecnologia d&#8217;\u00faltima generaci\u00f3, a <a href=\"https:\/\/plasticexpress.es\/ca\/\">Plastic Express<\/a> hem desenvolupat el sistema de <b>mecanitzat CNC<\/b>. \u00c9s ideal per a tractar els pl\u00e0stics de manera autom\u00e0tica i aconseguir els objectius particulars que cadascun dels nostres clients necessita.<\/p>\n<p>&nbsp;<\/p>\n<h2>Qu\u00e8 \u00e9s el mecanitzat CNC?<\/h2>\n<p>&nbsp;<\/p>\n<p>Els diferents <a href=\"https:\/\/plasticexpress.es\/ca\/procesos\/\"><b>processos mecanitzats<\/b><\/a> s&#8217;han convertit en una eina imprescindible per a treballar els materials, com el pl\u00e0stic. Aquesta t\u00e8cnica ens permet realitzar un proc\u00e9s molt m\u00e9s prec\u00eds d&#8217;una manera r\u00e0pida i autom\u00e0tica, reduint els costos de fabricaci\u00f3.<\/p>\n<p>&nbsp;<\/p>\n<p>El<b> CNC \u00e9s el proc\u00e9s de manufactura <\/b>que s&#8217;utilitza per a mecanitzar m\u00e0quines com a torns o fresadores, de manera que podem obtenir productes en s\u00e8rie i totalment personalitzats per a cada client.<\/p>\n<p>&nbsp;<\/p>\n<p>Es tracta de dissenyar un conjunt d&#8217;ordres i deixar-les gravades en les eines intel\u00b7ligents. Aix\u00f2 far\u00e0 que la m\u00e0quina conegui la posici\u00f3 del material, la rotaci\u00f3 que ha de fer, per on ha d&#8217;efectuar el tallat, etc. i tot aix\u00f2 en un ordre concret. Aix\u00ed es poden <b>fabricar peces mecanitzades<\/b> en un curt per\u00edode de temps i de manera que totes s\u00f3n exactament iguals.<\/p>\n<p>&nbsp;<\/p>\n<p>Amb el mecanitzat CNC aconseguim fer <b>talls a mida, gravats en el material<\/b>, esquerdes, canals o caixeres en qualsevol dels materials que comercialitzem.<\/p>\n<p>&nbsp;<\/p>\n<p>Els principals avantatges que pots obtenir si tries el mecanitzat CNC per a dur a terme els teus projectes s\u00f3n les seg\u00fcents:<\/p>\n<p>&nbsp;<\/p>\n<ul>\n<li aria-level=\"1\">Talls a mida.<\/li>\n<li aria-level=\"1\">Precisi\u00f3 en la l\u00ednia de qualsevol figura personalitzada.<\/li>\n<li aria-level=\"1\">Possibilitat d&#8217;obtenir qualsevol quantitat de peces id\u00e8ntiques.<\/li>\n<li aria-level=\"1\">Treball en redu\u00efts terminis de temps.<\/li>\n<\/ul>\n<p>&nbsp;<\/p>\n<h2>Quins materials es poden mecanitzar amb torn CNC?<\/h2>\n<p>El proc\u00e9s de mecanitzat al voltant CNC<b> no produeix altes temperatures<\/b> en la superf\u00edcie dels materials, com \u00e9s el cas d&#8217;altres t\u00e8cniques com el <a href=\"https:\/\/plasticexpress.es\/ca\/procesos\/embossat-amb-embotit-de-materials-plastics\/\"><b>termoformat i embotit de materials pl\u00e0stics<\/b><\/a>. Aix\u00f2 permet el treball sobre pr\u00e0cticament qualsevol material:<\/p>\n<p>&nbsp;<\/p>\n<ul>\n<li aria-level=\"1\">Aliatges en alumini<\/li>\n<li aria-level=\"1\">Acers aliats<\/li>\n<li aria-level=\"1\">Acers inoxidables<\/li>\n<li aria-level=\"1\">Pl\u00e0stics<\/li>\n<li aria-level=\"1\">Metalls suaus<\/li>\n<\/ul>\n<p>&nbsp;<\/p>\n<p>En el cas dels pl\u00e0stics, que s\u00f3n els que comercialitzem a Plastic Express, s&#8217;han de triar aquells que tinguin propietats com l\u2019<b>alta tenacitat, rigidesa o bona abrasi\u00f3<\/b>. Aquest \u00e9s el cas del Nil\u00f3 o del Delrin, tamb\u00e9 caracteritzat per ser bastant r\u00edgid, a\u00efllador el\u00e8ctric i el\u00e0stic.<\/p>\n<p>&nbsp;<\/p>\n<p>A m\u00e9s, el <b>metacrilat<\/b> tamb\u00e9 \u00e9s un dels materials m\u00e9s demandat pels usuaris. <b>Mecanitzar metacrilat<\/b> t&#8217;assegura que tindr\u00e0s peces exactament iguals per a comercialitzar o utilitzar en el teu projecte. A m\u00e9s, aquestes peces t&#8217;asseguraran un bon a\u00efllament t\u00e8rmic i ac\u00fastic, una bona rigidesa, resist\u00e8ncia tant en exteriors com en interiors, elasticitat per a treballar amb ell, etc.<\/p>\n<p>&nbsp;<\/p>\n<h2>Per a qu\u00e8 serveix el mecanitzat CNC?<\/h2>\n<p>El mecanitzat per CNC et permet fer pr\u00e0cticament tot el que abans es feia manualment, per\u00f2 d&#8217;una manera molt m\u00e9s professional i amb uns <b>acabats excel\u00b7lents<\/b>. Emprar el proc\u00e9s de CNC pot tenir totes aquestes aplicacions en l&#8217;\u00e0mbit professional o particular:<\/p>\n<p>&nbsp;<\/p>\n<ul>\n<li aria-level=\"1\">Tall a mida<\/li>\n<li aria-level=\"1\">Tall de qualsevol pe\u00e7a en forma plana<\/li>\n<li aria-level=\"1\">Gravat<\/li>\n<li aria-level=\"1\">Esquerdes, canals o caixeres<\/li>\n<li aria-level=\"1\">Lletres corp\u00f2ries<\/li>\n<li aria-level=\"1\">R\u00e8tols<\/li>\n<li aria-level=\"1\">Plaques<\/li>\n<li aria-level=\"1\">Expositors<\/li>\n<li aria-level=\"1\">Trofeus<\/li>\n<li aria-level=\"1\">Cartelleria<\/li>\n<li aria-level=\"1\">Decoraci\u00f3<\/li>\n<li aria-level=\"1\">Articles de metacrilat<\/li>\n<li aria-level=\"1\">Metacrilat a mida<\/li>\n<\/ul>\n<p>&nbsp;<\/p>\n<p>A m\u00e9s, t\u00e9 uns certs beneficis, tant per al client com per a l&#8217;empresa, a difer\u00e8ncia dels processos de manufactura que s&#8217;han utilitzat tota la vida per a treballar amb els pl\u00e0stics:<\/p>\n<p>&nbsp;<\/p>\n<ul>\n<li aria-level=\"1\">\u00c9s un proc\u00e9s molt <b>m\u00e9s productiu<\/b>, ja que les m\u00e0quines poden treballar durant les 24 hores.<\/li>\n<\/ul>\n<p>&nbsp;<\/p>\n<ul>\n<li aria-level=\"1\">S\u00f3n molt <b>m\u00e9s precises<\/b> que la m\u00e0 humana, podent aconseguir dues, deu, cent o milers de peces exactament id\u00e8ntiques.<\/li>\n<\/ul>\n<p>&nbsp;<\/p>\n<ul>\n<li aria-level=\"1\">Es poden <b>actualitzar f\u00e0cilment<\/b> en cas que hi hagi algun canvi en el prototip. No costar\u00e0 uns diners extra fer canvis a meitat de la producci\u00f3.<\/li>\n<\/ul>\n<p>&nbsp;<\/p>\n<ul>\n<li aria-level=\"1\"><b>Evita accidents laborals<\/b>, ja que l&#8217;operari t\u00e9 molt poca interacci\u00f3 amb la m\u00e0quina durant tot el proc\u00e9s.<\/li>\n<\/ul>\n<p>&nbsp;<\/p>\n<h2>Mecanitzar metacrilat i altres pl\u00e0stics a Plastic Express<\/h2>\n<p>A Plastic Express comptem amb un <b>equip de professionals que t&#8217;assessoraran des del primer moment<\/b> perqu\u00e8 trobis el material i el proc\u00e9s que m\u00e9s s&#8217;adequa al teu projecte. En cas que necessitis les peces per mecanitzat CNC, et recomanarem quina \u00e9s la millor manera de fer-ho, perqu\u00e8 puguis arribar a executar les teves idees.<\/p>\n<p>&nbsp;<\/p>\n<p>El mecanitzat CNC \u00e9s un <b>proc\u00e9s totalment personalitzat <\/b>per a cada client. Per aix\u00f2, abans de posar-nos a treballar, hem de crear un pressupost adaptat a les teves necessitats.<\/p>\n<p>&nbsp;<\/p>\n<p>Si est\u00e0s interessat a comen\u00e7ar el proc\u00e9s i rebre el pressupost ajustat, haur\u00e0s d&#8217;escriure&#8217;ns al nostre correu electr\u00f2nic <a href=\"mailto:info@plasticexpress.es\">info@plasticexpress.es<\/a>. En l&#8217;assumpte haur\u00e0s d&#8217;indicar el <b>tipus de proc\u00e9s<\/b> en el qual est\u00e0s interessat, en aquest cas \u201cMecanitzat CNC\u201d i en el cos de l&#8217;email, explicar-nos una mica quina \u00e9s la teva idea.<\/p>\n<p>&nbsp;<\/p>\n<p>Quan rebem el correu, el nostre equip es posar\u00e0 a treballar per a donar-te la millor soluci\u00f3 i aix\u00ed dur a terme els teus objectius. Recorda que si ets un<b> professional de la ind\u00fastria <\/b>pots obtenir descomptes especials accedint al formulari de pressupostos per a professionals.<\/p>\n<p>&nbsp;<\/p>\n<p>El nostre principal objectiu a Plastic Express \u00e9s donar la millor soluci\u00f3 a cadascun dels nostres clients, perqu\u00e8 puguin<b> fer realitat els projectes<\/b> que tenen al cap. No dubtis a contactar amb nosaltres si tens qualsevol dubte sobre el mecanitzat CNC i estarem disponibles per a atendre&#8217;t.<\/p>\n","protected":false},"excerpt":{"rendered":"<p>Emprant la tecnologia d&#8217;\u00faltima generaci\u00f3, a Plastic Express hem desenvolupat el sistema de mecanitzat CNC. \u00c9s ideal per a tractar els pl\u00e0stics de manera autom\u00e0tica i aconseguir els objectius particulars que cadascun dels nostres clients necessita. &nbsp; Qu\u00e8 \u00e9s el mecanitzat CNC? &nbsp; Els diferents processos mecanitzats s&#8217;han convertit en una eina imprescindible per a [&hellip;]<\/p>\n","protected":false},"author":3,"featured_media":5524,"parent":6003,"menu_order":2,"comment_status":"closed","ping_status":"closed","template":"","meta":{"_acf_changed":false,"footnotes":""},"class_list":["post-6005","page","type-page","status-publish","has-post-thumbnail","hentry"],"acf":[],"yoast_head":"<!-- This site is optimized with the Yoast SEO plugin v27.4 - https:\/\/yoast.com\/product\/yoast-seo-wordpress\/ -->\n<title>Mecanitzat per CNC | PlasticExpress<\/title>\n<meta name=\"description\" content=\"El mecanitzat per CNC en una t\u00e8cnica per tallar i gravar. Es tracta d&#039;un dispositiu que fa servir una fresadora per executar talls a mida o gravats.\" \/>\n<meta name=\"robots\" content=\"index, follow, max-snippet:-1, max-image-preview:large, max-video-preview:-1\" \/>\n<link rel=\"canonical\" href=\"https:\/\/plasticexpress.es\/ca\/procesos-de-manufactura-de-materials-plastics\/mecanitzat-per-cnc\/\" \/>\n<meta property=\"og:locale\" content=\"ca_ES\" \/>\n<meta property=\"og:type\" content=\"article\" \/>\n<meta property=\"og:title\" content=\"Mecanitzat per CNC | PlasticExpress\" \/>\n<meta property=\"og:description\" content=\"El mecanitzat per CNC en una t\u00e8cnica per tallar i gravar. Es tracta d&#039;un dispositiu que fa servir una fresadora per executar talls a mida o gravats.\" \/>\n<meta property=\"og:url\" content=\"https:\/\/plasticexpress.es\/ca\/procesos-de-manufactura-de-materials-plastics\/mecanitzat-per-cnc\/\" \/>\n<meta property=\"og:site_name\" content=\"Plasticexpress\" \/>\n<meta property=\"article:modified_time\" content=\"2022-04-22T09:30:04+00:00\" \/>\n<meta property=\"og:image\" content=\"https:\/\/plasticexpress.es\/wp-content\/uploads\/2021\/02\/CNC3.jpg\" \/>\n\t<meta property=\"og:image:width\" content=\"1280\" \/>\n\t<meta property=\"og:image:height\" content=\"720\" \/>\n\t<meta property=\"og:image:type\" content=\"image\/jpeg\" \/>\n<meta name=\"twitter:card\" content=\"summary_large_image\" \/>\n<meta name=\"twitter:label1\" content=\"Temps estimat de lectura\" \/>\n\t<meta name=\"twitter:data1\" content=\"5 minuts\" \/>\n<script type=\"application\/ld+json\" class=\"yoast-schema-graph\">{\"@context\":\"https:\\\/\\\/schema.org\",\"@graph\":[{\"@type\":\"WebPage\",\"@id\":\"https:\\\/\\\/plasticexpress.es\\\/ca\\\/procesos-de-manufactura-de-materials-plastics\\\/mecanitzat-per-cnc\\\/\",\"url\":\"https:\\\/\\\/plasticexpress.es\\\/ca\\\/procesos-de-manufactura-de-materials-plastics\\\/mecanitzat-per-cnc\\\/\",\"name\":\"Mecanitzat per CNC | PlasticExpress\",\"isPartOf\":{\"@id\":\"https:\\\/\\\/plasticexpress.es\\\/ca\\\/#website\"},\"primaryImageOfPage\":{\"@id\":\"https:\\\/\\\/plasticexpress.es\\\/ca\\\/procesos-de-manufactura-de-materials-plastics\\\/mecanitzat-per-cnc\\\/#primaryimage\"},\"image\":{\"@id\":\"https:\\\/\\\/plasticexpress.es\\\/ca\\\/procesos-de-manufactura-de-materials-plastics\\\/mecanitzat-per-cnc\\\/#primaryimage\"},\"thumbnailUrl\":\"https:\\\/\\\/plasticexpress.es\\\/wp-content\\\/uploads\\\/2021\\\/02\\\/CNC3.jpg\",\"datePublished\":\"2021-04-05T15:46:18+00:00\",\"dateModified\":\"2022-04-22T09:30:04+00:00\",\"description\":\"El mecanitzat per CNC en una t\u00e8cnica per tallar i gravar. Es tracta d'un dispositiu que fa servir una fresadora per executar talls a mida o gravats.\",\"breadcrumb\":{\"@id\":\"https:\\\/\\\/plasticexpress.es\\\/ca\\\/procesos-de-manufactura-de-materials-plastics\\\/mecanitzat-per-cnc\\\/#breadcrumb\"},\"inLanguage\":\"ca\",\"potentialAction\":[{\"@type\":\"ReadAction\",\"target\":[\"https:\\\/\\\/plasticexpress.es\\\/ca\\\/procesos-de-manufactura-de-materials-plastics\\\/mecanitzat-per-cnc\\\/\"]}]},{\"@type\":\"ImageObject\",\"inLanguage\":\"ca\",\"@id\":\"https:\\\/\\\/plasticexpress.es\\\/ca\\\/procesos-de-manufactura-de-materials-plastics\\\/mecanitzat-per-cnc\\\/#primaryimage\",\"url\":\"https:\\\/\\\/plasticexpress.es\\\/wp-content\\\/uploads\\\/2021\\\/02\\\/CNC3.jpg\",\"contentUrl\":\"https:\\\/\\\/plasticexpress.es\\\/wp-content\\\/uploads\\\/2021\\\/02\\\/CNC3.jpg\",\"width\":1280,\"height\":720},{\"@type\":\"BreadcrumbList\",\"@id\":\"https:\\\/\\\/plasticexpress.es\\\/ca\\\/procesos-de-manufactura-de-materials-plastics\\\/mecanitzat-per-cnc\\\/#breadcrumb\",\"itemListElement\":[{\"@type\":\"ListItem\",\"position\":1,\"name\":\"Portada\",\"item\":\"https:\\\/\\\/plasticexpress.es\\\/ca\\\/\"},{\"@type\":\"ListItem\",\"position\":2,\"name\":\"Procesos\",\"item\":\"https:\\\/\\\/plasticexpress.es\\\/ca\\\/procesos-de-manufactura-de-materials-plastics\\\/\"},{\"@type\":\"ListItem\",\"position\":3,\"name\":\"Mecanitzat per CNC\"}]},{\"@type\":\"WebSite\",\"@id\":\"https:\\\/\\\/plasticexpress.es\\\/ca\\\/#website\",\"url\":\"https:\\\/\\\/plasticexpress.es\\\/ca\\\/\",\"name\":\"Plasticexpress\",\"description\":\"Venta de materiales y art\u00edculos de Metacrilato\",\"potentialAction\":[{\"@type\":\"SearchAction\",\"target\":{\"@type\":\"EntryPoint\",\"urlTemplate\":\"https:\\\/\\\/plasticexpress.es\\\/ca\\\/?s={search_term_string}\"},\"query-input\":{\"@type\":\"PropertyValueSpecification\",\"valueRequired\":true,\"valueName\":\"search_term_string\"}}],\"inLanguage\":\"ca\"}]}<\/script>\n<!-- \/ Yoast SEO plugin. -->","yoast_head_json":{"title":"Mecanitzat per CNC | PlasticExpress","description":"El mecanitzat per CNC en una t\u00e8cnica per tallar i gravar. Es tracta d'un dispositiu que fa servir una fresadora per executar talls a mida o gravats.","robots":{"index":"index","follow":"follow","max-snippet":"max-snippet:-1","max-image-preview":"max-image-preview:large","max-video-preview":"max-video-preview:-1"},"canonical":"https:\/\/plasticexpress.es\/ca\/procesos-de-manufactura-de-materials-plastics\/mecanitzat-per-cnc\/","og_locale":"ca_ES","og_type":"article","og_title":"Mecanitzat per CNC | PlasticExpress","og_description":"El mecanitzat per CNC en una t\u00e8cnica per tallar i gravar. Es tracta d'un dispositiu que fa servir una fresadora per executar talls a mida o gravats.","og_url":"https:\/\/plasticexpress.es\/ca\/procesos-de-manufactura-de-materials-plastics\/mecanitzat-per-cnc\/","og_site_name":"Plasticexpress","article_modified_time":"2022-04-22T09:30:04+00:00","og_image":[{"width":1280,"height":720,"url":"https:\/\/plasticexpress.es\/wp-content\/uploads\/2021\/02\/CNC3.jpg","type":"image\/jpeg"}],"twitter_card":"summary_large_image","twitter_misc":{"Temps estimat de lectura":"5 minuts"},"schema":{"@context":"https:\/\/schema.org","@graph":[{"@type":"WebPage","@id":"https:\/\/plasticexpress.es\/ca\/procesos-de-manufactura-de-materials-plastics\/mecanitzat-per-cnc\/","url":"https:\/\/plasticexpress.es\/ca\/procesos-de-manufactura-de-materials-plastics\/mecanitzat-per-cnc\/","name":"Mecanitzat per CNC | PlasticExpress","isPartOf":{"@id":"https:\/\/plasticexpress.es\/ca\/#website"},"primaryImageOfPage":{"@id":"https:\/\/plasticexpress.es\/ca\/procesos-de-manufactura-de-materials-plastics\/mecanitzat-per-cnc\/#primaryimage"},"image":{"@id":"https:\/\/plasticexpress.es\/ca\/procesos-de-manufactura-de-materials-plastics\/mecanitzat-per-cnc\/#primaryimage"},"thumbnailUrl":"https:\/\/plasticexpress.es\/wp-content\/uploads\/2021\/02\/CNC3.jpg","datePublished":"2021-04-05T15:46:18+00:00","dateModified":"2022-04-22T09:30:04+00:00","description":"El mecanitzat per CNC en una t\u00e8cnica per tallar i gravar. Es tracta d'un dispositiu que fa servir una fresadora per executar talls a mida o gravats.","breadcrumb":{"@id":"https:\/\/plasticexpress.es\/ca\/procesos-de-manufactura-de-materials-plastics\/mecanitzat-per-cnc\/#breadcrumb"},"inLanguage":"ca","potentialAction":[{"@type":"ReadAction","target":["https:\/\/plasticexpress.es\/ca\/procesos-de-manufactura-de-materials-plastics\/mecanitzat-per-cnc\/"]}]},{"@type":"ImageObject","inLanguage":"ca","@id":"https:\/\/plasticexpress.es\/ca\/procesos-de-manufactura-de-materials-plastics\/mecanitzat-per-cnc\/#primaryimage","url":"https:\/\/plasticexpress.es\/wp-content\/uploads\/2021\/02\/CNC3.jpg","contentUrl":"https:\/\/plasticexpress.es\/wp-content\/uploads\/2021\/02\/CNC3.jpg","width":1280,"height":720},{"@type":"BreadcrumbList","@id":"https:\/\/plasticexpress.es\/ca\/procesos-de-manufactura-de-materials-plastics\/mecanitzat-per-cnc\/#breadcrumb","itemListElement":[{"@type":"ListItem","position":1,"name":"Portada","item":"https:\/\/plasticexpress.es\/ca\/"},{"@type":"ListItem","position":2,"name":"Procesos","item":"https:\/\/plasticexpress.es\/ca\/procesos-de-manufactura-de-materials-plastics\/"},{"@type":"ListItem","position":3,"name":"Mecanitzat per CNC"}]},{"@type":"WebSite","@id":"https:\/\/plasticexpress.es\/ca\/#website","url":"https:\/\/plasticexpress.es\/ca\/","name":"Plasticexpress","description":"Venta de materiales y art\u00edculos de Metacrilato","potentialAction":[{"@type":"SearchAction","target":{"@type":"EntryPoint","urlTemplate":"https:\/\/plasticexpress.es\/ca\/?s={search_term_string}"},"query-input":{"@type":"PropertyValueSpecification","valueRequired":true,"valueName":"search_term_string"}}],"inLanguage":"ca"}]}},"_links":{"self":[{"href":"https:\/\/plasticexpress.es\/ca\/wp-json\/wp\/v2\/pages\/6005","targetHints":{"allow":["GET"]}}],"collection":[{"href":"https:\/\/plasticexpress.es\/ca\/wp-json\/wp\/v2\/pages"}],"about":[{"href":"https:\/\/plasticexpress.es\/ca\/wp-json\/wp\/v2\/types\/page"}],"author":[{"embeddable":true,"href":"https:\/\/plasticexpress.es\/ca\/wp-json\/wp\/v2\/users\/3"}],"replies":[{"embeddable":true,"href":"https:\/\/plasticexpress.es\/ca\/wp-json\/wp\/v2\/comments?post=6005"}],"version-history":[{"count":3,"href":"https:\/\/plasticexpress.es\/ca\/wp-json\/wp\/v2\/pages\/6005\/revisions"}],"predecessor-version":[{"id":15765,"href":"https:\/\/plasticexpress.es\/ca\/wp-json\/wp\/v2\/pages\/6005\/revisions\/15765"}],"up":[{"embeddable":true,"href":"https:\/\/plasticexpress.es\/ca\/wp-json\/wp\/v2\/pages\/6003"}],"wp:featuredmedia":[{"embeddable":true,"href":"https:\/\/plasticexpress.es\/ca\/wp-json\/wp\/v2\/media\/5524"}],"wp:attachment":[{"href":"https:\/\/plasticexpress.es\/ca\/wp-json\/wp\/v2\/media?parent=6005"}],"curies":[{"name":"wp","href":"https:\/\/api.w.org\/{rel}","templated":true}]}}