

{"id":9224,"date":"2021-04-05T07:38:49","date_gmt":"2021-04-05T06:38:49","guid":{"rendered":"https:\/\/plasticexpress.es\/inici\/"},"modified":"2025-02-06T13:47:27","modified_gmt":"2025-02-06T12:47:27","slug":"inici","status":"publish","type":"page","link":"https:\/\/plasticexpress.es\/ca\/inici\/","title":{"rendered":"Inici"},"content":{"rendered":"\t\t<div data-elementor-type=\"wp-page\" data-elementor-id=\"9224\" class=\"elementor elementor-9224 elementor-2\" data-elementor-post-type=\"page\">\n\t\t\t\t\t\t<section class=\"elementor-section elementor-top-section elementor-element elementor-element-7064adeb elementor-section-boxed elementor-section-height-default elementor-section-height-default\" data-id=\"7064adeb\" data-element_type=\"section\" data-e-type=\"section\">\n\t\t\t\t\t\t<div class=\"elementor-container elementor-column-gap-default\">\n\t\t\t\t\t<div class=\"elementor-column elementor-col-100 elementor-top-column elementor-element elementor-element-557cc124\" data-id=\"557cc124\" data-element_type=\"column\" data-e-type=\"column\">\n\t\t\t<div class=\"elementor-widget-wrap elementor-element-populated\">\n\t\t\t\t\t\t<div class=\"elementor-element elementor-element-297638b elementor-widget elementor-widget-text-editor\" data-id=\"297638b\" data-element_type=\"widget\" data-e-type=\"widget\" data-widget_type=\"text-editor.default\">\n\t\t\t\t<div class=\"elementor-widget-container\">\n\t\t\t\t\t\t\t\t\t<h1>Qui som<\/h1><p>Plastic Express \u00e9s un <a href=\"https:\/\/plasticexpress.es\/plasticexpress\/\">fabricant d&#8217;articles de pl\u00e0stic<\/a> a partir de l\u00e0mines, barres i tubs de metacrilat, policarbonat, PETG, PVC, polipropil\u00e8, polietil\u00e8 i similars, aix\u00ed com distribu\u00efdor de plaques de pl\u00e0stic tallades a mida.<\/p><p><span style=\"font-weight: 400;\">Disposem de maquin\u00e0ria d&#8217;\u00faltima generaci\u00f3 per a realitzar acabats \u00f2ptims tant en grans com petites s\u00e8ries de producci\u00f3 al millor cost. Les principals firmes internacionals avalen la nostra professionalitat amb la seva confian\u00e7a i ens permeten ser un referent internacional.<\/span>.<\/p><p><a class=\"btn-int\" href=\"https:\/\/plasticexpress.es\/contacto\/\">Contacta&#8217;ns<\/a><\/p>\t\t\t\t\t\t\t\t<\/div>\n\t\t\t\t<\/div>\n\t\t\t\t\t<\/div>\n\t\t<\/div>\n\t\t\t\t\t<\/div>\n\t\t<\/section>\n\t\t\t\t<\/div>\n\t\t","protected":false},"excerpt":{"rendered":"<p>Qui som Plastic Express \u00e9s un fabricant d&#8217;articles de pl\u00e0stic a partir de l\u00e0mines, barres i tubs de metacrilat, policarbonat, PETG, PVC, polipropil\u00e8, polietil\u00e8 i similars, aix\u00ed com distribu\u00efdor de plaques de pl\u00e0stic tallades a mida. Disposem de maquin\u00e0ria d&#8217;\u00faltima generaci\u00f3 per a realitzar \u00f2ptims acabats tant en grans com petites s\u00e8ries de producci\u00f3 a [&hellip;]<\/p>\n","protected":false},"author":3,"featured_media":4603,"parent":0,"menu_order":0,"comment_status":"closed","ping_status":"closed","template":"template-home.php","meta":{"_acf_changed":false,"footnotes":""},"class_list":["post-9224","page","type-page","status-publish","has-post-thumbnail","hentry"],"acf":[],"yoast_head":"<!-- This site is optimized with the Yoast SEO plugin v27.2 - https:\/\/yoast.com\/product\/yoast-seo-wordpress\/ -->\n<title>PLASTICEXPRESS | Fabricant articles de pl\u00e0stics amb metacrilat<\/title>\n<meta name=\"description\" content=\"Fabricant d&#039;articles de pl\u00e0stic a partir de l\u00e0mines, barres i tubs de metacrilat, policarbonat, PETG, PVC, polipropil\u00e8, polietil\u00e8.\" \/>\n<meta name=\"robots\" content=\"index, follow, max-snippet:-1, max-image-preview:large, max-video-preview:-1\" \/>\n<link rel=\"canonical\" href=\"https:\/\/plasticexpress.es\/ca\/inici\/\" \/>\n<meta property=\"og:locale\" content=\"ca_ES\" \/>\n<meta property=\"og:type\" content=\"article\" \/>\n<meta property=\"og:title\" content=\"PLASTICEXPRESS | Fabricant articles de pl\u00e0stics amb metacrilat\" \/>\n<meta property=\"og:description\" content=\"Fabricant d&#039;articles de pl\u00e0stic a partir de l\u00e0mines, barres i tubs de metacrilat, policarbonat, PETG, PVC, polipropil\u00e8, polietil\u00e8.\" \/>\n<meta property=\"og:url\" content=\"https:\/\/plasticexpress.es\/ca\/inici\/\" \/>\n<meta property=\"og:site_name\" content=\"Plasticexpress\" \/>\n<meta property=\"article:modified_time\" content=\"2025-02-06T12:47:27+00:00\" \/>\n<meta property=\"og:image\" content=\"https:\/\/plasticexpress.es\/wp-content\/uploads\/2020\/03\/imagen-home-1.jpg\" \/>\n\t<meta property=\"og:image:width\" content=\"788\" \/>\n\t<meta property=\"og:image:height\" content=\"671\" \/>\n\t<meta property=\"og:image:type\" content=\"image\/jpeg\" \/>\n<meta name=\"twitter:card\" content=\"summary_large_image\" \/>\n<meta name=\"twitter:label1\" content=\"Temps estimat de lectura\" \/>\n\t<meta name=\"twitter:data1\" content=\"1 minut\" \/>\n<script type=\"application\/ld+json\" class=\"yoast-schema-graph\">{\"@context\":\"https:\/\/schema.org\",\"@graph\":[{\"@type\":\"WebPage\",\"@id\":\"https:\/\/plasticexpress.es\/ca\/inici\/\",\"url\":\"https:\/\/plasticexpress.es\/ca\/inici\/\",\"name\":\"PLASTICEXPRESS | Fabricant articles de pl\u00e0stics amb metacrilat\",\"isPartOf\":{\"@id\":\"https:\/\/plasticexpress.es\/ca\/#website\"},\"primaryImageOfPage\":{\"@id\":\"https:\/\/plasticexpress.es\/ca\/inici\/#primaryimage\"},\"image\":{\"@id\":\"https:\/\/plasticexpress.es\/ca\/inici\/#primaryimage\"},\"thumbnailUrl\":\"https:\/\/plasticexpress.es\/wp-content\/uploads\/2020\/03\/imagen-home-1.jpg\",\"datePublished\":\"2021-04-05T06:38:49+00:00\",\"dateModified\":\"2025-02-06T12:47:27+00:00\",\"description\":\"Fabricant d'articles de pl\u00e0stic a partir de l\u00e0mines, barres i tubs de metacrilat, policarbonat, PETG, PVC, polipropil\u00e8, polietil\u00e8.\",\"breadcrumb\":{\"@id\":\"https:\/\/plasticexpress.es\/ca\/inici\/#breadcrumb\"},\"inLanguage\":\"ca\",\"potentialAction\":[{\"@type\":\"ReadAction\",\"target\":[\"https:\/\/plasticexpress.es\/ca\/inici\/\"]}]},{\"@type\":\"ImageObject\",\"inLanguage\":\"ca\",\"@id\":\"https:\/\/plasticexpress.es\/ca\/inici\/#primaryimage\",\"url\":\"https:\/\/plasticexpress.es\/wp-content\/uploads\/2020\/03\/imagen-home-1.jpg\",\"contentUrl\":\"https:\/\/plasticexpress.es\/wp-content\/uploads\/2020\/03\/imagen-home-1.jpg\",\"width\":788,\"height\":671},{\"@type\":\"BreadcrumbList\",\"@id\":\"https:\/\/plasticexpress.es\/ca\/inici\/#breadcrumb\",\"itemListElement\":[{\"@type\":\"ListItem\",\"position\":1,\"name\":\"Portada\",\"item\":\"https:\/\/plasticexpress.es\/ca\/\"},{\"@type\":\"ListItem\",\"position\":2,\"name\":\"Inici\"}]},{\"@type\":\"WebSite\",\"@id\":\"https:\/\/plasticexpress.es\/ca\/#website\",\"url\":\"https:\/\/plasticexpress.es\/ca\/\",\"name\":\"Plasticexpress\",\"description\":\"Venta de materiales y art\u00edculos de Metacrilato\",\"potentialAction\":[{\"@type\":\"SearchAction\",\"target\":{\"@type\":\"EntryPoint\",\"urlTemplate\":\"https:\/\/plasticexpress.es\/ca\/?s={search_term_string}\"},\"query-input\":{\"@type\":\"PropertyValueSpecification\",\"valueRequired\":true,\"valueName\":\"search_term_string\"}}],\"inLanguage\":\"ca\"}]}<\/script>\n<!-- \/ Yoast SEO plugin. -->","yoast_head_json":{"title":"PLASTICEXPRESS | Fabricant articles de pl\u00e0stics amb metacrilat","description":"Fabricant d'articles de pl\u00e0stic a partir de l\u00e0mines, barres i tubs de metacrilat, policarbonat, PETG, PVC, polipropil\u00e8, polietil\u00e8.","robots":{"index":"index","follow":"follow","max-snippet":"max-snippet:-1","max-image-preview":"max-image-preview:large","max-video-preview":"max-video-preview:-1"},"canonical":"https:\/\/plasticexpress.es\/ca\/inici\/","og_locale":"ca_ES","og_type":"article","og_title":"PLASTICEXPRESS | Fabricant articles de pl\u00e0stics amb metacrilat","og_description":"Fabricant d'articles de pl\u00e0stic a partir de l\u00e0mines, barres i tubs de metacrilat, policarbonat, PETG, PVC, polipropil\u00e8, polietil\u00e8.","og_url":"https:\/\/plasticexpress.es\/ca\/inici\/","og_site_name":"Plasticexpress","article_modified_time":"2025-02-06T12:47:27+00:00","og_image":[{"width":788,"height":671,"url":"https:\/\/plasticexpress.es\/wp-content\/uploads\/2020\/03\/imagen-home-1.jpg","type":"image\/jpeg"}],"twitter_card":"summary_large_image","twitter_misc":{"Temps estimat de lectura":"1 minut"},"schema":{"@context":"https:\/\/schema.org","@graph":[{"@type":"WebPage","@id":"https:\/\/plasticexpress.es\/ca\/inici\/","url":"https:\/\/plasticexpress.es\/ca\/inici\/","name":"PLASTICEXPRESS | Fabricant articles de pl\u00e0stics amb metacrilat","isPartOf":{"@id":"https:\/\/plasticexpress.es\/ca\/#website"},"primaryImageOfPage":{"@id":"https:\/\/plasticexpress.es\/ca\/inici\/#primaryimage"},"image":{"@id":"https:\/\/plasticexpress.es\/ca\/inici\/#primaryimage"},"thumbnailUrl":"https:\/\/plasticexpress.es\/wp-content\/uploads\/2020\/03\/imagen-home-1.jpg","datePublished":"2021-04-05T06:38:49+00:00","dateModified":"2025-02-06T12:47:27+00:00","description":"Fabricant d'articles de pl\u00e0stic a partir de l\u00e0mines, barres i tubs de metacrilat, policarbonat, PETG, PVC, polipropil\u00e8, polietil\u00e8.","breadcrumb":{"@id":"https:\/\/plasticexpress.es\/ca\/inici\/#breadcrumb"},"inLanguage":"ca","potentialAction":[{"@type":"ReadAction","target":["https:\/\/plasticexpress.es\/ca\/inici\/"]}]},{"@type":"ImageObject","inLanguage":"ca","@id":"https:\/\/plasticexpress.es\/ca\/inici\/#primaryimage","url":"https:\/\/plasticexpress.es\/wp-content\/uploads\/2020\/03\/imagen-home-1.jpg","contentUrl":"https:\/\/plasticexpress.es\/wp-content\/uploads\/2020\/03\/imagen-home-1.jpg","width":788,"height":671},{"@type":"BreadcrumbList","@id":"https:\/\/plasticexpress.es\/ca\/inici\/#breadcrumb","itemListElement":[{"@type":"ListItem","position":1,"name":"Portada","item":"https:\/\/plasticexpress.es\/ca\/"},{"@type":"ListItem","position":2,"name":"Inici"}]},{"@type":"WebSite","@id":"https:\/\/plasticexpress.es\/ca\/#website","url":"https:\/\/plasticexpress.es\/ca\/","name":"Plasticexpress","description":"Venta de materiales y art\u00edculos de Metacrilato","potentialAction":[{"@type":"SearchAction","target":{"@type":"EntryPoint","urlTemplate":"https:\/\/plasticexpress.es\/ca\/?s={search_term_string}"},"query-input":{"@type":"PropertyValueSpecification","valueRequired":true,"valueName":"search_term_string"}}],"inLanguage":"ca"}]}},"_links":{"self":[{"href":"https:\/\/plasticexpress.es\/ca\/wp-json\/wp\/v2\/pages\/9224","targetHints":{"allow":["GET"]}}],"collection":[{"href":"https:\/\/plasticexpress.es\/ca\/wp-json\/wp\/v2\/pages"}],"about":[{"href":"https:\/\/plasticexpress.es\/ca\/wp-json\/wp\/v2\/types\/page"}],"author":[{"embeddable":true,"href":"https:\/\/plasticexpress.es\/ca\/wp-json\/wp\/v2\/users\/3"}],"replies":[{"embeddable":true,"href":"https:\/\/plasticexpress.es\/ca\/wp-json\/wp\/v2\/comments?post=9224"}],"version-history":[{"count":10,"href":"https:\/\/plasticexpress.es\/ca\/wp-json\/wp\/v2\/pages\/9224\/revisions"}],"predecessor-version":[{"id":26340,"href":"https:\/\/plasticexpress.es\/ca\/wp-json\/wp\/v2\/pages\/9224\/revisions\/26340"}],"wp:featuredmedia":[{"embeddable":true,"href":"https:\/\/plasticexpress.es\/ca\/wp-json\/wp\/v2\/media\/4603"}],"wp:attachment":[{"href":"https:\/\/plasticexpress.es\/ca\/wp-json\/wp\/v2\/media?parent=9224"}],"curies":[{"name":"wp","href":"https:\/\/api.w.org\/{rel}","templated":true}]}}