

{"id":9374,"date":"2021-04-05T17:26:52","date_gmt":"2021-04-05T16:26:52","guid":{"rendered":"https:\/\/plasticexpress.es\/procesos\/embossat-amb-embotit-de-materials-plastics\/"},"modified":"2022-06-22T09:29:09","modified_gmt":"2022-06-22T08:29:09","slug":"embossat-amb-embotit-de-materials-plastics","status":"publish","type":"page","link":"https:\/\/plasticexpress.es\/ca\/procesos-de-manufactura-de-materials-plastics\/embossat-amb-embotit-de-materials-plastics\/","title":{"rendered":"Embossat amb embotit de materials pl\u00e0stics"},"content":{"rendered":"<p>A Plastic Express, oferim la possibilitat de crear elements de pl\u00e0stic a petici\u00f3 i amb el disseny del client, utilitzant les t\u00e8cniques de termoformat i embotit de materials pl\u00e0stics. En tots dos casos, aquests processos se centren en l&#8217;exposici\u00f3 de diferents materials a altes temperatures i pressions amb la finalitat de controlar al detall el modelatge de la pe\u00e7a.<\/p>\n<p>Comptem amb un <b>equip professional centrat en les t\u00e8cniques especialitzades<\/b> d&#8217;embotits de pl\u00e0stic i termoformar pl\u00e0stics de precisi\u00f3 amb materials ABS, <a href=\"https:\/\/plasticexpress.es\/ca\/materials-ca\/policarbonat-compacte\/\">Policarbonat<\/a>, PETG i, fins i tot, per a termoformar metacrilat. Tot oferint m\u00faltiples variants quant a color i gruix. Tot amb el suport de maquin\u00e0ria d&#8217;\u00faltima generaci\u00f3 i forns espec\u00edfics tant el termoformat de pl\u00e0stics com l&#8217;embotit de pl\u00e0stic, perqu\u00e8 siguin l&#8217;opci\u00f3 ideal a l&#8217;hora crear tot tipus d&#8217;estructures.<\/p>\n<p>&nbsp;<\/p>\n<h2>Qu\u00e8 \u00e9s el termoformat de pl\u00e0stics i per a qu\u00e8 s&#8217;utilitza?<\/h2>\n<p>El pl\u00e0stic s&#8217;ha convertit en aquests \u00faltims anys en un dels materials m\u00e9s utilitzats per a crear tot tipus de productes per a sectors tan diferents com poden ser l&#8217;alimentaci\u00f3, la cosm\u00e8tica o la construcci\u00f3. I, per aix\u00f2, els nostres experts se centren en oferir a cadascun dels nostres clients tota una s\u00e8rie de <b>processos espec\u00edfics per a treballar amb el pl\u00e0stic<\/b> amb la finalitat d&#8217;aconseguir els millors resultats.<\/p>\n<p>El <b>termoformat de pl\u00e0stics<\/b>, tamb\u00e9 coneguda com a termoconformaci\u00f3, \u00e9s una t\u00e8cnica utilitzada per a <b>donar forma a una l\u00e0mina pl\u00e0stic aplicant tant calor com buidatge<\/b>, i en alguns casos pressi\u00f3 i fins i tot motlles.<\/p>\n<p>El resultat d&#8217;aquest proc\u00e9s \u00e9s la creaci\u00f3 de l\u00e0mines de pl\u00e0stic encara m\u00e9s flexibles i f\u00e0cils de modelar per a la creaci\u00f3 de tota mena de productes o estructures. D&#8217;aqu\u00ed ve que compti amb m\u00faltiples aplicacions com:<\/p>\n<ul>\n<li aria-level=\"1\">Carcasses<\/li>\n<li aria-level=\"1\">Geometries esf\u00e8riques<\/li>\n<li aria-level=\"1\">Peces per a maquin\u00e0ria<\/li>\n<li aria-level=\"1\">Peces per a la ind\u00fastria de l&#8217;autom\u00f2bil<\/li>\n<li aria-level=\"1\">Lletres corp\u00f2ries<\/li>\n<li aria-level=\"1\">R\u00e8tols<\/li>\n<li aria-level=\"1\">Cambres hiperb\u00e0riques<\/li>\n<li aria-level=\"1\">Expositors<\/li>\n<li aria-level=\"1\">Safates per a aliments<\/li>\n<li aria-level=\"1\">Embalatge per a aliments<\/li>\n<li aria-level=\"1\">Embalatge per a medicaments<\/li>\n<li aria-level=\"1\">Decoraci\u00f3<\/li>\n<li aria-level=\"1\">Articles de metacrilat<\/li>\n<li aria-level=\"1\">Joguines<\/li>\n<\/ul>\n<p>&nbsp;<\/p>\n<h2>Avantatges del termoformat de pl\u00e0stics<\/h2>\n<p>Un dels avantatges m\u00e9s significatius d&#8217;utilitzar aquesta t\u00e8cnica \u00e9s el seu cost redu\u00eft. Tant en la producci\u00f3 com en la inversi\u00f3 inicial avan\u00e7ada pel client.<\/p>\n<p>A m\u00e9s, el termoformat de pl\u00e0stics \u00e9s <b>un dels processos m\u00e9s eficients en quant a temps invertit<\/b>. Utilitzant aquesta t\u00e8cnica obtindrem els resultats desitjats en molt menys temps que utilitzant altres t\u00e8cniques de modelatge. Per aquesta ra\u00f3 \u00e9s un dels processos m\u00e9s utilitzats a l\u2019hora de solucionar imprevistos d&#8217;\u00faltima hora o per a crear prototips.<\/p>\n<p>Un altre avantatge \u00e9s que<b> ens permet treballar amb una major varietat de materials<\/b> on, a m\u00e9s dels esmentats anteriorment com el metacrilat, policarbonat i el <a href=\"https:\/\/plasticexpress.es\/ca\/materials-ca\/petg-ca\/\">PETG<\/a> o l&#8217;ABS, tamb\u00e9 s&#8217;inclouen el PAID, PEAD i PVC.<\/p>\n<p>De la mateixa manera, les peces que es creen com a resultat d&#8217;utilitzar el termoformat de pl\u00e0stics s\u00f3n <b>molt m\u00e9s fines i lleugeres<\/b>, perqu\u00e8 faciliten el treball de modelatge.<\/p>\n<p>Tamb\u00e9 \u00e9s possible <b>reutilitzar els motlles fabricats <\/b>per a la creaci\u00f3 d&#8217;altres productes o substituir un altre tipus de t\u00e8cniques de transformaci\u00f3 de pl\u00e0stics que siguin molt m\u00e9s lentes i costoses.<\/p>\n<p>&nbsp;<\/p>\n<h2>Qu\u00e8 \u00e9s el proc\u00e9s d\u2019embotir i per a qu\u00e8 s&#8217;utilitza?<\/h2>\n<p>Embotir \u00e9s un proc\u00e9s que consisteix a <b>transformar una xapa met\u00e0l\u00b7lica plana en una pe\u00e7a tridimensional<\/b>. \u00c9s a dir, conformar el pl\u00e0stic en el metall. I nom\u00e9s quan la profunditat de la pe\u00e7a embotida \u00e9s encara major que el seu di\u00e0metre, podem parlar de embutici\u00f3n profunda.<\/p>\n<p>Per a la realitzaci\u00f3 d&#8217;aquesta t\u00e8cnica \u00e9s necessari fer \u00fas d&#8217;un conjunt de punx\u00f3 i matriu. Amb la utilitzaci\u00f3 correcta del punx\u00f3 es perfila la base de la pe\u00e7a que es vol conformar perqu\u00e8 la <b>cavitat de la matriu coincideixi amb la forma donad<\/b>a, nom\u00e9s que ser\u00e0 una mica m\u00e9s ampla. \u00c9s necessaria aquesta diferenciaci\u00f3 d&#8217;ampl\u00e0ria que permeti el pas del material, d&#8217;aqu\u00ed ve que sigui necessari deixar una folgan\u00e7a.<\/p>\n<p>Per aquest motiu, al contrari del que succeeix mitjan\u00e7ant el proc\u00e9s de termoformat de pl\u00e0stics, <b>obtindrem peces amb formes menys complexes<\/b>. Per aix\u00f2, \u00e9s necessari realitzar el <b>proc\u00e9s en diverses fases<\/b> per a aix\u00ed aconseguir un resultat similar. De la mateixa manera, els materials a utilitzar han de ser <b>d\u00factils, mal\u00b7leables i amb la suficient plasticitat<\/b>. Entre els m\u00e9s utilitzats es troben el llaut\u00f3, els acers dol\u00e7os i inoxidables i els aliatges d&#8217;alumini i coure, sempre que siguin d&#8217;aliatge baix.<\/p>\n<p>L&#8217;embotit s&#8217;utilitza principalment en la ind\u00fastria automobil\u00edstica i per a fabricar recipients com a c\u00e0rters d&#8217;oli, cassoletes, dip\u00f2sits de gasolina o parament de cuina, casquets i fins i tot coixinets entre moltes altres opcions.<\/p>\n<p>&nbsp;<\/p>\n<h2>Sol\u00b7licita aplicar un termoformat o embotit de pl\u00e0stics a Plastic Express<\/h2>\n<p>Si finalment t&#8217;has decidit a fer \u00fas d&#8217;un d&#8217;aquests dos processos en Plastic Express posem a la teva disposici\u00f3 la nostra planta de termoformat a Barcelona i la possibilitat de comptar amb el <b>suport professional que t&#8217;assessorar\u00e0 en tot moment<\/b> perqu\u00e8 aconsegueixis els millors resultats.<\/p>\n<p>A m\u00e9s, \u00e9s possible sol\u00b7licitar un pressupost per al proc\u00e9s de termoformat i embotit d&#8217;un material dels quals comercialitzem, nom\u00e9s necessitar emplenar el formulari que et facilitem i enviar-nos un correu a l&#8217;email <a href=\"mailto:info@plasticexpress.es\">info@plasticexpress.es<\/a> amb tota la informaci\u00f3 requerida: nom del proc\u00e9s en el qual estiguis interessat i tipus de material.<\/p>\n<p>Finalment, volem recordar que en cas de ser un professional de la ind\u00fastria comptem amb<b> descomptes especials <\/b>per a quadrar encara m\u00e9s el teu pressupost inicial.<\/p>\n<p>&nbsp;<\/p>\n","protected":false},"excerpt":{"rendered":"<p>A Plastic Express, oferim la possibilitat de crear elements de pl\u00e0stic a petici\u00f3 i amb el disseny del client, utilitzant les t\u00e8cniques de termoformat i embotit de materials pl\u00e0stics. En tots dos casos, aquests processos se centren en l&#8217;exposici\u00f3 de diferents materials a altes temperatures i pressions amb la finalitat de controlar al detall el [&hellip;]<\/p>\n","protected":false},"author":3,"featured_media":5274,"parent":6003,"menu_order":6,"comment_status":"closed","ping_status":"closed","template":"","meta":{"_acf_changed":false,"footnotes":""},"class_list":["post-9374","page","type-page","status-publish","has-post-thumbnail","hentry"],"acf":[],"yoast_head":"<!-- This site is optimized with the Yoast SEO plugin v27.2 - https:\/\/yoast.com\/product\/yoast-seo-wordpress\/ -->\n<title>Termoformat i Embotit de Materials Pl\u00e0stics | PlasticExpress<\/title>\n<meta name=\"description\" content=\"Si busques un servei professional d&#039;embotit o termoformat de metacrilat, policarbonat, PETG; demana pressupost a Plastic Express.\" \/>\n<meta name=\"robots\" content=\"index, follow, max-snippet:-1, max-image-preview:large, max-video-preview:-1\" \/>\n<link rel=\"canonical\" href=\"https:\/\/plasticexpress.es\/ca\/procesos-de-manufactura-de-materials-plastics\/embossat-amb-embotit-de-materials-plastics\/\" \/>\n<meta property=\"og:locale\" content=\"ca_ES\" \/>\n<meta property=\"og:type\" content=\"article\" \/>\n<meta property=\"og:title\" content=\"Termoformat i Embotit de Materials Pl\u00e0stics | PlasticExpress\" \/>\n<meta property=\"og:description\" content=\"Si busques un servei professional d&#039;embotit o termoformat de metacrilat, policarbonat, PETG; demana pressupost a Plastic Express.\" \/>\n<meta property=\"og:url\" content=\"https:\/\/plasticexpress.es\/ca\/procesos-de-manufactura-de-materials-plastics\/embossat-amb-embotit-de-materials-plastics\/\" \/>\n<meta property=\"og:site_name\" content=\"Plasticexpress\" \/>\n<meta property=\"article:modified_time\" content=\"2022-06-22T08:29:09+00:00\" \/>\n<meta property=\"og:image\" content=\"https:\/\/plasticexpress.es\/wp-content\/uploads\/2020\/11\/termoformado-y-embutido.jpg\" \/>\n\t<meta property=\"og:image:width\" content=\"850\" \/>\n\t<meta property=\"og:image:height\" content=\"604\" \/>\n\t<meta property=\"og:image:type\" content=\"image\/jpeg\" \/>\n<meta name=\"twitter:card\" content=\"summary_large_image\" \/>\n<meta name=\"twitter:label1\" content=\"Temps estimat de lectura\" \/>\n\t<meta name=\"twitter:data1\" content=\"5 minuts\" \/>\n<script type=\"application\/ld+json\" class=\"yoast-schema-graph\">{\"@context\":\"https:\/\/schema.org\",\"@graph\":[{\"@type\":\"WebPage\",\"@id\":\"https:\/\/plasticexpress.es\/ca\/procesos-de-manufactura-de-materials-plastics\/embossat-amb-embotit-de-materials-plastics\/\",\"url\":\"https:\/\/plasticexpress.es\/ca\/procesos-de-manufactura-de-materials-plastics\/embossat-amb-embotit-de-materials-plastics\/\",\"name\":\"Termoformat i Embotit de Materials Pl\u00e0stics | PlasticExpress\",\"isPartOf\":{\"@id\":\"https:\/\/plasticexpress.es\/ca\/#website\"},\"primaryImageOfPage\":{\"@id\":\"https:\/\/plasticexpress.es\/ca\/procesos-de-manufactura-de-materials-plastics\/embossat-amb-embotit-de-materials-plastics\/#primaryimage\"},\"image\":{\"@id\":\"https:\/\/plasticexpress.es\/ca\/procesos-de-manufactura-de-materials-plastics\/embossat-amb-embotit-de-materials-plastics\/#primaryimage\"},\"thumbnailUrl\":\"https:\/\/plasticexpress.es\/wp-content\/uploads\/2020\/11\/termoformado-y-embutido.jpg\",\"datePublished\":\"2021-04-05T16:26:52+00:00\",\"dateModified\":\"2022-06-22T08:29:09+00:00\",\"description\":\"Si busques un servei professional d'embotit o termoformat de metacrilat, policarbonat, PETG; demana pressupost a Plastic Express.\",\"breadcrumb\":{\"@id\":\"https:\/\/plasticexpress.es\/ca\/procesos-de-manufactura-de-materials-plastics\/embossat-amb-embotit-de-materials-plastics\/#breadcrumb\"},\"inLanguage\":\"ca\",\"potentialAction\":[{\"@type\":\"ReadAction\",\"target\":[\"https:\/\/plasticexpress.es\/ca\/procesos-de-manufactura-de-materials-plastics\/embossat-amb-embotit-de-materials-plastics\/\"]}]},{\"@type\":\"ImageObject\",\"inLanguage\":\"ca\",\"@id\":\"https:\/\/plasticexpress.es\/ca\/procesos-de-manufactura-de-materials-plastics\/embossat-amb-embotit-de-materials-plastics\/#primaryimage\",\"url\":\"https:\/\/plasticexpress.es\/wp-content\/uploads\/2020\/11\/termoformado-y-embutido.jpg\",\"contentUrl\":\"https:\/\/plasticexpress.es\/wp-content\/uploads\/2020\/11\/termoformado-y-embutido.jpg\",\"width\":850,\"height\":604},{\"@type\":\"BreadcrumbList\",\"@id\":\"https:\/\/plasticexpress.es\/ca\/procesos-de-manufactura-de-materials-plastics\/embossat-amb-embotit-de-materials-plastics\/#breadcrumb\",\"itemListElement\":[{\"@type\":\"ListItem\",\"position\":1,\"name\":\"Portada\",\"item\":\"https:\/\/plasticexpress.es\/ca\/\"},{\"@type\":\"ListItem\",\"position\":2,\"name\":\"Procesos\",\"item\":\"https:\/\/plasticexpress.es\/ca\/procesos-de-manufactura-de-materials-plastics\/\"},{\"@type\":\"ListItem\",\"position\":3,\"name\":\"Embossat amb embotit de materials pl\u00e0stics\"}]},{\"@type\":\"WebSite\",\"@id\":\"https:\/\/plasticexpress.es\/ca\/#website\",\"url\":\"https:\/\/plasticexpress.es\/ca\/\",\"name\":\"Plasticexpress\",\"description\":\"Venta de materiales y art\u00edculos de Metacrilato\",\"potentialAction\":[{\"@type\":\"SearchAction\",\"target\":{\"@type\":\"EntryPoint\",\"urlTemplate\":\"https:\/\/plasticexpress.es\/ca\/?s={search_term_string}\"},\"query-input\":{\"@type\":\"PropertyValueSpecification\",\"valueRequired\":true,\"valueName\":\"search_term_string\"}}],\"inLanguage\":\"ca\"}]}<\/script>\n<!-- \/ Yoast SEO plugin. -->","yoast_head_json":{"title":"Termoformat i Embotit de Materials Pl\u00e0stics | PlasticExpress","description":"Si busques un servei professional d'embotit o termoformat de metacrilat, policarbonat, PETG; demana pressupost a Plastic Express.","robots":{"index":"index","follow":"follow","max-snippet":"max-snippet:-1","max-image-preview":"max-image-preview:large","max-video-preview":"max-video-preview:-1"},"canonical":"https:\/\/plasticexpress.es\/ca\/procesos-de-manufactura-de-materials-plastics\/embossat-amb-embotit-de-materials-plastics\/","og_locale":"ca_ES","og_type":"article","og_title":"Termoformat i Embotit de Materials Pl\u00e0stics | PlasticExpress","og_description":"Si busques un servei professional d'embotit o termoformat de metacrilat, policarbonat, PETG; demana pressupost a Plastic Express.","og_url":"https:\/\/plasticexpress.es\/ca\/procesos-de-manufactura-de-materials-plastics\/embossat-amb-embotit-de-materials-plastics\/","og_site_name":"Plasticexpress","article_modified_time":"2022-06-22T08:29:09+00:00","og_image":[{"width":850,"height":604,"url":"https:\/\/plasticexpress.es\/wp-content\/uploads\/2020\/11\/termoformado-y-embutido.jpg","type":"image\/jpeg"}],"twitter_card":"summary_large_image","twitter_misc":{"Temps estimat de lectura":"5 minuts"},"schema":{"@context":"https:\/\/schema.org","@graph":[{"@type":"WebPage","@id":"https:\/\/plasticexpress.es\/ca\/procesos-de-manufactura-de-materials-plastics\/embossat-amb-embotit-de-materials-plastics\/","url":"https:\/\/plasticexpress.es\/ca\/procesos-de-manufactura-de-materials-plastics\/embossat-amb-embotit-de-materials-plastics\/","name":"Termoformat i Embotit de Materials Pl\u00e0stics | PlasticExpress","isPartOf":{"@id":"https:\/\/plasticexpress.es\/ca\/#website"},"primaryImageOfPage":{"@id":"https:\/\/plasticexpress.es\/ca\/procesos-de-manufactura-de-materials-plastics\/embossat-amb-embotit-de-materials-plastics\/#primaryimage"},"image":{"@id":"https:\/\/plasticexpress.es\/ca\/procesos-de-manufactura-de-materials-plastics\/embossat-amb-embotit-de-materials-plastics\/#primaryimage"},"thumbnailUrl":"https:\/\/plasticexpress.es\/wp-content\/uploads\/2020\/11\/termoformado-y-embutido.jpg","datePublished":"2021-04-05T16:26:52+00:00","dateModified":"2022-06-22T08:29:09+00:00","description":"Si busques un servei professional d'embotit o termoformat de metacrilat, policarbonat, PETG; demana pressupost a Plastic Express.","breadcrumb":{"@id":"https:\/\/plasticexpress.es\/ca\/procesos-de-manufactura-de-materials-plastics\/embossat-amb-embotit-de-materials-plastics\/#breadcrumb"},"inLanguage":"ca","potentialAction":[{"@type":"ReadAction","target":["https:\/\/plasticexpress.es\/ca\/procesos-de-manufactura-de-materials-plastics\/embossat-amb-embotit-de-materials-plastics\/"]}]},{"@type":"ImageObject","inLanguage":"ca","@id":"https:\/\/plasticexpress.es\/ca\/procesos-de-manufactura-de-materials-plastics\/embossat-amb-embotit-de-materials-plastics\/#primaryimage","url":"https:\/\/plasticexpress.es\/wp-content\/uploads\/2020\/11\/termoformado-y-embutido.jpg","contentUrl":"https:\/\/plasticexpress.es\/wp-content\/uploads\/2020\/11\/termoformado-y-embutido.jpg","width":850,"height":604},{"@type":"BreadcrumbList","@id":"https:\/\/plasticexpress.es\/ca\/procesos-de-manufactura-de-materials-plastics\/embossat-amb-embotit-de-materials-plastics\/#breadcrumb","itemListElement":[{"@type":"ListItem","position":1,"name":"Portada","item":"https:\/\/plasticexpress.es\/ca\/"},{"@type":"ListItem","position":2,"name":"Procesos","item":"https:\/\/plasticexpress.es\/ca\/procesos-de-manufactura-de-materials-plastics\/"},{"@type":"ListItem","position":3,"name":"Embossat amb embotit de materials pl\u00e0stics"}]},{"@type":"WebSite","@id":"https:\/\/plasticexpress.es\/ca\/#website","url":"https:\/\/plasticexpress.es\/ca\/","name":"Plasticexpress","description":"Venta de materiales y art\u00edculos de Metacrilato","potentialAction":[{"@type":"SearchAction","target":{"@type":"EntryPoint","urlTemplate":"https:\/\/plasticexpress.es\/ca\/?s={search_term_string}"},"query-input":{"@type":"PropertyValueSpecification","valueRequired":true,"valueName":"search_term_string"}}],"inLanguage":"ca"}]}},"_links":{"self":[{"href":"https:\/\/plasticexpress.es\/ca\/wp-json\/wp\/v2\/pages\/9374","targetHints":{"allow":["GET"]}}],"collection":[{"href":"https:\/\/plasticexpress.es\/ca\/wp-json\/wp\/v2\/pages"}],"about":[{"href":"https:\/\/plasticexpress.es\/ca\/wp-json\/wp\/v2\/types\/page"}],"author":[{"embeddable":true,"href":"https:\/\/plasticexpress.es\/ca\/wp-json\/wp\/v2\/users\/3"}],"replies":[{"embeddable":true,"href":"https:\/\/plasticexpress.es\/ca\/wp-json\/wp\/v2\/comments?post=9374"}],"version-history":[{"count":2,"href":"https:\/\/plasticexpress.es\/ca\/wp-json\/wp\/v2\/pages\/9374\/revisions"}],"predecessor-version":[{"id":16478,"href":"https:\/\/plasticexpress.es\/ca\/wp-json\/wp\/v2\/pages\/9374\/revisions\/16478"}],"up":[{"embeddable":true,"href":"https:\/\/plasticexpress.es\/ca\/wp-json\/wp\/v2\/pages\/6003"}],"wp:featuredmedia":[{"embeddable":true,"href":"https:\/\/plasticexpress.es\/ca\/wp-json\/wp\/v2\/media\/5274"}],"wp:attachment":[{"href":"https:\/\/plasticexpress.es\/ca\/wp-json\/wp\/v2\/media?parent=9374"}],"curies":[{"name":"wp","href":"https:\/\/api.w.org\/{rel}","templated":true}]}}