

{"id":9454,"date":"2021-04-06T02:21:30","date_gmt":"2021-04-06T01:21:30","guid":{"rendered":"https:\/\/plasticexpress.es\/procesos\/tall-i-gravat-a-laser\/"},"modified":"2021-10-07T09:38:31","modified_gmt":"2021-10-07T08:38:31","slug":"tall-i-gravat-a-laser","status":"publish","type":"page","link":"https:\/\/plasticexpress.es\/ca\/procesos-de-manufactura-de-materials-plastics\/tall-i-gravat-a-laser\/","title":{"rendered":"Servei de tall de pl\u00e0stic a mida"},"content":{"rendered":"\t\t<div data-elementor-type=\"wp-page\" data-elementor-id=\"9454\" class=\"elementor elementor-9454 elementor-242\" data-elementor-post-type=\"page\">\n\t\t\t\t\t\t<section class=\"elementor-section elementor-top-section elementor-element elementor-element-71d8ba47 elementor-section-boxed elementor-section-height-default elementor-section-height-default\" data-id=\"71d8ba47\" data-element_type=\"section\" data-e-type=\"section\">\n\t\t\t\t\t\t<div class=\"elementor-container elementor-column-gap-default\">\n\t\t\t\t\t<div class=\"elementor-column elementor-col-100 elementor-top-column elementor-element elementor-element-5e904e\" data-id=\"5e904e\" data-element_type=\"column\" data-e-type=\"column\">\n\t\t\t<div class=\"elementor-widget-wrap elementor-element-populated\">\n\t\t\t\t\t\t<div class=\"elementor-element elementor-element-521ab9e5 elementor-widget elementor-widget-text-editor\" data-id=\"521ab9e5\" data-element_type=\"widget\" data-e-type=\"widget\" data-widget_type=\"text-editor.default\">\n\t\t\t\t<div class=\"elementor-widget-container\">\n\t\t\t\t\t\t\t\t\t<p>A <b>Plastic Express<\/b> disposem de tot l&#8217;equipament necessari per a oferir-te un servei de <b>tall de pl\u00e0stic avan\u00e7at<\/b>. Gr\u00e0cies a la tecnologia m\u00e9s revolucion\u00e0ria podrem obtenir talls de pl\u00e0stic a mida segons els di\u00e0metres que desitgis, amb incisions d&#8217;ampl\u00e0ria m\u00ednima i talls a cotes bastant redu\u00efdes.<\/p><p>El<b> tall l\u00e0ser<\/b> <b>\u00e9s una alternativa molt flexible<\/b>, perfecta per a definir l\u00ednies rectes de gran precisi\u00f3 quant a forma i figura, donant lloc a cantos polits i molt suaus. Tamb\u00e9 \u00e9s possible automatitzar el proc\u00e9s per a l&#8217;obtenci\u00f3 de peces d&#8217;alta qualitat i forma id\u00e8ntica. Aix\u00ed mateix podem realitzar<b> talls per mecanitzat CNC<\/b> quan es tracti de materials com el PVC o el policarbonat.<\/p><h2>Tallar Metacrilat a Plastic Express<\/h2><p>Per a<b> tallar metacrilat utilitzem una t\u00e8cnica efectiva <\/b>capa\u00e7 de tallar diferents peces en <a href=\"https:\/\/plasticexpress.es\/ca\/\"><b>materials de pl\u00e0stic<\/b><\/a> tan \u00fatils i vers\u00e0tils com aquest. Per a fer-ho possible duem a terme un proc\u00e9s dotat d&#8217;una font intensa com \u00e9s el l\u00e0ser, l&#8217;energia del qual es concentra en la superf\u00edcie de treball.<\/p><p>Consulta&#8217;ns i no et preocupis per res. Si et preguntes com tallar metacrilat, la resposta \u00e9s molt senzilla: <b>la nostra maquin\u00e0ria d&#8217;\u00faltima generaci\u00f3 s&#8217;encarregar\u00e0 d&#8217;obtenir el tall prec\u00eds<\/b> i l&#8217;acabat perfecte del <a href=\"https:\/\/plasticexpress.es\/ca\/materials-ca\/metacrilat\/\">metacrilat<\/a> que necessitis en qualsevol gruix i color. A m\u00e9s, aquesta t\u00e8cnica permet elaborar peces gravades amb gran exactitud i un acabat de canto polit.<\/p><p>Els <b>avantatges del tall l\u00e0ser s\u00f3n molts<\/b>, des de la precisi\u00f3 per a fer qualsevol figura personalitzada fins als cants polits, passant per la possibilitat de fer peces id\u00e8ntiques en un termini de temps redu\u00eft.<\/p><p>Aquesta t\u00e8cnica ofereix <b>un acabat net en materials pl\u00e0stics<\/b> que no aconsegueixen altres procediments similars. Ara b\u00e9, el tall l\u00e0ser de metacrilat s&#8217;empra per a realitzar gravats o talls passants i no sempre n&#8217;hi ha prou amb disposar d&#8217;aquesta mena de maquin\u00e0ria. Tot dep\u00e8n del treball a realitzar i de la complexitat de les peces produ\u00efdes.<\/p><p>Per aquesta ra\u00f3, a l&#8217;hora d&#8217;abordar qualsevol projecte,<b> el nostre equip t\u00e8cnic l&#8217;analitzar\u00e0 i revisar\u00e0 <\/b>per a realitzar els ajustos que siguin pertinents per a garantir una execuci\u00f3 de tall adequada. La nostra experi\u00e8ncia tamb\u00e9 resulta fonamental a l&#8217;hora d&#8217;emprar aquests sistemes, garantint amb aix\u00f2 els resultats que cerques.<\/p><h2>Tallar policarbonat a Plastic Express<\/h2><p>Si en comptes de fer un tall en metacrilat, necessites<b> tallar policarbonat<\/b>, la millor alternativa \u00e9s utilitzar el <a href=\"https:\/\/plasticexpress.es\/ca\/procesos\/mecanitzat-per-cnc\/\"><b>mecanitzat CNC<\/b><\/a>. El <a href=\"https:\/\/plasticexpress.es\/ca\/materials-ca\/policarbonat-compacte\/\">policarbonat<\/a> en ser tallat amb l\u00e0ser podria presentar cremades en el material, per la qual cosa \u00e9s millor optar per aquesta altra t\u00e8cnica m\u00e9s segura.<\/p><p>A l&#8217;hora de tallar peces de pl\u00e0stic, \u00e9s important preguntar-se si cal realitzar un acabat polit despr\u00e9s del tall. El<b> m\u00e8tode l\u00e0ser ofereix un acabat m\u00e9s net i poliment<\/b>, mentre que el tall per mecanitzat CNC deixa els cantos amb un acabat aspre i no polit. No obstant aix\u00f2, les peces de policarbonat resultants es poden polir i abrillantar a trav\u00e9s de l&#8217;\u00fas d&#8217;altres processos.<\/p><p>Abans del tall l\u00e0ser policarbonat \u00e9s preferible utilitzar el mecanitzat CNC, que a m\u00e9s d&#8217;oferir gravats i tallis passants com el l\u00e0ser, pot realitzar esquerdes, canals o caixeres.<\/p><h2>Servei de fusteria i cort de PVC<\/h2><p><b>A Plastic Express tamb\u00e9 disposem de tall i carpinter\u00eda PVC<\/b>. Per a dur-ho a terme comptem amb un <b>mecanitzat CNC o m\u00e0quines de fresat<\/b> que treballen amb broques que cuiden el material. Cal no oblidar que el l\u00e0ser pot produir \u00e0cid clorh\u00eddric i gasos t\u00f2xics en tallar PVC.<\/p><p>Aquesta t\u00e8cnica emprada executa<b> talls a mida de gran precisi\u00f3<\/b>, encara que necessita l&#8217;\u00fas de maquin\u00e0ria d&#8217;\u00faltima generaci\u00f3. En Plastic Express disposem de l&#8217;equip m\u00e9s avan\u00e7at i del personal m\u00e9s capacitat per a tallar PVC o qualsevol dels materials que comercialitzem.<\/p><p><b>El resultat del mecanitzat CNC es tradueix en talls a mida i una millor precisi\u00f3 <\/b>per a obtenir formes i figures variades en funci\u00f3 de les necessitats de cada client. A difer\u00e8ncia del tall l\u00e0ser, aquesta t\u00e8cnica no utilitza altes temperatures en la superf\u00edcie, d&#8217;aqu\u00ed ve que es pugui treballar pr\u00e0cticament amb qualsevol material tou.<\/p><p>L&#8217;\u00fanic inconvenient \u00e9s que no proporciona acabats en cantos tan nets, encara que a Plastic Express podem solucionar-ho f\u00e0cilment a trav\u00e9s d&#8217;altres procediments de poliment i abrillantat.<\/p><p>\u00a0<\/p><h2>Tria Plastic Express per al teu servei de tall de pl\u00e0stics a Barcelona<\/h2><p><b>A Pl\u00e0stic Express et proporcionarem l&#8217;assessorament que busques per als teus projectes<\/b>. Disposem d&#8217;un equip professional i multidisciplinari molt preparat, de manera que puguis seleccionar el material idoni i manipular-lo correctament d&#8217;acord amb les teves idees.<\/p><p>Si desitges un pressupost per al proc\u00e9s de tall l\u00e0ser o mecanitzat per CNC d&#8217;un dels nostres materials, <a href=\"https:\/\/plasticexpress.es\/ca\/procesos\/pressupostos-a-mida\/\"><b>emplena el formulari<\/b><\/a> que trobar\u00e0s a la web o envia&#8217;ns un email amb els detalls del teu projecte. N\u2019hi haur\u00e0 prou amb indicar-nos el material i el proc\u00e9s en els quals est\u00e0s interessat i ens posarem a treballar-hi. De qualsevol manera, t&#8217;informarem b\u00e9 sobre aquest tema perqu\u00e8 prenguis la millor decisi\u00f3.<\/p><p>Nom\u00e9s ens queda recordar-te que tenim descomptes especials per a professionals de la ind\u00fastria. Per a accedir a aquests, plena el nostre formulari de pressupostos per a professionals.<\/p>\t\t\t\t\t\t\t\t<\/div>\n\t\t\t\t<\/div>\n\t\t\t\t\t<\/div>\n\t\t<\/div>\n\t\t\t\t\t<\/div>\n\t\t<\/section>\n\t\t\t\t<\/div>\n\t\t","protected":false},"excerpt":{"rendered":"<p>A Plastic Express disposem de tot l&#8217;equipament necessari per a oferir-te un servei de tall de pl\u00e0stic avan\u00e7at. Gr\u00e0cies a la tecnologia m\u00e9s revolucion\u00e0ria podrem obtenir talls de pl\u00e0stic a mida segons els di\u00e0metres que desitgis, amb incisions d&#8217;ampl\u00e0ria m\u00ednima i talls a cotes bastant redu\u00efdes. El tall l\u00e0ser \u00e9s una alternativa molt flexible, perfecta [&hellip;]<\/p>\n","protected":false},"author":3,"featured_media":5262,"parent":6003,"menu_order":1,"comment_status":"closed","ping_status":"closed","template":"","meta":{"_acf_changed":false,"footnotes":""},"class_list":["post-9454","page","type-page","status-publish","has-post-thumbnail","hentry"],"acf":[],"yoast_head":"<!-- This site is optimized with the Yoast SEO plugin v27.2 - https:\/\/yoast.com\/product\/yoast-seo-wordpress\/ -->\n<title>Tall i Gravat L\u00e0ser de Materials Pl\u00e0stics | PlasticExpress<\/title>\n<meta name=\"description\" content=\"Amb maquin\u00e0ria d&#039;\u00faltima generaci\u00f3, a Plastic Express hem aconseguit un tall de precisi\u00f3 i un acabat perfecte per al metacrilat en totes les seves variants.\" \/>\n<meta name=\"robots\" content=\"index, follow, max-snippet:-1, max-image-preview:large, max-video-preview:-1\" \/>\n<link rel=\"canonical\" href=\"https:\/\/plasticexpress.es\/ca\/procesos-de-manufactura-de-materials-plastics\/tall-i-gravat-a-laser\/\" \/>\n<meta property=\"og:locale\" content=\"ca_ES\" \/>\n<meta property=\"og:type\" content=\"article\" \/>\n<meta property=\"og:title\" content=\"Tall i Gravat L\u00e0ser de Materials Pl\u00e0stics | PlasticExpress\" \/>\n<meta property=\"og:description\" content=\"Amb maquin\u00e0ria d&#039;\u00faltima generaci\u00f3, a Plastic Express hem aconseguit un tall de precisi\u00f3 i un acabat perfecte per al metacrilat en totes les seves variants.\" \/>\n<meta property=\"og:url\" content=\"https:\/\/plasticexpress.es\/ca\/procesos-de-manufactura-de-materials-plastics\/tall-i-gravat-a-laser\/\" \/>\n<meta property=\"og:site_name\" content=\"Plasticexpress\" \/>\n<meta property=\"article:modified_time\" content=\"2021-10-07T08:38:31+00:00\" \/>\n<meta property=\"og:image\" content=\"https:\/\/plasticexpress.es\/wp-content\/uploads\/2020\/11\/Corte-y-grabado-a-laser.jpg\" \/>\n\t<meta property=\"og:image:width\" content=\"850\" \/>\n\t<meta property=\"og:image:height\" content=\"604\" \/>\n\t<meta property=\"og:image:type\" content=\"image\/jpeg\" \/>\n<meta name=\"twitter:card\" content=\"summary_large_image\" \/>\n<meta name=\"twitter:label1\" content=\"Temps estimat de lectura\" \/>\n\t<meta name=\"twitter:data1\" content=\"4 minuts\" \/>\n<script type=\"application\/ld+json\" class=\"yoast-schema-graph\">{\"@context\":\"https:\/\/schema.org\",\"@graph\":[{\"@type\":\"WebPage\",\"@id\":\"https:\/\/plasticexpress.es\/ca\/procesos-de-manufactura-de-materials-plastics\/tall-i-gravat-a-laser\/\",\"url\":\"https:\/\/plasticexpress.es\/ca\/procesos-de-manufactura-de-materials-plastics\/tall-i-gravat-a-laser\/\",\"name\":\"Tall i Gravat L\u00e0ser de Materials Pl\u00e0stics | PlasticExpress\",\"isPartOf\":{\"@id\":\"https:\/\/plasticexpress.es\/ca\/#website\"},\"primaryImageOfPage\":{\"@id\":\"https:\/\/plasticexpress.es\/ca\/procesos-de-manufactura-de-materials-plastics\/tall-i-gravat-a-laser\/#primaryimage\"},\"image\":{\"@id\":\"https:\/\/plasticexpress.es\/ca\/procesos-de-manufactura-de-materials-plastics\/tall-i-gravat-a-laser\/#primaryimage\"},\"thumbnailUrl\":\"https:\/\/plasticexpress.es\/wp-content\/uploads\/2020\/11\/Corte-y-grabado-a-laser.jpg\",\"datePublished\":\"2021-04-06T01:21:30+00:00\",\"dateModified\":\"2021-10-07T08:38:31+00:00\",\"description\":\"Amb maquin\u00e0ria d'\u00faltima generaci\u00f3, a Plastic Express hem aconseguit un tall de precisi\u00f3 i un acabat perfecte per al metacrilat en totes les seves variants.\",\"breadcrumb\":{\"@id\":\"https:\/\/plasticexpress.es\/ca\/procesos-de-manufactura-de-materials-plastics\/tall-i-gravat-a-laser\/#breadcrumb\"},\"inLanguage\":\"ca\",\"potentialAction\":[{\"@type\":\"ReadAction\",\"target\":[\"https:\/\/plasticexpress.es\/ca\/procesos-de-manufactura-de-materials-plastics\/tall-i-gravat-a-laser\/\"]}]},{\"@type\":\"ImageObject\",\"inLanguage\":\"ca\",\"@id\":\"https:\/\/plasticexpress.es\/ca\/procesos-de-manufactura-de-materials-plastics\/tall-i-gravat-a-laser\/#primaryimage\",\"url\":\"https:\/\/plasticexpress.es\/wp-content\/uploads\/2020\/11\/Corte-y-grabado-a-laser.jpg\",\"contentUrl\":\"https:\/\/plasticexpress.es\/wp-content\/uploads\/2020\/11\/Corte-y-grabado-a-laser.jpg\",\"width\":850,\"height\":604},{\"@type\":\"BreadcrumbList\",\"@id\":\"https:\/\/plasticexpress.es\/ca\/procesos-de-manufactura-de-materials-plastics\/tall-i-gravat-a-laser\/#breadcrumb\",\"itemListElement\":[{\"@type\":\"ListItem\",\"position\":1,\"name\":\"Portada\",\"item\":\"https:\/\/plasticexpress.es\/ca\/\"},{\"@type\":\"ListItem\",\"position\":2,\"name\":\"Procesos\",\"item\":\"https:\/\/plasticexpress.es\/ca\/procesos-de-manufactura-de-materials-plastics\/\"},{\"@type\":\"ListItem\",\"position\":3,\"name\":\"Servei de tall de pl\u00e0stic a mida\"}]},{\"@type\":\"WebSite\",\"@id\":\"https:\/\/plasticexpress.es\/ca\/#website\",\"url\":\"https:\/\/plasticexpress.es\/ca\/\",\"name\":\"Plasticexpress\",\"description\":\"Venta de materiales y art\u00edculos de Metacrilato\",\"potentialAction\":[{\"@type\":\"SearchAction\",\"target\":{\"@type\":\"EntryPoint\",\"urlTemplate\":\"https:\/\/plasticexpress.es\/ca\/?s={search_term_string}\"},\"query-input\":{\"@type\":\"PropertyValueSpecification\",\"valueRequired\":true,\"valueName\":\"search_term_string\"}}],\"inLanguage\":\"ca\"}]}<\/script>\n<!-- \/ Yoast SEO plugin. -->","yoast_head_json":{"title":"Tall i Gravat L\u00e0ser de Materials Pl\u00e0stics | PlasticExpress","description":"Amb maquin\u00e0ria d'\u00faltima generaci\u00f3, a Plastic Express hem aconseguit un tall de precisi\u00f3 i un acabat perfecte per al metacrilat en totes les seves variants.","robots":{"index":"index","follow":"follow","max-snippet":"max-snippet:-1","max-image-preview":"max-image-preview:large","max-video-preview":"max-video-preview:-1"},"canonical":"https:\/\/plasticexpress.es\/ca\/procesos-de-manufactura-de-materials-plastics\/tall-i-gravat-a-laser\/","og_locale":"ca_ES","og_type":"article","og_title":"Tall i Gravat L\u00e0ser de Materials Pl\u00e0stics | PlasticExpress","og_description":"Amb maquin\u00e0ria d'\u00faltima generaci\u00f3, a Plastic Express hem aconseguit un tall de precisi\u00f3 i un acabat perfecte per al metacrilat en totes les seves variants.","og_url":"https:\/\/plasticexpress.es\/ca\/procesos-de-manufactura-de-materials-plastics\/tall-i-gravat-a-laser\/","og_site_name":"Plasticexpress","article_modified_time":"2021-10-07T08:38:31+00:00","og_image":[{"width":850,"height":604,"url":"https:\/\/plasticexpress.es\/wp-content\/uploads\/2020\/11\/Corte-y-grabado-a-laser.jpg","type":"image\/jpeg"}],"twitter_card":"summary_large_image","twitter_misc":{"Temps estimat de lectura":"4 minuts"},"schema":{"@context":"https:\/\/schema.org","@graph":[{"@type":"WebPage","@id":"https:\/\/plasticexpress.es\/ca\/procesos-de-manufactura-de-materials-plastics\/tall-i-gravat-a-laser\/","url":"https:\/\/plasticexpress.es\/ca\/procesos-de-manufactura-de-materials-plastics\/tall-i-gravat-a-laser\/","name":"Tall i Gravat L\u00e0ser de Materials Pl\u00e0stics | PlasticExpress","isPartOf":{"@id":"https:\/\/plasticexpress.es\/ca\/#website"},"primaryImageOfPage":{"@id":"https:\/\/plasticexpress.es\/ca\/procesos-de-manufactura-de-materials-plastics\/tall-i-gravat-a-laser\/#primaryimage"},"image":{"@id":"https:\/\/plasticexpress.es\/ca\/procesos-de-manufactura-de-materials-plastics\/tall-i-gravat-a-laser\/#primaryimage"},"thumbnailUrl":"https:\/\/plasticexpress.es\/wp-content\/uploads\/2020\/11\/Corte-y-grabado-a-laser.jpg","datePublished":"2021-04-06T01:21:30+00:00","dateModified":"2021-10-07T08:38:31+00:00","description":"Amb maquin\u00e0ria d'\u00faltima generaci\u00f3, a Plastic Express hem aconseguit un tall de precisi\u00f3 i un acabat perfecte per al metacrilat en totes les seves variants.","breadcrumb":{"@id":"https:\/\/plasticexpress.es\/ca\/procesos-de-manufactura-de-materials-plastics\/tall-i-gravat-a-laser\/#breadcrumb"},"inLanguage":"ca","potentialAction":[{"@type":"ReadAction","target":["https:\/\/plasticexpress.es\/ca\/procesos-de-manufactura-de-materials-plastics\/tall-i-gravat-a-laser\/"]}]},{"@type":"ImageObject","inLanguage":"ca","@id":"https:\/\/plasticexpress.es\/ca\/procesos-de-manufactura-de-materials-plastics\/tall-i-gravat-a-laser\/#primaryimage","url":"https:\/\/plasticexpress.es\/wp-content\/uploads\/2020\/11\/Corte-y-grabado-a-laser.jpg","contentUrl":"https:\/\/plasticexpress.es\/wp-content\/uploads\/2020\/11\/Corte-y-grabado-a-laser.jpg","width":850,"height":604},{"@type":"BreadcrumbList","@id":"https:\/\/plasticexpress.es\/ca\/procesos-de-manufactura-de-materials-plastics\/tall-i-gravat-a-laser\/#breadcrumb","itemListElement":[{"@type":"ListItem","position":1,"name":"Portada","item":"https:\/\/plasticexpress.es\/ca\/"},{"@type":"ListItem","position":2,"name":"Procesos","item":"https:\/\/plasticexpress.es\/ca\/procesos-de-manufactura-de-materials-plastics\/"},{"@type":"ListItem","position":3,"name":"Servei de tall de pl\u00e0stic a mida"}]},{"@type":"WebSite","@id":"https:\/\/plasticexpress.es\/ca\/#website","url":"https:\/\/plasticexpress.es\/ca\/","name":"Plasticexpress","description":"Venta de materiales y art\u00edculos de Metacrilato","potentialAction":[{"@type":"SearchAction","target":{"@type":"EntryPoint","urlTemplate":"https:\/\/plasticexpress.es\/ca\/?s={search_term_string}"},"query-input":{"@type":"PropertyValueSpecification","valueRequired":true,"valueName":"search_term_string"}}],"inLanguage":"ca"}]}},"_links":{"self":[{"href":"https:\/\/plasticexpress.es\/ca\/wp-json\/wp\/v2\/pages\/9454","targetHints":{"allow":["GET"]}}],"collection":[{"href":"https:\/\/plasticexpress.es\/ca\/wp-json\/wp\/v2\/pages"}],"about":[{"href":"https:\/\/plasticexpress.es\/ca\/wp-json\/wp\/v2\/types\/page"}],"author":[{"embeddable":true,"href":"https:\/\/plasticexpress.es\/ca\/wp-json\/wp\/v2\/users\/3"}],"replies":[{"embeddable":true,"href":"https:\/\/plasticexpress.es\/ca\/wp-json\/wp\/v2\/comments?post=9454"}],"version-history":[{"count":5,"href":"https:\/\/plasticexpress.es\/ca\/wp-json\/wp\/v2\/pages\/9454\/revisions"}],"predecessor-version":[{"id":12774,"href":"https:\/\/plasticexpress.es\/ca\/wp-json\/wp\/v2\/pages\/9454\/revisions\/12774"}],"up":[{"embeddable":true,"href":"https:\/\/plasticexpress.es\/ca\/wp-json\/wp\/v2\/pages\/6003"}],"wp:featuredmedia":[{"embeddable":true,"href":"https:\/\/plasticexpress.es\/ca\/wp-json\/wp\/v2\/media\/5262"}],"wp:attachment":[{"href":"https:\/\/plasticexpress.es\/ca\/wp-json\/wp\/v2\/media?parent=9454"}],"curies":[{"name":"wp","href":"https:\/\/api.w.org\/{rel}","templated":true}]}}