

{"id":9463,"date":"2021-04-06T03:50:01","date_gmt":"2021-04-06T02:50:01","guid":{"rendered":"https:\/\/plasticexpress.es\/procesos\/polit-i-abrillantat-de-materials-plastics\/"},"modified":"2022-05-26T12:33:25","modified_gmt":"2022-05-26T11:33:25","slug":"polit-i-abrillantat-de-materials-plastics","status":"publish","type":"page","link":"https:\/\/plasticexpress.es\/ca\/procesos-de-manufactura-de-materials-plastics\/polit-i-abrillantat-de-materials-plastics\/","title":{"rendered":"Polit i abrillantat de materials pl\u00e0stics"},"content":{"rendered":"<p>El <b>poliment i abrillantat<\/b> \u00e9s una t\u00e8cnica que es treballa sobre <b>metacrilat i materials pl\u00e0stics <\/b>per a oferir un acabat acurat. Aquest procediment permet que les peces adquireixin un <b>aspecte definit i sense asprors<\/b> per a obtenir la m\u00e0xima qualitat en la superf\u00edcie, de la mateixa manera que acaba amb les marques, el ratllat o els possibles desperfectes que es perceben a simple vista, ocasionats per la manipulaci\u00f3 dels materials.<\/p>\n<p>&nbsp;<\/p>\n<h2>En qu\u00e8 consisteix el poliment i abrillantat de pl\u00e0stics<\/h2>\n<p>Per a polir pl\u00e0stic es fa \u00fas d&#8217;un sistema mecanitzat CNC, una maquin\u00e0ria d&#8217;\u00faltima generaci\u00f3 amb la qual es pot aconseguir una <b>definici\u00f3 precisa i cuidada <\/b>sobre el material, un treball que tamb\u00e9 es pot aplicar si es desitja polir metacrilat.<\/p>\n<p>&nbsp;<\/p>\n<p>Des de Plastic Express oferim un servei professional per a proporcionar els millors acabats sense importar les grand\u00e0ries, tipologies o gruix. A trav\u00e9s d&#8217;una rectificadora de cants industrial, s&#8217;ofereix l&#8217;oportunitat de realitzar un poliment de metacrilat realment interessant per a aconseguir una correcta definici\u00f3 del producte.<\/p>\n<p>&nbsp;<\/p>\n<p>Els cantons polits, la qualitat \u00f2ptica en juntes, l&#8217;alta qualitat \u00f2ptica en peces <a href=\"https:\/\/plasticexpress.es\/ca\/procesos\/mecanitzat-per-cnc\/\"><b>mecanitzades per CNC<\/b><\/a> i restauraci\u00f3 de peces segons les necessitats, s\u00f3n alguns dels serveis que ofereix Plastic Express. Per aix\u00f2, s&#8217;atenen els requeriments del client amb la finalitat de proporcionar-li la m\u00e0xima qualitat.<\/p>\n<p>&nbsp;<\/p>\n<p>Es garanteix, aix\u00ed, una <b>millora de l&#8217;estat dels articles per a restaurar <\/b>aquelles peces que es trobin desgastades o en un estat de deterioraci\u00f3 considerable. Per a aix\u00f2, es procedeix a polir i fer l&#8217;abrillantat de pl\u00e0stic professional.<\/p>\n<p>&nbsp;<\/p>\n<h2>Per a qu\u00e8 s&#8217;utilitza el poliment i abrillantat de materials pl\u00e0stics<\/h2>\n<p>&nbsp;<\/p>\n<p>El treball d&#8217;abrillantat pl\u00e0stic ofereix la possibilitat de treballar sobre materials que, b\u00e0sicament, necessiten <b>un acabat definit i tractat amb cura<\/b>. Per a aix\u00f2, s&#8217;interv\u00e9 amb la millor maquin\u00e0ria per a garantir la correcta definici\u00f3 sobretot tipus d&#8217;articles de metacrilat. A m\u00e9s, tamb\u00e9 existeix la possibilitat de treballar sobre els seg\u00fcents recursos:<\/p>\n<p>&nbsp;<\/p>\n<ul>\n<li aria-level=\"1\"><a href=\"https:\/\/plasticexpress.es\/ca\/articles-ca\/caixes-i-urnes\/\">Caixes incolores de metacrilat<\/a>.<\/li>\n<li aria-level=\"1\">Mampares de protecci\u00f3 anticontagi.<\/li>\n<li aria-level=\"1\">R\u00e8tols.<\/li>\n<li aria-level=\"1\">Renovaci\u00f3 de superf\u00edcies de metacrilat.<\/li>\n<li aria-level=\"1\">Vitrines transparents o semitransparentes.<\/li>\n<li aria-level=\"1\"><a href=\"https:\/\/plasticexpress.es\/ca\/articles-ca\/escaparatismo-ca\/\">Aparadorisme<\/a>.<\/li>\n<\/ul>\n<p>L&#8217;aplicaci\u00f3 mecanitzada que ofereixen els professionals de Plastic Express fa que les peces quedin perfectament definides i amb <b>un patr\u00f3 marcat d&#8217;acord amb la geometria sol\u00b7licitada<\/b>. Els passos queden ordenats i s&#8217;estipulen una s\u00e8rie d&#8217;operacions que determinaran la forma del producte final. La precisi\u00f3 \u00e9s una de les qualitats del procediment que, en realitat, t\u00e9 la capacitat de polir pl\u00e0stics de manera eficient i natural.<\/p>\n<p>&nbsp;<\/p>\n<h2>Qu\u00e8 \u00e9s l&#8217;abrillantat de metacrilat<\/h2>\n<p>Quan ens referim al treball d&#8217;abrillantat de metacrilat, es procedeix en les <b>zones mecanitzades<\/b> per a aconseguir un acabat de qualitat. D&#8217;aquesta manera, s&#8217;eliminen totes les marques i impureses que hagi ocasionat el tall o que tingui el propi material despr\u00e9s del seu \u00fas. El resultat? S&#8217;eliminen totes les asprors, el ratllat o les marques, de tal manera que s&#8217;aconsegueix una aparen\u00e7a definida despr\u00e9s d&#8217;haver-se manipulat el producte amb els talls amb mecanitzat CNC.<\/p>\n<p>La maquin\u00e0ria per a abrillantar metacrilat ofereix un<b> resultat professional<\/b>. Es poleixen els cantos, es millora la imatge externa i queda una superf\u00edcie llisa i suau mitjan\u00e7ant la millor maquin\u00e0ria per a aconseguir el millor resultat. Des d&#8217;una perspectiva industrial, es poden fer tot tipus de treballs per a arrodonir formes, polir cantos, treballar superf\u00edcies en format circular i tractar de deixar el material polit i ben depurat.<\/p>\n<p>El resultat que s&#8217;obt\u00e9 es caracteritza per ser realment interessant per a aconseguir, aix\u00ed, una <b>imatge elegant, sofisticada i de disseny<\/b>. L&#8217;alta qualitat \u00f2ptica en les juntes i el treball sobre materials de metacrilat i pl\u00e0stics, fa que no es danyi la claredat del producte ni tampoc es perdin les transpar\u00e8ncies. Aparentment, s&#8217;aconsegueix una major definici\u00f3 en el resultat i es compleixen amb les expectatives desitjades, gr\u00e0cies a la professionalitat dels nostres experts en polir i abrillantar.<\/p>\n<p>&nbsp;<\/p>\n<h2>Com demanar un proc\u00e9s de poliment i abrillantat?<\/h2>\n<p>A Plastic Express oferim assessorament per a millorar el resultat final. El nostre equip de professionals ajuda en la selecci\u00f3 del material i en el treball de manipulaci\u00f3 per a dur a terme les idees que ens proposen els nostres clients. Per a tenir un coneixement m\u00e9s prec\u00eds sobre les possibilitats que proporcionen els nostres professionals,oferim l\u2019oportunitat de posar-se en contacte amb ells a trav\u00e9s de l&#8217;email <a href=\"mailto:info@plasticexpress.es\"><b>info@plasticexpress.es<\/b><\/a><\/p>\n<p>Per a entaular contacte, cal assenyalar quines s\u00f3n les pretensions desitjades i el material que es precisa, tant si \u00e9s per a <b>poliment com abrillantat de metacrilat<\/b>. Recorda que si ets professional de la ind\u00fastria, pots obtenir descomptes especials accedint al formulari de pressupostos per a professionals.<\/p>\n<p>L&#8217;atenci\u00f3 pr\u00f2xima \u00e9s una de les qualitats pr\u00f2pies dels nostres professionals. Plastic Express garanteix un resultat de qualitat gr\u00e0cies a l&#8217;efici\u00e8ncia de la maquin\u00e0ria que, a grans trets, fa efectius els bons resultats, sense oblidar que podem <b>treballar en els projectes m\u00e9s ambiciosos<\/b> que puguis tenir, tant a nivell particular com d&#8217;empresa; per aquesta ra\u00f3, som l\u00edders en abrillantar i polir materials pl\u00e0stics i de metacrilat.<\/p>\n","protected":false},"excerpt":{"rendered":"<p>El poliment i abrillantat \u00e9s una t\u00e8cnica que es treballa sobre metacrilat i materials pl\u00e0stics per a oferir un acabat acurat. Aquest procediment permet que les peces adquireixin un aspecte definit i sense asprors per a obtenir la m\u00e0xima qualitat en la superf\u00edcie, de la mateixa manera que acaba amb les marques, el ratllat o [&hellip;]<\/p>\n","protected":false},"author":3,"featured_media":5266,"parent":6003,"menu_order":3,"comment_status":"closed","ping_status":"closed","template":"","meta":{"_acf_changed":false,"footnotes":""},"class_list":["post-9463","page","type-page","status-publish","has-post-thumbnail","hentry"],"acf":[],"yoast_head":"<!-- This site is optimized with the Yoast SEO plugin v27.2 - https:\/\/yoast.com\/product\/yoast-seo-wordpress\/ -->\n<title>Poliment i Abrillantat de Materials Pl\u00e0stics | PlasticExpress<\/title>\n<meta name=\"description\" content=\"Si busques un servei professional d&#039;abrillantat o poliment de metacrilat, policarbonat, PVC; demana pressupost a Plastic Express,.\" \/>\n<meta name=\"robots\" content=\"index, follow, max-snippet:-1, max-image-preview:large, max-video-preview:-1\" \/>\n<link rel=\"canonical\" href=\"https:\/\/plasticexpress.es\/ca\/procesos-de-manufactura-de-materials-plastics\/polit-i-abrillantat-de-materials-plastics\/\" \/>\n<meta property=\"og:locale\" content=\"ca_ES\" \/>\n<meta property=\"og:type\" content=\"article\" \/>\n<meta property=\"og:title\" content=\"Poliment i Abrillantat de Materials Pl\u00e0stics | PlasticExpress\" \/>\n<meta property=\"og:description\" content=\"Si busques un servei professional d&#039;abrillantat o poliment de metacrilat, policarbonat, PVC; demana pressupost a Plastic Express,.\" \/>\n<meta property=\"og:url\" content=\"https:\/\/plasticexpress.es\/ca\/procesos-de-manufactura-de-materials-plastics\/polit-i-abrillantat-de-materials-plastics\/\" \/>\n<meta property=\"og:site_name\" content=\"Plasticexpress\" \/>\n<meta property=\"article:modified_time\" content=\"2022-05-26T11:33:25+00:00\" \/>\n<meta property=\"og:image\" content=\"https:\/\/plasticexpress.es\/wp-content\/uploads\/2020\/11\/Pulido-y-abrillantado.jpg\" \/>\n\t<meta property=\"og:image:width\" content=\"850\" \/>\n\t<meta property=\"og:image:height\" content=\"604\" \/>\n\t<meta property=\"og:image:type\" content=\"image\/jpeg\" \/>\n<meta name=\"twitter:card\" content=\"summary_large_image\" \/>\n<meta name=\"twitter:label1\" content=\"Temps estimat de lectura\" \/>\n\t<meta name=\"twitter:data1\" content=\"4 minuts\" \/>\n<script type=\"application\/ld+json\" class=\"yoast-schema-graph\">{\"@context\":\"https:\/\/schema.org\",\"@graph\":[{\"@type\":\"WebPage\",\"@id\":\"https:\/\/plasticexpress.es\/ca\/procesos-de-manufactura-de-materials-plastics\/polit-i-abrillantat-de-materials-plastics\/\",\"url\":\"https:\/\/plasticexpress.es\/ca\/procesos-de-manufactura-de-materials-plastics\/polit-i-abrillantat-de-materials-plastics\/\",\"name\":\"Poliment i Abrillantat de Materials Pl\u00e0stics | PlasticExpress\",\"isPartOf\":{\"@id\":\"https:\/\/plasticexpress.es\/ca\/#website\"},\"primaryImageOfPage\":{\"@id\":\"https:\/\/plasticexpress.es\/ca\/procesos-de-manufactura-de-materials-plastics\/polit-i-abrillantat-de-materials-plastics\/#primaryimage\"},\"image\":{\"@id\":\"https:\/\/plasticexpress.es\/ca\/procesos-de-manufactura-de-materials-plastics\/polit-i-abrillantat-de-materials-plastics\/#primaryimage\"},\"thumbnailUrl\":\"https:\/\/plasticexpress.es\/wp-content\/uploads\/2020\/11\/Pulido-y-abrillantado.jpg\",\"datePublished\":\"2021-04-06T02:50:01+00:00\",\"dateModified\":\"2022-05-26T11:33:25+00:00\",\"description\":\"Si busques un servei professional d'abrillantat o poliment de metacrilat, policarbonat, PVC; demana pressupost a Plastic Express,.\",\"breadcrumb\":{\"@id\":\"https:\/\/plasticexpress.es\/ca\/procesos-de-manufactura-de-materials-plastics\/polit-i-abrillantat-de-materials-plastics\/#breadcrumb\"},\"inLanguage\":\"ca\",\"potentialAction\":[{\"@type\":\"ReadAction\",\"target\":[\"https:\/\/plasticexpress.es\/ca\/procesos-de-manufactura-de-materials-plastics\/polit-i-abrillantat-de-materials-plastics\/\"]}]},{\"@type\":\"ImageObject\",\"inLanguage\":\"ca\",\"@id\":\"https:\/\/plasticexpress.es\/ca\/procesos-de-manufactura-de-materials-plastics\/polit-i-abrillantat-de-materials-plastics\/#primaryimage\",\"url\":\"https:\/\/plasticexpress.es\/wp-content\/uploads\/2020\/11\/Pulido-y-abrillantado.jpg\",\"contentUrl\":\"https:\/\/plasticexpress.es\/wp-content\/uploads\/2020\/11\/Pulido-y-abrillantado.jpg\",\"width\":850,\"height\":604},{\"@type\":\"BreadcrumbList\",\"@id\":\"https:\/\/plasticexpress.es\/ca\/procesos-de-manufactura-de-materials-plastics\/polit-i-abrillantat-de-materials-plastics\/#breadcrumb\",\"itemListElement\":[{\"@type\":\"ListItem\",\"position\":1,\"name\":\"Portada\",\"item\":\"https:\/\/plasticexpress.es\/ca\/\"},{\"@type\":\"ListItem\",\"position\":2,\"name\":\"Procesos\",\"item\":\"https:\/\/plasticexpress.es\/ca\/procesos-de-manufactura-de-materials-plastics\/\"},{\"@type\":\"ListItem\",\"position\":3,\"name\":\"Polit i abrillantat de materials pl\u00e0stics\"}]},{\"@type\":\"WebSite\",\"@id\":\"https:\/\/plasticexpress.es\/ca\/#website\",\"url\":\"https:\/\/plasticexpress.es\/ca\/\",\"name\":\"Plasticexpress\",\"description\":\"Venta de materiales y art\u00edculos de Metacrilato\",\"potentialAction\":[{\"@type\":\"SearchAction\",\"target\":{\"@type\":\"EntryPoint\",\"urlTemplate\":\"https:\/\/plasticexpress.es\/ca\/?s={search_term_string}\"},\"query-input\":{\"@type\":\"PropertyValueSpecification\",\"valueRequired\":true,\"valueName\":\"search_term_string\"}}],\"inLanguage\":\"ca\"}]}<\/script>\n<!-- \/ Yoast SEO plugin. -->","yoast_head_json":{"title":"Poliment i Abrillantat de Materials Pl\u00e0stics | PlasticExpress","description":"Si busques un servei professional d'abrillantat o poliment de metacrilat, policarbonat, PVC; demana pressupost a Plastic Express,.","robots":{"index":"index","follow":"follow","max-snippet":"max-snippet:-1","max-image-preview":"max-image-preview:large","max-video-preview":"max-video-preview:-1"},"canonical":"https:\/\/plasticexpress.es\/ca\/procesos-de-manufactura-de-materials-plastics\/polit-i-abrillantat-de-materials-plastics\/","og_locale":"ca_ES","og_type":"article","og_title":"Poliment i Abrillantat de Materials Pl\u00e0stics | PlasticExpress","og_description":"Si busques un servei professional d'abrillantat o poliment de metacrilat, policarbonat, PVC; demana pressupost a Plastic Express,.","og_url":"https:\/\/plasticexpress.es\/ca\/procesos-de-manufactura-de-materials-plastics\/polit-i-abrillantat-de-materials-plastics\/","og_site_name":"Plasticexpress","article_modified_time":"2022-05-26T11:33:25+00:00","og_image":[{"width":850,"height":604,"url":"https:\/\/plasticexpress.es\/wp-content\/uploads\/2020\/11\/Pulido-y-abrillantado.jpg","type":"image\/jpeg"}],"twitter_card":"summary_large_image","twitter_misc":{"Temps estimat de lectura":"4 minuts"},"schema":{"@context":"https:\/\/schema.org","@graph":[{"@type":"WebPage","@id":"https:\/\/plasticexpress.es\/ca\/procesos-de-manufactura-de-materials-plastics\/polit-i-abrillantat-de-materials-plastics\/","url":"https:\/\/plasticexpress.es\/ca\/procesos-de-manufactura-de-materials-plastics\/polit-i-abrillantat-de-materials-plastics\/","name":"Poliment i Abrillantat de Materials Pl\u00e0stics | PlasticExpress","isPartOf":{"@id":"https:\/\/plasticexpress.es\/ca\/#website"},"primaryImageOfPage":{"@id":"https:\/\/plasticexpress.es\/ca\/procesos-de-manufactura-de-materials-plastics\/polit-i-abrillantat-de-materials-plastics\/#primaryimage"},"image":{"@id":"https:\/\/plasticexpress.es\/ca\/procesos-de-manufactura-de-materials-plastics\/polit-i-abrillantat-de-materials-plastics\/#primaryimage"},"thumbnailUrl":"https:\/\/plasticexpress.es\/wp-content\/uploads\/2020\/11\/Pulido-y-abrillantado.jpg","datePublished":"2021-04-06T02:50:01+00:00","dateModified":"2022-05-26T11:33:25+00:00","description":"Si busques un servei professional d'abrillantat o poliment de metacrilat, policarbonat, PVC; demana pressupost a Plastic Express,.","breadcrumb":{"@id":"https:\/\/plasticexpress.es\/ca\/procesos-de-manufactura-de-materials-plastics\/polit-i-abrillantat-de-materials-plastics\/#breadcrumb"},"inLanguage":"ca","potentialAction":[{"@type":"ReadAction","target":["https:\/\/plasticexpress.es\/ca\/procesos-de-manufactura-de-materials-plastics\/polit-i-abrillantat-de-materials-plastics\/"]}]},{"@type":"ImageObject","inLanguage":"ca","@id":"https:\/\/plasticexpress.es\/ca\/procesos-de-manufactura-de-materials-plastics\/polit-i-abrillantat-de-materials-plastics\/#primaryimage","url":"https:\/\/plasticexpress.es\/wp-content\/uploads\/2020\/11\/Pulido-y-abrillantado.jpg","contentUrl":"https:\/\/plasticexpress.es\/wp-content\/uploads\/2020\/11\/Pulido-y-abrillantado.jpg","width":850,"height":604},{"@type":"BreadcrumbList","@id":"https:\/\/plasticexpress.es\/ca\/procesos-de-manufactura-de-materials-plastics\/polit-i-abrillantat-de-materials-plastics\/#breadcrumb","itemListElement":[{"@type":"ListItem","position":1,"name":"Portada","item":"https:\/\/plasticexpress.es\/ca\/"},{"@type":"ListItem","position":2,"name":"Procesos","item":"https:\/\/plasticexpress.es\/ca\/procesos-de-manufactura-de-materials-plastics\/"},{"@type":"ListItem","position":3,"name":"Polit i abrillantat de materials pl\u00e0stics"}]},{"@type":"WebSite","@id":"https:\/\/plasticexpress.es\/ca\/#website","url":"https:\/\/plasticexpress.es\/ca\/","name":"Plasticexpress","description":"Venta de materiales y art\u00edculos de Metacrilato","potentialAction":[{"@type":"SearchAction","target":{"@type":"EntryPoint","urlTemplate":"https:\/\/plasticexpress.es\/ca\/?s={search_term_string}"},"query-input":{"@type":"PropertyValueSpecification","valueRequired":true,"valueName":"search_term_string"}}],"inLanguage":"ca"}]}},"_links":{"self":[{"href":"https:\/\/plasticexpress.es\/ca\/wp-json\/wp\/v2\/pages\/9463","targetHints":{"allow":["GET"]}}],"collection":[{"href":"https:\/\/plasticexpress.es\/ca\/wp-json\/wp\/v2\/pages"}],"about":[{"href":"https:\/\/plasticexpress.es\/ca\/wp-json\/wp\/v2\/types\/page"}],"author":[{"embeddable":true,"href":"https:\/\/plasticexpress.es\/ca\/wp-json\/wp\/v2\/users\/3"}],"replies":[{"embeddable":true,"href":"https:\/\/plasticexpress.es\/ca\/wp-json\/wp\/v2\/comments?post=9463"}],"version-history":[{"count":5,"href":"https:\/\/plasticexpress.es\/ca\/wp-json\/wp\/v2\/pages\/9463\/revisions"}],"predecessor-version":[{"id":16207,"href":"https:\/\/plasticexpress.es\/ca\/wp-json\/wp\/v2\/pages\/9463\/revisions\/16207"}],"up":[{"embeddable":true,"href":"https:\/\/plasticexpress.es\/ca\/wp-json\/wp\/v2\/pages\/6003"}],"wp:featuredmedia":[{"embeddable":true,"href":"https:\/\/plasticexpress.es\/ca\/wp-json\/wp\/v2\/media\/5266"}],"wp:attachment":[{"href":"https:\/\/plasticexpress.es\/ca\/wp-json\/wp\/v2\/media?parent=9463"}],"curies":[{"name":"wp","href":"https:\/\/api.w.org\/{rel}","templated":true}]}}