

{"id":9469,"date":"2021-04-06T04:21:10","date_gmt":"2021-04-06T03:21:10","guid":{"rendered":"https:\/\/plasticexpress.es\/procesos\/impressio-digital-sobre-materials-plastics\/"},"modified":"2021-07-06T08:07:02","modified_gmt":"2021-07-06T07:07:02","slug":"impressio-digital-sobre-materials-plastics","status":"publish","type":"page","link":"https:\/\/plasticexpress.es\/ca\/procesos-de-manufactura-de-materials-plastics\/impressio-digital-sobre-materials-plastics\/","title":{"rendered":"Impressi\u00f3 digital sobre materials pl\u00e0stics"},"content":{"rendered":"<p>La impressi\u00f3 digital sobre materials pl\u00e0stics com a suports r\u00edgids \u00e9s un proc\u00e9s que podem aplicar a molts dels materials que comercialitzem, la qual cosa t\u00e9 com a resultat diferents efectes en les peces acabades.<\/p>\n<p>A partir d&#8217;, maquin\u00e0ria d&#8217;\u00faltima generaci\u00f3, en Plastic Express vam aconseguir una impressi\u00f3 digital sobre materials pl\u00e0stics d&#8217;alta qualitat \u00f2ptica. A m\u00e9s, podem oferir la retolaci\u00f3 amb vinil de tall, impressi\u00f3 UVI o serigrafia segons quantitats.<\/p>\n<p>En conseq\u00fc\u00e8ncia a l&#8217;avan\u00e7 de la tecnologia en la impressi\u00f3 digital, avui dia es pot aplicar aquesta t\u00e8cnica sobre una gran diversitat de materials com el <a href=\"https:\/\/plasticexpress.es\/materiales\/metacrilato\/\">metacrilat<\/a>, <a href=\"https:\/\/plasticexpress.es\/materiales\/policarbonato-celular\/\">policarbonat cel\u00b7lular<\/a>, <a href=\"https:\/\/plasticexpress.es\/materiales\/pvc-espumado\/\">PVC escumat<\/a>, <a href=\"https:\/\/plasticexpress.es\/materiales\/pvc-rigido\/\">PVC r\u00edgid<\/a>, <a href=\"https:\/\/plasticexpress.es\/materiales\/polipropileno-celular\/\">polipropil\u00e8 cel\u00b7lular<\/a> i <a href=\"https:\/\/plasticexpress.es\/materiales\/panel-compuesto-de-aluminio\/\">composite d&#8217;alumini<\/a> amb excel\u00b7lents acabats i qualitat \u00f2ptica.<\/p>\n<p>A m\u00e9s a pots combinar el proc\u00e9s d&#8217;impressi\u00f3 digital al costat dels processos de <a href=\"https:\/\/plasticexpress.es\/procesos-de-manufactura-de-materiales-plasticos\/corte-y-grabado-a-laser\/\">tall l\u00e0ser<\/a> o <a href=\"https:\/\/plasticexpress.es\/procesos-de-manufactura-de-materiales-plasticos\/mecanizado-por-cnc\/\">mecanitzat per router CNC<\/a> per obtenir peces impreses amb formes personalitzades.<\/p>\n<p>Com a resultat, obteniu els teus articles amb els avantatges de la impressi\u00f3 digital sobre materials pl\u00e0stics,<strong>peces personalitzades, alta qualitat \u00f2ptica, suports per a impressi\u00f3 lleugers, suports per a impressi\u00f3 de baix cost.<\/strong><\/p>\n<h2><strong>APLICACIONS<\/strong><\/h2>\n<ul>\n<li>Estands<\/li>\n<li>Sector minorista<\/li>\n<li>Sector PLV<\/li>\n<li>Esdeveniments<\/li>\n<li>Senyal\u00e8tica<\/li>\n<li>Interiorisme<\/li>\n<li>Lletres corp\u00f2ries<\/li>\n<li>R\u00e8tols<\/li>\n<li>Plaques<\/li>\n<li>Expositors<\/li>\n<li>Trofeus<\/li>\n<li>Cartells<\/li>\n<li>Decoraci\u00f3<\/li>\n<\/ul>\n<h2><strong>COM SOL\u00b7LICITO APLICAR UN PROC\u00c9S PER A IMPRESSI\u00d3 DIGITAL SOBRE MATERIALS PL\u00c0STICS?<\/strong><\/h2>\n<p>Finalment en Plastic Express et brindem assessoria en els teus projectes, comptem amb un equip professional i multidisciplinari per ajudar-te a seleccionar el material i la manipulaci\u00f3 necess\u00e0ria per executar les teves idees.<\/p>\n<p>Per poder oferir-te un pressupost per al proc\u00e9s d&#8217;impressi\u00f3 digital sobre algun material dels que comercialitzem, omple el formulari de la dreta o envia&#8217;ns un correu a l&#8217;email <a href=\"mailto:info@plasticexpress.es\"><strong>info@plasticexpress.es<\/strong><\/a> amb la seg\u00fcent informaci\u00f3:<\/p>\n<p>En l&#8217;assumpte indica el proc\u00e9s de qu\u00e8 estiguis interessat i el material com, per exemple, impressi\u00f3 digital metacrilat.<\/p>\n<p>Recorda que si ets un professional de la ind\u00fastria pots obtenir descomptes especials accedint a l&#8217;formulari de <a href=\"https:\/\/plasticexpress.es\/procesos-de-manufactura-de-materiales-plasticos\/presupuestos-para-profesionales\/\">pressupostos per a professionals.<\/a><\/p>\n","protected":false},"excerpt":{"rendered":"<p>La impressi\u00f3 digital sobre materials pl\u00e0stics com a suports r\u00edgids \u00e9s un proc\u00e9s que podem aplicar a molts dels materials que comercialitzem, la qual cosa t\u00e9 com a resultat diferents efectes en les peces acabades. A partir d&#8217;, maquin\u00e0ria d&#8217;\u00faltima generaci\u00f3, en Plastic Express vam aconseguir una impressi\u00f3 digital sobre materials pl\u00e0stics d&#8217;alta qualitat \u00f2ptica. [&hellip;]<\/p>\n","protected":false},"author":3,"featured_media":5268,"parent":6003,"menu_order":7,"comment_status":"closed","ping_status":"closed","template":"","meta":{"_acf_changed":false,"footnotes":""},"class_list":["post-9469","page","type-page","status-publish","has-post-thumbnail","hentry"],"acf":[],"yoast_head":"<!-- This site is optimized with the Yoast SEO plugin v27.4 - https:\/\/yoast.com\/product\/yoast-seo-wordpress\/ -->\n<title>Impressi\u00f3 Digital sobre Materials Pl\u00e0stics | PlasticExpress<\/title>\n<meta name=\"description\" content=\"Gr\u00e0cies a l&#039;avan\u00e7 en impressi\u00f3 digital, avui en dia es pot aplicar aquesta t\u00e8cnica sobre una gran varietat de materials com el metacrilat o policarbonat.\" \/>\n<meta name=\"robots\" content=\"index, follow, max-snippet:-1, max-image-preview:large, max-video-preview:-1\" \/>\n<link rel=\"canonical\" href=\"https:\/\/plasticexpress.es\/ca\/procesos-de-manufactura-de-materials-plastics\/impressio-digital-sobre-materials-plastics\/\" \/>\n<meta property=\"og:locale\" content=\"ca_ES\" \/>\n<meta property=\"og:type\" content=\"article\" \/>\n<meta property=\"og:title\" content=\"Impressi\u00f3 Digital sobre Materials Pl\u00e0stics | PlasticExpress\" \/>\n<meta property=\"og:description\" content=\"Gr\u00e0cies a l&#039;avan\u00e7 en impressi\u00f3 digital, avui en dia es pot aplicar aquesta t\u00e8cnica sobre una gran varietat de materials com el metacrilat o policarbonat.\" \/>\n<meta property=\"og:url\" content=\"https:\/\/plasticexpress.es\/ca\/procesos-de-manufactura-de-materials-plastics\/impressio-digital-sobre-materials-plastics\/\" \/>\n<meta property=\"og:site_name\" content=\"Plasticexpress\" \/>\n<meta property=\"article:modified_time\" content=\"2021-07-06T07:07:02+00:00\" \/>\n<meta property=\"og:image\" content=\"https:\/\/plasticexpress.es\/wp-content\/uploads\/2020\/11\/impresion-digital-01.jpg\" \/>\n\t<meta property=\"og:image:width\" content=\"850\" \/>\n\t<meta property=\"og:image:height\" content=\"604\" \/>\n\t<meta property=\"og:image:type\" content=\"image\/jpeg\" \/>\n<meta name=\"twitter:card\" content=\"summary_large_image\" \/>\n<meta name=\"twitter:label1\" content=\"Temps estimat de lectura\" \/>\n\t<meta name=\"twitter:data1\" content=\"2 minuts\" \/>\n<script type=\"application\/ld+json\" class=\"yoast-schema-graph\">{\"@context\":\"https:\\\/\\\/schema.org\",\"@graph\":[{\"@type\":\"WebPage\",\"@id\":\"https:\\\/\\\/plasticexpress.es\\\/ca\\\/procesos-de-manufactura-de-materials-plastics\\\/impressio-digital-sobre-materials-plastics\\\/\",\"url\":\"https:\\\/\\\/plasticexpress.es\\\/ca\\\/procesos-de-manufactura-de-materials-plastics\\\/impressio-digital-sobre-materials-plastics\\\/\",\"name\":\"Impressi\u00f3 Digital sobre Materials Pl\u00e0stics | PlasticExpress\",\"isPartOf\":{\"@id\":\"https:\\\/\\\/plasticexpress.es\\\/ca\\\/#website\"},\"primaryImageOfPage\":{\"@id\":\"https:\\\/\\\/plasticexpress.es\\\/ca\\\/procesos-de-manufactura-de-materials-plastics\\\/impressio-digital-sobre-materials-plastics\\\/#primaryimage\"},\"image\":{\"@id\":\"https:\\\/\\\/plasticexpress.es\\\/ca\\\/procesos-de-manufactura-de-materials-plastics\\\/impressio-digital-sobre-materials-plastics\\\/#primaryimage\"},\"thumbnailUrl\":\"https:\\\/\\\/plasticexpress.es\\\/wp-content\\\/uploads\\\/2020\\\/11\\\/impresion-digital-01.jpg\",\"datePublished\":\"2021-04-06T03:21:10+00:00\",\"dateModified\":\"2021-07-06T07:07:02+00:00\",\"description\":\"Gr\u00e0cies a l'avan\u00e7 en impressi\u00f3 digital, avui en dia es pot aplicar aquesta t\u00e8cnica sobre una gran varietat de materials com el metacrilat o policarbonat.\",\"breadcrumb\":{\"@id\":\"https:\\\/\\\/plasticexpress.es\\\/ca\\\/procesos-de-manufactura-de-materials-plastics\\\/impressio-digital-sobre-materials-plastics\\\/#breadcrumb\"},\"inLanguage\":\"ca\",\"potentialAction\":[{\"@type\":\"ReadAction\",\"target\":[\"https:\\\/\\\/plasticexpress.es\\\/ca\\\/procesos-de-manufactura-de-materials-plastics\\\/impressio-digital-sobre-materials-plastics\\\/\"]}]},{\"@type\":\"ImageObject\",\"inLanguage\":\"ca\",\"@id\":\"https:\\\/\\\/plasticexpress.es\\\/ca\\\/procesos-de-manufactura-de-materials-plastics\\\/impressio-digital-sobre-materials-plastics\\\/#primaryimage\",\"url\":\"https:\\\/\\\/plasticexpress.es\\\/wp-content\\\/uploads\\\/2020\\\/11\\\/impresion-digital-01.jpg\",\"contentUrl\":\"https:\\\/\\\/plasticexpress.es\\\/wp-content\\\/uploads\\\/2020\\\/11\\\/impresion-digital-01.jpg\",\"width\":850,\"height\":604},{\"@type\":\"BreadcrumbList\",\"@id\":\"https:\\\/\\\/plasticexpress.es\\\/ca\\\/procesos-de-manufactura-de-materials-plastics\\\/impressio-digital-sobre-materials-plastics\\\/#breadcrumb\",\"itemListElement\":[{\"@type\":\"ListItem\",\"position\":1,\"name\":\"Portada\",\"item\":\"https:\\\/\\\/plasticexpress.es\\\/ca\\\/\"},{\"@type\":\"ListItem\",\"position\":2,\"name\":\"Procesos\",\"item\":\"https:\\\/\\\/plasticexpress.es\\\/ca\\\/procesos-de-manufactura-de-materials-plastics\\\/\"},{\"@type\":\"ListItem\",\"position\":3,\"name\":\"Impressi\u00f3 digital sobre materials pl\u00e0stics\"}]},{\"@type\":\"WebSite\",\"@id\":\"https:\\\/\\\/plasticexpress.es\\\/ca\\\/#website\",\"url\":\"https:\\\/\\\/plasticexpress.es\\\/ca\\\/\",\"name\":\"Plasticexpress\",\"description\":\"Venta de materiales y art\u00edculos de Metacrilato\",\"potentialAction\":[{\"@type\":\"SearchAction\",\"target\":{\"@type\":\"EntryPoint\",\"urlTemplate\":\"https:\\\/\\\/plasticexpress.es\\\/ca\\\/?s={search_term_string}\"},\"query-input\":{\"@type\":\"PropertyValueSpecification\",\"valueRequired\":true,\"valueName\":\"search_term_string\"}}],\"inLanguage\":\"ca\"}]}<\/script>\n<!-- \/ Yoast SEO plugin. -->","yoast_head_json":{"title":"Impressi\u00f3 Digital sobre Materials Pl\u00e0stics | PlasticExpress","description":"Gr\u00e0cies a l'avan\u00e7 en impressi\u00f3 digital, avui en dia es pot aplicar aquesta t\u00e8cnica sobre una gran varietat de materials com el metacrilat o policarbonat.","robots":{"index":"index","follow":"follow","max-snippet":"max-snippet:-1","max-image-preview":"max-image-preview:large","max-video-preview":"max-video-preview:-1"},"canonical":"https:\/\/plasticexpress.es\/ca\/procesos-de-manufactura-de-materials-plastics\/impressio-digital-sobre-materials-plastics\/","og_locale":"ca_ES","og_type":"article","og_title":"Impressi\u00f3 Digital sobre Materials Pl\u00e0stics | PlasticExpress","og_description":"Gr\u00e0cies a l'avan\u00e7 en impressi\u00f3 digital, avui en dia es pot aplicar aquesta t\u00e8cnica sobre una gran varietat de materials com el metacrilat o policarbonat.","og_url":"https:\/\/plasticexpress.es\/ca\/procesos-de-manufactura-de-materials-plastics\/impressio-digital-sobre-materials-plastics\/","og_site_name":"Plasticexpress","article_modified_time":"2021-07-06T07:07:02+00:00","og_image":[{"width":850,"height":604,"url":"https:\/\/plasticexpress.es\/wp-content\/uploads\/2020\/11\/impresion-digital-01.jpg","type":"image\/jpeg"}],"twitter_card":"summary_large_image","twitter_misc":{"Temps estimat de lectura":"2 minuts"},"schema":{"@context":"https:\/\/schema.org","@graph":[{"@type":"WebPage","@id":"https:\/\/plasticexpress.es\/ca\/procesos-de-manufactura-de-materials-plastics\/impressio-digital-sobre-materials-plastics\/","url":"https:\/\/plasticexpress.es\/ca\/procesos-de-manufactura-de-materials-plastics\/impressio-digital-sobre-materials-plastics\/","name":"Impressi\u00f3 Digital sobre Materials Pl\u00e0stics | PlasticExpress","isPartOf":{"@id":"https:\/\/plasticexpress.es\/ca\/#website"},"primaryImageOfPage":{"@id":"https:\/\/plasticexpress.es\/ca\/procesos-de-manufactura-de-materials-plastics\/impressio-digital-sobre-materials-plastics\/#primaryimage"},"image":{"@id":"https:\/\/plasticexpress.es\/ca\/procesos-de-manufactura-de-materials-plastics\/impressio-digital-sobre-materials-plastics\/#primaryimage"},"thumbnailUrl":"https:\/\/plasticexpress.es\/wp-content\/uploads\/2020\/11\/impresion-digital-01.jpg","datePublished":"2021-04-06T03:21:10+00:00","dateModified":"2021-07-06T07:07:02+00:00","description":"Gr\u00e0cies a l'avan\u00e7 en impressi\u00f3 digital, avui en dia es pot aplicar aquesta t\u00e8cnica sobre una gran varietat de materials com el metacrilat o policarbonat.","breadcrumb":{"@id":"https:\/\/plasticexpress.es\/ca\/procesos-de-manufactura-de-materials-plastics\/impressio-digital-sobre-materials-plastics\/#breadcrumb"},"inLanguage":"ca","potentialAction":[{"@type":"ReadAction","target":["https:\/\/plasticexpress.es\/ca\/procesos-de-manufactura-de-materials-plastics\/impressio-digital-sobre-materials-plastics\/"]}]},{"@type":"ImageObject","inLanguage":"ca","@id":"https:\/\/plasticexpress.es\/ca\/procesos-de-manufactura-de-materials-plastics\/impressio-digital-sobre-materials-plastics\/#primaryimage","url":"https:\/\/plasticexpress.es\/wp-content\/uploads\/2020\/11\/impresion-digital-01.jpg","contentUrl":"https:\/\/plasticexpress.es\/wp-content\/uploads\/2020\/11\/impresion-digital-01.jpg","width":850,"height":604},{"@type":"BreadcrumbList","@id":"https:\/\/plasticexpress.es\/ca\/procesos-de-manufactura-de-materials-plastics\/impressio-digital-sobre-materials-plastics\/#breadcrumb","itemListElement":[{"@type":"ListItem","position":1,"name":"Portada","item":"https:\/\/plasticexpress.es\/ca\/"},{"@type":"ListItem","position":2,"name":"Procesos","item":"https:\/\/plasticexpress.es\/ca\/procesos-de-manufactura-de-materials-plastics\/"},{"@type":"ListItem","position":3,"name":"Impressi\u00f3 digital sobre materials pl\u00e0stics"}]},{"@type":"WebSite","@id":"https:\/\/plasticexpress.es\/ca\/#website","url":"https:\/\/plasticexpress.es\/ca\/","name":"Plasticexpress","description":"Venta de materiales y art\u00edculos de Metacrilato","potentialAction":[{"@type":"SearchAction","target":{"@type":"EntryPoint","urlTemplate":"https:\/\/plasticexpress.es\/ca\/?s={search_term_string}"},"query-input":{"@type":"PropertyValueSpecification","valueRequired":true,"valueName":"search_term_string"}}],"inLanguage":"ca"}]}},"_links":{"self":[{"href":"https:\/\/plasticexpress.es\/ca\/wp-json\/wp\/v2\/pages\/9469","targetHints":{"allow":["GET"]}}],"collection":[{"href":"https:\/\/plasticexpress.es\/ca\/wp-json\/wp\/v2\/pages"}],"about":[{"href":"https:\/\/plasticexpress.es\/ca\/wp-json\/wp\/v2\/types\/page"}],"author":[{"embeddable":true,"href":"https:\/\/plasticexpress.es\/ca\/wp-json\/wp\/v2\/users\/3"}],"replies":[{"embeddable":true,"href":"https:\/\/plasticexpress.es\/ca\/wp-json\/wp\/v2\/comments?post=9469"}],"version-history":[{"count":1,"href":"https:\/\/plasticexpress.es\/ca\/wp-json\/wp\/v2\/pages\/9469\/revisions"}],"predecessor-version":[{"id":9470,"href":"https:\/\/plasticexpress.es\/ca\/wp-json\/wp\/v2\/pages\/9469\/revisions\/9470"}],"up":[{"embeddable":true,"href":"https:\/\/plasticexpress.es\/ca\/wp-json\/wp\/v2\/pages\/6003"}],"wp:featuredmedia":[{"embeddable":true,"href":"https:\/\/plasticexpress.es\/ca\/wp-json\/wp\/v2\/media\/5268"}],"wp:attachment":[{"href":"https:\/\/plasticexpress.es\/ca\/wp-json\/wp\/v2\/media?parent=9469"}],"curies":[{"name":"wp","href":"https:\/\/api.w.org\/{rel}","templated":true}]}}