

{"id":9471,"date":"2021-04-06T04:26:14","date_gmt":"2021-04-06T03:26:14","guid":{"rendered":"https:\/\/plasticexpress.es\/procesos\/doblegat-de-materials-plastics\/"},"modified":"2022-01-13T13:44:35","modified_gmt":"2022-01-13T12:44:35","slug":"doblegat-de-materials-plastics","status":"publish","type":"page","link":"https:\/\/plasticexpress.es\/ca\/procesos-de-manufactura-de-materials-plastics\/doblegat-de-materials-plastics\/","title":{"rendered":"Doblegat de materials pl\u00e0stics"},"content":{"rendered":"\t\t<div data-elementor-type=\"wp-page\" data-elementor-id=\"9471\" class=\"elementor elementor-9471 elementor-244\" data-elementor-post-type=\"page\">\n\t\t\t\t\t\t<section class=\"elementor-section elementor-top-section elementor-element elementor-element-124bbe04 elementor-section-boxed elementor-section-height-default elementor-section-height-default\" data-id=\"124bbe04\" data-element_type=\"section\" data-e-type=\"section\">\n\t\t\t\t\t\t<div class=\"elementor-container elementor-column-gap-default\">\n\t\t\t\t\t<div class=\"elementor-column elementor-col-100 elementor-top-column elementor-element elementor-element-60fdeb01\" data-id=\"60fdeb01\" data-element_type=\"column\" data-e-type=\"column\">\n\t\t\t<div class=\"elementor-widget-wrap elementor-element-populated\">\n\t\t\t\t\t\t<div class=\"elementor-element elementor-element-24e8e2fa elementor-widget elementor-widget-text-editor\" data-id=\"24e8e2fa\" data-element_type=\"widget\" data-e-type=\"widget\" data-widget_type=\"text-editor.default\">\n\t\t\t\t<div class=\"elementor-widget-container\">\n\t\t\t\t\t\t\t\t\t<p><span style=\"font-weight: 400;\">El <\/span><b>doblegat de metacrilat \u00e9s una t\u00e8cnica molt utilitzada<\/b><span style=\"font-weight: 400;\"> per les empreses que treballen amb pl\u00e0stic per a donar forma a trav\u00e9s del termoformat als objectes que necessiten.<\/span><\/p><p><span style=\"font-weight: 400;\">A <\/span><a href=\"https:\/\/plasticexpress.es\/ca\/\"><b>Plastic Express<\/b><\/a><span style=\"font-weight: 400;\"> som <\/span><b>experts en tota mena de pl\u00e0stics <\/b><span style=\"font-weight: 400;\">i oferim la millor soluci\u00f3 perqu\u00e8 cada client pugui dur a terme els seus projectes.<\/span><\/p><h2><span style=\"font-weight: 400;\">Corbar i doblegar metacrilat i altres pl\u00e0stics<\/span><\/h2><p><b>Corbar o doblegar el pl\u00e0stic<\/b><span style=\"font-weight: 400;\"> \u00e9s un proc\u00e9s molt acurat que es duu a terme a trav\u00e9s del proc\u00e9s de termoformaci\u00f3n a unes temperatures molt altes. El que es fa \u00e9s desfer la composici\u00f3 del pl\u00e0stic perqu\u00e8 adquireixi la forma desitjada i deixar-lo refredar perqu\u00e8 es quedi en aquesta nova posici\u00f3.<\/span><\/p><p><span style=\"font-weight: 400;\">Hi ha <\/span><b>certs materials<\/b><span style=\"font-weight: 400;\"> que suporten millor els canvis sense que la seva estructura es vegi perjudicada i sense que es trenquin en el proc\u00e9s, aquests materials s\u00f3n el <\/span><a href=\"https:\/\/plasticexpress.es\/ca\/materials-ca\/metacrilat\/\"><b>metacrilat<\/b><\/a><span style=\"font-weight: 400;\"> i el <\/span><a href=\"https:\/\/plasticexpress.es\/ca\/materials-ca\/policarbonat-compacte\/\"><b>policarbonat<\/b><\/a><span style=\"font-weight: 400;\">.<\/span><\/p><p><span style=\"font-weight: 400;\">Es poden emprar <\/span><b>diferents eines i m\u00e8todes<\/b><span style=\"font-weight: 400;\"> per a modificar la forma d&#8217;un pl\u00e0stic i fins i tot es pot utilitzar el <\/span><b>doblegat en fred<\/b><span style=\"font-weight: 400;\">. La maquin\u00e0ria m\u00e9s utilitzada per a aquest \u00e0mbit i que est\u00e0 donant millors resultats als nostres clients \u00e9s la doblegadora autom\u00e0tica, que permet fer el treball d&#8217;una manera m\u00e9s precisa i efectiva.<\/span><\/p><p><span style=\"font-weight: 400;\">Els resultats de doblegar el pl\u00e0stic sempre han de ser excel\u00b7lents, mantenint les caracter\u00edstiques b\u00e0siques del material que estem manipulant. En el cas del metacrilat, despr\u00e9s d&#8217;haver-lo doblegat ha de continuar mantenint les caracter\u00edstiques de <\/span><b>transpar\u00e8ncia \u00f2ptica, resist\u00e8ncia, lleugeresa, capacitat d&#8217;aguantar temperatures extremes <\/b><span style=\"font-weight: 400;\">i inclem\u00e8ncies del temps, etc.<\/span><\/p><p><span style=\"font-weight: 400;\">Depenent de la composici\u00f3 del material podem distingir entre dues maneres principals de tractar-lo:<\/span><\/p><ul><li style=\"font-weight: 400;\" aria-level=\"1\"><b>Materials que tenen un calibre baix<\/b><span style=\"font-weight: 400;\">: Poden ser doblegats en fred sense necessitat que el pl\u00e0stic estigui sotm\u00e8s a altes temperatures. A m\u00e9s, si es realitzen les ranures adequades, l&#8217;objecte pot convertir-se en plegable i mantenir les seves caracter\u00edstiques de resist\u00e8ncia i flexibilitat.<\/span><\/li><\/ul><ul><li style=\"font-weight: 400;\" aria-level=\"1\"><b>Materials que tenen un calibre alt:<\/b><span style=\"font-weight: 400;\"> Aquests pl\u00e0stics han d&#8217;estar sotmesos a altes temperatures per a aconseguir modificar la seva forma i doblegar-los com volem. Aix\u00f2 fa que, una vegada l&#8217;objecte tingui la forma desitjada, aquesta no es modificar\u00e0 per molt d&#8217;\u00fas que fem del producte.<\/span><\/li><\/ul><p><span style=\"font-weight: 400;\">Existeixen <\/span><b>altres <\/b><a href=\"https:\/\/plasticexpress.es\/ca\/procesos\/\"><b>processos de manufactura<\/b> <b>per a pl\u00e0stics<\/b><\/a><span style=\"font-weight: 400;\"> amb els quals podr\u00e0s tallar, polir, imprimir o encolar els materials perqu\u00e8 aquests s&#8217;adaptin perfectament a les necessitats del teu projecte.<\/span><\/p><h2><span style=\"font-weight: 400;\">Per a qu\u00e8 doblegar metacrilat<\/span><\/h2><p>\u00a0<\/p><p><span style=\"font-weight: 400;\">Un dels materials m\u00e9s resistents i flexibles a l&#8217;hora de modificar la seva forma a trav\u00e9s del termoformat \u00e9s el metacrilat. Amb aquest pl\u00e0stic <\/span><b>podrem aconseguir tot tipus d&#8217;objectes que podrem utilitzar per a m\u00faltiples aplicacions<\/b><span style=\"font-weight: 400;\">, tant comercials com particulars:<\/span><\/p><ul><li style=\"font-weight: 400;\" aria-level=\"1\"><span style=\"font-weight: 400;\">Aquaris<\/span><\/li><li style=\"font-weight: 400;\" aria-level=\"1\"><span style=\"font-weight: 400;\">Piscines<\/span><\/li><li style=\"font-weight: 400;\" aria-level=\"1\"><span style=\"font-weight: 400;\">Finestres<\/span><\/li><li style=\"font-weight: 400;\" aria-level=\"1\"><span style=\"font-weight: 400;\">Escotilles<\/span><\/li><li style=\"font-weight: 400;\" aria-level=\"1\"><span style=\"font-weight: 400;\">Mobiliari<\/span><\/li><li style=\"font-weight: 400;\" aria-level=\"1\"><span style=\"font-weight: 400;\">Lletres corp\u00f2ries<\/span><\/li><li style=\"font-weight: 400;\" aria-level=\"1\"><span style=\"font-weight: 400;\">R\u00e8tols<\/span><\/li><li style=\"font-weight: 400;\" aria-level=\"1\"><span style=\"font-weight: 400;\">Articles incolors<\/span><\/li><li style=\"font-weight: 400;\" aria-level=\"1\"><span style=\"font-weight: 400;\">Expositors<\/span><\/li><li style=\"font-weight: 400;\" aria-level=\"1\"><span style=\"font-weight: 400;\">Trofeus<\/span><\/li><li style=\"font-weight: 400;\" aria-level=\"1\"><span style=\"font-weight: 400;\">Articles de metacrilat<\/span><\/li><li style=\"font-weight: 400;\" aria-level=\"1\"><span style=\"font-weight: 400;\">Decoraci\u00f3<\/span><\/li><\/ul><p><span style=\"font-weight: 400;\">El metacrilat t\u00e9 <\/span><b>moltes presentacions i colors<\/b><span style=\"font-weight: 400;\"> segons la composici\u00f3 amb la qual estigui fet. Podr\u00e0s triar el que millor encaix amb el teu projecte i aix\u00ed tenir el teu producte a mida i amb el disseny que m\u00e9s t&#8217;agrada.<\/span><\/p><p><span style=\"font-weight: 400;\">Totes les aplicacions que hem esmentat anteriorment tenen un \u00fas comercial o particular, per\u00f2 en totes elles els objectes utilitzats tenen formes diferents. Gr\u00e0cies al doblegat de metacrilat <\/span><b>es podran fer objectes rodons com els aquaris o les piscines<\/b><span style=\"font-weight: 400;\">, que necessiten aguantar una gran pressi\u00f3 per l&#8217;aigua que contenen.<\/span><\/p><p><span style=\"font-weight: 400;\">A m\u00e9s, productes com el <\/span><b>mobiliari, les finestres o els expositors <\/b><span style=\"font-weight: 400;\">han de ser molt resistents per a aguantar el pes que se&#8217;ls posi damunt. Una altra de les bones caracter\u00edstiques del metacrilat \u00e9s la seva qualitat \u00f2ptica i est\u00e8tica i per aix\u00f2 es pot usar per a crear objectes com els trofeus o decoraci\u00f3.<\/span><\/p><h2><span style=\"font-weight: 400;\">Demana pressupost per al doblegat de pl\u00e0stics<\/span><\/h2><p>\u00a0<\/p><p><span style=\"font-weight: 400;\">Si tens un projecte en ment i t&#8217;has adonat que un dels passos que necessites fer \u00e9s doblegar metacrilat, pots escriure&#8217;ns a trav\u00e9s del nostre correu electr\u00f2nic <\/span><a href=\"mailto:info@plasticexpress.es\"><b>info@plasticexpress.es<\/b><\/a><span style=\"font-weight: 400;\">, indicant en l&#8217;assumpte del correu qu\u00e8 \u00e9s el que t&#8217;interessa, per exemple: corbar metacrilat.<\/span><\/p><p><span style=\"font-weight: 400;\">El nostre equip analitzar\u00e0 a fons quines s\u00f3n les teves necessitats i qu\u00e8 \u00e9s el que precises per a dur a terme el teu projecte amb excel\u00b7l\u00e8ncia. Si disposem d&#8217;un producte ja elaborat i en estoc, te l&#8217;oferirem perqu\u00e8 puguis tenir-lo al m\u00e9s aviat possible.<\/span><\/p><p><span style=\"font-weight: 400;\">En cas contrari si hem de <\/span><b>fer-te a mida la manipulaci\u00f3 de metacrilat <\/b><span style=\"font-weight: 400;\">et farem arribar un pressupost ajustat i adaptat a la teva situaci\u00f3 personal. L&#8217;\u00fanica cosa que haur\u00e0s de fer llavors \u00e9s acceptar el pressupost i ens posarem a treballar autom\u00e0ticament en el teu producte.<\/span><\/p><p><span style=\"font-weight: 400;\">Recorda que si ets professional del sector i necessites els nostres serveis de manipulat pl\u00e0stics, pots accedir a descomptes i promocions a trav\u00e9s del formulari que trobar\u00e0s en la nostra p\u00e0gina web.<\/span><\/p><p><span style=\"font-weight: 400;\">Ara ja ho saps tot sobre el doblegat de metacrilat en Plastic Express. Dona un cop d&#8217;ull a la nostra p\u00e0gina web per a con\u00e8ixer-nos millor i recorda que estem compromesos amb els nostres clients per a donar-te, en cada cas, la soluci\u00f3 pl\u00e0stica que m\u00e9s s&#8217;adeq\u00fci a la teva situaci\u00f3. Demana&#8217;ns un <\/span><b>pressupost sense comprom\u00eds<\/b><span style=\"font-weight: 400;\"> i intentarem oferir-te la major qualitat al millor preu.<\/span><\/p>\t\t\t\t\t\t\t\t<\/div>\n\t\t\t\t<\/div>\n\t\t\t\t\t<\/div>\n\t\t<\/div>\n\t\t\t\t\t<\/div>\n\t\t<\/section>\n\t\t\t\t<\/div>\n\t\t","protected":false},"excerpt":{"rendered":"<p>El doblegat de metacrilat \u00e9s una t\u00e8cnica molt utilitzada per les empreses que treballen amb pl\u00e0stic per a donar forma a trav\u00e9s del termoformat als objectes que necessiten. A Plastic Express som experts en tota mena de pl\u00e0stics i oferim la millor soluci\u00f3 perqu\u00e8 cada client pugui dur a terme els seus projectes. Corbar i [&hellip;]<\/p>\n","protected":false},"author":3,"featured_media":5270,"parent":6003,"menu_order":4,"comment_status":"closed","ping_status":"closed","template":"","meta":{"_acf_changed":false,"footnotes":""},"class_list":["post-9471","page","type-page","status-publish","has-post-thumbnail","hentry"],"acf":[],"yoast_head":"<!-- This site is optimized with the Yoast SEO plugin v27.4 - https:\/\/yoast.com\/product\/yoast-seo-wordpress\/ -->\n<title>Doblegat de Materials Pl\u00e0stics | PlasticExpress<\/title>\n<meta name=\"description\" content=\"Alguns materials com el metacrilat i el policarbonat ens permeten fer plecs a partir de l&#039;exposici\u00f3 a altes temperatures.\" \/>\n<meta name=\"robots\" content=\"index, follow, max-snippet:-1, max-image-preview:large, max-video-preview:-1\" \/>\n<link rel=\"canonical\" href=\"https:\/\/plasticexpress.es\/ca\/procesos-de-manufactura-de-materials-plastics\/doblegat-de-materials-plastics\/\" \/>\n<meta property=\"og:locale\" content=\"ca_ES\" \/>\n<meta property=\"og:type\" content=\"article\" \/>\n<meta property=\"og:title\" content=\"Doblegat de Materials Pl\u00e0stics | PlasticExpress\" \/>\n<meta property=\"og:description\" content=\"Alguns materials com el metacrilat i el policarbonat ens permeten fer plecs a partir de l&#039;exposici\u00f3 a altes temperatures.\" \/>\n<meta property=\"og:url\" content=\"https:\/\/plasticexpress.es\/ca\/procesos-de-manufactura-de-materials-plastics\/doblegat-de-materials-plastics\/\" \/>\n<meta property=\"og:site_name\" content=\"Plasticexpress\" \/>\n<meta property=\"article:modified_time\" content=\"2022-01-13T12:44:35+00:00\" \/>\n<meta property=\"og:image\" content=\"https:\/\/plasticexpress.es\/wp-content\/uploads\/2020\/11\/Doblado-01.jpg\" \/>\n\t<meta property=\"og:image:width\" content=\"850\" \/>\n\t<meta property=\"og:image:height\" content=\"604\" \/>\n\t<meta property=\"og:image:type\" content=\"image\/jpeg\" \/>\n<meta name=\"twitter:card\" content=\"summary_large_image\" \/>\n<meta name=\"twitter:label1\" content=\"Temps estimat de lectura\" \/>\n\t<meta name=\"twitter:data1\" content=\"4 minuts\" \/>\n<script type=\"application\/ld+json\" class=\"yoast-schema-graph\">{\"@context\":\"https:\\\/\\\/schema.org\",\"@graph\":[{\"@type\":\"WebPage\",\"@id\":\"https:\\\/\\\/plasticexpress.es\\\/ca\\\/procesos-de-manufactura-de-materials-plastics\\\/doblegat-de-materials-plastics\\\/\",\"url\":\"https:\\\/\\\/plasticexpress.es\\\/ca\\\/procesos-de-manufactura-de-materials-plastics\\\/doblegat-de-materials-plastics\\\/\",\"name\":\"Doblegat de Materials Pl\u00e0stics | PlasticExpress\",\"isPartOf\":{\"@id\":\"https:\\\/\\\/plasticexpress.es\\\/ca\\\/#website\"},\"primaryImageOfPage\":{\"@id\":\"https:\\\/\\\/plasticexpress.es\\\/ca\\\/procesos-de-manufactura-de-materials-plastics\\\/doblegat-de-materials-plastics\\\/#primaryimage\"},\"image\":{\"@id\":\"https:\\\/\\\/plasticexpress.es\\\/ca\\\/procesos-de-manufactura-de-materials-plastics\\\/doblegat-de-materials-plastics\\\/#primaryimage\"},\"thumbnailUrl\":\"https:\\\/\\\/plasticexpress.es\\\/wp-content\\\/uploads\\\/2020\\\/11\\\/Doblado-01.jpg\",\"datePublished\":\"2021-04-06T03:26:14+00:00\",\"dateModified\":\"2022-01-13T12:44:35+00:00\",\"description\":\"Alguns materials com el metacrilat i el policarbonat ens permeten fer plecs a partir de l'exposici\u00f3 a altes temperatures.\",\"breadcrumb\":{\"@id\":\"https:\\\/\\\/plasticexpress.es\\\/ca\\\/procesos-de-manufactura-de-materials-plastics\\\/doblegat-de-materials-plastics\\\/#breadcrumb\"},\"inLanguage\":\"ca\",\"potentialAction\":[{\"@type\":\"ReadAction\",\"target\":[\"https:\\\/\\\/plasticexpress.es\\\/ca\\\/procesos-de-manufactura-de-materials-plastics\\\/doblegat-de-materials-plastics\\\/\"]}]},{\"@type\":\"ImageObject\",\"inLanguage\":\"ca\",\"@id\":\"https:\\\/\\\/plasticexpress.es\\\/ca\\\/procesos-de-manufactura-de-materials-plastics\\\/doblegat-de-materials-plastics\\\/#primaryimage\",\"url\":\"https:\\\/\\\/plasticexpress.es\\\/wp-content\\\/uploads\\\/2020\\\/11\\\/Doblado-01.jpg\",\"contentUrl\":\"https:\\\/\\\/plasticexpress.es\\\/wp-content\\\/uploads\\\/2020\\\/11\\\/Doblado-01.jpg\",\"width\":850,\"height\":604},{\"@type\":\"BreadcrumbList\",\"@id\":\"https:\\\/\\\/plasticexpress.es\\\/ca\\\/procesos-de-manufactura-de-materials-plastics\\\/doblegat-de-materials-plastics\\\/#breadcrumb\",\"itemListElement\":[{\"@type\":\"ListItem\",\"position\":1,\"name\":\"Portada\",\"item\":\"https:\\\/\\\/plasticexpress.es\\\/ca\\\/\"},{\"@type\":\"ListItem\",\"position\":2,\"name\":\"Procesos\",\"item\":\"https:\\\/\\\/plasticexpress.es\\\/ca\\\/procesos-de-manufactura-de-materials-plastics\\\/\"},{\"@type\":\"ListItem\",\"position\":3,\"name\":\"Doblegat de materials pl\u00e0stics\"}]},{\"@type\":\"WebSite\",\"@id\":\"https:\\\/\\\/plasticexpress.es\\\/ca\\\/#website\",\"url\":\"https:\\\/\\\/plasticexpress.es\\\/ca\\\/\",\"name\":\"Plasticexpress\",\"description\":\"Venta de materiales y art\u00edculos de Metacrilato\",\"potentialAction\":[{\"@type\":\"SearchAction\",\"target\":{\"@type\":\"EntryPoint\",\"urlTemplate\":\"https:\\\/\\\/plasticexpress.es\\\/ca\\\/?s={search_term_string}\"},\"query-input\":{\"@type\":\"PropertyValueSpecification\",\"valueRequired\":true,\"valueName\":\"search_term_string\"}}],\"inLanguage\":\"ca\"}]}<\/script>\n<!-- \/ Yoast SEO plugin. -->","yoast_head_json":{"title":"Doblegat de Materials Pl\u00e0stics | PlasticExpress","description":"Alguns materials com el metacrilat i el policarbonat ens permeten fer plecs a partir de l'exposici\u00f3 a altes temperatures.","robots":{"index":"index","follow":"follow","max-snippet":"max-snippet:-1","max-image-preview":"max-image-preview:large","max-video-preview":"max-video-preview:-1"},"canonical":"https:\/\/plasticexpress.es\/ca\/procesos-de-manufactura-de-materials-plastics\/doblegat-de-materials-plastics\/","og_locale":"ca_ES","og_type":"article","og_title":"Doblegat de Materials Pl\u00e0stics | PlasticExpress","og_description":"Alguns materials com el metacrilat i el policarbonat ens permeten fer plecs a partir de l'exposici\u00f3 a altes temperatures.","og_url":"https:\/\/plasticexpress.es\/ca\/procesos-de-manufactura-de-materials-plastics\/doblegat-de-materials-plastics\/","og_site_name":"Plasticexpress","article_modified_time":"2022-01-13T12:44:35+00:00","og_image":[{"width":850,"height":604,"url":"https:\/\/plasticexpress.es\/wp-content\/uploads\/2020\/11\/Doblado-01.jpg","type":"image\/jpeg"}],"twitter_card":"summary_large_image","twitter_misc":{"Temps estimat de lectura":"4 minuts"},"schema":{"@context":"https:\/\/schema.org","@graph":[{"@type":"WebPage","@id":"https:\/\/plasticexpress.es\/ca\/procesos-de-manufactura-de-materials-plastics\/doblegat-de-materials-plastics\/","url":"https:\/\/plasticexpress.es\/ca\/procesos-de-manufactura-de-materials-plastics\/doblegat-de-materials-plastics\/","name":"Doblegat de Materials Pl\u00e0stics | PlasticExpress","isPartOf":{"@id":"https:\/\/plasticexpress.es\/ca\/#website"},"primaryImageOfPage":{"@id":"https:\/\/plasticexpress.es\/ca\/procesos-de-manufactura-de-materials-plastics\/doblegat-de-materials-plastics\/#primaryimage"},"image":{"@id":"https:\/\/plasticexpress.es\/ca\/procesos-de-manufactura-de-materials-plastics\/doblegat-de-materials-plastics\/#primaryimage"},"thumbnailUrl":"https:\/\/plasticexpress.es\/wp-content\/uploads\/2020\/11\/Doblado-01.jpg","datePublished":"2021-04-06T03:26:14+00:00","dateModified":"2022-01-13T12:44:35+00:00","description":"Alguns materials com el metacrilat i el policarbonat ens permeten fer plecs a partir de l'exposici\u00f3 a altes temperatures.","breadcrumb":{"@id":"https:\/\/plasticexpress.es\/ca\/procesos-de-manufactura-de-materials-plastics\/doblegat-de-materials-plastics\/#breadcrumb"},"inLanguage":"ca","potentialAction":[{"@type":"ReadAction","target":["https:\/\/plasticexpress.es\/ca\/procesos-de-manufactura-de-materials-plastics\/doblegat-de-materials-plastics\/"]}]},{"@type":"ImageObject","inLanguage":"ca","@id":"https:\/\/plasticexpress.es\/ca\/procesos-de-manufactura-de-materials-plastics\/doblegat-de-materials-plastics\/#primaryimage","url":"https:\/\/plasticexpress.es\/wp-content\/uploads\/2020\/11\/Doblado-01.jpg","contentUrl":"https:\/\/plasticexpress.es\/wp-content\/uploads\/2020\/11\/Doblado-01.jpg","width":850,"height":604},{"@type":"BreadcrumbList","@id":"https:\/\/plasticexpress.es\/ca\/procesos-de-manufactura-de-materials-plastics\/doblegat-de-materials-plastics\/#breadcrumb","itemListElement":[{"@type":"ListItem","position":1,"name":"Portada","item":"https:\/\/plasticexpress.es\/ca\/"},{"@type":"ListItem","position":2,"name":"Procesos","item":"https:\/\/plasticexpress.es\/ca\/procesos-de-manufactura-de-materials-plastics\/"},{"@type":"ListItem","position":3,"name":"Doblegat de materials pl\u00e0stics"}]},{"@type":"WebSite","@id":"https:\/\/plasticexpress.es\/ca\/#website","url":"https:\/\/plasticexpress.es\/ca\/","name":"Plasticexpress","description":"Venta de materiales y art\u00edculos de Metacrilato","potentialAction":[{"@type":"SearchAction","target":{"@type":"EntryPoint","urlTemplate":"https:\/\/plasticexpress.es\/ca\/?s={search_term_string}"},"query-input":{"@type":"PropertyValueSpecification","valueRequired":true,"valueName":"search_term_string"}}],"inLanguage":"ca"}]}},"_links":{"self":[{"href":"https:\/\/plasticexpress.es\/ca\/wp-json\/wp\/v2\/pages\/9471","targetHints":{"allow":["GET"]}}],"collection":[{"href":"https:\/\/plasticexpress.es\/ca\/wp-json\/wp\/v2\/pages"}],"about":[{"href":"https:\/\/plasticexpress.es\/ca\/wp-json\/wp\/v2\/types\/page"}],"author":[{"embeddable":true,"href":"https:\/\/plasticexpress.es\/ca\/wp-json\/wp\/v2\/users\/3"}],"replies":[{"embeddable":true,"href":"https:\/\/plasticexpress.es\/ca\/wp-json\/wp\/v2\/comments?post=9471"}],"version-history":[{"count":5,"href":"https:\/\/plasticexpress.es\/ca\/wp-json\/wp\/v2\/pages\/9471\/revisions"}],"predecessor-version":[{"id":15112,"href":"https:\/\/plasticexpress.es\/ca\/wp-json\/wp\/v2\/pages\/9471\/revisions\/15112"}],"up":[{"embeddable":true,"href":"https:\/\/plasticexpress.es\/ca\/wp-json\/wp\/v2\/pages\/6003"}],"wp:featuredmedia":[{"embeddable":true,"href":"https:\/\/plasticexpress.es\/ca\/wp-json\/wp\/v2\/media\/5270"}],"wp:attachment":[{"href":"https:\/\/plasticexpress.es\/ca\/wp-json\/wp\/v2\/media?parent=9471"}],"curies":[{"name":"wp","href":"https:\/\/api.w.org\/{rel}","templated":true}]}}