

{"id":9478,"date":"2021-04-06T04:39:12","date_gmt":"2021-04-06T03:39:12","guid":{"rendered":"https:\/\/plasticexpress.es\/procesos\/encolat-de-metacrilat\/"},"modified":"2022-08-18T14:08:56","modified_gmt":"2022-08-18T13:08:56","slug":"encolat-de-metacrilat","status":"publish","type":"page","link":"https:\/\/plasticexpress.es\/ca\/procesos-de-manufactura-de-materials-plastics\/encolat-de-metacrilat\/","title":{"rendered":"Encolat de metacrilat"},"content":{"rendered":"<p><span style=\"font-weight: 400;\">L&#8217;encolat de pl\u00e0stics consisteix en el proc\u00e9s pel qual s&#8217;ajunten dos o m\u00e9s peces per mitj\u00e0 de coles i altres processos f\u00edsics. Els talls realitzats s&#8217;han realitzat a trav\u00e9s de <\/span><a href=\"https:\/\/plasticexpress.es\/ca\/procesos\/tall-i-gravat-a-laser\/\"><span style=\"font-weight: 400;\">l\u00e0ser<\/span><\/a><span style=\"font-weight: 400;\"> o<\/span><a href=\"https:\/\/plasticexpress.es\/ca\/procesos\/mecanitzat-per-cnc\/\"><span style=\"font-weight: 400;\"> mecanitzat CNC<\/span><\/a><span style=\"font-weight: 400;\"> i s&#8217;aconsegueix, aix\u00ed, un resultat que garanteix la durabilitat en les instal\u00b7lacions pl\u00e0stiques, l&#8217;adaptaci\u00f3 a unes mides establertes i la m\u00e0xima qualitat dins del que s\u2019anomena encolat de metacrilat.<\/span><\/p>\n<p><span style=\"font-weight: 400;\">Des de Plastic Express fem treballs d&#8217;<\/span><b>encolat de materials polim\u00e8rics<\/b><span style=\"font-weight: 400;\"> i altres t\u00e8cniques d&#8217;encolat de metacrilat. S\u2019utilitza tant silicona com cola industrial, intentant dissenyar un producte que s&#8217;adapti a les necessitats requerides pel client. Els resultats consten d&#8217;est\u00e0ndards de gran qualitat que es caracteritzen per ser resistents, impermeables i duradors, gr\u00e0cies a l&#8217;\u00e0mplia experi\u00e8ncia adquirida despr\u00e9s de nombrosos anys de treball i fabricaci\u00f3.<\/span><\/p>\n<p>&nbsp;<\/p>\n<h2><span style=\"font-weight: 400;\">Treballs per a l&#8217;encolat de pl\u00e0stics<\/span><\/h2>\n<p><span style=\"font-weight: 400;\">A l&#8217;hora d&#8217;encolar el <\/span><a href=\"https:\/\/plasticexpress.es\/materiales\/metacrilato\/\"><span style=\"font-weight: 400;\">metacrilat<\/span><\/a><span style=\"font-weight: 400;\">, es troben els treballs d&#8217;addici\u00f3. Per a aix\u00f2 s&#8217;utilitza el clorur de metil\u00e8, conegut com a dicloromet\u00e0, un producte que permet la<\/span><b> dissoluci\u00f3 del material i la fusi\u00f3 de les peces <\/b><span style=\"font-weight: 400;\">en una de sola per a proporcionar, aix\u00ed, una \u00fanica pe\u00e7a. Es considera una subst\u00e0ncia qu\u00edmica vol\u00e0til i incolora. Una vegada que es refreda, s&#8217;aconsegueix un resultat que es caracteritza per l&#8217;alta resist\u00e8ncia i durabilitat al pas del temps.<\/span><\/p>\n<p><span style=\"font-weight: 400;\">Una altra de les<\/span><b> t\u00e8cniques<\/b><span style=\"font-weight: 400;\"> emprades \u00e9s el <\/span><b>curat ultraviolat<\/b><span style=\"font-weight: 400;\">. Consisteix en afegir una cola que reacciona amb una reacci\u00f3 fotoqu\u00edmica provocada per la radiaci\u00f3 ultraviolada. Es genera, a partir d&#8217;aqu\u00ed, una xarxa de pol\u00edmers. D&#8217;aquesta manera, el curat del producte es realitza per mitj\u00e0 de la polimeritzaci\u00f3. Es requereix un proc\u00e9s a baixa temperatura i d&#8217;alta velocitat, per\u00f2 sense que s&#8217;arribi a produir l&#8217;evaporaci\u00f3. El resultat \u00e9s una qualitat \u00f2ptica realment bona com perqu\u00e8 el producte sigui de la millor qualitat per a la seva utilitzaci\u00f3 en l&#8217;\u00e0mbit industrial.<\/span><\/p>\n<p><span style=\"font-weight: 400;\">En l&#8217;encolat de metacrilat \u00e9s necessari dur a terme qualsevol d&#8217;aquestes dues t\u00e8cniques amb la finalitat d&#8217;obtenir productes amb els quals, b\u00e0sicament, <\/span><b>s&#8217;aconsegueixi un encolat professional <\/b><span style=\"font-weight: 400;\">que proporcioni les seg\u00fcents qualitats:<\/span><\/p>\n<ul>\n<li style=\"font-weight: 400;\" aria-level=\"1\"><b>Resist\u00e8ncia al pas del temps<\/b><span style=\"font-weight: 400;\"> i la m\u00e0xima durabilitat perqu\u00e8 tingui la mateixa imatge a llarg termini.<\/span><\/li>\n<li style=\"font-weight: 400;\" aria-level=\"1\"><b>Excel\u00b7lent qualitat \u00f2ptica<\/b><span style=\"font-weight: 400;\"> amb una aparen\u00e7a funcional i natural.<\/span><\/li>\n<li style=\"font-weight: 400;\" aria-level=\"1\"><b>Es redueix la necessitat d&#8217;emprar altres materials<\/b><span style=\"font-weight: 400;\"> com a caragols o rosques.<\/span><\/li>\n<li style=\"font-weight: 400;\" aria-level=\"1\"><b>Es poden dur a terme treballs complexos<\/b><span style=\"font-weight: 400;\"> de disseny que permetin, fins i tot, l&#8217;elaboraci\u00f3 a mida de productes de metacrilat.<\/span><\/li>\n<\/ul>\n<p>&nbsp;<\/p>\n<h2><span style=\"font-weight: 400;\">Per a qu\u00e8 s&#8217;utilitza l&#8217;encolat de pl\u00e0stics?<\/span><\/h2>\n<p><span style=\"font-weight: 400;\">L&#8217;aplicaci\u00f3 de l&#8217;encolat de pl\u00e0stics o de metacrilat es pot realitzar en diferents recursos que, generalment, solem utilitzar di\u00e0riament. S\u00f3n nombrosos els productes que fem servir di\u00e0riament i que, precisament, han estat elaborats a trav\u00e9s d&#8217;un proc\u00e9s d&#8217;encolat de pl\u00e0stics. Per aquesta ra\u00f3, cal<\/span><b> comptar amb especialistes<\/b><span style=\"font-weight: 400;\"> com els de Plastic Express, els qui podem garantir un resultat d&#8217;alta qualitat i el desenvolupament d&#8217;un <\/span><b>material \u00fatil, mal\u00b7leable durant el seu treball i resistent <\/b><span style=\"font-weight: 400;\">com perqu\u00e8 s&#8217;aconsegueixi la qualitat suficient segons les necessitats del client.<\/span><\/p>\n<p><span style=\"font-weight: 400;\">Per tant, l&#8217;encolat de pl\u00e0stics es pot usar en aquestes aplicacions:<\/span><\/p>\n<p>&nbsp;<\/p>\n<ul>\n<li style=\"font-weight: 400;\" aria-level=\"1\"><span style=\"font-weight: 400;\">Aquaris<\/span><\/li>\n<li style=\"font-weight: 400;\" aria-level=\"1\"><span style=\"font-weight: 400;\">Piscines<\/span><\/li>\n<li style=\"font-weight: 400;\" aria-level=\"1\"><span style=\"font-weight: 400;\">Finestres<\/span><\/li>\n<li style=\"font-weight: 400;\" aria-level=\"1\"><span style=\"font-weight: 400;\">Escotilles<\/span><\/li>\n<li style=\"font-weight: 400;\" aria-level=\"1\"><span style=\"font-weight: 400;\">Mobiliari<\/span><\/li>\n<li style=\"font-weight: 400;\" aria-level=\"1\"><span style=\"font-weight: 400;\">Lletres corp\u00f2ries<\/span><\/li>\n<li style=\"font-weight: 400;\" aria-level=\"1\"><span style=\"font-weight: 400;\">R\u00e8tols<\/span><\/li>\n<li style=\"font-weight: 400;\" aria-level=\"1\"><span style=\"font-weight: 400;\">Articles incolors<\/span><\/li>\n<li style=\"font-weight: 400;\" aria-level=\"1\"><span style=\"font-weight: 400;\">Expositors<\/span><\/li>\n<li style=\"font-weight: 400;\" aria-level=\"1\"><span style=\"font-weight: 400;\">Trofeus<\/span><\/li>\n<li style=\"font-weight: 400;\" aria-level=\"1\"><span style=\"font-weight: 400;\">Articles de metacrilat<\/span><\/li>\n<li style=\"font-weight: 400;\" aria-level=\"1\"><span style=\"font-weight: 400;\">Decoraci\u00f3<\/span><\/li>\n<\/ul>\n<p>&nbsp;<\/p>\n<h2><span style=\"font-weight: 400;\">Com demanar un proc\u00e9s d&#8217;encolat de pl\u00e0stics?<\/span><\/h2>\n<p><span style=\"font-weight: 400;\">A Plastic Express treballem per a encolar pl\u00e0stics i proporcionar els millors resultats al client. A m\u00e9s, <\/span><b>realitzem els <\/b><a href=\"https:\/\/plasticexpress.es\/ca\/procesos\/\"><b>processos de manufactura<\/b><\/a><span style=\"font-weight: 400;\"> de materials pl\u00e0stics. S&#8217;admeten peticions i propostes amb la finalitat d&#8217;aclarir aquells dubtes que puguin sorgir. Els nostres professionals t&#8217;assessoren en els seus projectes i segons els requeriments desitjats, tenint en compte que el nostre equip \u00e9s multidisciplinari i t&#8217;ajuda al fet que trobis el millor producte que s&#8217;adapti a les necessitats pr\u00f2pies.<\/span><\/p>\n<p><span style=\"font-weight: 400;\">Totes les idees que puguis tenir, siguin particulars o per al teu negoci, es poden dur a terme una vegada que els professionals de Plastic Express realitzem l&#8217;<\/span><b>estudi previ<\/b><span style=\"font-weight: 400;\">. D&#8217;aquesta manera, es pot treure en clar quins objectius es desitgen complir, quines s\u00f3n les necessitats i quins recursos faran falta com per a <\/span><b>executar les idees desitjades<\/b><span style=\"font-weight: 400;\">. En tot moment existeix la transpar\u00e8ncia d&#8217;informaci\u00f3 on s&#8217;expliquen els processos que es duran a terme, es marquen dates per al compliment dels treballs i es proporciona la seguretat que el resultat ser\u00e0 el m\u00e9s adequat.<\/span><\/p>\n<p><span style=\"font-weight: 400;\">El <\/span><b>pressupost queda establert des d&#8217;un primer moment<\/b><span style=\"font-weight: 400;\"> perqu\u00e8 existeixi una confirmaci\u00f3 per part del client i que, finalment, no hi hagi sorpreses d&#8217;\u00faltima hora. Per a con\u00e8ixer quines s\u00f3n les propostes i necessitats, \u00e9s necessari que s&#8217;empleni el formulari de la dreta o tamb\u00e9 pot enviar-nos un correu a l&#8217;email <\/span><a href=\"mailto:info@plasticexpress.es\"><span style=\"font-weight: 400;\">info@plasticexpress.es<\/span><\/a><span style=\"font-weight: 400;\"> amb la seg\u00fcent informaci\u00f3: en l&#8217;assumpte indica el proc\u00e9s del qual estiguis interessat i el material com, per exemple, encolat metacrilat.<\/span><\/p>\n<p><span style=\"font-weight: 400;\">Tamb\u00e9 es pot detallar quin tipus de treball vols que realitzem i quins s\u00f3n els objectius que es pretenen complir.<\/span><\/p>\n<p><span style=\"font-weight: 400;\">Recorda que si ets un professional de la ind\u00fastria pots obtenir descomptes especials accedint al formulari de <\/span><a href=\"https:\/\/plasticexpress.es\/ca\/procesos\/presupusto-per-a-professionals\/\"><span style=\"font-weight: 400;\">pressupostos per a professionals<\/span><\/a><span style=\"font-weight: 400;\">.<\/span><\/p>\n","protected":false},"excerpt":{"rendered":"<p>L&#8217;encolat de pl\u00e0stics consisteix en el proc\u00e9s pel qual s&#8217;ajunten dos o m\u00e9s peces per mitj\u00e0 de coles i altres processos f\u00edsics. Els talls realitzats s&#8217;han realitzat a trav\u00e9s de l\u00e0ser o mecanitzat CNC i s&#8217;aconsegueix, aix\u00ed, un resultat que garanteix la durabilitat en les instal\u00b7lacions pl\u00e0stiques, l&#8217;adaptaci\u00f3 a unes mides establertes i la m\u00e0xima [&hellip;]<\/p>\n","protected":false},"author":3,"featured_media":5272,"parent":6003,"menu_order":5,"comment_status":"closed","ping_status":"closed","template":"","meta":{"_acf_changed":false,"footnotes":""},"class_list":["post-9478","page","type-page","status-publish","has-post-thumbnail","hentry"],"acf":[],"yoast_head":"<!-- This site is optimized with the Yoast SEO plugin v27.2 - https:\/\/yoast.com\/product\/yoast-seo-wordpress\/ -->\n<title>Encolat de Metacrilat | Plastic Express<\/title>\n<meta name=\"description\" content=\"Gr\u00e0cies a l&#039;experi\u00e8ncia en fabricaci\u00f3 de peces de metacrilat, a Plastic Express s&#039;encolen materials polim\u00e8rics amb els m\u00e9s alts est\u00e0ndards de qualitat\" \/>\n<meta name=\"robots\" content=\"index, follow, max-snippet:-1, max-image-preview:large, max-video-preview:-1\" \/>\n<link rel=\"canonical\" href=\"https:\/\/plasticexpress.es\/ca\/procesos-de-manufactura-de-materials-plastics\/encolat-de-metacrilat\/\" \/>\n<meta property=\"og:locale\" content=\"ca_ES\" \/>\n<meta property=\"og:type\" content=\"article\" \/>\n<meta property=\"og:title\" content=\"Encolat de Metacrilat | Plastic Express\" \/>\n<meta property=\"og:description\" content=\"Gr\u00e0cies a l&#039;experi\u00e8ncia en fabricaci\u00f3 de peces de metacrilat, a Plastic Express s&#039;encolen materials polim\u00e8rics amb els m\u00e9s alts est\u00e0ndards de qualitat\" \/>\n<meta property=\"og:url\" content=\"https:\/\/plasticexpress.es\/ca\/procesos-de-manufactura-de-materials-plastics\/encolat-de-metacrilat\/\" \/>\n<meta property=\"og:site_name\" content=\"Plasticexpress\" \/>\n<meta property=\"article:modified_time\" content=\"2022-08-18T13:08:56+00:00\" \/>\n<meta property=\"og:image\" content=\"https:\/\/plasticexpress.es\/wp-content\/uploads\/2020\/11\/Pegado-01.jpg\" \/>\n\t<meta property=\"og:image:width\" content=\"850\" \/>\n\t<meta property=\"og:image:height\" content=\"604\" \/>\n\t<meta property=\"og:image:type\" content=\"image\/jpeg\" \/>\n<meta name=\"twitter:card\" content=\"summary_large_image\" \/>\n<meta name=\"twitter:label1\" content=\"Temps estimat de lectura\" \/>\n\t<meta name=\"twitter:data1\" content=\"4 minuts\" \/>\n<script type=\"application\/ld+json\" class=\"yoast-schema-graph\">{\"@context\":\"https:\/\/schema.org\",\"@graph\":[{\"@type\":\"WebPage\",\"@id\":\"https:\/\/plasticexpress.es\/ca\/procesos-de-manufactura-de-materials-plastics\/encolat-de-metacrilat\/\",\"url\":\"https:\/\/plasticexpress.es\/ca\/procesos-de-manufactura-de-materials-plastics\/encolat-de-metacrilat\/\",\"name\":\"Encolat de Metacrilat | Plastic Express\",\"isPartOf\":{\"@id\":\"https:\/\/plasticexpress.es\/ca\/#website\"},\"primaryImageOfPage\":{\"@id\":\"https:\/\/plasticexpress.es\/ca\/procesos-de-manufactura-de-materials-plastics\/encolat-de-metacrilat\/#primaryimage\"},\"image\":{\"@id\":\"https:\/\/plasticexpress.es\/ca\/procesos-de-manufactura-de-materials-plastics\/encolat-de-metacrilat\/#primaryimage\"},\"thumbnailUrl\":\"https:\/\/plasticexpress.es\/wp-content\/uploads\/2020\/11\/Pegado-01.jpg\",\"datePublished\":\"2021-04-06T03:39:12+00:00\",\"dateModified\":\"2022-08-18T13:08:56+00:00\",\"description\":\"Gr\u00e0cies a l'experi\u00e8ncia en fabricaci\u00f3 de peces de metacrilat, a Plastic Express s'encolen materials polim\u00e8rics amb els m\u00e9s alts est\u00e0ndards de qualitat\",\"breadcrumb\":{\"@id\":\"https:\/\/plasticexpress.es\/ca\/procesos-de-manufactura-de-materials-plastics\/encolat-de-metacrilat\/#breadcrumb\"},\"inLanguage\":\"ca\",\"potentialAction\":[{\"@type\":\"ReadAction\",\"target\":[\"https:\/\/plasticexpress.es\/ca\/procesos-de-manufactura-de-materials-plastics\/encolat-de-metacrilat\/\"]}]},{\"@type\":\"ImageObject\",\"inLanguage\":\"ca\",\"@id\":\"https:\/\/plasticexpress.es\/ca\/procesos-de-manufactura-de-materials-plastics\/encolat-de-metacrilat\/#primaryimage\",\"url\":\"https:\/\/plasticexpress.es\/wp-content\/uploads\/2020\/11\/Pegado-01.jpg\",\"contentUrl\":\"https:\/\/plasticexpress.es\/wp-content\/uploads\/2020\/11\/Pegado-01.jpg\",\"width\":850,\"height\":604},{\"@type\":\"BreadcrumbList\",\"@id\":\"https:\/\/plasticexpress.es\/ca\/procesos-de-manufactura-de-materials-plastics\/encolat-de-metacrilat\/#breadcrumb\",\"itemListElement\":[{\"@type\":\"ListItem\",\"position\":1,\"name\":\"Portada\",\"item\":\"https:\/\/plasticexpress.es\/ca\/\"},{\"@type\":\"ListItem\",\"position\":2,\"name\":\"Procesos\",\"item\":\"https:\/\/plasticexpress.es\/ca\/procesos-de-manufactura-de-materials-plastics\/\"},{\"@type\":\"ListItem\",\"position\":3,\"name\":\"Encolat de metacrilat\"}]},{\"@type\":\"WebSite\",\"@id\":\"https:\/\/plasticexpress.es\/ca\/#website\",\"url\":\"https:\/\/plasticexpress.es\/ca\/\",\"name\":\"Plasticexpress\",\"description\":\"Venta de materiales y art\u00edculos de Metacrilato\",\"potentialAction\":[{\"@type\":\"SearchAction\",\"target\":{\"@type\":\"EntryPoint\",\"urlTemplate\":\"https:\/\/plasticexpress.es\/ca\/?s={search_term_string}\"},\"query-input\":{\"@type\":\"PropertyValueSpecification\",\"valueRequired\":true,\"valueName\":\"search_term_string\"}}],\"inLanguage\":\"ca\"}]}<\/script>\n<!-- \/ Yoast SEO plugin. -->","yoast_head_json":{"title":"Encolat de Metacrilat | Plastic Express","description":"Gr\u00e0cies a l'experi\u00e8ncia en fabricaci\u00f3 de peces de metacrilat, a Plastic Express s'encolen materials polim\u00e8rics amb els m\u00e9s alts est\u00e0ndards de qualitat","robots":{"index":"index","follow":"follow","max-snippet":"max-snippet:-1","max-image-preview":"max-image-preview:large","max-video-preview":"max-video-preview:-1"},"canonical":"https:\/\/plasticexpress.es\/ca\/procesos-de-manufactura-de-materials-plastics\/encolat-de-metacrilat\/","og_locale":"ca_ES","og_type":"article","og_title":"Encolat de Metacrilat | Plastic Express","og_description":"Gr\u00e0cies a l'experi\u00e8ncia en fabricaci\u00f3 de peces de metacrilat, a Plastic Express s'encolen materials polim\u00e8rics amb els m\u00e9s alts est\u00e0ndards de qualitat","og_url":"https:\/\/plasticexpress.es\/ca\/procesos-de-manufactura-de-materials-plastics\/encolat-de-metacrilat\/","og_site_name":"Plasticexpress","article_modified_time":"2022-08-18T13:08:56+00:00","og_image":[{"width":850,"height":604,"url":"https:\/\/plasticexpress.es\/wp-content\/uploads\/2020\/11\/Pegado-01.jpg","type":"image\/jpeg"}],"twitter_card":"summary_large_image","twitter_misc":{"Temps estimat de lectura":"4 minuts"},"schema":{"@context":"https:\/\/schema.org","@graph":[{"@type":"WebPage","@id":"https:\/\/plasticexpress.es\/ca\/procesos-de-manufactura-de-materials-plastics\/encolat-de-metacrilat\/","url":"https:\/\/plasticexpress.es\/ca\/procesos-de-manufactura-de-materials-plastics\/encolat-de-metacrilat\/","name":"Encolat de Metacrilat | Plastic Express","isPartOf":{"@id":"https:\/\/plasticexpress.es\/ca\/#website"},"primaryImageOfPage":{"@id":"https:\/\/plasticexpress.es\/ca\/procesos-de-manufactura-de-materials-plastics\/encolat-de-metacrilat\/#primaryimage"},"image":{"@id":"https:\/\/plasticexpress.es\/ca\/procesos-de-manufactura-de-materials-plastics\/encolat-de-metacrilat\/#primaryimage"},"thumbnailUrl":"https:\/\/plasticexpress.es\/wp-content\/uploads\/2020\/11\/Pegado-01.jpg","datePublished":"2021-04-06T03:39:12+00:00","dateModified":"2022-08-18T13:08:56+00:00","description":"Gr\u00e0cies a l'experi\u00e8ncia en fabricaci\u00f3 de peces de metacrilat, a Plastic Express s'encolen materials polim\u00e8rics amb els m\u00e9s alts est\u00e0ndards de qualitat","breadcrumb":{"@id":"https:\/\/plasticexpress.es\/ca\/procesos-de-manufactura-de-materials-plastics\/encolat-de-metacrilat\/#breadcrumb"},"inLanguage":"ca","potentialAction":[{"@type":"ReadAction","target":["https:\/\/plasticexpress.es\/ca\/procesos-de-manufactura-de-materials-plastics\/encolat-de-metacrilat\/"]}]},{"@type":"ImageObject","inLanguage":"ca","@id":"https:\/\/plasticexpress.es\/ca\/procesos-de-manufactura-de-materials-plastics\/encolat-de-metacrilat\/#primaryimage","url":"https:\/\/plasticexpress.es\/wp-content\/uploads\/2020\/11\/Pegado-01.jpg","contentUrl":"https:\/\/plasticexpress.es\/wp-content\/uploads\/2020\/11\/Pegado-01.jpg","width":850,"height":604},{"@type":"BreadcrumbList","@id":"https:\/\/plasticexpress.es\/ca\/procesos-de-manufactura-de-materials-plastics\/encolat-de-metacrilat\/#breadcrumb","itemListElement":[{"@type":"ListItem","position":1,"name":"Portada","item":"https:\/\/plasticexpress.es\/ca\/"},{"@type":"ListItem","position":2,"name":"Procesos","item":"https:\/\/plasticexpress.es\/ca\/procesos-de-manufactura-de-materials-plastics\/"},{"@type":"ListItem","position":3,"name":"Encolat de metacrilat"}]},{"@type":"WebSite","@id":"https:\/\/plasticexpress.es\/ca\/#website","url":"https:\/\/plasticexpress.es\/ca\/","name":"Plasticexpress","description":"Venta de materiales y art\u00edculos de Metacrilato","potentialAction":[{"@type":"SearchAction","target":{"@type":"EntryPoint","urlTemplate":"https:\/\/plasticexpress.es\/ca\/?s={search_term_string}"},"query-input":{"@type":"PropertyValueSpecification","valueRequired":true,"valueName":"search_term_string"}}],"inLanguage":"ca"}]}},"_links":{"self":[{"href":"https:\/\/plasticexpress.es\/ca\/wp-json\/wp\/v2\/pages\/9478","targetHints":{"allow":["GET"]}}],"collection":[{"href":"https:\/\/plasticexpress.es\/ca\/wp-json\/wp\/v2\/pages"}],"about":[{"href":"https:\/\/plasticexpress.es\/ca\/wp-json\/wp\/v2\/types\/page"}],"author":[{"embeddable":true,"href":"https:\/\/plasticexpress.es\/ca\/wp-json\/wp\/v2\/users\/3"}],"replies":[{"embeddable":true,"href":"https:\/\/plasticexpress.es\/ca\/wp-json\/wp\/v2\/comments?post=9478"}],"version-history":[{"count":3,"href":"https:\/\/plasticexpress.es\/ca\/wp-json\/wp\/v2\/pages\/9478\/revisions"}],"predecessor-version":[{"id":16950,"href":"https:\/\/plasticexpress.es\/ca\/wp-json\/wp\/v2\/pages\/9478\/revisions\/16950"}],"up":[{"embeddable":true,"href":"https:\/\/plasticexpress.es\/ca\/wp-json\/wp\/v2\/pages\/6003"}],"wp:featuredmedia":[{"embeddable":true,"href":"https:\/\/plasticexpress.es\/ca\/wp-json\/wp\/v2\/media\/5272"}],"wp:attachment":[{"href":"https:\/\/plasticexpress.es\/ca\/wp-json\/wp\/v2\/media?parent=9478"}],"curies":[{"name":"wp","href":"https:\/\/api.w.org\/{rel}","templated":true}]}}