

{"id":9501,"date":"2021-04-06T06:43:30","date_gmt":"2021-04-06T05:43:30","guid":{"rendered":"https:\/\/plasticexpress.es\/articles-per-a-professionals\/"},"modified":"2021-09-09T15:49:25","modified_gmt":"2021-09-09T14:49:25","slug":"articles-per-a-professionals","status":"publish","type":"page","link":"https:\/\/plasticexpress.es\/ca\/articles-per-a-professionals\/","title":{"rendered":"Articles per a professionals"},"content":{"rendered":"<p>Pel que fa als articles per a professionals, la satisfacci\u00f3 dels nostres clients \u00e9s la base del nostre sistema de qualitat. A m\u00e9s el nostre principal objectiu \u00e9s sobrepassar les seves expectatives i anticipar-nos a les seves necessitats.<\/p>\n<p>L&#8217;estreta col\u00b7laboraci\u00f3 amb els nostres clients ens permet con\u00e8ixer millor les necessitats individuals de cada demandant i les espec\u00edfiques del seu sector econ\u00f2mic. \u00c9s per aix\u00f2 que som capa\u00e7os d&#8217;aportar solucions a mida i innovadores, millorant cont\u00ednuament els nostres productes i serveis.<\/p>\n<p>Amb tot aix\u00f2, en Plastic Express hem pres la decisi\u00f3 d&#8217;apostar per una l\u00ednia de negoci completament viable. Certament es tracta de l&#8217;aposta per la realitzaci\u00f3 d&#8217;articles per a professionals, a un m\u00f2dic preu.<\/p>\n<p>&nbsp;<\/p>\n<h2><strong>Sectors Principals <\/strong><\/h2>\n<p>Tamb\u00e9, treballem per a una \u00e0mplia gamma de professionals, per oferir en cada cas la millor soluci\u00f3 al seu sector. D&#8217;aquesta manera, oferim aplicacions en construcci\u00f3 i arquitectura, en retolaci\u00f3, senyalitzaci\u00f3, projectes d&#8217;interiorisme. A m\u00e9s solucions en peces de metacrilat i policarbonat per a n\u00e0utica, alimentaci\u00f3, col\u00b7leccionisme, ind\u00fastria &#8230;<\/p>\n<p>A partir de maquin\u00e0ria d&#8217;\u00faltima generaci\u00f3, a Plastic Express vam aconseguir un tall de precisi\u00f3 i un acabat perfecte <a href=\"https:\/\/plasticexpress.es\/materiales\/\">d<\/a><a href=\"https:\/\/plasticexpress.es\/materiales\/\">els materials que comercialitzem .<\/a><\/p>\n<p>Com a resultat, obteniu els teus articles amb els avantatges del <a href=\"https:\/\/plasticexpress.es\/procesos-de-manufactura-de-materiales-plasticos\/corte-y-grabado-a-laser\/\">tall i gravat l\u00e0ser<\/a> , <a href=\"https:\/\/plasticexpress.es\/procesos-de-manufactura-de-materiales-plasticos\/mecanizado-por-cnc\/\">mecanitzat CNC<\/a> , <a href=\"https:\/\/plasticexpress.es\/procesos-de-manufactura-de-materiales-plasticos\/pulido-y-abrillantado-de-materiales-plasticos\/\">polit i abrillantat<\/a>, <a href=\"https:\/\/plasticexpress.es\/procesos-de-manufactura-de-materiales-plasticos\/encolado-de-metacrilato\/\">encolat<\/a> i <a href=\"https:\/\/plasticexpress.es\/procesos-de-manufactura-de-materiales-plasticos\/impresion-digital-sobre-materiales-plasticos\/\">impressi\u00f3 digital<\/a> per als teus projectes en un sol lloc.<\/p>\n<h3><strong>Articles Per A Professionals Ind\u00fastria<\/strong><\/h3>\n<p>Primer estem completament capacitats i formats per elaborar peces com les seg\u00fcents:<\/p>\n<ul>\n<li>\u2022 Mecanitzat de peces a mida CNC<\/li>\n<li>\u2022 Peces a mida tallades amb l\u00e0ser<\/li>\n<li>Proteccions de maquin\u00e0ria<\/li>\n<li>Proteccions de seguretat<\/li>\n<li>Cabines f. proteccions ac\u00fastiques<\/li>\n<li>Marquesines<\/li>\n<li>Safates de transport de peces<\/li>\n<li>Plaques senyalitzadores<\/li>\n<li>Protecci\u00f3 parets<\/li>\n<li>Peces a mida amb contacte alimentari<\/li>\n<li>Equipament el\u00e8ctric<\/li>\n<\/ul>\n<h3><strong>Articles Per A Professionals Comer\u00e7<\/strong><\/h3>\n<p>Solucions a mida per cobrir i protegir els productes que vulguis exhibir en el teu negoci. A m\u00e9s, elaborem peces de disseny en diferents formes per captar m\u00e9s l&#8217;atenci\u00f3 dels teus clients. D&#8217;aquesta manera, els articles de metacrilat es poden emprar per col\u00b7locar el producte i que sigui m\u00e9s visible de cara als compradors.<\/p>\n<ul>\n<li>Expositors (Els expositors s&#8217;especificaran per als seg\u00fcents sectors)<\/li>\n<li>Perfumeria<\/li>\n<li>Telefonia<\/li>\n<li>Joieria<\/li>\n<li>Bijuteria<\/li>\n<li>\u00d3ptica<\/li>\n<li>Rellotgeria<\/li>\n<li>Sabateria<\/li>\n<li>Farm\u00e0cia<\/li>\n<li>Caixes de metacrilat<\/li>\n<li>Peanes de metacrilat<\/li>\n<li>Portafotos<\/li>\n<li>Tapes de metacrilat<\/li>\n<li>Portafulletons amb i sense caixet\u00ed<\/li>\n<li>Portacat\u00e1logos<\/li>\n<li>Portafulletons LED per immobili\u00e0ria \/ viatges<\/li>\n<li>Portafulletons per immobili\u00e0ria \/ viatges<\/li>\n<li>Portapreus imantats<\/li>\n<li>Urnes de votaci\u00f3<\/li>\n<li>Prestatgeries<\/li>\n<li>Panells per retroil\u00b7luminar<\/li>\n<li>Lletres corp\u00f2ries<\/li>\n<li>Plaques informatives<\/li>\n<li>Plaques senyalitzadores<\/li>\n<li>Nivells per a aparador<\/li>\n<li>Maniqu\u00eds<\/li>\n<li>Penjadors<\/li>\n<li>Caramel\u00b7leras<\/li>\n<\/ul>\n<h3><strong>Articles Per A Professionals Horeca<\/strong><\/h3>\n<p>Seguint amb Horeca , l&#8217;ordre i la neteja s\u00f3n fonamentals perqu\u00e8 un negoci dedicat al turisme o l&#8217;hostaleria funcioni correctament. A m\u00e9s, en l&#8217;hostaleria \u00e9s important\u00edssim que es de confian\u00e7a i seguretat als comensals. Aix\u00ed mateix, el menjar i el past\u00eds han de tenir bona pres\u00e8ncia.<\/p>\n<p>En primer lloc el menjar entra davant l&#8217;ull. No obstant aix\u00f2, a majors, ha de transmetre sensaci\u00f3 de pulcritud i aix\u00f2 s&#8217;aconsegueix a m\u00e9s de tenir cura de l&#8217;aparen\u00e7a, protegint els productes que s&#8217;exhibeixen.<\/p>\n<p>Finalment, nosaltres fabriquem productes al servei d&#8217;aquesta ind\u00fastria per millorar la seva imatge de cara als seus clients. Entre les nostres elaboracions trobar\u00e0s:<\/p>\n<ul>\n<li>Safates de metacrilat<\/li>\n<li>Caixes per amenities<\/li>\n<li>Portamen\u00fas<\/li>\n<li>Setrilleres de metacrilat<\/li>\n<li>Gerros f. vitrines<\/li>\n<li>Portes per vitrina tapes (recanvis)<\/li>\n<li>sota plats<\/li>\n<li>tovallons<\/li>\n<li>Portafolleto<\/li>\n<li>Cap\u00e7als de llit<\/li>\n<li>plaques senyalitzadores<\/li>\n<li>Articles gelateria<\/li>\n<li>Portaconos de gelat<\/li>\n<li>Vitrina expositora per brioixeria<\/li>\n<li>Peixeres i aquaris<\/li>\n<\/ul>\n<h3><strong>Articles Arquitectura I Interiorisme<\/strong><\/h3>\n<p>Segurament, quan vam muntar un negoci sempre volem que la nostra marca tingui for\u00e7a i posicionament. \u00c9s per aix\u00f2, que tot detall ha d&#8217;estar completament justificat. Aix\u00ed mateix, tenir poder pel que volem donar-li aquest aire especial al nostre negoci a trav\u00e9s d&#8217;una decoraci\u00f3 amb personalitat. De la mateixa manera passa quan pensem en com dissenyar la nostra casa. A m\u00e9s, volem que la nostra llar tingui el nostre toc, alguna cosa especial que el diferenci\u00ef dels altres.<\/p>\n<p>Aix\u00ed mateix, pensa en el teu disseny, planteja&#8217;ns-ho i nosaltres ho farem realitat. Fabriquem a gust de client:<\/p>\n<ul>\n<li>Baranes<\/li>\n<li>Poms<\/li>\n<li>Tiradors<\/li>\n<li>difusors il\u00b7luminaci\u00f3<\/li>\n<li>Taules<\/li>\n<li>Cadires<\/li>\n<li>Banquetes<\/li>\n<li>Tamboret alt<\/li>\n<li>Bancs<\/li>\n<li>Paravents, divis\u00f2ries, separadors.<\/li>\n<li>Quadres impresos en diversos suports.<\/li>\n<li>C\u00fapules<\/li>\n<li>Arrambadors<\/li>\n<li>plaques senyalitzadores<\/li>\n<li>plaques corporatives<\/li>\n<li>Pantalles il\u00b7luminaci\u00f3, aplics.<\/li>\n<li>Cubells amb il\u00b7luminaci\u00f3<\/li>\n<li>Cobertes per a p\u00e8rgoles<\/li>\n<li>Cobertes transparents<\/li>\n<li>lluernaris<\/li>\n<li>Marquesina<\/li>\n<li>Protector transparent parets i portes contra esgarrapades i brut\u00edcia<\/li>\n<\/ul>\n<h3><strong>Articles Comunicaci\u00f3 , Marxandatge I Trofeus<\/strong><\/h3>\n<p>Mentrestant, si continuem en la l\u00ednia de transmetre for\u00e7a, seguretat, comprom\u00eds i el toc personal de la marca a cada un dels elements que la componen. Per aix\u00f2 a Plastic Express elaborem amb el teu segell personal i al teu gust:<\/p>\n<ul>\n<li>Lletres corp\u00f2ries<\/li>\n<li>Clauers<\/li>\n<li>Trofeus Plaques commemoratives<\/li>\n<li>Plaques corp\u00f2ries<\/li>\n<li>Faristols<\/li>\n<li>R\u00e8tols<\/li>\n<\/ul>\n<h3><strong>Articles N\u00e0utica<\/strong><\/h3>\n<p>Finalment els vaixells i els iots s\u00f3n vehicles on els elements que els componen han de complir les mesures de seguretat. Ja que, aquestes mesures s\u00f3n exigides en la llei de seguretat de la mar.<\/p>\n<p>A m\u00e9s, tots els elements han d&#8217;estar homologats de manera que els passatgers puguin viatjar segurs. Tot ha d&#8217;estar fet al mil\u00b7l\u00edmetre i amb molta professionalitat. Per \u00faltim nosaltres estem acreditats per realitzar:<\/p>\n<ul>\n<li>Finestres a mida<\/li>\n<li>Parabrises a mida<\/li>\n<li>Escotilles a mida<\/li>\n<li>Baranes a mida<\/li>\n<li>Taules a mida<\/li>\n<li>Portacopas i Portavasos a mida<\/li>\n<li>Portaplatos a mida<\/li>\n<li>Protectors per a quadre de comandaments<\/li>\n<\/ul>\n","protected":false},"excerpt":{"rendered":"<p>Pel que fa als articles per a professionals, la satisfacci\u00f3 dels nostres clients \u00e9s la base del nostre sistema de qualitat. A m\u00e9s el nostre principal objectiu \u00e9s sobrepassar les seves expectatives i anticipar-nos a les seves necessitats. L&#8217;estreta col\u00b7laboraci\u00f3 amb els nostres clients ens permet con\u00e8ixer millor les necessitats individuals de cada demandant i [&hellip;]<\/p>\n","protected":false},"author":3,"featured_media":0,"parent":0,"menu_order":5,"comment_status":"closed","ping_status":"closed","template":"plantilla-fullwidth.php","meta":{"_acf_changed":false,"footnotes":""},"class_list":["post-9501","page","type-page","status-publish","hentry"],"acf":[],"yoast_head":"<!-- This site is optimized with the Yoast SEO plugin v27.2 - https:\/\/yoast.com\/product\/yoast-seo-wordpress\/ -->\n<title>PLASTIC EXPRESS | Articles Per A Professionals<\/title>\n<meta name=\"description\" content=\"Realitzem tot tipus d&#039;articles per a professionals de diversos sectors industrials. Pressupost personalitzat, \u00a1consulta&#039;ns!\" \/>\n<meta name=\"robots\" content=\"index, follow, max-snippet:-1, max-image-preview:large, max-video-preview:-1\" \/>\n<link rel=\"canonical\" href=\"https:\/\/plasticexpress.es\/ca\/articles-per-a-professionals\/\" \/>\n<meta property=\"og:locale\" content=\"ca_ES\" \/>\n<meta property=\"og:type\" content=\"article\" \/>\n<meta property=\"og:title\" content=\"PLASTIC EXPRESS | Articles Per A Professionals\" \/>\n<meta property=\"og:description\" content=\"Realitzem tot tipus d&#039;articles per a professionals de diversos sectors industrials. Pressupost personalitzat, \u00a1consulta&#039;ns!\" \/>\n<meta property=\"og:url\" content=\"https:\/\/plasticexpress.es\/ca\/articles-per-a-professionals\/\" \/>\n<meta property=\"og:site_name\" content=\"Plasticexpress\" \/>\n<meta property=\"article:modified_time\" content=\"2021-09-09T14:49:25+00:00\" \/>\n<meta name=\"twitter:card\" content=\"summary_large_image\" \/>\n<meta name=\"twitter:label1\" content=\"Temps estimat de lectura\" \/>\n\t<meta name=\"twitter:data1\" content=\"4 minuts\" \/>\n<script type=\"application\/ld+json\" class=\"yoast-schema-graph\">{\"@context\":\"https:\/\/schema.org\",\"@graph\":[{\"@type\":\"WebPage\",\"@id\":\"https:\/\/plasticexpress.es\/ca\/articles-per-a-professionals\/\",\"url\":\"https:\/\/plasticexpress.es\/ca\/articles-per-a-professionals\/\",\"name\":\"PLASTIC EXPRESS | Articles Per A Professionals\",\"isPartOf\":{\"@id\":\"https:\/\/plasticexpress.es\/ca\/#website\"},\"datePublished\":\"2021-04-06T05:43:30+00:00\",\"dateModified\":\"2021-09-09T14:49:25+00:00\",\"description\":\"Realitzem tot tipus d'articles per a professionals de diversos sectors industrials. Pressupost personalitzat, \u00a1consulta'ns!\",\"breadcrumb\":{\"@id\":\"https:\/\/plasticexpress.es\/ca\/articles-per-a-professionals\/#breadcrumb\"},\"inLanguage\":\"ca\",\"potentialAction\":[{\"@type\":\"ReadAction\",\"target\":[\"https:\/\/plasticexpress.es\/ca\/articles-per-a-professionals\/\"]}]},{\"@type\":\"BreadcrumbList\",\"@id\":\"https:\/\/plasticexpress.es\/ca\/articles-per-a-professionals\/#breadcrumb\",\"itemListElement\":[{\"@type\":\"ListItem\",\"position\":1,\"name\":\"Portada\",\"item\":\"https:\/\/plasticexpress.es\/ca\/\"},{\"@type\":\"ListItem\",\"position\":2,\"name\":\"Articles per a professionals\"}]},{\"@type\":\"WebSite\",\"@id\":\"https:\/\/plasticexpress.es\/ca\/#website\",\"url\":\"https:\/\/plasticexpress.es\/ca\/\",\"name\":\"Plasticexpress\",\"description\":\"Venta de materiales y art\u00edculos de Metacrilato\",\"potentialAction\":[{\"@type\":\"SearchAction\",\"target\":{\"@type\":\"EntryPoint\",\"urlTemplate\":\"https:\/\/plasticexpress.es\/ca\/?s={search_term_string}\"},\"query-input\":{\"@type\":\"PropertyValueSpecification\",\"valueRequired\":true,\"valueName\":\"search_term_string\"}}],\"inLanguage\":\"ca\"}]}<\/script>\n<!-- \/ Yoast SEO plugin. -->","yoast_head_json":{"title":"PLASTIC EXPRESS | Articles Per A Professionals","description":"Realitzem tot tipus d'articles per a professionals de diversos sectors industrials. Pressupost personalitzat, \u00a1consulta'ns!","robots":{"index":"index","follow":"follow","max-snippet":"max-snippet:-1","max-image-preview":"max-image-preview:large","max-video-preview":"max-video-preview:-1"},"canonical":"https:\/\/plasticexpress.es\/ca\/articles-per-a-professionals\/","og_locale":"ca_ES","og_type":"article","og_title":"PLASTIC EXPRESS | Articles Per A Professionals","og_description":"Realitzem tot tipus d'articles per a professionals de diversos sectors industrials. Pressupost personalitzat, \u00a1consulta'ns!","og_url":"https:\/\/plasticexpress.es\/ca\/articles-per-a-professionals\/","og_site_name":"Plasticexpress","article_modified_time":"2021-09-09T14:49:25+00:00","twitter_card":"summary_large_image","twitter_misc":{"Temps estimat de lectura":"4 minuts"},"schema":{"@context":"https:\/\/schema.org","@graph":[{"@type":"WebPage","@id":"https:\/\/plasticexpress.es\/ca\/articles-per-a-professionals\/","url":"https:\/\/plasticexpress.es\/ca\/articles-per-a-professionals\/","name":"PLASTIC EXPRESS | Articles Per A Professionals","isPartOf":{"@id":"https:\/\/plasticexpress.es\/ca\/#website"},"datePublished":"2021-04-06T05:43:30+00:00","dateModified":"2021-09-09T14:49:25+00:00","description":"Realitzem tot tipus d'articles per a professionals de diversos sectors industrials. Pressupost personalitzat, \u00a1consulta'ns!","breadcrumb":{"@id":"https:\/\/plasticexpress.es\/ca\/articles-per-a-professionals\/#breadcrumb"},"inLanguage":"ca","potentialAction":[{"@type":"ReadAction","target":["https:\/\/plasticexpress.es\/ca\/articles-per-a-professionals\/"]}]},{"@type":"BreadcrumbList","@id":"https:\/\/plasticexpress.es\/ca\/articles-per-a-professionals\/#breadcrumb","itemListElement":[{"@type":"ListItem","position":1,"name":"Portada","item":"https:\/\/plasticexpress.es\/ca\/"},{"@type":"ListItem","position":2,"name":"Articles per a professionals"}]},{"@type":"WebSite","@id":"https:\/\/plasticexpress.es\/ca\/#website","url":"https:\/\/plasticexpress.es\/ca\/","name":"Plasticexpress","description":"Venta de materiales y art\u00edculos de Metacrilato","potentialAction":[{"@type":"SearchAction","target":{"@type":"EntryPoint","urlTemplate":"https:\/\/plasticexpress.es\/ca\/?s={search_term_string}"},"query-input":{"@type":"PropertyValueSpecification","valueRequired":true,"valueName":"search_term_string"}}],"inLanguage":"ca"}]}},"_links":{"self":[{"href":"https:\/\/plasticexpress.es\/ca\/wp-json\/wp\/v2\/pages\/9501","targetHints":{"allow":["GET"]}}],"collection":[{"href":"https:\/\/plasticexpress.es\/ca\/wp-json\/wp\/v2\/pages"}],"about":[{"href":"https:\/\/plasticexpress.es\/ca\/wp-json\/wp\/v2\/types\/page"}],"author":[{"embeddable":true,"href":"https:\/\/plasticexpress.es\/ca\/wp-json\/wp\/v2\/users\/3"}],"replies":[{"embeddable":true,"href":"https:\/\/plasticexpress.es\/ca\/wp-json\/wp\/v2\/comments?post=9501"}],"version-history":[{"count":6,"href":"https:\/\/plasticexpress.es\/ca\/wp-json\/wp\/v2\/pages\/9501\/revisions"}],"predecessor-version":[{"id":12419,"href":"https:\/\/plasticexpress.es\/ca\/wp-json\/wp\/v2\/pages\/9501\/revisions\/12419"}],"wp:attachment":[{"href":"https:\/\/plasticexpress.es\/ca\/wp-json\/wp\/v2\/media?parent=9501"}],"curies":[{"name":"wp","href":"https:\/\/api.w.org\/{rel}","templated":true}]}}