

{"id":9751,"date":"2021-04-13T23:30:59","date_gmt":"2021-04-13T22:30:59","guid":{"rendered":"https:\/\/plasticexpress.es\/avis-legal\/"},"modified":"2021-04-13T23:30:59","modified_gmt":"2021-04-13T22:30:59","slug":"avis-legal","status":"publish","type":"page","link":"https:\/\/plasticexpress.es\/ca\/avis-legal\/","title":{"rendered":"Av\u00eds legal"},"content":{"rendered":"<p>Titular del lloc web: Ra\u00f3 social PLASTIC EXPRESS SA, amb domicili social al C \/ Zamora 85, amb C.I.F A17484908 i inscrita en el Registre Mercantil de Girona amb les seg\u00fcents dades: Tom: 38922, Foli: 73, Fulla: 332.087.<\/p>\n<p>Per a qualsevol consulta, ens pot contactar per correu electr\u00f2nic: <a href=\"mailto:info@plasticexpress.es\">info@plasticexpress.es<\/a> o al tel\u00e8fon <a href=\"tel:34932651404\">(+34) 932.651.404.<\/a><\/p>\n","protected":false},"excerpt":{"rendered":"<p>Titular del lloc web: Ra\u00f3 social PLASTIC EXPRESS SA, amb domicili social al C \/ Zamora 85, amb C.I.F A17484908 i inscrita en el Registre Mercantil de Girona amb les seg\u00fcents dades: Tom: 38922, Foli: 73, Fulla: 332.087. Per a qualsevol consulta, ens pot contactar per correu electr\u00f2nic: info@plasticexpress.es o al tel\u00e8fon (+34) 932.651.404.<\/p>\n","protected":false},"author":3,"featured_media":0,"parent":0,"menu_order":101,"comment_status":"closed","ping_status":"closed","template":"plantilla-fullwidth.php","meta":{"_acf_changed":false,"footnotes":""},"class_list":["post-9751","page","type-page","status-publish","hentry"],"acf":[],"yoast_head":"<!-- This site is optimized with the Yoast SEO plugin v27.4 - https:\/\/yoast.com\/product\/yoast-seo-wordpress\/ -->\n<title>Av\u00eds legal sitio web - Plasticexpress<\/title>\n<meta name=\"description\" content=\"Titular del lloc web: Ra\u00f3 social PLASTIC EXPRESS SA, amb domicili social al C \/ Zamora 85, amb C.I.F A17484908 i inscrita en el Registre Mercantil de\" \/>\n<meta name=\"robots\" content=\"noindex, follow\" \/>\n<meta property=\"og:locale\" content=\"ca_ES\" \/>\n<meta property=\"og:type\" content=\"article\" \/>\n<meta property=\"og:title\" content=\"Av\u00eds legal sitio web - Plasticexpress\" \/>\n<meta property=\"og:description\" content=\"Titular del lloc web: Ra\u00f3 social PLASTIC EXPRESS SA, amb domicili social al C \/ Zamora 85, amb C.I.F A17484908 i inscrita en el Registre Mercantil de\" \/>\n<meta property=\"og:url\" content=\"https:\/\/plasticexpress.es\/ca\/avis-legal\/\" \/>\n<meta property=\"og:site_name\" content=\"Plasticexpress\" \/>\n<meta name=\"twitter:card\" content=\"summary_large_image\" \/>\n<script type=\"application\/ld+json\" class=\"yoast-schema-graph\">{\"@context\":\"https:\\\/\\\/schema.org\",\"@graph\":[{\"@type\":\"WebPage\",\"@id\":\"https:\\\/\\\/plasticexpress.es\\\/ca\\\/avis-legal\\\/\",\"url\":\"https:\\\/\\\/plasticexpress.es\\\/ca\\\/avis-legal\\\/\",\"name\":\"Av\u00eds legal sitio web - Plasticexpress\",\"isPartOf\":{\"@id\":\"https:\\\/\\\/plasticexpress.es\\\/ca\\\/#website\"},\"datePublished\":\"2021-04-13T22:30:59+00:00\",\"description\":\"Titular del lloc web: Ra\u00f3 social PLASTIC EXPRESS SA, amb domicili social al C \\\/ Zamora 85, amb C.I.F A17484908 i inscrita en el Registre Mercantil de\",\"breadcrumb\":{\"@id\":\"https:\\\/\\\/plasticexpress.es\\\/ca\\\/avis-legal\\\/#breadcrumb\"},\"inLanguage\":\"ca\",\"potentialAction\":[{\"@type\":\"ReadAction\",\"target\":[\"https:\\\/\\\/plasticexpress.es\\\/ca\\\/avis-legal\\\/\"]}]},{\"@type\":\"BreadcrumbList\",\"@id\":\"https:\\\/\\\/plasticexpress.es\\\/ca\\\/avis-legal\\\/#breadcrumb\",\"itemListElement\":[{\"@type\":\"ListItem\",\"position\":1,\"name\":\"Portada\",\"item\":\"https:\\\/\\\/plasticexpress.es\\\/ca\\\/\"},{\"@type\":\"ListItem\",\"position\":2,\"name\":\"Av\u00eds legal\"}]},{\"@type\":\"WebSite\",\"@id\":\"https:\\\/\\\/plasticexpress.es\\\/ca\\\/#website\",\"url\":\"https:\\\/\\\/plasticexpress.es\\\/ca\\\/\",\"name\":\"Plasticexpress\",\"description\":\"Venta de materiales y art\u00edculos de Metacrilato\",\"potentialAction\":[{\"@type\":\"SearchAction\",\"target\":{\"@type\":\"EntryPoint\",\"urlTemplate\":\"https:\\\/\\\/plasticexpress.es\\\/ca\\\/?s={search_term_string}\"},\"query-input\":{\"@type\":\"PropertyValueSpecification\",\"valueRequired\":true,\"valueName\":\"search_term_string\"}}],\"inLanguage\":\"ca\"}]}<\/script>\n<!-- \/ Yoast SEO plugin. -->","yoast_head_json":{"title":"Av\u00eds legal sitio web - Plasticexpress","description":"Titular del lloc web: Ra\u00f3 social PLASTIC EXPRESS SA, amb domicili social al C \/ Zamora 85, amb C.I.F A17484908 i inscrita en el Registre Mercantil de","robots":{"index":"noindex","follow":"follow"},"og_locale":"ca_ES","og_type":"article","og_title":"Av\u00eds legal sitio web - Plasticexpress","og_description":"Titular del lloc web: Ra\u00f3 social PLASTIC EXPRESS SA, amb domicili social al C \/ Zamora 85, amb C.I.F A17484908 i inscrita en el Registre Mercantil de","og_url":"https:\/\/plasticexpress.es\/ca\/avis-legal\/","og_site_name":"Plasticexpress","twitter_card":"summary_large_image","schema":{"@context":"https:\/\/schema.org","@graph":[{"@type":"WebPage","@id":"https:\/\/plasticexpress.es\/ca\/avis-legal\/","url":"https:\/\/plasticexpress.es\/ca\/avis-legal\/","name":"Av\u00eds legal sitio web - Plasticexpress","isPartOf":{"@id":"https:\/\/plasticexpress.es\/ca\/#website"},"datePublished":"2021-04-13T22:30:59+00:00","description":"Titular del lloc web: Ra\u00f3 social PLASTIC EXPRESS SA, amb domicili social al C \/ Zamora 85, amb C.I.F A17484908 i inscrita en el Registre Mercantil de","breadcrumb":{"@id":"https:\/\/plasticexpress.es\/ca\/avis-legal\/#breadcrumb"},"inLanguage":"ca","potentialAction":[{"@type":"ReadAction","target":["https:\/\/plasticexpress.es\/ca\/avis-legal\/"]}]},{"@type":"BreadcrumbList","@id":"https:\/\/plasticexpress.es\/ca\/avis-legal\/#breadcrumb","itemListElement":[{"@type":"ListItem","position":1,"name":"Portada","item":"https:\/\/plasticexpress.es\/ca\/"},{"@type":"ListItem","position":2,"name":"Av\u00eds legal"}]},{"@type":"WebSite","@id":"https:\/\/plasticexpress.es\/ca\/#website","url":"https:\/\/plasticexpress.es\/ca\/","name":"Plasticexpress","description":"Venta de materiales y art\u00edculos de Metacrilato","potentialAction":[{"@type":"SearchAction","target":{"@type":"EntryPoint","urlTemplate":"https:\/\/plasticexpress.es\/ca\/?s={search_term_string}"},"query-input":{"@type":"PropertyValueSpecification","valueRequired":true,"valueName":"search_term_string"}}],"inLanguage":"ca"}]}},"_links":{"self":[{"href":"https:\/\/plasticexpress.es\/ca\/wp-json\/wp\/v2\/pages\/9751","targetHints":{"allow":["GET"]}}],"collection":[{"href":"https:\/\/plasticexpress.es\/ca\/wp-json\/wp\/v2\/pages"}],"about":[{"href":"https:\/\/plasticexpress.es\/ca\/wp-json\/wp\/v2\/types\/page"}],"author":[{"embeddable":true,"href":"https:\/\/plasticexpress.es\/ca\/wp-json\/wp\/v2\/users\/3"}],"replies":[{"embeddable":true,"href":"https:\/\/plasticexpress.es\/ca\/wp-json\/wp\/v2\/comments?post=9751"}],"version-history":[{"count":0,"href":"https:\/\/plasticexpress.es\/ca\/wp-json\/wp\/v2\/pages\/9751\/revisions"}],"wp:attachment":[{"href":"https:\/\/plasticexpress.es\/ca\/wp-json\/wp\/v2\/media?parent=9751"}],"curies":[{"name":"wp","href":"https:\/\/api.w.org\/{rel}","templated":true}]}}