

{"id":10015,"date":"2020-10-29T16:39:08","date_gmt":"2021-04-21T03:20:05","guid":{"rendered":"https:\/\/plasticexpress.es\/producto\/Sense%20categoria\/mampara-de-sobretaula\/"},"modified":"2021-10-19T19:12:47","modified_gmt":"2021-10-19T18:12:47","slug":"mampara-de-sobretaula-oficina","status":"publish","type":"product","link":"https:\/\/plasticexpress.es\/ca\/producto\/mampares-anticontagio-oficina\/mampara-de-sobretaula-oficina\/","title":{"rendered":"Mampara de sobretaula"},"content":{"rendered":"<p>Mampara de metacrilat transparent de sobretaula. Especial per a hostaleria.<\/p>\n<p>Protegeix el personal i als clients de possibles contagis minimitzant el contacte interpersonal.<\/p>\n<p>\u00c9s autosoportante ja que no requereix cargols. F\u00e0cil neteja i desinfecci\u00f3<\/p>\n","protected":false},"excerpt":{"rendered":"<p>Mampara de metacrilat transparent de sobretaula. Especial per a hostaleria. Protegeix el personal i als clients de possibles contagis minimitzant el contacte interpersonal. \u00c9s autosoportante ja que no requereix cargols. F\u00e0cil neteja i desinfecci\u00f3<\/p>\n","protected":false},"featured_media":5121,"comment_status":"open","ping_status":"closed","template":"","meta":{"_acf_changed":false},"product_brand":[],"product_cat":[663],"product_tag":[732,1370,1369,1372,1342,1371,857],"class_list":{"0":"post-10015","1":"product","2":"type-product","3":"status-publish","4":"has-post-thumbnail","6":"product_cat-mampares-anticontagio-oficina","7":"product_tag-mampara-anticontagio-per-a-hostaleria","8":"product_tag-mampara-hostaleria","9":"product_tag-mampara-metacrilat","10":"product_tag-mampara-per-a-taules","11":"product_tag-mampara-protectora-ca","12":"product_tag-mampara-sobretaula","13":"product_tag-mampara-transparent","15":"first","16":"instock","17":"shipping-taxable","18":"purchasable","19":"product-type-variable"},"acf":{"photo_gallery":{"opciones_de_agujeros":[[]]}},"yoast_head":"<!-- This site is optimized with the Yoast SEO plugin v27.2 - https:\/\/yoast.com\/product\/yoast-seo-wordpress\/ -->\n<title>Mampara Anticontagi de Sobretaula | PlasticExpress<\/title>\n<meta name=\"description\" content=\"Les mampares antigontagi de sobretaula s\u00f3n ideals per a protegir els teus treballadors a l&#039;oficina. Compra la teva mampara de aqu\u00ed.\" \/>\n<meta name=\"robots\" content=\"index, follow, max-snippet:-1, max-image-preview:large, max-video-preview:-1\" \/>\n<link rel=\"canonical\" href=\"https:\/\/plasticexpress.es\/ca\/producto\/mampares-anticontagio-oficina\/mampara-de-sobretaula-oficina\/\" \/>\n<meta property=\"og:locale\" content=\"ca_ES\" \/>\n<meta property=\"og:type\" content=\"article\" \/>\n<meta property=\"og:title\" content=\"Mampara Anticontagi de Sobretaula | PlasticExpress\" \/>\n<meta property=\"og:description\" content=\"Les mampares antigontagi de sobretaula s\u00f3n ideals per a protegir els teus treballadors a l&#039;oficina. Compra la teva mampara de aqu\u00ed.\" \/>\n<meta property=\"og:url\" content=\"https:\/\/plasticexpress.es\/ca\/producto\/mampares-anticontagio-oficina\/mampara-de-sobretaula-oficina\/\" \/>\n<meta property=\"og:site_name\" content=\"Plasticexpress\" \/>\n<meta property=\"article:modified_time\" content=\"2021-10-19T18:12:47+00:00\" \/>\n<meta property=\"og:image\" content=\"https:\/\/plasticexpress.es\/wp-content\/uploads\/2020\/10\/mampara-de-sobremesa-oficina-01.jpg\" \/>\n\t<meta property=\"og:image:width\" content=\"1000\" \/>\n\t<meta property=\"og:image:height\" content=\"667\" \/>\n\t<meta property=\"og:image:type\" content=\"image\/jpeg\" \/>\n<meta name=\"twitter:card\" content=\"summary_large_image\" \/>\n<script type=\"application\/ld+json\" class=\"yoast-schema-graph\">{\"@context\":\"https:\/\/schema.org\",\"@graph\":[{\"@type\":\"WebPage\",\"@id\":\"https:\/\/plasticexpress.es\/ca\/producto\/mampares-anticontagio-oficina\/mampara-de-sobretaula-oficina\/\",\"url\":\"https:\/\/plasticexpress.es\/ca\/producto\/mampares-anticontagio-oficina\/mampara-de-sobretaula-oficina\/\",\"name\":\"Mampara Anticontagi de Sobretaula | PlasticExpress\",\"isPartOf\":{\"@id\":\"https:\/\/plasticexpress.es\/ca\/#website\"},\"primaryImageOfPage\":{\"@id\":\"https:\/\/plasticexpress.es\/ca\/producto\/mampares-anticontagio-oficina\/mampara-de-sobretaula-oficina\/#primaryimage\"},\"image\":{\"@id\":\"https:\/\/plasticexpress.es\/ca\/producto\/mampares-anticontagio-oficina\/mampara-de-sobretaula-oficina\/#primaryimage\"},\"thumbnailUrl\":\"https:\/\/plasticexpress.es\/wp-content\/uploads\/2020\/10\/mampara-de-sobremesa-oficina-01.jpg\",\"datePublished\":\"2021-04-21T03:20:05+00:00\",\"dateModified\":\"2021-10-19T18:12:47+00:00\",\"description\":\"Les mampares antigontagi de sobretaula s\u00f3n ideals per a protegir els teus treballadors a l'oficina. Compra la teva mampara de aqu\u00ed.\",\"breadcrumb\":{\"@id\":\"https:\/\/plasticexpress.es\/ca\/producto\/mampares-anticontagio-oficina\/mampara-de-sobretaula-oficina\/#breadcrumb\"},\"inLanguage\":\"ca\",\"potentialAction\":[{\"@type\":\"ReadAction\",\"target\":[\"https:\/\/plasticexpress.es\/ca\/producto\/mampares-anticontagio-oficina\/mampara-de-sobretaula-oficina\/\"]}]},{\"@type\":\"ImageObject\",\"inLanguage\":\"ca\",\"@id\":\"https:\/\/plasticexpress.es\/ca\/producto\/mampares-anticontagio-oficina\/mampara-de-sobretaula-oficina\/#primaryimage\",\"url\":\"https:\/\/plasticexpress.es\/wp-content\/uploads\/2020\/10\/mampara-de-sobremesa-oficina-01.jpg\",\"contentUrl\":\"https:\/\/plasticexpress.es\/wp-content\/uploads\/2020\/10\/mampara-de-sobremesa-oficina-01.jpg\",\"width\":1000,\"height\":667,\"caption\":\"Mampara de sobretaula\"},{\"@type\":\"BreadcrumbList\",\"@id\":\"https:\/\/plasticexpress.es\/ca\/producto\/mampares-anticontagio-oficina\/mampara-de-sobretaula-oficina\/#breadcrumb\",\"itemListElement\":[{\"@type\":\"ListItem\",\"position\":1,\"name\":\"Portada\",\"item\":\"https:\/\/plasticexpress.es\/ca\/\"},{\"@type\":\"ListItem\",\"position\":2,\"name\":\"Shop\",\"item\":\"https:\/\/plasticexpress.es\/ca\/shop\/\"},{\"@type\":\"ListItem\",\"position\":3,\"name\":\"Mampara de sobretaula\"}]},{\"@type\":\"WebSite\",\"@id\":\"https:\/\/plasticexpress.es\/ca\/#website\",\"url\":\"https:\/\/plasticexpress.es\/ca\/\",\"name\":\"Plasticexpress\",\"description\":\"Venta de materiales y art\u00edculos de Metacrilato\",\"potentialAction\":[{\"@type\":\"SearchAction\",\"target\":{\"@type\":\"EntryPoint\",\"urlTemplate\":\"https:\/\/plasticexpress.es\/ca\/?s={search_term_string}\"},\"query-input\":{\"@type\":\"PropertyValueSpecification\",\"valueRequired\":true,\"valueName\":\"search_term_string\"}}],\"inLanguage\":\"ca\"}]}<\/script>\n<!-- \/ Yoast SEO plugin. -->","yoast_head_json":{"title":"Mampara Anticontagi de Sobretaula | PlasticExpress","description":"Les mampares antigontagi de sobretaula s\u00f3n ideals per a protegir els teus treballadors a l'oficina. Compra la teva mampara de aqu\u00ed.","robots":{"index":"index","follow":"follow","max-snippet":"max-snippet:-1","max-image-preview":"max-image-preview:large","max-video-preview":"max-video-preview:-1"},"canonical":"https:\/\/plasticexpress.es\/ca\/producto\/mampares-anticontagio-oficina\/mampara-de-sobretaula-oficina\/","og_locale":"ca_ES","og_type":"article","og_title":"Mampara Anticontagi de Sobretaula | PlasticExpress","og_description":"Les mampares antigontagi de sobretaula s\u00f3n ideals per a protegir els teus treballadors a l'oficina. Compra la teva mampara de aqu\u00ed.","og_url":"https:\/\/plasticexpress.es\/ca\/producto\/mampares-anticontagio-oficina\/mampara-de-sobretaula-oficina\/","og_site_name":"Plasticexpress","article_modified_time":"2021-10-19T18:12:47+00:00","og_image":[{"width":1000,"height":667,"url":"https:\/\/plasticexpress.es\/wp-content\/uploads\/2020\/10\/mampara-de-sobremesa-oficina-01.jpg","type":"image\/jpeg"}],"twitter_card":"summary_large_image","schema":{"@context":"https:\/\/schema.org","@graph":[{"@type":"WebPage","@id":"https:\/\/plasticexpress.es\/ca\/producto\/mampares-anticontagio-oficina\/mampara-de-sobretaula-oficina\/","url":"https:\/\/plasticexpress.es\/ca\/producto\/mampares-anticontagio-oficina\/mampara-de-sobretaula-oficina\/","name":"Mampara Anticontagi de Sobretaula | PlasticExpress","isPartOf":{"@id":"https:\/\/plasticexpress.es\/ca\/#website"},"primaryImageOfPage":{"@id":"https:\/\/plasticexpress.es\/ca\/producto\/mampares-anticontagio-oficina\/mampara-de-sobretaula-oficina\/#primaryimage"},"image":{"@id":"https:\/\/plasticexpress.es\/ca\/producto\/mampares-anticontagio-oficina\/mampara-de-sobretaula-oficina\/#primaryimage"},"thumbnailUrl":"https:\/\/plasticexpress.es\/wp-content\/uploads\/2020\/10\/mampara-de-sobremesa-oficina-01.jpg","datePublished":"2021-04-21T03:20:05+00:00","dateModified":"2021-10-19T18:12:47+00:00","description":"Les mampares antigontagi de sobretaula s\u00f3n ideals per a protegir els teus treballadors a l'oficina. Compra la teva mampara de aqu\u00ed.","breadcrumb":{"@id":"https:\/\/plasticexpress.es\/ca\/producto\/mampares-anticontagio-oficina\/mampara-de-sobretaula-oficina\/#breadcrumb"},"inLanguage":"ca","potentialAction":[{"@type":"ReadAction","target":["https:\/\/plasticexpress.es\/ca\/producto\/mampares-anticontagio-oficina\/mampara-de-sobretaula-oficina\/"]}]},{"@type":"ImageObject","inLanguage":"ca","@id":"https:\/\/plasticexpress.es\/ca\/producto\/mampares-anticontagio-oficina\/mampara-de-sobretaula-oficina\/#primaryimage","url":"https:\/\/plasticexpress.es\/wp-content\/uploads\/2020\/10\/mampara-de-sobremesa-oficina-01.jpg","contentUrl":"https:\/\/plasticexpress.es\/wp-content\/uploads\/2020\/10\/mampara-de-sobremesa-oficina-01.jpg","width":1000,"height":667,"caption":"Mampara de sobretaula"},{"@type":"BreadcrumbList","@id":"https:\/\/plasticexpress.es\/ca\/producto\/mampares-anticontagio-oficina\/mampara-de-sobretaula-oficina\/#breadcrumb","itemListElement":[{"@type":"ListItem","position":1,"name":"Portada","item":"https:\/\/plasticexpress.es\/ca\/"},{"@type":"ListItem","position":2,"name":"Shop","item":"https:\/\/plasticexpress.es\/ca\/shop\/"},{"@type":"ListItem","position":3,"name":"Mampara de sobretaula"}]},{"@type":"WebSite","@id":"https:\/\/plasticexpress.es\/ca\/#website","url":"https:\/\/plasticexpress.es\/ca\/","name":"Plasticexpress","description":"Venta de materiales y art\u00edculos de Metacrilato","potentialAction":[{"@type":"SearchAction","target":{"@type":"EntryPoint","urlTemplate":"https:\/\/plasticexpress.es\/ca\/?s={search_term_string}"},"query-input":{"@type":"PropertyValueSpecification","valueRequired":true,"valueName":"search_term_string"}}],"inLanguage":"ca"}]}},"_links":{"self":[{"href":"https:\/\/plasticexpress.es\/ca\/wp-json\/wp\/v2\/product\/10015","targetHints":{"allow":["GET"]}}],"collection":[{"href":"https:\/\/plasticexpress.es\/ca\/wp-json\/wp\/v2\/product"}],"about":[{"href":"https:\/\/plasticexpress.es\/ca\/wp-json\/wp\/v2\/types\/product"}],"replies":[{"embeddable":true,"href":"https:\/\/plasticexpress.es\/ca\/wp-json\/wp\/v2\/comments?post=10015"}],"version-history":[{"count":2,"href":"https:\/\/plasticexpress.es\/ca\/wp-json\/wp\/v2\/product\/10015\/revisions"}],"predecessor-version":[{"id":13409,"href":"https:\/\/plasticexpress.es\/ca\/wp-json\/wp\/v2\/product\/10015\/revisions\/13409"}],"wp:featuredmedia":[{"embeddable":true,"href":"https:\/\/plasticexpress.es\/ca\/wp-json\/wp\/v2\/media\/5121"}],"wp:attachment":[{"href":"https:\/\/plasticexpress.es\/ca\/wp-json\/wp\/v2\/media?parent=10015"}],"wp:term":[{"taxonomy":"product_brand","embeddable":true,"href":"https:\/\/plasticexpress.es\/ca\/wp-json\/wp\/v2\/product_brand?post=10015"},{"taxonomy":"product_cat","embeddable":true,"href":"https:\/\/plasticexpress.es\/ca\/wp-json\/wp\/v2\/product_cat?post=10015"},{"taxonomy":"product_tag","embeddable":true,"href":"https:\/\/plasticexpress.es\/ca\/wp-json\/wp\/v2\/product_tag?post=10015"}],"curies":[{"name":"wp","href":"https:\/\/api.w.org\/{rel}","templated":true}]}}