

{"id":10041,"date":"2020-10-29T16:56:38","date_gmt":"2021-04-21T03:32:23","guid":{"rendered":"https:\/\/plasticexpress.es\/producto\/Sense%20categoria\/mampara-per-a-taula-transparent\/"},"modified":"2021-10-19T19:12:42","modified_gmt":"2021-10-19T18:12:42","slug":"mampara-per-taula-transparent-oficina","status":"publish","type":"product","link":"https:\/\/plasticexpress.es\/ca\/producto\/mampares-anticontagio-oficina\/mampara-per-taula-transparent-oficina\/","title":{"rendered":"Mampara per a taula transparent"},"content":{"rendered":"<p>Mampara de protecci\u00f3 de metacrilat transparent per a tot tipus de taules, com oficines, hostaleria, etc.<\/p>\n<p>Les mampares protectores s\u00f3n totalment transparents per a una perfecta visi\u00f3 en tots els angles, ideal per separar zones de treball.<\/p>\n<p>Les mampares autosoportantes de sobretaula tenen una gran estabilitat. F\u00e0cil instal\u00b7laci\u00f3, inclou bases de subjecci\u00f3 de metacrilat i no requereixen de cargols.<\/p>\n","protected":false},"excerpt":{"rendered":"<p>Mampara de protecci\u00f3 de metacrilat transparent per a tot tipus de taules, com oficines, hostaleria, etc. Les mampares protectores s\u00f3n totalment transparents per a una perfecta visi\u00f3 en tots els angles, ideal per separar zones de treball. Les mampares autosoportantes de sobretaula tenen una gran estabilitat. F\u00e0cil instal\u00b7laci\u00f3, inclou bases de subjecci\u00f3 de metacrilat i [&hellip;]<\/p>\n","protected":false},"featured_media":5115,"comment_status":"open","ping_status":"closed","template":"","meta":{"_acf_changed":false},"product_brand":[],"product_cat":[663],"product_tag":[731,1403,1369,1402,735,1342],"class_list":{"0":"post-10041","1":"product","2":"type-product","3":"status-publish","4":"has-post-thumbnail","6":"product_cat-mampares-anticontagio-oficina","7":"product_tag-mampara-anticontagio-ca","8":"product_tag-mampara-de-proteccio-oficina","9":"product_tag-mampara-metacrilat","10":"product_tag-mampara-oficina-ca","11":"product_tag-mampara-per-a-oficina","12":"product_tag-mampara-protectora-ca","14":"first","15":"instock","16":"shipping-taxable","17":"purchasable","18":"product-type-variable"},"acf":{"photo_gallery":{"opciones_de_agujeros":[[]]}},"yoast_head":"<!-- This site is optimized with the Yoast SEO plugin v27.2 - https:\/\/yoast.com\/product\/yoast-seo-wordpress\/ -->\n<title>Mampara para mesa transparente oficina - Plasticexpress<\/title>\n<meta name=\"description\" content=\"Mampara de protecci\u00f3 de metacrilat transparent per a tot tipus de taules d&#039;oficines, hostaleria. transparents estables. f\u00e0cil instal\u00b7laci\u00f3\" \/>\n<meta name=\"robots\" content=\"index, follow, max-snippet:-1, max-image-preview:large, max-video-preview:-1\" \/>\n<link rel=\"canonical\" href=\"https:\/\/plasticexpress.es\/ca\/producto\/mampares-anticontagio-oficina\/mampara-per-taula-transparent-oficina\/\" \/>\n<meta property=\"og:locale\" content=\"ca_ES\" \/>\n<meta property=\"og:type\" content=\"article\" \/>\n<meta property=\"og:title\" content=\"Mampara para mesa transparente oficina - Plasticexpress\" \/>\n<meta property=\"og:description\" content=\"Mampara de protecci\u00f3 de metacrilat transparent per a tot tipus de taules d&#039;oficines, hostaleria. transparents estables. f\u00e0cil instal\u00b7laci\u00f3\" \/>\n<meta property=\"og:url\" content=\"https:\/\/plasticexpress.es\/ca\/producto\/mampares-anticontagio-oficina\/mampara-per-taula-transparent-oficina\/\" \/>\n<meta property=\"og:site_name\" content=\"Plasticexpress\" \/>\n<meta property=\"article:modified_time\" content=\"2021-10-19T18:12:42+00:00\" \/>\n<meta property=\"og:image\" content=\"https:\/\/plasticexpress.es\/wp-content\/uploads\/2020\/10\/mampara-para-mesa-transparente-oficina-01.jpg\" \/>\n\t<meta property=\"og:image:width\" content=\"1000\" \/>\n\t<meta property=\"og:image:height\" content=\"667\" \/>\n\t<meta property=\"og:image:type\" content=\"image\/jpeg\" \/>\n<meta name=\"twitter:card\" content=\"summary_large_image\" \/>\n<script type=\"application\/ld+json\" class=\"yoast-schema-graph\">{\"@context\":\"https:\/\/schema.org\",\"@graph\":[{\"@type\":\"WebPage\",\"@id\":\"https:\/\/plasticexpress.es\/ca\/producto\/mampares-anticontagio-oficina\/mampara-per-taula-transparent-oficina\/\",\"url\":\"https:\/\/plasticexpress.es\/ca\/producto\/mampares-anticontagio-oficina\/mampara-per-taula-transparent-oficina\/\",\"name\":\"Mampara para mesa transparente oficina - Plasticexpress\",\"isPartOf\":{\"@id\":\"https:\/\/plasticexpress.es\/ca\/#website\"},\"primaryImageOfPage\":{\"@id\":\"https:\/\/plasticexpress.es\/ca\/producto\/mampares-anticontagio-oficina\/mampara-per-taula-transparent-oficina\/#primaryimage\"},\"image\":{\"@id\":\"https:\/\/plasticexpress.es\/ca\/producto\/mampares-anticontagio-oficina\/mampara-per-taula-transparent-oficina\/#primaryimage\"},\"thumbnailUrl\":\"https:\/\/plasticexpress.es\/wp-content\/uploads\/2020\/10\/mampara-para-mesa-transparente-oficina-01.jpg\",\"datePublished\":\"2021-04-21T03:32:23+00:00\",\"dateModified\":\"2021-10-19T18:12:42+00:00\",\"description\":\"Mampara de protecci\u00f3 de metacrilat transparent per a tot tipus de taules d'oficines, hostaleria. transparents estables. f\u00e0cil instal\u00b7laci\u00f3\",\"breadcrumb\":{\"@id\":\"https:\/\/plasticexpress.es\/ca\/producto\/mampares-anticontagio-oficina\/mampara-per-taula-transparent-oficina\/#breadcrumb\"},\"inLanguage\":\"ca\",\"potentialAction\":[{\"@type\":\"ReadAction\",\"target\":[\"https:\/\/plasticexpress.es\/ca\/producto\/mampares-anticontagio-oficina\/mampara-per-taula-transparent-oficina\/\"]}]},{\"@type\":\"ImageObject\",\"inLanguage\":\"ca\",\"@id\":\"https:\/\/plasticexpress.es\/ca\/producto\/mampares-anticontagio-oficina\/mampara-per-taula-transparent-oficina\/#primaryimage\",\"url\":\"https:\/\/plasticexpress.es\/wp-content\/uploads\/2020\/10\/mampara-para-mesa-transparente-oficina-01.jpg\",\"contentUrl\":\"https:\/\/plasticexpress.es\/wp-content\/uploads\/2020\/10\/mampara-para-mesa-transparente-oficina-01.jpg\",\"width\":1000,\"height\":667,\"caption\":\"Mampara per a taula transparent\"},{\"@type\":\"BreadcrumbList\",\"@id\":\"https:\/\/plasticexpress.es\/ca\/producto\/mampares-anticontagio-oficina\/mampara-per-taula-transparent-oficina\/#breadcrumb\",\"itemListElement\":[{\"@type\":\"ListItem\",\"position\":1,\"name\":\"Portada\",\"item\":\"https:\/\/plasticexpress.es\/ca\/\"},{\"@type\":\"ListItem\",\"position\":2,\"name\":\"Shop\",\"item\":\"https:\/\/plasticexpress.es\/ca\/shop\/\"},{\"@type\":\"ListItem\",\"position\":3,\"name\":\"Mampara per a taula transparent\"}]},{\"@type\":\"WebSite\",\"@id\":\"https:\/\/plasticexpress.es\/ca\/#website\",\"url\":\"https:\/\/plasticexpress.es\/ca\/\",\"name\":\"Plasticexpress\",\"description\":\"Venta de materiales y art\u00edculos de Metacrilato\",\"potentialAction\":[{\"@type\":\"SearchAction\",\"target\":{\"@type\":\"EntryPoint\",\"urlTemplate\":\"https:\/\/plasticexpress.es\/ca\/?s={search_term_string}\"},\"query-input\":{\"@type\":\"PropertyValueSpecification\",\"valueRequired\":true,\"valueName\":\"search_term_string\"}}],\"inLanguage\":\"ca\"}]}<\/script>\n<!-- \/ Yoast SEO plugin. -->","yoast_head_json":{"title":"Mampara para mesa transparente oficina - Plasticexpress","description":"Mampara de protecci\u00f3 de metacrilat transparent per a tot tipus de taules d'oficines, hostaleria. transparents estables. f\u00e0cil instal\u00b7laci\u00f3","robots":{"index":"index","follow":"follow","max-snippet":"max-snippet:-1","max-image-preview":"max-image-preview:large","max-video-preview":"max-video-preview:-1"},"canonical":"https:\/\/plasticexpress.es\/ca\/producto\/mampares-anticontagio-oficina\/mampara-per-taula-transparent-oficina\/","og_locale":"ca_ES","og_type":"article","og_title":"Mampara para mesa transparente oficina - Plasticexpress","og_description":"Mampara de protecci\u00f3 de metacrilat transparent per a tot tipus de taules d'oficines, hostaleria. transparents estables. f\u00e0cil instal\u00b7laci\u00f3","og_url":"https:\/\/plasticexpress.es\/ca\/producto\/mampares-anticontagio-oficina\/mampara-per-taula-transparent-oficina\/","og_site_name":"Plasticexpress","article_modified_time":"2021-10-19T18:12:42+00:00","og_image":[{"width":1000,"height":667,"url":"https:\/\/plasticexpress.es\/wp-content\/uploads\/2020\/10\/mampara-para-mesa-transparente-oficina-01.jpg","type":"image\/jpeg"}],"twitter_card":"summary_large_image","schema":{"@context":"https:\/\/schema.org","@graph":[{"@type":"WebPage","@id":"https:\/\/plasticexpress.es\/ca\/producto\/mampares-anticontagio-oficina\/mampara-per-taula-transparent-oficina\/","url":"https:\/\/plasticexpress.es\/ca\/producto\/mampares-anticontagio-oficina\/mampara-per-taula-transparent-oficina\/","name":"Mampara para mesa transparente oficina - Plasticexpress","isPartOf":{"@id":"https:\/\/plasticexpress.es\/ca\/#website"},"primaryImageOfPage":{"@id":"https:\/\/plasticexpress.es\/ca\/producto\/mampares-anticontagio-oficina\/mampara-per-taula-transparent-oficina\/#primaryimage"},"image":{"@id":"https:\/\/plasticexpress.es\/ca\/producto\/mampares-anticontagio-oficina\/mampara-per-taula-transparent-oficina\/#primaryimage"},"thumbnailUrl":"https:\/\/plasticexpress.es\/wp-content\/uploads\/2020\/10\/mampara-para-mesa-transparente-oficina-01.jpg","datePublished":"2021-04-21T03:32:23+00:00","dateModified":"2021-10-19T18:12:42+00:00","description":"Mampara de protecci\u00f3 de metacrilat transparent per a tot tipus de taules d'oficines, hostaleria. transparents estables. f\u00e0cil instal\u00b7laci\u00f3","breadcrumb":{"@id":"https:\/\/plasticexpress.es\/ca\/producto\/mampares-anticontagio-oficina\/mampara-per-taula-transparent-oficina\/#breadcrumb"},"inLanguage":"ca","potentialAction":[{"@type":"ReadAction","target":["https:\/\/plasticexpress.es\/ca\/producto\/mampares-anticontagio-oficina\/mampara-per-taula-transparent-oficina\/"]}]},{"@type":"ImageObject","inLanguage":"ca","@id":"https:\/\/plasticexpress.es\/ca\/producto\/mampares-anticontagio-oficina\/mampara-per-taula-transparent-oficina\/#primaryimage","url":"https:\/\/plasticexpress.es\/wp-content\/uploads\/2020\/10\/mampara-para-mesa-transparente-oficina-01.jpg","contentUrl":"https:\/\/plasticexpress.es\/wp-content\/uploads\/2020\/10\/mampara-para-mesa-transparente-oficina-01.jpg","width":1000,"height":667,"caption":"Mampara per a taula transparent"},{"@type":"BreadcrumbList","@id":"https:\/\/plasticexpress.es\/ca\/producto\/mampares-anticontagio-oficina\/mampara-per-taula-transparent-oficina\/#breadcrumb","itemListElement":[{"@type":"ListItem","position":1,"name":"Portada","item":"https:\/\/plasticexpress.es\/ca\/"},{"@type":"ListItem","position":2,"name":"Shop","item":"https:\/\/plasticexpress.es\/ca\/shop\/"},{"@type":"ListItem","position":3,"name":"Mampara per a taula transparent"}]},{"@type":"WebSite","@id":"https:\/\/plasticexpress.es\/ca\/#website","url":"https:\/\/plasticexpress.es\/ca\/","name":"Plasticexpress","description":"Venta de materiales y art\u00edculos de Metacrilato","potentialAction":[{"@type":"SearchAction","target":{"@type":"EntryPoint","urlTemplate":"https:\/\/plasticexpress.es\/ca\/?s={search_term_string}"},"query-input":{"@type":"PropertyValueSpecification","valueRequired":true,"valueName":"search_term_string"}}],"inLanguage":"ca"}]}},"_links":{"self":[{"href":"https:\/\/plasticexpress.es\/ca\/wp-json\/wp\/v2\/product\/10041","targetHints":{"allow":["GET"]}}],"collection":[{"href":"https:\/\/plasticexpress.es\/ca\/wp-json\/wp\/v2\/product"}],"about":[{"href":"https:\/\/plasticexpress.es\/ca\/wp-json\/wp\/v2\/types\/product"}],"replies":[{"embeddable":true,"href":"https:\/\/plasticexpress.es\/ca\/wp-json\/wp\/v2\/comments?post=10041"}],"version-history":[{"count":1,"href":"https:\/\/plasticexpress.es\/ca\/wp-json\/wp\/v2\/product\/10041\/revisions"}],"predecessor-version":[{"id":13363,"href":"https:\/\/plasticexpress.es\/ca\/wp-json\/wp\/v2\/product\/10041\/revisions\/13363"}],"wp:featuredmedia":[{"embeddable":true,"href":"https:\/\/plasticexpress.es\/ca\/wp-json\/wp\/v2\/media\/5115"}],"wp:attachment":[{"href":"https:\/\/plasticexpress.es\/ca\/wp-json\/wp\/v2\/media?parent=10041"}],"wp:term":[{"taxonomy":"product_brand","embeddable":true,"href":"https:\/\/plasticexpress.es\/ca\/wp-json\/wp\/v2\/product_brand?post=10041"},{"taxonomy":"product_cat","embeddable":true,"href":"https:\/\/plasticexpress.es\/ca\/wp-json\/wp\/v2\/product_cat?post=10041"},{"taxonomy":"product_tag","embeddable":true,"href":"https:\/\/plasticexpress.es\/ca\/wp-json\/wp\/v2\/product_tag?post=10041"}],"curies":[{"name":"wp","href":"https:\/\/api.w.org\/{rel}","templated":true}]}}