

{"id":12396,"date":"2020-09-09T22:21:15","date_gmt":"2020-09-09T22:21:15","guid":{"rendered":"https:\/\/plasticexpress.es\/producto\/Sense%20categoria\/policarbonato-celular\/"},"modified":"2021-10-19T19:13:04","modified_gmt":"2021-10-19T18:13:04","slug":"policarbonato-celular","status":"publish","type":"product","link":"https:\/\/plasticexpress.es\/ca\/producto\/materials\/policarbonato-celular-ca\/policarbonato-celular-1-ca-2\/policarbonato-celular\/","title":{"rendered":"L\u00e0mines de policarbonat cel\u00b7lular"},"content":{"rendered":"\t\t<div data-elementor-type=\"product-post\" data-elementor-id=\"12396\" class=\"elementor elementor-12396 elementor-2635\" data-elementor-post-type=\"product\">\n\t\t\t\t\t\t<section class=\"elementor-section elementor-top-section elementor-element elementor-element-7a737f94 elementor-section-boxed elementor-section-height-default elementor-section-height-default\" data-id=\"7a737f94\" data-element_type=\"section\" data-e-type=\"section\">\n\t\t\t\t\t\t<div class=\"elementor-container elementor-column-gap-default\">\n\t\t\t\t\t<div class=\"elementor-column elementor-col-100 elementor-top-column elementor-element elementor-element-7188e6ad\" data-id=\"7188e6ad\" data-element_type=\"column\" data-e-type=\"column\">\n\t\t\t<div class=\"elementor-widget-wrap elementor-element-populated\">\n\t\t\t\t\t\t<div class=\"elementor-element elementor-element-223efd8d elementor-widget elementor-widget-text-editor\" data-id=\"223efd8d\" data-element_type=\"widget\" data-e-type=\"widget\" data-widget_type=\"text-editor.default\">\n\t\t\t\t<div class=\"elementor-widget-container\">\n\t\t\t\t\t\t\t\t\t<p>El <strong>Policarbonat Cel\u00b7lular<\/strong> \u00e9s una l\u00e0mina lleugera de policarbonat amb una estructura interior buida i acanalada. Es caracteritza per una gran resist\u00e8ncia als impactes i una elevada transmissi\u00f3 de la llum.<\/p><p><span style=\"font-weight: 400;\">A Plastic Express fabriquem <strong>articles de policarbonat a mesura<\/strong> aplicant al material els processos de:<\/span><\/p><ul><li><a href=\"https:\/\/plasticexpress.es\/ca\/procesos\/mecanitzat-per-cnc\/\">Mecanitzat per CNC de policarbonat<\/a><\/li><li><a href=\"https:\/\/plasticexpress.es\/ca\/procesos\/tall-i-gravat-a-laser\/\">Impressi\u00f3 sobre policarbonat<\/a><\/li><\/ul><p><span style=\"font-weight: 400;\">El <b>policarbonat <strong>Cel\u00b7lular<\/strong> <\/b><\/span><span style=\"font-weight: 400;\">compta amb les seg\u00fcents caracter\u00edstiques:<\/span><\/p><ul><li>Material molt lleuger.<\/li><li>Aillant t\u00e8rmic<\/li><li>Aillant ac\u00fastic<\/li><li>Protecci\u00f3 UV.<\/li><li>Perfecte per a aplicacions exteriors.<\/li><li>Suport per a impressi\u00f3<\/li><\/ul><p>Com a resultat aquest material compta amb multiples areas d&#8217;aplicaci\u00f3:<\/p><ul><li>Mampares.<\/li><li><a href=\"https:\/\/plasticexpress.es\/ca\/mampares-protectores\/\">Mampares protectores<\/a>.<\/li><li>P\u00e8rgoles.<\/li><li>Cobertes transl\u00facides. Coneix els aventatges de tenir un sostre de policarbonat cel\u00b7lular<\/li><li>Hivernacles.<\/li><li>Tancaments en piscines.<\/li><li>Mobiliari urb\u00e0.<\/li><li>Fa\u00e7anes.<\/li><li>Separacions interiors.<\/li><li>Claraboies i lluernes.<\/li><li>Revestiment de parets.<\/li><li>Portes.<\/li><\/ul><h2><b>\u00bfCOM SOL\u00b7LICITO POLICARBONAT CEL\u00b7LULAR A MESURA?<\/b><\/h2><p>Finalment a Plastic Express et brindem assessoria als teus projectes, a m\u00e9s comptem amb un equip professional i multidisciplinari per ajudar-te a seleccionar el material i la manipulaci\u00f3 necesaria para executar les teves idees.<\/p><p>Per poder oferirte un presupuest d&#8217;aquest material o un altre material dels quals comercializem, env\u00eda&#8217;ns un correo a l&#8217;email <b>info@plasticexpress.es<\/b> amb la seg\u00fcent informaci\u00f3:<\/p><p>En cas de no trobar les mesures que necesites, solicita un <a href=\"https:\/\/plasticexpress.es\/ca\/procesos\/pressupostos-a-mida\/\"><strong>presupost a mesura <\/strong><\/a>o escriu-nos a <b>info@plasticexpress.es<\/b>, en el\u00a0 assumpte indica el material como, per exemple, <b>policarbonat <strong>Cel\u00b7lular<\/strong> <\/b><strong>a mesura<\/strong>.<\/p><p>Recorda que si ets un professional de la industria pots obtenir descomptes especials accedint al formulari de <a href=\"https:\/\/plasticexpress.es\/ca\/procesos\/presupusto-per-a-professionals\/\"><b>presupostos per a professionals.<\/b><\/a><\/p><p>\u00bfSabies que es poden crear sostres de policarbonat cel\u00b7lular? <a href=\"https:\/\/plasticexpress.es\/las-ventajas-de-tener-un-techo-de-policarbonato-celular\/\" target=\"_blank\" rel=\"noopener\">Con\u00e9ix les seves aventatges<\/a><\/p>\t\t\t\t\t\t\t\t<\/div>\n\t\t\t\t<\/div>\n\t\t\t\t\t<\/div>\n\t\t<\/div>\n\t\t\t\t\t<\/div>\n\t\t<\/section>\n\t\t\t\t<section class=\"elementor-section elementor-top-section elementor-element elementor-element-1a324c9 elementor-section-boxed elementor-section-height-default elementor-section-height-default\" data-id=\"1a324c9\" data-element_type=\"section\" data-e-type=\"section\">\n\t\t\t\t\t\t<div class=\"elementor-container elementor-column-gap-default\">\n\t\t\t\t\t<div class=\"elementor-column elementor-col-100 elementor-top-column elementor-element elementor-element-df69148\" data-id=\"df69148\" data-element_type=\"column\" data-e-type=\"column\">\n\t\t\t<div class=\"elementor-widget-wrap elementor-element-populated\">\n\t\t\t\t\t\t<div class=\"elementor-element elementor-element-70bfad0 elementor-widget elementor-widget-heading\" data-id=\"70bfad0\" data-element_type=\"widget\" data-e-type=\"widget\" data-widget_type=\"heading.default\">\n\t\t\t\t<div class=\"elementor-widget-container\">\n\t\t\t\t\t<h2 class=\"elementor-heading-title elementor-size-default\">L\u00e0mines de policarbonat cel\u00b7lular<\/h2>\t\t\t\t<\/div>\n\t\t\t\t<\/div>\n\t\t\t\t<div class=\"elementor-element elementor-element-a41803c elementor-widget elementor-widget-text-editor\" data-id=\"a41803c\" data-element_type=\"widget\" data-e-type=\"widget\" data-widget_type=\"text-editor.default\">\n\t\t\t\t<div class=\"elementor-widget-container\">\n\t\t\t\t\t\t\t\t\t<p>PlasticExpress \u00e9s una empresa l\u00edder en la venda de planxes de policarbonat, una soluci\u00f3 excepcional per a aprofitar al m\u00e0xim la llum natural dels espais. A m\u00e9s, s\u00f3n f\u00e0cils de modelar i resistents als impactes.<\/p><p>En el mercat existeixen diferents tipus de plaques de policarbonat, entre les quals es troben les <b>l\u00e0mines de policarbonat cel\u00b7lular<\/b>, o alveolar. Es tracta d&#8217;una mena de policarbonat resistent, tamb\u00e9 anomenat<b> cel\u00b7lular o de cambra<\/b>, especialment indicat per a la divisi\u00f3 o cobertura d&#8217;espais en els es busca la transpar\u00e8ncia.<\/p>\t\t\t\t\t\t\t\t<\/div>\n\t\t\t\t<\/div>\n\t\t\t\t<div class=\"elementor-element elementor-element-8aa1b8e elementor-widget elementor-widget-accordion\" data-id=\"8aa1b8e\" data-element_type=\"widget\" data-e-type=\"widget\" data-widget_type=\"accordion.default\">\n\t\t\t\t<div class=\"elementor-widget-container\">\n\t\t\t\t\t\t\t<div class=\"elementor-accordion\">\n\t\t\t\t\t\t\t<div class=\"elementor-accordion-item\">\n\t\t\t\t\t<div id=\"elementor-tab-title-1451\" class=\"elementor-tab-title\" data-tab=\"1\" role=\"button\" aria-controls=\"elementor-tab-content-1451\" aria-expanded=\"false\">\n\t\t\t\t\t\t\t\t\t\t\t\t\t<span class=\"elementor-accordion-icon elementor-accordion-icon-left\" aria-hidden=\"true\">\n\t\t\t\t\t\t\t\t\t\t\t\t\t\t\t<span class=\"elementor-accordion-icon-closed\"><i class=\"fas fa-plus\"><\/i><\/span>\n\t\t\t\t\t\t\t\t<span class=\"elementor-accordion-icon-opened\"><i class=\"fas fa-minus\"><\/i><\/span>\n\t\t\t\t\t\t\t\t\t\t\t\t\t\t<\/span>\n\t\t\t\t\t\t\t\t\t\t\t\t<a class=\"elementor-accordion-title\" tabindex=\"0\">Usos del policarbonat cel\u00b7lular<\/a>\n\t\t\t\t\t<\/div>\n\t\t\t\t\t<div id=\"elementor-tab-content-1451\" class=\"elementor-tab-content elementor-clearfix\" data-tab=\"1\" role=\"region\" aria-labelledby=\"elementor-tab-title-1451\"><p>El policarbonat cel\u00b7lular \u00e9s un termopl\u00e0stic que destaca per la seva <b>duresa, durabilitat, resist\u00e8ncia i pes lleuger<\/b>. Tal com hem esmentat, \u00e9s f\u00e0cilment emmotllable, emprant-se com a revestiment de murs, cobertes i sostrada. De fet, pot ser instal\u00b7lat sobre diferents tipus d&#8217;estructura, ja sigui <b>metall, fusta o alumini<\/b>.<\/p><p>Aquestes l\u00e0mines concedeixen una gran lluminositat a tota mena d&#8217;edificis o oficines, encara que tamb\u00e9 poden utilitzar-se per a fabricar diferents utensilis, il\u00b7luminar una terrassa, fer hivernacles, envidrar finestres o fins i tot crear mobles moderns de disseny.<\/p><p>La veritat \u00e9s que donades les seves caracter\u00edstiques principals, parlem d&#8217;un policarbonat per a sostres de gran duresa i a\u00efllament t\u00e8rmic, la qual cosa el converteix en el material ideal per a qualsevol projecte de construcci\u00f3 que es pre\u00ef per la seva<b> resist\u00e8ncia a l&#8217;envelliment<\/b> i a la intemp\u00e8rie.<\/p><p>Les planxes de policarbonat cel\u00b7lular s\u00f3n perfectes per a<b> sostres de construccions comercials, industrials i residencials<\/b> en les quals es requereix llum natural, com poden ser terrasses, patis interiors o palissos.<\/p><p>Gr\u00e0cies a la seva elevada transpar\u00e8ncia i, al ser f\u00e0cil maneig, avui dia s\u2019utilitza molt al sector de la construcci\u00f3. A m\u00e9s, permet un estalvi notable d&#8217;energia el\u00e8ctrica. Es per aix\u00f2 que, actualment, \u00e9s dels materials nous m\u00e9s benvolguts.<\/p><p>Les planxes de policarbonat han estat dissenyades per a ser aplicades en cobertes i revestiments industrials i en el sector residencial. Ara b\u00e9, el policarbonat cel\u00b7lular compta amb excel\u00b7lents <b>propietats mec\u00e0niques, \u00f2ptiques o transmissi\u00f3 de llum i t\u00e8rmiques<\/b>, per la qual cosa \u00e9s un material molt vers\u00e0til que s\u2019utilitza en envidraments plans, corbs i amb arracada, aix\u00ed com per a aplicacions comercials, agr\u00edcoles, industrials, dom\u00e8stiques i publicit\u00e0ries, entre altres.<\/p><p>El policarbonat cel\u00b7lular no pot perforar-se, perqu\u00e8 no t\u00e9 capacitat per a dilatar-se i podria danyar-se, donant lloc a filtracions i acumulacions de brut\u00edcia en el seu interior. La seva instal\u00b7laci\u00f3 \u00e9s flotant i l&#8217;\u00fanica cosa que ha de fixar-se a les costaneras o estructures s\u00f3n els perfils de les seves unions i vores.<\/p><\/div>\n\t\t\t\t<\/div>\n\t\t\t\t\t\t\t<div class=\"elementor-accordion-item\">\n\t\t\t\t\t<div id=\"elementor-tab-title-1452\" class=\"elementor-tab-title\" data-tab=\"2\" role=\"button\" aria-controls=\"elementor-tab-content-1452\" aria-expanded=\"false\">\n\t\t\t\t\t\t\t\t\t\t\t\t\t<span class=\"elementor-accordion-icon elementor-accordion-icon-left\" aria-hidden=\"true\">\n\t\t\t\t\t\t\t\t\t\t\t\t\t\t\t<span class=\"elementor-accordion-icon-closed\"><i class=\"fas fa-plus\"><\/i><\/span>\n\t\t\t\t\t\t\t\t<span class=\"elementor-accordion-icon-opened\"><i class=\"fas fa-minus\"><\/i><\/span>\n\t\t\t\t\t\t\t\t\t\t\t\t\t\t<\/span>\n\t\t\t\t\t\t\t\t\t\t\t\t<a class=\"elementor-accordion-title\" tabindex=\"0\">Caracter\u00edstiques del policarbonat cel\u00b7lular<\/a>\n\t\t\t\t\t<\/div>\n\t\t\t\t\t<div id=\"elementor-tab-content-1452\" class=\"elementor-tab-content elementor-clearfix\" data-tab=\"2\" role=\"region\" aria-labelledby=\"elementor-tab-title-1452\"><p>Vols con\u00e8ixer quines s\u00f3n les caracter\u00edstiques del policarbonat cel\u00b7lular? Aqu\u00ed et deixem un llistat:<\/p><ul><li aria-level=\"1\">Les l\u00e0mines de policarbonat alveolar o cel\u00b7lular es componen de <b>cambres d&#8217;aire que ofereixen una alta resist\u00e8ncia<\/b>, aix\u00ed com traslucidesa i lleugeresa.<\/li><li aria-level=\"1\">B\u00e0sicament s\u00f3n perfectes com a cobertes de sostre i per a separar ambients, encara que en poder <b>triar entre diferents mesures<\/b> de policarbonat cel\u00b7lular, pot emprar-se de formes molt variades.<\/li><li aria-level=\"1\">Aporten lluminositat i s\u00f3n un excel\u00b7lent a\u00efllant t\u00e8rmic. De fet, les seves prestacions superen amb escreix a la major part dels pl\u00e0stics.<\/li><li aria-level=\"1\">No nom\u00e9s estan fabricades en policarbonat, sino que, a m\u00e9s, posseeixen un recobriment especial per a protegir-les contra la radiaci\u00f3 UV, per aquesta ra\u00f3 resisteixen tan b\u00e9 les agressions exteriors.<\/li><li aria-level=\"1\">\u00c9s un material que pesa molt poc i <b>\u00e9s incombustible<\/b>. A m\u00e9s, \u00e9s molt m\u00e9s resistent als impactes que el vidre.<\/li><li aria-level=\"1\">\u00c9s bastant f\u00e0cil de treballar i d&#8217;instal\u00b7lar. Simplement <b>es talla a mesura amb ajuda d&#8217;eines<\/b> tan senzilles com un cortacartro i les seves l\u00e0mines poden adaptar-se a trav\u00e9s de la t\u00e8cnica del termoformat.<\/li><li aria-level=\"1\">Hi ha diferents colors de policarbonat. De fet, si desitges obtenir la major difer\u00e8ncia t\u00e8rmica possible, has d&#8217;utilitzar un policarbonat cel\u00b7lular de color bronze per a obtenir una gran lluminositat, si b\u00e9 sacrificant una mica la seva transpar\u00e8ncia.<\/li><\/ul><p>Com a <b>especialistes en planxes de policarbonat cel\u00b7lular<\/b>, disposem de bones alternatives a triar, amb diferents colors i gruixos. Totes les nostres l\u00e0mines compten amb protecci\u00f3 contra els raigs ultraviolats en la seva cara exterior i s\u00f3n resistents als canvis clim\u00e0tics, evitant aix\u00ed la seva degradaci\u00f3.<\/p><p>Els usos d&#8217;aquestes plaques s\u00f3n bastant \u00e0mplis, precisament per la seva f\u00e0cil <b>aplicaci\u00f3 en fred i per les seves excel\u00b7lents caracter\u00edstiques respecte a la transmissi\u00f3 de llum<\/b>. L&#8217;\u00fanica cosa que has de fer \u00e9s informar-te b\u00e9 sobre els diferents colors i gruixos disponibles per a triar les plaques de policarbonat que m\u00e9s t&#8217;interessin.<\/p><p>Aquest material conserva les seves propietats f\u00edsiques i qu\u00edmiques en rangs de temperatura que van entre els 40 \u00b0C i els 120 \u00b0C. Aix\u00ed mateix, ja que ofereix major a\u00efllament t\u00e8rmic que el vidre, <b>proporciona un estalvi d&#8217;energia considerable<\/b>.<\/p><p>La seva resist\u00e8ncia a l&#8217;impacte supera per molt al vidre, convertint-lo en pr\u00e0cticament irrompible. Aquesta capacitat ho fa altament recomanable per a tota mena d&#8217;envidraments en els quals la protecci\u00f3 de persones i objectes \u00e9s fonamental a l&#8217;efecte d&#8217;evitar danys i lesions. A m\u00e9s, en cas d&#8217;incendi, aquest tipus de material no propaga la flama i tampoc emana fums o gasos t\u00f2xics.<\/p><p>Si parlem de manteniment, <b>\u00e9s m\u00ednim perqu\u00e8 la pluja \u00e9s suficient per a tenir-ho net<\/b>. En cas contrari, \u00e9s recomanable utilitzar aigua i sab\u00f3 neutre, at\u00e8s que les subst\u00e0ncies abrasives poden alterar la seva superf\u00edcie.<\/p><\/div>\n\t\t\t\t<\/div>\n\t\t\t\t\t\t\t\t<\/div>\n\t\t\t\t\t\t<\/div>\n\t\t\t\t<\/div>\n\t\t\t\t\t<\/div>\n\t\t<\/div>\n\t\t\t\t\t<\/div>\n\t\t<\/section>\n\t\t\t\t<\/div>\n\t\t","protected":false},"excerpt":{"rendered":"<p>El Policarbonat Cel\u00b7lular \u00e9s una l\u00e0mina lleugera de policarbonat amb una estructura interior buida i acanalada. Es caracteritza per una gran resist\u00e8ncia als impactes i una elevada transmissi\u00f3 de la llum. A Plastic Express fabriquem articles de policarbonat a mesura aplicant al material els processos de: Mecanitzat per CNC de policarbonat Impressi\u00f3 sobre policarbonat El [&hellip;]<\/p>\n","protected":false},"featured_media":28026,"comment_status":"open","ping_status":"closed","template":"","meta":{"_acf_changed":false},"product_brand":[],"product_cat":[708,714],"product_tag":[],"class_list":{"0":"post-12396","1":"product","2":"type-product","3":"status-publish","4":"has-post-thumbnail","6":"product_cat-policarbonato-celular-ca","7":"product_cat-policarbonato-celular-1-ca-2","9":"first","10":"instock","11":"shipping-taxable","12":"purchasable","13":"product-type-variable","14":"has-default-attributes"},"acf":{"photo_gallery":{"opciones_de_agujeros":[[]]}},"yoast_head":"<!-- This site is optimized with the Yoast SEO plugin v27.4 - https:\/\/yoast.com\/product\/yoast-seo-wordpress\/ -->\n<title>Policarbonato Celular al Mejor Precio | PlasticExpress<\/title>\n<meta name=\"description\" content=\"Compra policarbonato celular a un precio imbatible en Plastic Express, fabricantes de materiales pl\u00e1sticos de referencia.\" \/>\n<meta name=\"robots\" content=\"index, follow, max-snippet:-1, max-image-preview:large, max-video-preview:-1\" \/>\n<link rel=\"canonical\" href=\"https:\/\/plasticexpress.es\/ca\/producto\/materials\/policarbonato-celular-ca\/policarbonato-celular-1-ca-2\/policarbonato-celular\/\" \/>\n<meta property=\"og:locale\" content=\"ca_ES\" \/>\n<meta property=\"og:type\" content=\"article\" \/>\n<meta property=\"og:title\" content=\"Policarbonato Celular al Mejor Precio | PlasticExpress\" \/>\n<meta property=\"og:description\" content=\"Compra policarbonato celular a un precio imbatible en Plastic Express, fabricantes de materiales pl\u00e1sticos de referencia.\" \/>\n<meta property=\"og:url\" content=\"https:\/\/plasticexpress.es\/ca\/producto\/materials\/policarbonato-celular-ca\/policarbonato-celular-1-ca-2\/policarbonato-celular\/\" \/>\n<meta property=\"og:site_name\" content=\"Plasticexpress\" \/>\n<meta property=\"article:modified_time\" content=\"2021-10-19T18:13:04+00:00\" \/>\n<meta property=\"og:image\" content=\"https:\/\/plasticexpress.es\/wp-content\/uploads\/2020\/09\/Policarbonato-celular-3.jpg\" \/>\n\t<meta property=\"og:image:width\" content=\"1500\" \/>\n\t<meta property=\"og:image:height\" content=\"1000\" \/>\n\t<meta property=\"og:image:type\" content=\"image\/jpeg\" \/>\n<meta name=\"twitter:card\" content=\"summary_large_image\" \/>\n<meta name=\"twitter:label1\" content=\"Temps estimat de lectura\" \/>\n\t<meta name=\"twitter:data1\" content=\"1 minut\" \/>\n<script type=\"application\/ld+json\" class=\"yoast-schema-graph\">{\"@context\":\"https:\\\/\\\/schema.org\",\"@graph\":[{\"@type\":\"WebPage\",\"@id\":\"https:\\\/\\\/plasticexpress.es\\\/ca\\\/producto\\\/materials\\\/policarbonato-celular-ca\\\/policarbonato-celular-1-ca-2\\\/policarbonato-celular\\\/\",\"url\":\"https:\\\/\\\/plasticexpress.es\\\/ca\\\/producto\\\/materials\\\/policarbonato-celular-ca\\\/policarbonato-celular-1-ca-2\\\/policarbonato-celular\\\/\",\"name\":\"Policarbonato Celular al Mejor Precio | PlasticExpress\",\"isPartOf\":{\"@id\":\"https:\\\/\\\/plasticexpress.es\\\/ca\\\/#website\"},\"primaryImageOfPage\":{\"@id\":\"https:\\\/\\\/plasticexpress.es\\\/ca\\\/producto\\\/materials\\\/policarbonato-celular-ca\\\/policarbonato-celular-1-ca-2\\\/policarbonato-celular\\\/#primaryimage\"},\"image\":{\"@id\":\"https:\\\/\\\/plasticexpress.es\\\/ca\\\/producto\\\/materials\\\/policarbonato-celular-ca\\\/policarbonato-celular-1-ca-2\\\/policarbonato-celular\\\/#primaryimage\"},\"thumbnailUrl\":\"https:\\\/\\\/plasticexpress.es\\\/wp-content\\\/uploads\\\/2020\\\/09\\\/WhatsApp-Image-2025-10-07-at-15.58.09.jpeg\",\"datePublished\":\"2020-09-09T22:21:15+00:00\",\"dateModified\":\"2021-10-19T18:13:04+00:00\",\"description\":\"Compra policarbonato celular a un precio imbatible en Plastic Express, fabricantes de materiales pl\u00e1sticos de referencia.\",\"breadcrumb\":{\"@id\":\"https:\\\/\\\/plasticexpress.es\\\/ca\\\/producto\\\/materials\\\/policarbonato-celular-ca\\\/policarbonato-celular-1-ca-2\\\/policarbonato-celular\\\/#breadcrumb\"},\"inLanguage\":\"ca\",\"potentialAction\":[{\"@type\":\"ReadAction\",\"target\":[\"https:\\\/\\\/plasticexpress.es\\\/ca\\\/producto\\\/materials\\\/policarbonato-celular-ca\\\/policarbonato-celular-1-ca-2\\\/policarbonato-celular\\\/\"]}]},{\"@type\":\"ImageObject\",\"inLanguage\":\"ca\",\"@id\":\"https:\\\/\\\/plasticexpress.es\\\/ca\\\/producto\\\/materials\\\/policarbonato-celular-ca\\\/policarbonato-celular-1-ca-2\\\/policarbonato-celular\\\/#primaryimage\",\"url\":\"https:\\\/\\\/plasticexpress.es\\\/wp-content\\\/uploads\\\/2020\\\/09\\\/WhatsApp-Image-2025-10-07-at-15.58.09.jpeg\",\"contentUrl\":\"https:\\\/\\\/plasticexpress.es\\\/wp-content\\\/uploads\\\/2020\\\/09\\\/WhatsApp-Image-2025-10-07-at-15.58.09.jpeg\",\"width\":978,\"height\":803,\"caption\":\"Policarbonato celular\"},{\"@type\":\"BreadcrumbList\",\"@id\":\"https:\\\/\\\/plasticexpress.es\\\/ca\\\/producto\\\/materials\\\/policarbonato-celular-ca\\\/policarbonato-celular-1-ca-2\\\/policarbonato-celular\\\/#breadcrumb\",\"itemListElement\":[{\"@type\":\"ListItem\",\"position\":1,\"name\":\"Portada\",\"item\":\"https:\\\/\\\/plasticexpress.es\\\/ca\\\/\"},{\"@type\":\"ListItem\",\"position\":2,\"name\":\"Shop\",\"item\":\"https:\\\/\\\/plasticexpress.es\\\/ca\\\/shop\\\/\"},{\"@type\":\"ListItem\",\"position\":3,\"name\":\"L\u00e0mines de policarbonat cel\u00b7lular\"}]},{\"@type\":\"WebSite\",\"@id\":\"https:\\\/\\\/plasticexpress.es\\\/ca\\\/#website\",\"url\":\"https:\\\/\\\/plasticexpress.es\\\/ca\\\/\",\"name\":\"Plasticexpress\",\"description\":\"Venta de materiales y art\u00edculos de Metacrilato\",\"potentialAction\":[{\"@type\":\"SearchAction\",\"target\":{\"@type\":\"EntryPoint\",\"urlTemplate\":\"https:\\\/\\\/plasticexpress.es\\\/ca\\\/?s={search_term_string}\"},\"query-input\":{\"@type\":\"PropertyValueSpecification\",\"valueRequired\":true,\"valueName\":\"search_term_string\"}}],\"inLanguage\":\"ca\"}]}<\/script>\n<!-- \/ Yoast SEO plugin. -->","yoast_head_json":{"title":"Policarbonato Celular al Mejor Precio | PlasticExpress","description":"Compra policarbonato celular a un precio imbatible en Plastic Express, fabricantes de materiales pl\u00e1sticos de referencia.","robots":{"index":"index","follow":"follow","max-snippet":"max-snippet:-1","max-image-preview":"max-image-preview:large","max-video-preview":"max-video-preview:-1"},"canonical":"https:\/\/plasticexpress.es\/ca\/producto\/materials\/policarbonato-celular-ca\/policarbonato-celular-1-ca-2\/policarbonato-celular\/","og_locale":"ca_ES","og_type":"article","og_title":"Policarbonato Celular al Mejor Precio | PlasticExpress","og_description":"Compra policarbonato celular a un precio imbatible en Plastic Express, fabricantes de materiales pl\u00e1sticos de referencia.","og_url":"https:\/\/plasticexpress.es\/ca\/producto\/materials\/policarbonato-celular-ca\/policarbonato-celular-1-ca-2\/policarbonato-celular\/","og_site_name":"Plasticexpress","article_modified_time":"2021-10-19T18:13:04+00:00","og_image":[{"width":1500,"height":1000,"url":"https:\/\/plasticexpress.es\/wp-content\/uploads\/2020\/09\/Policarbonato-celular-3.jpg","type":"image\/jpeg"}],"twitter_card":"summary_large_image","twitter_misc":{"Temps estimat de lectura":"1 minut"},"schema":{"@context":"https:\/\/schema.org","@graph":[{"@type":"WebPage","@id":"https:\/\/plasticexpress.es\/ca\/producto\/materials\/policarbonato-celular-ca\/policarbonato-celular-1-ca-2\/policarbonato-celular\/","url":"https:\/\/plasticexpress.es\/ca\/producto\/materials\/policarbonato-celular-ca\/policarbonato-celular-1-ca-2\/policarbonato-celular\/","name":"Policarbonato Celular al Mejor Precio | PlasticExpress","isPartOf":{"@id":"https:\/\/plasticexpress.es\/ca\/#website"},"primaryImageOfPage":{"@id":"https:\/\/plasticexpress.es\/ca\/producto\/materials\/policarbonato-celular-ca\/policarbonato-celular-1-ca-2\/policarbonato-celular\/#primaryimage"},"image":{"@id":"https:\/\/plasticexpress.es\/ca\/producto\/materials\/policarbonato-celular-ca\/policarbonato-celular-1-ca-2\/policarbonato-celular\/#primaryimage"},"thumbnailUrl":"https:\/\/plasticexpress.es\/wp-content\/uploads\/2020\/09\/WhatsApp-Image-2025-10-07-at-15.58.09.jpeg","datePublished":"2020-09-09T22:21:15+00:00","dateModified":"2021-10-19T18:13:04+00:00","description":"Compra policarbonato celular a un precio imbatible en Plastic Express, fabricantes de materiales pl\u00e1sticos de referencia.","breadcrumb":{"@id":"https:\/\/plasticexpress.es\/ca\/producto\/materials\/policarbonato-celular-ca\/policarbonato-celular-1-ca-2\/policarbonato-celular\/#breadcrumb"},"inLanguage":"ca","potentialAction":[{"@type":"ReadAction","target":["https:\/\/plasticexpress.es\/ca\/producto\/materials\/policarbonato-celular-ca\/policarbonato-celular-1-ca-2\/policarbonato-celular\/"]}]},{"@type":"ImageObject","inLanguage":"ca","@id":"https:\/\/plasticexpress.es\/ca\/producto\/materials\/policarbonato-celular-ca\/policarbonato-celular-1-ca-2\/policarbonato-celular\/#primaryimage","url":"https:\/\/plasticexpress.es\/wp-content\/uploads\/2020\/09\/WhatsApp-Image-2025-10-07-at-15.58.09.jpeg","contentUrl":"https:\/\/plasticexpress.es\/wp-content\/uploads\/2020\/09\/WhatsApp-Image-2025-10-07-at-15.58.09.jpeg","width":978,"height":803,"caption":"Policarbonato celular"},{"@type":"BreadcrumbList","@id":"https:\/\/plasticexpress.es\/ca\/producto\/materials\/policarbonato-celular-ca\/policarbonato-celular-1-ca-2\/policarbonato-celular\/#breadcrumb","itemListElement":[{"@type":"ListItem","position":1,"name":"Portada","item":"https:\/\/plasticexpress.es\/ca\/"},{"@type":"ListItem","position":2,"name":"Shop","item":"https:\/\/plasticexpress.es\/ca\/shop\/"},{"@type":"ListItem","position":3,"name":"L\u00e0mines de policarbonat cel\u00b7lular"}]},{"@type":"WebSite","@id":"https:\/\/plasticexpress.es\/ca\/#website","url":"https:\/\/plasticexpress.es\/ca\/","name":"Plasticexpress","description":"Venta de materiales y art\u00edculos de Metacrilato","potentialAction":[{"@type":"SearchAction","target":{"@type":"EntryPoint","urlTemplate":"https:\/\/plasticexpress.es\/ca\/?s={search_term_string}"},"query-input":{"@type":"PropertyValueSpecification","valueRequired":true,"valueName":"search_term_string"}}],"inLanguage":"ca"}]}},"_links":{"self":[{"href":"https:\/\/plasticexpress.es\/ca\/wp-json\/wp\/v2\/product\/12396","targetHints":{"allow":["GET"]}}],"collection":[{"href":"https:\/\/plasticexpress.es\/ca\/wp-json\/wp\/v2\/product"}],"about":[{"href":"https:\/\/plasticexpress.es\/ca\/wp-json\/wp\/v2\/types\/product"}],"replies":[{"embeddable":true,"href":"https:\/\/plasticexpress.es\/ca\/wp-json\/wp\/v2\/comments?post=12396"}],"version-history":[{"count":8,"href":"https:\/\/plasticexpress.es\/ca\/wp-json\/wp\/v2\/product\/12396\/revisions"}],"predecessor-version":[{"id":12409,"href":"https:\/\/plasticexpress.es\/ca\/wp-json\/wp\/v2\/product\/12396\/revisions\/12409"}],"wp:featuredmedia":[{"embeddable":true,"href":"https:\/\/plasticexpress.es\/ca\/wp-json\/wp\/v2\/media\/28026"}],"wp:attachment":[{"href":"https:\/\/plasticexpress.es\/ca\/wp-json\/wp\/v2\/media?parent=12396"}],"wp:term":[{"taxonomy":"product_brand","embeddable":true,"href":"https:\/\/plasticexpress.es\/ca\/wp-json\/wp\/v2\/product_brand?post=12396"},{"taxonomy":"product_cat","embeddable":true,"href":"https:\/\/plasticexpress.es\/ca\/wp-json\/wp\/v2\/product_cat?post=12396"},{"taxonomy":"product_tag","embeddable":true,"href":"https:\/\/plasticexpress.es\/ca\/wp-json\/wp\/v2\/product_tag?post=12396"}],"curies":[{"name":"wp","href":"https:\/\/api.w.org\/{rel}","templated":true}]}}