

{"id":12547,"date":"2020-10-01T16:19:41","date_gmt":"2020-10-01T16:19:41","guid":{"rendered":"https:\/\/plasticexpress.es\/producto\/Sense%20categoria\/bandeja-de-metacrilato\/"},"modified":"2024-01-29T12:33:53","modified_gmt":"2024-01-29T11:33:53","slug":"bandeja-de-metacrilato","status":"publish","type":"product","link":"https:\/\/plasticexpress.es\/ca\/producto\/articles-ca\/hosteleria-ca-2\/bandejas-hosteleria-ca\/bandeja-de-metacrilato\/","title":{"rendered":"Safata de metacrilat"},"content":{"rendered":"\t\t<div data-elementor-type=\"product-post\" data-elementor-id=\"12547\" class=\"elementor elementor-12547 elementor-2833\" data-elementor-post-type=\"product\">\n\t\t\t\t\t\t<section class=\"elementor-section elementor-top-section elementor-element elementor-element-5ec6b7ee elementor-section-boxed elementor-section-height-default elementor-section-height-default\" data-id=\"5ec6b7ee\" data-element_type=\"section\" data-e-type=\"section\">\n\t\t\t\t\t\t<div class=\"elementor-container elementor-column-gap-default\">\n\t\t\t\t\t<div class=\"elementor-column elementor-col-100 elementor-top-column elementor-element elementor-element-5c60ea16\" data-id=\"5c60ea16\" data-element_type=\"column\" data-e-type=\"column\">\n\t\t\t<div class=\"elementor-widget-wrap elementor-element-populated\">\n\t\t\t\t\t\t<div class=\"elementor-element elementor-element-1f6da6f2 elementor-widget elementor-widget-text-editor\" data-id=\"1f6da6f2\" data-element_type=\"widget\" data-e-type=\"widget\" data-widget_type=\"text-editor.default\">\n\t\t\t\t<div class=\"elementor-widget-container\">\n\t\t\t\t\t\t\t\t\t<p>La <strong>safata de metacrilat<\/strong> \u00e9s una pe\u00e7a per a restaurants i hosteleria transparent i lleugera. Organitza y exhibeix productes o utilleria discretament resaltant la seva innocu\u00eftat.<\/p><p>Fabricada \u00edntegrament de <a href=\"https:\/\/plasticexpress.es\/ca\/producto\/materials-ca\/metacrilat\/metacrilat-transparent\/metacrilat-transparent\/\">metacrilat de bugada incolor<\/a>,\u00a0aquesta <strong>safata de metacrilat<\/strong> \u00e9s un objecte amb singulars caracter\u00edstiques \u00f2ptiques. Est\u00e0 compost per una sola pe\u00e7a, una \u00fanica placa de metacrilat corbada.<\/p><p>Durant la fabricaci\u00f3 d&#8217;aquest article per a hostaleria es van emprar els processos de<a href=\"https:\/\/plasticexpress.es\/ca\/procesos\/tall-i-gravat-a-laser\/\"> tall laser de metacrilat<\/a> i <a href=\"https:\/\/plasticexpress.es\/ca\/procesos\/doblegat-de-materials-plastics\/\">doblegat de metacrilat.<\/a><\/p><h2><strong>APLICACIONS<\/strong><\/h2><ul><li>Bars i restaurants<\/li><li>Hotels i hostals<\/li><li>Organitzaci\u00f3 d&#8217;utilleria<\/li><li>Exposici\u00f3 de productes<\/li><\/ul><p>A partir d&#8217;una col\u00b7lecci\u00f3 d&#8217;articles selectes pel nostre equip, Plastic Express ha creat una l\u00ednia de mobiliari de metacrilat.\u00a0 Si est\u00e0s interessat a comprar una <strong>safata<\/strong> pots fer-ho a trav\u00e9s de la nostra botiga en l\u00ednia.<\/p><h2><strong>\u00bfCOM SOL\u00b7LICITO UNA SAFATA DE METACRILAT A MESURA?<\/strong><\/h2><p>En cas de necessitar un article de metacrilat amb mesures diferents als models exhibits, pots demanar un <a href=\"https:\/\/plasticexpress.es\/ca\/procesos\/pressupostos-a-mida\/\">presupuest a mesura aqu\u00ed <\/a>o envia&#8217;ns un correu a l&#8217;email <a href=\"mailto:info@plasticexpress.es\"><strong>info@plasticexpress.es<\/strong><\/a> amb la seg\u00fcent informaci\u00f3:<\/p><p>En l&#8217;assumpte indica l&#8217;article en el qual aquestes interessat i el material com, per exemple, safata + metacrilat.<\/p><p>Recorda que si ets un professional de la ind\u00fastria pots obtenir descomptes especials accedint al formulari de <a href=\"https:\/\/plasticexpress.es\/ca\/procesos\/presupusto-per-a-professionals\/\">presupoests per a professionals.<\/a><\/p>\t\t\t\t\t\t\t\t<\/div>\n\t\t\t\t<\/div>\n\t\t\t\t\t<\/div>\n\t\t<\/div>\n\t\t\t\t\t<\/div>\n\t\t<\/section>\n\t\t\t\t<section class=\"elementor-section elementor-top-section elementor-element elementor-element-d77a5aa elementor-section-boxed elementor-section-height-default elementor-section-height-default\" data-id=\"d77a5aa\" data-element_type=\"section\" data-e-type=\"section\">\n\t\t\t\t\t\t<div class=\"elementor-container elementor-column-gap-default\">\n\t\t\t\t\t<div class=\"elementor-column elementor-col-100 elementor-top-column elementor-element elementor-element-08fa5ca\" data-id=\"08fa5ca\" data-element_type=\"column\" data-e-type=\"column\">\n\t\t\t<div class=\"elementor-widget-wrap elementor-element-populated\">\n\t\t\t\t\t\t<div class=\"elementor-element elementor-element-c81af80 elementor-widget elementor-widget-text-editor\" data-id=\"c81af80\" data-element_type=\"widget\" data-e-type=\"widget\" data-widget_type=\"text-editor.default\">\n\t\t\t\t<div class=\"elementor-widget-container\">\n\t\t\t\t\t\t\t\t\t<p>Per a mantenir la higiene i l&#8217;ordre en els productes d&#8217;hostaleria \u00e9s necessari utilitzar les<b> safates de metacrilat<\/b>.<\/p><p>\u00a0<\/p><p>Cada vegada s\u00f3n <b>m\u00e9s recurrents en les llars i en diferents \u00e0mbits laborals<\/b>, gr\u00e0cies a la funcionalitat i beneficis que proporcionen, per\u00f2 b\u00e9 \u00e9s cert que ser\u00e0 en bars i restaurants on prenen gran protagonisme, gr\u00e0cies a la seva capacitat polivalent, al bon servei que ofereixen i a la capacitat d&#8217;innocu\u00eftat que demostren.<\/p><p>\u00a0<\/p><p>Quines s\u00f3n les seves caracter\u00edstiques principals i quines funcions poden complir? A <b>PlasticExpress<\/b> trobar\u00e0s totes les solucions per a tenir una safata de metacrilat a mida i de qualitat.<\/p><p>\u00a0<\/p><h2>Caracter\u00edstiques de les safates de metacrilat<\/h2><p>La <b>safata de metacrilat<\/b> \u00e9s considerada una <a href=\"https:\/\/plasticexpress.es\/ca\/producto\/materials-ca\/metacrilat\/metacrilato-color-transparente-ca\/metacrilat-color-transparent\/\">placa d&#8217;acr\u00edlic transparent<\/a> que s&#8217;obt\u00e9 de la polimeritzaci\u00f3 del metacrilat de metil. Es podria dir qu\u00e8 \u00e9s un objecte compost d&#8217;una \u00fanica pe\u00e7a, \u00e9s a dir, que no es configura per afegits ni tampoc es pot descompondre en fragments; en realitat, queda treballada a manera de recurs compacte, ferm i sostenible amb parts corbades i d\u2019altres llises per a obtenir, aix\u00ed, la m\u00e0xima funcionalitat.<\/p><p>Es pot considerar que, \u00edntegrament, \u00e9s un material de colada<b> incolor, transl\u00facid i transparent<\/b>, de tal manera que queda completament visible all\u00f2 que quedar\u00e0 en el seu interior. D&#8217;aquesta manera, es pot valorar la idea d&#8217;emprar aquest tipus de safates per al m\u00f3n de l&#8217;hostaleria, un sector demandant d&#8217;aquesta mena de productes de metacrilat.<\/p><p>Des de Plastic Express fabriquem tot tipus de safates, de <b>tall l\u00e0ser segons les necessitats i doblegat<\/b> per a adaptar-ho a qualsevol mena de superf\u00edcie o amb l&#8217;acabat desitjat. L&#8217;objectiu \u00e9s que quedi una \u00fanica placa, amb capacitat resistent, ferma i duradora.<\/p><p>Suporta molt b\u00e9 el pas del temps, <b>no reflecteix els impactes<\/b>, raions i altres danys en l&#8217;exterior, d&#8217;aqu\u00ed ve que sigui un element completament ferm enfront de qualsevol impacte extern, mantenint la imatge original i funcional desitjada. Nom\u00e9s aix\u00ed es comprova la qualitat d&#8217;un material amb el qual, b\u00e0sicament, s&#8217;aconsegueix la m\u00e0xima efici\u00e8ncia i qualitat.<\/p><h2>Usos de les safates de metacrilat<\/h2><p>L&#8217;aplicaci\u00f3 d&#8217;aquesta mena de safates en la vida di\u00e0ria resulta molt significativa. S\u00f3n diferents els accessoris de pl\u00e0stic que podem utilitzar, per\u00f2 aquestes safates s\u00f3n realment \u00fatils per a <b>exposar tot tipus de productes i objectes<\/b>; \u00e9s a dir, es converteixen en un recipient ideal per a poder mostrar tot tipus de recursos, tant materials com de disseny. Un cas en particular poden ser les <b>maquetes i manualitats<\/b>, molt recurrents en el m\u00f3n comercial.<\/p><p>Un altre cas en particular s\u00f3n els espais hostalers. En <b>bars i restaurants<\/b> \u00e9s bastant habitual trobar productes alimentaris elaborats exposats a trav\u00e9s d&#8217;aquesta mena de safates. En el fons, \u00e9s una manera de mostrar als altres tot all\u00f2 que pugui quedar visible de manera elegant i pr\u00e0ctica. Un cas en particular s\u00f3n les safates expositores, tant si s\u00f3n llises com tamb\u00e9 corbades, igual que les que estan tancades amb un disseny cuidat i sofisticat.<\/p><p>En el m\u00f3n de l&#8217;aparadorisme tenen gran rellev\u00e0ncia. La imatge que projecten \u00e9s realment interessant, sobretot per a <b>col\u00b7locar elements decoratius <\/b>o recursos que estaran en venda. La idea \u00e9s que contribueixin positivament en la decoraci\u00f3 sense desentonar i que es converteixin en un suport perfecte on prendr\u00e0 protagonisme el producte que quedar\u00e0 exposat.<\/p><h2>Les teves safates de metacrilat a mida a Plastic Express<\/h2><p>Busques una safata a mida que s&#8217;ajusti a un producte en concret? A Plastic Express trobar\u00e0s la millor qualitat en safates de metacrilat.<\/p><p>La qualitat en la nostra feina \u00e9s una de les premisses fonamentals, oferint un <b>producte eficient i durador <\/b>fabricat per professionals que ofereixen, en general, un material completament resistent al pas del temps de car\u00e0cter lleuger, ferm i durador.<\/p><p>A Plastic Express trobar\u00e0s la qualitat que necessites i un <a href=\"https:\/\/plasticexpress.es\/ca\/materials-ca\/metacrilat\/\"><b>metacrilat<\/b><\/a><b> ajustat a les necessitats del teu negoci<\/b>. Treballem de manera professional i amb la certesa que s&#8217;obt\u00e9 un acabat elegant que ofereix la m\u00e0xima seguretat. Realitzem tot tipus de treballs de disseny adaptats a les teves necessitats: safates de metacrilat transl\u00facides o en colors que, sense cap dubte, compliran amb les expectatives desitjades.<\/p><p>En definitiva, un lloc al qual acudir si es vol gaudir d&#8217;un metacrilat amb acabat professional, durador i de bona qualitat. L&#8217;assessorament dels professionals que trobar\u00e0s a <b>Plastic Express <\/b>et garanteix la millor confian\u00e7a, ja que som fabricants de productes pl\u00e0stics l\u00edders en el sector i amb capacitat de treball en el temps estimat i amb les millors eines del mercat: el treball mecanitzat i l&#8217;\u00fas de les millors tecnologies que garanteixen un resultat efica\u00e7.<\/p><p>A m\u00e9s, es poden <b>efectuar compres en l\u00ednia<\/b> a trav\u00e9s de la nostra p\u00e0gina web, obtenint el producte al teu domicili de manera f\u00e0cil i senzilla.<\/p>\t\t\t\t\t\t\t\t<\/div>\n\t\t\t\t<\/div>\n\t\t\t\t\t<\/div>\n\t\t<\/div>\n\t\t\t\t\t<\/div>\n\t\t<\/section>\n\t\t\t\t<\/div>\n\t\t","protected":false},"excerpt":{"rendered":"<p>La safata de metacrilat \u00e9s una pe\u00e7a per a restaurants i hosteleria transparent i lleugera. Organitza y exhibeix productes o utilleria discretament resaltant la seva innocu\u00eftat. Fabricada \u00edntegrament de metacrilat de bugada incolor,\u00a0aquesta safata de metacrilat \u00e9s un objecte amb singulars caracter\u00edstiques \u00f2ptiques. Est\u00e0 compost per una sola pe\u00e7a, una \u00fanica placa de metacrilat corbada. [&hellip;]<\/p>\n","protected":false},"featured_media":18928,"comment_status":"open","ping_status":"closed","template":"","meta":{"_acf_changed":false},"product_brand":[],"product_cat":[582,635,632],"product_tag":[],"class_list":{"0":"post-12547","1":"product","2":"type-product","3":"status-publish","4":"has-post-thumbnail","6":"product_cat-articles-ca","7":"product_cat-bandejas-hosteleria-ca","8":"product_cat-hosteleria-ca-2","10":"first","11":"instock","12":"shipping-taxable","13":"purchasable","14":"product-type-variable"},"acf":{"photo_gallery":{"opciones_de_agujeros":[[]]}},"yoast_head":"<!-- This site is optimized with the Yoast SEO plugin v27.2 - https:\/\/yoast.com\/product\/yoast-seo-wordpress\/ -->\n<title>Safata de metacrilat al millor preu | Plastic Express<\/title>\n<meta name=\"description\" content=\"Compra les teves safates de metacrilat transparent per a emmagatzemar els teus objectes. Projectes a mesura i en la grand\u00e0ria que desitgis. Compra ja!\" \/>\n<meta name=\"robots\" content=\"index, follow, max-snippet:-1, max-image-preview:large, max-video-preview:-1\" \/>\n<link rel=\"canonical\" href=\"https:\/\/plasticexpress.es\/ca\/producto\/articles-ca\/hosteleria-ca-2\/bandejas-hosteleria-ca\/bandeja-de-metacrilato\/\" \/>\n<meta property=\"og:locale\" content=\"ca_ES\" \/>\n<meta property=\"og:type\" content=\"article\" \/>\n<meta property=\"og:title\" content=\"Safata de metacrilat al millor preu | Plastic Express\" \/>\n<meta property=\"og:description\" content=\"Compra les teves safates de metacrilat transparent per a emmagatzemar els teus objectes. Projectes a mesura i en la grand\u00e0ria que desitgis. Compra ja!\" \/>\n<meta property=\"og:url\" content=\"https:\/\/plasticexpress.es\/ca\/producto\/articles-ca\/hosteleria-ca-2\/bandejas-hosteleria-ca\/bandeja-de-metacrilato\/\" \/>\n<meta property=\"og:site_name\" content=\"Plasticexpress\" \/>\n<meta property=\"article:modified_time\" content=\"2024-01-29T11:33:53+00:00\" \/>\n<meta property=\"og:image\" content=\"https:\/\/plasticexpress.es\/wp-content\/uploads\/2020\/10\/Bandeja-de-metacrilato.jpg\" \/>\n\t<meta property=\"og:image:width\" content=\"1296\" \/>\n\t<meta property=\"og:image:height\" content=\"864\" \/>\n\t<meta property=\"og:image:type\" content=\"image\/jpeg\" \/>\n<meta name=\"twitter:card\" content=\"summary_large_image\" \/>\n<meta name=\"twitter:label1\" content=\"Temps estimat de lectura\" \/>\n\t<meta name=\"twitter:data1\" content=\"1 minut\" \/>\n<script type=\"application\/ld+json\" class=\"yoast-schema-graph\">{\"@context\":\"https:\/\/schema.org\",\"@graph\":[{\"@type\":\"WebPage\",\"@id\":\"https:\/\/plasticexpress.es\/ca\/producto\/articles-ca\/hosteleria-ca-2\/bandejas-hosteleria-ca\/bandeja-de-metacrilato\/\",\"url\":\"https:\/\/plasticexpress.es\/ca\/producto\/articles-ca\/hosteleria-ca-2\/bandejas-hosteleria-ca\/bandeja-de-metacrilato\/\",\"name\":\"Safata de metacrilat al millor preu | Plastic Express\",\"isPartOf\":{\"@id\":\"https:\/\/plasticexpress.es\/ca\/#website\"},\"primaryImageOfPage\":{\"@id\":\"https:\/\/plasticexpress.es\/ca\/producto\/articles-ca\/hosteleria-ca-2\/bandejas-hosteleria-ca\/bandeja-de-metacrilato\/#primaryimage\"},\"image\":{\"@id\":\"https:\/\/plasticexpress.es\/ca\/producto\/articles-ca\/hosteleria-ca-2\/bandejas-hosteleria-ca\/bandeja-de-metacrilato\/#primaryimage\"},\"thumbnailUrl\":\"https:\/\/plasticexpress.es\/wp-content\/uploads\/2020\/10\/Bandeja-de-metacrilato.jpg\",\"datePublished\":\"2020-10-01T16:19:41+00:00\",\"dateModified\":\"2024-01-29T11:33:53+00:00\",\"description\":\"Compra les teves safates de metacrilat transparent per a emmagatzemar els teus objectes. Projectes a mesura i en la grand\u00e0ria que desitgis. Compra ja!\",\"breadcrumb\":{\"@id\":\"https:\/\/plasticexpress.es\/ca\/producto\/articles-ca\/hosteleria-ca-2\/bandejas-hosteleria-ca\/bandeja-de-metacrilato\/#breadcrumb\"},\"inLanguage\":\"ca\",\"potentialAction\":[{\"@type\":\"ReadAction\",\"target\":[\"https:\/\/plasticexpress.es\/ca\/producto\/articles-ca\/hosteleria-ca-2\/bandejas-hosteleria-ca\/bandeja-de-metacrilato\/\"]}]},{\"@type\":\"ImageObject\",\"inLanguage\":\"ca\",\"@id\":\"https:\/\/plasticexpress.es\/ca\/producto\/articles-ca\/hosteleria-ca-2\/bandejas-hosteleria-ca\/bandeja-de-metacrilato\/#primaryimage\",\"url\":\"https:\/\/plasticexpress.es\/wp-content\/uploads\/2020\/10\/Bandeja-de-metacrilato.jpg\",\"contentUrl\":\"https:\/\/plasticexpress.es\/wp-content\/uploads\/2020\/10\/Bandeja-de-metacrilato.jpg\",\"width\":1296,\"height\":864},{\"@type\":\"BreadcrumbList\",\"@id\":\"https:\/\/plasticexpress.es\/ca\/producto\/articles-ca\/hosteleria-ca-2\/bandejas-hosteleria-ca\/bandeja-de-metacrilato\/#breadcrumb\",\"itemListElement\":[{\"@type\":\"ListItem\",\"position\":1,\"name\":\"Portada\",\"item\":\"https:\/\/plasticexpress.es\/ca\/\"},{\"@type\":\"ListItem\",\"position\":2,\"name\":\"Shop\",\"item\":\"https:\/\/plasticexpress.es\/ca\/shop\/\"},{\"@type\":\"ListItem\",\"position\":3,\"name\":\"Safata de metacrilat\"}]},{\"@type\":\"WebSite\",\"@id\":\"https:\/\/plasticexpress.es\/ca\/#website\",\"url\":\"https:\/\/plasticexpress.es\/ca\/\",\"name\":\"Plasticexpress\",\"description\":\"Venta de materiales y art\u00edculos de Metacrilato\",\"potentialAction\":[{\"@type\":\"SearchAction\",\"target\":{\"@type\":\"EntryPoint\",\"urlTemplate\":\"https:\/\/plasticexpress.es\/ca\/?s={search_term_string}\"},\"query-input\":{\"@type\":\"PropertyValueSpecification\",\"valueRequired\":true,\"valueName\":\"search_term_string\"}}],\"inLanguage\":\"ca\"}]}<\/script>\n<!-- \/ Yoast SEO plugin. -->","yoast_head_json":{"title":"Safata de metacrilat al millor preu | Plastic Express","description":"Compra les teves safates de metacrilat transparent per a emmagatzemar els teus objectes. Projectes a mesura i en la grand\u00e0ria que desitgis. Compra ja!","robots":{"index":"index","follow":"follow","max-snippet":"max-snippet:-1","max-image-preview":"max-image-preview:large","max-video-preview":"max-video-preview:-1"},"canonical":"https:\/\/plasticexpress.es\/ca\/producto\/articles-ca\/hosteleria-ca-2\/bandejas-hosteleria-ca\/bandeja-de-metacrilato\/","og_locale":"ca_ES","og_type":"article","og_title":"Safata de metacrilat al millor preu | Plastic Express","og_description":"Compra les teves safates de metacrilat transparent per a emmagatzemar els teus objectes. Projectes a mesura i en la grand\u00e0ria que desitgis. Compra ja!","og_url":"https:\/\/plasticexpress.es\/ca\/producto\/articles-ca\/hosteleria-ca-2\/bandejas-hosteleria-ca\/bandeja-de-metacrilato\/","og_site_name":"Plasticexpress","article_modified_time":"2024-01-29T11:33:53+00:00","og_image":[{"width":1296,"height":864,"url":"https:\/\/plasticexpress.es\/wp-content\/uploads\/2020\/10\/Bandeja-de-metacrilato.jpg","type":"image\/jpeg"}],"twitter_card":"summary_large_image","twitter_misc":{"Temps estimat de lectura":"1 minut"},"schema":{"@context":"https:\/\/schema.org","@graph":[{"@type":"WebPage","@id":"https:\/\/plasticexpress.es\/ca\/producto\/articles-ca\/hosteleria-ca-2\/bandejas-hosteleria-ca\/bandeja-de-metacrilato\/","url":"https:\/\/plasticexpress.es\/ca\/producto\/articles-ca\/hosteleria-ca-2\/bandejas-hosteleria-ca\/bandeja-de-metacrilato\/","name":"Safata de metacrilat al millor preu | Plastic Express","isPartOf":{"@id":"https:\/\/plasticexpress.es\/ca\/#website"},"primaryImageOfPage":{"@id":"https:\/\/plasticexpress.es\/ca\/producto\/articles-ca\/hosteleria-ca-2\/bandejas-hosteleria-ca\/bandeja-de-metacrilato\/#primaryimage"},"image":{"@id":"https:\/\/plasticexpress.es\/ca\/producto\/articles-ca\/hosteleria-ca-2\/bandejas-hosteleria-ca\/bandeja-de-metacrilato\/#primaryimage"},"thumbnailUrl":"https:\/\/plasticexpress.es\/wp-content\/uploads\/2020\/10\/Bandeja-de-metacrilato.jpg","datePublished":"2020-10-01T16:19:41+00:00","dateModified":"2024-01-29T11:33:53+00:00","description":"Compra les teves safates de metacrilat transparent per a emmagatzemar els teus objectes. Projectes a mesura i en la grand\u00e0ria que desitgis. Compra ja!","breadcrumb":{"@id":"https:\/\/plasticexpress.es\/ca\/producto\/articles-ca\/hosteleria-ca-2\/bandejas-hosteleria-ca\/bandeja-de-metacrilato\/#breadcrumb"},"inLanguage":"ca","potentialAction":[{"@type":"ReadAction","target":["https:\/\/plasticexpress.es\/ca\/producto\/articles-ca\/hosteleria-ca-2\/bandejas-hosteleria-ca\/bandeja-de-metacrilato\/"]}]},{"@type":"ImageObject","inLanguage":"ca","@id":"https:\/\/plasticexpress.es\/ca\/producto\/articles-ca\/hosteleria-ca-2\/bandejas-hosteleria-ca\/bandeja-de-metacrilato\/#primaryimage","url":"https:\/\/plasticexpress.es\/wp-content\/uploads\/2020\/10\/Bandeja-de-metacrilato.jpg","contentUrl":"https:\/\/plasticexpress.es\/wp-content\/uploads\/2020\/10\/Bandeja-de-metacrilato.jpg","width":1296,"height":864},{"@type":"BreadcrumbList","@id":"https:\/\/plasticexpress.es\/ca\/producto\/articles-ca\/hosteleria-ca-2\/bandejas-hosteleria-ca\/bandeja-de-metacrilato\/#breadcrumb","itemListElement":[{"@type":"ListItem","position":1,"name":"Portada","item":"https:\/\/plasticexpress.es\/ca\/"},{"@type":"ListItem","position":2,"name":"Shop","item":"https:\/\/plasticexpress.es\/ca\/shop\/"},{"@type":"ListItem","position":3,"name":"Safata de metacrilat"}]},{"@type":"WebSite","@id":"https:\/\/plasticexpress.es\/ca\/#website","url":"https:\/\/plasticexpress.es\/ca\/","name":"Plasticexpress","description":"Venta de materiales y art\u00edculos de Metacrilato","potentialAction":[{"@type":"SearchAction","target":{"@type":"EntryPoint","urlTemplate":"https:\/\/plasticexpress.es\/ca\/?s={search_term_string}"},"query-input":{"@type":"PropertyValueSpecification","valueRequired":true,"valueName":"search_term_string"}}],"inLanguage":"ca"}]}},"_links":{"self":[{"href":"https:\/\/plasticexpress.es\/ca\/wp-json\/wp\/v2\/product\/12547","targetHints":{"allow":["GET"]}}],"collection":[{"href":"https:\/\/plasticexpress.es\/ca\/wp-json\/wp\/v2\/product"}],"about":[{"href":"https:\/\/plasticexpress.es\/ca\/wp-json\/wp\/v2\/types\/product"}],"replies":[{"embeddable":true,"href":"https:\/\/plasticexpress.es\/ca\/wp-json\/wp\/v2\/comments?post=12547"}],"version-history":[{"count":9,"href":"https:\/\/plasticexpress.es\/ca\/wp-json\/wp\/v2\/product\/12547\/revisions"}],"predecessor-version":[{"id":15064,"href":"https:\/\/plasticexpress.es\/ca\/wp-json\/wp\/v2\/product\/12547\/revisions\/15064"}],"wp:featuredmedia":[{"embeddable":true,"href":"https:\/\/plasticexpress.es\/ca\/wp-json\/wp\/v2\/media\/18928"}],"wp:attachment":[{"href":"https:\/\/plasticexpress.es\/ca\/wp-json\/wp\/v2\/media?parent=12547"}],"wp:term":[{"taxonomy":"product_brand","embeddable":true,"href":"https:\/\/plasticexpress.es\/ca\/wp-json\/wp\/v2\/product_brand?post=12547"},{"taxonomy":"product_cat","embeddable":true,"href":"https:\/\/plasticexpress.es\/ca\/wp-json\/wp\/v2\/product_cat?post=12547"},{"taxonomy":"product_tag","embeddable":true,"href":"https:\/\/plasticexpress.es\/ca\/wp-json\/wp\/v2\/product_tag?post=12547"}],"curies":[{"name":"wp","href":"https:\/\/api.w.org\/{rel}","templated":true}]}}