

{"id":12576,"date":"2020-09-09T22:21:34","date_gmt":"2020-09-09T21:21:34","guid":{"rendered":"https:\/\/plasticexpress.es\/producto\/Sense%20categoria\/perfilis-policarbonat-cellular\/"},"modified":"2023-11-20T01:05:10","modified_gmt":"2023-11-20T00:05:10","slug":"perfils-policarbonat-cel%c2%b7lular","status":"publish","type":"product","link":"https:\/\/plasticexpress.es\/ca\/producto\/materials\/policarbonato-celular-ca\/perfiles-policarbonato-celular-policarbonato-ca\/perfils-policarbonat-cel%c2%b7lular\/","title":{"rendered":"Perfils Policarbonat cel\u00b7lular"},"content":{"rendered":"<p><span style=\"font-weight: 400;\">La cerca de materials innovadors i eficients en el sector de la construcci\u00f3 i el disseny arquitect\u00f2nic, ha causat un augment en la popularitat de <\/span><strong>materials vers\u00e0tils i resistents<\/strong><span style=\"font-weight: 400;\">. En aquest sentit, els perfils de policarbonat cel\u00b7lular s&#8217;han convertit en una opci\u00f3 destacada que combina durabilitat, flexibilitat i altres beneficis \u00fanics.<\/span><\/p>\n<p><span style=\"font-weight: 400;\">Des de Plastic Express volem explicar-te tot el que necessites saber sobre els<\/span><strong> perfils de policarbonat cel\u00b7lular<\/strong><span style=\"font-weight: 400;\">, aix\u00ed com les seves propietats, les seves aplicacions i el paper que juguen en la creaci\u00f3 d&#8217;estructures modernes.<\/span><\/p>\n<h2><strong>Per a qu\u00e8 serveixen els perfils de Policarbonat cel\u00b7lular?<\/strong><\/h2>\n<p><span style=\"font-weight: 400;\">El <\/span><strong>perfil de policarbonat cel\u00b7lular<\/strong><span style=\"font-weight: 400;\"> compleix una funci\u00f3 crucial en diverses aplicacions gr\u00e0cies a les seves propietats \u00faniques. La seva <\/span><strong>versatilitat i resist\u00e8ncia<\/strong><span style=\"font-weight: 400;\"> han fet que es converteixi en el material m\u00e9s destacat en les ind\u00fastries de la construcci\u00f3 i l&#8217;arquitectura. En termes generals, aquests perfils de policarbonat serveixen com a elements estructurals que ofereixen solucions eficients en molts contextos.<\/span><\/p>\n<p><span style=\"font-weight: 400;\">La seva capacitat per a d\u2019<\/span><strong>a\u00efllament t\u00e8rmic, resist\u00e8ncia als impactes i transmetre la llum de manera uniforme<\/strong><span style=\"font-weight: 400;\">, els converteix en un component valu\u00f3s en la creaci\u00f3 d&#8217;espais funcionals, moderns i est\u00e8ticament atractius.<\/span><\/p>\n<p><span style=\"font-weight: 400;\">El perfil de policarbonat no sols compleix amb els exigents est\u00e0ndards de resist\u00e8ncia, sin\u00f3 que tamb\u00e9 ofereix <\/span><strong>flexibilitat <\/strong><span style=\"font-weight: 400;\">en la seva aplicaci\u00f3, adaptant-se perfectament a les diferents necessitats de disseny dels clients.<\/span><\/p>\n<h2><strong>\u00c0rees d&#8217;aplicaci\u00f3 del policarbonat cel\u00b7lular<\/strong><\/h2>\n<p><span style=\"font-weight: 400;\">Els perfils de policarbonat cel\u00b7lular es troben en aplicacions de diverses \u00e0rees, gr\u00e0cies a les seves propietats vers\u00e0tils i funcionals.<\/span><strong> Aquestes s\u00f3n algunes de les \u00e0rees clau d&#8217;aplicaci\u00f3 d&#8217;aquest material:<\/strong><\/p>\n<ul>\n<li style=\"font-weight: 400;\"><strong>Construcci\u00f3 de sostres i cobertes: <\/strong><span style=\"font-weight: 400;\">El policarbonat cel\u00b7lular s&#8217;utilitza en la construcci\u00f3 de sostres i cobertes, per a aprofitar la seva capacitat de permetre el pas de la llum natural, al mateix temps que ofereix resist\u00e8ncia contra els impactes i a\u00efllament t\u00e8rmic.<\/span><\/li>\n<li style=\"font-weight: 400;\"><strong>Il\u00b7luminaci\u00f3 arquitect\u00f2nica: <\/strong><span style=\"font-weight: 400;\">Gr\u00e0cies a la seva capacitat de difuminar la llum de manera uniforme, aquests perfils s&#8217;utilitzen en sistemes d&#8217;il\u00b7luminaci\u00f3 arquitect\u00f2nica, a fi de crear ambients est\u00e8ticament agradables i funcionals.<\/span><\/li>\n<li style=\"font-weight: 400;\"><strong>Divisions i tancaments:<\/strong><span style=\"font-weight: 400;\"> S&#8217;utilitzen els perfils per a la creaci\u00f3 de divisions interiors i tancaments en llocs residencials i comercials, amb l&#8217;objectiu de separar espais de manera transparent i permetre el pas de la llum.<\/span><\/li>\n<li style=\"font-weight: 400;\"><strong>Fa\u00e7anes transl\u00facides: <\/strong><span style=\"font-weight: 400;\">En projectes d&#8217;arquitectura, els perfils de policarbonat cel\u00b7lular s&#8217;apliquen en fa\u00e7anes transl\u00facides, aportant un aspecte molt modern i aprofitant l&#8217;entrada de llum natural.<\/span><\/li>\n<li style=\"font-weight: 400;\"><strong>Hivernacles i agricultura: <\/strong><span style=\"font-weight: 400;\">Aix\u00ed mateix, aquests perfils s\u00f3n ideals per a la construcci\u00f3 d&#8217;hivernacles, ja que proporcionen una difusi\u00f3 uniforme de la llum solar, molt necess\u00e0ria per al correcte creixement de les plantes.<\/span><\/li>\n<li style=\"font-weight: 400;\"><strong>Publicitat i senyalitzaci\u00f3:<\/strong><span style=\"font-weight: 400;\"> En la fabricaci\u00f3 de r\u00e8tols i panells publicitaris, els perfils s&#8217;utilitzen per a crear superf\u00edcies resistents i molt atractives, amb il\u00b7luminaci\u00f3 interna.<\/span><\/li>\n<li style=\"font-weight: 400;\"><strong>Construcci\u00f3 de mobles: <\/strong><span style=\"font-weight: 400;\">Gr\u00e0cies a la seva resist\u00e8ncia i lleugeresa, s&#8217;utilitzen en la fabricaci\u00f3 de mobles i elements de decoraci\u00f3, aportant un toc molt contemporani i funcional.<\/span><\/li>\n<li style=\"font-weight: 400;\"><strong>Habitatges sostenibles:<\/strong><span style=\"font-weight: 400;\"> En projectes de construcci\u00f3 sostenible, els perfils de policarbonat cel\u00b7lular s&#8217;utilitzen per a maximitzar l&#8217;entrada de llum natural. D&#8217;aquesta manera, les cases redueixen la seva depend\u00e8ncia de la il\u00b7luminaci\u00f3 artificial i milloren l&#8217;efici\u00e8ncia energ\u00e8tica, contribuint amb la cura del planeta.<\/span><\/li>\n<\/ul>\n<h2><strong>Compra els teus perfils de policarbonat cel\u00b7lular a Plastic Express<\/strong><\/h2>\n<p><strong>Plastic Express<\/strong><span style=\"font-weight: 400;\"> som el teu <\/span><strong>fabricant de materials pl\u00e0stics <\/strong><span style=\"font-weight: 400;\">de confian\u00e7a i, en la nostra p\u00e0gina web, podr\u00e0s trobar tots els serveis i processos de manufactura, per a elaborar els articles de pl\u00e0stic a mesura. Un dels nostres materials m\u00e9s sol\u00b7licitats \u00e9s el<\/span><strong> policarbonat cel\u00b7lular<\/strong><span style=\"font-weight: 400;\">, gr\u00e0cies a les seves bones caracter\u00edstiques i la gran varietat d&#8217;aplicacions per a les quals serveix.<\/span><\/p>\n<p><span style=\"font-weight: 400;\">A la nostra empresa treballem amb <\/span><strong>tecnologia d&#8217;\u00faltima generaci\u00f3<\/strong><span style=\"font-weight: 400;\"> i treballem les peces de pl\u00e0stic amb processos com el mecanitzat CNC, talli l\u00e0ser, poliment, abrillantat, impressi\u00f3, doblegat, termoformat, encolat i tall a mesura, de tots els materials pl\u00e0stics que comercialitzem.<\/span><\/p>\n<p><span style=\"font-weight: 400;\">Nosaltres mateixos fabriquem els productes que posteriorment comercialitzem, aix\u00ed que comptem amb un gran equip que elabora productes de gran qualitat. Aix\u00f2, podr\u00e0s comprovar-ho en els bons resultats de les nostres peces, com els perfils de policarbonat cel\u00b7lular. Garantim la m\u00e0xima qualitat a <\/span><strong>un preu que s&#8217;adapti al teu pressupost.<\/strong><\/p>\n<p><span style=\"font-weight: 400;\">Entra ja en la nostra p\u00e0gina web de Plastic Express i demana el teu pressupost per als perfils de policarbonat cel\u00b7lular de millor qualitat, sense cap comprom\u00eds.<\/span><\/p>\n","protected":false},"excerpt":{"rendered":"<p>La cerca de materials innovadors i eficients en el sector de la construcci\u00f3 i el disseny arquitect\u00f2nic, ha causat un augment en la popularitat de materials vers\u00e0tils i resistents. En aquest sentit, els perfils de policarbonat cel\u00b7lular s&#8217;han convertit en una opci\u00f3 destacada que combina durabilitat, flexibilitat i altres beneficis \u00fanics. Des de Plastic Express [&hellip;]<\/p>\n","protected":false},"featured_media":5163,"comment_status":"open","ping_status":"closed","template":"","meta":{"_acf_changed":false},"product_brand":[],"product_cat":[666,712,708],"product_tag":[],"class_list":{"0":"post-12576","1":"product","2":"type-product","3":"status-publish","4":"has-post-thumbnail","6":"product_cat-materials","7":"product_cat-perfiles-policarbonato-celular-policarbonato-ca","8":"product_cat-policarbonato-celular-ca","10":"first","11":"instock","12":"shipping-taxable","13":"purchasable","14":"product-type-variable"},"acf":{"photo_gallery":{"opciones_de_agujeros":[[]]}},"yoast_head":"<!-- This site is optimized with the Yoast SEO plugin v27.2 - https:\/\/yoast.com\/product\/yoast-seo-wordpress\/ -->\n<title>Perfils de policarbonat cel\u00b7lular | PlasticExpress<\/title>\n<meta name=\"description\" content=\"Perfils de policarbonat cel\u00b7lular per a articulacions, perfil H per a continu\u00eftat o perfil U per tancar les vores. Sol\u00b7licita el teu pressupost Ara!\" \/>\n<meta name=\"robots\" content=\"index, follow, max-snippet:-1, max-image-preview:large, max-video-preview:-1\" \/>\n<link rel=\"canonical\" href=\"https:\/\/plasticexpress.es\/ca\/producto\/materials\/policarbonato-celular-ca\/perfiles-policarbonato-celular-policarbonato-ca\/perfils-policarbonat-cel%c2%b7lular\/\" \/>\n<meta property=\"og:locale\" content=\"ca_ES\" \/>\n<meta property=\"og:type\" content=\"article\" \/>\n<meta property=\"og:title\" content=\"Perfils de policarbonat cel\u00b7lular | PlasticExpress\" \/>\n<meta property=\"og:description\" content=\"Perfils de policarbonat cel\u00b7lular per a articulacions, perfil H per a continu\u00eftat o perfil U per tancar les vores. Sol\u00b7licita el teu pressupost Ara!\" \/>\n<meta property=\"og:url\" content=\"https:\/\/plasticexpress.es\/ca\/producto\/materials\/policarbonato-celular-ca\/perfiles-policarbonato-celular-policarbonato-ca\/perfils-policarbonat-cel%c2%b7lular\/\" \/>\n<meta property=\"og:site_name\" content=\"Plasticexpress\" \/>\n<meta property=\"article:modified_time\" content=\"2023-11-20T00:05:10+00:00\" \/>\n<meta property=\"og:image\" content=\"https:\/\/plasticexpress.es\/wp-content\/uploads\/2020\/09\/perfiles-policarbonato-celular.jpg\" \/>\n\t<meta property=\"og:image:width\" content=\"1000\" \/>\n\t<meta property=\"og:image:height\" content=\"667\" \/>\n\t<meta property=\"og:image:type\" content=\"image\/jpeg\" \/>\n<meta name=\"twitter:card\" content=\"summary_large_image\" \/>\n<meta name=\"twitter:label1\" content=\"Temps estimat de lectura\" \/>\n\t<meta name=\"twitter:data1\" content=\"4 minuts\" \/>\n<script type=\"application\/ld+json\" class=\"yoast-schema-graph\">{\"@context\":\"https:\/\/schema.org\",\"@graph\":[{\"@type\":\"WebPage\",\"@id\":\"https:\/\/plasticexpress.es\/ca\/producto\/materials\/policarbonato-celular-ca\/perfiles-policarbonato-celular-policarbonato-ca\/perfils-policarbonat-cel%c2%b7lular\/\",\"url\":\"https:\/\/plasticexpress.es\/ca\/producto\/materials\/policarbonato-celular-ca\/perfiles-policarbonato-celular-policarbonato-ca\/perfils-policarbonat-cel%c2%b7lular\/\",\"name\":\"Perfils de policarbonat cel\u00b7lular | PlasticExpress\",\"isPartOf\":{\"@id\":\"https:\/\/plasticexpress.es\/ca\/#website\"},\"primaryImageOfPage\":{\"@id\":\"https:\/\/plasticexpress.es\/ca\/producto\/materials\/policarbonato-celular-ca\/perfiles-policarbonato-celular-policarbonato-ca\/perfils-policarbonat-cel%c2%b7lular\/#primaryimage\"},\"image\":{\"@id\":\"https:\/\/plasticexpress.es\/ca\/producto\/materials\/policarbonato-celular-ca\/perfiles-policarbonato-celular-policarbonato-ca\/perfils-policarbonat-cel%c2%b7lular\/#primaryimage\"},\"thumbnailUrl\":\"https:\/\/plasticexpress.es\/wp-content\/uploads\/2020\/09\/perfiles-policarbonato-celular.jpg\",\"datePublished\":\"2020-09-09T21:21:34+00:00\",\"dateModified\":\"2023-11-20T00:05:10+00:00\",\"description\":\"Perfils de policarbonat cel\u00b7lular per a articulacions, perfil H per a continu\u00eftat o perfil U per tancar les vores. Sol\u00b7licita el teu pressupost Ara!\",\"breadcrumb\":{\"@id\":\"https:\/\/plasticexpress.es\/ca\/producto\/materials\/policarbonato-celular-ca\/perfiles-policarbonato-celular-policarbonato-ca\/perfils-policarbonat-cel%c2%b7lular\/#breadcrumb\"},\"inLanguage\":\"ca\",\"potentialAction\":[{\"@type\":\"ReadAction\",\"target\":[\"https:\/\/plasticexpress.es\/ca\/producto\/materials\/policarbonato-celular-ca\/perfiles-policarbonato-celular-policarbonato-ca\/perfils-policarbonat-cel%c2%b7lular\/\"]}]},{\"@type\":\"ImageObject\",\"inLanguage\":\"ca\",\"@id\":\"https:\/\/plasticexpress.es\/ca\/producto\/materials\/policarbonato-celular-ca\/perfiles-policarbonato-celular-policarbonato-ca\/perfils-policarbonat-cel%c2%b7lular\/#primaryimage\",\"url\":\"https:\/\/plasticexpress.es\/wp-content\/uploads\/2020\/09\/perfiles-policarbonato-celular.jpg\",\"contentUrl\":\"https:\/\/plasticexpress.es\/wp-content\/uploads\/2020\/09\/perfiles-policarbonato-celular.jpg\",\"width\":1000,\"height\":667,\"caption\":\"Perfilis Policarbonat cel\u00b7lular\"},{\"@type\":\"BreadcrumbList\",\"@id\":\"https:\/\/plasticexpress.es\/ca\/producto\/materials\/policarbonato-celular-ca\/perfiles-policarbonato-celular-policarbonato-ca\/perfils-policarbonat-cel%c2%b7lular\/#breadcrumb\",\"itemListElement\":[{\"@type\":\"ListItem\",\"position\":1,\"name\":\"Portada\",\"item\":\"https:\/\/plasticexpress.es\/ca\/\"},{\"@type\":\"ListItem\",\"position\":2,\"name\":\"Shop\",\"item\":\"https:\/\/plasticexpress.es\/ca\/shop\/\"},{\"@type\":\"ListItem\",\"position\":3,\"name\":\"Perfils Policarbonat cel\u00b7lular\"}]},{\"@type\":\"WebSite\",\"@id\":\"https:\/\/plasticexpress.es\/ca\/#website\",\"url\":\"https:\/\/plasticexpress.es\/ca\/\",\"name\":\"Plasticexpress\",\"description\":\"Venta de materiales y art\u00edculos de Metacrilato\",\"potentialAction\":[{\"@type\":\"SearchAction\",\"target\":{\"@type\":\"EntryPoint\",\"urlTemplate\":\"https:\/\/plasticexpress.es\/ca\/?s={search_term_string}\"},\"query-input\":{\"@type\":\"PropertyValueSpecification\",\"valueRequired\":true,\"valueName\":\"search_term_string\"}}],\"inLanguage\":\"ca\"}]}<\/script>\n<!-- \/ Yoast SEO plugin. -->","yoast_head_json":{"title":"Perfils de policarbonat cel\u00b7lular | PlasticExpress","description":"Perfils de policarbonat cel\u00b7lular per a articulacions, perfil H per a continu\u00eftat o perfil U per tancar les vores. Sol\u00b7licita el teu pressupost Ara!","robots":{"index":"index","follow":"follow","max-snippet":"max-snippet:-1","max-image-preview":"max-image-preview:large","max-video-preview":"max-video-preview:-1"},"canonical":"https:\/\/plasticexpress.es\/ca\/producto\/materials\/policarbonato-celular-ca\/perfiles-policarbonato-celular-policarbonato-ca\/perfils-policarbonat-cel%c2%b7lular\/","og_locale":"ca_ES","og_type":"article","og_title":"Perfils de policarbonat cel\u00b7lular | PlasticExpress","og_description":"Perfils de policarbonat cel\u00b7lular per a articulacions, perfil H per a continu\u00eftat o perfil U per tancar les vores. Sol\u00b7licita el teu pressupost Ara!","og_url":"https:\/\/plasticexpress.es\/ca\/producto\/materials\/policarbonato-celular-ca\/perfiles-policarbonato-celular-policarbonato-ca\/perfils-policarbonat-cel%c2%b7lular\/","og_site_name":"Plasticexpress","article_modified_time":"2023-11-20T00:05:10+00:00","og_image":[{"width":1000,"height":667,"url":"https:\/\/plasticexpress.es\/wp-content\/uploads\/2020\/09\/perfiles-policarbonato-celular.jpg","type":"image\/jpeg"}],"twitter_card":"summary_large_image","twitter_misc":{"Temps estimat de lectura":"4 minuts"},"schema":{"@context":"https:\/\/schema.org","@graph":[{"@type":"WebPage","@id":"https:\/\/plasticexpress.es\/ca\/producto\/materials\/policarbonato-celular-ca\/perfiles-policarbonato-celular-policarbonato-ca\/perfils-policarbonat-cel%c2%b7lular\/","url":"https:\/\/plasticexpress.es\/ca\/producto\/materials\/policarbonato-celular-ca\/perfiles-policarbonato-celular-policarbonato-ca\/perfils-policarbonat-cel%c2%b7lular\/","name":"Perfils de policarbonat cel\u00b7lular | PlasticExpress","isPartOf":{"@id":"https:\/\/plasticexpress.es\/ca\/#website"},"primaryImageOfPage":{"@id":"https:\/\/plasticexpress.es\/ca\/producto\/materials\/policarbonato-celular-ca\/perfiles-policarbonato-celular-policarbonato-ca\/perfils-policarbonat-cel%c2%b7lular\/#primaryimage"},"image":{"@id":"https:\/\/plasticexpress.es\/ca\/producto\/materials\/policarbonato-celular-ca\/perfiles-policarbonato-celular-policarbonato-ca\/perfils-policarbonat-cel%c2%b7lular\/#primaryimage"},"thumbnailUrl":"https:\/\/plasticexpress.es\/wp-content\/uploads\/2020\/09\/perfiles-policarbonato-celular.jpg","datePublished":"2020-09-09T21:21:34+00:00","dateModified":"2023-11-20T00:05:10+00:00","description":"Perfils de policarbonat cel\u00b7lular per a articulacions, perfil H per a continu\u00eftat o perfil U per tancar les vores. Sol\u00b7licita el teu pressupost Ara!","breadcrumb":{"@id":"https:\/\/plasticexpress.es\/ca\/producto\/materials\/policarbonato-celular-ca\/perfiles-policarbonato-celular-policarbonato-ca\/perfils-policarbonat-cel%c2%b7lular\/#breadcrumb"},"inLanguage":"ca","potentialAction":[{"@type":"ReadAction","target":["https:\/\/plasticexpress.es\/ca\/producto\/materials\/policarbonato-celular-ca\/perfiles-policarbonato-celular-policarbonato-ca\/perfils-policarbonat-cel%c2%b7lular\/"]}]},{"@type":"ImageObject","inLanguage":"ca","@id":"https:\/\/plasticexpress.es\/ca\/producto\/materials\/policarbonato-celular-ca\/perfiles-policarbonato-celular-policarbonato-ca\/perfils-policarbonat-cel%c2%b7lular\/#primaryimage","url":"https:\/\/plasticexpress.es\/wp-content\/uploads\/2020\/09\/perfiles-policarbonato-celular.jpg","contentUrl":"https:\/\/plasticexpress.es\/wp-content\/uploads\/2020\/09\/perfiles-policarbonato-celular.jpg","width":1000,"height":667,"caption":"Perfilis Policarbonat cel\u00b7lular"},{"@type":"BreadcrumbList","@id":"https:\/\/plasticexpress.es\/ca\/producto\/materials\/policarbonato-celular-ca\/perfiles-policarbonato-celular-policarbonato-ca\/perfils-policarbonat-cel%c2%b7lular\/#breadcrumb","itemListElement":[{"@type":"ListItem","position":1,"name":"Portada","item":"https:\/\/plasticexpress.es\/ca\/"},{"@type":"ListItem","position":2,"name":"Shop","item":"https:\/\/plasticexpress.es\/ca\/shop\/"},{"@type":"ListItem","position":3,"name":"Perfils Policarbonat cel\u00b7lular"}]},{"@type":"WebSite","@id":"https:\/\/plasticexpress.es\/ca\/#website","url":"https:\/\/plasticexpress.es\/ca\/","name":"Plasticexpress","description":"Venta de materiales y art\u00edculos de Metacrilato","potentialAction":[{"@type":"SearchAction","target":{"@type":"EntryPoint","urlTemplate":"https:\/\/plasticexpress.es\/ca\/?s={search_term_string}"},"query-input":{"@type":"PropertyValueSpecification","valueRequired":true,"valueName":"search_term_string"}}],"inLanguage":"ca"}]}},"_links":{"self":[{"href":"https:\/\/plasticexpress.es\/ca\/wp-json\/wp\/v2\/product\/12576","targetHints":{"allow":["GET"]}}],"collection":[{"href":"https:\/\/plasticexpress.es\/ca\/wp-json\/wp\/v2\/product"}],"about":[{"href":"https:\/\/plasticexpress.es\/ca\/wp-json\/wp\/v2\/types\/product"}],"replies":[{"embeddable":true,"href":"https:\/\/plasticexpress.es\/ca\/wp-json\/wp\/v2\/comments?post=12576"}],"version-history":[{"count":7,"href":"https:\/\/plasticexpress.es\/ca\/wp-json\/wp\/v2\/product\/12576\/revisions"}],"predecessor-version":[{"id":20280,"href":"https:\/\/plasticexpress.es\/ca\/wp-json\/wp\/v2\/product\/12576\/revisions\/20280"}],"wp:featuredmedia":[{"embeddable":true,"href":"https:\/\/plasticexpress.es\/ca\/wp-json\/wp\/v2\/media\/5163"}],"wp:attachment":[{"href":"https:\/\/plasticexpress.es\/ca\/wp-json\/wp\/v2\/media?parent=12576"}],"wp:term":[{"taxonomy":"product_brand","embeddable":true,"href":"https:\/\/plasticexpress.es\/ca\/wp-json\/wp\/v2\/product_brand?post=12576"},{"taxonomy":"product_cat","embeddable":true,"href":"https:\/\/plasticexpress.es\/ca\/wp-json\/wp\/v2\/product_cat?post=12576"},{"taxonomy":"product_tag","embeddable":true,"href":"https:\/\/plasticexpress.es\/ca\/wp-json\/wp\/v2\/product_tag?post=12576"}],"curies":[{"name":"wp","href":"https:\/\/api.w.org\/{rel}","templated":true}]}}