

{"id":12590,"date":"2020-09-09T22:21:38","date_gmt":"2020-09-09T21:21:38","guid":{"rendered":"https:\/\/plasticexpress.es\/producto\/Sense%20categoria\/cintes-de-segellat-policarbonat-cellular\/"},"modified":"2023-11-30T09:48:15","modified_gmt":"2023-11-30T08:48:15","slug":"cintes-de-segellat-policarbonat-cel%c2%b7lular","status":"publish","type":"product","link":"https:\/\/plasticexpress.es\/ca\/producto\/materials\/policarbonato-celular-ca\/cintas-de-sellado-policarbonato-celular-policarbonato-ca\/cintes-de-segellat-policarbonat-cel%c2%b7lular\/","title":{"rendered":"Cintes de segellat Policarbonat cel\u00b7lular"},"content":{"rendered":"<p>Les <strong>cintes de segellament de policarbonat cel\u00b7lular<\/strong> s\u00f3n una soluci\u00f3 t\u00e8cnica i vers\u00e0til que est\u00e0 guanyant cada vegada m\u00e9s protagonisme en el sector de la construcci\u00f3 i l&#8217;enginyeria. Aquestes cintes no nom\u00e9s ofereixen <strong>propietats de segellat excel\u00b7lents<\/strong>, sin\u00f3 que a m\u00e9s tenen totes les qualitats del policarbonat cel\u00b7lular, un material resistent, lleuger i amb una gran capacitat d&#8217;a\u00efllament t\u00e8rmic.<\/p>\n<p>A Plastic Express, som una empresa de solucions pl\u00e0stiques que ajudem els nostres clients a trobar els articles i materials m\u00e9s adequats per als seus projectes. En aquesta ocasi\u00f3, volem presentar-te les <strong>cintes de segellat de policarbonat cel\u00b7lular<\/strong> i explicar-te les seves caracter\u00edstiques, aplicacions i beneficis.<\/p>\n<h2><strong>Propietats de les cintes de segellat de policarbonat cel\u00b7lular<\/strong><\/h2>\n<p>Les cintes de segellat destaquen per les seves propietats, que les converteixen en una de les opcions m\u00e9s atractives actualment, en molts tipus de projectes industrials i dom\u00e8stics. Aquestes s\u00f3n les principals <strong>caracter\u00edstiques d&#8217;una cinta de policarbonat cel\u00b7lular<\/strong>:<\/p>\n<ul>\n<li><strong>Flexibilitat i adaptabilitat:<\/strong> La cinta de policarbonat \u00e9s coneguda per la seva capacitat per a adaptar-se a superf\u00edcies irregulars i corbes, un producte perfecte per a segellar unions en estructures complexes.<\/li>\n<li><strong>Resist\u00e8ncia a la intemp\u00e8rie: <\/strong><a href=\"https:\/\/plasticexpress.es\/ca\/producto\/materials\/policarbonato-celular-ca\/policarbonato-celular-1-ca-2\/policarbonato-celular\/\">El policarbonat cel\u00b7lular<\/a>, combinat amb tecnologies de segellament avan\u00e7at, fa que aquestes cintes siguin molt resistents a les condicions clim\u00e0tiques adverses, com l&#8217;exposici\u00f3 a la llum solar, la pluja i els canvis de temperatura.<\/li>\n<li><strong>Bona adher\u00e8ncia:<\/strong> La cinta de segellament de policarbonat compta amb una forta capacitat d&#8217;adher\u00e8ncia a una gran varietat de superf\u00edcies. Aix\u00f2 assegura una uni\u00f3 duradora i efectiva en els teus projectes.<\/li>\n<li><strong>A\u00efllament t\u00e8rmic: <\/strong>El policarbonat cel\u00b7lular en si mateix, t\u00e9 bones propietats d&#8217;a\u00efllament t\u00e8rmic, i les cintes de segellament maximitzen aquest benefici, mitjan\u00e7ant la creaci\u00f3 de barreres eficients que ajuden a gestionar la temperatura de les estructures.<\/li>\n<li><strong>Durabilitat<\/strong>: La combinaci\u00f3 d&#8217;un material resistent i tecnologies de fabricaci\u00f3 d&#8217;\u00faltima generaci\u00f3, garanteixen la durabilitat a llarg termini d&#8217;aquestes cintes, reduint les despeses en manteniment.<\/li>\n<\/ul>\n<h2><strong>Aplicacions de les cintes de segellat de policarbonat cel\u00b7lular<\/strong><\/h2>\n<p>Cada vegada s\u00f3n m\u00e9s les ind\u00fastries que comencen a utilitzar aquest material, per les seves bones propietats. A continuaci\u00f3 et mostrarem\u00a0 les <strong>aplicacions que pot tenir una cinta de segellat de policarbonat:<\/strong><\/p>\n<ol>\n<li><strong>Envidrament d&#8217;edificis:<\/strong> Aquestes cintes s\u00f3n fetes servir en sistemes d&#8217;envidrament, per a segellar juntes i proporcionar a\u00efllament t\u00e8rmic. Gr\u00e0cies a elles s&#8217;aconsegueix una millor efici\u00e8ncia energ\u00e8tica dels edificis.<\/li>\n<li><strong>Cobertes i sostres transparents:<\/strong> Compleixen una funci\u00f3 molt important en garantir una uni\u00f3 herm\u00e8tica i resistent a la intemp\u00e8rie, en els rafals i sostres.<\/li>\n<li><strong>Fabricaci\u00f3 de panells compostos:<\/strong> Assegura l&#8217;estanquitat de les juntes entre les capes dels panells compostos. D&#8217;aquesta manera es proporciona resist\u00e8ncia i durabilitat al panell final.<\/li>\n<li><strong>Sistemes de finestres i portes:<\/strong> En la ind\u00fastria de la fusteria met\u00e0l\u00b7lica i de PVC, les cintes de segellament s&#8217;utilitzen en les unions dels sistemes de finestres i portes, garantint l&#8217;a\u00efllament t\u00e8rmic i ac\u00fastic.<\/li>\n<li><strong>Aplicacions en el transport:<\/strong> En la fabricaci\u00f3 de vehicles terrestres i embarcacions, aquestes cintes s\u00f3n emprades per a segellar juntes i contribuir a la resist\u00e8ncia i durabilitat de les estructures.<\/li>\n<li><strong>Projectes d&#8217;enginyeria civil:<\/strong> Les cintes de policarbonat s&#8217;empren per a segellar juntes en estructures exposades a condicions ambientals extremes, com a ponts, t\u00fanels i altres infraestructures.<\/li>\n<\/ol>\n<p>&nbsp;<\/p>\n<h2><strong>Compra la teva cinta de segellament de policarbonat cel\u00b7lular a Plastic Express<\/strong><\/h2>\n<p>A <strong>Plastic Express, <\/strong>pots comprar la teva cinta de segellat de policarbonat cel\u00b7lular. Treballem amb la millor tecnologia, per a oferir-te un producte de qualitat, fabricat amb els materials m\u00e9s fiables. Proporcionem tota mena de pl\u00e0stic a mida i oferim els rotllos de cinta de segellat al millor preu.<\/p>\n<p>Pots comprar la cinta directament a la nostra botiga en l\u00ednia o escriure&#8217;ns personalment al correu <a href=\"mailto:info@plasticexpress.es\">info@plasticexpress.es<\/a>, si tens algun requisit en espec\u00edfic. El nostre equip es posar\u00e0 a treballar en el teu projecte i t&#8217;enviarem <strong>un pressupost personalitzat,<\/strong> ajustat a les teves necessitats.<\/p>\n<p>Som una empresa amb <strong>m\u00e9s de 10 anys d&#8217;experi\u00e8ncia,<\/strong> que ens prenem la nostra feina molt seriosament. Som exigents i cuidem fins a l&#8217;\u00faltim detall, per a complir amb les teves expectatives.<\/p>\n<p>A m\u00e9s, si ets un professional de la ind\u00fastria, podr\u00e0s <strong>accedir als nostres descomptes i promocions<\/strong>, a trav\u00e9s del formulari que trobar\u00e0s en la nostra p\u00e0gina web.<\/p>\n<p>Compra ja les teves cintes de segellat de policarbonat cel\u00b7lular al millor preu, a Plastic Express!<\/p>\n","protected":false},"excerpt":{"rendered":"<p>Les cintes de segellament de policarbonat cel\u00b7lular s\u00f3n una soluci\u00f3 t\u00e8cnica i vers\u00e0til que est\u00e0 guanyant cada vegada m\u00e9s protagonisme en el sector de la construcci\u00f3 i l&#8217;enginyeria. Aquestes cintes no nom\u00e9s ofereixen propietats de segellat excel\u00b7lents, sin\u00f3 que a m\u00e9s tenen totes les qualitats del policarbonat cel\u00b7lular, un material resistent, lleuger i amb una [&hellip;]<\/p>\n","protected":false},"featured_media":5161,"comment_status":"open","ping_status":"closed","template":"","meta":{"_acf_changed":false},"product_brand":[],"product_cat":[710,708],"product_tag":[],"class_list":{"0":"post-12590","1":"product","2":"type-product","3":"status-publish","4":"has-post-thumbnail","6":"product_cat-cintas-de-sellado-policarbonato-celular-policarbonato-ca","7":"product_cat-policarbonato-celular-ca","9":"first","10":"instock","11":"shipping-taxable","12":"purchasable","13":"product-type-variable"},"acf":{"photo_gallery":{"opciones_de_agujeros":[[]]}},"yoast_head":"<!-- This site is optimized with the Yoast SEO plugin v27.4 - https:\/\/yoast.com\/product\/yoast-seo-wordpress\/ -->\n<title>Cintes de Segellament de Policarbonat Cel\u00b7lular | PlasticExpress<\/title>\n<meta name=\"description\" content=\"Les cintes de segellament de policarbonat de PlasticExpress ofereixen 10 anys de garantia i v\u00e9nen en perfils de 6000mm de longitud.\" \/>\n<meta name=\"robots\" content=\"index, follow, max-snippet:-1, max-image-preview:large, max-video-preview:-1\" \/>\n<link rel=\"canonical\" href=\"https:\/\/plasticexpress.es\/ca\/producto\/materials\/policarbonato-celular-ca\/cintas-de-sellado-policarbonato-celular-policarbonato-ca\/cintes-de-segellat-policarbonat-cel%c2%b7lular\/\" \/>\n<meta property=\"og:locale\" content=\"ca_ES\" \/>\n<meta property=\"og:type\" content=\"article\" \/>\n<meta property=\"og:title\" content=\"Cintes de Segellament de Policarbonat Cel\u00b7lular | PlasticExpress\" \/>\n<meta property=\"og:description\" content=\"Les cintes de segellament de policarbonat de PlasticExpress ofereixen 10 anys de garantia i v\u00e9nen en perfils de 6000mm de longitud.\" \/>\n<meta property=\"og:url\" content=\"https:\/\/plasticexpress.es\/ca\/producto\/materials\/policarbonato-celular-ca\/cintas-de-sellado-policarbonato-celular-policarbonato-ca\/cintes-de-segellat-policarbonat-cel%c2%b7lular\/\" \/>\n<meta property=\"og:site_name\" content=\"Plasticexpress\" \/>\n<meta property=\"article:modified_time\" content=\"2023-11-30T08:48:15+00:00\" \/>\n<meta property=\"og:image\" content=\"https:\/\/plasticexpress.es\/wp-content\/uploads\/2020\/09\/cintas-de-sellado-policarbonato-celular-01.jpg\" \/>\n\t<meta property=\"og:image:width\" content=\"1000\" \/>\n\t<meta property=\"og:image:height\" content=\"667\" \/>\n\t<meta property=\"og:image:type\" content=\"image\/jpeg\" \/>\n<meta name=\"twitter:card\" content=\"summary_large_image\" \/>\n<meta name=\"twitter:label1\" content=\"Temps estimat de lectura\" \/>\n\t<meta name=\"twitter:data1\" content=\"4 minuts\" \/>\n<script type=\"application\/ld+json\" class=\"yoast-schema-graph\">{\"@context\":\"https:\\\/\\\/schema.org\",\"@graph\":[{\"@type\":\"WebPage\",\"@id\":\"https:\\\/\\\/plasticexpress.es\\\/ca\\\/producto\\\/materials\\\/policarbonato-celular-ca\\\/cintas-de-sellado-policarbonato-celular-policarbonato-ca\\\/cintes-de-segellat-policarbonat-cel%c2%b7lular\\\/\",\"url\":\"https:\\\/\\\/plasticexpress.es\\\/ca\\\/producto\\\/materials\\\/policarbonato-celular-ca\\\/cintas-de-sellado-policarbonato-celular-policarbonato-ca\\\/cintes-de-segellat-policarbonat-cel%c2%b7lular\\\/\",\"name\":\"Cintes de Segellament de Policarbonat Cel\u00b7lular | PlasticExpress\",\"isPartOf\":{\"@id\":\"https:\\\/\\\/plasticexpress.es\\\/ca\\\/#website\"},\"primaryImageOfPage\":{\"@id\":\"https:\\\/\\\/plasticexpress.es\\\/ca\\\/producto\\\/materials\\\/policarbonato-celular-ca\\\/cintas-de-sellado-policarbonato-celular-policarbonato-ca\\\/cintes-de-segellat-policarbonat-cel%c2%b7lular\\\/#primaryimage\"},\"image\":{\"@id\":\"https:\\\/\\\/plasticexpress.es\\\/ca\\\/producto\\\/materials\\\/policarbonato-celular-ca\\\/cintas-de-sellado-policarbonato-celular-policarbonato-ca\\\/cintes-de-segellat-policarbonat-cel%c2%b7lular\\\/#primaryimage\"},\"thumbnailUrl\":\"https:\\\/\\\/plasticexpress.es\\\/wp-content\\\/uploads\\\/2020\\\/09\\\/cintas-de-sellado-policarbonato-celular-01.jpg\",\"datePublished\":\"2020-09-09T21:21:38+00:00\",\"dateModified\":\"2023-11-30T08:48:15+00:00\",\"description\":\"Les cintes de segellament de policarbonat de PlasticExpress ofereixen 10 anys de garantia i v\u00e9nen en perfils de 6000mm de longitud.\",\"breadcrumb\":{\"@id\":\"https:\\\/\\\/plasticexpress.es\\\/ca\\\/producto\\\/materials\\\/policarbonato-celular-ca\\\/cintas-de-sellado-policarbonato-celular-policarbonato-ca\\\/cintes-de-segellat-policarbonat-cel%c2%b7lular\\\/#breadcrumb\"},\"inLanguage\":\"ca\",\"potentialAction\":[{\"@type\":\"ReadAction\",\"target\":[\"https:\\\/\\\/plasticexpress.es\\\/ca\\\/producto\\\/materials\\\/policarbonato-celular-ca\\\/cintas-de-sellado-policarbonato-celular-policarbonato-ca\\\/cintes-de-segellat-policarbonat-cel%c2%b7lular\\\/\"]}]},{\"@type\":\"ImageObject\",\"inLanguage\":\"ca\",\"@id\":\"https:\\\/\\\/plasticexpress.es\\\/ca\\\/producto\\\/materials\\\/policarbonato-celular-ca\\\/cintas-de-sellado-policarbonato-celular-policarbonato-ca\\\/cintes-de-segellat-policarbonat-cel%c2%b7lular\\\/#primaryimage\",\"url\":\"https:\\\/\\\/plasticexpress.es\\\/wp-content\\\/uploads\\\/2020\\\/09\\\/cintas-de-sellado-policarbonato-celular-01.jpg\",\"contentUrl\":\"https:\\\/\\\/plasticexpress.es\\\/wp-content\\\/uploads\\\/2020\\\/09\\\/cintas-de-sellado-policarbonato-celular-01.jpg\",\"width\":1000,\"height\":667},{\"@type\":\"BreadcrumbList\",\"@id\":\"https:\\\/\\\/plasticexpress.es\\\/ca\\\/producto\\\/materials\\\/policarbonato-celular-ca\\\/cintas-de-sellado-policarbonato-celular-policarbonato-ca\\\/cintes-de-segellat-policarbonat-cel%c2%b7lular\\\/#breadcrumb\",\"itemListElement\":[{\"@type\":\"ListItem\",\"position\":1,\"name\":\"Portada\",\"item\":\"https:\\\/\\\/plasticexpress.es\\\/ca\\\/\"},{\"@type\":\"ListItem\",\"position\":2,\"name\":\"Shop\",\"item\":\"https:\\\/\\\/plasticexpress.es\\\/ca\\\/shop\\\/\"},{\"@type\":\"ListItem\",\"position\":3,\"name\":\"Cintes de segellat Policarbonat cel\u00b7lular\"}]},{\"@type\":\"WebSite\",\"@id\":\"https:\\\/\\\/plasticexpress.es\\\/ca\\\/#website\",\"url\":\"https:\\\/\\\/plasticexpress.es\\\/ca\\\/\",\"name\":\"Plasticexpress\",\"description\":\"Venta de materiales y art\u00edculos de Metacrilato\",\"potentialAction\":[{\"@type\":\"SearchAction\",\"target\":{\"@type\":\"EntryPoint\",\"urlTemplate\":\"https:\\\/\\\/plasticexpress.es\\\/ca\\\/?s={search_term_string}\"},\"query-input\":{\"@type\":\"PropertyValueSpecification\",\"valueRequired\":true,\"valueName\":\"search_term_string\"}}],\"inLanguage\":\"ca\"}]}<\/script>\n<!-- \/ Yoast SEO plugin. -->","yoast_head_json":{"title":"Cintes de Segellament de Policarbonat Cel\u00b7lular | PlasticExpress","description":"Les cintes de segellament de policarbonat de PlasticExpress ofereixen 10 anys de garantia i v\u00e9nen en perfils de 6000mm de longitud.","robots":{"index":"index","follow":"follow","max-snippet":"max-snippet:-1","max-image-preview":"max-image-preview:large","max-video-preview":"max-video-preview:-1"},"canonical":"https:\/\/plasticexpress.es\/ca\/producto\/materials\/policarbonato-celular-ca\/cintas-de-sellado-policarbonato-celular-policarbonato-ca\/cintes-de-segellat-policarbonat-cel%c2%b7lular\/","og_locale":"ca_ES","og_type":"article","og_title":"Cintes de Segellament de Policarbonat Cel\u00b7lular | PlasticExpress","og_description":"Les cintes de segellament de policarbonat de PlasticExpress ofereixen 10 anys de garantia i v\u00e9nen en perfils de 6000mm de longitud.","og_url":"https:\/\/plasticexpress.es\/ca\/producto\/materials\/policarbonato-celular-ca\/cintas-de-sellado-policarbonato-celular-policarbonato-ca\/cintes-de-segellat-policarbonat-cel%c2%b7lular\/","og_site_name":"Plasticexpress","article_modified_time":"2023-11-30T08:48:15+00:00","og_image":[{"width":1000,"height":667,"url":"https:\/\/plasticexpress.es\/wp-content\/uploads\/2020\/09\/cintas-de-sellado-policarbonato-celular-01.jpg","type":"image\/jpeg"}],"twitter_card":"summary_large_image","twitter_misc":{"Temps estimat de lectura":"4 minuts"},"schema":{"@context":"https:\/\/schema.org","@graph":[{"@type":"WebPage","@id":"https:\/\/plasticexpress.es\/ca\/producto\/materials\/policarbonato-celular-ca\/cintas-de-sellado-policarbonato-celular-policarbonato-ca\/cintes-de-segellat-policarbonat-cel%c2%b7lular\/","url":"https:\/\/plasticexpress.es\/ca\/producto\/materials\/policarbonato-celular-ca\/cintas-de-sellado-policarbonato-celular-policarbonato-ca\/cintes-de-segellat-policarbonat-cel%c2%b7lular\/","name":"Cintes de Segellament de Policarbonat Cel\u00b7lular | PlasticExpress","isPartOf":{"@id":"https:\/\/plasticexpress.es\/ca\/#website"},"primaryImageOfPage":{"@id":"https:\/\/plasticexpress.es\/ca\/producto\/materials\/policarbonato-celular-ca\/cintas-de-sellado-policarbonato-celular-policarbonato-ca\/cintes-de-segellat-policarbonat-cel%c2%b7lular\/#primaryimage"},"image":{"@id":"https:\/\/plasticexpress.es\/ca\/producto\/materials\/policarbonato-celular-ca\/cintas-de-sellado-policarbonato-celular-policarbonato-ca\/cintes-de-segellat-policarbonat-cel%c2%b7lular\/#primaryimage"},"thumbnailUrl":"https:\/\/plasticexpress.es\/wp-content\/uploads\/2020\/09\/cintas-de-sellado-policarbonato-celular-01.jpg","datePublished":"2020-09-09T21:21:38+00:00","dateModified":"2023-11-30T08:48:15+00:00","description":"Les cintes de segellament de policarbonat de PlasticExpress ofereixen 10 anys de garantia i v\u00e9nen en perfils de 6000mm de longitud.","breadcrumb":{"@id":"https:\/\/plasticexpress.es\/ca\/producto\/materials\/policarbonato-celular-ca\/cintas-de-sellado-policarbonato-celular-policarbonato-ca\/cintes-de-segellat-policarbonat-cel%c2%b7lular\/#breadcrumb"},"inLanguage":"ca","potentialAction":[{"@type":"ReadAction","target":["https:\/\/plasticexpress.es\/ca\/producto\/materials\/policarbonato-celular-ca\/cintas-de-sellado-policarbonato-celular-policarbonato-ca\/cintes-de-segellat-policarbonat-cel%c2%b7lular\/"]}]},{"@type":"ImageObject","inLanguage":"ca","@id":"https:\/\/plasticexpress.es\/ca\/producto\/materials\/policarbonato-celular-ca\/cintas-de-sellado-policarbonato-celular-policarbonato-ca\/cintes-de-segellat-policarbonat-cel%c2%b7lular\/#primaryimage","url":"https:\/\/plasticexpress.es\/wp-content\/uploads\/2020\/09\/cintas-de-sellado-policarbonato-celular-01.jpg","contentUrl":"https:\/\/plasticexpress.es\/wp-content\/uploads\/2020\/09\/cintas-de-sellado-policarbonato-celular-01.jpg","width":1000,"height":667},{"@type":"BreadcrumbList","@id":"https:\/\/plasticexpress.es\/ca\/producto\/materials\/policarbonato-celular-ca\/cintas-de-sellado-policarbonato-celular-policarbonato-ca\/cintes-de-segellat-policarbonat-cel%c2%b7lular\/#breadcrumb","itemListElement":[{"@type":"ListItem","position":1,"name":"Portada","item":"https:\/\/plasticexpress.es\/ca\/"},{"@type":"ListItem","position":2,"name":"Shop","item":"https:\/\/plasticexpress.es\/ca\/shop\/"},{"@type":"ListItem","position":3,"name":"Cintes de segellat Policarbonat cel\u00b7lular"}]},{"@type":"WebSite","@id":"https:\/\/plasticexpress.es\/ca\/#website","url":"https:\/\/plasticexpress.es\/ca\/","name":"Plasticexpress","description":"Venta de materiales y art\u00edculos de Metacrilato","potentialAction":[{"@type":"SearchAction","target":{"@type":"EntryPoint","urlTemplate":"https:\/\/plasticexpress.es\/ca\/?s={search_term_string}"},"query-input":{"@type":"PropertyValueSpecification","valueRequired":true,"valueName":"search_term_string"}}],"inLanguage":"ca"}]}},"_links":{"self":[{"href":"https:\/\/plasticexpress.es\/ca\/wp-json\/wp\/v2\/product\/12590","targetHints":{"allow":["GET"]}}],"collection":[{"href":"https:\/\/plasticexpress.es\/ca\/wp-json\/wp\/v2\/product"}],"about":[{"href":"https:\/\/plasticexpress.es\/ca\/wp-json\/wp\/v2\/types\/product"}],"replies":[{"embeddable":true,"href":"https:\/\/plasticexpress.es\/ca\/wp-json\/wp\/v2\/comments?post=12590"}],"version-history":[{"count":4,"href":"https:\/\/plasticexpress.es\/ca\/wp-json\/wp\/v2\/product\/12590\/revisions"}],"predecessor-version":[{"id":20339,"href":"https:\/\/plasticexpress.es\/ca\/wp-json\/wp\/v2\/product\/12590\/revisions\/20339"}],"wp:featuredmedia":[{"embeddable":true,"href":"https:\/\/plasticexpress.es\/ca\/wp-json\/wp\/v2\/media\/5161"}],"wp:attachment":[{"href":"https:\/\/plasticexpress.es\/ca\/wp-json\/wp\/v2\/media?parent=12590"}],"wp:term":[{"taxonomy":"product_brand","embeddable":true,"href":"https:\/\/plasticexpress.es\/ca\/wp-json\/wp\/v2\/product_brand?post=12590"},{"taxonomy":"product_cat","embeddable":true,"href":"https:\/\/plasticexpress.es\/ca\/wp-json\/wp\/v2\/product_cat?post=12590"},{"taxonomy":"product_tag","embeddable":true,"href":"https:\/\/plasticexpress.es\/ca\/wp-json\/wp\/v2\/product_tag?post=12590"}],"curies":[{"name":"wp","href":"https:\/\/api.w.org\/{rel}","templated":true}]}}