

{"id":17290,"date":"2022-10-06T12:29:14","date_gmt":"2022-10-06T11:29:14","guid":{"rendered":"https:\/\/plasticexpress.es\/producto\/Sense%20categoria\/exhibidor-safata-plegada\/"},"modified":"2024-01-29T12:41:17","modified_gmt":"2024-01-29T11:41:17","slug":"exhibidor-safata-plegada","status":"publish","type":"product","link":"https:\/\/plasticexpress.es\/ca\/producto\/articles-ca\/dispensadors-per-a-products-a-granel-i-exhibidors\/exhibidor-safata-plegada\/","title":{"rendered":"Exhibidor safata plegada"},"content":{"rendered":"<p><span style=\"font-weight: 400;\">Est\u00e0s <\/span><b>comen\u00e7ant el teu negoci<\/b><span style=\"font-weight: 400;\"> i necessites alguns <\/span><b>productes de pl\u00e0stic<\/b><span style=\"font-weight: 400;\"> per a la decoraci\u00f3 del local o per a aconseguir que el teu treball sigui m\u00e9s f\u00e0cil i higi\u00e8nic? \u00c9s important que tri\u00efs el tipus de material que m\u00e9s et convingui i trobis un prove\u00efdor que estigui en sintonia amb el teu projecte i t&#8217;ajudi a aconseguir els teus objectius, ja sigui un <\/span><a href=\"https:\/\/plasticexpress.es\/ca\/articles-ca\/dispensadors-per-a-products-a-granel-i-exhibidors\/\"><span style=\"font-weight: 400;\">dispensador a granel<\/span><\/a><span style=\"font-weight: 400;\"> o una taula.<\/span><\/p>\n<p><span style=\"font-weight: 400;\">Des de <\/span><b>Plastic Express<\/b><span style=\"font-weight: 400;\"> volem explicar-te tot el que has de saber sobre l&#8217;<\/span><b>exhibidor safata plegada<\/b><span style=\"font-weight: 400;\">, un dels productes m\u00e9s innovadors actualment i que estan donant millors resultats als nostres clients.<\/span><\/p>\n<h2><span style=\"font-weight: 400;\">\u00bfPer a qu\u00e8 serveixen els exhibidors de safata plegada?<\/span><\/h2>\n<p><span style=\"font-weight: 400;\">Una <\/span><b>bandeja plegada de metacrilato <\/b><span style=\"font-weight: 400;\">es un dispensador y exhibidor de productos que no tienen su propio envoltorio, como por ejemplo las gominolas o los granos de caf\u00e9. Este producto est\u00e1 fabricado con metacrilato incoloro de alta nitidez \u00f3ptica, lo que har\u00e1 que no solamente sea un utensilio muy eficaz, sino que tambi\u00e9n aporte belleza est\u00e9tica.<\/span><\/p>\n<p><b>El metacrilato <\/b><span style=\"font-weight: 400;\">es un material pl\u00e1stico formado por pol\u00edmeros de metacrilato de metilo y su nombre t\u00e9cnico es polimetilmetacrilato (PMMA). El metacrilato es uno de los materiales que m\u00e1s se est\u00e1n utilizando en la actualidad, ya que es un <\/span><b>excelente sustituto del vidrio<\/b><span style=\"font-weight: 400;\">. Por eso, tambi\u00e9n es conocido como vidrio acr\u00edlico.<\/span><\/p>\n<p><span style=\"font-weight: 400;\">Adem\u00e1s de ser uno de los materiales pl\u00e1sticos de mayor consumo, tiene unas<\/span><b> grandes cualidades como material<\/b><span style=\"font-weight: 400;\">: es muy resistente (pr\u00e1cticamente irrompible), es muy flexible y completamente transparente (con un coeficiente de transparencia del 0,93, mientras que el vidrio se queda en el 0,85).<\/span><\/p>\n<p><span style=\"font-weight: 400;\">Una <\/span><b>safata plegada de metacrilat<\/b><span style=\"font-weight: 400;\"> \u00e9s un dispensador i exhibidor de productes que no tenen el seu propi embolcall, com per exemple les gominoles o els grans de caf\u00e8. Aquest producte est\u00e0 fabricat amb metacrilat incolor d&#8217;alta nitidesa \u00f2ptica, la qual cosa far\u00e0 que no solament sigui un utensili molt efica\u00e7, sin\u00f3 que tamb\u00e9 aporti bellesa est\u00e8tica.<\/span><\/p>\n<p><b>El metacrilat<\/b><span style=\"font-weight: 400;\"> \u00e9s un material pl\u00e0stic format per pol\u00edmers de metacrilat de metil i el seu nom t\u00e8cnic \u00e9s polimetilmetacrilato (PMMA). El metacrilat \u00e9s un dels materials que m\u00e9s s&#8217;estan utilitzant en l&#8217;actualitat, ja que \u00e9s un <\/span><b>excel\u00b7lent substitut del vidre<\/b><span style=\"font-weight: 400;\">. Per aix\u00f2, tamb\u00e9 \u00e9s conegut com a vidre acr\u00edlic.<\/span><\/p>\n<p><span style=\"font-weight: 400;\">A m\u00e9s de ser un dels materials pl\u00e0stics de major consum, t\u00e9 unes <\/span><b>grans qualitats<\/b><span style=\"font-weight: 400;\">: \u00e9s molt resistent (pr\u00e0cticament irrompible), \u00e9s molt flexible i completament transparent (amb un coeficient de transpar\u00e8ncia del 0,93, mentre que el vidre es queda en el 0,85).<\/span><\/p>\n<p><span style=\"font-weight: 400;\">La principal difer\u00e8ncia entre la safata plegada respecte a altres productes com la <\/span><a href=\"https:\/\/plasticexpress.es\/ca\/producto\/articles-ca\/dispensadors-per-a-products-a-granel-i-exhibidors\/caixa-dexhibicio-angulada\/\"><span style=\"font-weight: 400;\">caixa d&#8217;exhibici\u00f3 angulada<\/span><\/a><span style=\"font-weight: 400;\">, \u00e9s la tapa. Cada exhibidor de metacrilat t\u00e9 el seu propi tancament i, en el cas de la safata doblegada, <\/span><b>la part superior queda completament oberta<\/b><span style=\"font-weight: 400;\"> per a poder gaudir d&#8217;un major acc\u00e9s al producte.<\/span><\/p>\n<p><span style=\"font-weight: 400;\">Les dues <\/span><b>obertures laterals<\/b><span style=\"font-weight: 400;\"> et permetran netejar b\u00e9 la safata quan aquesta estigui buida, i els productes podran estar exposats a la vista del p\u00fablic amb total higiene, lleugeresa i transpar\u00e8ncia. Si el teu projecte \u00e9s bastant ambici\u00f3s, has de saber que aquesta safata pot ser <\/span><b>fabricada a mida<\/b><span style=\"font-weight: 400;\">, perqu\u00e8 encaixi a la perfecci\u00f3 amb les teves necessitats.<\/span><\/p>\n<p>&nbsp;<\/p>\n<p><b>Els exhibidors de safata plegada tenen diferents utilitats com:<\/b><\/p>\n<ul>\n<li style=\"font-weight: 400;\" aria-level=\"1\"><span style=\"font-weight: 400;\">Promocionar i mostrar productes en punts de venda com botigues minoristes, fires comercials i esdeveniments.<\/span><\/li>\n<li style=\"font-weight: 400;\" aria-level=\"1\"><span style=\"font-weight: 400;\">Aquests exhibidors s\u00f3n f\u00e0cils de muntar i transportar, la qual cosa els fa ideals per al seu \u00fas en esdeveniments m\u00f2bils.<\/span><\/li>\n<li style=\"font-weight: 400;\" aria-level=\"1\"><span style=\"font-weight: 400;\">El seu disseny compacte permet estalviar espai en botigues amb poc espai disponible.<\/span><\/li>\n<li style=\"font-weight: 400;\" aria-level=\"1\"><span style=\"font-weight: 400;\">Els productes m\u00e9s comuns que es mostren en exhibidors de safata plegada s\u00f3n llibres, revistes, joguines, productes electr\u00f2nics, d&#8217;alimentaci\u00f3, caf\u00e8, xocolata, gominoles, gra, olives, bijuteria i productes de bellesa i de cura personal.<\/span><\/li>\n<\/ul>\n<h2><span style=\"font-weight: 400;\">Compra el teu exhibidor de safata plegada a Plastic Express<\/span><\/h2>\n<p><span style=\"font-weight: 400;\">A <\/span><b>Plastic Express<\/b><span style=\"font-weight: 400;\"> ens caracteritzem per estar compromesos amb els nostres clients a l&#8217;hora d&#8217;oferir-los els preus m\u00e9s baixos. Pots enviar-nos qualsevol pressupost d&#8217;una altra companyia i els nostres professionals treballaran per a millorar aquest preu, de manera que puguis aconseguir els teus objectius de forma m\u00e9s econ\u00f2mica.<\/span><\/p>\n<p><span style=\"font-weight: 400;\">Podem convertir-nos en <\/span><b>el teu fabricant de materials pl\u00e0stics de confian\u00e7a<\/b><span style=\"font-weight: 400;\">, ja que el nostre equip est\u00e0 preparat per a oferir-te els millors serveis i processos de manufactura per a elaborar qualsevol dels teus articles de pl\u00e0stic a mesura.\u00a0<\/span><\/p>\n<p><span style=\"font-weight: 400;\">Comptem amb la <\/span><b>tecnologia m\u00e9s innovadora<\/b><span style=\"font-weight: 400;\"> del mercat, que ens permet fer accions i processos com el mecanitzat CNC, el tall l\u00e0ser de pl\u00e0stic, el poliment i abrillantat, impressi\u00f3, doblegat, termoformat, encolat, tall de metacrilat a mida, etc. <\/span><b>Som molt exigents<\/b><span style=\"font-weight: 400;\"> amb el nostre treball, per la qual cosa ens agrada cuidar de tots els detalls.<\/span><\/p>\n<p><span style=\"font-weight: 400;\">Et recomanem que donis un cop d&#8217;ull a la nostra p\u00e0gina web per a trobar l&#8217;<\/span><b>exhibidor safata plegada<\/b><span style=\"font-weight: 400;\"> que millor encaix amb les teves necessitats. En cas que les mesures no siguin les que necessites, pots posar-te en contacte amb nosaltres per a explicar-nos quin \u00e9s el teu projecte i qu\u00e8 \u00e9s el que necessites exactament.<\/span><\/p>\n<p><span style=\"font-weight: 400;\">L\u2019equip de professionals de Plastic Express es posar\u00e0 a treballar per a enviar-te un <\/span><b>pressupost ajustat al m\u00e0xim<\/b><span style=\"font-weight: 400;\">. Una vegada acceptis treballar amb nosaltres, ens posarem a la feina perqu\u00e8 puguis tenir la teva safata al m\u00e9s aviat possible.\u00a0<\/span><\/p>\n<p><span style=\"font-weight: 400;\">Fer realitat els teus somnis comen\u00e7a amb dissenyar un projecte clar, i ara \u00e9s possible amb <\/span><b>Plastic Express<\/b><span style=\"font-weight: 400;\">.<\/span><\/p>\n","protected":false},"excerpt":{"rendered":"<p>Dispensador i exhibidor de productes sense empaquetar. Fabricat amb metacrilat incolor d&#8217;alta nitidesa \u00f2ptica. Les obertures laterals garanteixen una neteja f\u00e0cil i r\u00e0pida. Organitza i exhibeix productes de tota mena amb total lleugeresa i transpar\u00e8ncia. Aquest exhibidor es pot fabricar a mida encolat amb la quantitat de m\u00f2duls i mides de longitud que es requereixi.<\/p>\n","protected":false},"featured_media":18940,"comment_status":"open","ping_status":"closed","template":"","meta":{"_acf_changed":false},"product_brand":[],"product_cat":[582,1619],"product_tag":[768,1141,813,740],"class_list":{"0":"post-17290","1":"product","2":"type-product","3":"status-publish","4":"has-post-thumbnail","6":"product_cat-articles-ca","7":"product_cat-dispensadors-per-a-products-a-granel-i-exhibidors","8":"product_tag-caixa-de-metacrilat","9":"product_tag-cerca-per-autor-de-metacrilat","10":"product_tag-metacrilat","11":"product_tag-metacrilat-incolor","13":"first","14":"instock","15":"shipping-taxable","16":"purchasable","17":"product-type-variable"},"acf":{"photo_gallery":{"opciones_de_agujeros":[[]]}},"yoast_head":"<!-- This site is optimized with the Yoast SEO plugin v27.2 - https:\/\/yoast.com\/product\/yoast-seo-wordpress\/ -->\n<title>Exhibidor productes safata plegada a granel | PlasticExpress<\/title>\n<meta name=\"description\" content=\"Exhibeix els teus productes a granel de manera elegant amb aquestes safates de metacrilat. Diverses mides disponibles.\" \/>\n<meta name=\"robots\" content=\"index, follow, max-snippet:-1, max-image-preview:large, max-video-preview:-1\" \/>\n<link rel=\"canonical\" href=\"https:\/\/plasticexpress.es\/ca\/producto\/articles-ca\/dispensadors-per-a-products-a-granel-i-exhibidors\/exhibidor-safata-plegada\/\" \/>\n<meta property=\"og:locale\" content=\"ca_ES\" \/>\n<meta property=\"og:type\" content=\"article\" \/>\n<meta property=\"og:title\" content=\"Exhibidor productes safata plegada a granel | PlasticExpress\" \/>\n<meta property=\"og:description\" content=\"Exhibeix els teus productes a granel de manera elegant amb aquestes safates de metacrilat. Diverses mides disponibles.\" \/>\n<meta property=\"og:url\" content=\"https:\/\/plasticexpress.es\/ca\/producto\/articles-ca\/dispensadors-per-a-products-a-granel-i-exhibidors\/exhibidor-safata-plegada\/\" \/>\n<meta property=\"og:site_name\" content=\"Plasticexpress\" \/>\n<meta property=\"article:modified_time\" content=\"2024-01-29T11:41:17+00:00\" \/>\n<meta property=\"og:image\" content=\"https:\/\/plasticexpress.es\/wp-content\/uploads\/2022\/10\/IMG_65622-scaled.jpg\" \/>\n\t<meta property=\"og:image:width\" content=\"2560\" \/>\n\t<meta property=\"og:image:height\" content=\"1707\" \/>\n\t<meta property=\"og:image:type\" content=\"image\/jpeg\" \/>\n<meta name=\"twitter:card\" content=\"summary_large_image\" \/>\n<meta name=\"twitter:label1\" content=\"Temps estimat de lectura\" \/>\n\t<meta name=\"twitter:data1\" content=\"5 minuts\" \/>\n<script type=\"application\/ld+json\" class=\"yoast-schema-graph\">{\"@context\":\"https:\/\/schema.org\",\"@graph\":[{\"@type\":\"WebPage\",\"@id\":\"https:\/\/plasticexpress.es\/ca\/producto\/articles-ca\/dispensadors-per-a-products-a-granel-i-exhibidors\/exhibidor-safata-plegada\/\",\"url\":\"https:\/\/plasticexpress.es\/ca\/producto\/articles-ca\/dispensadors-per-a-products-a-granel-i-exhibidors\/exhibidor-safata-plegada\/\",\"name\":\"Exhibidor productes safata plegada a granel | PlasticExpress\",\"isPartOf\":{\"@id\":\"https:\/\/plasticexpress.es\/ca\/#website\"},\"primaryImageOfPage\":{\"@id\":\"https:\/\/plasticexpress.es\/ca\/producto\/articles-ca\/dispensadors-per-a-products-a-granel-i-exhibidors\/exhibidor-safata-plegada\/#primaryimage\"},\"image\":{\"@id\":\"https:\/\/plasticexpress.es\/ca\/producto\/articles-ca\/dispensadors-per-a-products-a-granel-i-exhibidors\/exhibidor-safata-plegada\/#primaryimage\"},\"thumbnailUrl\":\"https:\/\/plasticexpress.es\/wp-content\/uploads\/2022\/10\/IMG_65622-scaled.jpg\",\"datePublished\":\"2022-10-06T11:29:14+00:00\",\"dateModified\":\"2024-01-29T11:41:17+00:00\",\"description\":\"Exhibeix els teus productes a granel de manera elegant amb aquestes safates de metacrilat. Diverses mides disponibles.\",\"breadcrumb\":{\"@id\":\"https:\/\/plasticexpress.es\/ca\/producto\/articles-ca\/dispensadors-per-a-products-a-granel-i-exhibidors\/exhibidor-safata-plegada\/#breadcrumb\"},\"inLanguage\":\"ca\",\"potentialAction\":[{\"@type\":\"ReadAction\",\"target\":[\"https:\/\/plasticexpress.es\/ca\/producto\/articles-ca\/dispensadors-per-a-products-a-granel-i-exhibidors\/exhibidor-safata-plegada\/\"]}]},{\"@type\":\"ImageObject\",\"inLanguage\":\"ca\",\"@id\":\"https:\/\/plasticexpress.es\/ca\/producto\/articles-ca\/dispensadors-per-a-products-a-granel-i-exhibidors\/exhibidor-safata-plegada\/#primaryimage\",\"url\":\"https:\/\/plasticexpress.es\/wp-content\/uploads\/2022\/10\/IMG_65622-scaled.jpg\",\"contentUrl\":\"https:\/\/plasticexpress.es\/wp-content\/uploads\/2022\/10\/IMG_65622-scaled.jpg\",\"width\":2560,\"height\":1707},{\"@type\":\"BreadcrumbList\",\"@id\":\"https:\/\/plasticexpress.es\/ca\/producto\/articles-ca\/dispensadors-per-a-products-a-granel-i-exhibidors\/exhibidor-safata-plegada\/#breadcrumb\",\"itemListElement\":[{\"@type\":\"ListItem\",\"position\":1,\"name\":\"Portada\",\"item\":\"https:\/\/plasticexpress.es\/ca\/\"},{\"@type\":\"ListItem\",\"position\":2,\"name\":\"Shop\",\"item\":\"https:\/\/plasticexpress.es\/ca\/shop\/\"},{\"@type\":\"ListItem\",\"position\":3,\"name\":\"Exhibidor safata plegada\"}]},{\"@type\":\"WebSite\",\"@id\":\"https:\/\/plasticexpress.es\/ca\/#website\",\"url\":\"https:\/\/plasticexpress.es\/ca\/\",\"name\":\"Plasticexpress\",\"description\":\"Venta de materiales y art\u00edculos de Metacrilato\",\"potentialAction\":[{\"@type\":\"SearchAction\",\"target\":{\"@type\":\"EntryPoint\",\"urlTemplate\":\"https:\/\/plasticexpress.es\/ca\/?s={search_term_string}\"},\"query-input\":{\"@type\":\"PropertyValueSpecification\",\"valueRequired\":true,\"valueName\":\"search_term_string\"}}],\"inLanguage\":\"ca\"}]}<\/script>\n<!-- \/ Yoast SEO plugin. -->","yoast_head_json":{"title":"Exhibidor productes safata plegada a granel | PlasticExpress","description":"Exhibeix els teus productes a granel de manera elegant amb aquestes safates de metacrilat. Diverses mides disponibles.","robots":{"index":"index","follow":"follow","max-snippet":"max-snippet:-1","max-image-preview":"max-image-preview:large","max-video-preview":"max-video-preview:-1"},"canonical":"https:\/\/plasticexpress.es\/ca\/producto\/articles-ca\/dispensadors-per-a-products-a-granel-i-exhibidors\/exhibidor-safata-plegada\/","og_locale":"ca_ES","og_type":"article","og_title":"Exhibidor productes safata plegada a granel | PlasticExpress","og_description":"Exhibeix els teus productes a granel de manera elegant amb aquestes safates de metacrilat. Diverses mides disponibles.","og_url":"https:\/\/plasticexpress.es\/ca\/producto\/articles-ca\/dispensadors-per-a-products-a-granel-i-exhibidors\/exhibidor-safata-plegada\/","og_site_name":"Plasticexpress","article_modified_time":"2024-01-29T11:41:17+00:00","og_image":[{"width":2560,"height":1707,"url":"https:\/\/plasticexpress.es\/wp-content\/uploads\/2022\/10\/IMG_65622-scaled.jpg","type":"image\/jpeg"}],"twitter_card":"summary_large_image","twitter_misc":{"Temps estimat de lectura":"5 minuts"},"schema":{"@context":"https:\/\/schema.org","@graph":[{"@type":"WebPage","@id":"https:\/\/plasticexpress.es\/ca\/producto\/articles-ca\/dispensadors-per-a-products-a-granel-i-exhibidors\/exhibidor-safata-plegada\/","url":"https:\/\/plasticexpress.es\/ca\/producto\/articles-ca\/dispensadors-per-a-products-a-granel-i-exhibidors\/exhibidor-safata-plegada\/","name":"Exhibidor productes safata plegada a granel | PlasticExpress","isPartOf":{"@id":"https:\/\/plasticexpress.es\/ca\/#website"},"primaryImageOfPage":{"@id":"https:\/\/plasticexpress.es\/ca\/producto\/articles-ca\/dispensadors-per-a-products-a-granel-i-exhibidors\/exhibidor-safata-plegada\/#primaryimage"},"image":{"@id":"https:\/\/plasticexpress.es\/ca\/producto\/articles-ca\/dispensadors-per-a-products-a-granel-i-exhibidors\/exhibidor-safata-plegada\/#primaryimage"},"thumbnailUrl":"https:\/\/plasticexpress.es\/wp-content\/uploads\/2022\/10\/IMG_65622-scaled.jpg","datePublished":"2022-10-06T11:29:14+00:00","dateModified":"2024-01-29T11:41:17+00:00","description":"Exhibeix els teus productes a granel de manera elegant amb aquestes safates de metacrilat. Diverses mides disponibles.","breadcrumb":{"@id":"https:\/\/plasticexpress.es\/ca\/producto\/articles-ca\/dispensadors-per-a-products-a-granel-i-exhibidors\/exhibidor-safata-plegada\/#breadcrumb"},"inLanguage":"ca","potentialAction":[{"@type":"ReadAction","target":["https:\/\/plasticexpress.es\/ca\/producto\/articles-ca\/dispensadors-per-a-products-a-granel-i-exhibidors\/exhibidor-safata-plegada\/"]}]},{"@type":"ImageObject","inLanguage":"ca","@id":"https:\/\/plasticexpress.es\/ca\/producto\/articles-ca\/dispensadors-per-a-products-a-granel-i-exhibidors\/exhibidor-safata-plegada\/#primaryimage","url":"https:\/\/plasticexpress.es\/wp-content\/uploads\/2022\/10\/IMG_65622-scaled.jpg","contentUrl":"https:\/\/plasticexpress.es\/wp-content\/uploads\/2022\/10\/IMG_65622-scaled.jpg","width":2560,"height":1707},{"@type":"BreadcrumbList","@id":"https:\/\/plasticexpress.es\/ca\/producto\/articles-ca\/dispensadors-per-a-products-a-granel-i-exhibidors\/exhibidor-safata-plegada\/#breadcrumb","itemListElement":[{"@type":"ListItem","position":1,"name":"Portada","item":"https:\/\/plasticexpress.es\/ca\/"},{"@type":"ListItem","position":2,"name":"Shop","item":"https:\/\/plasticexpress.es\/ca\/shop\/"},{"@type":"ListItem","position":3,"name":"Exhibidor safata plegada"}]},{"@type":"WebSite","@id":"https:\/\/plasticexpress.es\/ca\/#website","url":"https:\/\/plasticexpress.es\/ca\/","name":"Plasticexpress","description":"Venta de materiales y art\u00edculos de Metacrilato","potentialAction":[{"@type":"SearchAction","target":{"@type":"EntryPoint","urlTemplate":"https:\/\/plasticexpress.es\/ca\/?s={search_term_string}"},"query-input":{"@type":"PropertyValueSpecification","valueRequired":true,"valueName":"search_term_string"}}],"inLanguage":"ca"}]}},"_links":{"self":[{"href":"https:\/\/plasticexpress.es\/ca\/wp-json\/wp\/v2\/product\/17290","targetHints":{"allow":["GET"]}}],"collection":[{"href":"https:\/\/plasticexpress.es\/ca\/wp-json\/wp\/v2\/product"}],"about":[{"href":"https:\/\/plasticexpress.es\/ca\/wp-json\/wp\/v2\/types\/product"}],"replies":[{"embeddable":true,"href":"https:\/\/plasticexpress.es\/ca\/wp-json\/wp\/v2\/comments?post=17290"}],"version-history":[{"count":3,"href":"https:\/\/plasticexpress.es\/ca\/wp-json\/wp\/v2\/product\/17290\/revisions"}],"predecessor-version":[{"id":18127,"href":"https:\/\/plasticexpress.es\/ca\/wp-json\/wp\/v2\/product\/17290\/revisions\/18127"}],"wp:featuredmedia":[{"embeddable":true,"href":"https:\/\/plasticexpress.es\/ca\/wp-json\/wp\/v2\/media\/18940"}],"wp:attachment":[{"href":"https:\/\/plasticexpress.es\/ca\/wp-json\/wp\/v2\/media?parent=17290"}],"wp:term":[{"taxonomy":"product_brand","embeddable":true,"href":"https:\/\/plasticexpress.es\/ca\/wp-json\/wp\/v2\/product_brand?post=17290"},{"taxonomy":"product_cat","embeddable":true,"href":"https:\/\/plasticexpress.es\/ca\/wp-json\/wp\/v2\/product_cat?post=17290"},{"taxonomy":"product_tag","embeddable":true,"href":"https:\/\/plasticexpress.es\/ca\/wp-json\/wp\/v2\/product_tag?post=17290"}],"curies":[{"name":"wp","href":"https:\/\/api.w.org\/{rel}","templated":true}]}}