

{"id":17296,"date":"2022-10-06T12:46:56","date_gmt":"2022-10-06T11:46:56","guid":{"rendered":"https:\/\/plasticexpress.es\/producto\/Sense%20categoria\/exhibidor-safata-plegada-2\/"},"modified":"2024-01-29T12:42:03","modified_gmt":"2024-01-29T11:42:03","slug":"exhibidor-safata-amb-nanses","status":"publish","type":"product","link":"https:\/\/plasticexpress.es\/ca\/producto\/articles-ca\/dispensadors-per-a-products-a-granel-i-exhibidors\/exhibidor-safata-amb-nanses\/","title":{"rendered":"Exhibidor safata amb nanses"},"content":{"rendered":"<p><span style=\"font-weight: 400;\">Encara no coneixes l&#8217;<\/span><b>exhibidor safata amb nanses<\/b><span style=\"font-weight: 400;\">? Les solucions per a <\/span><b>emmagatzemar i exhibir productes<\/b><span style=\"font-weight: 400;\"> en comer\u00e7os, botigues i tot tipus d&#8217;establiments poden ser molt variades. Sovint, l&#8217;elecci\u00f3 pot ser tot un repte i costa decidir per a quina alternativa apostar.<\/span><\/p>\n<p><span style=\"font-weight: 400;\">L&#8217;<\/span><b>exhibidor amb nanses<\/b><span style=\"font-weight: 400;\"> \u00e9s una de les opcions <\/span><b>m\u00e9s vers\u00e0tils, resistents i \u00fatils<\/b><span style=\"font-weight: 400;\"> del mercat. Un producte que permet exposar la mercaderia mentre est\u00e0 resguardada i perfectament protegida. A m\u00e9s, \u00e9s tot un encert des del punt de vista est\u00e8tic. A <\/span><b>Plastic Express<\/b><span style=\"font-weight: 400;\"> et descobrirem el nostre exhibidor safata amb nanses que et ser\u00e0 de gran ajuda.<\/span><\/p>\n<p>&nbsp;<\/p>\n<h2><span style=\"font-weight: 400;\">Per a qu\u00e8 es fan servir els exhibidors de safata amb nanses?<\/span><\/h2>\n<p><span style=\"font-weight: 400;\">La <\/span><b>safata amb nanses de metacrilat<\/b><span style=\"font-weight: 400;\"> permet deixar visibles els articles que es venen a granel mentre aquests queden perfectament ordenats i protegits. N&#8217;hi ha de diversos tipus, encara que els fabricats amb metacrilat han mostrat ser els m\u00e9s eficients amb car\u00e0cter general. Aquests es poden fer a mida per a major comoditat.<\/span><\/p>\n<p><span style=\"font-weight: 400;\">La safata de metacrilat per a botigues a granel pot ser de vidre, no obstant aix\u00f2, el metacrilat presenta una resist\u00e8ncia a caigudes, cops i desperfectes molt major. Es tracta d&#8217;un <\/span><b>material que no es trenca amb facilitat<\/b><span style=\"font-weight: 400;\">, i molt menys generar\u00e0 corts o suposar un risc en cas que es vegi danyat.<\/span><\/p>\n<p><span style=\"font-weight: 400;\">Malgrat la seva robustesa, \u00e9s molt lleuger. Aix\u00f2 significa que els exhibidors poden ser reubicats amb molta facilitat, perqu\u00e8 carregar amb ells no \u00e9s un problema. Aix\u00ed mateix, presenten un <\/span><b>aspecte transparent<\/b><span style=\"font-weight: 400;\"> que permet la visibilitat de l&#8217;interior, encara que tamb\u00e9 es poden encarregar en el color que es vulgui.<\/span><\/p>\n<p><span style=\"font-weight: 400;\">Aquestes s\u00f3n les <\/span><b>principals qualitats<\/b><span style=\"font-weight: 400;\"> que s&#8217;observen en un exhibidor de safata elaborat amb metacrilat:<\/span><\/p>\n<p>&nbsp;<\/p>\n<ul>\n<li style=\"font-weight: 400;\" aria-level=\"1\"><span style=\"font-weight: 400;\">Resist\u00e8ncia a cops o inclem\u00e8ncies.<\/span><\/li>\n<li style=\"font-weight: 400;\" aria-level=\"1\"><span style=\"font-weight: 400;\">Roman en perfecte estat amb el pas del temps, no adquireix un color groguenc.<\/span><\/li>\n<li style=\"font-weight: 400;\" aria-level=\"1\"><span style=\"font-weight: 400;\">Tamb\u00e9 proporciona resist\u00e8ncia ac\u00fastica i t\u00e8rmica.<\/span><\/li>\n<li style=\"font-weight: 400;\" aria-level=\"1\"><span style=\"font-weight: 400;\">Es manipula amb facilitat i pesa poc.<\/span><\/li>\n<li style=\"font-weight: 400;\" aria-level=\"1\"><span style=\"font-weight: 400;\">No l&#8217;afecten les inclem\u00e8ncies externes.<\/span><\/li>\n<li style=\"font-weight: 400;\" aria-level=\"1\"><span style=\"font-weight: 400;\">Molt m\u00e9s lleuger que el vidre.<\/span><\/li>\n<li style=\"font-weight: 400;\" aria-level=\"1\"><span style=\"font-weight: 400;\">Permet la visibilitat a trav\u00e9s de la seva estructura, perqu\u00e8 \u00e9s incolor.<\/span><\/li>\n<\/ul>\n<p><span style=\"font-weight: 400;\">Amb totes aquestes qualitats, Quins usos se li pot donar a un exhibidor tipus safata portable o amb nanses?, per a quin <\/span><b>tipus de productes<\/b><span style=\"font-weight: 400;\"> i sectors t\u00e9 utilitat? La veritat \u00e9s que, per les seves propietats, permet ser explotat de moltes formes diferents.<\/span><\/p>\n<p><span style=\"font-weight: 400;\">Et mostrem algunes de les <\/span><b>aplicacions <\/b><span style=\"font-weight: 400;\">m\u00e9s comunes:<\/span><\/p>\n<ul>\n<li style=\"font-weight: 400;\" aria-level=\"1\"><span style=\"font-weight: 400;\">Per a guardar caf\u00e8 a granel en bones condicions.<\/span><\/li>\n<li style=\"font-weight: 400;\" aria-level=\"1\"><span style=\"font-weight: 400;\">V\u00e0lid per a tota mena d&#8217;infusions i tes.<\/span><\/li>\n<li style=\"font-weight: 400;\" aria-level=\"1\"><span style=\"font-weight: 400;\">Aliments com l&#8217;arr\u00f2s es veuran resguardats en aquest producte.<\/span><\/li>\n<li style=\"font-weight: 400;\" aria-level=\"1\"><span style=\"font-weight: 400;\">Cereals i altres llavors que es venen al pes.<\/span><\/li>\n<li style=\"font-weight: 400;\" aria-level=\"1\"><span style=\"font-weight: 400;\">Esp\u00e8cies com l&#8217;orenga o el pebre.<\/span><\/li>\n<li style=\"font-weight: 400;\" aria-level=\"1\"><span style=\"font-weight: 400;\">Altres productes a granel que no s\u00f3n alimentaris, com els detergents.<\/span><\/li>\n<\/ul>\n<p>&nbsp;<\/p>\n<p><span style=\"font-weight: 400;\">Els exhibidors de metacrilat es poden presentar en diferents mides i dissenys, la qual cosa permet que cada producte tingui el<\/span><b> seu emmagatzematge ideal<\/b><span style=\"font-weight: 400;\"> i que aquest pugui conservar les seves propietats intactes. Per exemple, amb opcions que impedeixin que la humitat oxidi l&#8217;aliment del seu interior o integrant tapes amb diferents angles que faciliten la dosificaci\u00f3 al client.<\/span><\/p>\n<p><span style=\"font-weight: 400;\">D&#8217;aquesta manera es pot crear un comer\u00e7 de venda a granel en bones condicions, sense malgastar els productes i <\/span><b>permetent que aquests siguin visibles<\/b><span style=\"font-weight: 400;\">. Tamb\u00e9 s&#8217;ofereix un major protagonisme a la mat\u00e8ria primera enfront del seu recipient, alguna cosa que atorga netedat a l&#8217;espai i suma en l&#8217;aspecte est\u00e8tic. S\u00f3n proposades d&#8217;emmagatzematge modernes, minimalistes i que encaixen amb tots els estils decoratius.<\/span><\/p>\n<h2><span style=\"font-weight: 400;\">Compra el teu exhibidor de safata amb nanses a Plastic Express<\/span><\/h2>\n<p><span style=\"font-weight: 400;\">L&#8217;ideal \u00e9s comprar un exhibidor de safata amb nanses que es faci a mida de les necessitats de cada comer\u00e7 o de cada producte que estigui a la venda. D&#8217;aquesta manera, es garanteix que el seu emmagatzematge estar\u00e0 en<\/span><b> perfectes condicions<\/b><span style=\"font-weight: 400;\"> i que l&#8217;article conservar\u00e0 la seva integritat.<\/span><\/p>\n<p><span style=\"font-weight: 400;\">A <\/span><b>Plastic Express<\/b><span style=\"font-weight: 400;\"> tens l&#8217;oportunitat d&#8217;encarregar <\/span><a href=\"https:\/\/plasticexpress.es\/ca\/articles-ca\/dispensadors-per-a-products-a-granel-i-exhibidors\/\"><span style=\"font-weight: 400;\">exhibidors i dispensadors a granel<\/span><\/a><span style=\"font-weight: 400;\"> que s&#8217;ajustin a les necessitats del teu negoci. Amb un equip expert i la maquin\u00e0ria m\u00e9s innovadoraens hem convertit en referents de la venda i fabricaci\u00f3 de solucions de metacrilat.<\/span><\/p>\n<p><span style=\"font-weight: 400;\">Aix\u00f2 ens permet adaptar-nos a les directrius de cada client per a elaborar les peces m\u00e9s adequades per a ells. Si vols encarregar un d&#8217;aquests <\/span><b>productes per al teu negoci<\/b><span style=\"font-weight: 400;\">, nom\u00e9s has de contactar amb el nostre equip de Plactic Express oferint els detalls del que est\u00e0s buscant: dimensions, colors, materials\u2026 En poc temps rebr\u00e0s una proposta amb un pressupost perqu\u00e8 puguis valorar-lo.<\/span><\/p>\n","protected":false},"excerpt":{"rendered":"<p>Dispensador i exhibidor de productes sense empaquetar. Fabricat amb metacrilat incolor d&#8217;alta nitidesa \u00f2ptica. Les nanses laterals fan d&#8217;aquest article un organitzador portable i f\u00e0cil de manipular. Organitza i exhibeix productes de tota mena amb total lleugeresa i transpar\u00e8ncia. Aquest exhibidor es pot fabricar a mida amb les mides de longitud que es requereixi.<\/p>\n","protected":false},"featured_media":18961,"comment_status":"open","ping_status":"closed","template":"","meta":{"_acf_changed":false},"product_brand":[],"product_cat":[582,1619],"product_tag":[768,1141,813,740],"class_list":{"0":"post-17296","1":"product","2":"type-product","3":"status-publish","4":"has-post-thumbnail","6":"product_cat-articles-ca","7":"product_cat-dispensadors-per-a-products-a-granel-i-exhibidors","8":"product_tag-caixa-de-metacrilat","9":"product_tag-cerca-per-autor-de-metacrilat","10":"product_tag-metacrilat","11":"product_tag-metacrilat-incolor","13":"first","14":"instock","15":"shipping-taxable","16":"purchasable","17":"product-type-variable"},"acf":{"photo_gallery":{"opciones_de_agujeros":[[]]}},"yoast_head":"<!-- This site is optimized with the Yoast SEO plugin v27.4 - https:\/\/yoast.com\/product\/yoast-seo-wordpress\/ -->\n<title>Exhibidor safata amb nanses | Plasticexpress<\/title>\n<meta name=\"description\" content=\"Exhibeix els teus productes a granel amb la safata de metacrilat amb nanses. Disponible en diferents formats per adaptar-te als teus productes\" \/>\n<meta name=\"robots\" content=\"index, follow, max-snippet:-1, max-image-preview:large, max-video-preview:-1\" \/>\n<link rel=\"canonical\" href=\"https:\/\/plasticexpress.es\/ca\/producto\/articles-ca\/dispensadors-per-a-products-a-granel-i-exhibidors\/exhibidor-safata-amb-nanses\/\" \/>\n<meta property=\"og:locale\" content=\"ca_ES\" \/>\n<meta property=\"og:type\" content=\"article\" \/>\n<meta property=\"og:title\" content=\"Exhibidor safata amb nanses | Plasticexpress\" \/>\n<meta property=\"og:description\" content=\"Exhibeix els teus productes a granel amb la safata de metacrilat amb nanses. Disponible en diferents formats per adaptar-te als teus productes\" \/>\n<meta property=\"og:url\" content=\"https:\/\/plasticexpress.es\/ca\/producto\/articles-ca\/dispensadors-per-a-products-a-granel-i-exhibidors\/exhibidor-safata-amb-nanses\/\" \/>\n<meta property=\"og:site_name\" content=\"Plasticexpress\" \/>\n<meta property=\"article:modified_time\" content=\"2024-01-29T11:42:03+00:00\" \/>\n<meta property=\"og:image\" content=\"https:\/\/plasticexpress.es\/wp-content\/uploads\/2022\/10\/IMG_6563-scaled.jpg\" \/>\n\t<meta property=\"og:image:width\" content=\"2560\" \/>\n\t<meta property=\"og:image:height\" content=\"1707\" \/>\n\t<meta property=\"og:image:type\" content=\"image\/jpeg\" \/>\n<meta name=\"twitter:card\" content=\"summary_large_image\" \/>\n<meta name=\"twitter:label1\" content=\"Temps estimat de lectura\" \/>\n\t<meta name=\"twitter:data1\" content=\"4 minuts\" \/>\n<script type=\"application\/ld+json\" class=\"yoast-schema-graph\">{\"@context\":\"https:\\\/\\\/schema.org\",\"@graph\":[{\"@type\":\"WebPage\",\"@id\":\"https:\\\/\\\/plasticexpress.es\\\/ca\\\/producto\\\/articles-ca\\\/dispensadors-per-a-products-a-granel-i-exhibidors\\\/exhibidor-safata-amb-nanses\\\/\",\"url\":\"https:\\\/\\\/plasticexpress.es\\\/ca\\\/producto\\\/articles-ca\\\/dispensadors-per-a-products-a-granel-i-exhibidors\\\/exhibidor-safata-amb-nanses\\\/\",\"name\":\"Exhibidor safata amb nanses | Plasticexpress\",\"isPartOf\":{\"@id\":\"https:\\\/\\\/plasticexpress.es\\\/ca\\\/#website\"},\"primaryImageOfPage\":{\"@id\":\"https:\\\/\\\/plasticexpress.es\\\/ca\\\/producto\\\/articles-ca\\\/dispensadors-per-a-products-a-granel-i-exhibidors\\\/exhibidor-safata-amb-nanses\\\/#primaryimage\"},\"image\":{\"@id\":\"https:\\\/\\\/plasticexpress.es\\\/ca\\\/producto\\\/articles-ca\\\/dispensadors-per-a-products-a-granel-i-exhibidors\\\/exhibidor-safata-amb-nanses\\\/#primaryimage\"},\"thumbnailUrl\":\"https:\\\/\\\/plasticexpress.es\\\/wp-content\\\/uploads\\\/2022\\\/10\\\/IMG_6563-scaled.jpg\",\"datePublished\":\"2022-10-06T11:46:56+00:00\",\"dateModified\":\"2024-01-29T11:42:03+00:00\",\"description\":\"Exhibeix els teus productes a granel amb la safata de metacrilat amb nanses. Disponible en diferents formats per adaptar-te als teus productes\",\"breadcrumb\":{\"@id\":\"https:\\\/\\\/plasticexpress.es\\\/ca\\\/producto\\\/articles-ca\\\/dispensadors-per-a-products-a-granel-i-exhibidors\\\/exhibidor-safata-amb-nanses\\\/#breadcrumb\"},\"inLanguage\":\"ca\",\"potentialAction\":[{\"@type\":\"ReadAction\",\"target\":[\"https:\\\/\\\/plasticexpress.es\\\/ca\\\/producto\\\/articles-ca\\\/dispensadors-per-a-products-a-granel-i-exhibidors\\\/exhibidor-safata-amb-nanses\\\/\"]}]},{\"@type\":\"ImageObject\",\"inLanguage\":\"ca\",\"@id\":\"https:\\\/\\\/plasticexpress.es\\\/ca\\\/producto\\\/articles-ca\\\/dispensadors-per-a-products-a-granel-i-exhibidors\\\/exhibidor-safata-amb-nanses\\\/#primaryimage\",\"url\":\"https:\\\/\\\/plasticexpress.es\\\/wp-content\\\/uploads\\\/2022\\\/10\\\/IMG_6563-scaled.jpg\",\"contentUrl\":\"https:\\\/\\\/plasticexpress.es\\\/wp-content\\\/uploads\\\/2022\\\/10\\\/IMG_6563-scaled.jpg\",\"width\":2560,\"height\":1707},{\"@type\":\"BreadcrumbList\",\"@id\":\"https:\\\/\\\/plasticexpress.es\\\/ca\\\/producto\\\/articles-ca\\\/dispensadors-per-a-products-a-granel-i-exhibidors\\\/exhibidor-safata-amb-nanses\\\/#breadcrumb\",\"itemListElement\":[{\"@type\":\"ListItem\",\"position\":1,\"name\":\"Portada\",\"item\":\"https:\\\/\\\/plasticexpress.es\\\/ca\\\/\"},{\"@type\":\"ListItem\",\"position\":2,\"name\":\"Shop\",\"item\":\"https:\\\/\\\/plasticexpress.es\\\/ca\\\/shop\\\/\"},{\"@type\":\"ListItem\",\"position\":3,\"name\":\"Exhibidor safata amb nanses\"}]},{\"@type\":\"WebSite\",\"@id\":\"https:\\\/\\\/plasticexpress.es\\\/ca\\\/#website\",\"url\":\"https:\\\/\\\/plasticexpress.es\\\/ca\\\/\",\"name\":\"Plasticexpress\",\"description\":\"Venta de materiales y art\u00edculos de Metacrilato\",\"potentialAction\":[{\"@type\":\"SearchAction\",\"target\":{\"@type\":\"EntryPoint\",\"urlTemplate\":\"https:\\\/\\\/plasticexpress.es\\\/ca\\\/?s={search_term_string}\"},\"query-input\":{\"@type\":\"PropertyValueSpecification\",\"valueRequired\":true,\"valueName\":\"search_term_string\"}}],\"inLanguage\":\"ca\"}]}<\/script>\n<!-- \/ Yoast SEO plugin. -->","yoast_head_json":{"title":"Exhibidor safata amb nanses | Plasticexpress","description":"Exhibeix els teus productes a granel amb la safata de metacrilat amb nanses. Disponible en diferents formats per adaptar-te als teus productes","robots":{"index":"index","follow":"follow","max-snippet":"max-snippet:-1","max-image-preview":"max-image-preview:large","max-video-preview":"max-video-preview:-1"},"canonical":"https:\/\/plasticexpress.es\/ca\/producto\/articles-ca\/dispensadors-per-a-products-a-granel-i-exhibidors\/exhibidor-safata-amb-nanses\/","og_locale":"ca_ES","og_type":"article","og_title":"Exhibidor safata amb nanses | Plasticexpress","og_description":"Exhibeix els teus productes a granel amb la safata de metacrilat amb nanses. Disponible en diferents formats per adaptar-te als teus productes","og_url":"https:\/\/plasticexpress.es\/ca\/producto\/articles-ca\/dispensadors-per-a-products-a-granel-i-exhibidors\/exhibidor-safata-amb-nanses\/","og_site_name":"Plasticexpress","article_modified_time":"2024-01-29T11:42:03+00:00","og_image":[{"width":2560,"height":1707,"url":"https:\/\/plasticexpress.es\/wp-content\/uploads\/2022\/10\/IMG_6563-scaled.jpg","type":"image\/jpeg"}],"twitter_card":"summary_large_image","twitter_misc":{"Temps estimat de lectura":"4 minuts"},"schema":{"@context":"https:\/\/schema.org","@graph":[{"@type":"WebPage","@id":"https:\/\/plasticexpress.es\/ca\/producto\/articles-ca\/dispensadors-per-a-products-a-granel-i-exhibidors\/exhibidor-safata-amb-nanses\/","url":"https:\/\/plasticexpress.es\/ca\/producto\/articles-ca\/dispensadors-per-a-products-a-granel-i-exhibidors\/exhibidor-safata-amb-nanses\/","name":"Exhibidor safata amb nanses | Plasticexpress","isPartOf":{"@id":"https:\/\/plasticexpress.es\/ca\/#website"},"primaryImageOfPage":{"@id":"https:\/\/plasticexpress.es\/ca\/producto\/articles-ca\/dispensadors-per-a-products-a-granel-i-exhibidors\/exhibidor-safata-amb-nanses\/#primaryimage"},"image":{"@id":"https:\/\/plasticexpress.es\/ca\/producto\/articles-ca\/dispensadors-per-a-products-a-granel-i-exhibidors\/exhibidor-safata-amb-nanses\/#primaryimage"},"thumbnailUrl":"https:\/\/plasticexpress.es\/wp-content\/uploads\/2022\/10\/IMG_6563-scaled.jpg","datePublished":"2022-10-06T11:46:56+00:00","dateModified":"2024-01-29T11:42:03+00:00","description":"Exhibeix els teus productes a granel amb la safata de metacrilat amb nanses. Disponible en diferents formats per adaptar-te als teus productes","breadcrumb":{"@id":"https:\/\/plasticexpress.es\/ca\/producto\/articles-ca\/dispensadors-per-a-products-a-granel-i-exhibidors\/exhibidor-safata-amb-nanses\/#breadcrumb"},"inLanguage":"ca","potentialAction":[{"@type":"ReadAction","target":["https:\/\/plasticexpress.es\/ca\/producto\/articles-ca\/dispensadors-per-a-products-a-granel-i-exhibidors\/exhibidor-safata-amb-nanses\/"]}]},{"@type":"ImageObject","inLanguage":"ca","@id":"https:\/\/plasticexpress.es\/ca\/producto\/articles-ca\/dispensadors-per-a-products-a-granel-i-exhibidors\/exhibidor-safata-amb-nanses\/#primaryimage","url":"https:\/\/plasticexpress.es\/wp-content\/uploads\/2022\/10\/IMG_6563-scaled.jpg","contentUrl":"https:\/\/plasticexpress.es\/wp-content\/uploads\/2022\/10\/IMG_6563-scaled.jpg","width":2560,"height":1707},{"@type":"BreadcrumbList","@id":"https:\/\/plasticexpress.es\/ca\/producto\/articles-ca\/dispensadors-per-a-products-a-granel-i-exhibidors\/exhibidor-safata-amb-nanses\/#breadcrumb","itemListElement":[{"@type":"ListItem","position":1,"name":"Portada","item":"https:\/\/plasticexpress.es\/ca\/"},{"@type":"ListItem","position":2,"name":"Shop","item":"https:\/\/plasticexpress.es\/ca\/shop\/"},{"@type":"ListItem","position":3,"name":"Exhibidor safata amb nanses"}]},{"@type":"WebSite","@id":"https:\/\/plasticexpress.es\/ca\/#website","url":"https:\/\/plasticexpress.es\/ca\/","name":"Plasticexpress","description":"Venta de materiales y art\u00edculos de Metacrilato","potentialAction":[{"@type":"SearchAction","target":{"@type":"EntryPoint","urlTemplate":"https:\/\/plasticexpress.es\/ca\/?s={search_term_string}"},"query-input":{"@type":"PropertyValueSpecification","valueRequired":true,"valueName":"search_term_string"}}],"inLanguage":"ca"}]}},"_links":{"self":[{"href":"https:\/\/plasticexpress.es\/ca\/wp-json\/wp\/v2\/product\/17296","targetHints":{"allow":["GET"]}}],"collection":[{"href":"https:\/\/plasticexpress.es\/ca\/wp-json\/wp\/v2\/product"}],"about":[{"href":"https:\/\/plasticexpress.es\/ca\/wp-json\/wp\/v2\/types\/product"}],"replies":[{"embeddable":true,"href":"https:\/\/plasticexpress.es\/ca\/wp-json\/wp\/v2\/comments?post=17296"}],"version-history":[{"count":3,"href":"https:\/\/plasticexpress.es\/ca\/wp-json\/wp\/v2\/product\/17296\/revisions"}],"predecessor-version":[{"id":18130,"href":"https:\/\/plasticexpress.es\/ca\/wp-json\/wp\/v2\/product\/17296\/revisions\/18130"}],"wp:featuredmedia":[{"embeddable":true,"href":"https:\/\/plasticexpress.es\/ca\/wp-json\/wp\/v2\/media\/18961"}],"wp:attachment":[{"href":"https:\/\/plasticexpress.es\/ca\/wp-json\/wp\/v2\/media?parent=17296"}],"wp:term":[{"taxonomy":"product_brand","embeddable":true,"href":"https:\/\/plasticexpress.es\/ca\/wp-json\/wp\/v2\/product_brand?post=17296"},{"taxonomy":"product_cat","embeddable":true,"href":"https:\/\/plasticexpress.es\/ca\/wp-json\/wp\/v2\/product_cat?post=17296"},{"taxonomy":"product_tag","embeddable":true,"href":"https:\/\/plasticexpress.es\/ca\/wp-json\/wp\/v2\/product_tag?post=17296"}],"curies":[{"name":"wp","href":"https:\/\/api.w.org\/{rel}","templated":true}]}}