

{"id":17315,"date":"2022-10-06T12:46:57","date_gmt":"2022-10-06T11:46:57","guid":{"rendered":"https:\/\/plasticexpress.es\/producto\/Sense%20categoria\/caixa-dexhibicio-angulada\/"},"modified":"2024-01-29T12:43:39","modified_gmt":"2024-01-29T11:43:39","slug":"caixa-dexhibicio-angulada","status":"publish","type":"product","link":"https:\/\/plasticexpress.es\/ca\/producto\/articles-ca\/dispensadors-per-a-products-a-granel-i-exhibidors\/caixa-dexhibicio-angulada\/","title":{"rendered":"Caixa d&#8217;exhibici\u00f3 angulada"},"content":{"rendered":"<p>Caixa d&#8217;exhibici\u00f3 per a productes sense empaquetar. Fabricat amb metacrilat incolor d&#8217;alta nitidesa \u00f2ptica. Compta amb una tapa abatible mitjan\u00e7ant frontisses de metacrilat incolores. La tapa amb angle permet l&#8217;exposici\u00f3 del producte sense reflexos. Organitza i exhibeix productes de tota mena amb total lleugeresa i transpar\u00e8ncia<\/p>\n","protected":false},"excerpt":{"rendered":"<p>Caixa d&#8217;exhibici\u00f3 per a productes sense empaquetar. Fabricat amb metacrilat incolor d&#8217;alta nitidesa \u00f2ptica. Compta amb una tapa abatible mitjan\u00e7ant frontisses de metacrilat incolores. La tapa amb angle permet l&#8217;exposici\u00f3 del producte sense reflexos. Organitza i exhibeix productes de tota mena amb total lleugeresa i transpar\u00e8ncia<\/p>\n","protected":false},"featured_media":18967,"comment_status":"open","ping_status":"closed","template":"","meta":{"_acf_changed":false},"product_brand":[],"product_cat":[582,1619],"product_tag":[768,1141,813,740],"class_list":{"0":"post-17315","1":"product","2":"type-product","3":"status-publish","4":"has-post-thumbnail","6":"product_cat-articles-ca","7":"product_cat-dispensadors-per-a-products-a-granel-i-exhibidors","8":"product_tag-caixa-de-metacrilat","9":"product_tag-cerca-per-autor-de-metacrilat","10":"product_tag-metacrilat","11":"product_tag-metacrilat-incolor","13":"first","14":"instock","15":"shipping-taxable","16":"purchasable","17":"product-type-variable"},"acf":{"photo_gallery":{"opciones_de_agujeros":[[]]}},"yoast_head":"<!-- This site is optimized with the Yoast SEO plugin v27.2 - https:\/\/yoast.com\/product\/yoast-seo-wordpress\/ -->\n<title>Caixa d&#039;exhibici\u00f3 angulada | Plasticexpress<\/title>\n<meta name=\"description\" content=\"Caixa d&#039;echibici\u00f3 de metacrilat per a productes a granel. La millor qualitat per als productes del teu negoci.\" \/>\n<meta name=\"robots\" content=\"index, follow, max-snippet:-1, max-image-preview:large, max-video-preview:-1\" \/>\n<link rel=\"canonical\" href=\"https:\/\/plasticexpress.es\/ca\/producto\/articles-ca\/dispensadors-per-a-products-a-granel-i-exhibidors\/caixa-dexhibicio-angulada\/\" \/>\n<meta property=\"og:locale\" content=\"ca_ES\" \/>\n<meta property=\"og:type\" content=\"article\" \/>\n<meta property=\"og:title\" content=\"Caixa d&#039;exhibici\u00f3 angulada | Plasticexpress\" \/>\n<meta property=\"og:description\" content=\"Caixa d&#039;echibici\u00f3 de metacrilat per a productes a granel. La millor qualitat per als productes del teu negoci.\" \/>\n<meta property=\"og:url\" content=\"https:\/\/plasticexpress.es\/ca\/producto\/articles-ca\/dispensadors-per-a-products-a-granel-i-exhibidors\/caixa-dexhibicio-angulada\/\" \/>\n<meta property=\"og:site_name\" content=\"Plasticexpress\" \/>\n<meta property=\"article:modified_time\" content=\"2024-01-29T11:43:39+00:00\" \/>\n<meta property=\"og:image\" content=\"https:\/\/plasticexpress.es\/wp-content\/uploads\/2022\/10\/IMG_6568-scaled.jpg\" \/>\n\t<meta property=\"og:image:width\" content=\"2560\" \/>\n\t<meta property=\"og:image:height\" content=\"1707\" \/>\n\t<meta property=\"og:image:type\" content=\"image\/jpeg\" \/>\n<meta name=\"twitter:card\" content=\"summary_large_image\" \/>\n<script type=\"application\/ld+json\" class=\"yoast-schema-graph\">{\"@context\":\"https:\/\/schema.org\",\"@graph\":[{\"@type\":\"WebPage\",\"@id\":\"https:\/\/plasticexpress.es\/ca\/producto\/articles-ca\/dispensadors-per-a-products-a-granel-i-exhibidors\/caixa-dexhibicio-angulada\/\",\"url\":\"https:\/\/plasticexpress.es\/ca\/producto\/articles-ca\/dispensadors-per-a-products-a-granel-i-exhibidors\/caixa-dexhibicio-angulada\/\",\"name\":\"Caixa d'exhibici\u00f3 angulada | Plasticexpress\",\"isPartOf\":{\"@id\":\"https:\/\/plasticexpress.es\/ca\/#website\"},\"primaryImageOfPage\":{\"@id\":\"https:\/\/plasticexpress.es\/ca\/producto\/articles-ca\/dispensadors-per-a-products-a-granel-i-exhibidors\/caixa-dexhibicio-angulada\/#primaryimage\"},\"image\":{\"@id\":\"https:\/\/plasticexpress.es\/ca\/producto\/articles-ca\/dispensadors-per-a-products-a-granel-i-exhibidors\/caixa-dexhibicio-angulada\/#primaryimage\"},\"thumbnailUrl\":\"https:\/\/plasticexpress.es\/wp-content\/uploads\/2022\/10\/IMG_6568-scaled.jpg\",\"datePublished\":\"2022-10-06T11:46:57+00:00\",\"dateModified\":\"2024-01-29T11:43:39+00:00\",\"description\":\"Caixa d'echibici\u00f3 de metacrilat per a productes a granel. La millor qualitat per als productes del teu negoci.\",\"breadcrumb\":{\"@id\":\"https:\/\/plasticexpress.es\/ca\/producto\/articles-ca\/dispensadors-per-a-products-a-granel-i-exhibidors\/caixa-dexhibicio-angulada\/#breadcrumb\"},\"inLanguage\":\"ca\",\"potentialAction\":[{\"@type\":\"ReadAction\",\"target\":[\"https:\/\/plasticexpress.es\/ca\/producto\/articles-ca\/dispensadors-per-a-products-a-granel-i-exhibidors\/caixa-dexhibicio-angulada\/\"]}]},{\"@type\":\"ImageObject\",\"inLanguage\":\"ca\",\"@id\":\"https:\/\/plasticexpress.es\/ca\/producto\/articles-ca\/dispensadors-per-a-products-a-granel-i-exhibidors\/caixa-dexhibicio-angulada\/#primaryimage\",\"url\":\"https:\/\/plasticexpress.es\/wp-content\/uploads\/2022\/10\/IMG_6568-scaled.jpg\",\"contentUrl\":\"https:\/\/plasticexpress.es\/wp-content\/uploads\/2022\/10\/IMG_6568-scaled.jpg\",\"width\":2560,\"height\":1707},{\"@type\":\"BreadcrumbList\",\"@id\":\"https:\/\/plasticexpress.es\/ca\/producto\/articles-ca\/dispensadors-per-a-products-a-granel-i-exhibidors\/caixa-dexhibicio-angulada\/#breadcrumb\",\"itemListElement\":[{\"@type\":\"ListItem\",\"position\":1,\"name\":\"Portada\",\"item\":\"https:\/\/plasticexpress.es\/ca\/\"},{\"@type\":\"ListItem\",\"position\":2,\"name\":\"Shop\",\"item\":\"https:\/\/plasticexpress.es\/ca\/shop\/\"},{\"@type\":\"ListItem\",\"position\":3,\"name\":\"Caixa d&#8217;exhibici\u00f3 angulada\"}]},{\"@type\":\"WebSite\",\"@id\":\"https:\/\/plasticexpress.es\/ca\/#website\",\"url\":\"https:\/\/plasticexpress.es\/ca\/\",\"name\":\"Plasticexpress\",\"description\":\"Venta de materiales y art\u00edculos de Metacrilato\",\"potentialAction\":[{\"@type\":\"SearchAction\",\"target\":{\"@type\":\"EntryPoint\",\"urlTemplate\":\"https:\/\/plasticexpress.es\/ca\/?s={search_term_string}\"},\"query-input\":{\"@type\":\"PropertyValueSpecification\",\"valueRequired\":true,\"valueName\":\"search_term_string\"}}],\"inLanguage\":\"ca\"}]}<\/script>\n<!-- \/ Yoast SEO plugin. -->","yoast_head_json":{"title":"Caixa d'exhibici\u00f3 angulada | Plasticexpress","description":"Caixa d'echibici\u00f3 de metacrilat per a productes a granel. La millor qualitat per als productes del teu negoci.","robots":{"index":"index","follow":"follow","max-snippet":"max-snippet:-1","max-image-preview":"max-image-preview:large","max-video-preview":"max-video-preview:-1"},"canonical":"https:\/\/plasticexpress.es\/ca\/producto\/articles-ca\/dispensadors-per-a-products-a-granel-i-exhibidors\/caixa-dexhibicio-angulada\/","og_locale":"ca_ES","og_type":"article","og_title":"Caixa d'exhibici\u00f3 angulada | Plasticexpress","og_description":"Caixa d'echibici\u00f3 de metacrilat per a productes a granel. La millor qualitat per als productes del teu negoci.","og_url":"https:\/\/plasticexpress.es\/ca\/producto\/articles-ca\/dispensadors-per-a-products-a-granel-i-exhibidors\/caixa-dexhibicio-angulada\/","og_site_name":"Plasticexpress","article_modified_time":"2024-01-29T11:43:39+00:00","og_image":[{"width":2560,"height":1707,"url":"https:\/\/plasticexpress.es\/wp-content\/uploads\/2022\/10\/IMG_6568-scaled.jpg","type":"image\/jpeg"}],"twitter_card":"summary_large_image","schema":{"@context":"https:\/\/schema.org","@graph":[{"@type":"WebPage","@id":"https:\/\/plasticexpress.es\/ca\/producto\/articles-ca\/dispensadors-per-a-products-a-granel-i-exhibidors\/caixa-dexhibicio-angulada\/","url":"https:\/\/plasticexpress.es\/ca\/producto\/articles-ca\/dispensadors-per-a-products-a-granel-i-exhibidors\/caixa-dexhibicio-angulada\/","name":"Caixa d'exhibici\u00f3 angulada | Plasticexpress","isPartOf":{"@id":"https:\/\/plasticexpress.es\/ca\/#website"},"primaryImageOfPage":{"@id":"https:\/\/plasticexpress.es\/ca\/producto\/articles-ca\/dispensadors-per-a-products-a-granel-i-exhibidors\/caixa-dexhibicio-angulada\/#primaryimage"},"image":{"@id":"https:\/\/plasticexpress.es\/ca\/producto\/articles-ca\/dispensadors-per-a-products-a-granel-i-exhibidors\/caixa-dexhibicio-angulada\/#primaryimage"},"thumbnailUrl":"https:\/\/plasticexpress.es\/wp-content\/uploads\/2022\/10\/IMG_6568-scaled.jpg","datePublished":"2022-10-06T11:46:57+00:00","dateModified":"2024-01-29T11:43:39+00:00","description":"Caixa d'echibici\u00f3 de metacrilat per a productes a granel. La millor qualitat per als productes del teu negoci.","breadcrumb":{"@id":"https:\/\/plasticexpress.es\/ca\/producto\/articles-ca\/dispensadors-per-a-products-a-granel-i-exhibidors\/caixa-dexhibicio-angulada\/#breadcrumb"},"inLanguage":"ca","potentialAction":[{"@type":"ReadAction","target":["https:\/\/plasticexpress.es\/ca\/producto\/articles-ca\/dispensadors-per-a-products-a-granel-i-exhibidors\/caixa-dexhibicio-angulada\/"]}]},{"@type":"ImageObject","inLanguage":"ca","@id":"https:\/\/plasticexpress.es\/ca\/producto\/articles-ca\/dispensadors-per-a-products-a-granel-i-exhibidors\/caixa-dexhibicio-angulada\/#primaryimage","url":"https:\/\/plasticexpress.es\/wp-content\/uploads\/2022\/10\/IMG_6568-scaled.jpg","contentUrl":"https:\/\/plasticexpress.es\/wp-content\/uploads\/2022\/10\/IMG_6568-scaled.jpg","width":2560,"height":1707},{"@type":"BreadcrumbList","@id":"https:\/\/plasticexpress.es\/ca\/producto\/articles-ca\/dispensadors-per-a-products-a-granel-i-exhibidors\/caixa-dexhibicio-angulada\/#breadcrumb","itemListElement":[{"@type":"ListItem","position":1,"name":"Portada","item":"https:\/\/plasticexpress.es\/ca\/"},{"@type":"ListItem","position":2,"name":"Shop","item":"https:\/\/plasticexpress.es\/ca\/shop\/"},{"@type":"ListItem","position":3,"name":"Caixa d&#8217;exhibici\u00f3 angulada"}]},{"@type":"WebSite","@id":"https:\/\/plasticexpress.es\/ca\/#website","url":"https:\/\/plasticexpress.es\/ca\/","name":"Plasticexpress","description":"Venta de materiales y art\u00edculos de Metacrilato","potentialAction":[{"@type":"SearchAction","target":{"@type":"EntryPoint","urlTemplate":"https:\/\/plasticexpress.es\/ca\/?s={search_term_string}"},"query-input":{"@type":"PropertyValueSpecification","valueRequired":true,"valueName":"search_term_string"}}],"inLanguage":"ca"}]}},"_links":{"self":[{"href":"https:\/\/plasticexpress.es\/ca\/wp-json\/wp\/v2\/product\/17315","targetHints":{"allow":["GET"]}}],"collection":[{"href":"https:\/\/plasticexpress.es\/ca\/wp-json\/wp\/v2\/product"}],"about":[{"href":"https:\/\/plasticexpress.es\/ca\/wp-json\/wp\/v2\/types\/product"}],"replies":[{"embeddable":true,"href":"https:\/\/plasticexpress.es\/ca\/wp-json\/wp\/v2\/comments?post=17315"}],"version-history":[{"count":1,"href":"https:\/\/plasticexpress.es\/ca\/wp-json\/wp\/v2\/product\/17315\/revisions"}],"predecessor-version":[{"id":17488,"href":"https:\/\/plasticexpress.es\/ca\/wp-json\/wp\/v2\/product\/17315\/revisions\/17488"}],"wp:featuredmedia":[{"embeddable":true,"href":"https:\/\/plasticexpress.es\/ca\/wp-json\/wp\/v2\/media\/18967"}],"wp:attachment":[{"href":"https:\/\/plasticexpress.es\/ca\/wp-json\/wp\/v2\/media?parent=17315"}],"wp:term":[{"taxonomy":"product_brand","embeddable":true,"href":"https:\/\/plasticexpress.es\/ca\/wp-json\/wp\/v2\/product_brand?post=17315"},{"taxonomy":"product_cat","embeddable":true,"href":"https:\/\/plasticexpress.es\/ca\/wp-json\/wp\/v2\/product_cat?post=17315"},{"taxonomy":"product_tag","embeddable":true,"href":"https:\/\/plasticexpress.es\/ca\/wp-json\/wp\/v2\/product_tag?post=17315"}],"curies":[{"name":"wp","href":"https:\/\/api.w.org\/{rel}","templated":true}]}}