

{"id":17321,"date":"2022-10-06T12:46:58","date_gmt":"2022-10-06T11:46:58","guid":{"rendered":"https:\/\/plasticexpress.es\/producto\/Sense%20categoria\/dispensador-per-porcions\/"},"modified":"2023-01-30T23:06:11","modified_gmt":"2023-01-30T22:06:11","slug":"dispensador-per-porcions","status":"publish","type":"product","link":"https:\/\/plasticexpress.es\/ca\/producto\/articles-ca\/dispensadors-per-a-products-a-granel-i-exhibidors\/dispensador-per-porcions\/","title":{"rendered":"Dispensador per porcions"},"content":{"rendered":"<p>El seu mecanisme de 6 ales &#8220;Pro Serv&#8221; Turn &amp; Serv (patentat) li permet dispensar la quantitat perfecta de cereals y refrigeris. (Mecanisme de 12 ales disponible per a MOQ i per a aliments m\u00e9s petits). Ve amb suports de muntatge en parets de metall f\u00e0cils de penjar (accessori) , recipients de SAN, tapes i embuts de &#8220;ABS&#8221; recoberts de plata i poms de metall recoberts de n\u00edquel. Tots estan lliures de BPA i compleixen amb les regulacions de materials en contacte mab alimentos de la FDA i la UE.<\/p>\n<p style=\"text-align: justify;\"><span style=\"font-weight: 400;\">Tenir <\/span><strong>un bon dispensador de porcions es b\u00e0sic<\/strong><span style=\"font-weight: 400;\">, no nom\u00e9s per a conservar b\u00e9 els aliments que s\u2019hi guarden, sino tamb\u00e9 per a millorar l&#8217;organitzaci\u00f3 de la cuina o local. D\u2019aquesta manera, s\u2019estalvia espai, es poden retirar envasos innecessaris i mostrar un aspecte m\u00e9s atractiu, pulcre i professional<\/span><\/p>\n<p style=\"text-align: justify;\"><span style=\"font-weight: 400;\">Tenir <\/span><strong>un bon dispensador de porcions es b\u00e0sic<\/strong><span style=\"font-weight: 400;\">, no nom\u00e9s per a conservar b\u00e9 els aliments que s\u2019hi guarden, sino tamb\u00e9 per a millorar l&#8217;organitzaci\u00f3 de la cuina o local. D\u2019aquesta manera, s\u2019estalvia espai, es poden retirar envasos innecessaris i mostrar un aspecte m\u00e9s atractiu, pulcre i professional<\/span><\/p>\n<p style=\"text-align: justify;\"><span style=\"font-weight: 400;\">Aix\u00ed, un <\/span><strong>dispensador a granel per porcions<\/strong><span style=\"font-weight: 400;\"> deixa fa evidents els seus nombrosos beneficis, fent-lo indispensable tant en l&#8217;\u00e0mbit de la llar com si es vol oferir una forma molt m\u00e9s adequada per a servir porcions de cereals o altres aperitius en un local professional.<\/span><\/p>\n<p style=\"text-align: justify;\"><span style=\"font-weight: 400;\">El dispensador a granel de metacrilat per a porcions de<\/span><strong> Plastic Express<\/strong><span style=\"font-weight: 400;\"> compta amb <\/span><strong>3 o 5 m\u00f2duls <\/strong><span style=\"font-weight: 400;\">segons les necessitats de l&#8217;usuari, cadascun d&#8217;ells independent en servir. Els recipients estan elaborats en <\/span><strong>SAN<\/strong><span style=\"font-weight: 400;\">, pl\u00e0stic reciclat d&#8217;Alta Resist\u00e8ncia, que ofereix una excepcional resist\u00e8ncia, rigidesa i resist\u00e8ncia qu\u00edmica.<\/span><\/p>\n<p style=\"text-align: justify;\"><span style=\"font-weight: 400;\">Les tapes i embuts s\u00f3n <\/span><strong>d&#8217;ABS<\/strong><span style=\"font-weight: 400;\">, un altre material pl\u00e0stic especialment resistent a l&#8217;impacte i estable davant altes temperatures, i estan recoberts de plata. Els reguladors s\u00f3n de metall i estan recoberts de n\u00edquel i tots els materials estan totalment <\/span><strong>lliures de BPA<\/strong><span style=\"font-weight: 400;\"> i compleixen amb totes les regulacions de materials per a \u00e0mbit alimentari de la UE i la FDA.<\/span><\/p>\n<p style=\"text-align: justify;\"><span style=\"font-weight: 400;\">El dispensador per gravetat de porcions de Plastic Express compten tamb\u00e9 amb el sistema <\/span><strong>Pro Serv Turn &amp; Serv<\/strong><span style=\"font-weight: 400;\">, un sistema propi patentat de 6 ales que ofereix en cada raci\u00f3 la quantitat perfecta del producte. Per a aliments molt petits, pot sol\u00b7licitar-se un mecanisme de 12 ales, que \u00e9s molt m\u00e9s adecuat..<\/span><\/p>\n<h2 style=\"text-align: justify;\"><strong>Per a qu\u00e8 es fan servir els dispensadors a granel per porcions?\u00a0<\/strong><\/h2>\n<p style=\"text-align: justify;\"><span style=\"font-weight: 400;\">Els dispensadors a granel per porcions es recomanen especialment per al seu \u00fas com a recipients per servir cereals, aperitius, refrigeris o fins i tot aliments secs per a mascotes. Les seves propietats permeten una <\/span><strong>major conservaci\u00f3 dels aliments<\/strong><span style=\"font-weight: 400;\"> en el seu interior, que es mantenen en menor contacte amb l&#8217;aire i en un millor ambient que en un simple recipient original obert.<\/span><\/p>\n<p style=\"text-align: justify;\"><span style=\"font-weight: 400;\">A m\u00e9s, en tractar-se de recipients transparents \u00e9s possible comprovar amb un simple cop d&#8217;ull quant producte queda disponible, sent molt m\u00e9s pr\u00e0ctic a l&#8217;hora de saber quan \u00e9s necessari comprar-ne m\u00e9s.<\/span><\/p>\n<p style=\"text-align: justify;\"><span style=\"font-weight: 400;\">A tot aix\u00f2 hi hem de sumar el seu aspecte<\/span><strong> elegant, polit i professional<\/strong><span style=\"font-weight: 400;\">, la qual cosa els fa ideals tant per al seu \u00fas en una cuina privada a casa com en bars, cafeteries o botigues que serveixin qualsevol tipus de producte alimentari susceptible de ser exposat i conservat aix\u00ed, com els caramels, fruits secs o llaminadures.<\/span><\/p>\n<p style=\"text-align: justify;\"><span style=\"font-weight: 400;\">Els materials pl\u00e0stics amb qu\u00e8 estan elaborats no nom\u00e9s s\u00f3n segurs per a conservar aliments, sin\u00f3 que ofereixen unes <\/span><strong>propietats mec\u00e0niques superiors <\/strong><span style=\"font-weight: 400;\">en molts aspectes a les del cristall, perqu\u00e8 \u00e9s <\/span><strong>molt m\u00e9s lleuger<\/strong><span style=\"font-weight: 400;\"> i tamb\u00e9 compta amb una <\/span><strong>major resist\u00e8ncia<\/strong><span style=\"font-weight: 400;\"> a impactes, oferint a canvi una transpar\u00e8ncia gaireb\u00e9 del mateix nivell.<\/span><\/p>\n<p style=\"text-align: justify;\"><span style=\"font-weight: 400;\">S&#8217;eviten aix\u00ed possibles accidents i lesions amb trencaments de cristall perilloses, a m\u00e9s de permetre una manipulaci\u00f3 m\u00e9s senzilla del dispensador gr\u00e0cies al seu pes redu\u00eft.<\/span><\/p>\n<h2 style=\"text-align: justify;\"><strong>Compra el teu dispensador a granel per porcions a Plastic Express<\/strong><\/h2>\n<p style=\"text-align: justify;\"><strong>A Plastic Express subministrem materials pl\u00e0stics de tot tipus<\/strong><span style=\"font-weight: 400;\"> a mida. Els elaborem als nostres propis tallers, permetent aix\u00ed una atenci\u00f3 personalitzada per a cada client.<\/span><\/p>\n<p style=\"text-align: justify;\"><span style=\"font-weight: 400;\">Fem di\u00e0riament <\/span><strong>enviaments a tota Europa<\/strong><span style=\"font-weight: 400;\">, buscant liderar el sector gr\u00e0cies a l&#8217;aplicaci\u00f3 de les t\u00e8cniques m\u00e9s novedoses, mantenint-nos en constant formaci\u00f3 i innovaci\u00f3 per a poder proporcionar cada dia solucions noves i a l&#8217;\u00faltima per als nostres clients. El nostre equip no deixa d&#8217;especialitzar-se i aprendre, i per aix\u00f2 <\/span><strong>comptem amb especialistes<\/strong><span style=\"font-weight: 400;\"> amb experi\u00e8ncia en enganxament, tall per l\u00e0ser, mecanitzat CNC, doblegat, termoformat i impressi\u00f3.<\/span><\/p>\n<p style=\"text-align: justify;\"><span style=\"font-weight: 400;\">Pots comprar el teu dispensador a granel per porcions directament a la botiga online de Plastic Express, o contactar amb l\u2019equip d\u2019atenci\u00f3 al client mitjan\u00e7ant el formulari de la web. Omple\u2019l amb totes les dades que puguem necessitar per a que contactem amb tu i et poguem oferir <\/span><strong>un pressupost el m\u00e9s complet i ajustat possible<\/strong><span style=\"font-weight: 400;\"> a les teves necessitats.<\/span><\/p>\n<p style=\"text-align: justify;\"><span style=\"font-weight: 400;\">Per suposat, tamb\u00e9 pots escriure al mail d\u2019atenci\u00f3 al client, trucar al nostre tel\u00e9fon o, fins i tot, venir a les nostres oficines de Barcelona, al Carrer Zamora 89, on podrem atendre\u2019t en persona amb tot all\u00f2 que necessitis.<\/span><\/p>\n<p style=\"text-align: justify;\"><span style=\"font-weight: 400;\">Si tens una botiga o negoci professional, <\/span><strong>podem oferir-te descomptes especiales en comandes superiors a 10 unitats<\/strong><span style=\"font-weight: 400;\">, perqu\u00e8 sabem com d\u2019important es equipar el teu negoci amb els millors productes i materials al millor preu.<\/span><\/p>\n","protected":false},"excerpt":{"rendered":"<p>El seu mecanisme de 6 ales &#8220;Pro Serv&#8221; Turn &amp; Serv (patentat) li permet dispensar la quantitat perfecta de cereals y refrigeris. (Mecanisme de 12 ales disponible per a MOQ i per a aliments m\u00e9s petits). Ve amb suports de muntatge en parets de metall f\u00e0cils de penjar (accessori) , recipients de SAN, tapes i embuts de &#8220;ABS&#8221; recoberts de plata i poms de metall recoberts de n\u00edquel. Tots estan lliures de BPA i compleixen amb les regulacions de materials en contacte mab alimentos de la FDA i la UE.<\/p>\n","protected":false},"featured_media":18970,"comment_status":"open","ping_status":"closed","template":"","meta":{"_acf_changed":false},"product_brand":[],"product_cat":[582,1619],"product_tag":[768,1141,813,740],"class_list":{"0":"post-17321","1":"product","2":"type-product","3":"status-publish","4":"has-post-thumbnail","6":"product_cat-articles-ca","7":"product_cat-dispensadors-per-a-products-a-granel-i-exhibidors","8":"product_tag-caixa-de-metacrilat","9":"product_tag-cerca-per-autor-de-metacrilat","10":"product_tag-metacrilat","11":"product_tag-metacrilat-incolor","13":"first","14":"instock","15":"shipping-taxable","16":"purchasable","17":"product-type-variable"},"acf":{"photo_gallery":{"opciones_de_agujeros":[[]]}},"yoast_head":"<!-- This site is optimized with the Yoast SEO plugin v27.4 - https:\/\/yoast.com\/product\/yoast-seo-wordpress\/ -->\n<title>Dispensador per porcions | Plasticexpress<\/title>\n<meta name=\"description\" content=\"Dispensador a granel per porcions. El seu mecanisme de 6 ales (patentat) permet dispensar la quantitat perfecta de cereal i refrigeris.\" \/>\n<meta name=\"robots\" content=\"index, follow, max-snippet:-1, max-image-preview:large, max-video-preview:-1\" \/>\n<link rel=\"canonical\" href=\"https:\/\/plasticexpress.es\/ca\/producto\/articles-ca\/dispensadors-per-a-products-a-granel-i-exhibidors\/dispensador-per-porcions\/\" \/>\n<meta property=\"og:locale\" content=\"ca_ES\" \/>\n<meta property=\"og:type\" content=\"article\" \/>\n<meta property=\"og:title\" content=\"Dispensador per porcions | Plasticexpress\" \/>\n<meta property=\"og:description\" content=\"Dispensador a granel per porcions. El seu mecanisme de 6 ales (patentat) permet dispensar la quantitat perfecta de cereal i refrigeris.\" \/>\n<meta property=\"og:url\" content=\"https:\/\/plasticexpress.es\/ca\/producto\/articles-ca\/dispensadors-per-a-products-a-granel-i-exhibidors\/dispensador-per-porcions\/\" \/>\n<meta property=\"og:site_name\" content=\"Plasticexpress\" \/>\n<meta property=\"article:modified_time\" content=\"2023-01-30T22:06:11+00:00\" \/>\n<meta property=\"og:image\" content=\"https:\/\/plasticexpress.es\/wp-content\/uploads\/2022\/10\/DH50-Item-9971-5-50-Large.jpg\" \/>\n\t<meta property=\"og:image:width\" content=\"1307\" \/>\n\t<meta property=\"og:image:height\" content=\"1080\" \/>\n\t<meta property=\"og:image:type\" content=\"image\/jpeg\" \/>\n<meta name=\"twitter:card\" content=\"summary_large_image\" \/>\n<meta name=\"twitter:label1\" content=\"Temps estimat de lectura\" \/>\n\t<meta name=\"twitter:data1\" content=\"5 minuts\" \/>\n<script type=\"application\/ld+json\" class=\"yoast-schema-graph\">{\"@context\":\"https:\\\/\\\/schema.org\",\"@graph\":[{\"@type\":\"WebPage\",\"@id\":\"https:\\\/\\\/plasticexpress.es\\\/ca\\\/producto\\\/articles-ca\\\/dispensadors-per-a-products-a-granel-i-exhibidors\\\/dispensador-per-porcions\\\/\",\"url\":\"https:\\\/\\\/plasticexpress.es\\\/ca\\\/producto\\\/articles-ca\\\/dispensadors-per-a-products-a-granel-i-exhibidors\\\/dispensador-per-porcions\\\/\",\"name\":\"Dispensador per porcions | Plasticexpress\",\"isPartOf\":{\"@id\":\"https:\\\/\\\/plasticexpress.es\\\/ca\\\/#website\"},\"primaryImageOfPage\":{\"@id\":\"https:\\\/\\\/plasticexpress.es\\\/ca\\\/producto\\\/articles-ca\\\/dispensadors-per-a-products-a-granel-i-exhibidors\\\/dispensador-per-porcions\\\/#primaryimage\"},\"image\":{\"@id\":\"https:\\\/\\\/plasticexpress.es\\\/ca\\\/producto\\\/articles-ca\\\/dispensadors-per-a-products-a-granel-i-exhibidors\\\/dispensador-per-porcions\\\/#primaryimage\"},\"thumbnailUrl\":\"https:\\\/\\\/plasticexpress.es\\\/wp-content\\\/uploads\\\/2022\\\/10\\\/DH50-Item-9971-5-50-Large.jpg\",\"datePublished\":\"2022-10-06T11:46:58+00:00\",\"dateModified\":\"2023-01-30T22:06:11+00:00\",\"description\":\"Dispensador a granel per porcions. El seu mecanisme de 6 ales (patentat) permet dispensar la quantitat perfecta de cereal i refrigeris.\",\"breadcrumb\":{\"@id\":\"https:\\\/\\\/plasticexpress.es\\\/ca\\\/producto\\\/articles-ca\\\/dispensadors-per-a-products-a-granel-i-exhibidors\\\/dispensador-per-porcions\\\/#breadcrumb\"},\"inLanguage\":\"ca\",\"potentialAction\":[{\"@type\":\"ReadAction\",\"target\":[\"https:\\\/\\\/plasticexpress.es\\\/ca\\\/producto\\\/articles-ca\\\/dispensadors-per-a-products-a-granel-i-exhibidors\\\/dispensador-per-porcions\\\/\"]}]},{\"@type\":\"ImageObject\",\"inLanguage\":\"ca\",\"@id\":\"https:\\\/\\\/plasticexpress.es\\\/ca\\\/producto\\\/articles-ca\\\/dispensadors-per-a-products-a-granel-i-exhibidors\\\/dispensador-per-porcions\\\/#primaryimage\",\"url\":\"https:\\\/\\\/plasticexpress.es\\\/wp-content\\\/uploads\\\/2022\\\/10\\\/DH50-Item-9971-5-50-Large.jpg\",\"contentUrl\":\"https:\\\/\\\/plasticexpress.es\\\/wp-content\\\/uploads\\\/2022\\\/10\\\/DH50-Item-9971-5-50-Large.jpg\",\"width\":1307,\"height\":1080},{\"@type\":\"BreadcrumbList\",\"@id\":\"https:\\\/\\\/plasticexpress.es\\\/ca\\\/producto\\\/articles-ca\\\/dispensadors-per-a-products-a-granel-i-exhibidors\\\/dispensador-per-porcions\\\/#breadcrumb\",\"itemListElement\":[{\"@type\":\"ListItem\",\"position\":1,\"name\":\"Portada\",\"item\":\"https:\\\/\\\/plasticexpress.es\\\/ca\\\/\"},{\"@type\":\"ListItem\",\"position\":2,\"name\":\"Shop\",\"item\":\"https:\\\/\\\/plasticexpress.es\\\/ca\\\/shop\\\/\"},{\"@type\":\"ListItem\",\"position\":3,\"name\":\"Dispensador per porcions\"}]},{\"@type\":\"WebSite\",\"@id\":\"https:\\\/\\\/plasticexpress.es\\\/ca\\\/#website\",\"url\":\"https:\\\/\\\/plasticexpress.es\\\/ca\\\/\",\"name\":\"Plasticexpress\",\"description\":\"Venta de materiales y art\u00edculos de Metacrilato\",\"potentialAction\":[{\"@type\":\"SearchAction\",\"target\":{\"@type\":\"EntryPoint\",\"urlTemplate\":\"https:\\\/\\\/plasticexpress.es\\\/ca\\\/?s={search_term_string}\"},\"query-input\":{\"@type\":\"PropertyValueSpecification\",\"valueRequired\":true,\"valueName\":\"search_term_string\"}}],\"inLanguage\":\"ca\"}]}<\/script>\n<!-- \/ Yoast SEO plugin. -->","yoast_head_json":{"title":"Dispensador per porcions | Plasticexpress","description":"Dispensador a granel per porcions. El seu mecanisme de 6 ales (patentat) permet dispensar la quantitat perfecta de cereal i refrigeris.","robots":{"index":"index","follow":"follow","max-snippet":"max-snippet:-1","max-image-preview":"max-image-preview:large","max-video-preview":"max-video-preview:-1"},"canonical":"https:\/\/plasticexpress.es\/ca\/producto\/articles-ca\/dispensadors-per-a-products-a-granel-i-exhibidors\/dispensador-per-porcions\/","og_locale":"ca_ES","og_type":"article","og_title":"Dispensador per porcions | Plasticexpress","og_description":"Dispensador a granel per porcions. El seu mecanisme de 6 ales (patentat) permet dispensar la quantitat perfecta de cereal i refrigeris.","og_url":"https:\/\/plasticexpress.es\/ca\/producto\/articles-ca\/dispensadors-per-a-products-a-granel-i-exhibidors\/dispensador-per-porcions\/","og_site_name":"Plasticexpress","article_modified_time":"2023-01-30T22:06:11+00:00","og_image":[{"width":1307,"height":1080,"url":"https:\/\/plasticexpress.es\/wp-content\/uploads\/2022\/10\/DH50-Item-9971-5-50-Large.jpg","type":"image\/jpeg"}],"twitter_card":"summary_large_image","twitter_misc":{"Temps estimat de lectura":"5 minuts"},"schema":{"@context":"https:\/\/schema.org","@graph":[{"@type":"WebPage","@id":"https:\/\/plasticexpress.es\/ca\/producto\/articles-ca\/dispensadors-per-a-products-a-granel-i-exhibidors\/dispensador-per-porcions\/","url":"https:\/\/plasticexpress.es\/ca\/producto\/articles-ca\/dispensadors-per-a-products-a-granel-i-exhibidors\/dispensador-per-porcions\/","name":"Dispensador per porcions | Plasticexpress","isPartOf":{"@id":"https:\/\/plasticexpress.es\/ca\/#website"},"primaryImageOfPage":{"@id":"https:\/\/plasticexpress.es\/ca\/producto\/articles-ca\/dispensadors-per-a-products-a-granel-i-exhibidors\/dispensador-per-porcions\/#primaryimage"},"image":{"@id":"https:\/\/plasticexpress.es\/ca\/producto\/articles-ca\/dispensadors-per-a-products-a-granel-i-exhibidors\/dispensador-per-porcions\/#primaryimage"},"thumbnailUrl":"https:\/\/plasticexpress.es\/wp-content\/uploads\/2022\/10\/DH50-Item-9971-5-50-Large.jpg","datePublished":"2022-10-06T11:46:58+00:00","dateModified":"2023-01-30T22:06:11+00:00","description":"Dispensador a granel per porcions. El seu mecanisme de 6 ales (patentat) permet dispensar la quantitat perfecta de cereal i refrigeris.","breadcrumb":{"@id":"https:\/\/plasticexpress.es\/ca\/producto\/articles-ca\/dispensadors-per-a-products-a-granel-i-exhibidors\/dispensador-per-porcions\/#breadcrumb"},"inLanguage":"ca","potentialAction":[{"@type":"ReadAction","target":["https:\/\/plasticexpress.es\/ca\/producto\/articles-ca\/dispensadors-per-a-products-a-granel-i-exhibidors\/dispensador-per-porcions\/"]}]},{"@type":"ImageObject","inLanguage":"ca","@id":"https:\/\/plasticexpress.es\/ca\/producto\/articles-ca\/dispensadors-per-a-products-a-granel-i-exhibidors\/dispensador-per-porcions\/#primaryimage","url":"https:\/\/plasticexpress.es\/wp-content\/uploads\/2022\/10\/DH50-Item-9971-5-50-Large.jpg","contentUrl":"https:\/\/plasticexpress.es\/wp-content\/uploads\/2022\/10\/DH50-Item-9971-5-50-Large.jpg","width":1307,"height":1080},{"@type":"BreadcrumbList","@id":"https:\/\/plasticexpress.es\/ca\/producto\/articles-ca\/dispensadors-per-a-products-a-granel-i-exhibidors\/dispensador-per-porcions\/#breadcrumb","itemListElement":[{"@type":"ListItem","position":1,"name":"Portada","item":"https:\/\/plasticexpress.es\/ca\/"},{"@type":"ListItem","position":2,"name":"Shop","item":"https:\/\/plasticexpress.es\/ca\/shop\/"},{"@type":"ListItem","position":3,"name":"Dispensador per porcions"}]},{"@type":"WebSite","@id":"https:\/\/plasticexpress.es\/ca\/#website","url":"https:\/\/plasticexpress.es\/ca\/","name":"Plasticexpress","description":"Venta de materiales y art\u00edculos de Metacrilato","potentialAction":[{"@type":"SearchAction","target":{"@type":"EntryPoint","urlTemplate":"https:\/\/plasticexpress.es\/ca\/?s={search_term_string}"},"query-input":{"@type":"PropertyValueSpecification","valueRequired":true,"valueName":"search_term_string"}}],"inLanguage":"ca"}]}},"_links":{"self":[{"href":"https:\/\/plasticexpress.es\/ca\/wp-json\/wp\/v2\/product\/17321","targetHints":{"allow":["GET"]}}],"collection":[{"href":"https:\/\/plasticexpress.es\/ca\/wp-json\/wp\/v2\/product"}],"about":[{"href":"https:\/\/plasticexpress.es\/ca\/wp-json\/wp\/v2\/types\/product"}],"replies":[{"embeddable":true,"href":"https:\/\/plasticexpress.es\/ca\/wp-json\/wp\/v2\/comments?post=17321"}],"version-history":[{"count":4,"href":"https:\/\/plasticexpress.es\/ca\/wp-json\/wp\/v2\/product\/17321\/revisions"}],"predecessor-version":[{"id":18148,"href":"https:\/\/plasticexpress.es\/ca\/wp-json\/wp\/v2\/product\/17321\/revisions\/18148"}],"wp:featuredmedia":[{"embeddable":true,"href":"https:\/\/plasticexpress.es\/ca\/wp-json\/wp\/v2\/media\/18970"}],"wp:attachment":[{"href":"https:\/\/plasticexpress.es\/ca\/wp-json\/wp\/v2\/media?parent=17321"}],"wp:term":[{"taxonomy":"product_brand","embeddable":true,"href":"https:\/\/plasticexpress.es\/ca\/wp-json\/wp\/v2\/product_brand?post=17321"},{"taxonomy":"product_cat","embeddable":true,"href":"https:\/\/plasticexpress.es\/ca\/wp-json\/wp\/v2\/product_cat?post=17321"},{"taxonomy":"product_tag","embeddable":true,"href":"https:\/\/plasticexpress.es\/ca\/wp-json\/wp\/v2\/product_tag?post=17321"}],"curies":[{"name":"wp","href":"https:\/\/api.w.org\/{rel}","templated":true}]}}