

{"id":17327,"date":"2022-10-06T12:46:58","date_gmt":"2022-10-06T11:46:58","guid":{"rendered":"https:\/\/plasticexpress.es\/producto\/Sense%20categoria\/dispensador-de-cafe\/"},"modified":"2022-11-23T11:18:14","modified_gmt":"2022-11-23T10:18:14","slug":"dispensador-de-cafe","status":"publish","type":"product","link":"https:\/\/plasticexpress.es\/ca\/producto\/articles-ca\/dispensadors-per-a-products-a-granel-i-exhibidors\/dispensador-de-cafe\/","title":{"rendered":"Dispensador de caf\u00e8"},"content":{"rendered":"<p style=\"text-align: justify;\"><span style=\"font-weight: 400;\">Est&agrave;s buscant un <\/span><strong>dispensador de caf&egrave; a granel?<\/strong><span style=\"font-weight: 400;\"> El caf&egrave; a granel &eacute;s un dels productes m&eacute;s venuts actualment al sector cafeter. Gr&agrave;cies a aquesta pr&agrave;ctica, els clients poden comprar exactament la quantitat de grans que necessiten i que aquests mantinguin tot el seu <\/span><strong>aroma, gust i textura <\/strong><span style=\"font-weight: 400;\">en totes i cada una de les tasses que es preparin.&nbsp;<\/span><\/p>\n<p style=\"text-align: justify;\"><span style=\"font-weight: 400;\">A tot arreu on es vengui caf&egrave; a granel &eacute;s necessari comptar amb<\/span><strong> recipients per a la seva venda i caixes on poder emmagatzemar<\/strong><span style=\"font-weight: 400;\"> i posteriorment distribuir els grans. Aquest funci&oacute; la fan els dispensadors de caf&egrave;, i el material amb el que estan fabricats &eacute;s molt important per a que el producte final no es vegi afectat.<\/span><\/p>\n<h2 style=\"text-align: justify;\"><span style=\"font-weight: 400;\">Per qu&egrave; tenir un dispensador de caf&egrave; a la teva botiga<\/span><\/h2>\n<p style=\"text-align: justify;\"><strong>Si vens caf&egrave; i productes secs a la teva botiga<\/strong><span style=\"font-weight: 400;\">, segurament necessitis una eina que t&#8217;ajudi a vendre aquest producte. Els grans de caf&egrave; s&oacute;n unes llavors que es deterioren quan entren en contacte amb l&#8217;oxigen, per aix&ograve; &eacute;s recomanable no deixar-les en un lloc completament obert, sin&oacute; protegir el producte al m&agrave;xim.<\/span><\/p>\n<p style=\"text-align: justify;\"><span style=\"font-weight: 400;\">Un dispensador de caf&egrave; a granel et permetr&agrave;<\/span><strong> bolcar el gra directament del sac<\/strong><span style=\"font-weight: 400;\"> per introduir-lo a la <\/span><strong>caixa herm&egrave;tica de metacrilat<\/strong><span style=\"font-weight: 400;\">. El gra estar&agrave; en contacte amb l&#8217;oxigen nom&eacute;s uns segons, cosa que permetr&agrave; als teus clients mantenir la millor qualitat en cadascuna de les tasses de caf&egrave;.<\/span><\/p>\n<p style=\"text-align: justify;\"><span style=\"font-weight: 400;\">A m&eacute;s, el <\/span><strong>dispensador de caf&egrave; per a botigues &eacute;s transparent<\/strong><span style=\"font-weight: 400;\">, de manera que el client pot veure en tot moment el producte que est&agrave; emmagatzemat i decidir per quin dels grans de caf&egrave; es decantar&agrave; en la seva pr&ograve;xima compra. La qualitat &ograve;ptica d&#8217;aquests suports de metacrilat &eacute;s excel&middot;lent.<\/span><\/p>\n<p style=\"text-align: justify;\"><span style=\"font-weight: 400;\">Un establiment que &eacute;s capa&ccedil; de mostrar el producte als seus clients perqu&egrave; aquest tingui l&#8217;oportunitat de <\/span><strong>valorar la compra al 100%<\/strong><span style=\"font-weight: 400;\"> &eacute;s un local que guanya renom. Far&agrave;s que la teva botiga tingui m&eacute;s prestigi i es posicioni com una de les recomanades a la zona on anar a comprar <\/span><strong>gra de caf&egrave; a granel<\/strong><span style=\"font-weight: 400;\">.<\/span><\/p>\n<h2 style=\"text-align: justify;\"><span style=\"font-weight: 400;\">Avantatges del dispensador de caf&egrave; a granel de Plastic Express<\/span><\/h2>\n<p style=\"text-align: justify;\"><span style=\"font-weight: 400;\">Les<\/span><strong> caixes i exhibidors de metacrilat<\/strong><span style=\"font-weight: 400;\"> s&oacute;n ideals per emmagatzemar i exposar qualsevol tipus de producte que estigui a la venda a un establiment. A Plastic Express som experts en treballar amb metacrilat, ja queQuan compris un dispensador de grans de caf&egrave; a granel, podr&agrave;s beneficiar-te de tots aquests avantatges a la teva botiga:<\/span><\/p>\n<p style=\"text-align: justify;\"><span style=\"font-weight: 400;\">creiem que &eacute;s el pl&agrave;stic que s&#8217;adapta millor a les<\/span><strong> necessitats d&#8217;aquest tipus d&#8217;objectes<\/strong><span style=\"font-weight: 400;\">.<\/span><\/p>\n<p style=\"text-align: justify;\"><span style=\"font-weight: 400;\">A difer&egrave;ncia dels dispensadors a granel de vidre o met&agrave;l&middot;lics, el metacrilat ofereix unes caracter&iacute;stiques de <\/span><strong>resist&egrave;ncia molt m&eacute;s elevades<\/strong><span style=\"font-weight: 400;\">. El metacrilat amb qu&egrave; treballem &eacute;s completament incolor i permet tenir una visi&oacute; n&iacute;tida de l&#8217;interior de la caixa, sense cap mena d&#8217;interfer&egrave;ncia.<\/span><\/p>\n<p style=\"text-align: justify;\"><span style=\"font-weight: 400;\">Quan compris un dispensador de grans de caf&egrave; a granel, podr&agrave;s <\/span><strong>beneficiar-te de tots aquests avantatges<\/strong><span style=\"font-weight: 400;\"> a la teva botiga:<\/span><\/p>\n<ul style=\"text-align: justify;\">\n<li style=\"font-weight: 400;\"><span style=\"font-weight: 400;\">Qualitat &ograve;ptica transparent al 100%<\/span><\/li>\n<li style=\"font-weight: 400;\"><span style=\"font-weight: 400;\">Gran resist&egrave;ncia a las condicions exteriors, com l&rsquo;aigua, cops, ratllades, etc.<\/span><\/li>\n<li style=\"font-weight: 400;\"><span style=\"font-weight: 400;\">Resist&egrave;ncia t&egrave;rmica. &Eacute;s a dir, el producto es mantindr&agrave; sempre a una temperatura estable.<\/span><\/li>\n<li style=\"font-weight: 400;\"><span style=\"font-weight: 400;\">Resist&egrave;ncia al pas del temps, ja que el pl&agrave;stic no es quedar&agrave; groguenc com el vidre, sino que sempre seguir&agrave; sent transparent.&nbsp;<\/span><\/li>\n<li style=\"font-weight: 400;\"><span style=\"font-weight: 400;\">&Eacute;s de f&agrave;cil manipulaci&oacute; i neteja, a difer&egrave;ncia d&rsquo;altres materials com el vidre o l&rsquo;alumini.<\/span><\/li>\n<li style=\"font-weight: 400;\"><span style=\"font-weight: 400;\">El teu dispensador de grans de caf&egrave; a granel ser&agrave; molt m&eacute;s lleuger que el vidre.<\/span><\/li>\n<li style=\"font-weight: 400;\"><span style=\"font-weight: 400;\">No s&rsquo;emet cap tipus de gas t&ograve;xic durant tot el proc&eacute;s de fabricaci&oacute;.<\/span><\/li>\n<\/ul>\n<h2 style=\"text-align: justify;\"><span style=\"font-weight: 400;\">Compra els teus dispensadors de caf&egrave; per a botigues a Plastic Express<\/span><\/h2>\n<p style=\"text-align: justify;\"><strong>Plastic Express<\/strong><span style=\"font-weight: 400;\"> som la teva botiga de confian&ccedil;a, ja que treballem amb qualsevol tipus de pl&agrave;stic que puguis imaginar-te. Ens dediquem a decorar els espais amb les nostres fabricacions transparents de metacrilat, com taules o cadires, per&ograve; tamb&eacute; tenim en compte la funcionalitat dels nostres productes.<\/span><\/p>\n<p style=\"text-align: justify;\"><span style=\"font-weight: 400;\">Aquest &eacute;s el cas dels <\/span><strong>dispensadors de caf&egrave; a granel.<\/strong><span style=\"font-weight: 400;\"> Es tracta d&rsquo;elements molt funcionals en una botiga, als que sovint no els hi donem la import&agrave;ncia que mereixen. Per&ograve; a Plastic Express som experts en fixar-nos en els detalls, per aix&ograve; volem que el teu establiment destaqui per sobre dels altres.<\/span><\/p>\n<p style=\"text-align: justify;\"><span style=\"font-weight: 400;\">Per poder comprar a Plastic Express, l&#8217;&uacute;nic que haureu de fer &eacute;s entrar a la nostra p&agrave;gina web i comprar l&#8217;article que us interessi a trav&eacute;s de la botiga online. En aquesta botiga podreu veure<\/span><strong> tots els productes que tenim en estoc<\/strong><span style=\"font-weight: 400;\">.<\/span><\/p>\n<p style=\"text-align: justify;\"><span style=\"font-weight: 400;\">Per&ograve; si el teu projecte &eacute;s una mica m&eacute;s ambici&oacute;s i necessites que el teu dispensador tingui unes mides o caracter&iacute;stiques espec&iacute;fiques, pots <\/span><strong>posar-te en contacte amb nosaltres a trav&eacute;s del formulari<\/strong><span style=\"font-weight: 400;\">. Recorda que, si ets professional al sector, podr&agrave;s beneficiar-te de descomptes en tots els productes de pl&agrave;stic que necessitis.<\/span><\/p>\n","protected":false},"excerpt":{"rendered":"<p>El seu mecanisme patentat &#8220;Supremo&#8221; t\u00e9 un pom de &#8220;tirar i servir&#8221; que est\u00e0 dissenyada per a que els grans flueixin elegantment y com a mecanisme de control de porcions. Ve amb un suport de metall f\u00e0cil de penjar (accessori), recipients SAN i tapa i embut &#8216;ABS&#8217; recoberts de color or. Tots estan lliures de BPA i compleixen les regulacions de materials en contacte amb aliments de la FDA i la UE.<\/p>\n","protected":false},"featured_media":18946,"comment_status":"open","ping_status":"closed","template":"","meta":{"_acf_changed":false},"product_brand":[],"product_cat":[582,1619],"product_tag":[768,1141,813,740],"class_list":{"0":"post-17327","1":"product","2":"type-product","3":"status-publish","4":"has-post-thumbnail","6":"product_cat-articles-ca","7":"product_cat-dispensadors-per-a-products-a-granel-i-exhibidors","8":"product_tag-caixa-de-metacrilat","9":"product_tag-cerca-per-autor-de-metacrilat","10":"product_tag-metacrilat","11":"product_tag-metacrilat-incolor","13":"first","14":"instock","15":"shipping-taxable","16":"purchasable","17":"product-type-variable"},"acf":{"photo_gallery":{"opciones_de_agujeros":[[]]}},"yoast_head":"<!-- This site is optimized with the Yoast SEO plugin v27.4 - https:\/\/yoast.com\/product\/yoast-seo-wordpress\/ -->\n<title>Dispensador de caf\u00e8 | Plasticexpress<\/title>\n<meta name=\"description\" content=\"Dispensador de caf\u00e8 a granel de metacrilat. Perfecte per exposar i servir els grans de caf\u00e8. Lliure de BPA.\" \/>\n<meta name=\"robots\" content=\"index, follow, max-snippet:-1, max-image-preview:large, max-video-preview:-1\" \/>\n<link rel=\"canonical\" href=\"https:\/\/plasticexpress.es\/ca\/producto\/articles-ca\/dispensadors-per-a-products-a-granel-i-exhibidors\/dispensador-de-cafe\/\" \/>\n<meta property=\"og:locale\" content=\"ca_ES\" \/>\n<meta property=\"og:type\" content=\"article\" \/>\n<meta property=\"og:title\" content=\"Dispensador de caf\u00e8 | Plasticexpress\" \/>\n<meta property=\"og:description\" content=\"Dispensador de caf\u00e8 a granel de metacrilat. Perfecte per exposar i servir els grans de caf\u00e8. Lliure de BPA.\" \/>\n<meta property=\"og:url\" content=\"https:\/\/plasticexpress.es\/ca\/producto\/articles-ca\/dispensadors-per-a-products-a-granel-i-exhibidors\/dispensador-de-cafe\/\" \/>\n<meta property=\"og:site_name\" content=\"Plasticexpress\" \/>\n<meta property=\"article:modified_time\" content=\"2022-11-23T10:18:14+00:00\" \/>\n<meta property=\"og:image\" content=\"https:\/\/plasticexpress.es\/wp-content\/uploads\/2022\/10\/G30-item-7757-3-54G-Coffee-Bean-Dispenser-IDM-Dispenser-2.jpg\" \/>\n\t<meta property=\"og:image:width\" content=\"1080\" \/>\n\t<meta property=\"og:image:height\" content=\"1440\" \/>\n\t<meta property=\"og:image:type\" content=\"image\/jpeg\" \/>\n<meta name=\"twitter:card\" content=\"summary_large_image\" \/>\n<meta name=\"twitter:label1\" content=\"Temps estimat de lectura\" \/>\n\t<meta name=\"twitter:data1\" content=\"5 minuts\" \/>\n<script type=\"application\/ld+json\" class=\"yoast-schema-graph\">{\"@context\":\"https:\\\/\\\/schema.org\",\"@graph\":[{\"@type\":\"WebPage\",\"@id\":\"https:\\\/\\\/plasticexpress.es\\\/ca\\\/producto\\\/articles-ca\\\/dispensadors-per-a-products-a-granel-i-exhibidors\\\/dispensador-de-cafe\\\/\",\"url\":\"https:\\\/\\\/plasticexpress.es\\\/ca\\\/producto\\\/articles-ca\\\/dispensadors-per-a-products-a-granel-i-exhibidors\\\/dispensador-de-cafe\\\/\",\"name\":\"Dispensador de caf\u00e8 | Plasticexpress\",\"isPartOf\":{\"@id\":\"https:\\\/\\\/plasticexpress.es\\\/ca\\\/#website\"},\"primaryImageOfPage\":{\"@id\":\"https:\\\/\\\/plasticexpress.es\\\/ca\\\/producto\\\/articles-ca\\\/dispensadors-per-a-products-a-granel-i-exhibidors\\\/dispensador-de-cafe\\\/#primaryimage\"},\"image\":{\"@id\":\"https:\\\/\\\/plasticexpress.es\\\/ca\\\/producto\\\/articles-ca\\\/dispensadors-per-a-products-a-granel-i-exhibidors\\\/dispensador-de-cafe\\\/#primaryimage\"},\"thumbnailUrl\":\"https:\\\/\\\/plasticexpress.es\\\/wp-content\\\/uploads\\\/2022\\\/10\\\/G30-item-7757-3-54G-Coffee-Bean-Dispenser-IDM-Dispenser-2.jpg\",\"datePublished\":\"2022-10-06T11:46:58+00:00\",\"dateModified\":\"2022-11-23T10:18:14+00:00\",\"description\":\"Dispensador de caf\u00e8 a granel de metacrilat. Perfecte per exposar i servir els grans de caf\u00e8. Lliure de BPA.\",\"breadcrumb\":{\"@id\":\"https:\\\/\\\/plasticexpress.es\\\/ca\\\/producto\\\/articles-ca\\\/dispensadors-per-a-products-a-granel-i-exhibidors\\\/dispensador-de-cafe\\\/#breadcrumb\"},\"inLanguage\":\"ca\",\"potentialAction\":[{\"@type\":\"ReadAction\",\"target\":[\"https:\\\/\\\/plasticexpress.es\\\/ca\\\/producto\\\/articles-ca\\\/dispensadors-per-a-products-a-granel-i-exhibidors\\\/dispensador-de-cafe\\\/\"]}]},{\"@type\":\"ImageObject\",\"inLanguage\":\"ca\",\"@id\":\"https:\\\/\\\/plasticexpress.es\\\/ca\\\/producto\\\/articles-ca\\\/dispensadors-per-a-products-a-granel-i-exhibidors\\\/dispensador-de-cafe\\\/#primaryimage\",\"url\":\"https:\\\/\\\/plasticexpress.es\\\/wp-content\\\/uploads\\\/2022\\\/10\\\/G30-item-7757-3-54G-Coffee-Bean-Dispenser-IDM-Dispenser-2.jpg\",\"contentUrl\":\"https:\\\/\\\/plasticexpress.es\\\/wp-content\\\/uploads\\\/2022\\\/10\\\/G30-item-7757-3-54G-Coffee-Bean-Dispenser-IDM-Dispenser-2.jpg\",\"width\":1080,\"height\":1440},{\"@type\":\"BreadcrumbList\",\"@id\":\"https:\\\/\\\/plasticexpress.es\\\/ca\\\/producto\\\/articles-ca\\\/dispensadors-per-a-products-a-granel-i-exhibidors\\\/dispensador-de-cafe\\\/#breadcrumb\",\"itemListElement\":[{\"@type\":\"ListItem\",\"position\":1,\"name\":\"Portada\",\"item\":\"https:\\\/\\\/plasticexpress.es\\\/ca\\\/\"},{\"@type\":\"ListItem\",\"position\":2,\"name\":\"Shop\",\"item\":\"https:\\\/\\\/plasticexpress.es\\\/ca\\\/shop\\\/\"},{\"@type\":\"ListItem\",\"position\":3,\"name\":\"Dispensador de caf\u00e8\"}]},{\"@type\":\"WebSite\",\"@id\":\"https:\\\/\\\/plasticexpress.es\\\/ca\\\/#website\",\"url\":\"https:\\\/\\\/plasticexpress.es\\\/ca\\\/\",\"name\":\"Plasticexpress\",\"description\":\"Venta de materiales y art\u00edculos de Metacrilato\",\"potentialAction\":[{\"@type\":\"SearchAction\",\"target\":{\"@type\":\"EntryPoint\",\"urlTemplate\":\"https:\\\/\\\/plasticexpress.es\\\/ca\\\/?s={search_term_string}\"},\"query-input\":{\"@type\":\"PropertyValueSpecification\",\"valueRequired\":true,\"valueName\":\"search_term_string\"}}],\"inLanguage\":\"ca\"}]}<\/script>\n<!-- \/ Yoast SEO plugin. -->","yoast_head_json":{"title":"Dispensador de caf\u00e8 | Plasticexpress","description":"Dispensador de caf\u00e8 a granel de metacrilat. Perfecte per exposar i servir els grans de caf\u00e8. Lliure de BPA.","robots":{"index":"index","follow":"follow","max-snippet":"max-snippet:-1","max-image-preview":"max-image-preview:large","max-video-preview":"max-video-preview:-1"},"canonical":"https:\/\/plasticexpress.es\/ca\/producto\/articles-ca\/dispensadors-per-a-products-a-granel-i-exhibidors\/dispensador-de-cafe\/","og_locale":"ca_ES","og_type":"article","og_title":"Dispensador de caf\u00e8 | Plasticexpress","og_description":"Dispensador de caf\u00e8 a granel de metacrilat. Perfecte per exposar i servir els grans de caf\u00e8. Lliure de BPA.","og_url":"https:\/\/plasticexpress.es\/ca\/producto\/articles-ca\/dispensadors-per-a-products-a-granel-i-exhibidors\/dispensador-de-cafe\/","og_site_name":"Plasticexpress","article_modified_time":"2022-11-23T10:18:14+00:00","og_image":[{"width":1080,"height":1440,"url":"https:\/\/plasticexpress.es\/wp-content\/uploads\/2022\/10\/G30-item-7757-3-54G-Coffee-Bean-Dispenser-IDM-Dispenser-2.jpg","type":"image\/jpeg"}],"twitter_card":"summary_large_image","twitter_misc":{"Temps estimat de lectura":"5 minuts"},"schema":{"@context":"https:\/\/schema.org","@graph":[{"@type":"WebPage","@id":"https:\/\/plasticexpress.es\/ca\/producto\/articles-ca\/dispensadors-per-a-products-a-granel-i-exhibidors\/dispensador-de-cafe\/","url":"https:\/\/plasticexpress.es\/ca\/producto\/articles-ca\/dispensadors-per-a-products-a-granel-i-exhibidors\/dispensador-de-cafe\/","name":"Dispensador de caf\u00e8 | Plasticexpress","isPartOf":{"@id":"https:\/\/plasticexpress.es\/ca\/#website"},"primaryImageOfPage":{"@id":"https:\/\/plasticexpress.es\/ca\/producto\/articles-ca\/dispensadors-per-a-products-a-granel-i-exhibidors\/dispensador-de-cafe\/#primaryimage"},"image":{"@id":"https:\/\/plasticexpress.es\/ca\/producto\/articles-ca\/dispensadors-per-a-products-a-granel-i-exhibidors\/dispensador-de-cafe\/#primaryimage"},"thumbnailUrl":"https:\/\/plasticexpress.es\/wp-content\/uploads\/2022\/10\/G30-item-7757-3-54G-Coffee-Bean-Dispenser-IDM-Dispenser-2.jpg","datePublished":"2022-10-06T11:46:58+00:00","dateModified":"2022-11-23T10:18:14+00:00","description":"Dispensador de caf\u00e8 a granel de metacrilat. Perfecte per exposar i servir els grans de caf\u00e8. Lliure de BPA.","breadcrumb":{"@id":"https:\/\/plasticexpress.es\/ca\/producto\/articles-ca\/dispensadors-per-a-products-a-granel-i-exhibidors\/dispensador-de-cafe\/#breadcrumb"},"inLanguage":"ca","potentialAction":[{"@type":"ReadAction","target":["https:\/\/plasticexpress.es\/ca\/producto\/articles-ca\/dispensadors-per-a-products-a-granel-i-exhibidors\/dispensador-de-cafe\/"]}]},{"@type":"ImageObject","inLanguage":"ca","@id":"https:\/\/plasticexpress.es\/ca\/producto\/articles-ca\/dispensadors-per-a-products-a-granel-i-exhibidors\/dispensador-de-cafe\/#primaryimage","url":"https:\/\/plasticexpress.es\/wp-content\/uploads\/2022\/10\/G30-item-7757-3-54G-Coffee-Bean-Dispenser-IDM-Dispenser-2.jpg","contentUrl":"https:\/\/plasticexpress.es\/wp-content\/uploads\/2022\/10\/G30-item-7757-3-54G-Coffee-Bean-Dispenser-IDM-Dispenser-2.jpg","width":1080,"height":1440},{"@type":"BreadcrumbList","@id":"https:\/\/plasticexpress.es\/ca\/producto\/articles-ca\/dispensadors-per-a-products-a-granel-i-exhibidors\/dispensador-de-cafe\/#breadcrumb","itemListElement":[{"@type":"ListItem","position":1,"name":"Portada","item":"https:\/\/plasticexpress.es\/ca\/"},{"@type":"ListItem","position":2,"name":"Shop","item":"https:\/\/plasticexpress.es\/ca\/shop\/"},{"@type":"ListItem","position":3,"name":"Dispensador de caf\u00e8"}]},{"@type":"WebSite","@id":"https:\/\/plasticexpress.es\/ca\/#website","url":"https:\/\/plasticexpress.es\/ca\/","name":"Plasticexpress","description":"Venta de materiales y art\u00edculos de Metacrilato","potentialAction":[{"@type":"SearchAction","target":{"@type":"EntryPoint","urlTemplate":"https:\/\/plasticexpress.es\/ca\/?s={search_term_string}"},"query-input":{"@type":"PropertyValueSpecification","valueRequired":true,"valueName":"search_term_string"}}],"inLanguage":"ca"}]}},"_links":{"self":[{"href":"https:\/\/plasticexpress.es\/ca\/wp-json\/wp\/v2\/product\/17327","targetHints":{"allow":["GET"]}}],"collection":[{"href":"https:\/\/plasticexpress.es\/ca\/wp-json\/wp\/v2\/product"}],"about":[{"href":"https:\/\/plasticexpress.es\/ca\/wp-json\/wp\/v2\/types\/product"}],"replies":[{"embeddable":true,"href":"https:\/\/plasticexpress.es\/ca\/wp-json\/wp\/v2\/comments?post=17327"}],"version-history":[{"count":2,"href":"https:\/\/plasticexpress.es\/ca\/wp-json\/wp\/v2\/product\/17327\/revisions"}],"predecessor-version":[{"id":17797,"href":"https:\/\/plasticexpress.es\/ca\/wp-json\/wp\/v2\/product\/17327\/revisions\/17797"}],"wp:featuredmedia":[{"embeddable":true,"href":"https:\/\/plasticexpress.es\/ca\/wp-json\/wp\/v2\/media\/18946"}],"wp:attachment":[{"href":"https:\/\/plasticexpress.es\/ca\/wp-json\/wp\/v2\/media?parent=17327"}],"wp:term":[{"taxonomy":"product_brand","embeddable":true,"href":"https:\/\/plasticexpress.es\/ca\/wp-json\/wp\/v2\/product_brand?post=17327"},{"taxonomy":"product_cat","embeddable":true,"href":"https:\/\/plasticexpress.es\/ca\/wp-json\/wp\/v2\/product_cat?post=17327"},{"taxonomy":"product_tag","embeddable":true,"href":"https:\/\/plasticexpress.es\/ca\/wp-json\/wp\/v2\/product_tag?post=17327"}],"curies":[{"name":"wp","href":"https:\/\/api.w.org\/{rel}","templated":true}]}}