

{"id":17339,"date":"2022-10-06T12:47:03","date_gmt":"2022-10-06T11:47:03","guid":{"rendered":"https:\/\/plasticexpress.es\/producto\/Sense%20categoria\/dispensador-de-sobretaula\/"},"modified":"2023-01-04T23:45:26","modified_gmt":"2023-01-04T22:45:26","slug":"dispensador-de-sobretaula","status":"publish","type":"product","link":"https:\/\/plasticexpress.es\/ca\/producto\/articles-ca\/dispensadors-per-a-products-a-granel-i-exhibidors\/dispensador-de-sobretaula\/","title":{"rendered":"Dispensador de sobretaula"},"content":{"rendered":"<p>El seu mecanisme patentat \u201cFree Flow PRO\u201d t\u00e9 2 nivells de porcions (Est\u00e0ndard\/Baix) que permeten triar la quantitat de dosificaci\u00f3 perfecta per al seu aliment sec. El dispensador ve amb una barra de metall que pot fixar a un prestatge existent o amb una base de metall per a una subjecci\u00f3 m\u00e9s \u00e0mplia (es ven per separat) o amb suports de muntatge a paret (es venen per separat) Est\u00e0 fabricat amb contenidors &#8216; SAN&#8217;, tapa negra &#8216;ABS&#8217; i nansa de metall niquelat. Tots estan lliures de BPA i compleixen les regulacions de materials en contacte amb aliments de la FDA i la UE.<\/p>\n<p style=\"text-align: justify;\"><span style=\"font-weight: 400;\">Poder gaudir d&#8217;un bon bol de cereals o de bol de fruita seca, entre moltes altres possibilitats, pot ser molt m\u00e9s c\u00f2mode. Un bon <\/span><a href=\"https:\/\/plasticexpress.es\/ca\/articles-ca\/dispensadors-per-a-products-a-granel-i-exhibidors\/\"><span style=\"font-weight: 400;\">dispensador de sobretaula<\/span><\/a><span style=\"font-weight: 400;\"> permet regular les racions per a controlar sempre una mateixa quantitat, sense haver de preocupar-se a m\u00e9s de guardar la bossa o la caixa en cada ocasi\u00f3.<\/span><\/p>\n<p style=\"text-align: justify;\"><span style=\"font-weight: 400;\">A <\/span><strong>PlasticExpress<\/strong><span style=\"font-weight: 400;\"> et descobrirem el dispensador de sobretaula amb freeflow pro.<\/span><\/p>\n<h2 style=\"text-align: justify;\"><strong>\u00bfPer a qu\u00e8 serveixen els dispensadors de sobretaula?\u00a0<\/strong><\/h2>\n<p style=\"text-align: justify;\"><span style=\"font-weight: 400;\">Hi ha una \u00e0mplia quantitat d&#8217;<\/span><strong>aliments s\u00f2lids secs<\/strong><span style=\"font-weight: 400;\"> que es beneficien en gran manera de l&#8217;\u00fas de dispensadors sobretaula. Els m\u00e9s t\u00edpics s\u00f3n els cereals o la fruita seca, encara que aquest tipus d&#8217;articles s\u00f3n tamb\u00e9 \u00fatils per a elements com a llegums secs, arrossos i altres.<\/span><\/p>\n<p style=\"text-align: justify;\"><span style=\"font-weight: 400;\">Es tracta no sols d&#8217;una forma molt m\u00e9s c\u00f2moda de servir-se una raci\u00f3 de l&#8217;aliment desitjat, sin\u00f3 tamb\u00e9 d&#8217;una manera molt m\u00e9s organitzada i visible de conservar-los. Estant molt menys exposats a l&#8217;aire, els aliments continguts <\/span><strong>trigaran molt m\u00e9s a espatllar-se<\/strong><span style=\"font-weight: 400;\">, amb cereals i fruita seca que aguantaran aix\u00ed molt m\u00e9s temps cruixents i com el primer dia, a difer\u00e8ncia de si els mantens en la seva bossa oberta, en qu\u00e8 fins i tot en l&#8217;armari seguiran exposats a l&#8217;aire i la humitat ambiental.<\/span><\/p>\n<p style=\"text-align: justify;\"><span style=\"font-weight: 400;\">Un altre avantatge \u00e9s saber que cada vegada es pot servir una <\/span><strong>porci\u00f3 de la mateixa grand\u00e0ria<\/strong><span style=\"font-weight: 400;\">, alguna cosa que pot ser molt \u00fatil a l&#8217;hora de seguir dietes amb quantitats determinades i no tirar en cada ocasi\u00f3 una quantitat aproximada<\/span><\/p>\n<p style=\"text-align: justify;\"><span style=\"font-weight: 400;\">A m\u00e9s, un <\/span><strong>dispensador transparent<\/strong><span style=\"font-weight: 400;\"> permet veure en tot moment quant aliment queda en el seu interior, per la qual cosa permet comprovar d&#8217;un simple cop d&#8217;ull quan \u00e9s necessari comprar-ne m\u00e9s. Aquesta \u00e9s un avantatge que pot semblar evident, per\u00f2 que no ha de menysprear-se, i \u00e9s que tots ens hem vist obligats a realitzar una visita d&#8217;\u00faltima hora al supermercat despr\u00e9s d&#8217;haver obert el paquet d&#8217;una cosa desitjada i descobrir que amb prou feines en quedava res.<\/span><\/p>\n<p style=\"text-align: justify;\"><span style=\"font-weight: 400;\">Un dispensador de sobretaula pot situar-se a la cuina o a qualsevol balda o fins i tot un armari adequat. Quan parlem d&#8217;un dispensador de cereals, el m\u00e9s com\u00fa \u00e9s col\u00b7locar diversos d&#8217;ells junts per a poder triar el tipus de cereals que m\u00e9s vingui de gust en el moment o fins i tot per a poder barrejar-n\u2019hi diversos, i de la mateixa manera ocorre amb els fruits secs.<\/span><\/p>\n<h2 style=\"text-align: justify;\"><strong>Compra el teu dispensador de sobretaula amb freeflow pro a Plastic Express<\/strong><\/h2>\n<p style=\"text-align: justify;\"><span style=\"font-weight: 400;\">El <\/span><strong>dispensador de s\u00f2lids freeflow pro de Plastic Express<\/strong><span style=\"font-weight: 400;\"> compta amb el mecanisme patentat que permet triar entre <\/span><strong>2 nivells diferents de porcions<\/strong><span style=\"font-weight: 400;\">, est\u00e0ndard o baix, per a poder triar en cada ocasi\u00f3 la quantitat perfecta per a l&#8217;aliment en q\u00fcesti\u00f3.<\/span><\/p>\n<p style=\"text-align: justify;\"><span style=\"font-weight: 400;\">Es tracta d&#8217;un dispensador amb un contenidor fabricat en SAN, que \u00e9s pl\u00e0stic reciclat d&#8217;Alta Resist\u00e8ncia, un copol\u00edmer de Acrilonitril i Estir\u00e8 de gran resist\u00e8ncia tant mec\u00e0nica com qu\u00edmica, donant lloc a un <\/span><strong>material durador <\/strong><span style=\"font-weight: 400;\">i, per descomptat, lliure de BPA i en regla amb les regulacions de materials en contacte amb els aliments que la FDA i la UE marquen. La tapa negra \u00e9s d&#8217;ABS i l&#8217;ansa \u00e9s metall niquelat, la qual cosa resulta en un disseny atractiu i elegant, que donar\u00e0 un toc \u00fanic a qualsevol cuina o estan\u00e7a moderna i sofisticada.<\/span><\/p>\n<p style=\"text-align: justify;\"><span style=\"font-weight: 400;\">A m\u00e9s, el dispensador de sobretaula amb freeflow pro inclou una barra de metall amb la qual \u00e9s possible<\/span><strong> fixar-lo a qualsevol prestatge existent.<\/strong><span style=\"font-weight: 400;\"> Si aquest m\u00e8tode d&#8217;instal\u00b7laci\u00f3 no \u00e9s l&#8217;adequat per a les caracter\u00edstiques de l&#8217;espai en qu\u00e8 vols situar-lo, pots rec\u00f3rrer tant a la base de metall per a una major subjecci\u00f3 o als suports de muntatge en paret, tots dos adquiribles per separat i que permeten donar-li al dispensador una ubicaci\u00f3 perfecta en estances de qualsevol distribuci\u00f3.<\/span><\/p>\n<p style=\"text-align: justify;\"><span style=\"font-weight: 400;\">Recorda que si ets un professional que sol\u00b7licita material per a la seva activitat, en Plastic Express tenim<\/span><strong> descomptes i promocions<\/strong><span style=\"font-weight: 400;\"> especials per a tu: sabem l&#8217;important que \u00e9s mantenir un negoci amb el millor equipament possible i estem disposats a ajudar-te amb el teu.<\/span><\/p>\n<p style=\"text-align: justify;\"><span style=\"font-weight: 400;\">A m\u00e9s, per a comandes de m\u00e9s de 10 unitats d&#8217;un mateix producte, pots escriure&#8217;ns al nostre mail <\/span><a href=\"mailto:info@plasticexpress.es\"><span style=\"font-weight: 400;\">info@plasticexpress.es<\/span><\/a><span style=\"font-weight: 400;\"> i et proporcionarem informaci\u00f3 a mesura amb les promocions i descomptes disponibles per al teu cas concret.<\/span><\/p>\n<p style=\"text-align: justify;\"><strong>A Plastic Express fabriquem nosaltres mateixos els nostres propis productes<\/strong><span style=\"font-weight: 400;\"> i ens emmotllem a les necessitats del client. <\/span><strong>Si no tenim el que necessites<\/strong><span style=\"font-weight: 400;\">,<\/span><strong> ho fabricarem per a tu<\/strong><span style=\"font-weight: 400;\">. Per a aix\u00f2 seguim a l&#8217;avantguarda de les \u00faltimes tecnologies en materials pl\u00e0stics i subministrem a clients fent enviaments diaris a tota Europa des dels nostres m\u00faltiples tallers, amb un equip de professionals en constant formaci\u00f3 i que aplica sempre les \u00faltimes t\u00e8cniques del moment. Els nostres especialistes en pegat, mecanitzat CNC, tall per l\u00e0ser, doblegat de materials, termoformat i impressi\u00f3 s\u00f3n els millors en el seu camp.\u00a0<\/span><\/p>\n<p style=\"text-align: justify;\"><span style=\"font-weight: 400;\">Compra els teus dispensadors de sobretaula a la nostra botiga en l\u00ednia o emplena el formulari amb tots els detalls possibles de les teves necessitats perqu\u00e8 puguem contactar amb tu com m\u00e9s aviat millor i oferir-te un pressupost a la mesura del que necessites.<\/span><\/p>\n","protected":false},"excerpt":{"rendered":"<p>El seu mecanisme patentat \u201cFree Flow PRO\u201d t\u00e9 2 nivells de porcions (Est\u00e0ndard\/Baix) que permeten triar la quantitat de dosificaci\u00f3 perfecta per al seu aliment sec. El dispensador ve amb una barra de metall que pot fixar a un prestatge existent o amb una base de metall per a una subjecci\u00f3 m\u00e9s \u00e0mplia (es ven per separat) o amb suports de muntatge a paret (es venen per separat) Est\u00e0 fabricat amb contenidors &#8216; SAN&#8217;, tapa negra &#8216;ABS&#8217; i nansa de metall niquelat. Tots estan lliures de BPA i compleixen les regulacions de materials en contacte amb aliments de la FDA i la UE.<\/p>\n","protected":false},"featured_media":18949,"comment_status":"open","ping_status":"closed","template":"","meta":{"_acf_changed":false},"product_brand":[],"product_cat":[582,1619],"product_tag":[768,1141,813,740],"class_list":{"0":"post-17339","1":"product","2":"type-product","3":"status-publish","4":"has-post-thumbnail","6":"product_cat-articles-ca","7":"product_cat-dispensadors-per-a-products-a-granel-i-exhibidors","8":"product_tag-caixa-de-metacrilat","9":"product_tag-cerca-per-autor-de-metacrilat","10":"product_tag-metacrilat","11":"product_tag-metacrilat-incolor","13":"first","14":"instock","15":"shipping-taxable","16":"purchasable","17":"product-type-simple"},"acf":{"photo_gallery":{"opciones_de_agujeros":[[]]}},"yoast_head":"<!-- This site is optimized with the Yoast SEO plugin v27.2 - https:\/\/yoast.com\/product\/yoast-seo-wordpress\/ -->\n<title>Dispensador de sobretaula | Plasticexpress<\/title>\n<meta name=\"description\" content=\"Dispensador sobretaula per a productes granel. El dispensador ve amb una barra de metall que pot fixar un prestatge existent.\" \/>\n<meta name=\"robots\" content=\"index, follow, max-snippet:-1, max-image-preview:large, max-video-preview:-1\" \/>\n<link rel=\"canonical\" href=\"https:\/\/plasticexpress.es\/ca\/producto\/articles-ca\/dispensadors-per-a-products-a-granel-i-exhibidors\/dispensador-de-sobretaula\/\" \/>\n<meta property=\"og:locale\" content=\"ca_ES\" \/>\n<meta property=\"og:type\" content=\"article\" \/>\n<meta property=\"og:title\" content=\"Dispensador de sobretaula | Plasticexpress\" \/>\n<meta property=\"og:description\" content=\"Dispensador sobretaula per a productes granel. El dispensador ve amb una barra de metall que pot fixar un prestatge existent.\" \/>\n<meta property=\"og:url\" content=\"https:\/\/plasticexpress.es\/ca\/producto\/articles-ca\/dispensadors-per-a-products-a-granel-i-exhibidors\/dispensador-de-sobretaula\/\" \/>\n<meta property=\"og:site_name\" content=\"Plasticexpress\" \/>\n<meta property=\"article:modified_time\" content=\"2023-01-04T22:45:26+00:00\" \/>\n<meta property=\"og:image\" content=\"https:\/\/plasticexpress.es\/wp-content\/uploads\/2022\/10\/A05A5021-Large.jpg\" \/>\n\t<meta property=\"og:image:width\" content=\"667\" \/>\n\t<meta property=\"og:image:height\" content=\"1000\" \/>\n\t<meta property=\"og:image:type\" content=\"image\/jpeg\" \/>\n<meta name=\"twitter:card\" content=\"summary_large_image\" \/>\n<meta name=\"twitter:label1\" content=\"Temps estimat de lectura\" \/>\n\t<meta name=\"twitter:data1\" content=\"5 minuts\" \/>\n<script type=\"application\/ld+json\" class=\"yoast-schema-graph\">{\"@context\":\"https:\/\/schema.org\",\"@graph\":[{\"@type\":\"WebPage\",\"@id\":\"https:\/\/plasticexpress.es\/ca\/producto\/articles-ca\/dispensadors-per-a-products-a-granel-i-exhibidors\/dispensador-de-sobretaula\/\",\"url\":\"https:\/\/plasticexpress.es\/ca\/producto\/articles-ca\/dispensadors-per-a-products-a-granel-i-exhibidors\/dispensador-de-sobretaula\/\",\"name\":\"Dispensador de sobretaula | Plasticexpress\",\"isPartOf\":{\"@id\":\"https:\/\/plasticexpress.es\/ca\/#website\"},\"primaryImageOfPage\":{\"@id\":\"https:\/\/plasticexpress.es\/ca\/producto\/articles-ca\/dispensadors-per-a-products-a-granel-i-exhibidors\/dispensador-de-sobretaula\/#primaryimage\"},\"image\":{\"@id\":\"https:\/\/plasticexpress.es\/ca\/producto\/articles-ca\/dispensadors-per-a-products-a-granel-i-exhibidors\/dispensador-de-sobretaula\/#primaryimage\"},\"thumbnailUrl\":\"https:\/\/plasticexpress.es\/wp-content\/uploads\/2022\/10\/A05A5021-Large.jpg\",\"datePublished\":\"2022-10-06T11:47:03+00:00\",\"dateModified\":\"2023-01-04T22:45:26+00:00\",\"description\":\"Dispensador sobretaula per a productes granel. El dispensador ve amb una barra de metall que pot fixar un prestatge existent.\",\"breadcrumb\":{\"@id\":\"https:\/\/plasticexpress.es\/ca\/producto\/articles-ca\/dispensadors-per-a-products-a-granel-i-exhibidors\/dispensador-de-sobretaula\/#breadcrumb\"},\"inLanguage\":\"ca\",\"potentialAction\":[{\"@type\":\"ReadAction\",\"target\":[\"https:\/\/plasticexpress.es\/ca\/producto\/articles-ca\/dispensadors-per-a-products-a-granel-i-exhibidors\/dispensador-de-sobretaula\/\"]}]},{\"@type\":\"ImageObject\",\"inLanguage\":\"ca\",\"@id\":\"https:\/\/plasticexpress.es\/ca\/producto\/articles-ca\/dispensadors-per-a-products-a-granel-i-exhibidors\/dispensador-de-sobretaula\/#primaryimage\",\"url\":\"https:\/\/plasticexpress.es\/wp-content\/uploads\/2022\/10\/A05A5021-Large.jpg\",\"contentUrl\":\"https:\/\/plasticexpress.es\/wp-content\/uploads\/2022\/10\/A05A5021-Large.jpg\",\"width\":667,\"height\":1000},{\"@type\":\"BreadcrumbList\",\"@id\":\"https:\/\/plasticexpress.es\/ca\/producto\/articles-ca\/dispensadors-per-a-products-a-granel-i-exhibidors\/dispensador-de-sobretaula\/#breadcrumb\",\"itemListElement\":[{\"@type\":\"ListItem\",\"position\":1,\"name\":\"Portada\",\"item\":\"https:\/\/plasticexpress.es\/ca\/\"},{\"@type\":\"ListItem\",\"position\":2,\"name\":\"Shop\",\"item\":\"https:\/\/plasticexpress.es\/ca\/shop\/\"},{\"@type\":\"ListItem\",\"position\":3,\"name\":\"Dispensador de sobretaula\"}]},{\"@type\":\"WebSite\",\"@id\":\"https:\/\/plasticexpress.es\/ca\/#website\",\"url\":\"https:\/\/plasticexpress.es\/ca\/\",\"name\":\"Plasticexpress\",\"description\":\"Venta de materiales y art\u00edculos de Metacrilato\",\"potentialAction\":[{\"@type\":\"SearchAction\",\"target\":{\"@type\":\"EntryPoint\",\"urlTemplate\":\"https:\/\/plasticexpress.es\/ca\/?s={search_term_string}\"},\"query-input\":{\"@type\":\"PropertyValueSpecification\",\"valueRequired\":true,\"valueName\":\"search_term_string\"}}],\"inLanguage\":\"ca\"}]}<\/script>\n<!-- \/ Yoast SEO plugin. -->","yoast_head_json":{"title":"Dispensador de sobretaula | Plasticexpress","description":"Dispensador sobretaula per a productes granel. El dispensador ve amb una barra de metall que pot fixar un prestatge existent.","robots":{"index":"index","follow":"follow","max-snippet":"max-snippet:-1","max-image-preview":"max-image-preview:large","max-video-preview":"max-video-preview:-1"},"canonical":"https:\/\/plasticexpress.es\/ca\/producto\/articles-ca\/dispensadors-per-a-products-a-granel-i-exhibidors\/dispensador-de-sobretaula\/","og_locale":"ca_ES","og_type":"article","og_title":"Dispensador de sobretaula | Plasticexpress","og_description":"Dispensador sobretaula per a productes granel. El dispensador ve amb una barra de metall que pot fixar un prestatge existent.","og_url":"https:\/\/plasticexpress.es\/ca\/producto\/articles-ca\/dispensadors-per-a-products-a-granel-i-exhibidors\/dispensador-de-sobretaula\/","og_site_name":"Plasticexpress","article_modified_time":"2023-01-04T22:45:26+00:00","og_image":[{"width":667,"height":1000,"url":"https:\/\/plasticexpress.es\/wp-content\/uploads\/2022\/10\/A05A5021-Large.jpg","type":"image\/jpeg"}],"twitter_card":"summary_large_image","twitter_misc":{"Temps estimat de lectura":"5 minuts"},"schema":{"@context":"https:\/\/schema.org","@graph":[{"@type":"WebPage","@id":"https:\/\/plasticexpress.es\/ca\/producto\/articles-ca\/dispensadors-per-a-products-a-granel-i-exhibidors\/dispensador-de-sobretaula\/","url":"https:\/\/plasticexpress.es\/ca\/producto\/articles-ca\/dispensadors-per-a-products-a-granel-i-exhibidors\/dispensador-de-sobretaula\/","name":"Dispensador de sobretaula | Plasticexpress","isPartOf":{"@id":"https:\/\/plasticexpress.es\/ca\/#website"},"primaryImageOfPage":{"@id":"https:\/\/plasticexpress.es\/ca\/producto\/articles-ca\/dispensadors-per-a-products-a-granel-i-exhibidors\/dispensador-de-sobretaula\/#primaryimage"},"image":{"@id":"https:\/\/plasticexpress.es\/ca\/producto\/articles-ca\/dispensadors-per-a-products-a-granel-i-exhibidors\/dispensador-de-sobretaula\/#primaryimage"},"thumbnailUrl":"https:\/\/plasticexpress.es\/wp-content\/uploads\/2022\/10\/A05A5021-Large.jpg","datePublished":"2022-10-06T11:47:03+00:00","dateModified":"2023-01-04T22:45:26+00:00","description":"Dispensador sobretaula per a productes granel. El dispensador ve amb una barra de metall que pot fixar un prestatge existent.","breadcrumb":{"@id":"https:\/\/plasticexpress.es\/ca\/producto\/articles-ca\/dispensadors-per-a-products-a-granel-i-exhibidors\/dispensador-de-sobretaula\/#breadcrumb"},"inLanguage":"ca","potentialAction":[{"@type":"ReadAction","target":["https:\/\/plasticexpress.es\/ca\/producto\/articles-ca\/dispensadors-per-a-products-a-granel-i-exhibidors\/dispensador-de-sobretaula\/"]}]},{"@type":"ImageObject","inLanguage":"ca","@id":"https:\/\/plasticexpress.es\/ca\/producto\/articles-ca\/dispensadors-per-a-products-a-granel-i-exhibidors\/dispensador-de-sobretaula\/#primaryimage","url":"https:\/\/plasticexpress.es\/wp-content\/uploads\/2022\/10\/A05A5021-Large.jpg","contentUrl":"https:\/\/plasticexpress.es\/wp-content\/uploads\/2022\/10\/A05A5021-Large.jpg","width":667,"height":1000},{"@type":"BreadcrumbList","@id":"https:\/\/plasticexpress.es\/ca\/producto\/articles-ca\/dispensadors-per-a-products-a-granel-i-exhibidors\/dispensador-de-sobretaula\/#breadcrumb","itemListElement":[{"@type":"ListItem","position":1,"name":"Portada","item":"https:\/\/plasticexpress.es\/ca\/"},{"@type":"ListItem","position":2,"name":"Shop","item":"https:\/\/plasticexpress.es\/ca\/shop\/"},{"@type":"ListItem","position":3,"name":"Dispensador de sobretaula"}]},{"@type":"WebSite","@id":"https:\/\/plasticexpress.es\/ca\/#website","url":"https:\/\/plasticexpress.es\/ca\/","name":"Plasticexpress","description":"Venta de materiales y art\u00edculos de Metacrilato","potentialAction":[{"@type":"SearchAction","target":{"@type":"EntryPoint","urlTemplate":"https:\/\/plasticexpress.es\/ca\/?s={search_term_string}"},"query-input":{"@type":"PropertyValueSpecification","valueRequired":true,"valueName":"search_term_string"}}],"inLanguage":"ca"}]}},"_links":{"self":[{"href":"https:\/\/plasticexpress.es\/ca\/wp-json\/wp\/v2\/product\/17339","targetHints":{"allow":["GET"]}}],"collection":[{"href":"https:\/\/plasticexpress.es\/ca\/wp-json\/wp\/v2\/product"}],"about":[{"href":"https:\/\/plasticexpress.es\/ca\/wp-json\/wp\/v2\/types\/product"}],"replies":[{"embeddable":true,"href":"https:\/\/plasticexpress.es\/ca\/wp-json\/wp\/v2\/comments?post=17339"}],"version-history":[{"count":2,"href":"https:\/\/plasticexpress.es\/ca\/wp-json\/wp\/v2\/product\/17339\/revisions"}],"predecessor-version":[{"id":18038,"href":"https:\/\/plasticexpress.es\/ca\/wp-json\/wp\/v2\/product\/17339\/revisions\/18038"}],"wp:featuredmedia":[{"embeddable":true,"href":"https:\/\/plasticexpress.es\/ca\/wp-json\/wp\/v2\/media\/18949"}],"wp:attachment":[{"href":"https:\/\/plasticexpress.es\/ca\/wp-json\/wp\/v2\/media?parent=17339"}],"wp:term":[{"taxonomy":"product_brand","embeddable":true,"href":"https:\/\/plasticexpress.es\/ca\/wp-json\/wp\/v2\/product_brand?post=17339"},{"taxonomy":"product_cat","embeddable":true,"href":"https:\/\/plasticexpress.es\/ca\/wp-json\/wp\/v2\/product_cat?post=17339"},{"taxonomy":"product_tag","embeddable":true,"href":"https:\/\/plasticexpress.es\/ca\/wp-json\/wp\/v2\/product_tag?post=17339"}],"curies":[{"name":"wp","href":"https:\/\/api.w.org\/{rel}","templated":true}]}}