

{"id":17341,"date":"2022-10-06T12:47:03","date_gmt":"2022-10-06T11:47:03","guid":{"rendered":"https:\/\/plasticexpress.es\/producto\/Sense%20categoria\/dispensador-per-gravetat-9l\/"},"modified":"2022-11-17T11:06:55","modified_gmt":"2022-11-17T10:06:55","slug":"dispensador-per-gravetat-9l","status":"publish","type":"product","link":"https:\/\/plasticexpress.es\/ca\/producto\/articles-ca\/dispensadors-per-a-products-a-granel-i-exhibidors\/dispensador-per-gravetat-9l\/","title":{"rendered":"Dispensador per gravetat 9L"},"content":{"rendered":"<p>El seu mecanisme patentat de \u201cFlujo Libre\u201d t\u00e9 3 nivells de porcions (M\u00edn\/Mitj\u00e0\/M\u00e0x) que li permeten triar la quantitat de dosificaci\u00f3 perfecta per al seu aliment sec. Ve amb suports de muntatge en parets met\u00e0l\u00b7liques f\u00e0cils de penjar (accessori), recipients SAN, tapes i embuts recoberts de plata &#8216;ABS&#8217; i nanses de metall recobertes de n\u00edquel. Tots estan lliures de BPA i compleixen les regulacions de materials en contacte amb aliments de la FDA i la UE.<\/p>\n","protected":false},"excerpt":{"rendered":"<p>El seu mecanisme patentat de \u201cFlujo Libre\u201d t\u00e9 3 nivells de porcions (M\u00edn\/Mitj\u00e0\/M\u00e0x) que li permeten triar la quantitat de dosificaci\u00f3 perfecta per al seu aliment sec. Ve amb suports de muntatge en parets met\u00e0l\u00b7liques f\u00e0cils de penjar (accessori), recipients SAN, tapes i embuts recoberts de plata &#8216;ABS&#8217; i nanses de metall recobertes de n\u00edquel. Tots estan lliures de BPA i compleixen les regulacions de materials en contacte amb aliments de la FDA i la UE.<\/p>\n","protected":false},"featured_media":18958,"comment_status":"open","ping_status":"closed","template":"","meta":{"_acf_changed":false},"product_brand":[],"product_cat":[582,1619],"product_tag":[768,1141,813,740],"class_list":{"0":"post-17341","1":"product","2":"type-product","3":"status-publish","4":"has-post-thumbnail","6":"product_cat-articles-ca","7":"product_cat-dispensadors-per-a-products-a-granel-i-exhibidors","8":"product_tag-caixa-de-metacrilat","9":"product_tag-cerca-per-autor-de-metacrilat","10":"product_tag-metacrilat","11":"product_tag-metacrilat-incolor","13":"first","14":"instock","15":"shipping-taxable","16":"purchasable","17":"product-type-simple"},"acf":{"photo_gallery":{"opciones_de_agujeros":[[]]}},"yoast_head":"<!-- This site is optimized with the Yoast SEO plugin v27.2 - https:\/\/yoast.com\/product\/yoast-seo-wordpress\/ -->\n<title>Dispensador per gravetat 9L | Plasticexpress<\/title>\n<meta name=\"description\" content=\"Dispensador de productes a granel per gravetat amb capacitat fins a 9 litres. Ve amb suports de muntatge a paret f\u00e0cils de penjar.\" \/>\n<meta name=\"robots\" content=\"index, follow, max-snippet:-1, max-image-preview:large, max-video-preview:-1\" \/>\n<link rel=\"canonical\" href=\"https:\/\/plasticexpress.es\/ca\/producto\/articles-ca\/dispensadors-per-a-products-a-granel-i-exhibidors\/dispensador-per-gravetat-9l\/\" \/>\n<meta property=\"og:locale\" content=\"ca_ES\" \/>\n<meta property=\"og:type\" content=\"article\" \/>\n<meta property=\"og:title\" content=\"Dispensador per gravetat 9L | Plasticexpress\" \/>\n<meta property=\"og:description\" content=\"Dispensador de productes a granel per gravetat amb capacitat fins a 9 litres. Ve amb suports de muntatge a paret f\u00e0cils de penjar.\" \/>\n<meta property=\"og:url\" content=\"https:\/\/plasticexpress.es\/ca\/producto\/articles-ca\/dispensadors-per-a-products-a-granel-i-exhibidors\/dispensador-per-gravetat-9l\/\" \/>\n<meta property=\"og:site_name\" content=\"Plasticexpress\" \/>\n<meta property=\"article:modified_time\" content=\"2022-11-17T10:06:55+00:00\" \/>\n<meta property=\"og:image\" content=\"https:\/\/plasticexpress.es\/wp-content\/uploads\/2022\/10\/H50L-SI-FF-FreeFlow-5CYL-S-Wall-9L-New-Item-9999550F-Large.jpg\" \/>\n\t<meta property=\"og:image:width\" content=\"667\" \/>\n\t<meta property=\"og:image:height\" content=\"1000\" \/>\n\t<meta property=\"og:image:type\" content=\"image\/jpeg\" \/>\n<meta name=\"twitter:card\" content=\"summary_large_image\" \/>\n<script type=\"application\/ld+json\" class=\"yoast-schema-graph\">{\"@context\":\"https:\/\/schema.org\",\"@graph\":[{\"@type\":\"WebPage\",\"@id\":\"https:\/\/plasticexpress.es\/ca\/producto\/articles-ca\/dispensadors-per-a-products-a-granel-i-exhibidors\/dispensador-per-gravetat-9l\/\",\"url\":\"https:\/\/plasticexpress.es\/ca\/producto\/articles-ca\/dispensadors-per-a-products-a-granel-i-exhibidors\/dispensador-per-gravetat-9l\/\",\"name\":\"Dispensador per gravetat 9L | Plasticexpress\",\"isPartOf\":{\"@id\":\"https:\/\/plasticexpress.es\/ca\/#website\"},\"primaryImageOfPage\":{\"@id\":\"https:\/\/plasticexpress.es\/ca\/producto\/articles-ca\/dispensadors-per-a-products-a-granel-i-exhibidors\/dispensador-per-gravetat-9l\/#primaryimage\"},\"image\":{\"@id\":\"https:\/\/plasticexpress.es\/ca\/producto\/articles-ca\/dispensadors-per-a-products-a-granel-i-exhibidors\/dispensador-per-gravetat-9l\/#primaryimage\"},\"thumbnailUrl\":\"https:\/\/plasticexpress.es\/wp-content\/uploads\/2022\/10\/H50L-SI-FF-FreeFlow-5CYL-S-Wall-9L-New-Item-9999550F-Large.jpg\",\"datePublished\":\"2022-10-06T11:47:03+00:00\",\"dateModified\":\"2022-11-17T10:06:55+00:00\",\"description\":\"Dispensador de productes a granel per gravetat amb capacitat fins a 9 litres. Ve amb suports de muntatge a paret f\u00e0cils de penjar.\",\"breadcrumb\":{\"@id\":\"https:\/\/plasticexpress.es\/ca\/producto\/articles-ca\/dispensadors-per-a-products-a-granel-i-exhibidors\/dispensador-per-gravetat-9l\/#breadcrumb\"},\"inLanguage\":\"ca\",\"potentialAction\":[{\"@type\":\"ReadAction\",\"target\":[\"https:\/\/plasticexpress.es\/ca\/producto\/articles-ca\/dispensadors-per-a-products-a-granel-i-exhibidors\/dispensador-per-gravetat-9l\/\"]}]},{\"@type\":\"ImageObject\",\"inLanguage\":\"ca\",\"@id\":\"https:\/\/plasticexpress.es\/ca\/producto\/articles-ca\/dispensadors-per-a-products-a-granel-i-exhibidors\/dispensador-per-gravetat-9l\/#primaryimage\",\"url\":\"https:\/\/plasticexpress.es\/wp-content\/uploads\/2022\/10\/H50L-SI-FF-FreeFlow-5CYL-S-Wall-9L-New-Item-9999550F-Large.jpg\",\"contentUrl\":\"https:\/\/plasticexpress.es\/wp-content\/uploads\/2022\/10\/H50L-SI-FF-FreeFlow-5CYL-S-Wall-9L-New-Item-9999550F-Large.jpg\",\"width\":667,\"height\":1000},{\"@type\":\"BreadcrumbList\",\"@id\":\"https:\/\/plasticexpress.es\/ca\/producto\/articles-ca\/dispensadors-per-a-products-a-granel-i-exhibidors\/dispensador-per-gravetat-9l\/#breadcrumb\",\"itemListElement\":[{\"@type\":\"ListItem\",\"position\":1,\"name\":\"Portada\",\"item\":\"https:\/\/plasticexpress.es\/ca\/\"},{\"@type\":\"ListItem\",\"position\":2,\"name\":\"Shop\",\"item\":\"https:\/\/plasticexpress.es\/ca\/shop\/\"},{\"@type\":\"ListItem\",\"position\":3,\"name\":\"Dispensador per gravetat 9L\"}]},{\"@type\":\"WebSite\",\"@id\":\"https:\/\/plasticexpress.es\/ca\/#website\",\"url\":\"https:\/\/plasticexpress.es\/ca\/\",\"name\":\"Plasticexpress\",\"description\":\"Venta de materiales y art\u00edculos de Metacrilato\",\"potentialAction\":[{\"@type\":\"SearchAction\",\"target\":{\"@type\":\"EntryPoint\",\"urlTemplate\":\"https:\/\/plasticexpress.es\/ca\/?s={search_term_string}\"},\"query-input\":{\"@type\":\"PropertyValueSpecification\",\"valueRequired\":true,\"valueName\":\"search_term_string\"}}],\"inLanguage\":\"ca\"}]}<\/script>\n<!-- \/ Yoast SEO plugin. -->","yoast_head_json":{"title":"Dispensador per gravetat 9L | Plasticexpress","description":"Dispensador de productes a granel per gravetat amb capacitat fins a 9 litres. Ve amb suports de muntatge a paret f\u00e0cils de penjar.","robots":{"index":"index","follow":"follow","max-snippet":"max-snippet:-1","max-image-preview":"max-image-preview:large","max-video-preview":"max-video-preview:-1"},"canonical":"https:\/\/plasticexpress.es\/ca\/producto\/articles-ca\/dispensadors-per-a-products-a-granel-i-exhibidors\/dispensador-per-gravetat-9l\/","og_locale":"ca_ES","og_type":"article","og_title":"Dispensador per gravetat 9L | Plasticexpress","og_description":"Dispensador de productes a granel per gravetat amb capacitat fins a 9 litres. Ve amb suports de muntatge a paret f\u00e0cils de penjar.","og_url":"https:\/\/plasticexpress.es\/ca\/producto\/articles-ca\/dispensadors-per-a-products-a-granel-i-exhibidors\/dispensador-per-gravetat-9l\/","og_site_name":"Plasticexpress","article_modified_time":"2022-11-17T10:06:55+00:00","og_image":[{"width":667,"height":1000,"url":"https:\/\/plasticexpress.es\/wp-content\/uploads\/2022\/10\/H50L-SI-FF-FreeFlow-5CYL-S-Wall-9L-New-Item-9999550F-Large.jpg","type":"image\/jpeg"}],"twitter_card":"summary_large_image","schema":{"@context":"https:\/\/schema.org","@graph":[{"@type":"WebPage","@id":"https:\/\/plasticexpress.es\/ca\/producto\/articles-ca\/dispensadors-per-a-products-a-granel-i-exhibidors\/dispensador-per-gravetat-9l\/","url":"https:\/\/plasticexpress.es\/ca\/producto\/articles-ca\/dispensadors-per-a-products-a-granel-i-exhibidors\/dispensador-per-gravetat-9l\/","name":"Dispensador per gravetat 9L | Plasticexpress","isPartOf":{"@id":"https:\/\/plasticexpress.es\/ca\/#website"},"primaryImageOfPage":{"@id":"https:\/\/plasticexpress.es\/ca\/producto\/articles-ca\/dispensadors-per-a-products-a-granel-i-exhibidors\/dispensador-per-gravetat-9l\/#primaryimage"},"image":{"@id":"https:\/\/plasticexpress.es\/ca\/producto\/articles-ca\/dispensadors-per-a-products-a-granel-i-exhibidors\/dispensador-per-gravetat-9l\/#primaryimage"},"thumbnailUrl":"https:\/\/plasticexpress.es\/wp-content\/uploads\/2022\/10\/H50L-SI-FF-FreeFlow-5CYL-S-Wall-9L-New-Item-9999550F-Large.jpg","datePublished":"2022-10-06T11:47:03+00:00","dateModified":"2022-11-17T10:06:55+00:00","description":"Dispensador de productes a granel per gravetat amb capacitat fins a 9 litres. Ve amb suports de muntatge a paret f\u00e0cils de penjar.","breadcrumb":{"@id":"https:\/\/plasticexpress.es\/ca\/producto\/articles-ca\/dispensadors-per-a-products-a-granel-i-exhibidors\/dispensador-per-gravetat-9l\/#breadcrumb"},"inLanguage":"ca","potentialAction":[{"@type":"ReadAction","target":["https:\/\/plasticexpress.es\/ca\/producto\/articles-ca\/dispensadors-per-a-products-a-granel-i-exhibidors\/dispensador-per-gravetat-9l\/"]}]},{"@type":"ImageObject","inLanguage":"ca","@id":"https:\/\/plasticexpress.es\/ca\/producto\/articles-ca\/dispensadors-per-a-products-a-granel-i-exhibidors\/dispensador-per-gravetat-9l\/#primaryimage","url":"https:\/\/plasticexpress.es\/wp-content\/uploads\/2022\/10\/H50L-SI-FF-FreeFlow-5CYL-S-Wall-9L-New-Item-9999550F-Large.jpg","contentUrl":"https:\/\/plasticexpress.es\/wp-content\/uploads\/2022\/10\/H50L-SI-FF-FreeFlow-5CYL-S-Wall-9L-New-Item-9999550F-Large.jpg","width":667,"height":1000},{"@type":"BreadcrumbList","@id":"https:\/\/plasticexpress.es\/ca\/producto\/articles-ca\/dispensadors-per-a-products-a-granel-i-exhibidors\/dispensador-per-gravetat-9l\/#breadcrumb","itemListElement":[{"@type":"ListItem","position":1,"name":"Portada","item":"https:\/\/plasticexpress.es\/ca\/"},{"@type":"ListItem","position":2,"name":"Shop","item":"https:\/\/plasticexpress.es\/ca\/shop\/"},{"@type":"ListItem","position":3,"name":"Dispensador per gravetat 9L"}]},{"@type":"WebSite","@id":"https:\/\/plasticexpress.es\/ca\/#website","url":"https:\/\/plasticexpress.es\/ca\/","name":"Plasticexpress","description":"Venta de materiales y art\u00edculos de Metacrilato","potentialAction":[{"@type":"SearchAction","target":{"@type":"EntryPoint","urlTemplate":"https:\/\/plasticexpress.es\/ca\/?s={search_term_string}"},"query-input":{"@type":"PropertyValueSpecification","valueRequired":true,"valueName":"search_term_string"}}],"inLanguage":"ca"}]}},"_links":{"self":[{"href":"https:\/\/plasticexpress.es\/ca\/wp-json\/wp\/v2\/product\/17341","targetHints":{"allow":["GET"]}}],"collection":[{"href":"https:\/\/plasticexpress.es\/ca\/wp-json\/wp\/v2\/product"}],"about":[{"href":"https:\/\/plasticexpress.es\/ca\/wp-json\/wp\/v2\/types\/product"}],"replies":[{"embeddable":true,"href":"https:\/\/plasticexpress.es\/ca\/wp-json\/wp\/v2\/comments?post=17341"}],"version-history":[{"count":1,"href":"https:\/\/plasticexpress.es\/ca\/wp-json\/wp\/v2\/product\/17341\/revisions"}],"predecessor-version":[{"id":17472,"href":"https:\/\/plasticexpress.es\/ca\/wp-json\/wp\/v2\/product\/17341\/revisions\/17472"}],"wp:featuredmedia":[{"embeddable":true,"href":"https:\/\/plasticexpress.es\/ca\/wp-json\/wp\/v2\/media\/18958"}],"wp:attachment":[{"href":"https:\/\/plasticexpress.es\/ca\/wp-json\/wp\/v2\/media?parent=17341"}],"wp:term":[{"taxonomy":"product_brand","embeddable":true,"href":"https:\/\/plasticexpress.es\/ca\/wp-json\/wp\/v2\/product_brand?post=17341"},{"taxonomy":"product_cat","embeddable":true,"href":"https:\/\/plasticexpress.es\/ca\/wp-json\/wp\/v2\/product_cat?post=17341"},{"taxonomy":"product_tag","embeddable":true,"href":"https:\/\/plasticexpress.es\/ca\/wp-json\/wp\/v2\/product_tag?post=17341"}],"curies":[{"name":"wp","href":"https:\/\/api.w.org\/{rel}","templated":true}]}}