

{"id":17343,"date":"2022-10-06T12:47:01","date_gmt":"2022-10-06T11:47:01","guid":{"rendered":"https:\/\/plasticexpress.es\/producto\/Sense%20categoria\/dispensador-vertical\/"},"modified":"2023-01-03T23:46:35","modified_gmt":"2023-01-03T22:46:35","slug":"dispensador-vertical","status":"publish","type":"product","link":"https:\/\/plasticexpress.es\/ca\/producto\/articles-ca\/dispensadors-per-a-products-a-granel-i-exhibidors\/dispensador-vertical\/","title":{"rendered":"Dispensador vertical"},"content":{"rendered":"<p>Dispensador de productes sense empaquetar i a granel. Fabricat en metacrilat incolor d&#8217;alta nitidesa \u00f2ptica i amb frontisses transparents. Dues portes abatibles, la superior per afegir-hi el contingut i la segona per dispensar-lo al client. Dispensador de productes de tot tipus amb total lleugeresa i transpar\u00e8ncia en prestatges de poca \u00e0rea de profunditat.<\/p>\n<h1 style=\"text-align: justify;\"><strong>Caixa dispensadora modular amb tapa<\/strong><\/h1>\n<p style=\"text-align: justify;\">\n<p style=\"text-align: justify;\"><span style=\"font-weight: 400;\">Els <\/span><strong>dispensadors modulars<\/strong><span style=\"font-weight: 400;\"> s\u00f3n productes molt eficients que presenten quantitat d&#8217;usos. Quan estan fabricats de metacrilat, proporcionen una gran resist\u00e8ncia, durabilitat i criteri est\u00e8tic, la qual cosa els converteix en accessoris molt atractius per a incorporar en els comer\u00e7os i tot tipus de negocis.<\/span><\/p>\n<p style=\"text-align: justify;\"><strong>El metacrilat \u00e9s un pl\u00e0stic transparent<\/strong><span style=\"font-weight: 400;\">, la qual cosa permet veure el que hi ha a l&#8217;interior de la <\/span><a href=\"https:\/\/plasticexpress.es\/ca\/producto\/articles-ca\/dispensadors-per-a-products-a-granel-i-exhibidors\/caixa-dexhibicio-angulada\/\"><span style=\"font-weight: 400;\">caixa dispensadora modular amb tapa<\/span><\/a><span style=\"font-weight: 400;\"> encara que aquesta estigui tancada, protegint la integritat dels productes que es guarden en ella. El material \u00e9s r\u00edgid i amb capacitat d&#8217;aguantar perfectament l&#8217;impacte dels agents atmosf\u00e8rics: una inversi\u00f3 a llarg termini.<\/span><\/p>\n<p style=\"text-align: justify;\"><span style=\"font-weight: 400;\">Per a un <\/span><strong>bon manteniment <\/strong><span style=\"font-weight: 400;\">nom\u00e9s cal <\/span><strong>netejar regularment<\/strong><span style=\"font-weight: 400;\"> aquests objectes, per a aix\u00f2 no \u00e9s necessari implementar productes especials o amb preus elevats. De fet, amb aigua i sab\u00f3 ja es poden obtenir molt bons resultats en el dia a dia.<\/span><\/p>\n<p style=\"text-align: justify;\"><span style=\"font-weight: 400;\">Una altra de les seves qualitats \u00e9s que, a m\u00e9s de la seva caracter\u00edstica transpar\u00e8ncia, el metacrilat tamb\u00e9 es pot obtenir en altres colors per a crear dispensadors personalitzats i de disseny. El resultat d&#8217;aix\u00f2 pot contribuir a la<\/span><strong> decoraci\u00f3 dels establiments<\/strong><span style=\"font-weight: 400;\">, a m\u00e9s de les seves funcionalitats com a expositor o d&#8217;emmagatzematge.<\/span><\/p>\n<p style=\"text-align: justify;\">\n<h2 style=\"text-align: justify;\"><strong>Per a qu\u00e8 serveixen les caixes dispensadores modulars?<\/strong><\/h2>\n<p style=\"text-align: justify;\"><span style=\"font-weight: 400;\">El <\/span><strong>dispensador modular amb tapa<\/strong><span style=\"font-weight: 400;\"> \u00e9s un objecte que pot tenir diferents dimensions, que permet guardar aliments o altres productes en el seu interior conservant-los perfectament i fins i tot pot fer que siguin visibles des de fora sense obrir les tapes.<\/span><\/p>\n<p style=\"text-align: justify;\"><span style=\"font-weight: 400;\">Donades les seves qualitats, s&#8217;empren en gran quantitat de sectors. Aquests s\u00f3n alguns dels seus <\/span><strong>principals usos<\/strong><span style=\"font-weight: 400;\">.<\/span><\/p>\n<h3 style=\"text-align: justify;\"><strong>Caixa exhibidora<\/strong><\/h3>\n<p style=\"text-align: justify;\"><span style=\"font-weight: 400;\">La caixa dispensadora modular amb tapa pot servir per a <\/span><strong>exhibir qualsevol producte<\/strong><span style=\"font-weight: 400;\"> a les botigues i que els clients tinguin l&#8217;oportunitat de veure el seu aspecte i l&#8217;estat en el qual es troba, mentre es troba protegit a l&#8217;interior de la caixa. \u00c9s realment \u00fatil en els establiments d&#8217;alimentaci\u00f3 o venda de productes a granel.<\/span><\/p>\n<h3 style=\"text-align: justify;\"><strong>Dispensador de caf\u00e8<\/strong><\/h3>\n<p style=\"text-align: justify;\"><span style=\"font-weight: 400;\">Un dels aliments que guarda el dispensador modular amb tapa amb \u00e8xit \u00e9s el <\/span><strong>caf\u00e8<\/strong><span style=\"font-weight: 400;\">, especialment per als <\/span><strong>establiments que el venen en gra<\/strong><span style=\"font-weight: 400;\">. \u00c9s un producte que es deteriora amb gran facilitat en contacte amb l&#8217;oxigen, una cosa de la qual es pot protegir quan es conserven en aquests sistemes d&#8217;emmagatzematge. Els que estan fabricats de metacrilat proporcionen una resist\u00e8ncia molt major als de vidre o metall, per la qual cosa conserven molt millor aquest tipus de productes.<\/span><\/p>\n<h3 style=\"text-align: justify;\"><strong>Multiproducte<\/strong><\/h3>\n<p style=\"text-align: justify;\"><strong>El dispensador multiproducte <\/strong><span style=\"font-weight: 400;\">ve amb una separaci\u00f3 en el seu interior per a poder mostrar almenys dos productes alhora en un mateix recipient. Quan hi ha molta varietat en una botiga, apostar per aquesta mena de models pot ser de gran utilitat a l&#8217;hora d&#8217;estalviar en espai i log\u00edstica. Vetllaran per la bona conservaci\u00f3 de tots ells i permeten la visibilitat a l&#8217;interior, igual que la resta dels models.<\/span><\/p>\n<h3 style=\"text-align: justify;\"><span style=\"font-weight: 400;\">Dispensador d&#8217;herbes i polvoritzats<\/span><\/h3>\n<p style=\"text-align: justify;\"><span style=\"font-weight: 400;\">Els <\/span><strong>articles que es venen al pes<\/strong><span style=\"font-weight: 400;\"> es poden integrar en els dispensadors amb facilitat, mantenint les seves propietats i permetent que el client observi com s\u00f3n, a m\u00e9s de triar les dosis que desitja adquirir. Serveix per a infusions de tota mena, tes i altres variants.<\/span><\/p>\n<h3 style=\"text-align: justify;\"><strong>Venda de detergent a granel<\/strong><\/h3>\n<p style=\"text-align: justify;\"><span style=\"font-weight: 400;\">Les propietats de les caixes dispensadores les fan molt atractives per als productes d&#8217;alimentaci\u00f3, per\u00f2 tamb\u00e9 permeten integrar uns altres molt diferents com els <\/span><strong>detergents que es venen a granel.<\/strong><span style=\"font-weight: 400;\"> De fet, poden ser molt \u00fatils m\u00e9s enll\u00e0 dels serveis de venda, tamb\u00e9 per a integrar en negocis com les bugaderies autom\u00e0tiques.<\/span><\/p>\n<h3 style=\"text-align: justify;\"><strong>CaIXa dispensadora per a l\u2019arr\u00f2s<\/strong><\/h3>\n<p style=\"text-align: justify;\"><span style=\"font-weight: 400;\">L&#8217;arr\u00f2s \u00e9s un altre aliment que pot vendre&#8217;s a granel i en diferents varietats que fins i tot es diferencien a simple vista:<\/span><strong> el bomba, l&#8217;integral, el basmati<\/strong><span style=\"font-weight: 400;\">\u2026 En la caixa dispensadora es poden guardar perfectament i comercialitzar a pes sense risc que el producte s&#8217;espatlli per l&#8217;acci\u00f3 de la humitat o altres agents externs.<\/span><\/p>\n<h2 style=\"text-align: justify;\"><\/h2>\n<h2 style=\"text-align: justify;\"><strong>Compra la teva caixa dispensadora modular a Plastic Express<\/strong><\/h2>\n<p style=\"text-align: justify;\"><span style=\"font-weight: 400;\">A<\/span><strong> Plastic Express<\/strong><span style=\"font-weight: 400;\"> trobar\u00e0s quantitat de solucions d&#8217;emmagatzematge, <\/span><a href=\"https:\/\/plasticexpress.es\/ca\/articles-ca\/dispensadors-per-a-products-a-granel-i-exhibidors\/\"><span style=\"font-weight: 400;\">dispensadors a granel i exhibidors<\/span><\/a><span style=\"font-weight: 400;\">. Com a fabricants de productes pl\u00e0stics especialitzats, trobar\u00e0s varietat d&#8217;accessoris elaborats amb metacrilat de primera qualitat i totalment funcionals per als teus negocis, la teva llar o la teva oficina.<\/span><\/p>\n<p style=\"text-align: justify;\"><span style=\"font-weight: 400;\">Les <\/span><strong>col\u00b7leccions exclusives<\/strong><span style=\"font-weight: 400;\"> han estat dissenyades per professionals del sector que contemplen tots els aspectes que preocupen els clients: qualitat en els acabats, un disseny potent, bons materials i utilitat. Tot pensat perqu\u00e8 cada producte es trobi al mateix nivell de les teves expectatives.<\/span><\/p>\n<p style=\"text-align: justify;\"><span style=\"font-weight: 400;\">A m\u00e9s, com a especialistes en fabricaci\u00f3 de tota mena de pl\u00e0stics i metacrilat, tamb\u00e9 podr\u00e0s encarregar els<\/span><strong> productes a mida<\/strong><span style=\"font-weight: 400;\"> amb les condicions que necessites per al teu negoci. Nom\u00e9s has d&#8217;indicar les dimensions, material i tipus de producte perqu\u00e8 es faci realitat en temps r\u00e8cord.<\/span><\/p>\n<p style=\"text-align: justify;\"><span style=\"font-weight: 400;\">La comoditat tamb\u00e9 \u00e9s essencial a Plastic Express i sabem que el teu temps \u00e9s or. Per aix\u00f2 trobar\u00e0s un c\u00f2mode<\/span><strong> servei en l\u00ednia<\/strong><span style=\"font-weight: 400;\"> mitjan\u00e7ant el qual comprar els teus productes, sol\u00b7licitar pressupostos o demanar tarifes a mesura.<\/span><\/p>\n","protected":false},"excerpt":{"rendered":"<p>Dispensador de productes sense empaquetar i a granel. Fabricat en metacrilat incolor d&#8217;alta nitidesa \u00f2ptica i amb frontisses transparents. Dues portes abatibles, la superior per afegir-hi el contingut i la segona per dispensar-lo al client. Dispensador de productes de tot tipus amb total lleugeresa i transpar\u00e8ncia en prestatges de poca \u00e0rea de profunditat.<\/p>\n","protected":false},"featured_media":18964,"comment_status":"open","ping_status":"closed","template":"","meta":{"_acf_changed":false},"product_brand":[],"product_cat":[582,1619],"product_tag":[768,1141,813,740],"class_list":{"0":"post-17343","1":"product","2":"type-product","3":"status-publish","4":"has-post-thumbnail","6":"product_cat-articles-ca","7":"product_cat-dispensadors-per-a-products-a-granel-i-exhibidors","8":"product_tag-caixa-de-metacrilat","9":"product_tag-cerca-per-autor-de-metacrilat","10":"product_tag-metacrilat","11":"product_tag-metacrilat-incolor","13":"first","14":"instock","15":"shipping-taxable","16":"purchasable","17":"product-type-simple"},"acf":{"photo_gallery":{"opciones_de_agujeros":[[]]}},"yoast_head":"<!-- This site is optimized with the Yoast SEO plugin v27.4 - https:\/\/yoast.com\/product\/yoast-seo-wordpress\/ -->\n<title>Dispensador vertical | Plasticexpress<\/title>\n<meta name=\"description\" content=\"Dispensador per a productes a granel de forma vertical. Fabricat amb metacrilat incolor per a una \u00f2ptima exposici\u00f3 de productes.\" \/>\n<meta name=\"robots\" content=\"index, follow, max-snippet:-1, max-image-preview:large, max-video-preview:-1\" \/>\n<link rel=\"canonical\" href=\"https:\/\/plasticexpress.es\/ca\/producto\/articles-ca\/dispensadors-per-a-products-a-granel-i-exhibidors\/dispensador-vertical\/\" \/>\n<meta property=\"og:locale\" content=\"ca_ES\" \/>\n<meta property=\"og:type\" content=\"article\" \/>\n<meta property=\"og:title\" content=\"Dispensador vertical | Plasticexpress\" \/>\n<meta property=\"og:description\" content=\"Dispensador per a productes a granel de forma vertical. Fabricat amb metacrilat incolor per a una \u00f2ptima exposici\u00f3 de productes.\" \/>\n<meta property=\"og:url\" content=\"https:\/\/plasticexpress.es\/ca\/producto\/articles-ca\/dispensadors-per-a-products-a-granel-i-exhibidors\/dispensador-vertical\/\" \/>\n<meta property=\"og:site_name\" content=\"Plasticexpress\" \/>\n<meta property=\"article:modified_time\" content=\"2023-01-03T22:46:35+00:00\" \/>\n<meta property=\"og:image\" content=\"https:\/\/plasticexpress.es\/wp-content\/uploads\/2022\/10\/IMG_6571-scaled.jpg\" \/>\n\t<meta property=\"og:image:width\" content=\"2560\" \/>\n\t<meta property=\"og:image:height\" content=\"1707\" \/>\n\t<meta property=\"og:image:type\" content=\"image\/jpeg\" \/>\n<meta name=\"twitter:card\" content=\"summary_large_image\" \/>\n<meta name=\"twitter:label1\" content=\"Temps estimat de lectura\" \/>\n\t<meta name=\"twitter:data1\" content=\"5 minuts\" \/>\n<script type=\"application\/ld+json\" class=\"yoast-schema-graph\">{\"@context\":\"https:\\\/\\\/schema.org\",\"@graph\":[{\"@type\":\"WebPage\",\"@id\":\"https:\\\/\\\/plasticexpress.es\\\/ca\\\/producto\\\/articles-ca\\\/dispensadors-per-a-products-a-granel-i-exhibidors\\\/dispensador-vertical\\\/\",\"url\":\"https:\\\/\\\/plasticexpress.es\\\/ca\\\/producto\\\/articles-ca\\\/dispensadors-per-a-products-a-granel-i-exhibidors\\\/dispensador-vertical\\\/\",\"name\":\"Dispensador vertical | Plasticexpress\",\"isPartOf\":{\"@id\":\"https:\\\/\\\/plasticexpress.es\\\/ca\\\/#website\"},\"primaryImageOfPage\":{\"@id\":\"https:\\\/\\\/plasticexpress.es\\\/ca\\\/producto\\\/articles-ca\\\/dispensadors-per-a-products-a-granel-i-exhibidors\\\/dispensador-vertical\\\/#primaryimage\"},\"image\":{\"@id\":\"https:\\\/\\\/plasticexpress.es\\\/ca\\\/producto\\\/articles-ca\\\/dispensadors-per-a-products-a-granel-i-exhibidors\\\/dispensador-vertical\\\/#primaryimage\"},\"thumbnailUrl\":\"https:\\\/\\\/plasticexpress.es\\\/wp-content\\\/uploads\\\/2022\\\/10\\\/IMG_6571-scaled.jpg\",\"datePublished\":\"2022-10-06T11:47:01+00:00\",\"dateModified\":\"2023-01-03T22:46:35+00:00\",\"description\":\"Dispensador per a productes a granel de forma vertical. Fabricat amb metacrilat incolor per a una \u00f2ptima exposici\u00f3 de productes.\",\"breadcrumb\":{\"@id\":\"https:\\\/\\\/plasticexpress.es\\\/ca\\\/producto\\\/articles-ca\\\/dispensadors-per-a-products-a-granel-i-exhibidors\\\/dispensador-vertical\\\/#breadcrumb\"},\"inLanguage\":\"ca\",\"potentialAction\":[{\"@type\":\"ReadAction\",\"target\":[\"https:\\\/\\\/plasticexpress.es\\\/ca\\\/producto\\\/articles-ca\\\/dispensadors-per-a-products-a-granel-i-exhibidors\\\/dispensador-vertical\\\/\"]}]},{\"@type\":\"ImageObject\",\"inLanguage\":\"ca\",\"@id\":\"https:\\\/\\\/plasticexpress.es\\\/ca\\\/producto\\\/articles-ca\\\/dispensadors-per-a-products-a-granel-i-exhibidors\\\/dispensador-vertical\\\/#primaryimage\",\"url\":\"https:\\\/\\\/plasticexpress.es\\\/wp-content\\\/uploads\\\/2022\\\/10\\\/IMG_6571-scaled.jpg\",\"contentUrl\":\"https:\\\/\\\/plasticexpress.es\\\/wp-content\\\/uploads\\\/2022\\\/10\\\/IMG_6571-scaled.jpg\",\"width\":2560,\"height\":1707},{\"@type\":\"BreadcrumbList\",\"@id\":\"https:\\\/\\\/plasticexpress.es\\\/ca\\\/producto\\\/articles-ca\\\/dispensadors-per-a-products-a-granel-i-exhibidors\\\/dispensador-vertical\\\/#breadcrumb\",\"itemListElement\":[{\"@type\":\"ListItem\",\"position\":1,\"name\":\"Portada\",\"item\":\"https:\\\/\\\/plasticexpress.es\\\/ca\\\/\"},{\"@type\":\"ListItem\",\"position\":2,\"name\":\"Shop\",\"item\":\"https:\\\/\\\/plasticexpress.es\\\/ca\\\/shop\\\/\"},{\"@type\":\"ListItem\",\"position\":3,\"name\":\"Dispensador vertical\"}]},{\"@type\":\"WebSite\",\"@id\":\"https:\\\/\\\/plasticexpress.es\\\/ca\\\/#website\",\"url\":\"https:\\\/\\\/plasticexpress.es\\\/ca\\\/\",\"name\":\"Plasticexpress\",\"description\":\"Venta de materiales y art\u00edculos de Metacrilato\",\"potentialAction\":[{\"@type\":\"SearchAction\",\"target\":{\"@type\":\"EntryPoint\",\"urlTemplate\":\"https:\\\/\\\/plasticexpress.es\\\/ca\\\/?s={search_term_string}\"},\"query-input\":{\"@type\":\"PropertyValueSpecification\",\"valueRequired\":true,\"valueName\":\"search_term_string\"}}],\"inLanguage\":\"ca\"}]}<\/script>\n<!-- \/ Yoast SEO plugin. -->","yoast_head_json":{"title":"Dispensador vertical | Plasticexpress","description":"Dispensador per a productes a granel de forma vertical. Fabricat amb metacrilat incolor per a una \u00f2ptima exposici\u00f3 de productes.","robots":{"index":"index","follow":"follow","max-snippet":"max-snippet:-1","max-image-preview":"max-image-preview:large","max-video-preview":"max-video-preview:-1"},"canonical":"https:\/\/plasticexpress.es\/ca\/producto\/articles-ca\/dispensadors-per-a-products-a-granel-i-exhibidors\/dispensador-vertical\/","og_locale":"ca_ES","og_type":"article","og_title":"Dispensador vertical | Plasticexpress","og_description":"Dispensador per a productes a granel de forma vertical. Fabricat amb metacrilat incolor per a una \u00f2ptima exposici\u00f3 de productes.","og_url":"https:\/\/plasticexpress.es\/ca\/producto\/articles-ca\/dispensadors-per-a-products-a-granel-i-exhibidors\/dispensador-vertical\/","og_site_name":"Plasticexpress","article_modified_time":"2023-01-03T22:46:35+00:00","og_image":[{"width":2560,"height":1707,"url":"https:\/\/plasticexpress.es\/wp-content\/uploads\/2022\/10\/IMG_6571-scaled.jpg","type":"image\/jpeg"}],"twitter_card":"summary_large_image","twitter_misc":{"Temps estimat de lectura":"5 minuts"},"schema":{"@context":"https:\/\/schema.org","@graph":[{"@type":"WebPage","@id":"https:\/\/plasticexpress.es\/ca\/producto\/articles-ca\/dispensadors-per-a-products-a-granel-i-exhibidors\/dispensador-vertical\/","url":"https:\/\/plasticexpress.es\/ca\/producto\/articles-ca\/dispensadors-per-a-products-a-granel-i-exhibidors\/dispensador-vertical\/","name":"Dispensador vertical | Plasticexpress","isPartOf":{"@id":"https:\/\/plasticexpress.es\/ca\/#website"},"primaryImageOfPage":{"@id":"https:\/\/plasticexpress.es\/ca\/producto\/articles-ca\/dispensadors-per-a-products-a-granel-i-exhibidors\/dispensador-vertical\/#primaryimage"},"image":{"@id":"https:\/\/plasticexpress.es\/ca\/producto\/articles-ca\/dispensadors-per-a-products-a-granel-i-exhibidors\/dispensador-vertical\/#primaryimage"},"thumbnailUrl":"https:\/\/plasticexpress.es\/wp-content\/uploads\/2022\/10\/IMG_6571-scaled.jpg","datePublished":"2022-10-06T11:47:01+00:00","dateModified":"2023-01-03T22:46:35+00:00","description":"Dispensador per a productes a granel de forma vertical. Fabricat amb metacrilat incolor per a una \u00f2ptima exposici\u00f3 de productes.","breadcrumb":{"@id":"https:\/\/plasticexpress.es\/ca\/producto\/articles-ca\/dispensadors-per-a-products-a-granel-i-exhibidors\/dispensador-vertical\/#breadcrumb"},"inLanguage":"ca","potentialAction":[{"@type":"ReadAction","target":["https:\/\/plasticexpress.es\/ca\/producto\/articles-ca\/dispensadors-per-a-products-a-granel-i-exhibidors\/dispensador-vertical\/"]}]},{"@type":"ImageObject","inLanguage":"ca","@id":"https:\/\/plasticexpress.es\/ca\/producto\/articles-ca\/dispensadors-per-a-products-a-granel-i-exhibidors\/dispensador-vertical\/#primaryimage","url":"https:\/\/plasticexpress.es\/wp-content\/uploads\/2022\/10\/IMG_6571-scaled.jpg","contentUrl":"https:\/\/plasticexpress.es\/wp-content\/uploads\/2022\/10\/IMG_6571-scaled.jpg","width":2560,"height":1707},{"@type":"BreadcrumbList","@id":"https:\/\/plasticexpress.es\/ca\/producto\/articles-ca\/dispensadors-per-a-products-a-granel-i-exhibidors\/dispensador-vertical\/#breadcrumb","itemListElement":[{"@type":"ListItem","position":1,"name":"Portada","item":"https:\/\/plasticexpress.es\/ca\/"},{"@type":"ListItem","position":2,"name":"Shop","item":"https:\/\/plasticexpress.es\/ca\/shop\/"},{"@type":"ListItem","position":3,"name":"Dispensador vertical"}]},{"@type":"WebSite","@id":"https:\/\/plasticexpress.es\/ca\/#website","url":"https:\/\/plasticexpress.es\/ca\/","name":"Plasticexpress","description":"Venta de materiales y art\u00edculos de Metacrilato","potentialAction":[{"@type":"SearchAction","target":{"@type":"EntryPoint","urlTemplate":"https:\/\/plasticexpress.es\/ca\/?s={search_term_string}"},"query-input":{"@type":"PropertyValueSpecification","valueRequired":true,"valueName":"search_term_string"}}],"inLanguage":"ca"}]}},"_links":{"self":[{"href":"https:\/\/plasticexpress.es\/ca\/wp-json\/wp\/v2\/product\/17343","targetHints":{"allow":["GET"]}}],"collection":[{"href":"https:\/\/plasticexpress.es\/ca\/wp-json\/wp\/v2\/product"}],"about":[{"href":"https:\/\/plasticexpress.es\/ca\/wp-json\/wp\/v2\/types\/product"}],"replies":[{"embeddable":true,"href":"https:\/\/plasticexpress.es\/ca\/wp-json\/wp\/v2\/comments?post=17343"}],"version-history":[{"count":2,"href":"https:\/\/plasticexpress.es\/ca\/wp-json\/wp\/v2\/product\/17343\/revisions"}],"predecessor-version":[{"id":18027,"href":"https:\/\/plasticexpress.es\/ca\/wp-json\/wp\/v2\/product\/17343\/revisions\/18027"}],"wp:featuredmedia":[{"embeddable":true,"href":"https:\/\/plasticexpress.es\/ca\/wp-json\/wp\/v2\/media\/18964"}],"wp:attachment":[{"href":"https:\/\/plasticexpress.es\/ca\/wp-json\/wp\/v2\/media?parent=17343"}],"wp:term":[{"taxonomy":"product_brand","embeddable":true,"href":"https:\/\/plasticexpress.es\/ca\/wp-json\/wp\/v2\/product_brand?post=17343"},{"taxonomy":"product_cat","embeddable":true,"href":"https:\/\/plasticexpress.es\/ca\/wp-json\/wp\/v2\/product_cat?post=17343"},{"taxonomy":"product_tag","embeddable":true,"href":"https:\/\/plasticexpress.es\/ca\/wp-json\/wp\/v2\/product_tag?post=17343"}],"curies":[{"name":"wp","href":"https:\/\/api.w.org\/{rel}","templated":true}]}}