

{"id":4264,"date":"2020-05-21T15:31:45","date_gmt":"2020-05-21T15:31:45","guid":{"rendered":"https:\/\/plasticexpress.es\/producto\/Sense%20categoria\/protector-facial\/"},"modified":"2021-10-19T19:13:35","modified_gmt":"2021-10-19T18:13:35","slug":"protector-facial","status":"publish","type":"product","link":"https:\/\/plasticexpress.es\/ca\/producto\/articles-ca\/mampares-protectores\/protector-facial-mamparas-protectoras-ca\/protector-facial\/","title":{"rendered":"Protector facial"},"content":{"rendered":"<p>Pantalla Protecci\u00f3n Facial Transparente con Agarre de Velcro Trasero. Est\u00e1n pensadas para proteger la boca, nar\u00edz, ojos y cara de cualquier contacto o salpicadura. Es una protecci\u00f3n muy fiable contra la transmisi\u00f3n de gotas a trav\u00e9s del aire.<\/p>\n<p>Material resistente y desinfectable. Se puede volver a utilizar el producto una vez se haya limpiado y desinfectado correctamente.<\/p>\n","protected":false},"excerpt":{"rendered":"<p>Pantalla Protecci\u00f3n Facial Transparente con Agarre de Velcro Trasero. Est\u00e1n pensadas para proteger la boca, nar\u00edz, ojos y cara de cualquier contacto o salpicadura. Es una protecci\u00f3n muy fiable contra la transmisi\u00f3n de gotas a trav\u00e9s del aire. Material resistente y desinfectable. Se puede volver a utilizar el producto una vez se haya limpiado y [&hellip;]<\/p>\n","protected":false},"featured_media":4265,"comment_status":"open","ping_status":"closed","template":"","meta":{"_acf_changed":false},"product_brand":[],"product_cat":[665],"product_tag":[772,742,743,744,749],"class_list":{"0":"post-4264","1":"product","2":"type-product","3":"status-publish","4":"has-post-thumbnail","6":"product_cat-protector-facial-mamparas-protectoras-ca","7":"product_tag-careta-protectora-ca","8":"product_tag-pantalla-proteccio-facial-transparent","9":"product_tag-pantalla-protectora-cara-ca","10":"product_tag-protector-facial-ca","11":"product_tag-visera-protectora-ca","13":"first","14":"instock","15":"shipping-taxable","16":"purchasable","17":"product-type-variable"},"acf":{"photo_gallery":{"opciones_de_agujeros":[[]]}},"yoast_head":"<!-- This site is optimized with the Yoast SEO plugin v27.2 - https:\/\/yoast.com\/product\/yoast-seo-wordpress\/ -->\n<title>Protector Facial Anticontagi amb Velcro | PlasticExpress<\/title>\n<meta name=\"description\" content=\"Protegeix la teva cara amb les m\u00e0scares protectores facials amb velcro de metacrilat, aptes per al seu \u00fas en comer\u00e7os.\" \/>\n<meta name=\"robots\" content=\"index, follow, max-snippet:-1, max-image-preview:large, max-video-preview:-1\" \/>\n<link rel=\"canonical\" href=\"https:\/\/plasticexpress.es\/ca\/producto\/articles-ca\/mampares-protectores\/protector-facial-mamparas-protectoras-ca\/protector-facial\/\" \/>\n<meta property=\"og:locale\" content=\"ca_ES\" \/>\n<meta property=\"og:type\" content=\"article\" \/>\n<meta property=\"og:title\" content=\"Protector Facial Anticontagi amb Velcro | PlasticExpress\" \/>\n<meta property=\"og:description\" content=\"Protegeix la teva cara amb les m\u00e0scares protectores facials amb velcro de metacrilat, aptes per al seu \u00fas en comer\u00e7os.\" \/>\n<meta property=\"og:url\" content=\"https:\/\/plasticexpress.es\/ca\/producto\/articles-ca\/mampares-protectores\/protector-facial-mamparas-protectoras-ca\/protector-facial\/\" \/>\n<meta property=\"og:site_name\" content=\"Plasticexpress\" \/>\n<meta property=\"article:modified_time\" content=\"2021-10-19T18:13:35+00:00\" \/>\n<meta property=\"og:image\" content=\"https:\/\/plasticexpress.es\/wp-content\/uploads\/2020\/10\/protector-facial-taxi-01.jpg\" \/>\n\t<meta property=\"og:image:width\" content=\"1000\" \/>\n\t<meta property=\"og:image:height\" content=\"667\" \/>\n\t<meta property=\"og:image:type\" content=\"image\/jpeg\" \/>\n<meta name=\"twitter:card\" content=\"summary_large_image\" \/>\n<script type=\"application\/ld+json\" class=\"yoast-schema-graph\">{\"@context\":\"https:\/\/schema.org\",\"@graph\":[{\"@type\":\"WebPage\",\"@id\":\"https:\/\/plasticexpress.es\/ca\/producto\/articles-ca\/mampares-protectores\/protector-facial-mamparas-protectoras-ca\/protector-facial\/\",\"url\":\"https:\/\/plasticexpress.es\/ca\/producto\/articles-ca\/mampares-protectores\/protector-facial-mamparas-protectoras-ca\/protector-facial\/\",\"name\":\"Protector Facial Anticontagi amb Velcro | PlasticExpress\",\"isPartOf\":{\"@id\":\"https:\/\/plasticexpress.es\/ca\/#website\"},\"primaryImageOfPage\":{\"@id\":\"https:\/\/plasticexpress.es\/ca\/producto\/articles-ca\/mampares-protectores\/protector-facial-mamparas-protectoras-ca\/protector-facial\/#primaryimage\"},\"image\":{\"@id\":\"https:\/\/plasticexpress.es\/ca\/producto\/articles-ca\/mampares-protectores\/protector-facial-mamparas-protectoras-ca\/protector-facial\/#primaryimage\"},\"thumbnailUrl\":\"https:\/\/plasticexpress.es\/wp-content\/uploads\/2020\/10\/protector-facial-taxi-01.jpg\",\"datePublished\":\"2020-05-21T15:31:45+00:00\",\"dateModified\":\"2021-10-19T18:13:35+00:00\",\"description\":\"Protegeix la teva cara amb les m\u00e0scares protectores facials amb velcro de metacrilat, aptes per al seu \u00fas en comer\u00e7os.\",\"breadcrumb\":{\"@id\":\"https:\/\/plasticexpress.es\/ca\/producto\/articles-ca\/mampares-protectores\/protector-facial-mamparas-protectoras-ca\/protector-facial\/#breadcrumb\"},\"inLanguage\":\"ca\",\"potentialAction\":[{\"@type\":\"ReadAction\",\"target\":[\"https:\/\/plasticexpress.es\/ca\/producto\/articles-ca\/mampares-protectores\/protector-facial-mamparas-protectoras-ca\/protector-facial\/\"]}]},{\"@type\":\"ImageObject\",\"inLanguage\":\"ca\",\"@id\":\"https:\/\/plasticexpress.es\/ca\/producto\/articles-ca\/mampares-protectores\/protector-facial-mamparas-protectoras-ca\/protector-facial\/#primaryimage\",\"url\":\"https:\/\/plasticexpress.es\/wp-content\/uploads\/2020\/10\/protector-facial-taxi-01.jpg\",\"contentUrl\":\"https:\/\/plasticexpress.es\/wp-content\/uploads\/2020\/10\/protector-facial-taxi-01.jpg\",\"width\":1000,\"height\":667,\"caption\":\"protector facial\"},{\"@type\":\"BreadcrumbList\",\"@id\":\"https:\/\/plasticexpress.es\/ca\/producto\/articles-ca\/mampares-protectores\/protector-facial-mamparas-protectoras-ca\/protector-facial\/#breadcrumb\",\"itemListElement\":[{\"@type\":\"ListItem\",\"position\":1,\"name\":\"Portada\",\"item\":\"https:\/\/plasticexpress.es\/ca\/\"},{\"@type\":\"ListItem\",\"position\":2,\"name\":\"Shop\",\"item\":\"https:\/\/plasticexpress.es\/ca\/shop\/\"},{\"@type\":\"ListItem\",\"position\":3,\"name\":\"Protector facial\"}]},{\"@type\":\"WebSite\",\"@id\":\"https:\/\/plasticexpress.es\/ca\/#website\",\"url\":\"https:\/\/plasticexpress.es\/ca\/\",\"name\":\"Plasticexpress\",\"description\":\"Venta de materiales y art\u00edculos de Metacrilato\",\"potentialAction\":[{\"@type\":\"SearchAction\",\"target\":{\"@type\":\"EntryPoint\",\"urlTemplate\":\"https:\/\/plasticexpress.es\/ca\/?s={search_term_string}\"},\"query-input\":{\"@type\":\"PropertyValueSpecification\",\"valueRequired\":true,\"valueName\":\"search_term_string\"}}],\"inLanguage\":\"ca\"}]}<\/script>\n<!-- \/ Yoast SEO plugin. -->","yoast_head_json":{"title":"Protector Facial Anticontagi amb Velcro | PlasticExpress","description":"Protegeix la teva cara amb les m\u00e0scares protectores facials amb velcro de metacrilat, aptes per al seu \u00fas en comer\u00e7os.","robots":{"index":"index","follow":"follow","max-snippet":"max-snippet:-1","max-image-preview":"max-image-preview:large","max-video-preview":"max-video-preview:-1"},"canonical":"https:\/\/plasticexpress.es\/ca\/producto\/articles-ca\/mampares-protectores\/protector-facial-mamparas-protectoras-ca\/protector-facial\/","og_locale":"ca_ES","og_type":"article","og_title":"Protector Facial Anticontagi amb Velcro | PlasticExpress","og_description":"Protegeix la teva cara amb les m\u00e0scares protectores facials amb velcro de metacrilat, aptes per al seu \u00fas en comer\u00e7os.","og_url":"https:\/\/plasticexpress.es\/ca\/producto\/articles-ca\/mampares-protectores\/protector-facial-mamparas-protectoras-ca\/protector-facial\/","og_site_name":"Plasticexpress","article_modified_time":"2021-10-19T18:13:35+00:00","og_image":[{"width":1000,"height":667,"url":"https:\/\/plasticexpress.es\/wp-content\/uploads\/2020\/10\/protector-facial-taxi-01.jpg","type":"image\/jpeg"}],"twitter_card":"summary_large_image","schema":{"@context":"https:\/\/schema.org","@graph":[{"@type":"WebPage","@id":"https:\/\/plasticexpress.es\/ca\/producto\/articles-ca\/mampares-protectores\/protector-facial-mamparas-protectoras-ca\/protector-facial\/","url":"https:\/\/plasticexpress.es\/ca\/producto\/articles-ca\/mampares-protectores\/protector-facial-mamparas-protectoras-ca\/protector-facial\/","name":"Protector Facial Anticontagi amb Velcro | PlasticExpress","isPartOf":{"@id":"https:\/\/plasticexpress.es\/ca\/#website"},"primaryImageOfPage":{"@id":"https:\/\/plasticexpress.es\/ca\/producto\/articles-ca\/mampares-protectores\/protector-facial-mamparas-protectoras-ca\/protector-facial\/#primaryimage"},"image":{"@id":"https:\/\/plasticexpress.es\/ca\/producto\/articles-ca\/mampares-protectores\/protector-facial-mamparas-protectoras-ca\/protector-facial\/#primaryimage"},"thumbnailUrl":"https:\/\/plasticexpress.es\/wp-content\/uploads\/2020\/10\/protector-facial-taxi-01.jpg","datePublished":"2020-05-21T15:31:45+00:00","dateModified":"2021-10-19T18:13:35+00:00","description":"Protegeix la teva cara amb les m\u00e0scares protectores facials amb velcro de metacrilat, aptes per al seu \u00fas en comer\u00e7os.","breadcrumb":{"@id":"https:\/\/plasticexpress.es\/ca\/producto\/articles-ca\/mampares-protectores\/protector-facial-mamparas-protectoras-ca\/protector-facial\/#breadcrumb"},"inLanguage":"ca","potentialAction":[{"@type":"ReadAction","target":["https:\/\/plasticexpress.es\/ca\/producto\/articles-ca\/mampares-protectores\/protector-facial-mamparas-protectoras-ca\/protector-facial\/"]}]},{"@type":"ImageObject","inLanguage":"ca","@id":"https:\/\/plasticexpress.es\/ca\/producto\/articles-ca\/mampares-protectores\/protector-facial-mamparas-protectoras-ca\/protector-facial\/#primaryimage","url":"https:\/\/plasticexpress.es\/wp-content\/uploads\/2020\/10\/protector-facial-taxi-01.jpg","contentUrl":"https:\/\/plasticexpress.es\/wp-content\/uploads\/2020\/10\/protector-facial-taxi-01.jpg","width":1000,"height":667,"caption":"protector facial"},{"@type":"BreadcrumbList","@id":"https:\/\/plasticexpress.es\/ca\/producto\/articles-ca\/mampares-protectores\/protector-facial-mamparas-protectoras-ca\/protector-facial\/#breadcrumb","itemListElement":[{"@type":"ListItem","position":1,"name":"Portada","item":"https:\/\/plasticexpress.es\/ca\/"},{"@type":"ListItem","position":2,"name":"Shop","item":"https:\/\/plasticexpress.es\/ca\/shop\/"},{"@type":"ListItem","position":3,"name":"Protector facial"}]},{"@type":"WebSite","@id":"https:\/\/plasticexpress.es\/ca\/#website","url":"https:\/\/plasticexpress.es\/ca\/","name":"Plasticexpress","description":"Venta de materiales y art\u00edculos de Metacrilato","potentialAction":[{"@type":"SearchAction","target":{"@type":"EntryPoint","urlTemplate":"https:\/\/plasticexpress.es\/ca\/?s={search_term_string}"},"query-input":{"@type":"PropertyValueSpecification","valueRequired":true,"valueName":"search_term_string"}}],"inLanguage":"ca"}]}},"_links":{"self":[{"href":"https:\/\/plasticexpress.es\/ca\/wp-json\/wp\/v2\/product\/4264","targetHints":{"allow":["GET"]}}],"collection":[{"href":"https:\/\/plasticexpress.es\/ca\/wp-json\/wp\/v2\/product"}],"about":[{"href":"https:\/\/plasticexpress.es\/ca\/wp-json\/wp\/v2\/types\/product"}],"replies":[{"embeddable":true,"href":"https:\/\/plasticexpress.es\/ca\/wp-json\/wp\/v2\/comments?post=4264"}],"version-history":[{"count":2,"href":"https:\/\/plasticexpress.es\/ca\/wp-json\/wp\/v2\/product\/4264\/revisions"}],"predecessor-version":[{"id":13652,"href":"https:\/\/plasticexpress.es\/ca\/wp-json\/wp\/v2\/product\/4264\/revisions\/13652"}],"wp:featuredmedia":[{"embeddable":true,"href":"https:\/\/plasticexpress.es\/ca\/wp-json\/wp\/v2\/media\/4265"}],"wp:attachment":[{"href":"https:\/\/plasticexpress.es\/ca\/wp-json\/wp\/v2\/media?parent=4264"}],"wp:term":[{"taxonomy":"product_brand","embeddable":true,"href":"https:\/\/plasticexpress.es\/ca\/wp-json\/wp\/v2\/product_brand?post=4264"},{"taxonomy":"product_cat","embeddable":true,"href":"https:\/\/plasticexpress.es\/ca\/wp-json\/wp\/v2\/product_cat?post=4264"},{"taxonomy":"product_tag","embeddable":true,"href":"https:\/\/plasticexpress.es\/ca\/wp-json\/wp\/v2\/product_tag?post=4264"}],"curies":[{"name":"wp","href":"https:\/\/api.w.org\/{rel}","templated":true}]}}