

{"id":5653,"date":"2020-09-09T22:13:41","date_gmt":"2021-03-26T21:20:10","guid":{"rendered":"https:\/\/plasticexpress.es\/producto\/Sense%20categoria\/metacrilat-transparent\/"},"modified":"2023-10-11T14:24:30","modified_gmt":"2023-10-11T13:24:30","slug":"metacrilat-transparent","status":"publish","type":"product","link":"https:\/\/plasticexpress.es\/ca\/producto\/materials\/metacrilat\/metacrilat-transparent\/metacrilat-transparent\/","title":{"rendered":"Metacrilat transparent"},"content":{"rendered":"\t\t<div data-elementor-type=\"product-post\" data-elementor-id=\"5653\" class=\"elementor elementor-5653 elementor-1929\" data-elementor-post-type=\"product\">\n\t\t\t\t\t\t<section class=\"elementor-section elementor-top-section elementor-element elementor-element-38518037 elementor-section-boxed elementor-section-height-default elementor-section-height-default\" data-id=\"38518037\" data-element_type=\"section\" data-e-type=\"section\">\n\t\t\t\t\t\t<div class=\"elementor-container elementor-column-gap-default\">\n\t\t\t\t\t<div class=\"elementor-column elementor-col-100 elementor-top-column elementor-element elementor-element-3a716264\" data-id=\"3a716264\" data-element_type=\"column\" data-e-type=\"column\">\n\t\t\t<div class=\"elementor-widget-wrap elementor-element-populated\">\n\t\t\t\t\t\t<div class=\"elementor-element elementor-element-4301df7f elementor-widget elementor-widget-text-editor\" data-id=\"4301df7f\" data-element_type=\"widget\" data-e-type=\"widget\" data-widget_type=\"text-editor.default\">\n\t\t\t\t<div class=\"elementor-widget-container\">\n\t\t\t\t\t\t\t\t\t<p><span style=\"font-weight: 400;\">El <\/span><b>metacrilat transparent<\/b><span style=\"font-weight: 400;\"> \u00e9s un termopl\u00e0stic que es caracteritza per la seva gran transpar\u00e8ncia, lleugeresa i resist\u00e8ncia a la intemp\u00e8rie. En Plastic Express fabriquem articles de metacrilat transparent a mida aplicant a l&#8217;material els processos de: <\/span><\/p><ul><li><a href=\"https:\/\/plasticexpress.es\/ca\/procesos\/tall-i-gravat-a-laser\/?lang=ca\">Tall i gravat l\u00e0ser de metacrilat<\/a><\/li><li><a href=\"https:\/\/plasticexpress.es\/ca\/procesos\/mecanitzat-per-cnc\/?lang=ca\">Mecanitzat per CNC<\/a><a href=\"https:\/\/plasticexpress.es\/ca\/procesos\/tall-i-gravat-a-laser\/?lang=ca\">de metacrilat<\/a><\/li><li><a href=\"https:\/\/plasticexpress.es\/ca\/procesos\/polit-i-abrillantat-de-materials-plastics\/?lang=ca\">Polit i abrillantat de metacrilat<\/a><\/li><li><a href=\"https:\/\/plasticexpress.es\/ca\/procesos\/doblegat-de-materials-plastics\/?lang=ca\">Doblegat de metacrilat<\/a><\/li><li><a href=\"https:\/\/plasticexpress.es\/ca\/procesos\/encolat-de-metacrilat\/?lang=ca\">Encolat de metacrilat<\/a><\/li><li><a href=\"https:\/\/plasticexpress.es\/ca\/procesos\/embossat-amb-embotit-de-materials-plastics\/?lang=ca\">Termoformat i embotit de metacrilat<\/a><\/li><li><a href=\"https:\/\/plasticexpress.es\/ca\/procesos\/impressio-digital-sobre-materials-plastics\/?lang=ca\">Impressi\u00f3 sobre metacrilat<\/a><\/li><\/ul><p><span style=\"font-weight: 400;\">Tamb\u00e9 conegut per polimetacrilat de metil (PMMA), el<\/span> <b>metacrilat transparent<\/b><span style=\"font-weight: 400;\">compta amb les seg\u00fcents caracter\u00edstiques:<\/span><\/p><ul><li><span style=\"font-weight: 400;\">Excel\u00b7lent qualitat \u00f2ptica.<\/span><\/li><li><span style=\"font-weight: 400;\">Bona resist\u00e8ncia a la intemp\u00e8rie.<\/span><\/li><li><span style=\"font-weight: 400;\">Lliure d&#8217;hal\u00f2gens.<\/span><\/li><li><span style=\"font-weight: 400;\">\u00d2ptima resist\u00e8ncia a l&#8217;envelliment.<\/span><\/li><li><span style=\"font-weight: 400;\">Ideal per utilitzar en exteriors.<\/span><\/li><li><span style=\"font-weight: 400;\">F\u00e0cil manipulaci\u00f3 i termoformat<\/span><\/li><li><span style=\"font-weight: 400;\">Elevada resist\u00e8ncia t\u00e8rmica i ac\u00fastica.<\/span><\/li><li><span style=\"font-weight: 400;\">Lleuger en comparaci\u00f3 amb el vidre.<\/span><\/li><li><span style=\"font-weight: 400;\">No despr\u00e8n gasos t\u00f2xics a l&#8217;cremar.<\/span><\/li><li><span style=\"font-weight: 400;\">Lliure d&#8217;hal\u00f2gens.<\/span><\/li><li><span style=\"font-weight: 400;\">Disponible amb acabat mat, mat 02:00<\/span><\/li><li><span style=\"font-weight: 400;\">cares i colors a mida.<\/span><\/li><li><span style=\"font-weight: 400;\">Alt pes molecular.<\/span><\/li><\/ul><p><span style=\"font-weight: 400;\">Com a resultat el<\/span> <b>metacrilat transparent<\/b> <span style=\"font-weight: 400;\">compta amb m\u00faltiples \u00e0rees d&#8217;aplicaci\u00f3:<\/span><\/p><p><b>Construcci\u00f3 i interiorisme<\/b><\/p><ul><li><span style=\"font-weight: 400;\">Aquaris.<\/span><\/li><li><span style=\"font-weight: 400;\">Cobertes.<\/span><\/li><li><span style=\"font-weight: 400;\">Mobiliari urb\u00e0.<\/span><\/li><li><span style=\"font-weight: 400;\">Taulers de b\u00e0squet.<\/span><\/li><li><span style=\"font-weight: 400;\">Panells solars \/ fotovoltaics.<\/span><\/li><li><span style=\"font-weight: 400;\">Hivernacles.<\/span><\/li><li><span style=\"font-weight: 400;\">Tubs i barres.<\/span><\/li><li><span style=\"font-weight: 400;\">Envidrament i protecci\u00f3.<\/span><\/li><li><span style=\"font-weight: 400;\">Tancaments.<\/span><\/li><li><span style=\"font-weight: 400;\">Pantalles i barreres ac\u00fastiques.<\/span><\/li><\/ul><p><b>Comunicaci\u00f3 visual<\/b><\/p><ul><li><span style=\"font-weight: 400;\">Senyalitzaci\u00f3 i senyal\u00e8tica.<\/span><\/li><li><span style=\"font-weight: 400;\">Portamen\u00fas i portafulletons.<\/span><\/li><li><span style=\"font-weight: 400;\">Cartells publicitaris.<\/span><\/li><li><span style=\"font-weight: 400;\">Expositors de producte (PLV).<\/span><\/li><li><span style=\"font-weight: 400;\">Suport impressi\u00f3 digital.<\/span><\/li><\/ul><p><b>Ind\u00fastria<\/b><\/p><ul><li><span style=\"font-weight: 400;\">Protecci\u00f3 de maquin\u00e0ria.<\/span><\/li><li><span style=\"font-weight: 400;\">Finestres i parabrises<\/span><\/li><li><span style=\"font-weight: 400;\">embarcacions.<\/span><\/li><li><span style=\"font-weight: 400;\">Escotilles i finestres submarines.<\/span><\/li><li><span style=\"font-weight: 400;\">Mobles.<\/span><\/li><li><span style=\"font-weight: 400;\">Claraboies.<\/span><\/li><li><span style=\"font-weight: 400;\">Hivernacles.<\/span><\/li><li><span style=\"font-weight: 400;\">Envidrament i protecci\u00f3.<\/span><\/li><li><span style=\"font-weight: 400;\">Tancaments.<\/span><\/li><li><span style=\"font-weight: 400;\">Pantalles i barreres ac\u00fastiques.<\/span><\/li><li><span style=\"font-weight: 400;\">Peces modelades.<\/span><\/li><\/ul><h2>\u00a0<\/h2><h2><b>\u00bfCOM SOL\u00b7LICITO METACRILAT TRANSPARENT A MIDA?<\/b><\/h2><p><span style=\"font-weight: 400;\">Finalment en Plastic Express et brindem assessoria en els teus projectes, a m\u00e9s comptem amb un equip professional i multidisciplinari per ajudar-te a seleccionar el material i la manipulaci\u00f3 necess\u00e0ria per executar les teves idees.<\/span><\/p><p><span style=\"font-weight: 400;\">Per poder oferir-te un pressupost d&#8217;aquest material o un altre material dels que comercialitzem, envia&#8217;ns un correu a l&#8217;email<\/span> <b>info@plasticexpress.es<\/b> <span style=\"font-weight: 400;\">amb la seg\u00fcent informaci\u00f3<\/span><\/p><p><span style=\"font-weight: 400;\">En cas de no trobar les mesures que necessites, sol\u00b7licita un <a href=\"https:\/\/plasticexpress.es\/ca\/procesos\/pressupostos-a-mida\/?lang=ca\"><strong>pressupost a mida<\/strong><\/a> o escriu-nos a <b>info@plasticexpress.es<\/b> , en l&#8217;assumpte indica el material com, per exemple, <strong>metacrilat transparent a mida.<\/strong><\/span><\/p><p><span style=\"font-weight: 400;\">Recorda que si ets un professional de la ind\u00fastria pots obtenir descomptes especials accedint al formulari de<\/span> <a href=\"https:\/\/plasticexpress.es\/ca\/procesos\/presupusto-per-a-professionals\/?lang=ca\"><b>pressupostos per a professionals<\/b><\/a>.<\/p>\t\t\t\t\t\t\t\t<\/div>\n\t\t\t\t<\/div>\n\t\t\t\t\t<\/div>\n\t\t<\/div>\n\t\t\t\t\t<\/div>\n\t\t<\/section>\n\t\t\t\t<\/div>\n\t\t","protected":false},"excerpt":{"rendered":"<p>El metacrilat transparent \u00e9s un termopl\u00e0stic que es caracteritza per la seva gran transpar\u00e8ncia, lleugeresa i resist\u00e8ncia a la intemp\u00e8rie. En Plastic Express fabriquem articles de metacrilat transparent a mida aplicant a l&#8217;material els processos de: Tall i gravat l\u00e0ser de metacrilat Mecanitzat per CNCde metacrilat Polit i abrillantat de metacrilat Doblegat de metacrilat Encolat [&hellip;]<\/p>\n","protected":false},"featured_media":5205,"comment_status":"open","ping_status":"closed","template":"","meta":{"_acf_changed":false},"product_brand":[],"product_cat":[673,689],"product_tag":[778,817,813,814,815,812],"class_list":{"0":"post-5653","1":"product","2":"type-product","3":"status-publish","4":"has-post-thumbnail","6":"product_cat-metacrilat","7":"product_cat-metacrilat-transparent","8":"product_tag-comprar-metacrilat","9":"product_tag-encolat-de-metacrilat","10":"product_tag-metacrilat","11":"product_tag-metacrilat-a-mida","12":"product_tag-metacrilat-transparent-a-mida","13":"product_tag-plancha-metacrilato-colada-ca","15":"first","16":"instock","17":"shipping-taxable","18":"purchasable","19":"product-type-variable"},"acf":{"photo_gallery":{"opciones_de_agujeros":[[]]}},"yoast_head":"<!-- This site is optimized with the Yoast SEO plugin v27.4 - https:\/\/yoast.com\/product\/yoast-seo-wordpress\/ -->\n<title>Metacrilat de gran transpar\u00e8ncia - Plasticexpress<\/title>\n<meta name=\"description\" content=\"El metacrilat transparent \u00e9s un termopl\u00e0stic que es caracteritza per la seva gran transpar\u00e8ncia, lleugeresa i resist\u00e8ncia a la intemp\u00e8rie. En Plastic\" \/>\n<meta name=\"robots\" content=\"index, follow, max-snippet:-1, max-image-preview:large, max-video-preview:-1\" \/>\n<link rel=\"canonical\" href=\"https:\/\/plasticexpress.es\/ca\/producto\/materials\/metacrilat\/metacrilat-transparent\/metacrilat-transparent\/\" \/>\n<meta property=\"og:locale\" content=\"ca_ES\" \/>\n<meta property=\"og:type\" content=\"article\" \/>\n<meta property=\"og:title\" content=\"Metacrilat de gran transpar\u00e8ncia - Plasticexpress\" \/>\n<meta property=\"og:description\" content=\"El metacrilat transparent \u00e9s un termopl\u00e0stic que es caracteritza per la seva gran transpar\u00e8ncia, lleugeresa i resist\u00e8ncia a la intemp\u00e8rie. En Plastic\" \/>\n<meta property=\"og:url\" content=\"https:\/\/plasticexpress.es\/ca\/producto\/materials\/metacrilat\/metacrilat-transparent\/metacrilat-transparent\/\" \/>\n<meta property=\"og:site_name\" content=\"Plasticexpress\" \/>\n<meta property=\"article:modified_time\" content=\"2023-10-11T13:24:30+00:00\" \/>\n<meta property=\"og:image\" content=\"https:\/\/plasticexpress.es\/wp-content\/uploads\/2020\/09\/metacrilato-transparente-01.jpg\" \/>\n\t<meta property=\"og:image:width\" content=\"1000\" \/>\n\t<meta property=\"og:image:height\" content=\"667\" \/>\n\t<meta property=\"og:image:type\" content=\"image\/jpeg\" \/>\n<meta name=\"twitter:card\" content=\"summary_large_image\" \/>\n<meta name=\"twitter:label1\" content=\"Temps estimat de lectura\" \/>\n\t<meta name=\"twitter:data1\" content=\"2 minuts\" \/>\n<script type=\"application\/ld+json\" class=\"yoast-schema-graph\">{\"@context\":\"https:\\\/\\\/schema.org\",\"@graph\":[{\"@type\":\"WebPage\",\"@id\":\"https:\\\/\\\/plasticexpress.es\\\/ca\\\/producto\\\/materials\\\/metacrilat\\\/metacrilat-transparent\\\/metacrilat-transparent\\\/\",\"url\":\"https:\\\/\\\/plasticexpress.es\\\/ca\\\/producto\\\/materials\\\/metacrilat\\\/metacrilat-transparent\\\/metacrilat-transparent\\\/\",\"name\":\"Metacrilat de gran transpar\u00e8ncia - Plasticexpress\",\"isPartOf\":{\"@id\":\"https:\\\/\\\/plasticexpress.es\\\/ca\\\/#website\"},\"primaryImageOfPage\":{\"@id\":\"https:\\\/\\\/plasticexpress.es\\\/ca\\\/producto\\\/materials\\\/metacrilat\\\/metacrilat-transparent\\\/metacrilat-transparent\\\/#primaryimage\"},\"image\":{\"@id\":\"https:\\\/\\\/plasticexpress.es\\\/ca\\\/producto\\\/materials\\\/metacrilat\\\/metacrilat-transparent\\\/metacrilat-transparent\\\/#primaryimage\"},\"thumbnailUrl\":\"https:\\\/\\\/plasticexpress.es\\\/wp-content\\\/uploads\\\/2020\\\/09\\\/metacrilato-transparente-01.jpg\",\"datePublished\":\"2021-03-26T21:20:10+00:00\",\"dateModified\":\"2023-10-11T13:24:30+00:00\",\"description\":\"El metacrilat transparent \u00e9s un termopl\u00e0stic que es caracteritza per la seva gran transpar\u00e8ncia, lleugeresa i resist\u00e8ncia a la intemp\u00e8rie. En Plastic\",\"breadcrumb\":{\"@id\":\"https:\\\/\\\/plasticexpress.es\\\/ca\\\/producto\\\/materials\\\/metacrilat\\\/metacrilat-transparent\\\/metacrilat-transparent\\\/#breadcrumb\"},\"inLanguage\":\"ca\",\"potentialAction\":[{\"@type\":\"ReadAction\",\"target\":[\"https:\\\/\\\/plasticexpress.es\\\/ca\\\/producto\\\/materials\\\/metacrilat\\\/metacrilat-transparent\\\/metacrilat-transparent\\\/\"]}]},{\"@type\":\"ImageObject\",\"inLanguage\":\"ca\",\"@id\":\"https:\\\/\\\/plasticexpress.es\\\/ca\\\/producto\\\/materials\\\/metacrilat\\\/metacrilat-transparent\\\/metacrilat-transparent\\\/#primaryimage\",\"url\":\"https:\\\/\\\/plasticexpress.es\\\/wp-content\\\/uploads\\\/2020\\\/09\\\/metacrilato-transparente-01.jpg\",\"contentUrl\":\"https:\\\/\\\/plasticexpress.es\\\/wp-content\\\/uploads\\\/2020\\\/09\\\/metacrilato-transparente-01.jpg\",\"width\":1000,\"height\":667,\"caption\":\"metacrilat transparent\"},{\"@type\":\"BreadcrumbList\",\"@id\":\"https:\\\/\\\/plasticexpress.es\\\/ca\\\/producto\\\/materials\\\/metacrilat\\\/metacrilat-transparent\\\/metacrilat-transparent\\\/#breadcrumb\",\"itemListElement\":[{\"@type\":\"ListItem\",\"position\":1,\"name\":\"Portada\",\"item\":\"https:\\\/\\\/plasticexpress.es\\\/ca\\\/\"},{\"@type\":\"ListItem\",\"position\":2,\"name\":\"Shop\",\"item\":\"https:\\\/\\\/plasticexpress.es\\\/ca\\\/shop\\\/\"},{\"@type\":\"ListItem\",\"position\":3,\"name\":\"Metacrilat transparent\"}]},{\"@type\":\"WebSite\",\"@id\":\"https:\\\/\\\/plasticexpress.es\\\/ca\\\/#website\",\"url\":\"https:\\\/\\\/plasticexpress.es\\\/ca\\\/\",\"name\":\"Plasticexpress\",\"description\":\"Venta de materiales y art\u00edculos de Metacrilato\",\"potentialAction\":[{\"@type\":\"SearchAction\",\"target\":{\"@type\":\"EntryPoint\",\"urlTemplate\":\"https:\\\/\\\/plasticexpress.es\\\/ca\\\/?s={search_term_string}\"},\"query-input\":{\"@type\":\"PropertyValueSpecification\",\"valueRequired\":true,\"valueName\":\"search_term_string\"}}],\"inLanguage\":\"ca\"}]}<\/script>\n<!-- \/ Yoast SEO plugin. -->","yoast_head_json":{"title":"Metacrilat de gran transpar\u00e8ncia - Plasticexpress","description":"El metacrilat transparent \u00e9s un termopl\u00e0stic que es caracteritza per la seva gran transpar\u00e8ncia, lleugeresa i resist\u00e8ncia a la intemp\u00e8rie. En Plastic","robots":{"index":"index","follow":"follow","max-snippet":"max-snippet:-1","max-image-preview":"max-image-preview:large","max-video-preview":"max-video-preview:-1"},"canonical":"https:\/\/plasticexpress.es\/ca\/producto\/materials\/metacrilat\/metacrilat-transparent\/metacrilat-transparent\/","og_locale":"ca_ES","og_type":"article","og_title":"Metacrilat de gran transpar\u00e8ncia - Plasticexpress","og_description":"El metacrilat transparent \u00e9s un termopl\u00e0stic que es caracteritza per la seva gran transpar\u00e8ncia, lleugeresa i resist\u00e8ncia a la intemp\u00e8rie. En Plastic","og_url":"https:\/\/plasticexpress.es\/ca\/producto\/materials\/metacrilat\/metacrilat-transparent\/metacrilat-transparent\/","og_site_name":"Plasticexpress","article_modified_time":"2023-10-11T13:24:30+00:00","og_image":[{"width":1000,"height":667,"url":"https:\/\/plasticexpress.es\/wp-content\/uploads\/2020\/09\/metacrilato-transparente-01.jpg","type":"image\/jpeg"}],"twitter_card":"summary_large_image","twitter_misc":{"Temps estimat de lectura":"2 minuts"},"schema":{"@context":"https:\/\/schema.org","@graph":[{"@type":"WebPage","@id":"https:\/\/plasticexpress.es\/ca\/producto\/materials\/metacrilat\/metacrilat-transparent\/metacrilat-transparent\/","url":"https:\/\/plasticexpress.es\/ca\/producto\/materials\/metacrilat\/metacrilat-transparent\/metacrilat-transparent\/","name":"Metacrilat de gran transpar\u00e8ncia - Plasticexpress","isPartOf":{"@id":"https:\/\/plasticexpress.es\/ca\/#website"},"primaryImageOfPage":{"@id":"https:\/\/plasticexpress.es\/ca\/producto\/materials\/metacrilat\/metacrilat-transparent\/metacrilat-transparent\/#primaryimage"},"image":{"@id":"https:\/\/plasticexpress.es\/ca\/producto\/materials\/metacrilat\/metacrilat-transparent\/metacrilat-transparent\/#primaryimage"},"thumbnailUrl":"https:\/\/plasticexpress.es\/wp-content\/uploads\/2020\/09\/metacrilato-transparente-01.jpg","datePublished":"2021-03-26T21:20:10+00:00","dateModified":"2023-10-11T13:24:30+00:00","description":"El metacrilat transparent \u00e9s un termopl\u00e0stic que es caracteritza per la seva gran transpar\u00e8ncia, lleugeresa i resist\u00e8ncia a la intemp\u00e8rie. En Plastic","breadcrumb":{"@id":"https:\/\/plasticexpress.es\/ca\/producto\/materials\/metacrilat\/metacrilat-transparent\/metacrilat-transparent\/#breadcrumb"},"inLanguage":"ca","potentialAction":[{"@type":"ReadAction","target":["https:\/\/plasticexpress.es\/ca\/producto\/materials\/metacrilat\/metacrilat-transparent\/metacrilat-transparent\/"]}]},{"@type":"ImageObject","inLanguage":"ca","@id":"https:\/\/plasticexpress.es\/ca\/producto\/materials\/metacrilat\/metacrilat-transparent\/metacrilat-transparent\/#primaryimage","url":"https:\/\/plasticexpress.es\/wp-content\/uploads\/2020\/09\/metacrilato-transparente-01.jpg","contentUrl":"https:\/\/plasticexpress.es\/wp-content\/uploads\/2020\/09\/metacrilato-transparente-01.jpg","width":1000,"height":667,"caption":"metacrilat transparent"},{"@type":"BreadcrumbList","@id":"https:\/\/plasticexpress.es\/ca\/producto\/materials\/metacrilat\/metacrilat-transparent\/metacrilat-transparent\/#breadcrumb","itemListElement":[{"@type":"ListItem","position":1,"name":"Portada","item":"https:\/\/plasticexpress.es\/ca\/"},{"@type":"ListItem","position":2,"name":"Shop","item":"https:\/\/plasticexpress.es\/ca\/shop\/"},{"@type":"ListItem","position":3,"name":"Metacrilat transparent"}]},{"@type":"WebSite","@id":"https:\/\/plasticexpress.es\/ca\/#website","url":"https:\/\/plasticexpress.es\/ca\/","name":"Plasticexpress","description":"Venta de materiales y art\u00edculos de Metacrilato","potentialAction":[{"@type":"SearchAction","target":{"@type":"EntryPoint","urlTemplate":"https:\/\/plasticexpress.es\/ca\/?s={search_term_string}"},"query-input":{"@type":"PropertyValueSpecification","valueRequired":true,"valueName":"search_term_string"}}],"inLanguage":"ca"}]}},"_links":{"self":[{"href":"https:\/\/plasticexpress.es\/ca\/wp-json\/wp\/v2\/product\/5653","targetHints":{"allow":["GET"]}}],"collection":[{"href":"https:\/\/plasticexpress.es\/ca\/wp-json\/wp\/v2\/product"}],"about":[{"href":"https:\/\/plasticexpress.es\/ca\/wp-json\/wp\/v2\/types\/product"}],"replies":[{"embeddable":true,"href":"https:\/\/plasticexpress.es\/ca\/wp-json\/wp\/v2\/comments?post=5653"}],"version-history":[{"count":8,"href":"https:\/\/plasticexpress.es\/ca\/wp-json\/wp\/v2\/product\/5653\/revisions"}],"predecessor-version":[{"id":19925,"href":"https:\/\/plasticexpress.es\/ca\/wp-json\/wp\/v2\/product\/5653\/revisions\/19925"}],"wp:featuredmedia":[{"embeddable":true,"href":"https:\/\/plasticexpress.es\/ca\/wp-json\/wp\/v2\/media\/5205"}],"wp:attachment":[{"href":"https:\/\/plasticexpress.es\/ca\/wp-json\/wp\/v2\/media?parent=5653"}],"wp:term":[{"taxonomy":"product_brand","embeddable":true,"href":"https:\/\/plasticexpress.es\/ca\/wp-json\/wp\/v2\/product_brand?post=5653"},{"taxonomy":"product_cat","embeddable":true,"href":"https:\/\/plasticexpress.es\/ca\/wp-json\/wp\/v2\/product_cat?post=5653"},{"taxonomy":"product_tag","embeddable":true,"href":"https:\/\/plasticexpress.es\/ca\/wp-json\/wp\/v2\/product_tag?post=5653"}],"curies":[{"name":"wp","href":"https:\/\/api.w.org\/{rel}","templated":true}]}}