

{"id":6132,"date":"2020-09-09T22:14:29","date_gmt":"2021-03-30T17:56:01","guid":{"rendered":"https:\/\/plasticexpress.es\/?post_type=product&#038;p=6132"},"modified":"2023-10-11T14:28:17","modified_gmt":"2023-10-11T13:28:17","slug":"metacrilat-blanc-gel-i-opal","status":"publish","type":"product","link":"https:\/\/plasticexpress.es\/ca\/producto\/materials\/metacrilat\/metacrilato-blanco-opal-30-hielo-80-ca\/metacrilat-blanc-gel-i-opal\/","title":{"rendered":"Metacrilat blanc gel i opal"},"content":{"rendered":"<p><strong>El metacrilat<\/strong> \u00e9s un dels materials m\u00e9s utilitzats en l&#8217;\u00e0mbit industrial i dom\u00e8stic, gr\u00e0cies a les bones caracter\u00edstiques que presenta. Es tracta d&#8217;un pl\u00e0stic tan resistent i emmotllable, que pr\u00e0cticament pot ser emprat en tots els projectes, siguin en interiors o a l&#8217;aire lliure.<\/p>\n<p>En <a href=\"https:\/\/plasticexpress.es\/ca\/\">Plastic Express<\/a> volem presentar-te un tipus de pl\u00e0stic que pot resultar-te molt \u00fatil. Es tracta del <strong>Metacrilat blanc \u00f2pal<\/strong>, una soluci\u00f3 que et permetr\u00e0 que la llum passi a trav\u00e9s del material, per\u00f2 en menor percentatge que el metacrilat transparent al qual estem acostumats.<\/p>\n<h2>Les propietats del metacrilat blanc \u00f2pal<\/h2>\n<p>Com <a href=\"https:\/\/plasticexpress.es\/ca\/materiales\/metacrilato-materials\/\">el metacrilat<\/a> blanc pot resultar un color massa intens, pots optar per una altra mena de pl\u00e0stic, en aquest cas el <strong>metacrilat \u00f2pal blanc<\/strong>. Es tracta d&#8217;una alternativa m\u00e9s matisada que pot donar un to m\u00e9s elegant als teus dissenys o projectes, ja que no permet que tota la llum el traspassi.<\/p>\n<p>Aquest material est\u00e0 <strong>inspirat en la pedra de l&#8217;\u00f2pal<\/strong> i, en gruixos petits (com per exemple el metacrilat blanc \u00f2pal de 3\u202fmm), resulta lleugerament transl\u00facid. No obstant aix\u00f2, quan treballem amb gruixos m\u00e9s grans (com per exemple el metacrilat blanc \u00f2pal de 5\u202fmm), pot aportar una sensaci\u00f3 molt natural de benestar, neteja i confort.<\/p>\n<p>Aquestes s\u00f3n l<strong>es principals propietats del metacrilat blanc \u00f2pal<\/strong>:<\/p>\n<ul>\n<li style=\"font-weight: 400;\">Transmissi\u00f3 de la llum al 40%.<\/li>\n<li style=\"font-weight: 400;\">Un 50% m\u00e9s lleuger que el vidre.<\/li>\n<li style=\"font-weight: 400;\">Gran facilitat de mecanitzaci\u00f3 i emmotllament.<\/li>\n<li style=\"font-weight: 400;\">Alta resist\u00e8ncia a l&#8217;impacte (entre deu i vint vegades m\u00e9s que el vidre).<\/li>\n<li style=\"font-weight: 400;\">Excel\u00b7lent a\u00efllant t\u00e8rmic i ac\u00fastic.<\/li>\n<li style=\"font-weight: 400;\">Resistent a la intemp\u00e8rie i als raigs ultraviolats (no hi ha un envelliment apreciable en deu anys d&#8217;exposici\u00f3 en l&#8217;exterior).<\/li>\n<li style=\"font-weight: 400;\">Marge continuat de temperatures des de -90 \u00b0C fins a +85 \u00b0C.<\/li>\n<li style=\"font-weight: 400;\">De f\u00e0cil combusti\u00f3, no \u00e9s autoextingible (no s&#8217;apaga en ser retirat del foc).<\/li>\n<li style=\"font-weight: 400;\">No produeix cap gas t\u00f2xic en cremar-se.<\/li>\n<li style=\"font-weight: 400;\">Pot estar en contacte amb aliments (Certificat de Qualitat Aliment\u00e0ria).<\/li>\n<\/ul>\n<p>Per a <strong>netejar el metacrilat blanc \u00f2pal <\/strong>l&#8217;ideal \u00e9s utilitzar aigua amb sab\u00f3 neutre i assecar b\u00e9 la superf\u00edcie amb un drap per a no deixar residus. No empris mai netejavidres o solucions multi\u00fas que continguin alcohol en la seva composici\u00f3.<\/p>\n<h2>\u00daS del metacrilat blanc \u00f2pal<\/h2>\n<p>El metacrilat blanc \u00f2pal <strong>t\u00e9 moltes aplicacions<\/strong> i es pot fer servir a la llar o per confeccionar els <a href=\"https:\/\/plasticexpress.es\/ca\/articulos-de-plastico-para-tiendas-y-comercios\/\">articles de pl\u00e0stic per a botigues i comer\u00e7os<\/a>. Es tracta d&#8217;una opci\u00f3 molt vers\u00e0til, per la qual cosa haur\u00e0s de tenir en compte les seves caracter\u00edstiques i veure si encaixen amb el projecte que tens al cap.<\/p>\n<p>Aquests s\u00f3n alguns <strong>exemples dels usos<\/strong> que se&#8217;ls sol donar a les planxes de metacrilat \u00f2pal blanc:<\/p>\n<ul>\n<li style=\"font-weight: 400;\">Estands i expositors<\/li>\n<li style=\"font-weight: 400;\">Dispensadors de fullets<\/li>\n<li style=\"font-weight: 400;\">Mobiliari i decoraci\u00f3<\/li>\n<li style=\"font-weight: 400;\">Aparells d&#8217;il\u00b7luminat<\/li>\n<li style=\"font-weight: 400;\">Retolaci\u00f3 i publicitat lluminosa<\/li>\n<li style=\"font-weight: 400;\">Urnes, caixes i recipients<\/li>\n<li style=\"font-weight: 400;\">Articles sanitaris<\/li>\n<li style=\"font-weight: 400;\">Entre altres&#8230;<\/li>\n<\/ul>\n<h2>\u00a0<\/h2>\n<h2>Compra el teu metacrilat blanc \u00f2pal a Plastic Express<\/h2>\n<p>A <strong>Plastic Express<\/strong>, som experts en oferir els millors pl\u00e0stics als nostres clients, siguin particulars o empreses. Som fabricadors de pl\u00e0stics i a m\u00e9s de facilitar-te el material en brut, podem ajudar-te a realitzar tots els processos de manufactura necessaris per a elaborar els teus articles de pl\u00e0stic a mesura.<\/p>\n<p>A la nostra empresa comptem amb <strong>tecnologia d&#8217;\u00faltima generaci\u00f3<\/strong> perqu\u00e8 el mecanitzat i el tall a l\u00e0ser de metacrilat siguin possibles. A m\u00e9s, som experts en polir i abrillantar les peces, aix\u00ed com la impressi\u00f3, el doblegat, el termoformat, encolat i tall a mesura, perqu\u00e8 les teves peces siguin \u00faniques i encaixin a la perfecci\u00f3 amb les teves necessitats.<\/p>\n<p>Si desitges comprar una <strong>planxa de metacrilat blanc \u00f2pal<\/strong> nom\u00e9s has d&#8217;entrar a la nostra web i trobar la que m\u00e9s s&#8217;ajusti a les mesures que necessites. Pots confiar en els nostres productes perqu\u00e8 no venem pl\u00e0stic simplement, sin\u00f3 que nosaltres mateixos ho fabriquem i sabem quina \u00e9s la millor manera de treballar el tipus de material que fabriquem.<\/p>\n<p>Si necessites un <a href=\"https:\/\/plasticexpress.es\/ca\/procesos-de-manufactura-de-materiales-plasticos\/presupuestos-a-medida\/\">pressupost per a una planxa de metacrilat a mesura<\/a>, pots contactar amb nosaltres a trav\u00e9s del correu electr\u00f2nic d&#8217;<a href=\"mailto:info@plasticexpress.es\">info@plasticexpress.es<\/a>. Assegura&#8217;t d&#8217;indicar tots els materials que t&#8217;interessen i el nostre equip es posar\u00e0 a treballar immediatament en el teu projecte i <strong>oferir-te el millor preu<\/strong>.<\/p>\n<p>Si ets un <strong>professional de la ind\u00fastria,<\/strong> recorda que pots trobar descomptes especials a trav\u00e9s del formulari per a professionals.<\/p>\n<p>Fes realitat els teus projectes de la manera m\u00e9s f\u00e0cil, econ\u00f2mica i efectiva gr\u00e0cies a les planxes de <strong>metacrilat blanc \u00f2pal <\/strong>que trobar\u00e0s en <strong>Plastic Express<\/strong>!<\/p>\n","protected":false},"excerpt":{"rendered":"<p>El metacrilat \u00e9s un dels materials m\u00e9s utilitzats en l&#8217;\u00e0mbit industrial i dom\u00e8stic, gr\u00e0cies a les bones caracter\u00edstiques que presenta. Es tracta d&#8217;un pl\u00e0stic tan resistent i emmotllable, que pr\u00e0cticament pot ser emprat en tots els projectes, siguin en interiors o a l&#8217;aire lliure. En Plastic Express volem presentar-te un tipus de pl\u00e0stic que pot [&hellip;]<\/p>\n","protected":false},"featured_media":5203,"comment_status":"open","ping_status":"closed","template":"","meta":{"_acf_changed":false},"product_brand":[],"product_cat":[673,675],"product_tag":[778,817,813,814,1521,815],"class_list":{"0":"post-6132","1":"product","2":"type-product","3":"status-publish","4":"has-post-thumbnail","6":"product_cat-metacrilat","7":"product_cat-metacrilato-blanco-opal-30-hielo-80-ca","8":"product_tag-comprar-metacrilat","9":"product_tag-encolat-de-metacrilat","10":"product_tag-metacrilat","11":"product_tag-metacrilat-a-mida","12":"product_tag-metacrilat-de-colada-a-mida","13":"product_tag-metacrilat-transparent-a-mida","15":"first","16":"instock","17":"shipping-taxable","18":"purchasable","19":"product-type-variable","20":"has-default-attributes"},"acf":{"photo_gallery":{"opciones_de_agujeros":[[]]}},"yoast_head":"<!-- This site is optimized with the Yoast SEO plugin v27.2 - https:\/\/yoast.com\/product\/yoast-seo-wordpress\/ -->\n<title>Planxes de Metacrilat Blanc Opal i Gel | PlasticExpress<\/title>\n<meta name=\"description\" content=\"Compra planxes de metacrilat blanc opal o efecte gel a un preu imbatible a Plastic Express, fabricants de materials pl\u00e0stics de refer\u00e8ncia.\" \/>\n<meta name=\"robots\" content=\"index, follow, max-snippet:-1, max-image-preview:large, max-video-preview:-1\" \/>\n<link rel=\"canonical\" href=\"https:\/\/plasticexpress.es\/ca\/producto\/materials\/metacrilat\/metacrilato-blanco-opal-30-hielo-80-ca\/metacrilat-blanc-gel-i-opal\/\" \/>\n<meta property=\"og:locale\" content=\"ca_ES\" \/>\n<meta property=\"og:type\" content=\"article\" \/>\n<meta property=\"og:title\" content=\"Planxes de Metacrilat Blanc Opal i Gel | PlasticExpress\" \/>\n<meta property=\"og:description\" content=\"Compra planxes de metacrilat blanc opal o efecte gel a un preu imbatible a Plastic Express, fabricants de materials pl\u00e0stics de refer\u00e8ncia.\" \/>\n<meta property=\"og:url\" content=\"https:\/\/plasticexpress.es\/ca\/producto\/materials\/metacrilat\/metacrilato-blanco-opal-30-hielo-80-ca\/metacrilat-blanc-gel-i-opal\/\" \/>\n<meta property=\"og:site_name\" content=\"Plasticexpress\" \/>\n<meta property=\"article:modified_time\" content=\"2023-10-11T13:28:17+00:00\" \/>\n<meta property=\"og:image\" content=\"https:\/\/plasticexpress.es\/wp-content\/uploads\/2020\/09\/metacrilato-blanco-opal-30-hielo-80-02.jpg\" \/>\n\t<meta property=\"og:image:width\" content=\"1000\" \/>\n\t<meta property=\"og:image:height\" content=\"667\" \/>\n\t<meta property=\"og:image:type\" content=\"image\/jpeg\" \/>\n<meta name=\"twitter:card\" content=\"summary_large_image\" \/>\n<script type=\"application\/ld+json\" class=\"yoast-schema-graph\">{\"@context\":\"https:\/\/schema.org\",\"@graph\":[{\"@type\":\"WebPage\",\"@id\":\"https:\/\/plasticexpress.es\/ca\/producto\/materials\/metacrilat\/metacrilato-blanco-opal-30-hielo-80-ca\/metacrilat-blanc-gel-i-opal\/\",\"url\":\"https:\/\/plasticexpress.es\/ca\/producto\/materials\/metacrilat\/metacrilato-blanco-opal-30-hielo-80-ca\/metacrilat-blanc-gel-i-opal\/\",\"name\":\"Planxes de Metacrilat Blanc Opal i Gel | PlasticExpress\",\"isPartOf\":{\"@id\":\"https:\/\/plasticexpress.es\/ca\/#website\"},\"primaryImageOfPage\":{\"@id\":\"https:\/\/plasticexpress.es\/ca\/producto\/materials\/metacrilat\/metacrilato-blanco-opal-30-hielo-80-ca\/metacrilat-blanc-gel-i-opal\/#primaryimage\"},\"image\":{\"@id\":\"https:\/\/plasticexpress.es\/ca\/producto\/materials\/metacrilat\/metacrilato-blanco-opal-30-hielo-80-ca\/metacrilat-blanc-gel-i-opal\/#primaryimage\"},\"thumbnailUrl\":\"https:\/\/plasticexpress.es\/wp-content\/uploads\/2020\/09\/metacrilato-blanco-opal-30-hielo-80-02.jpg\",\"datePublished\":\"2021-03-30T17:56:01+00:00\",\"dateModified\":\"2023-10-11T13:28:17+00:00\",\"description\":\"Compra planxes de metacrilat blanc opal o efecte gel a un preu imbatible a Plastic Express, fabricants de materials pl\u00e0stics de refer\u00e8ncia.\",\"breadcrumb\":{\"@id\":\"https:\/\/plasticexpress.es\/ca\/producto\/materials\/metacrilat\/metacrilato-blanco-opal-30-hielo-80-ca\/metacrilat-blanc-gel-i-opal\/#breadcrumb\"},\"inLanguage\":\"ca\",\"potentialAction\":[{\"@type\":\"ReadAction\",\"target\":[\"https:\/\/plasticexpress.es\/ca\/producto\/materials\/metacrilat\/metacrilato-blanco-opal-30-hielo-80-ca\/metacrilat-blanc-gel-i-opal\/\"]}]},{\"@type\":\"ImageObject\",\"inLanguage\":\"ca\",\"@id\":\"https:\/\/plasticexpress.es\/ca\/producto\/materials\/metacrilat\/metacrilato-blanco-opal-30-hielo-80-ca\/metacrilat-blanc-gel-i-opal\/#primaryimage\",\"url\":\"https:\/\/plasticexpress.es\/wp-content\/uploads\/2020\/09\/metacrilato-blanco-opal-30-hielo-80-02.jpg\",\"contentUrl\":\"https:\/\/plasticexpress.es\/wp-content\/uploads\/2020\/09\/metacrilato-blanco-opal-30-hielo-80-02.jpg\",\"width\":1000,\"height\":667},{\"@type\":\"BreadcrumbList\",\"@id\":\"https:\/\/plasticexpress.es\/ca\/producto\/materials\/metacrilat\/metacrilato-blanco-opal-30-hielo-80-ca\/metacrilat-blanc-gel-i-opal\/#breadcrumb\",\"itemListElement\":[{\"@type\":\"ListItem\",\"position\":1,\"name\":\"Portada\",\"item\":\"https:\/\/plasticexpress.es\/ca\/\"},{\"@type\":\"ListItem\",\"position\":2,\"name\":\"Shop\",\"item\":\"https:\/\/plasticexpress.es\/ca\/shop\/\"},{\"@type\":\"ListItem\",\"position\":3,\"name\":\"Metacrilat blanc gel i opal\"}]},{\"@type\":\"WebSite\",\"@id\":\"https:\/\/plasticexpress.es\/ca\/#website\",\"url\":\"https:\/\/plasticexpress.es\/ca\/\",\"name\":\"Plasticexpress\",\"description\":\"Venta de materiales y art\u00edculos de Metacrilato\",\"potentialAction\":[{\"@type\":\"SearchAction\",\"target\":{\"@type\":\"EntryPoint\",\"urlTemplate\":\"https:\/\/plasticexpress.es\/ca\/?s={search_term_string}\"},\"query-input\":{\"@type\":\"PropertyValueSpecification\",\"valueRequired\":true,\"valueName\":\"search_term_string\"}}],\"inLanguage\":\"ca\"}]}<\/script>\n<!-- \/ Yoast SEO plugin. -->","yoast_head_json":{"title":"Planxes de Metacrilat Blanc Opal i Gel | PlasticExpress","description":"Compra planxes de metacrilat blanc opal o efecte gel a un preu imbatible a Plastic Express, fabricants de materials pl\u00e0stics de refer\u00e8ncia.","robots":{"index":"index","follow":"follow","max-snippet":"max-snippet:-1","max-image-preview":"max-image-preview:large","max-video-preview":"max-video-preview:-1"},"canonical":"https:\/\/plasticexpress.es\/ca\/producto\/materials\/metacrilat\/metacrilato-blanco-opal-30-hielo-80-ca\/metacrilat-blanc-gel-i-opal\/","og_locale":"ca_ES","og_type":"article","og_title":"Planxes de Metacrilat Blanc Opal i Gel | PlasticExpress","og_description":"Compra planxes de metacrilat blanc opal o efecte gel a un preu imbatible a Plastic Express, fabricants de materials pl\u00e0stics de refer\u00e8ncia.","og_url":"https:\/\/plasticexpress.es\/ca\/producto\/materials\/metacrilat\/metacrilato-blanco-opal-30-hielo-80-ca\/metacrilat-blanc-gel-i-opal\/","og_site_name":"Plasticexpress","article_modified_time":"2023-10-11T13:28:17+00:00","og_image":[{"width":1000,"height":667,"url":"https:\/\/plasticexpress.es\/wp-content\/uploads\/2020\/09\/metacrilato-blanco-opal-30-hielo-80-02.jpg","type":"image\/jpeg"}],"twitter_card":"summary_large_image","schema":{"@context":"https:\/\/schema.org","@graph":[{"@type":"WebPage","@id":"https:\/\/plasticexpress.es\/ca\/producto\/materials\/metacrilat\/metacrilato-blanco-opal-30-hielo-80-ca\/metacrilat-blanc-gel-i-opal\/","url":"https:\/\/plasticexpress.es\/ca\/producto\/materials\/metacrilat\/metacrilato-blanco-opal-30-hielo-80-ca\/metacrilat-blanc-gel-i-opal\/","name":"Planxes de Metacrilat Blanc Opal i Gel | PlasticExpress","isPartOf":{"@id":"https:\/\/plasticexpress.es\/ca\/#website"},"primaryImageOfPage":{"@id":"https:\/\/plasticexpress.es\/ca\/producto\/materials\/metacrilat\/metacrilato-blanco-opal-30-hielo-80-ca\/metacrilat-blanc-gel-i-opal\/#primaryimage"},"image":{"@id":"https:\/\/plasticexpress.es\/ca\/producto\/materials\/metacrilat\/metacrilato-blanco-opal-30-hielo-80-ca\/metacrilat-blanc-gel-i-opal\/#primaryimage"},"thumbnailUrl":"https:\/\/plasticexpress.es\/wp-content\/uploads\/2020\/09\/metacrilato-blanco-opal-30-hielo-80-02.jpg","datePublished":"2021-03-30T17:56:01+00:00","dateModified":"2023-10-11T13:28:17+00:00","description":"Compra planxes de metacrilat blanc opal o efecte gel a un preu imbatible a Plastic Express, fabricants de materials pl\u00e0stics de refer\u00e8ncia.","breadcrumb":{"@id":"https:\/\/plasticexpress.es\/ca\/producto\/materials\/metacrilat\/metacrilato-blanco-opal-30-hielo-80-ca\/metacrilat-blanc-gel-i-opal\/#breadcrumb"},"inLanguage":"ca","potentialAction":[{"@type":"ReadAction","target":["https:\/\/plasticexpress.es\/ca\/producto\/materials\/metacrilat\/metacrilato-blanco-opal-30-hielo-80-ca\/metacrilat-blanc-gel-i-opal\/"]}]},{"@type":"ImageObject","inLanguage":"ca","@id":"https:\/\/plasticexpress.es\/ca\/producto\/materials\/metacrilat\/metacrilato-blanco-opal-30-hielo-80-ca\/metacrilat-blanc-gel-i-opal\/#primaryimage","url":"https:\/\/plasticexpress.es\/wp-content\/uploads\/2020\/09\/metacrilato-blanco-opal-30-hielo-80-02.jpg","contentUrl":"https:\/\/plasticexpress.es\/wp-content\/uploads\/2020\/09\/metacrilato-blanco-opal-30-hielo-80-02.jpg","width":1000,"height":667},{"@type":"BreadcrumbList","@id":"https:\/\/plasticexpress.es\/ca\/producto\/materials\/metacrilat\/metacrilato-blanco-opal-30-hielo-80-ca\/metacrilat-blanc-gel-i-opal\/#breadcrumb","itemListElement":[{"@type":"ListItem","position":1,"name":"Portada","item":"https:\/\/plasticexpress.es\/ca\/"},{"@type":"ListItem","position":2,"name":"Shop","item":"https:\/\/plasticexpress.es\/ca\/shop\/"},{"@type":"ListItem","position":3,"name":"Metacrilat blanc gel i opal"}]},{"@type":"WebSite","@id":"https:\/\/plasticexpress.es\/ca\/#website","url":"https:\/\/plasticexpress.es\/ca\/","name":"Plasticexpress","description":"Venta de materiales y art\u00edculos de Metacrilato","potentialAction":[{"@type":"SearchAction","target":{"@type":"EntryPoint","urlTemplate":"https:\/\/plasticexpress.es\/ca\/?s={search_term_string}"},"query-input":{"@type":"PropertyValueSpecification","valueRequired":true,"valueName":"search_term_string"}}],"inLanguage":"ca"}]}},"_links":{"self":[{"href":"https:\/\/plasticexpress.es\/ca\/wp-json\/wp\/v2\/product\/6132","targetHints":{"allow":["GET"]}}],"collection":[{"href":"https:\/\/plasticexpress.es\/ca\/wp-json\/wp\/v2\/product"}],"about":[{"href":"https:\/\/plasticexpress.es\/ca\/wp-json\/wp\/v2\/types\/product"}],"replies":[{"embeddable":true,"href":"https:\/\/plasticexpress.es\/ca\/wp-json\/wp\/v2\/comments?post=6132"}],"version-history":[{"count":5,"href":"https:\/\/plasticexpress.es\/ca\/wp-json\/wp\/v2\/product\/6132\/revisions"}],"predecessor-version":[{"id":19929,"href":"https:\/\/plasticexpress.es\/ca\/wp-json\/wp\/v2\/product\/6132\/revisions\/19929"}],"wp:featuredmedia":[{"embeddable":true,"href":"https:\/\/plasticexpress.es\/ca\/wp-json\/wp\/v2\/media\/5203"}],"wp:attachment":[{"href":"https:\/\/plasticexpress.es\/ca\/wp-json\/wp\/v2\/media?parent=6132"}],"wp:term":[{"taxonomy":"product_brand","embeddable":true,"href":"https:\/\/plasticexpress.es\/ca\/wp-json\/wp\/v2\/product_brand?post=6132"},{"taxonomy":"product_cat","embeddable":true,"href":"https:\/\/plasticexpress.es\/ca\/wp-json\/wp\/v2\/product_cat?post=6132"},{"taxonomy":"product_tag","embeddable":true,"href":"https:\/\/plasticexpress.es\/ca\/wp-json\/wp\/v2\/product_tag?post=6132"}],"curies":[{"name":"wp","href":"https:\/\/api.w.org\/{rel}","templated":true}]}}