

{"id":6243,"date":"2020-09-09T22:15:51","date_gmt":"2021-03-30T18:45:01","guid":{"rendered":"https:\/\/plasticexpress.es\/producto\/Sense%20categoria\/metacrilat-de-color-transparent\/"},"modified":"2023-10-11T14:32:12","modified_gmt":"2023-10-11T13:32:12","slug":"metacrilat-color-transparent","status":"publish","type":"product","link":"https:\/\/plasticexpress.es\/ca\/producto\/materials\/metacrilat\/metacrilato-color-transparente-ca\/metacrilat-color-transparent\/","title":{"rendered":"Metacrilat de color transparent"},"content":{"rendered":"\t\t<div data-elementor-type=\"product-post\" data-elementor-id=\"6243\" class=\"elementor elementor-6243 elementor-2129\" data-elementor-post-type=\"product\">\n\t\t\t\t\t\t<section class=\"elementor-section elementor-top-section elementor-element elementor-element-7b7d1905 elementor-section-boxed elementor-section-height-default elementor-section-height-default\" data-id=\"7b7d1905\" data-element_type=\"section\" data-e-type=\"section\">\n\t\t\t\t\t\t<div class=\"elementor-container elementor-column-gap-default\">\n\t\t\t\t\t<div class=\"elementor-column elementor-col-100 elementor-top-column elementor-element elementor-element-fa84d53\" data-id=\"fa84d53\" data-element_type=\"column\" data-e-type=\"column\">\n\t\t\t<div class=\"elementor-widget-wrap elementor-element-populated\">\n\t\t\t\t\t\t<div class=\"elementor-element elementor-element-3f36014 elementor-widget elementor-widget-text-editor\" data-id=\"3f36014\" data-element_type=\"widget\" data-e-type=\"widget\" data-widget_type=\"text-editor.default\">\n\t\t\t\t<div class=\"elementor-widget-container\">\n\t\t\t\t\t\t\t\t\t<p><b>El metacrilat transparent \u00e9s un termopl\u00e0stic r\u00edgid <\/b>que compta amb caracter\u00edstiques visuals similars al vidre, nom\u00e9s que \u00e9s molt m\u00e9s<b> lleuger i resistent.<\/b> De fet, suporta deu vegades m\u00e9s qualsevol cop o impacte.\u00a0<\/p><p>Aquest material s&#8217;ha posat de moda per la seva <b>lleugeresa, resist\u00e8ncia, durabilitat i la seva gran transpar\u00e8ncia,<\/b> d&#8217;aqu\u00ed ve que sigui utilitzat per empreses i particulars, donant lloc a m\u00faltiples usos que resumirem despr\u00e9s.\u00a0<\/p><h2>Caracter\u00edstiques del metacrilat transparent\u00a0<\/h2><p>\u00c9s possible comprar metacrilat transparent en<b> diferents formats <\/b>com granulat o en plaques, encara que tamb\u00e9 pots trobar productes acabats d&#8217;acord amb les teves necessitats.\u00a0<\/p><p>A Plastic Express tenim el que necessites: <strong>m<\/strong><b>etacrilat de qualitat a bon preu <\/b>en totes les formes i grand\u00e0ries possibles. A m\u00e9s, podr\u00e0s disposar de metacrilat transparent a mesura perqu\u00e8 puguis fer realitat qualsevol projecte que vulguis: sigui dom\u00e8stic o professional.<\/p><p>A continuaci\u00f3 parlarem sobre les<b> propietats i caracter\u00edstiques <\/b>d&#8217;aquest material d&#8217;infinites possibilitats perqu\u00e8 et facis una idea m\u00e9s clara de tot el seu potencial:\u00a0<\/p><ul><li aria-level=\"1\">Es tracta del pl\u00e0stic m\u00e9s transparent que trobar\u00e0s al mercat. Sense anar m\u00e9s lluny, la seva transpar\u00e8ncia ronda el 93%.\u00a0<\/li><li aria-level=\"1\">Ofereix una forta resist\u00e8ncia als cops i impactes.<\/li><li aria-level=\"1\">Resisteix molt b\u00e9 a la intemp\u00e8rie i suporta els efectes del sol i de qualsevol inclem\u00e8ncia meteorol\u00f2gica.\u00a0<\/li><li aria-level=\"1\">Posseeix una elevada duresa, en grau similar a l&#8217;alumini.\u00a0<\/li><li aria-level=\"1\">Pot ratllar-se, encara que la seva reparaci\u00f3 tamb\u00e9 resulta molt senzilla i efectiva.\u00a0<\/li><li aria-level=\"1\">Pot emprar-se com un bon a\u00efllant t\u00e8rmic i ac\u00fastic.<\/li><li aria-level=\"1\">Les l\u00e0mines de metacrilat transparent s\u00f3n bastant flexibles, encara que no poden doblegar-se en fred. Per a fer-ho \u00e9s necessari aplicar calor local al material.\u00a0<\/li><li aria-level=\"1\">Entra en combusti\u00f3 f\u00e0cilment, encara que, en ser retirat del foc, no s&#8217;apaga per si mateix.<\/li><li aria-level=\"1\">Pesa la meitat que el vidre i no \u00e9s molt m\u00e9s pesat que l&#8217;aigua, destacant precisament per la seva lleugeresa.\u00a0<\/li><li aria-level=\"1\">Es tracta d&#8217;un pl\u00e0stic r\u00edgid amb el qual pots treballar f\u00e0cilment. De fet, es pot tallar, partir, escatar i perforar amb les eines adequades.\u00a0<\/li><\/ul><h2>\u00a0<\/h2><h2>Usos del metacrilat transparent en planxes\u00a0<\/h2><p>Les possibilitats i usos de les planxes de metacrilat transparent s\u00f3n moltes. Sense anar m\u00e9s lluny, <b>pot emprar-se en oficines, botigues i en la llar<\/b>. A m\u00e9s de la seva gran durabilitat, \u00e9s el material m\u00e9s transparent que existeix, es pot col\u00b7locar en exterior i interior, i \u00e9s 100% reciclatge.\u00a0<\/p><ul><li aria-level=\"1\"><b>Mampares<\/b>. Les planxes de metacrilat transparent poden encarregar-se a mesura per a obtenir mampares resistents i duradores. A m\u00e9s, es poden personalitzar i adaptar-se a les necessitats i gustos de cada persona.\u00a0<\/li><li aria-level=\"1\"><b>Vitrines<\/b>. Les vitrines de metacrilat s\u00f3n un element decoratiu ideal i pots incloure-les en qualsevol estada de la teva llar, sigui en el sal\u00f3 o en el dormitori; tamb\u00e9 s\u00f3n molt pr\u00e0ctiques per a posar productes a la vista en botigues. A la nostra web disposem de diferents models de diferents grand\u00e0ries i formes.<\/li><li aria-level=\"1\"><b>Cobertes i tancaments<\/b>. El metacrilat \u00e9s molt resistent i \u00e9s perfecte per a encaixar-lo en porxos, balcons i terrasses.\u00a0<\/li><li aria-level=\"1\"><b>Mobiliari<\/b>. L&#8217;\u00faltima tend\u00e8ncia en decoraci\u00f3 d&#8217;interiors consisteix a crear mobles a partir de planxes de metacrilat a mesura. Amb aquest material pot realitzar-se qualsevol element de mobiliari tan pr\u00e0ctic com carregat d\u2019estil com a cadires o taules a un cost molt redu\u00eft.\u00a0<\/li><li aria-level=\"1\"><b>Claraboies<\/b>. Un dels usos m\u00e9s comuns del metacrilat \u00e9s la creaci\u00f3 de claraboies per a la llar. El seu format en planxes permet manipular-lo f\u00e0cilment i la seva resist\u00e8ncia a les inclem\u00e8ncies meteorol\u00f2giques no pot ser millor.\u00a0<\/li><\/ul><p>Com haur\u00e0s comprovat, existeixen multituds de possibilitats diferents que no et pots perdre. Les planxes de metacrilat s\u00f3n tend\u00e8ncia i a Plastic Express som especialistes i podem assessorar-te d&#8217;acord amb l&#8217;\u00fas que vagis a fer-ne d&#8217;ell.<\/p><p>Aquest material permet fer realitat qualsevol idea o projecte per a millorar una habitaci\u00f3 de la nostra llar o la nostra botiga. A la nostra empresa trobar\u00e0s tot el que necessites perqu\u00e8 deixis volar la teva imaginaci\u00f3 i creativitat. Pregunta&#8217;ns i et donarem resposta!\u00a0<\/p><h2>Compra el teu metacrilat transparent a Plastic Express<\/h2><p>A Plastic Express pots trobar els teus articles a mesura de gran qualitat. Comptem amb la tecnologia d&#8217;\u00faltima generaci\u00f3 m\u00e9s incre\u00efble (mecanitzat CNC i talli l\u00e0ser de metacrilat) i som experts en el poliment, doblegat, encolat, abrillantat, impressi\u00f3 i tall a mesura del metacrilat transparent.\u00a0<\/p><p>A la nostra companyia som molt exigents i cuidarem fins al m\u00e9s m\u00ednim detall per a cobrir les teves expectatives al m\u00e0xim; a m\u00e9s, podem subministrar-te tot el metacrilat que precisis. Als nostres tallers comptem amb les eines necess\u00e0ries per a seguir amb detall les instruccions dels nostres clients, encara que en la nostra web tamb\u00e9 disposem de productes ja acabats com les nostres urnes i caixes de metacrilat.\u00a0<\/p><p>Oferim un tracte pr\u00f2xim i familiar, i ens distingim per oferir un servei personalitzat i r\u00e0pid en el qual poder confiar. Si necessites un pressupost d&#8217;aquest material, n&#8217;hi ha prou amb enviar-nos un correu indicant el que necessites i et respondrem al m\u00e9s aviat possible. A m\u00e9s, si ets professional del sector podem oferir-te descomptes especials.\u00a0<\/p>\t\t\t\t\t\t\t\t<\/div>\n\t\t\t\t<\/div>\n\t\t\t\t\t<\/div>\n\t\t<\/div>\n\t\t\t\t\t<\/div>\n\t\t<\/section>\n\t\t\t\t<\/div>\n\t\t","protected":false},"excerpt":{"rendered":"<p>El metacrilat transparent \u00e9s un termopl\u00e0stic r\u00edgid que compta amb caracter\u00edstiques visuals similars al vidre, nom\u00e9s que \u00e9s molt m\u00e9s lleuger i resistent. De fet, suporta deu vegades m\u00e9s qualsevol cop o impacte.\u00a0 Aquest material s&#8217;ha posat de moda per la seva lleugeresa, resist\u00e8ncia, durabilitat i la seva gran transpar\u00e8ncia, d&#8217;aqu\u00ed ve que sigui utilitzat [&hellip;]<\/p>\n","protected":false},"featured_media":5201,"comment_status":"open","ping_status":"closed","template":"","meta":{"_acf_changed":false},"product_brand":[],"product_cat":[673,684],"product_tag":[817,813,814,872,815,812],"class_list":{"0":"post-6243","1":"product","2":"type-product","3":"status-publish","4":"has-post-thumbnail","6":"product_cat-metacrilat","7":"product_cat-metacrilato-color-transparente-ca","8":"product_tag-encolat-de-metacrilat","9":"product_tag-metacrilat","10":"product_tag-metacrilat-a-mida","11":"product_tag-metacrilat-de-coleu-transparent","12":"product_tag-metacrilat-transparent-a-mida","13":"product_tag-plancha-metacrilato-colada-ca","15":"first","16":"instock","17":"shipping-taxable","18":"purchasable","19":"product-type-variable","20":"has-default-attributes"},"acf":{"photo_gallery":{"opciones_de_agujeros":[[]]}},"yoast_head":"<!-- This site is optimized with the Yoast SEO plugin v27.4 - https:\/\/yoast.com\/product\/yoast-seo-wordpress\/ -->\n<title>Metacrilat Transparent al millor preu | Plastic Express<\/title>\n<meta name=\"description\" content=\"Compra el teu metacrilat transparent a mesura a Plastic Express, la teva empresa de creaci\u00f3 de pl\u00e0stics de confian\u00e7a.\" \/>\n<meta name=\"robots\" content=\"index, follow, max-snippet:-1, max-image-preview:large, max-video-preview:-1\" \/>\n<link rel=\"canonical\" href=\"https:\/\/plasticexpress.es\/ca\/producto\/materials\/metacrilat\/metacrilato-color-transparente-ca\/metacrilat-color-transparent\/\" \/>\n<meta property=\"og:locale\" content=\"ca_ES\" \/>\n<meta property=\"og:type\" content=\"article\" \/>\n<meta property=\"og:title\" content=\"Metacrilat Transparent al millor preu | Plastic Express\" \/>\n<meta property=\"og:description\" content=\"Compra el teu metacrilat transparent a mesura a Plastic Express, la teva empresa de creaci\u00f3 de pl\u00e0stics de confian\u00e7a.\" \/>\n<meta property=\"og:url\" content=\"https:\/\/plasticexpress.es\/ca\/producto\/materials\/metacrilat\/metacrilato-color-transparente-ca\/metacrilat-color-transparent\/\" \/>\n<meta property=\"og:site_name\" content=\"Plasticexpress\" \/>\n<meta property=\"article:modified_time\" content=\"2023-10-11T13:32:12+00:00\" \/>\n<meta property=\"og:image\" content=\"https:\/\/plasticexpress.es\/wp-content\/uploads\/2020\/09\/metacrilato-color-transparente-01.jpg\" \/>\n\t<meta property=\"og:image:width\" content=\"1000\" \/>\n\t<meta property=\"og:image:height\" content=\"667\" \/>\n\t<meta property=\"og:image:type\" content=\"image\/jpeg\" \/>\n<meta name=\"twitter:card\" content=\"summary_large_image\" \/>\n<script type=\"application\/ld+json\" class=\"yoast-schema-graph\">{\"@context\":\"https:\\\/\\\/schema.org\",\"@graph\":[{\"@type\":\"WebPage\",\"@id\":\"https:\\\/\\\/plasticexpress.es\\\/ca\\\/producto\\\/materials\\\/metacrilat\\\/metacrilato-color-transparente-ca\\\/metacrilat-color-transparent\\\/\",\"url\":\"https:\\\/\\\/plasticexpress.es\\\/ca\\\/producto\\\/materials\\\/metacrilat\\\/metacrilato-color-transparente-ca\\\/metacrilat-color-transparent\\\/\",\"name\":\"Metacrilat Transparent al millor preu | Plastic Express\",\"isPartOf\":{\"@id\":\"https:\\\/\\\/plasticexpress.es\\\/ca\\\/#website\"},\"primaryImageOfPage\":{\"@id\":\"https:\\\/\\\/plasticexpress.es\\\/ca\\\/producto\\\/materials\\\/metacrilat\\\/metacrilato-color-transparente-ca\\\/metacrilat-color-transparent\\\/#primaryimage\"},\"image\":{\"@id\":\"https:\\\/\\\/plasticexpress.es\\\/ca\\\/producto\\\/materials\\\/metacrilat\\\/metacrilato-color-transparente-ca\\\/metacrilat-color-transparent\\\/#primaryimage\"},\"thumbnailUrl\":\"https:\\\/\\\/plasticexpress.es\\\/wp-content\\\/uploads\\\/2020\\\/09\\\/metacrilato-color-transparente-01.jpg\",\"datePublished\":\"2021-03-30T18:45:01+00:00\",\"dateModified\":\"2023-10-11T13:32:12+00:00\",\"description\":\"Compra el teu metacrilat transparent a mesura a Plastic Express, la teva empresa de creaci\u00f3 de pl\u00e0stics de confian\u00e7a.\",\"breadcrumb\":{\"@id\":\"https:\\\/\\\/plasticexpress.es\\\/ca\\\/producto\\\/materials\\\/metacrilat\\\/metacrilato-color-transparente-ca\\\/metacrilat-color-transparent\\\/#breadcrumb\"},\"inLanguage\":\"ca\",\"potentialAction\":[{\"@type\":\"ReadAction\",\"target\":[\"https:\\\/\\\/plasticexpress.es\\\/ca\\\/producto\\\/materials\\\/metacrilat\\\/metacrilato-color-transparente-ca\\\/metacrilat-color-transparent\\\/\"]}]},{\"@type\":\"ImageObject\",\"inLanguage\":\"ca\",\"@id\":\"https:\\\/\\\/plasticexpress.es\\\/ca\\\/producto\\\/materials\\\/metacrilat\\\/metacrilato-color-transparente-ca\\\/metacrilat-color-transparent\\\/#primaryimage\",\"url\":\"https:\\\/\\\/plasticexpress.es\\\/wp-content\\\/uploads\\\/2020\\\/09\\\/metacrilato-color-transparente-01.jpg\",\"contentUrl\":\"https:\\\/\\\/plasticexpress.es\\\/wp-content\\\/uploads\\\/2020\\\/09\\\/metacrilato-color-transparente-01.jpg\",\"width\":1000,\"height\":667,\"caption\":\"Metacrilat color transparent\"},{\"@type\":\"BreadcrumbList\",\"@id\":\"https:\\\/\\\/plasticexpress.es\\\/ca\\\/producto\\\/materials\\\/metacrilat\\\/metacrilato-color-transparente-ca\\\/metacrilat-color-transparent\\\/#breadcrumb\",\"itemListElement\":[{\"@type\":\"ListItem\",\"position\":1,\"name\":\"Portada\",\"item\":\"https:\\\/\\\/plasticexpress.es\\\/ca\\\/\"},{\"@type\":\"ListItem\",\"position\":2,\"name\":\"Shop\",\"item\":\"https:\\\/\\\/plasticexpress.es\\\/ca\\\/shop\\\/\"},{\"@type\":\"ListItem\",\"position\":3,\"name\":\"Metacrilat de color transparent\"}]},{\"@type\":\"WebSite\",\"@id\":\"https:\\\/\\\/plasticexpress.es\\\/ca\\\/#website\",\"url\":\"https:\\\/\\\/plasticexpress.es\\\/ca\\\/\",\"name\":\"Plasticexpress\",\"description\":\"Venta de materiales y art\u00edculos de Metacrilato\",\"potentialAction\":[{\"@type\":\"SearchAction\",\"target\":{\"@type\":\"EntryPoint\",\"urlTemplate\":\"https:\\\/\\\/plasticexpress.es\\\/ca\\\/?s={search_term_string}\"},\"query-input\":{\"@type\":\"PropertyValueSpecification\",\"valueRequired\":true,\"valueName\":\"search_term_string\"}}],\"inLanguage\":\"ca\"}]}<\/script>\n<!-- \/ Yoast SEO plugin. -->","yoast_head_json":{"title":"Metacrilat Transparent al millor preu | Plastic Express","description":"Compra el teu metacrilat transparent a mesura a Plastic Express, la teva empresa de creaci\u00f3 de pl\u00e0stics de confian\u00e7a.","robots":{"index":"index","follow":"follow","max-snippet":"max-snippet:-1","max-image-preview":"max-image-preview:large","max-video-preview":"max-video-preview:-1"},"canonical":"https:\/\/plasticexpress.es\/ca\/producto\/materials\/metacrilat\/metacrilato-color-transparente-ca\/metacrilat-color-transparent\/","og_locale":"ca_ES","og_type":"article","og_title":"Metacrilat Transparent al millor preu | Plastic Express","og_description":"Compra el teu metacrilat transparent a mesura a Plastic Express, la teva empresa de creaci\u00f3 de pl\u00e0stics de confian\u00e7a.","og_url":"https:\/\/plasticexpress.es\/ca\/producto\/materials\/metacrilat\/metacrilato-color-transparente-ca\/metacrilat-color-transparent\/","og_site_name":"Plasticexpress","article_modified_time":"2023-10-11T13:32:12+00:00","og_image":[{"width":1000,"height":667,"url":"https:\/\/plasticexpress.es\/wp-content\/uploads\/2020\/09\/metacrilato-color-transparente-01.jpg","type":"image\/jpeg"}],"twitter_card":"summary_large_image","schema":{"@context":"https:\/\/schema.org","@graph":[{"@type":"WebPage","@id":"https:\/\/plasticexpress.es\/ca\/producto\/materials\/metacrilat\/metacrilato-color-transparente-ca\/metacrilat-color-transparent\/","url":"https:\/\/plasticexpress.es\/ca\/producto\/materials\/metacrilat\/metacrilato-color-transparente-ca\/metacrilat-color-transparent\/","name":"Metacrilat Transparent al millor preu | Plastic Express","isPartOf":{"@id":"https:\/\/plasticexpress.es\/ca\/#website"},"primaryImageOfPage":{"@id":"https:\/\/plasticexpress.es\/ca\/producto\/materials\/metacrilat\/metacrilato-color-transparente-ca\/metacrilat-color-transparent\/#primaryimage"},"image":{"@id":"https:\/\/plasticexpress.es\/ca\/producto\/materials\/metacrilat\/metacrilato-color-transparente-ca\/metacrilat-color-transparent\/#primaryimage"},"thumbnailUrl":"https:\/\/plasticexpress.es\/wp-content\/uploads\/2020\/09\/metacrilato-color-transparente-01.jpg","datePublished":"2021-03-30T18:45:01+00:00","dateModified":"2023-10-11T13:32:12+00:00","description":"Compra el teu metacrilat transparent a mesura a Plastic Express, la teva empresa de creaci\u00f3 de pl\u00e0stics de confian\u00e7a.","breadcrumb":{"@id":"https:\/\/plasticexpress.es\/ca\/producto\/materials\/metacrilat\/metacrilato-color-transparente-ca\/metacrilat-color-transparent\/#breadcrumb"},"inLanguage":"ca","potentialAction":[{"@type":"ReadAction","target":["https:\/\/plasticexpress.es\/ca\/producto\/materials\/metacrilat\/metacrilato-color-transparente-ca\/metacrilat-color-transparent\/"]}]},{"@type":"ImageObject","inLanguage":"ca","@id":"https:\/\/plasticexpress.es\/ca\/producto\/materials\/metacrilat\/metacrilato-color-transparente-ca\/metacrilat-color-transparent\/#primaryimage","url":"https:\/\/plasticexpress.es\/wp-content\/uploads\/2020\/09\/metacrilato-color-transparente-01.jpg","contentUrl":"https:\/\/plasticexpress.es\/wp-content\/uploads\/2020\/09\/metacrilato-color-transparente-01.jpg","width":1000,"height":667,"caption":"Metacrilat color transparent"},{"@type":"BreadcrumbList","@id":"https:\/\/plasticexpress.es\/ca\/producto\/materials\/metacrilat\/metacrilato-color-transparente-ca\/metacrilat-color-transparent\/#breadcrumb","itemListElement":[{"@type":"ListItem","position":1,"name":"Portada","item":"https:\/\/plasticexpress.es\/ca\/"},{"@type":"ListItem","position":2,"name":"Shop","item":"https:\/\/plasticexpress.es\/ca\/shop\/"},{"@type":"ListItem","position":3,"name":"Metacrilat de color transparent"}]},{"@type":"WebSite","@id":"https:\/\/plasticexpress.es\/ca\/#website","url":"https:\/\/plasticexpress.es\/ca\/","name":"Plasticexpress","description":"Venta de materiales y art\u00edculos de Metacrilato","potentialAction":[{"@type":"SearchAction","target":{"@type":"EntryPoint","urlTemplate":"https:\/\/plasticexpress.es\/ca\/?s={search_term_string}"},"query-input":{"@type":"PropertyValueSpecification","valueRequired":true,"valueName":"search_term_string"}}],"inLanguage":"ca"}]}},"_links":{"self":[{"href":"https:\/\/plasticexpress.es\/ca\/wp-json\/wp\/v2\/product\/6243","targetHints":{"allow":["GET"]}}],"collection":[{"href":"https:\/\/plasticexpress.es\/ca\/wp-json\/wp\/v2\/product"}],"about":[{"href":"https:\/\/plasticexpress.es\/ca\/wp-json\/wp\/v2\/types\/product"}],"replies":[{"embeddable":true,"href":"https:\/\/plasticexpress.es\/ca\/wp-json\/wp\/v2\/comments?post=6243"}],"version-history":[{"count":7,"href":"https:\/\/plasticexpress.es\/ca\/wp-json\/wp\/v2\/product\/6243\/revisions"}],"predecessor-version":[{"id":19932,"href":"https:\/\/plasticexpress.es\/ca\/wp-json\/wp\/v2\/product\/6243\/revisions\/19932"}],"wp:featuredmedia":[{"embeddable":true,"href":"https:\/\/plasticexpress.es\/ca\/wp-json\/wp\/v2\/media\/5201"}],"wp:attachment":[{"href":"https:\/\/plasticexpress.es\/ca\/wp-json\/wp\/v2\/media?parent=6243"}],"wp:term":[{"taxonomy":"product_brand","embeddable":true,"href":"https:\/\/plasticexpress.es\/ca\/wp-json\/wp\/v2\/product_brand?post=6243"},{"taxonomy":"product_cat","embeddable":true,"href":"https:\/\/plasticexpress.es\/ca\/wp-json\/wp\/v2\/product_cat?post=6243"},{"taxonomy":"product_tag","embeddable":true,"href":"https:\/\/plasticexpress.es\/ca\/wp-json\/wp\/v2\/product_tag?post=6243"}],"curies":[{"name":"wp","href":"https:\/\/api.w.org\/{rel}","templated":true}]}}