

{"id":6372,"date":"2020-09-09T22:16:23","date_gmt":"2021-03-30T20:47:59","guid":{"rendered":"https:\/\/plasticexpress.es\/producto\/Sense%20categoria\/metacrilat-de-color-opac\/"},"modified":"2023-11-22T02:32:09","modified_gmt":"2023-11-22T01:32:09","slug":"metacrilato-color-opaco","status":"publish","type":"product","link":"https:\/\/plasticexpress.es\/ca\/producto\/materials\/metacrilat\/metacrilato-color-opaco-ca\/metacrilato-color-opaco\/","title":{"rendered":"Metacrilat de color opac"},"content":{"rendered":"\t\t<div data-elementor-type=\"product-post\" data-elementor-id=\"6372\" class=\"elementor elementor-6372 elementor-2166\" data-elementor-post-type=\"product\">\n\t\t\t\t\t\t<section class=\"elementor-section elementor-top-section elementor-element elementor-element-1c3467f elementor-section-boxed elementor-section-height-default elementor-section-height-default\" data-id=\"1c3467f\" data-element_type=\"section\" data-e-type=\"section\">\n\t\t\t\t\t\t<div class=\"elementor-container elementor-column-gap-default\">\n\t\t\t\t\t<div class=\"elementor-column elementor-col-100 elementor-top-column elementor-element elementor-element-f610884\" data-id=\"f610884\" data-element_type=\"column\" data-e-type=\"column\">\n\t\t\t<div class=\"elementor-widget-wrap elementor-element-populated\">\n\t\t\t\t\t\t<div class=\"elementor-element elementor-element-dc0ee86 elementor-widget elementor-widget-text-editor\" data-id=\"dc0ee86\" data-element_type=\"widget\" data-e-type=\"widget\" data-widget_type=\"text-editor.default\">\n\t\t\t\t<div class=\"elementor-widget-container\">\n\t\t\t\t\t\t\t\t\t<p>El\u00a0<strong>metacrilat de color opac<\/strong>\u00a0\u00e9s un material molt vers\u00e0til que t\u00e9 una capacitat \u00fanica per a difondre la llum en la seva superf\u00edcie. Aix\u00f2 l\u2019ha convertit en un material molt popular que es pot utilitzar en molts \u00e0mbits com ara en el m\u00f3n del disseny, l&#8217;arquitectura i la decoraci\u00f3.<\/p><p>A\u00a0<a href=\"https:\/\/plasticexpress.es\/ca\/\">Plastic Express<\/a>, fabriquem tota mena de pl\u00e0stics i, a continuaci\u00f3, et presentarem les propietats d&#8217;un dels materials m\u00e9s sol\u00b7licitats pels nostres clients:\u00a0<strong>el metacrilat de color opac.<\/strong><\/p>\t\t\t\t\t\t\t\t<\/div>\n\t\t\t\t<\/div>\n\t\t\t\t<div class=\"elementor-element elementor-element-b21aed3 elementor-widget elementor-widget-heading\" data-id=\"b21aed3\" data-element_type=\"widget\" data-e-type=\"widget\" data-widget_type=\"heading.default\">\n\t\t\t\t<div class=\"elementor-widget-container\">\n\t\t\t\t\t<h2 class=\"elementor-heading-title elementor-size-default\">Propietats del metacrilat de color opac<\/h2>\t\t\t\t<\/div>\n\t\t\t\t<\/div>\n\t\t\t\t<div class=\"elementor-element elementor-element-b192dbb elementor-widget elementor-widget-text-editor\" data-id=\"b192dbb\" data-element_type=\"widget\" data-e-type=\"widget\" data-widget_type=\"text-editor.default\">\n\t\t\t\t<div class=\"elementor-widget-container\">\n\t\t\t\t\t\t\t\t\t<p><a href=\"https:\/\/plasticexpress.es\/ca\/materials\/metacrilat\/\"><strong>El metacrilat<\/strong><\/a>\u00a0opac de color \u00e9s un termopl\u00e0stic que presenta un color viu, una excel\u00b7lent lleugeresa i una bona resist\u00e8ncia a la intemp\u00e8rie. A Plastic Express fabriquem peces de pl\u00e0stic d&#8217;aquest material a mesura, fent servir els processos de tall i gravat l\u00e0ser,\u00a0<a href=\"https:\/\/plasticexpress.es\/ca\/procesos-de-manufactura-de-materials-plastics\/mecanitzat-per-cnc\/\">mecanitzat per CNC<\/a>, poliment i abrillantat, doblegat, encolat, termoformat, embotit i impressi\u00f3.<\/p><p>Tamb\u00e9 conegut com a polimetacrilat de metil (PMMA), aquest tipus de pl\u00e0stic t\u00e9 les seg\u00fcents caracter\u00edstiques:<\/p><ul><li><strong>Opacitat:<\/strong>\u00a0No permet el pas de llum, ideal per a la privacitat.<\/li><li><strong>Resist\u00e8ncia a la intemp\u00e8rie:<\/strong>\u00a0Suporta les condicions clim\u00e0tiques, com la radiaci\u00f3 UV i la humitat.<\/li><li><strong>Varietat de colors:\u00a0<\/strong>a Plastic Express treballem amb metacrilat de color verd, blau, metacrilat vermell, metacrilat taronja i metacrilat groc.<\/li><li><strong>Facilitat de mecanitzat:<\/strong>\u00a0Es pot tallar, doblegar i gravar, entre altres processos.<\/li><li><strong>Resist\u00e8ncia qu\u00edmica:<\/strong>\u00a0aquest material tolera els productes qu\u00edmics i subst\u00e0ncies corrosives, per la qual cosa \u00e9s perfecte per a entorns industrials i aplicacions que requereixen durabilitat.<\/li><li><strong>Pes lleuger:\u00a0<\/strong>Pesa la meitat que el cristall, aix\u00ed que \u00e9s f\u00e0cil de manipular i transportar.<\/li><li><strong>A\u00efllament ac\u00fastic:\u00a0<\/strong>Redueix el soroll.<\/li><li><strong>Sostenibilitat<\/strong>: \u00c9s reciclable i gran durabilitat, aix\u00ed que \u00e9s un pl\u00e0stic respectu\u00f3s amb el medi ambient.<\/li><\/ul>\t\t\t\t\t\t\t\t<\/div>\n\t\t\t\t<\/div>\n\t\t\t\t<div class=\"elementor-element elementor-element-12db842 elementor-widget elementor-widget-heading\" data-id=\"12db842\" data-element_type=\"widget\" data-e-type=\"widget\" data-widget_type=\"heading.default\">\n\t\t\t\t<div class=\"elementor-widget-container\">\n\t\t\t\t\t<h2 class=\"elementor-heading-title elementor-size-default\">Aplicacions del metacrilat de colors<\/h2>\t\t\t\t<\/div>\n\t\t\t\t<\/div>\n\t\t\t\t<div class=\"elementor-element elementor-element-0cce2b5 elementor-widget elementor-widget-text-editor\" data-id=\"0cce2b5\" data-element_type=\"widget\" data-e-type=\"widget\" data-widget_type=\"text-editor.default\">\n\t\t\t\t<div class=\"elementor-widget-container\">\n\t\t\t\t\t\t\t\t\t<p>Gr\u00e0cies a les bones caracter\u00edstiques que ofereix el metacrilat en colors opacs, moltes ind\u00fastries ja l&#8217;han triat per a diverses aplicacions:<\/p><ol><li><strong>Disseny d&#8217;interiors:\u00a0<\/strong>La seva varietat de colors permet adaptar-se a diferents estils i ambients, per la qual cosa s&#8217;utilitza per a crear elements decoratius, panells, revestiments i mobles de disseny.<\/li><li><strong>Senyalitzaci\u00f3 i r\u00e8tols:<\/strong>\u00a0Es fabriquen senyals i r\u00e8tols cridaners i resistents, usats en botigues, restaurants i espais p\u00fablics.<\/li><li><strong>Il\u00b7luminaci\u00f3 decorativa:<\/strong>\u00a0L&#8217;opacitat del metacrilat pot difuminar la llum d&#8217;una manera especial, aix\u00ed que s&#8217;empra en llums i pantalles per a aconseguir efectes d&#8217;il\u00b7luminaci\u00f3 decorativa.<\/li><li><strong>Art i escultura:<\/strong>\u00a0Alguns artistes fan servir metacrilat de colors per a crear obres d&#8217;art i escultures contempor\u00e0nies, a causa de la seva capacitat de barrejar colors i formes.<\/li><li><strong>Mobles i disseny de mobiliari:\u00a0<\/strong>pots trobar metacrilat d&#8217;aquestes caracter\u00edstiques en mobles, cadires, taules i tamborets, ja que dona un toc de modernitat i color als espais.<\/li><li><strong>Ind\u00fastria automotriu:\u00a0<\/strong>S&#8217;utilitza per a fabricar panells interiors, consoles i altres components de l&#8217;interior dels vehicles, aportant estil i durabilitat al resultat final.<\/li><li><strong>Exhibidors i vitrines:<\/strong>\u00a0El metacrilat de colors s&#8217;utilitza en els exhibidors de productes de les botigues o vitrines de museus. Aquestes peces ressalten els objectes exhibits de manera est\u00e8tica i protegida.<\/li><li><strong>Divisors i particions:<\/strong>\u00a0En espais d&#8217;oficines, restaurants i altres llocs p\u00fablics en els quals es vulgui oferir privacitat, s&#8217;utilitzen les plaques de metacrilat opaques.<\/li><li><strong>Panells de revestiment:<\/strong>\u00a0S&#8217;utilitza en panells de revestiment de parets i sostres en interiors, per a generar una aparen\u00e7a moderna i elegant. Aquests panells podrien ajudar a ocultar algunes imperfeccions de la superf\u00edcie.<\/li><\/ol>\t\t\t\t\t\t\t\t<\/div>\n\t\t\t\t<\/div>\n\t\t\t\t<div class=\"elementor-element elementor-element-0b376e2 elementor-widget elementor-widget-heading\" data-id=\"0b376e2\" data-element_type=\"widget\" data-e-type=\"widget\" data-widget_type=\"heading.default\">\n\t\t\t\t<div class=\"elementor-widget-container\">\n\t\t\t\t\t<h2 class=\"elementor-heading-title elementor-size-default\">Compra la teva placa de metacrilat en colors opacs a Plastic Express<\/h2>\t\t\t\t<\/div>\n\t\t\t\t<\/div>\n\t\t\t\t<div class=\"elementor-element elementor-element-5a2ba2b elementor-widget elementor-widget-text-editor\" data-id=\"5a2ba2b\" data-element_type=\"widget\" data-e-type=\"widget\" data-widget_type=\"text-editor.default\">\n\t\t\t\t<div class=\"elementor-widget-container\">\n\t\t\t\t\t\t\t\t\t<p>A Plastic Express portem m\u00e9s de 10 anys donant servei als nostres clients i oferint-los les peces de pl\u00e0stic m\u00e9s adequades per als seus projectes. Pots visitar la nostra p\u00e0gina web per a veure les<strong>\u00a0plaques de metacrilat en colors opacs<\/strong>\u00a0que tenim disponibles.<\/p><p>En cas que necessitis peces a mesura, pots contactar amb nosaltres directament a trav\u00e9s del correu electr\u00f2nic<a href=\"mailto:info@plasticexpress.es\">\u00a0info@plasticexpress.es<\/a>. En el missatge haur\u00e0s d&#8217;indicar-nos el tipus de pl\u00e0stic en el qual est\u00e0s interessat, en aquest cas \u201cmetacrilat de color opac\u201d i les mesures que necessites.<\/p><p>El nostre equip es posar\u00e0 a treballar immediatament per a oferir-te un pressupost a mesura per a les teves plaques de pl\u00e0stic, sense comprom\u00eds. A m\u00e9s, recorda que si ets un professional de la ind\u00fastria, pots accedir a descomptes especials a trav\u00e9s del formulari de la nostra p\u00e0gina web.<\/p><p>Aconsegueix les teves plaques de metacrilat de color opac de la millor qualitat i al millor preu en Plastic Express!<\/p>\t\t\t\t\t\t\t\t<\/div>\n\t\t\t\t<\/div>\n\t\t\t\t\t<\/div>\n\t\t<\/div>\n\t\t\t\t\t<\/div>\n\t\t<\/section>\n\t\t\t\t<\/div>\n\t\t","protected":false},"excerpt":{"rendered":"<p>El\u00a0metacrilat de color opac\u00a0\u00e9s un material molt vers\u00e0til que t\u00e9 una capacitat \u00fanica per a difondre la llum en la seva superf\u00edcie. Aix\u00f2 l\u2019ha convertit en un material molt popular que es pot utilitzar en molts \u00e0mbits com ara en el m\u00f3n del disseny, l&#8217;arquitectura i la decoraci\u00f3. A\u00a0Plastic Express, fabriquem tota mena de pl\u00e0stics [&hellip;]<\/p>\n","protected":false},"featured_media":5199,"comment_status":"open","ping_status":"closed","template":"","meta":{"_acf_changed":false},"product_brand":[],"product_cat":[673,680],"product_tag":[889,817,813,814,886,888,887,812],"class_list":{"0":"post-6372","1":"product","2":"type-product","3":"status-publish","4":"has-post-thumbnail","6":"product_cat-metacrilat","7":"product_cat-metacrilato-color-opaco-ca","8":"product_tag-comprar-metacrilato-opaco-ca","9":"product_tag-encolat-de-metacrilat","10":"product_tag-metacrilat","11":"product_tag-metacrilat-a-mida","12":"product_tag-metacrilato-de-colada-opaco-ca","13":"product_tag-metacrilato-opaco-ca","14":"product_tag-metacrilato-opaco-a-medida-ca","15":"product_tag-plancha-metacrilato-colada-ca","17":"first","18":"instock","19":"shipping-taxable","20":"purchasable","21":"product-type-variable","22":"has-default-attributes"},"acf":{"photo_gallery":{"opciones_de_agujeros":[[]]}},"yoast_head":"<!-- This site is optimized with the Yoast SEO plugin v27.4 - https:\/\/yoast.com\/product\/yoast-seo-wordpress\/ -->\n<title>Metacrilat de color opac - Plasticexpress<\/title>\n<meta name=\"description\" content=\"El\u00a0metacrilat de color opac\u00a0\u00e9s un material molt vers\u00e0til que t\u00e9 una capacitat \u00fanica per a difondre la llum en la seva superf\u00edcie. Aix\u00f2 l\u2019ha convertit en\" \/>\n<meta name=\"robots\" content=\"index, follow, max-snippet:-1, max-image-preview:large, max-video-preview:-1\" \/>\n<link rel=\"canonical\" href=\"https:\/\/plasticexpress.es\/ca\/producto\/materials\/metacrilat\/metacrilato-color-opaco-ca\/metacrilato-color-opaco\/\" \/>\n<meta property=\"og:locale\" content=\"ca_ES\" \/>\n<meta property=\"og:type\" content=\"article\" \/>\n<meta property=\"og:title\" content=\"Metacrilat de color opac - Plasticexpress\" \/>\n<meta property=\"og:description\" content=\"El\u00a0metacrilat de color opac\u00a0\u00e9s un material molt vers\u00e0til que t\u00e9 una capacitat \u00fanica per a difondre la llum en la seva superf\u00edcie. Aix\u00f2 l\u2019ha convertit en\" \/>\n<meta property=\"og:url\" content=\"https:\/\/plasticexpress.es\/ca\/producto\/materials\/metacrilat\/metacrilato-color-opaco-ca\/metacrilato-color-opaco\/\" \/>\n<meta property=\"og:site_name\" content=\"Plasticexpress\" \/>\n<meta property=\"article:modified_time\" content=\"2023-11-22T01:32:09+00:00\" \/>\n<meta property=\"og:image\" content=\"https:\/\/plasticexpress.es\/wp-content\/uploads\/2020\/09\/metacrilato-color-opaco-01-1.jpg\" \/>\n\t<meta property=\"og:image:width\" content=\"1000\" \/>\n\t<meta property=\"og:image:height\" content=\"667\" \/>\n\t<meta property=\"og:image:type\" content=\"image\/jpeg\" \/>\n<meta name=\"twitter:card\" content=\"summary_large_image\" \/>\n<script type=\"application\/ld+json\" class=\"yoast-schema-graph\">{\"@context\":\"https:\\\/\\\/schema.org\",\"@graph\":[{\"@type\":\"WebPage\",\"@id\":\"https:\\\/\\\/plasticexpress.es\\\/ca\\\/producto\\\/materials\\\/metacrilat\\\/metacrilato-color-opaco-ca\\\/metacrilato-color-opaco\\\/\",\"url\":\"https:\\\/\\\/plasticexpress.es\\\/ca\\\/producto\\\/materials\\\/metacrilat\\\/metacrilato-color-opaco-ca\\\/metacrilato-color-opaco\\\/\",\"name\":\"Metacrilat de color opac - Plasticexpress\",\"isPartOf\":{\"@id\":\"https:\\\/\\\/plasticexpress.es\\\/ca\\\/#website\"},\"primaryImageOfPage\":{\"@id\":\"https:\\\/\\\/plasticexpress.es\\\/ca\\\/producto\\\/materials\\\/metacrilat\\\/metacrilato-color-opaco-ca\\\/metacrilato-color-opaco\\\/#primaryimage\"},\"image\":{\"@id\":\"https:\\\/\\\/plasticexpress.es\\\/ca\\\/producto\\\/materials\\\/metacrilat\\\/metacrilato-color-opaco-ca\\\/metacrilato-color-opaco\\\/#primaryimage\"},\"thumbnailUrl\":\"https:\\\/\\\/plasticexpress.es\\\/wp-content\\\/uploads\\\/2020\\\/09\\\/metacrilato-color-opaco-01-1.jpg\",\"datePublished\":\"2021-03-30T20:47:59+00:00\",\"dateModified\":\"2023-11-22T01:32:09+00:00\",\"description\":\"El\u00a0metacrilat de color opac\u00a0\u00e9s un material molt vers\u00e0til que t\u00e9 una capacitat \u00fanica per a difondre la llum en la seva superf\u00edcie. Aix\u00f2 l\u2019ha convertit en\",\"breadcrumb\":{\"@id\":\"https:\\\/\\\/plasticexpress.es\\\/ca\\\/producto\\\/materials\\\/metacrilat\\\/metacrilato-color-opaco-ca\\\/metacrilato-color-opaco\\\/#breadcrumb\"},\"inLanguage\":\"ca\",\"potentialAction\":[{\"@type\":\"ReadAction\",\"target\":[\"https:\\\/\\\/plasticexpress.es\\\/ca\\\/producto\\\/materials\\\/metacrilat\\\/metacrilato-color-opaco-ca\\\/metacrilato-color-opaco\\\/\"]}]},{\"@type\":\"ImageObject\",\"inLanguage\":\"ca\",\"@id\":\"https:\\\/\\\/plasticexpress.es\\\/ca\\\/producto\\\/materials\\\/metacrilat\\\/metacrilato-color-opaco-ca\\\/metacrilato-color-opaco\\\/#primaryimage\",\"url\":\"https:\\\/\\\/plasticexpress.es\\\/wp-content\\\/uploads\\\/2020\\\/09\\\/metacrilato-color-opaco-01-1.jpg\",\"contentUrl\":\"https:\\\/\\\/plasticexpress.es\\\/wp-content\\\/uploads\\\/2020\\\/09\\\/metacrilato-color-opaco-01-1.jpg\",\"width\":1000,\"height\":667,\"caption\":\"Metacrilato color opaco\"},{\"@type\":\"BreadcrumbList\",\"@id\":\"https:\\\/\\\/plasticexpress.es\\\/ca\\\/producto\\\/materials\\\/metacrilat\\\/metacrilato-color-opaco-ca\\\/metacrilato-color-opaco\\\/#breadcrumb\",\"itemListElement\":[{\"@type\":\"ListItem\",\"position\":1,\"name\":\"Portada\",\"item\":\"https:\\\/\\\/plasticexpress.es\\\/ca\\\/\"},{\"@type\":\"ListItem\",\"position\":2,\"name\":\"Shop\",\"item\":\"https:\\\/\\\/plasticexpress.es\\\/ca\\\/shop\\\/\"},{\"@type\":\"ListItem\",\"position\":3,\"name\":\"Metacrilat de color opac\"}]},{\"@type\":\"WebSite\",\"@id\":\"https:\\\/\\\/plasticexpress.es\\\/ca\\\/#website\",\"url\":\"https:\\\/\\\/plasticexpress.es\\\/ca\\\/\",\"name\":\"Plasticexpress\",\"description\":\"Venta de materiales y art\u00edculos de Metacrilato\",\"potentialAction\":[{\"@type\":\"SearchAction\",\"target\":{\"@type\":\"EntryPoint\",\"urlTemplate\":\"https:\\\/\\\/plasticexpress.es\\\/ca\\\/?s={search_term_string}\"},\"query-input\":{\"@type\":\"PropertyValueSpecification\",\"valueRequired\":true,\"valueName\":\"search_term_string\"}}],\"inLanguage\":\"ca\"}]}<\/script>\n<!-- \/ Yoast SEO plugin. -->","yoast_head_json":{"title":"Metacrilat de color opac - Plasticexpress","description":"El\u00a0metacrilat de color opac\u00a0\u00e9s un material molt vers\u00e0til que t\u00e9 una capacitat \u00fanica per a difondre la llum en la seva superf\u00edcie. Aix\u00f2 l\u2019ha convertit en","robots":{"index":"index","follow":"follow","max-snippet":"max-snippet:-1","max-image-preview":"max-image-preview:large","max-video-preview":"max-video-preview:-1"},"canonical":"https:\/\/plasticexpress.es\/ca\/producto\/materials\/metacrilat\/metacrilato-color-opaco-ca\/metacrilato-color-opaco\/","og_locale":"ca_ES","og_type":"article","og_title":"Metacrilat de color opac - Plasticexpress","og_description":"El\u00a0metacrilat de color opac\u00a0\u00e9s un material molt vers\u00e0til que t\u00e9 una capacitat \u00fanica per a difondre la llum en la seva superf\u00edcie. Aix\u00f2 l\u2019ha convertit en","og_url":"https:\/\/plasticexpress.es\/ca\/producto\/materials\/metacrilat\/metacrilato-color-opaco-ca\/metacrilato-color-opaco\/","og_site_name":"Plasticexpress","article_modified_time":"2023-11-22T01:32:09+00:00","og_image":[{"width":1000,"height":667,"url":"https:\/\/plasticexpress.es\/wp-content\/uploads\/2020\/09\/metacrilato-color-opaco-01-1.jpg","type":"image\/jpeg"}],"twitter_card":"summary_large_image","schema":{"@context":"https:\/\/schema.org","@graph":[{"@type":"WebPage","@id":"https:\/\/plasticexpress.es\/ca\/producto\/materials\/metacrilat\/metacrilato-color-opaco-ca\/metacrilato-color-opaco\/","url":"https:\/\/plasticexpress.es\/ca\/producto\/materials\/metacrilat\/metacrilato-color-opaco-ca\/metacrilato-color-opaco\/","name":"Metacrilat de color opac - Plasticexpress","isPartOf":{"@id":"https:\/\/plasticexpress.es\/ca\/#website"},"primaryImageOfPage":{"@id":"https:\/\/plasticexpress.es\/ca\/producto\/materials\/metacrilat\/metacrilato-color-opaco-ca\/metacrilato-color-opaco\/#primaryimage"},"image":{"@id":"https:\/\/plasticexpress.es\/ca\/producto\/materials\/metacrilat\/metacrilato-color-opaco-ca\/metacrilato-color-opaco\/#primaryimage"},"thumbnailUrl":"https:\/\/plasticexpress.es\/wp-content\/uploads\/2020\/09\/metacrilato-color-opaco-01-1.jpg","datePublished":"2021-03-30T20:47:59+00:00","dateModified":"2023-11-22T01:32:09+00:00","description":"El\u00a0metacrilat de color opac\u00a0\u00e9s un material molt vers\u00e0til que t\u00e9 una capacitat \u00fanica per a difondre la llum en la seva superf\u00edcie. Aix\u00f2 l\u2019ha convertit en","breadcrumb":{"@id":"https:\/\/plasticexpress.es\/ca\/producto\/materials\/metacrilat\/metacrilato-color-opaco-ca\/metacrilato-color-opaco\/#breadcrumb"},"inLanguage":"ca","potentialAction":[{"@type":"ReadAction","target":["https:\/\/plasticexpress.es\/ca\/producto\/materials\/metacrilat\/metacrilato-color-opaco-ca\/metacrilato-color-opaco\/"]}]},{"@type":"ImageObject","inLanguage":"ca","@id":"https:\/\/plasticexpress.es\/ca\/producto\/materials\/metacrilat\/metacrilato-color-opaco-ca\/metacrilato-color-opaco\/#primaryimage","url":"https:\/\/plasticexpress.es\/wp-content\/uploads\/2020\/09\/metacrilato-color-opaco-01-1.jpg","contentUrl":"https:\/\/plasticexpress.es\/wp-content\/uploads\/2020\/09\/metacrilato-color-opaco-01-1.jpg","width":1000,"height":667,"caption":"Metacrilato color opaco"},{"@type":"BreadcrumbList","@id":"https:\/\/plasticexpress.es\/ca\/producto\/materials\/metacrilat\/metacrilato-color-opaco-ca\/metacrilato-color-opaco\/#breadcrumb","itemListElement":[{"@type":"ListItem","position":1,"name":"Portada","item":"https:\/\/plasticexpress.es\/ca\/"},{"@type":"ListItem","position":2,"name":"Shop","item":"https:\/\/plasticexpress.es\/ca\/shop\/"},{"@type":"ListItem","position":3,"name":"Metacrilat de color opac"}]},{"@type":"WebSite","@id":"https:\/\/plasticexpress.es\/ca\/#website","url":"https:\/\/plasticexpress.es\/ca\/","name":"Plasticexpress","description":"Venta de materiales y art\u00edculos de Metacrilato","potentialAction":[{"@type":"SearchAction","target":{"@type":"EntryPoint","urlTemplate":"https:\/\/plasticexpress.es\/ca\/?s={search_term_string}"},"query-input":{"@type":"PropertyValueSpecification","valueRequired":true,"valueName":"search_term_string"}}],"inLanguage":"ca"}]}},"_links":{"self":[{"href":"https:\/\/plasticexpress.es\/ca\/wp-json\/wp\/v2\/product\/6372","targetHints":{"allow":["GET"]}}],"collection":[{"href":"https:\/\/plasticexpress.es\/ca\/wp-json\/wp\/v2\/product"}],"about":[{"href":"https:\/\/plasticexpress.es\/ca\/wp-json\/wp\/v2\/types\/product"}],"replies":[{"embeddable":true,"href":"https:\/\/plasticexpress.es\/ca\/wp-json\/wp\/v2\/comments?post=6372"}],"version-history":[{"count":13,"href":"https:\/\/plasticexpress.es\/ca\/wp-json\/wp\/v2\/product\/6372\/revisions"}],"predecessor-version":[{"id":20315,"href":"https:\/\/plasticexpress.es\/ca\/wp-json\/wp\/v2\/product\/6372\/revisions\/20315"}],"wp:featuredmedia":[{"embeddable":true,"href":"https:\/\/plasticexpress.es\/ca\/wp-json\/wp\/v2\/media\/5199"}],"wp:attachment":[{"href":"https:\/\/plasticexpress.es\/ca\/wp-json\/wp\/v2\/media?parent=6372"}],"wp:term":[{"taxonomy":"product_brand","embeddable":true,"href":"https:\/\/plasticexpress.es\/ca\/wp-json\/wp\/v2\/product_brand?post=6372"},{"taxonomy":"product_cat","embeddable":true,"href":"https:\/\/plasticexpress.es\/ca\/wp-json\/wp\/v2\/product_cat?post=6372"},{"taxonomy":"product_tag","embeddable":true,"href":"https:\/\/plasticexpress.es\/ca\/wp-json\/wp\/v2\/product_tag?post=6372"}],"curies":[{"name":"wp","href":"https:\/\/api.w.org\/{rel}","templated":true}]}}