

{"id":6514,"date":"2020-09-09T22:16:48","date_gmt":"2021-03-30T21:02:58","guid":{"rendered":"https:\/\/plasticexpress.es\/producto\/Sense%20categoria\/metacrilat-de-color-blanc-i-negre-opac\/"},"modified":"2023-02-22T11:10:01","modified_gmt":"2023-02-22T10:10:01","slug":"metacrilato-blanco-y-negro-opaco","status":"publish","type":"product","link":"https:\/\/plasticexpress.es\/ca\/producto\/materials\/metacrilat\/metacrilato-blanco-y-negro-opaco-ca\/metacrilato-blanco-y-negro-opaco\/","title":{"rendered":"Metacrilat de color blanc i negre opac"},"content":{"rendered":"<p style=\"text-align: justify;\"><span style=\"font-weight: 400;\">Les plaques de <\/span><a href=\"https:\/\/plasticexpress.es\/ca\/producto\/materials-ca\/metacrilat\/metacrilato-color-opaco-ca\/metacrilato-color-opaco\/\"><span style=\"font-weight: 400;\">metacrilat opac<\/span><\/a><span style=\"font-weight: 400;\"> s\u00f3n una <\/span><strong>opci\u00f3 immillorable<\/strong><span style=\"font-weight: 400;\"> per a un gran ventall d\u2019aplicacions, des de l&#8217;interiorisme a la ind\u00fastria o la comunicaci\u00f3 visual. Les seves propietats el fan un material idoni per a una infinitat de funcions, i \u00e9s que es tracta d&#8217;un material que permet una gran personalitzaci\u00f3 a l\u2019hora de treballar-lo, i que a m\u00e9s ofereix unes <\/span><strong>excel\u00b7lents propietats qu\u00edmiques i mec\u00e0niques<\/strong><span style=\"font-weight: 400;\">.<\/span><\/p>\n<p style=\"text-align: justify;\"><span style=\"font-weight: 400;\">A <\/span><strong>Plastic Express<\/strong><span style=\"font-weight: 400;\"> et parlarem sobre el <\/span><strong>metacrilat opac<\/strong><span style=\"font-weight: 400;\"> blanc i negre, una de les solucions m\u00e9s populars avui en dia.<\/span><\/p>\n<h2 style=\"text-align: justify;\"><strong>Caracter\u00edstiques del metacrilat opac<\/strong><\/h2>\n<p style=\"text-align: justify;\"><span style=\"font-weight: 400;\">El metacrilat opac comparteix pr\u00e0cticament totes les propietats del metacrilat m\u00e9s emprat habitualment, el <\/span><a href=\"https:\/\/plasticexpress.es\/ca\/producto\/materials-ca\/metacrilat\/metacrilat-transparent\/metacrilat-transparent\/\"><span style=\"font-weight: 400;\">transparent<\/span><\/a><span style=\"font-weight: 400;\">, sent evidentment aquesta \u00faltima caracter\u00edstica la major difer\u00e8ncia: <\/span><strong>el metacrilat opac no deixa passar la llum a trav\u00e9s seu<\/strong><span style=\"font-weight: 400;\"> i, per tant, t\u00e9 un color propi que pot adaptar-se segons les necessitats de cada projecte.<\/span><\/p>\n<ul style=\"text-align: justify;\">\n<li style=\"font-weight: 400;\"><span style=\"font-weight: 400;\">\u00c9s un material amb una <\/span><strong>alta resist\u00e8ncia a l&#8217;impacte<\/strong><span style=\"font-weight: 400;\">, per la qual cosa resulta \u00f2ptim per a usos tant professionals com de la llar, en zones subjectes a un desgast habitual i a una alta probabilitat de cops.<\/span><\/li>\n<li style=\"font-weight: 400;\"><span style=\"font-weight: 400;\">Resulta tamb\u00e9 un excel\u00b7lent <\/span><strong>a\u00efllant tant t\u00e8rmic com ac\u00fastic<\/strong><span style=\"font-weight: 400;\">, per la qual cosa \u00e9s com\u00fa el seu \u00fas en parets i separacions, creant aix\u00ed ambients m\u00e9s estancs i de major efici\u00e8ncia energ\u00e8tica.<\/span><\/li>\n<li style=\"font-weight: 400;\"><span style=\"font-weight: 400;\">La seva gran resist\u00e8ncia als raigs ultraviolats i <\/span><strong>a la intemp\u00e8rie <\/strong><span style=\"font-weight: 400;\">ho fa molt adequat per a exteriors, perqu\u00e8 despr\u00e9s de 10 anys exposat no es perceben canvis visibles en la seva superf\u00edcie: mant\u00e9 el seu to original i no es deteriora.<\/span><\/li>\n<li style=\"font-weight: 400;\"><span style=\"font-weight: 400;\">Resulta tamb\u00e9 un material pl\u00e0stic <\/span><strong>de gran duresa i bastant segur<\/strong><span style=\"font-weight: 400;\"> en incendis, perqu\u00e8 la seva combusti\u00f3 no produeix gasos t\u00f2xics, encara que s\u00ed que \u00e9s inflamable.<\/span><\/li>\n<li style=\"font-weight: 400;\"><span style=\"font-weight: 400;\">\u00c9s tamb\u00e9 un material <\/span><strong>bastant lleuger <\/strong><span style=\"font-weight: 400;\">en comparaci\u00f3 amb el vidre, pesant aproximadament la meitat que aquest. Aix\u00f2 fa que la seva utilitzaci\u00f3, transport i instal\u00b7laci\u00f3 molt m\u00e9s senzills i segurs.<\/span><\/li>\n<li style=\"font-weight: 400;\"><span style=\"font-weight: 400;\">A tot aix\u00f2 s\u2019ha de sumar-hi el fet que \u00e9s un <\/span><strong>material lliure d&#8217;hal\u00f2gens<\/strong><span style=\"font-weight: 400;\">, i que a m\u00e9s resulta de molt f\u00e0cil mecanitzaci\u00f3 i termoformat, la qual cosa permet personalitzar els projectes molt m\u00e9s f\u00e0cilment que amb altres materials menys flexibles en aquest sentit.\u00a0<\/span><\/li>\n<\/ul>\n<p style=\"text-align: justify;\"><span style=\"font-weight: 400;\">Tenint tot aix\u00f2 en compte, trobem habitual el seu \u00fas industrial en proteccions de maquin\u00e0ria, cartells publicitaris, barreres ac\u00fastiques i pantalles, peces modelades, mobles i una gran quantitat d&#8217;objectes d&#8217;\u00fas quotidi\u00e0.<\/span><\/p>\n<h2 style=\"text-align: justify;\"><strong>Metacrilat negre o blanc. Tu tries<\/strong><\/h2>\n<p style=\"text-align: justify;\"><strong>Podem treballar el teu metacrilat opac en diferents opcions<\/strong><span style=\"font-weight: 400;\">. Les m\u00e9s b\u00e0siques s\u00f3n el metacrilat negre i el metacrilat blanc, encara que aquests poden oferir-se en diferents acabats, com el metacrilat negre brillant o el metacrilat negre mat.\u00a0<\/span><\/p>\n<p style=\"text-align: justify;\"><span style=\"font-weight: 400;\">El seu \u00fas dependr\u00e0 de les prefer\u00e8ncies est\u00e8tiques que guardis per al projecte que pretenguis emprendre, que en qualsevol cas es beneficiar\u00e0 de poder comptar amb metacrilat negre o blanc a mida.<\/span><\/p>\n<h2 style=\"text-align: justify;\"><strong>El teu metacrilat opac en blanc o negre a Plastic Express<\/strong><\/h2>\n<p style=\"text-align: justify;\"><span style=\"font-weight: 400;\">A <\/span><a href=\"https:\/\/plasticexpress.es\/ca\/\"><span style=\"font-weight: 400;\">Plastic Express<\/span><\/a><span style=\"font-weight: 400;\"> treballem el metacrilat en totes les seves formes segons les necessitats del client.<\/span><\/p>\n<p style=\"text-align: justify;\"><span style=\"font-weight: 400;\">Manufacturem els diferents <\/span><a href=\"https:\/\/plasticexpress.es\/ca\/materials-ca\/metacrilat\/\"><span style=\"font-weight: 400;\">tipus de metacrilat<\/span><\/a><span style=\"font-weight: 400;\"> en <\/span><strong>els nostres propis tallers<\/strong><span style=\"font-weight: 400;\">, la qual cosa ens dona una flexibilitat molt m\u00e9s gran a l&#8217;hora d&#8217;adaptar-nos a les exig\u00e8ncies singulars de cada projecte en quant a les caracter\u00edstiques i mesures de les nostres plaques, barres i tubs de metacrilat.<\/span><\/p>\n<p style=\"text-align: justify;\"><span style=\"font-weight: 400;\">Des d&#8217;aqu\u00ed, servim di\u00e0riament <\/span><strong>comandes a tota Europa<\/strong><span style=\"font-weight: 400;\">, sense renunciar a un servei de proximitat r\u00e0pid i de qualitat per als quals estan m\u00e9s prop de nosaltres. Pots consultar m\u00e9s sobre la nostra oferta de productes i serveis a la nostra botiga en l\u00ednia, o venir-nos a visitar a la nostra botiga de pl\u00e0stics i metacrilat en persona a Barcelona, on estarem encantats d&#8217;atendre&#8217;t i informar-te sobre aquest projecte que tens al cap.\u00a0<\/span><\/p>\n<p style=\"text-align: justify;\"><span style=\"font-weight: 400;\">Tamb\u00e9 pots <\/span><strong>contactar amb nosaltres<\/strong><span style=\"font-weight: 400;\"> emplenant el formulari en la web amb les teves dades de contacte i totes les dades possibles del teu projecte, de manera que puguem contactar amb tu com m\u00e9s aviat millor amb un pressupost el m\u00e9s ajustat possible.\u00a0<\/span><\/p>\n<p style=\"text-align: justify;\"><span style=\"font-weight: 400;\">A la botiga en l\u00ednia pots trobar tota la nostra oferta de productes estandarditzats a la venda <\/span><strong>tant per a particulars com per a professionals<\/strong><span style=\"font-weight: 400;\">. Si el teu cas \u00e9s aquest \u00faltim, comptem amb pressupostos espec\u00edfics per a professionals, i \u00e9s que sabem l&#8217;important que \u00e9s comptar amb bones condicions per al teu negoci.<\/span><\/p>\n<p style=\"text-align: justify;\"><span style=\"font-weight: 400;\">Nom\u00e9s has de enviar-nos un correu a <\/span><a href=\"mailto:info@plasticexpress.es\"><span style=\"font-weight: 400;\">info@plasticexpress.es<\/span><\/a><span style=\"font-weight: 400;\"> indicant a l&#8217;assumpte \u201cPressupost per a professionals + el material que t&#8217;interessa\u201d. En el cos del mail has d\u2019incloure-hi totes les dades necess\u00e0ries per a poder preparar la teva fulla de comanda, com el CIF, nom i cognoms o empresa, tel\u00e8fon i mail de contacte, adre\u00e7a i tots els detalls del projecte, com m\u00e9s detallat millor.<\/span><\/p>\n","protected":false},"excerpt":{"rendered":"<p>Les plaques de metacrilat opac s\u00f3n una opci\u00f3 immillorable per a un gran ventall d\u2019aplicacions, des de l&#8217;interiorisme a la ind\u00fastria o la comunicaci\u00f3 visual. Les seves propietats el fan un material idoni per a una infinitat de funcions, i \u00e9s que es tracta d&#8217;un material que permet una gran personalitzaci\u00f3 a l\u2019hora de treballar-lo, [&hellip;]<\/p>\n","protected":false},"featured_media":5195,"comment_status":"open","ping_status":"closed","template":"","meta":{"_acf_changed":false},"product_brand":[],"product_cat":[673,678],"product_tag":[889,817,813,814,886,888,887,812],"class_list":{"0":"post-6514","1":"product","2":"type-product","3":"status-publish","4":"has-post-thumbnail","6":"product_cat-metacrilat","7":"product_cat-metacrilato-blanco-y-negro-opaco-ca","8":"product_tag-comprar-metacrilato-opaco-ca","9":"product_tag-encolat-de-metacrilat","10":"product_tag-metacrilat","11":"product_tag-metacrilat-a-mida","12":"product_tag-metacrilato-de-colada-opaco-ca","13":"product_tag-metacrilato-opaco-ca","14":"product_tag-metacrilato-opaco-a-medida-ca","15":"product_tag-plancha-metacrilato-colada-ca","17":"first","18":"instock","19":"shipping-taxable","20":"purchasable","21":"product-type-variable","22":"has-default-attributes"},"acf":{"photo_gallery":{"opciones_de_agujeros":[[]]}},"yoast_head":"<!-- This site is optimized with the Yoast SEO plugin v27.4 - https:\/\/yoast.com\/product\/yoast-seo-wordpress\/ -->\n<title>Plaques de metacrilat opac: Negre i Blanc | PlasticExpress<\/title>\n<meta name=\"description\" content=\"Compra plaques de metacrilat opac policromades en blanc o en negre.\" \/>\n<meta name=\"robots\" content=\"index, follow, max-snippet:-1, max-image-preview:large, max-video-preview:-1\" \/>\n<link rel=\"canonical\" href=\"https:\/\/plasticexpress.es\/ca\/producto\/materials\/metacrilat\/metacrilato-blanco-y-negro-opaco-ca\/metacrilato-blanco-y-negro-opaco\/\" \/>\n<meta property=\"og:locale\" content=\"ca_ES\" \/>\n<meta property=\"og:type\" content=\"article\" \/>\n<meta property=\"og:title\" content=\"Plaques de metacrilat opac: Negre i Blanc | PlasticExpress\" \/>\n<meta property=\"og:description\" content=\"Compra plaques de metacrilat opac policromades en blanc o en negre.\" \/>\n<meta property=\"og:url\" content=\"https:\/\/plasticexpress.es\/ca\/producto\/materials\/metacrilat\/metacrilato-blanco-y-negro-opaco-ca\/metacrilato-blanco-y-negro-opaco\/\" \/>\n<meta property=\"og:site_name\" content=\"Plasticexpress\" \/>\n<meta property=\"article:modified_time\" content=\"2023-02-22T10:10:01+00:00\" \/>\n<meta property=\"og:image\" content=\"https:\/\/plasticexpress.es\/wp-content\/uploads\/2020\/09\/metacrilato-blanco-y-negro-opaco-01.jpg\" \/>\n\t<meta property=\"og:image:width\" content=\"1000\" \/>\n\t<meta property=\"og:image:height\" content=\"667\" \/>\n\t<meta property=\"og:image:type\" content=\"image\/jpeg\" \/>\n<meta name=\"twitter:card\" content=\"summary_large_image\" \/>\n<meta name=\"twitter:label1\" content=\"Temps estimat de lectura\" \/>\n\t<meta name=\"twitter:data1\" content=\"4 minuts\" \/>\n<script type=\"application\/ld+json\" class=\"yoast-schema-graph\">{\"@context\":\"https:\\\/\\\/schema.org\",\"@graph\":[{\"@type\":\"WebPage\",\"@id\":\"https:\\\/\\\/plasticexpress.es\\\/ca\\\/producto\\\/materials\\\/metacrilat\\\/metacrilato-blanco-y-negro-opaco-ca\\\/metacrilato-blanco-y-negro-opaco\\\/\",\"url\":\"https:\\\/\\\/plasticexpress.es\\\/ca\\\/producto\\\/materials\\\/metacrilat\\\/metacrilato-blanco-y-negro-opaco-ca\\\/metacrilato-blanco-y-negro-opaco\\\/\",\"name\":\"Plaques de metacrilat opac: Negre i Blanc | PlasticExpress\",\"isPartOf\":{\"@id\":\"https:\\\/\\\/plasticexpress.es\\\/ca\\\/#website\"},\"primaryImageOfPage\":{\"@id\":\"https:\\\/\\\/plasticexpress.es\\\/ca\\\/producto\\\/materials\\\/metacrilat\\\/metacrilato-blanco-y-negro-opaco-ca\\\/metacrilato-blanco-y-negro-opaco\\\/#primaryimage\"},\"image\":{\"@id\":\"https:\\\/\\\/plasticexpress.es\\\/ca\\\/producto\\\/materials\\\/metacrilat\\\/metacrilato-blanco-y-negro-opaco-ca\\\/metacrilato-blanco-y-negro-opaco\\\/#primaryimage\"},\"thumbnailUrl\":\"https:\\\/\\\/plasticexpress.es\\\/wp-content\\\/uploads\\\/2020\\\/09\\\/metacrilato-blanco-y-negro-opaco-01.jpg\",\"datePublished\":\"2021-03-30T21:02:58+00:00\",\"dateModified\":\"2023-02-22T10:10:01+00:00\",\"description\":\"Compra plaques de metacrilat opac policromades en blanc o en negre.\",\"breadcrumb\":{\"@id\":\"https:\\\/\\\/plasticexpress.es\\\/ca\\\/producto\\\/materials\\\/metacrilat\\\/metacrilato-blanco-y-negro-opaco-ca\\\/metacrilato-blanco-y-negro-opaco\\\/#breadcrumb\"},\"inLanguage\":\"ca\",\"potentialAction\":[{\"@type\":\"ReadAction\",\"target\":[\"https:\\\/\\\/plasticexpress.es\\\/ca\\\/producto\\\/materials\\\/metacrilat\\\/metacrilato-blanco-y-negro-opaco-ca\\\/metacrilato-blanco-y-negro-opaco\\\/\"]}]},{\"@type\":\"ImageObject\",\"inLanguage\":\"ca\",\"@id\":\"https:\\\/\\\/plasticexpress.es\\\/ca\\\/producto\\\/materials\\\/metacrilat\\\/metacrilato-blanco-y-negro-opaco-ca\\\/metacrilato-blanco-y-negro-opaco\\\/#primaryimage\",\"url\":\"https:\\\/\\\/plasticexpress.es\\\/wp-content\\\/uploads\\\/2020\\\/09\\\/metacrilato-blanco-y-negro-opaco-01.jpg\",\"contentUrl\":\"https:\\\/\\\/plasticexpress.es\\\/wp-content\\\/uploads\\\/2020\\\/09\\\/metacrilato-blanco-y-negro-opaco-01.jpg\",\"width\":1000,\"height\":667,\"caption\":\"Metacrilato blanco y negro opaco\"},{\"@type\":\"BreadcrumbList\",\"@id\":\"https:\\\/\\\/plasticexpress.es\\\/ca\\\/producto\\\/materials\\\/metacrilat\\\/metacrilato-blanco-y-negro-opaco-ca\\\/metacrilato-blanco-y-negro-opaco\\\/#breadcrumb\",\"itemListElement\":[{\"@type\":\"ListItem\",\"position\":1,\"name\":\"Portada\",\"item\":\"https:\\\/\\\/plasticexpress.es\\\/ca\\\/\"},{\"@type\":\"ListItem\",\"position\":2,\"name\":\"Shop\",\"item\":\"https:\\\/\\\/plasticexpress.es\\\/ca\\\/shop\\\/\"},{\"@type\":\"ListItem\",\"position\":3,\"name\":\"Metacrilat de color blanc i negre opac\"}]},{\"@type\":\"WebSite\",\"@id\":\"https:\\\/\\\/plasticexpress.es\\\/ca\\\/#website\",\"url\":\"https:\\\/\\\/plasticexpress.es\\\/ca\\\/\",\"name\":\"Plasticexpress\",\"description\":\"Venta de materiales y art\u00edculos de Metacrilato\",\"potentialAction\":[{\"@type\":\"SearchAction\",\"target\":{\"@type\":\"EntryPoint\",\"urlTemplate\":\"https:\\\/\\\/plasticexpress.es\\\/ca\\\/?s={search_term_string}\"},\"query-input\":{\"@type\":\"PropertyValueSpecification\",\"valueRequired\":true,\"valueName\":\"search_term_string\"}}],\"inLanguage\":\"ca\"}]}<\/script>\n<!-- \/ Yoast SEO plugin. -->","yoast_head_json":{"title":"Plaques de metacrilat opac: Negre i Blanc | PlasticExpress","description":"Compra plaques de metacrilat opac policromades en blanc o en negre.","robots":{"index":"index","follow":"follow","max-snippet":"max-snippet:-1","max-image-preview":"max-image-preview:large","max-video-preview":"max-video-preview:-1"},"canonical":"https:\/\/plasticexpress.es\/ca\/producto\/materials\/metacrilat\/metacrilato-blanco-y-negro-opaco-ca\/metacrilato-blanco-y-negro-opaco\/","og_locale":"ca_ES","og_type":"article","og_title":"Plaques de metacrilat opac: Negre i Blanc | PlasticExpress","og_description":"Compra plaques de metacrilat opac policromades en blanc o en negre.","og_url":"https:\/\/plasticexpress.es\/ca\/producto\/materials\/metacrilat\/metacrilato-blanco-y-negro-opaco-ca\/metacrilato-blanco-y-negro-opaco\/","og_site_name":"Plasticexpress","article_modified_time":"2023-02-22T10:10:01+00:00","og_image":[{"width":1000,"height":667,"url":"https:\/\/plasticexpress.es\/wp-content\/uploads\/2020\/09\/metacrilato-blanco-y-negro-opaco-01.jpg","type":"image\/jpeg"}],"twitter_card":"summary_large_image","twitter_misc":{"Temps estimat de lectura":"4 minuts"},"schema":{"@context":"https:\/\/schema.org","@graph":[{"@type":"WebPage","@id":"https:\/\/plasticexpress.es\/ca\/producto\/materials\/metacrilat\/metacrilato-blanco-y-negro-opaco-ca\/metacrilato-blanco-y-negro-opaco\/","url":"https:\/\/plasticexpress.es\/ca\/producto\/materials\/metacrilat\/metacrilato-blanco-y-negro-opaco-ca\/metacrilato-blanco-y-negro-opaco\/","name":"Plaques de metacrilat opac: Negre i Blanc | PlasticExpress","isPartOf":{"@id":"https:\/\/plasticexpress.es\/ca\/#website"},"primaryImageOfPage":{"@id":"https:\/\/plasticexpress.es\/ca\/producto\/materials\/metacrilat\/metacrilato-blanco-y-negro-opaco-ca\/metacrilato-blanco-y-negro-opaco\/#primaryimage"},"image":{"@id":"https:\/\/plasticexpress.es\/ca\/producto\/materials\/metacrilat\/metacrilato-blanco-y-negro-opaco-ca\/metacrilato-blanco-y-negro-opaco\/#primaryimage"},"thumbnailUrl":"https:\/\/plasticexpress.es\/wp-content\/uploads\/2020\/09\/metacrilato-blanco-y-negro-opaco-01.jpg","datePublished":"2021-03-30T21:02:58+00:00","dateModified":"2023-02-22T10:10:01+00:00","description":"Compra plaques de metacrilat opac policromades en blanc o en negre.","breadcrumb":{"@id":"https:\/\/plasticexpress.es\/ca\/producto\/materials\/metacrilat\/metacrilato-blanco-y-negro-opaco-ca\/metacrilato-blanco-y-negro-opaco\/#breadcrumb"},"inLanguage":"ca","potentialAction":[{"@type":"ReadAction","target":["https:\/\/plasticexpress.es\/ca\/producto\/materials\/metacrilat\/metacrilato-blanco-y-negro-opaco-ca\/metacrilato-blanco-y-negro-opaco\/"]}]},{"@type":"ImageObject","inLanguage":"ca","@id":"https:\/\/plasticexpress.es\/ca\/producto\/materials\/metacrilat\/metacrilato-blanco-y-negro-opaco-ca\/metacrilato-blanco-y-negro-opaco\/#primaryimage","url":"https:\/\/plasticexpress.es\/wp-content\/uploads\/2020\/09\/metacrilato-blanco-y-negro-opaco-01.jpg","contentUrl":"https:\/\/plasticexpress.es\/wp-content\/uploads\/2020\/09\/metacrilato-blanco-y-negro-opaco-01.jpg","width":1000,"height":667,"caption":"Metacrilato blanco y negro opaco"},{"@type":"BreadcrumbList","@id":"https:\/\/plasticexpress.es\/ca\/producto\/materials\/metacrilat\/metacrilato-blanco-y-negro-opaco-ca\/metacrilato-blanco-y-negro-opaco\/#breadcrumb","itemListElement":[{"@type":"ListItem","position":1,"name":"Portada","item":"https:\/\/plasticexpress.es\/ca\/"},{"@type":"ListItem","position":2,"name":"Shop","item":"https:\/\/plasticexpress.es\/ca\/shop\/"},{"@type":"ListItem","position":3,"name":"Metacrilat de color blanc i negre opac"}]},{"@type":"WebSite","@id":"https:\/\/plasticexpress.es\/ca\/#website","url":"https:\/\/plasticexpress.es\/ca\/","name":"Plasticexpress","description":"Venta de materiales y art\u00edculos de Metacrilato","potentialAction":[{"@type":"SearchAction","target":{"@type":"EntryPoint","urlTemplate":"https:\/\/plasticexpress.es\/ca\/?s={search_term_string}"},"query-input":{"@type":"PropertyValueSpecification","valueRequired":true,"valueName":"search_term_string"}}],"inLanguage":"ca"}]}},"_links":{"self":[{"href":"https:\/\/plasticexpress.es\/ca\/wp-json\/wp\/v2\/product\/6514","targetHints":{"allow":["GET"]}}],"collection":[{"href":"https:\/\/plasticexpress.es\/ca\/wp-json\/wp\/v2\/product"}],"about":[{"href":"https:\/\/plasticexpress.es\/ca\/wp-json\/wp\/v2\/types\/product"}],"replies":[{"embeddable":true,"href":"https:\/\/plasticexpress.es\/ca\/wp-json\/wp\/v2\/comments?post=6514"}],"version-history":[{"count":2,"href":"https:\/\/plasticexpress.es\/ca\/wp-json\/wp\/v2\/product\/6514\/revisions"}],"predecessor-version":[{"id":18245,"href":"https:\/\/plasticexpress.es\/ca\/wp-json\/wp\/v2\/product\/6514\/revisions\/18245"}],"wp:featuredmedia":[{"embeddable":true,"href":"https:\/\/plasticexpress.es\/ca\/wp-json\/wp\/v2\/media\/5195"}],"wp:attachment":[{"href":"https:\/\/plasticexpress.es\/ca\/wp-json\/wp\/v2\/media?parent=6514"}],"wp:term":[{"taxonomy":"product_brand","embeddable":true,"href":"https:\/\/plasticexpress.es\/ca\/wp-json\/wp\/v2\/product_brand?post=6514"},{"taxonomy":"product_cat","embeddable":true,"href":"https:\/\/plasticexpress.es\/ca\/wp-json\/wp\/v2\/product_cat?post=6514"},{"taxonomy":"product_tag","embeddable":true,"href":"https:\/\/plasticexpress.es\/ca\/wp-json\/wp\/v2\/product_tag?post=6514"}],"curies":[{"name":"wp","href":"https:\/\/api.w.org\/{rel}","templated":true}]}}