

{"id":6937,"date":"2020-09-09T22:19:05","date_gmt":"2021-03-30T21:25:36","guid":{"rendered":"https:\/\/plasticexpress.es\/producto\/Sense%20categoria\/metacrilat-mirall\/"},"modified":"2023-10-11T15:05:36","modified_gmt":"2023-10-11T14:05:36","slug":"metacrilato-espejo-2","status":"publish","type":"product","link":"https:\/\/plasticexpress.es\/ca\/producto\/materials\/metacrilat\/metacrilato-espejo-ca\/metacrilato-espejo-2\/","title":{"rendered":"Metacrilat mirall"},"content":{"rendered":"\t\t<div data-elementor-type=\"product-post\" data-elementor-id=\"6937\" class=\"elementor elementor-6937 elementor-2395\" data-elementor-post-type=\"product\">\n\t\t\t\t\t\t<section class=\"elementor-section elementor-top-section elementor-element elementor-element-13306401 elementor-section-boxed elementor-section-height-default elementor-section-height-default\" data-id=\"13306401\" data-element_type=\"section\" data-e-type=\"section\">\n\t\t\t\t\t\t<div class=\"elementor-container elementor-column-gap-default\">\n\t\t\t\t\t<div class=\"elementor-column elementor-col-100 elementor-top-column elementor-element elementor-element-7fd1d33c\" data-id=\"7fd1d33c\" data-element_type=\"column\" data-e-type=\"column\">\n\t\t\t<div class=\"elementor-widget-wrap elementor-element-populated\">\n\t\t\t\t\t\t<div class=\"elementor-element elementor-element-1d24f24d elementor-widget elementor-widget-text-editor\" data-id=\"1d24f24d\" data-element_type=\"widget\" data-e-type=\"widget\" data-widget_type=\"text-editor.default\">\n\t\t\t\t<div class=\"elementor-widget-container\">\n\t\t\t\t\t\t\t\t\t<p><span style=\"font-weight: 400;\">El <\/span><strong>metacrilat mirall <\/strong><span style=\"font-weight: 400;\">\u00e9s un tipus de termopl\u00e0stic que ofereix reflexi\u00f3, a m\u00e9s de ser lleuger i resistent a la intemp\u00e8rie. Aquest material \u00e9s perfecte per a qualsevol aplicaci\u00f3 en la qual necessitis comptar amb la nitidesa d&#8217;un mirall, per\u00f2 prefereixis optar per la resist\u00e8ncia del metacrilat.<\/span><\/p><p><span style=\"font-weight: 400;\">A <\/span><a href=\"https:\/\/plasticexpress.es\/ca\/\"><strong>Plastic Express<\/strong><\/a><span style=\"font-weight: 400;\"> fabriquem articles de metacrilat mirall a mida, perqu\u00e8 puguis complir els teus objectius, sempre amb els materials de millor qualitat i a un preu molt ajustat. Acompanya&#8217;ns a descobrir les caracter\u00edstiques del metacrilat per a miralls a mida!<\/span><\/p><h2><strong>Caracter\u00edstiques del metacrilat mirall per a miralls a mida<\/strong><\/h2><p><span style=\"font-weight: 400;\">El metacrilat mirall \u00e9s un tipus de material que s&#8217;assembla al vidre, per\u00f2 que est\u00e0 fet de polimetilmetacrilat (PMMA), un termopl\u00e0stic transparent. Aquestes s\u00f3n les caracter\u00edstiques principals que trobar\u00e0s en una planxa de metacrilat mirall:<\/span><\/p><ul><li style=\"font-weight: 400;\"><strong>Reflectivitat<\/strong><span style=\"font-weight: 400;\">: La primera caracter\u00edstica, per descomptat \u00e9s la reflectivitat. El metacrilat mirall t\u00e9 una alta capacitat de reflectir la llum, la qual cosa fa que sigui capa\u00e7 de reflectir d\u2019una manera semblant a la d&#8217;un mirall de vidre.<\/span><\/li><\/ul><ul><li style=\"font-weight: 400;\"><strong>Lleugeresa<\/strong><span style=\"font-weight: 400;\">: El metacrilat pesa aproximadament la meitat que el vidre, la qual cosa facilita molt la seva manipulaci\u00f3 i transport.<\/span><\/li><\/ul><ul><li style=\"font-weight: 400;\"><strong>Resist\u00e8ncia al trencament<\/strong><span style=\"font-weight: 400;\">: Encara que no \u00e9s irrompible, \u00e9s menys propens a astellar-se o trencar-se en comparaci\u00f3 amb el vidre. Aix\u00f2 ho fa m\u00e9s segur en la majoria d&#8217;aplicacions.<\/span><\/li><\/ul><ul><li style=\"font-weight: 400;\"><strong>Flexibilitat<\/strong><span style=\"font-weight: 400;\">: El metacrilat mirall \u00e9s m\u00e9s flexible que el vidre, aix\u00ed que \u00e9s menys probable que es trenqui a causa d&#8217;un impacte. Aquesta flexibilitat tamb\u00e9 \u00e9s perfecta per a modelar el material amb diferents formes i grand\u00e0ries, a trav\u00e9s de processos com a tallatge i gravat l\u00e0ser de metacrilat, mecanitzat per CNC de metacrilat, poliment i abrillantat de metacrilat, doblegat de metacrilat, encolat de metacrilat, termoformat i embotit de metacrilat i impressi\u00f3 sobre metacrilat.<\/span><\/li><\/ul><ul><li style=\"font-weight: 400;\"><strong>Resist\u00e8ncia els raigs UV<\/strong><span style=\"font-weight: 400;\">: \u00c9s menys propens a esgrogueir o perdre transpar\u00e8ncia amb el temps, quan s&#8217;exposa a llum solar directa.<\/span><\/li><\/ul><ul><li style=\"font-weight: 400;\"><strong>M\u00faltiples opcions<\/strong><span style=\"font-weight: 400;\">: Hi ha diverses opcions per a modificar el metacrilat mirall i adaptar-lo a les teves necessitats. Per exemple: metacrilat mirall 2mm, metacrilat mirall 1mm, metacrilat mirall color, etc.<\/span><\/li><li style=\"font-weight: 400;\"><strong>M\u00e9s caracter\u00edstiques<\/strong><span style=\"font-weight: 400;\">: Aquestes s\u00f3n algunes altres caracter\u00edstiques del metacrilat mirall: elevada resist\u00e8ncia t\u00e8rmica i ac\u00fastica, no despr\u00e8n gasos t\u00f2xics quan crema, lliure d&#8217;hal\u00f2gens i alt pes molecular.<\/span><\/li><\/ul><h2>\u00a0<\/h2><h2><strong>Usos del metacrilat mirall per a miralls a mesura<\/strong><\/h2><p><span style=\"font-weight: 400;\">El metacrilat mirall \u00e9s un dels materials pl\u00e0stics m\u00e9s polivalents del mercat i, per aix\u00f2 pots utilitzar-lo en qualsevol dels projectes que tinguis, ja siguin industrials o dom\u00e8stics. Et deixem amb alguns exemples:<\/span><\/p><ul><li style=\"font-weight: 400;\"><span style=\"font-weight: 400;\">Decoraci\u00f3 d&#8217;interiors.<\/span><\/li><li style=\"font-weight: 400;\"><span style=\"font-weight: 400;\">Mobiliari amb superf\u00edcies reflectores.<\/span><\/li><li style=\"font-weight: 400;\"><span style=\"font-weight: 400;\">Senyalitzaci\u00f3 comercial i p\u00fablica.<\/span><\/li><li style=\"font-weight: 400;\"><span style=\"font-weight: 400;\">Expositors i aparadors.<\/span><\/li><li style=\"font-weight: 400;\"><span style=\"font-weight: 400;\">Disseny d&#8217;interiors en autom\u00f2bils.<\/span><\/li><li style=\"font-weight: 400;\"><span style=\"font-weight: 400;\">Miralls de bany.<\/span><\/li><li style=\"font-weight: 400;\"><span style=\"font-weight: 400;\">Miralls de gimn\u00e0s.<\/span><\/li><li style=\"font-weight: 400;\"><span style=\"font-weight: 400;\">Miralls de dansa.<\/span><\/li><li style=\"font-weight: 400;\"><span style=\"font-weight: 400;\">Miralls per a aplicacions de seguretat.<\/span><\/li><li style=\"font-weight: 400;\"><span style=\"font-weight: 400;\">Miralls d&#8217;exterior.<\/span><\/li><li style=\"font-weight: 400;\"><span style=\"font-weight: 400;\">Miralls arquitect\u00f2nics.<\/span><\/li><li style=\"font-weight: 400;\"><span style=\"font-weight: 400;\">Miralls per a esdeveniments i exhibicions.<\/span><\/li><li style=\"font-weight: 400;\"><span style=\"font-weight: 400;\">Miralls de salons de bellesa.<\/span><\/li><li style=\"font-weight: 400;\"><span style=\"font-weight: 400;\">Miralls per a camerinos i vestidors.<\/span><\/li><li style=\"font-weight: 400;\"><span style=\"font-weight: 400;\">Miralls en ascensors i \u00e0rees comunes d&#8217;edificis.<\/span><\/li><li style=\"font-weight: 400;\"><span style=\"font-weight: 400;\">Miralls per a tocadors.<\/span><\/li><li style=\"font-weight: 400;\"><span style=\"font-weight: 400;\">Miralls en sales d&#8217;espera i recepcions.<\/span><\/li><li style=\"font-weight: 400;\"><span style=\"font-weight: 400;\">Miralls en restaurants i bars.<\/span><\/li><li style=\"font-weight: 400;\"><span style=\"font-weight: 400;\">Miralls per a instal\u00b7lacions art\u00edstiques i teatrals.<\/span><\/li><li style=\"font-weight: 400;\"><span style=\"font-weight: 400;\">Miralls en botigues de moda i emprovadors.<\/span><\/li><\/ul><h2>\u00a0<\/h2><h2><strong>Compra el teu metacrilat mirall per a miralls a mida a Plastic Express<\/strong><\/h2><p><span style=\"font-weight: 400;\">A Plastic Express som experts en tots els materials pl\u00e0stics que existeixen i un dels m\u00e9s sol\u00b7licitats pels nostres clients \u00e9s el metacrilat mirall. Aix\u00f2 no \u00e9s tan sols degut a les bones caracter\u00edstiques que presenta o les m\u00faltiples aplicacions que t\u00e9 disponibles, sin\u00f3 que tamb\u00e9 \u00e9s gr\u00e0cies al baix preu que oferim.<\/span><\/p><p><span style=\"font-weight: 400;\">Ens dediquem a fabricar i comercialitzar tots els nostres productes, amb materials de primera qualitat. Per\u00f2, a m\u00e9s, oferim assessoria per als teus projectes, gr\u00e0cies a l&#8217;equip professional que t&#8217;ajudar\u00e0 a<\/span><strong> seleccionar el millor material<\/strong><span style=\"font-weight: 400;\"> i la manipulaci\u00f3 necess\u00e0ria per a dur a terme les teves idees.<\/span><\/p><p><span style=\"font-weight: 400;\">A la nostra botiga online podr\u00e0s trobar i comprar tots els productes que necessitis en unes mides espec\u00edfiques. Si aquestes mides encaixen amb el teu projecte, simplement haur\u00e0s d&#8217;esperar que t&#8217;arribin a domicili. En cas que el teu projecte sigui una mica m\u00e9s ambici\u00f3s i necessitis <\/span><a href=\"https:\/\/plasticexpress.es\/ca\/materials-ca\/metacrilat\/\"><strong>plaques de metacrilat a mida<\/strong><\/a> <span style=\"font-weight: 400;\">haur\u00e0s de demanar un pressupost.<\/span><\/p><p><span style=\"font-weight: 400;\">Per a poder obtenir un pressupost ajustat de les teves plaques de metacrilat mirall a mesura, escriu-nos a <\/span><a href=\"mailto:info@plasticexpress.es\"><span style=\"font-weight: 400;\">info@plasticexpress.es<\/span><\/a><span style=\"font-weight: 400;\"> indicant el material en el qual est\u00e0s interessat i el projecte que tens al cap. Recorda que si ets un professional de la ind\u00fastria pots obtenir descomptes especials a trav\u00e9s del formulari de la nostra web.<\/span><\/p>\t\t\t\t\t\t\t\t<\/div>\n\t\t\t\t<\/div>\n\t\t\t\t\t<\/div>\n\t\t<\/div>\n\t\t\t\t\t<\/div>\n\t\t<\/section>\n\t\t\t\t<\/div>\n\t\t","protected":false},"excerpt":{"rendered":"<p>El metacrilat mirall \u00e9s un tipus de termopl\u00e0stic que ofereix reflexi\u00f3, a m\u00e9s de ser lleuger i resistent a la intemp\u00e8rie. Aquest material \u00e9s perfecte per a qualsevol aplicaci\u00f3 en la qual necessitis comptar amb la nitidesa d&#8217;un mirall, per\u00f2 prefereixis optar per la resist\u00e8ncia del metacrilat. A Plastic Express fabriquem articles de metacrilat mirall [&hellip;]<\/p>\n","protected":false},"featured_media":5189,"comment_status":"open","ping_status":"closed","template":"","meta":{"_acf_changed":false},"product_brand":[],"product_cat":[673,685],"product_tag":[778,813,814,815,904,905],"class_list":{"0":"post-6937","1":"product","2":"type-product","3":"status-publish","4":"has-post-thumbnail","6":"product_cat-metacrilat","7":"product_cat-metacrilato-espejo-ca","8":"product_tag-comprar-metacrilat","9":"product_tag-metacrilat","10":"product_tag-metacrilat-a-mida","11":"product_tag-metacrilat-transparent-a-mida","12":"product_tag-metacrilato-espejo-ca","13":"product_tag-metacrilato-espejo-a-medida-ca","15":"first","16":"instock","17":"shipping-taxable","18":"purchasable","19":"product-type-variable","20":"has-default-attributes"},"acf":{"photo_gallery":{"opciones_de_agujeros":[[]]}},"yoast_head":"<!-- This site is optimized with the Yoast SEO plugin v27.2 - https:\/\/yoast.com\/product\/yoast-seo-wordpress\/ -->\n<title>Metacrilat Mirall | Plastic Express<\/title>\n<meta name=\"description\" content=\"Conegut per polimetacrilat de metil (PMMA), el metacrilat mirall \u00e9s un termopl\u00e0stic caracteritzat per la seva reflexi\u00f3 i lleugeresa.\" \/>\n<meta name=\"robots\" content=\"index, follow, max-snippet:-1, max-image-preview:large, max-video-preview:-1\" \/>\n<link rel=\"canonical\" href=\"https:\/\/plasticexpress.es\/ca\/producto\/materials\/metacrilat\/metacrilato-espejo-ca\/metacrilato-espejo-2\/\" \/>\n<meta property=\"og:locale\" content=\"ca_ES\" \/>\n<meta property=\"og:type\" content=\"article\" \/>\n<meta property=\"og:title\" content=\"Metacrilat Mirall | Plastic Express\" \/>\n<meta property=\"og:description\" content=\"Conegut per polimetacrilat de metil (PMMA), el metacrilat mirall \u00e9s un termopl\u00e0stic caracteritzat per la seva reflexi\u00f3 i lleugeresa.\" \/>\n<meta property=\"og:url\" content=\"https:\/\/plasticexpress.es\/ca\/producto\/materials\/metacrilat\/metacrilato-espejo-ca\/metacrilato-espejo-2\/\" \/>\n<meta property=\"og:site_name\" content=\"Plasticexpress\" \/>\n<meta property=\"article:modified_time\" content=\"2023-10-11T14:05:36+00:00\" \/>\n<meta property=\"og:image\" content=\"https:\/\/plasticexpress.es\/wp-content\/uploads\/2020\/09\/metacrilato-espejo-2-01.jpg\" \/>\n\t<meta property=\"og:image:width\" content=\"1000\" \/>\n\t<meta property=\"og:image:height\" content=\"667\" \/>\n\t<meta property=\"og:image:type\" content=\"image\/jpeg\" \/>\n<meta name=\"twitter:card\" content=\"summary_large_image\" \/>\n<script type=\"application\/ld+json\" class=\"yoast-schema-graph\">{\"@context\":\"https:\/\/schema.org\",\"@graph\":[{\"@type\":\"WebPage\",\"@id\":\"https:\/\/plasticexpress.es\/ca\/producto\/materials\/metacrilat\/metacrilato-espejo-ca\/metacrilato-espejo-2\/\",\"url\":\"https:\/\/plasticexpress.es\/ca\/producto\/materials\/metacrilat\/metacrilato-espejo-ca\/metacrilato-espejo-2\/\",\"name\":\"Metacrilat Mirall | Plastic Express\",\"isPartOf\":{\"@id\":\"https:\/\/plasticexpress.es\/ca\/#website\"},\"primaryImageOfPage\":{\"@id\":\"https:\/\/plasticexpress.es\/ca\/producto\/materials\/metacrilat\/metacrilato-espejo-ca\/metacrilato-espejo-2\/#primaryimage\"},\"image\":{\"@id\":\"https:\/\/plasticexpress.es\/ca\/producto\/materials\/metacrilat\/metacrilato-espejo-ca\/metacrilato-espejo-2\/#primaryimage\"},\"thumbnailUrl\":\"https:\/\/plasticexpress.es\/wp-content\/uploads\/2020\/09\/metacrilato-espejo-2-01.jpg\",\"datePublished\":\"2021-03-30T21:25:36+00:00\",\"dateModified\":\"2023-10-11T14:05:36+00:00\",\"description\":\"Conegut per polimetacrilat de metil (PMMA), el metacrilat mirall \u00e9s un termopl\u00e0stic caracteritzat per la seva reflexi\u00f3 i lleugeresa.\",\"breadcrumb\":{\"@id\":\"https:\/\/plasticexpress.es\/ca\/producto\/materials\/metacrilat\/metacrilato-espejo-ca\/metacrilato-espejo-2\/#breadcrumb\"},\"inLanguage\":\"ca\",\"potentialAction\":[{\"@type\":\"ReadAction\",\"target\":[\"https:\/\/plasticexpress.es\/ca\/producto\/materials\/metacrilat\/metacrilato-espejo-ca\/metacrilato-espejo-2\/\"]}]},{\"@type\":\"ImageObject\",\"inLanguage\":\"ca\",\"@id\":\"https:\/\/plasticexpress.es\/ca\/producto\/materials\/metacrilat\/metacrilato-espejo-ca\/metacrilato-espejo-2\/#primaryimage\",\"url\":\"https:\/\/plasticexpress.es\/wp-content\/uploads\/2020\/09\/metacrilato-espejo-2-01.jpg\",\"contentUrl\":\"https:\/\/plasticexpress.es\/wp-content\/uploads\/2020\/09\/metacrilato-espejo-2-01.jpg\",\"width\":1000,\"height\":667,\"caption\":\"Metacrilat mirall\"},{\"@type\":\"BreadcrumbList\",\"@id\":\"https:\/\/plasticexpress.es\/ca\/producto\/materials\/metacrilat\/metacrilato-espejo-ca\/metacrilato-espejo-2\/#breadcrumb\",\"itemListElement\":[{\"@type\":\"ListItem\",\"position\":1,\"name\":\"Portada\",\"item\":\"https:\/\/plasticexpress.es\/ca\/\"},{\"@type\":\"ListItem\",\"position\":2,\"name\":\"Shop\",\"item\":\"https:\/\/plasticexpress.es\/ca\/shop\/\"},{\"@type\":\"ListItem\",\"position\":3,\"name\":\"Metacrilat mirall\"}]},{\"@type\":\"WebSite\",\"@id\":\"https:\/\/plasticexpress.es\/ca\/#website\",\"url\":\"https:\/\/plasticexpress.es\/ca\/\",\"name\":\"Plasticexpress\",\"description\":\"Venta de materiales y art\u00edculos de Metacrilato\",\"potentialAction\":[{\"@type\":\"SearchAction\",\"target\":{\"@type\":\"EntryPoint\",\"urlTemplate\":\"https:\/\/plasticexpress.es\/ca\/?s={search_term_string}\"},\"query-input\":{\"@type\":\"PropertyValueSpecification\",\"valueRequired\":true,\"valueName\":\"search_term_string\"}}],\"inLanguage\":\"ca\"}]}<\/script>\n<!-- \/ Yoast SEO plugin. -->","yoast_head_json":{"title":"Metacrilat Mirall | Plastic Express","description":"Conegut per polimetacrilat de metil (PMMA), el metacrilat mirall \u00e9s un termopl\u00e0stic caracteritzat per la seva reflexi\u00f3 i lleugeresa.","robots":{"index":"index","follow":"follow","max-snippet":"max-snippet:-1","max-image-preview":"max-image-preview:large","max-video-preview":"max-video-preview:-1"},"canonical":"https:\/\/plasticexpress.es\/ca\/producto\/materials\/metacrilat\/metacrilato-espejo-ca\/metacrilato-espejo-2\/","og_locale":"ca_ES","og_type":"article","og_title":"Metacrilat Mirall | Plastic Express","og_description":"Conegut per polimetacrilat de metil (PMMA), el metacrilat mirall \u00e9s un termopl\u00e0stic caracteritzat per la seva reflexi\u00f3 i lleugeresa.","og_url":"https:\/\/plasticexpress.es\/ca\/producto\/materials\/metacrilat\/metacrilato-espejo-ca\/metacrilato-espejo-2\/","og_site_name":"Plasticexpress","article_modified_time":"2023-10-11T14:05:36+00:00","og_image":[{"width":1000,"height":667,"url":"https:\/\/plasticexpress.es\/wp-content\/uploads\/2020\/09\/metacrilato-espejo-2-01.jpg","type":"image\/jpeg"}],"twitter_card":"summary_large_image","schema":{"@context":"https:\/\/schema.org","@graph":[{"@type":"WebPage","@id":"https:\/\/plasticexpress.es\/ca\/producto\/materials\/metacrilat\/metacrilato-espejo-ca\/metacrilato-espejo-2\/","url":"https:\/\/plasticexpress.es\/ca\/producto\/materials\/metacrilat\/metacrilato-espejo-ca\/metacrilato-espejo-2\/","name":"Metacrilat Mirall | Plastic Express","isPartOf":{"@id":"https:\/\/plasticexpress.es\/ca\/#website"},"primaryImageOfPage":{"@id":"https:\/\/plasticexpress.es\/ca\/producto\/materials\/metacrilat\/metacrilato-espejo-ca\/metacrilato-espejo-2\/#primaryimage"},"image":{"@id":"https:\/\/plasticexpress.es\/ca\/producto\/materials\/metacrilat\/metacrilato-espejo-ca\/metacrilato-espejo-2\/#primaryimage"},"thumbnailUrl":"https:\/\/plasticexpress.es\/wp-content\/uploads\/2020\/09\/metacrilato-espejo-2-01.jpg","datePublished":"2021-03-30T21:25:36+00:00","dateModified":"2023-10-11T14:05:36+00:00","description":"Conegut per polimetacrilat de metil (PMMA), el metacrilat mirall \u00e9s un termopl\u00e0stic caracteritzat per la seva reflexi\u00f3 i lleugeresa.","breadcrumb":{"@id":"https:\/\/plasticexpress.es\/ca\/producto\/materials\/metacrilat\/metacrilato-espejo-ca\/metacrilato-espejo-2\/#breadcrumb"},"inLanguage":"ca","potentialAction":[{"@type":"ReadAction","target":["https:\/\/plasticexpress.es\/ca\/producto\/materials\/metacrilat\/metacrilato-espejo-ca\/metacrilato-espejo-2\/"]}]},{"@type":"ImageObject","inLanguage":"ca","@id":"https:\/\/plasticexpress.es\/ca\/producto\/materials\/metacrilat\/metacrilato-espejo-ca\/metacrilato-espejo-2\/#primaryimage","url":"https:\/\/plasticexpress.es\/wp-content\/uploads\/2020\/09\/metacrilato-espejo-2-01.jpg","contentUrl":"https:\/\/plasticexpress.es\/wp-content\/uploads\/2020\/09\/metacrilato-espejo-2-01.jpg","width":1000,"height":667,"caption":"Metacrilat mirall"},{"@type":"BreadcrumbList","@id":"https:\/\/plasticexpress.es\/ca\/producto\/materials\/metacrilat\/metacrilato-espejo-ca\/metacrilato-espejo-2\/#breadcrumb","itemListElement":[{"@type":"ListItem","position":1,"name":"Portada","item":"https:\/\/plasticexpress.es\/ca\/"},{"@type":"ListItem","position":2,"name":"Shop","item":"https:\/\/plasticexpress.es\/ca\/shop\/"},{"@type":"ListItem","position":3,"name":"Metacrilat mirall"}]},{"@type":"WebSite","@id":"https:\/\/plasticexpress.es\/ca\/#website","url":"https:\/\/plasticexpress.es\/ca\/","name":"Plasticexpress","description":"Venta de materiales y art\u00edculos de Metacrilato","potentialAction":[{"@type":"SearchAction","target":{"@type":"EntryPoint","urlTemplate":"https:\/\/plasticexpress.es\/ca\/?s={search_term_string}"},"query-input":{"@type":"PropertyValueSpecification","valueRequired":true,"valueName":"search_term_string"}}],"inLanguage":"ca"}]}},"_links":{"self":[{"href":"https:\/\/plasticexpress.es\/ca\/wp-json\/wp\/v2\/product\/6937","targetHints":{"allow":["GET"]}}],"collection":[{"href":"https:\/\/plasticexpress.es\/ca\/wp-json\/wp\/v2\/product"}],"about":[{"href":"https:\/\/plasticexpress.es\/ca\/wp-json\/wp\/v2\/types\/product"}],"replies":[{"embeddable":true,"href":"https:\/\/plasticexpress.es\/ca\/wp-json\/wp\/v2\/comments?post=6937"}],"version-history":[{"count":5,"href":"https:\/\/plasticexpress.es\/ca\/wp-json\/wp\/v2\/product\/6937\/revisions"}],"predecessor-version":[{"id":19944,"href":"https:\/\/plasticexpress.es\/ca\/wp-json\/wp\/v2\/product\/6937\/revisions\/19944"}],"wp:featuredmedia":[{"embeddable":true,"href":"https:\/\/plasticexpress.es\/ca\/wp-json\/wp\/v2\/media\/5189"}],"wp:attachment":[{"href":"https:\/\/plasticexpress.es\/ca\/wp-json\/wp\/v2\/media?parent=6937"}],"wp:term":[{"taxonomy":"product_brand","embeddable":true,"href":"https:\/\/plasticexpress.es\/ca\/wp-json\/wp\/v2\/product_brand?post=6937"},{"taxonomy":"product_cat","embeddable":true,"href":"https:\/\/plasticexpress.es\/ca\/wp-json\/wp\/v2\/product_cat?post=6937"},{"taxonomy":"product_tag","embeddable":true,"href":"https:\/\/plasticexpress.es\/ca\/wp-json\/wp\/v2\/product_tag?post=6937"}],"curies":[{"name":"wp","href":"https:\/\/api.w.org\/{rel}","templated":true}]}}