

{"id":8439,"date":"2020-09-09T22:20:55","date_gmt":"2021-04-03T03:05:53","guid":{"rendered":"https:\/\/plasticexpress.es\/producto\/Sense%20categoria\/policarbonat-blanc-opal\/"},"modified":"2022-07-12T08:49:23","modified_gmt":"2022-07-12T07:49:23","slug":"policarbonato-blanco-opal-30","status":"publish","type":"product","link":"https:\/\/plasticexpress.es\/ca\/producto\/materials\/policarbonat-compacte\/policarbonato-blanco-opal-30-ca\/policarbonato-blanco-opal-30\/","title":{"rendered":"Policarbonat blanc opal"},"content":{"rendered":"\t\t<div data-elementor-type=\"product-post\" data-elementor-id=\"8439\" class=\"elementor elementor-8439 elementor-2590\" data-elementor-post-type=\"product\">\n\t\t\t\t\t\t<section class=\"elementor-section elementor-top-section elementor-element elementor-element-6e64616d elementor-section-boxed elementor-section-height-default elementor-section-height-default\" data-id=\"6e64616d\" data-element_type=\"section\" data-e-type=\"section\">\n\t\t\t\t\t\t<div class=\"elementor-container elementor-column-gap-default\">\n\t\t\t\t\t<div class=\"elementor-column elementor-col-100 elementor-top-column elementor-element elementor-element-7dcd4e55\" data-id=\"7dcd4e55\" data-element_type=\"column\" data-e-type=\"column\">\n\t\t\t<div class=\"elementor-widget-wrap elementor-element-populated\">\n\t\t\t\t\t\t\t<\/div>\n\t\t<\/div>\n\t\t\t\t\t<\/div>\n\t\t<\/section>\n\t\t\t\t<\/div>\n\t\t","protected":false},"excerpt":{"rendered":"","protected":false},"featured_media":5169,"comment_status":"open","ping_status":"closed","template":"","meta":{"_acf_changed":false},"product_brand":[],"product_cat":[666,717,720],"product_tag":[993,994,991,989,992,990],"class_list":{"0":"post-8439","1":"product","2":"type-product","3":"status-publish","4":"has-post-thumbnail","6":"product_cat-materials","7":"product_cat-policarbonat-compacte","8":"product_cat-policarbonato-blanco-opal-30-ca","9":"product_tag-comprar-policarbonato-ca","10":"product_tag-comprar-policarbonato-a-medida-ca","11":"product_tag-plancha-policarbonato-ca","12":"product_tag-policarbonato-ca","13":"product_tag-policarbonato-a-medida-ca","14":"product_tag-policarbonato-compacto-ca","16":"first","17":"instock","18":"shipping-taxable","19":"purchasable","20":"product-type-variable","21":"has-default-attributes"},"acf":{"photo_gallery":{"opciones_de_agujeros":[[]]}},"yoast_head":"<!-- This site is optimized with the Yoast SEO plugin v27.2 - https:\/\/yoast.com\/product\/yoast-seo-wordpress\/ -->\n<title>Policarbonat Blanc Opal | PlasticExpress<\/title>\n<meta name=\"description\" content=\"El policarbonat opal \u00e9s un material perfecte per a l&#039;\u00fas en exteriors. Ofereix una alta resist\u00e8ncia als impactes aix\u00ed com una elevada transmissi\u00f3 de llum.\" \/>\n<meta name=\"robots\" content=\"index, follow, max-snippet:-1, max-image-preview:large, max-video-preview:-1\" \/>\n<link rel=\"canonical\" href=\"https:\/\/plasticexpress.es\/ca\/producto\/materials\/policarbonat-compacte\/policarbonato-blanco-opal-30-ca\/policarbonato-blanco-opal-30\/\" \/>\n<meta property=\"og:locale\" content=\"ca_ES\" \/>\n<meta property=\"og:type\" content=\"article\" \/>\n<meta property=\"og:title\" content=\"Policarbonat Blanc Opal | PlasticExpress\" \/>\n<meta property=\"og:description\" content=\"El policarbonat opal \u00e9s un material perfecte per a l&#039;\u00fas en exteriors. Ofereix una alta resist\u00e8ncia als impactes aix\u00ed com una elevada transmissi\u00f3 de llum.\" \/>\n<meta property=\"og:url\" content=\"https:\/\/plasticexpress.es\/ca\/producto\/materials\/policarbonat-compacte\/policarbonato-blanco-opal-30-ca\/policarbonato-blanco-opal-30\/\" \/>\n<meta property=\"og:site_name\" content=\"Plasticexpress\" \/>\n<meta property=\"article:modified_time\" content=\"2022-07-12T07:49:23+00:00\" \/>\n<meta property=\"og:image\" content=\"https:\/\/plasticexpress.es\/wp-content\/uploads\/2020\/09\/policarbonato-blanco-opal-30-0.jpg\" \/>\n\t<meta property=\"og:image:width\" content=\"1000\" \/>\n\t<meta property=\"og:image:height\" content=\"667\" \/>\n\t<meta property=\"og:image:type\" content=\"image\/jpeg\" \/>\n<meta name=\"twitter:card\" content=\"summary_large_image\" \/>\n<script type=\"application\/ld+json\" class=\"yoast-schema-graph\">{\"@context\":\"https:\/\/schema.org\",\"@graph\":[{\"@type\":\"WebPage\",\"@id\":\"https:\/\/plasticexpress.es\/ca\/producto\/materials\/policarbonat-compacte\/policarbonato-blanco-opal-30-ca\/policarbonato-blanco-opal-30\/\",\"url\":\"https:\/\/plasticexpress.es\/ca\/producto\/materials\/policarbonat-compacte\/policarbonato-blanco-opal-30-ca\/policarbonato-blanco-opal-30\/\",\"name\":\"Policarbonat Blanc Opal | PlasticExpress\",\"isPartOf\":{\"@id\":\"https:\/\/plasticexpress.es\/ca\/#website\"},\"primaryImageOfPage\":{\"@id\":\"https:\/\/plasticexpress.es\/ca\/producto\/materials\/policarbonat-compacte\/policarbonato-blanco-opal-30-ca\/policarbonato-blanco-opal-30\/#primaryimage\"},\"image\":{\"@id\":\"https:\/\/plasticexpress.es\/ca\/producto\/materials\/policarbonat-compacte\/policarbonato-blanco-opal-30-ca\/policarbonato-blanco-opal-30\/#primaryimage\"},\"thumbnailUrl\":\"https:\/\/plasticexpress.es\/wp-content\/uploads\/2020\/09\/policarbonato-blanco-opal-30-0.jpg\",\"datePublished\":\"2021-04-03T03:05:53+00:00\",\"dateModified\":\"2022-07-12T07:49:23+00:00\",\"description\":\"El policarbonat opal \u00e9s un material perfecte per a l'\u00fas en exteriors. Ofereix una alta resist\u00e8ncia als impactes aix\u00ed com una elevada transmissi\u00f3 de llum.\",\"breadcrumb\":{\"@id\":\"https:\/\/plasticexpress.es\/ca\/producto\/materials\/policarbonat-compacte\/policarbonato-blanco-opal-30-ca\/policarbonato-blanco-opal-30\/#breadcrumb\"},\"inLanguage\":\"ca\",\"potentialAction\":[{\"@type\":\"ReadAction\",\"target\":[\"https:\/\/plasticexpress.es\/ca\/producto\/materials\/policarbonat-compacte\/policarbonato-blanco-opal-30-ca\/policarbonato-blanco-opal-30\/\"]}]},{\"@type\":\"ImageObject\",\"inLanguage\":\"ca\",\"@id\":\"https:\/\/plasticexpress.es\/ca\/producto\/materials\/policarbonat-compacte\/policarbonato-blanco-opal-30-ca\/policarbonato-blanco-opal-30\/#primaryimage\",\"url\":\"https:\/\/plasticexpress.es\/wp-content\/uploads\/2020\/09\/policarbonato-blanco-opal-30-0.jpg\",\"contentUrl\":\"https:\/\/plasticexpress.es\/wp-content\/uploads\/2020\/09\/policarbonato-blanco-opal-30-0.jpg\",\"width\":1000,\"height\":667,\"caption\":\"Policarbonato blanco opal 30\"},{\"@type\":\"BreadcrumbList\",\"@id\":\"https:\/\/plasticexpress.es\/ca\/producto\/materials\/policarbonat-compacte\/policarbonato-blanco-opal-30-ca\/policarbonato-blanco-opal-30\/#breadcrumb\",\"itemListElement\":[{\"@type\":\"ListItem\",\"position\":1,\"name\":\"Portada\",\"item\":\"https:\/\/plasticexpress.es\/ca\/\"},{\"@type\":\"ListItem\",\"position\":2,\"name\":\"Shop\",\"item\":\"https:\/\/plasticexpress.es\/ca\/shop\/\"},{\"@type\":\"ListItem\",\"position\":3,\"name\":\"Policarbonat blanc opal\"}]},{\"@type\":\"WebSite\",\"@id\":\"https:\/\/plasticexpress.es\/ca\/#website\",\"url\":\"https:\/\/plasticexpress.es\/ca\/\",\"name\":\"Plasticexpress\",\"description\":\"Venta de materiales y art\u00edculos de Metacrilato\",\"potentialAction\":[{\"@type\":\"SearchAction\",\"target\":{\"@type\":\"EntryPoint\",\"urlTemplate\":\"https:\/\/plasticexpress.es\/ca\/?s={search_term_string}\"},\"query-input\":{\"@type\":\"PropertyValueSpecification\",\"valueRequired\":true,\"valueName\":\"search_term_string\"}}],\"inLanguage\":\"ca\"}]}<\/script>\n<!-- \/ Yoast SEO plugin. -->","yoast_head_json":{"title":"Policarbonat Blanc Opal | PlasticExpress","description":"El policarbonat opal \u00e9s un material perfecte per a l'\u00fas en exteriors. Ofereix una alta resist\u00e8ncia als impactes aix\u00ed com una elevada transmissi\u00f3 de llum.","robots":{"index":"index","follow":"follow","max-snippet":"max-snippet:-1","max-image-preview":"max-image-preview:large","max-video-preview":"max-video-preview:-1"},"canonical":"https:\/\/plasticexpress.es\/ca\/producto\/materials\/policarbonat-compacte\/policarbonato-blanco-opal-30-ca\/policarbonato-blanco-opal-30\/","og_locale":"ca_ES","og_type":"article","og_title":"Policarbonat Blanc Opal | PlasticExpress","og_description":"El policarbonat opal \u00e9s un material perfecte per a l'\u00fas en exteriors. Ofereix una alta resist\u00e8ncia als impactes aix\u00ed com una elevada transmissi\u00f3 de llum.","og_url":"https:\/\/plasticexpress.es\/ca\/producto\/materials\/policarbonat-compacte\/policarbonato-blanco-opal-30-ca\/policarbonato-blanco-opal-30\/","og_site_name":"Plasticexpress","article_modified_time":"2022-07-12T07:49:23+00:00","og_image":[{"width":1000,"height":667,"url":"https:\/\/plasticexpress.es\/wp-content\/uploads\/2020\/09\/policarbonato-blanco-opal-30-0.jpg","type":"image\/jpeg"}],"twitter_card":"summary_large_image","schema":{"@context":"https:\/\/schema.org","@graph":[{"@type":"WebPage","@id":"https:\/\/plasticexpress.es\/ca\/producto\/materials\/policarbonat-compacte\/policarbonato-blanco-opal-30-ca\/policarbonato-blanco-opal-30\/","url":"https:\/\/plasticexpress.es\/ca\/producto\/materials\/policarbonat-compacte\/policarbonato-blanco-opal-30-ca\/policarbonato-blanco-opal-30\/","name":"Policarbonat Blanc Opal | PlasticExpress","isPartOf":{"@id":"https:\/\/plasticexpress.es\/ca\/#website"},"primaryImageOfPage":{"@id":"https:\/\/plasticexpress.es\/ca\/producto\/materials\/policarbonat-compacte\/policarbonato-blanco-opal-30-ca\/policarbonato-blanco-opal-30\/#primaryimage"},"image":{"@id":"https:\/\/plasticexpress.es\/ca\/producto\/materials\/policarbonat-compacte\/policarbonato-blanco-opal-30-ca\/policarbonato-blanco-opal-30\/#primaryimage"},"thumbnailUrl":"https:\/\/plasticexpress.es\/wp-content\/uploads\/2020\/09\/policarbonato-blanco-opal-30-0.jpg","datePublished":"2021-04-03T03:05:53+00:00","dateModified":"2022-07-12T07:49:23+00:00","description":"El policarbonat opal \u00e9s un material perfecte per a l'\u00fas en exteriors. Ofereix una alta resist\u00e8ncia als impactes aix\u00ed com una elevada transmissi\u00f3 de llum.","breadcrumb":{"@id":"https:\/\/plasticexpress.es\/ca\/producto\/materials\/policarbonat-compacte\/policarbonato-blanco-opal-30-ca\/policarbonato-blanco-opal-30\/#breadcrumb"},"inLanguage":"ca","potentialAction":[{"@type":"ReadAction","target":["https:\/\/plasticexpress.es\/ca\/producto\/materials\/policarbonat-compacte\/policarbonato-blanco-opal-30-ca\/policarbonato-blanco-opal-30\/"]}]},{"@type":"ImageObject","inLanguage":"ca","@id":"https:\/\/plasticexpress.es\/ca\/producto\/materials\/policarbonat-compacte\/policarbonato-blanco-opal-30-ca\/policarbonato-blanco-opal-30\/#primaryimage","url":"https:\/\/plasticexpress.es\/wp-content\/uploads\/2020\/09\/policarbonato-blanco-opal-30-0.jpg","contentUrl":"https:\/\/plasticexpress.es\/wp-content\/uploads\/2020\/09\/policarbonato-blanco-opal-30-0.jpg","width":1000,"height":667,"caption":"Policarbonato blanco opal 30"},{"@type":"BreadcrumbList","@id":"https:\/\/plasticexpress.es\/ca\/producto\/materials\/policarbonat-compacte\/policarbonato-blanco-opal-30-ca\/policarbonato-blanco-opal-30\/#breadcrumb","itemListElement":[{"@type":"ListItem","position":1,"name":"Portada","item":"https:\/\/plasticexpress.es\/ca\/"},{"@type":"ListItem","position":2,"name":"Shop","item":"https:\/\/plasticexpress.es\/ca\/shop\/"},{"@type":"ListItem","position":3,"name":"Policarbonat blanc opal"}]},{"@type":"WebSite","@id":"https:\/\/plasticexpress.es\/ca\/#website","url":"https:\/\/plasticexpress.es\/ca\/","name":"Plasticexpress","description":"Venta de materiales y art\u00edculos de Metacrilato","potentialAction":[{"@type":"SearchAction","target":{"@type":"EntryPoint","urlTemplate":"https:\/\/plasticexpress.es\/ca\/?s={search_term_string}"},"query-input":{"@type":"PropertyValueSpecification","valueRequired":true,"valueName":"search_term_string"}}],"inLanguage":"ca"}]}},"_links":{"self":[{"href":"https:\/\/plasticexpress.es\/ca\/wp-json\/wp\/v2\/product\/8439","targetHints":{"allow":["GET"]}}],"collection":[{"href":"https:\/\/plasticexpress.es\/ca\/wp-json\/wp\/v2\/product"}],"about":[{"href":"https:\/\/plasticexpress.es\/ca\/wp-json\/wp\/v2\/types\/product"}],"replies":[{"embeddable":true,"href":"https:\/\/plasticexpress.es\/ca\/wp-json\/wp\/v2\/comments?post=8439"}],"version-history":[{"count":5,"href":"https:\/\/plasticexpress.es\/ca\/wp-json\/wp\/v2\/product\/8439\/revisions"}],"predecessor-version":[{"id":16760,"href":"https:\/\/plasticexpress.es\/ca\/wp-json\/wp\/v2\/product\/8439\/revisions\/16760"}],"wp:featuredmedia":[{"embeddable":true,"href":"https:\/\/plasticexpress.es\/ca\/wp-json\/wp\/v2\/media\/5169"}],"wp:attachment":[{"href":"https:\/\/plasticexpress.es\/ca\/wp-json\/wp\/v2\/media?parent=8439"}],"wp:term":[{"taxonomy":"product_brand","embeddable":true,"href":"https:\/\/plasticexpress.es\/ca\/wp-json\/wp\/v2\/product_brand?post=8439"},{"taxonomy":"product_cat","embeddable":true,"href":"https:\/\/plasticexpress.es\/ca\/wp-json\/wp\/v2\/product_cat?post=8439"},{"taxonomy":"product_tag","embeddable":true,"href":"https:\/\/plasticexpress.es\/ca\/wp-json\/wp\/v2\/product_tag?post=8439"}],"curies":[{"name":"wp","href":"https:\/\/api.w.org\/{rel}","templated":true}]}}