

{"id":8501,"date":"2020-09-09T22:21:14","date_gmt":"2021-04-03T03:13:09","guid":{"rendered":"https:\/\/plasticexpress.es\/producto\/Sense%20categoria\/policarbonat-antireflejo\/"},"modified":"2023-06-21T14:24:45","modified_gmt":"2023-06-21T13:24:45","slug":"policarbonato-antireflectant","status":"publish","type":"product","link":"https:\/\/plasticexpress.es\/ca\/producto\/materials\/policarbonat-compacte\/policarbonato-antireflex-ca\/policarbonato-antireflectant\/","title":{"rendered":"Policarbonat Antireflectant"},"content":{"rendered":"<p><span style=\"font-weight: 400;\">El <\/span><a href=\"https:\/\/plasticexpress.es\/producto\/materiales\/policarbonato-compacto\/policarbonato-antireflex\/policarbonato-antireflex\/\"><span style=\"font-weight: 400;\">policarbonat antireflectant <\/span><\/a><span style=\"font-weight: 400;\">\u00e9s un tipus de pl\u00e0stic perfecte per a eliminar els reflexos no desitjats en la superf\u00edcie d&#8217;un material. Depenent del projecte que tinguis, necessitar\u00e0s un tipus de pl\u00e0stic o un altre i a <\/span><strong>Plastic Express<\/strong><span style=\"font-weight: 400;\"> t&#8217;ajudarem a trobar el m\u00e9s adequat per a tu i que s&#8217;adapti a la perfecci\u00f3 a les teves necessitats.<\/span><\/p>\n<h2><strong>Caracter\u00edstiques del policarbonat antireflectant <\/strong><\/h2>\n<p><span style=\"font-weight: 400;\">El <\/span><strong>policarbonat Antireflectant <\/strong><span style=\"font-weight: 400;\">\u00e9s un material que ha estat tractat amb un recobriment especial per a reduir els reflexos no desitjats en la seva superf\u00edcie. Aquest recobriment Antireflectant consisteix en m\u00faltiples capes de material transparent amb \u00edndexs de refracci\u00f3 acuradament ajustats.<\/span><\/p>\n<ul>\n<li style=\"font-weight: 400;\"><strong>Transpar\u00e8ncia<\/strong><span style=\"font-weight: 400;\">: El policarbonat antireflectant mant\u00e9 una alta transpar\u00e8ncia, cosa que\u00a0 permet una visi\u00f3 clara i n\u00edtida sense distorsions.<\/span><\/li>\n<li style=\"font-weight: 400;\"><strong>Reducci\u00f3 de reflexos: <\/strong><span style=\"font-weight: 400;\">Disminueix els reflexos en la superf\u00edcie per a millorar la visibilitat i reduir els centellejos o enlluernaments.<\/span><\/li>\n<li style=\"font-weight: 400;\"><strong>Millora de contrast: <\/strong><span style=\"font-weight: 400;\">En reduir els reflexos, es millora el contrast de la imatge, la qual cosa permet una millor percepci\u00f3 dels detalls i una major nitidesa visual.<\/span><\/li>\n<li style=\"font-weight: 400;\"><strong>Resist\u00e8ncia a les esgarrapades:<\/strong><span style=\"font-weight: 400;\"> el policarbonat \u00e9s tractat amb capes addicionals que ho fan m\u00e9s resistent a les esgarrapades, augmentant aix\u00ed la seva durabilitat i vida \u00fatil.<\/span><\/li>\n<li style=\"font-weight: 400;\"><strong>Protecci\u00f3 UV:<\/strong><span style=\"font-weight: 400;\"> Proporciona protecci\u00f3 contra els raigs ultraviolats (UV), ajudant a protegir els ulls i els objectes darrere del material, dels efectes nocius del sol.<\/span><\/li>\n<li style=\"font-weight: 400;\"><strong>F\u00e0cil neteja:<\/strong><span style=\"font-weight: 400;\"> Facilita la neteja del material, ja que redueix l&#8217;adher\u00e8ncia de pols, brut\u00edcia i empremtes dactilars. Aix\u00f2 simplifica el seu manteniment.<\/span><\/li>\n<li style=\"font-weight: 400;\"><strong>Lleugeresa:<\/strong><span style=\"font-weight: 400;\"> \u00c9s un material lleuger en comparaci\u00f3 amb altres materials com el vidre, aix\u00ed que \u00e9s m\u00e9s f\u00e0cil de manejar i transportar.<\/span><\/li>\n<li style=\"font-weight: 400;\"><strong>Resist\u00e8ncia a impactes:<\/strong><span style=\"font-weight: 400;\"> \u00c9s conegut per la seva alta resist\u00e8ncia als impactes.<\/span><\/li>\n<li style=\"font-weight: 400;\"><strong>Versatilitat: <\/strong><span style=\"font-weight: 400;\">Pot ser modelat i fabricat en una \u00e0mplia varietat de formes i grand\u00e0ries. Aix\u00f2 ho fa adequat per a una \u00e0mplia gamma d&#8217;aplicacions en diferents ind\u00fastries.<\/span><\/li>\n<\/ul>\n<h2><strong>Usos del policarbonat antireflectant <\/strong><\/h2>\n<p><span style=\"font-weight: 400;\">A la ind\u00fastria, el policarbonat antireflectant s&#8217;utilitza en una gran varietat d&#8217;aplicacions en les quals se&#8217;ls doni import\u00e0ncia a minimitzar els reflexos i <\/span><strong>millorar la qualitat visual<\/strong><span style=\"font-weight: 400;\">. Et proposem alguns exemples d&#8217;usos i aplicacions d&#8217;aquesta mena de pl\u00e0stic:<\/span><\/p>\n<ul>\n<li><span style=\"font-weight: 400;\">Pantalles electr\u00f2niques de dispositius com a tel\u00e8fons intel\u00b7ligents, tauletes i ordinadors.<\/span><\/li>\n<li><span style=\"font-weight: 400;\">Ulleres \u00f2ptiques.<\/span><\/li>\n<li><span style=\"font-weight: 400;\">Panells de visualitzaci\u00f3 i controls industrials.<\/span><\/li>\n<li><span style=\"font-weight: 400;\">Cobertes de llums LED i dispositius d&#8217;il\u00b7luminaci\u00f3.<\/span><\/li>\n<li><span style=\"font-weight: 400;\">Carcasses i cobertes de protecci\u00f3 per a dispositius electr\u00f2nics.<\/span><\/li>\n<li><span style=\"font-weight: 400;\">Lents de c\u00e0meres i dispositius \u00f2ptics.<\/span><\/li>\n<li><span style=\"font-weight: 400;\">Finestres i panells en arquitectura i construcci\u00f3.<\/span><\/li>\n<li><span style=\"font-weight: 400;\">Mampares i divisions en oficines i espais comercials.<\/span><\/li>\n<li><span style=\"font-weight: 400;\">Cobertes de rellotges i dispositius electr\u00f2nics port\u00e0tils.<\/span><\/li>\n<li><span style=\"font-weight: 400;\">Vitrines i exhibidors en botigues i museus.<\/span><\/li>\n<li><span style=\"font-weight: 400;\">Senyalitzaci\u00f3 i r\u00e8tols.<\/span><\/li>\n<li><span style=\"font-weight: 400;\">Visors i protectors d&#8217;equips industrials.<\/span><\/li>\n<li><span style=\"font-weight: 400;\">Parabrisa i finestres de vehicles.<\/span><\/li>\n<li><span style=\"font-weight: 400;\">Ulleres de seguretat i protecci\u00f3 personal.<\/span><\/li>\n<li><span style=\"font-weight: 400;\">M\u00e0scares de soldadura i equips de protecci\u00f3 facial.<\/span><\/li>\n<li><span style=\"font-weight: 400;\">Components d&#8217;avions i vehicles espacials.<\/span><\/li>\n<li><span style=\"font-weight: 400;\">Accessoris i components per a la ind\u00fastria de l&#8217;electr\u00f2nica.<\/span><\/li>\n<li><span style=\"font-weight: 400;\">Protectors de pantalla per a dispositius electr\u00f2nics.<\/span><\/li>\n<li><span style=\"font-weight: 400;\">Cobertes de llibres i documents.<\/span><\/li>\n<li><span style=\"font-weight: 400;\">Lents i visors de cascos i equips esportius.<\/span><\/li>\n<li><span style=\"font-weight: 400;\">Pantalles de projecci\u00f3 i projectors.<\/span><\/li>\n<li><span style=\"font-weight: 400;\">Viseres i caretes per a activitats a l&#8217;aire lliure.<\/span><\/li>\n<li><span style=\"font-weight: 400;\">Cabines i finestres en transport p\u00fablic.<\/span><\/li>\n<li><span style=\"font-weight: 400;\">Components per a la ind\u00fastria m\u00e8dica i odontol\u00f2gica.<\/span><\/li>\n<\/ul>\n<h2><strong>Compra les teves planxes de policarbonat antireflectant en Plastic Express<\/strong><\/h2>\n<p><span style=\"font-weight: 400;\">A <\/span><strong>Plastic Express<\/strong><span style=\"font-weight: 400;\">\u00a0disposem dels millors materials per a ajudar-te a fer realitat qualsevol de les teves iniciatives, ja siguis un particular o un professional de la ind\u00fastria. A m\u00e9s, t&#8217;oferim assessoria en tots els teus projectes i tenim un equip de professionals que t&#8217;ajudar\u00e0 a seleccionar el millor material i els processos adequats per a manipular-lo.<\/span><\/p>\n<p><span style=\"font-weight: 400;\">Si vols comprar les teves plaques de <\/span><strong>policarbonat antireflector<\/strong><span style=\"font-weight: 400;\">, pots accedir a la nostra p\u00e0gina web i adquirir les que tenim en estoc. No obstant aix\u00f2, si el teu projecte \u00e9s una mica m\u00e9s ambici\u00f3s i necessites que les teves peces de pl\u00e0stic siguin a mesura, no dubtis a contactar amb nosaltres perqu\u00e8 puguem enviar-te un pressupost personalitzat.<\/span><\/p>\n<p><span style=\"font-weight: 400;\">Escriu-nos un <\/span><strong>correu electr\u00f2nic<\/strong><span style=\"font-weight: 400;\"> a <\/span><a href=\"mailto:info@plasticexpress.es\"><span style=\"font-weight: 400;\">info@plasticexpress.es<\/span><\/a><span style=\"font-weight: 400;\">, indicant el tipus de material en el qual est\u00e0s interessat, en aquest cas planxes de policarbonat antireflectant a mesura. En el cos del correu pots explicar-nos una mica m\u00e9s sobre el teu projecte i les teves necessitats.<\/span><\/p>\n<p><span style=\"font-weight: 400;\">Recorda que, si ets professional de la ind\u00fastria pots obtenir descomptes especials accedint al formulari de pressupostos per a professionals. Entra en la nostra p\u00e0gina web de <\/span><strong>Plastic Express<\/strong><span style=\"font-weight: 400;\"> i descobreix tot el que tenim per a tu!<\/span><\/p>\n","protected":false},"excerpt":{"rendered":"<p>El policarbonat antireflectant \u00e9s un tipus de pl\u00e0stic perfecte per a eliminar els reflexos no desitjats en la superf\u00edcie d&#8217;un material. Depenent del projecte que tinguis, necessitar\u00e0s un tipus de pl\u00e0stic o un altre i a Plastic Express t&#8217;ajudarem a trobar el m\u00e9s adequat per a tu i que s&#8217;adapti a la perfecci\u00f3 a les [&hellip;]<\/p>\n","protected":false},"featured_media":5167,"comment_status":"open","ping_status":"closed","template":"","meta":{"_acf_changed":false},"product_brand":[],"product_cat":[666,717,718],"product_tag":[994,1013,991,989,992,990],"class_list":{"0":"post-8501","1":"product","2":"type-product","3":"status-publish","4":"has-post-thumbnail","6":"product_cat-materials","7":"product_cat-policarbonat-compacte","8":"product_cat-policarbonato-antireflex-ca","9":"product_tag-comprar-policarbonato-a-medida-ca","10":"product_tag-comprar-policarbonato-antireflejo-ca","11":"product_tag-plancha-policarbonato-ca","12":"product_tag-policarbonato-ca","13":"product_tag-policarbonato-a-medida-ca","14":"product_tag-policarbonato-compacto-ca","16":"first","17":"instock","18":"shipping-taxable","19":"purchasable","20":"product-type-variable"},"acf":{"photo_gallery":{"opciones_de_agujeros":[[]]}},"yoast_head":"<!-- This site is optimized with the Yoast SEO plugin v27.2 - https:\/\/yoast.com\/product\/yoast-seo-wordpress\/ -->\n<title>Policarbonat Antireflectant | Plasticexpress<\/title>\n<meta name=\"description\" content=\"El policarbonat antireflectant \u00e9s un tipus de pl\u00e0stic perfecte per a eliminar els reflexos no desitjats en la superf\u00edcie d&#039;un material. Depenent del\" \/>\n<meta name=\"robots\" content=\"index, follow, max-snippet:-1, max-image-preview:large, max-video-preview:-1\" \/>\n<link rel=\"canonical\" href=\"https:\/\/plasticexpress.es\/ca\/producto\/materials\/policarbonat-compacte\/policarbonato-antireflex-ca\/policarbonato-antireflectant\/\" \/>\n<meta property=\"og:locale\" content=\"ca_ES\" \/>\n<meta property=\"og:type\" content=\"article\" \/>\n<meta property=\"og:title\" content=\"Policarbonat Antireflectant | Plasticexpress\" \/>\n<meta property=\"og:description\" content=\"El policarbonat antireflectant \u00e9s un tipus de pl\u00e0stic perfecte per a eliminar els reflexos no desitjats en la superf\u00edcie d&#039;un material. Depenent del\" \/>\n<meta property=\"og:url\" content=\"https:\/\/plasticexpress.es\/ca\/producto\/materials\/policarbonat-compacte\/policarbonato-antireflex-ca\/policarbonato-antireflectant\/\" \/>\n<meta property=\"og:site_name\" content=\"Plasticexpress\" \/>\n<meta property=\"article:modified_time\" content=\"2023-06-21T13:24:45+00:00\" \/>\n<meta property=\"og:image\" content=\"https:\/\/plasticexpress.es\/wp-content\/uploads\/2020\/09\/policarbonato-antireflex-01.jpg\" \/>\n\t<meta property=\"og:image:width\" content=\"1000\" \/>\n\t<meta property=\"og:image:height\" content=\"667\" \/>\n\t<meta property=\"og:image:type\" content=\"image\/jpeg\" \/>\n<meta name=\"twitter:card\" content=\"summary_large_image\" \/>\n<meta name=\"twitter:label1\" content=\"Temps estimat de lectura\" \/>\n\t<meta name=\"twitter:data1\" content=\"4 minuts\" \/>\n<script type=\"application\/ld+json\" class=\"yoast-schema-graph\">{\"@context\":\"https:\/\/schema.org\",\"@graph\":[{\"@type\":\"WebPage\",\"@id\":\"https:\/\/plasticexpress.es\/ca\/producto\/materials\/policarbonat-compacte\/policarbonato-antireflex-ca\/policarbonato-antireflectant\/\",\"url\":\"https:\/\/plasticexpress.es\/ca\/producto\/materials\/policarbonat-compacte\/policarbonato-antireflex-ca\/policarbonato-antireflectant\/\",\"name\":\"Policarbonat Antireflectant | Plasticexpress\",\"isPartOf\":{\"@id\":\"https:\/\/plasticexpress.es\/ca\/#website\"},\"primaryImageOfPage\":{\"@id\":\"https:\/\/plasticexpress.es\/ca\/producto\/materials\/policarbonat-compacte\/policarbonato-antireflex-ca\/policarbonato-antireflectant\/#primaryimage\"},\"image\":{\"@id\":\"https:\/\/plasticexpress.es\/ca\/producto\/materials\/policarbonat-compacte\/policarbonato-antireflex-ca\/policarbonato-antireflectant\/#primaryimage\"},\"thumbnailUrl\":\"https:\/\/plasticexpress.es\/wp-content\/uploads\/2020\/09\/policarbonato-antireflex-01.jpg\",\"datePublished\":\"2021-04-03T03:13:09+00:00\",\"dateModified\":\"2023-06-21T13:24:45+00:00\",\"description\":\"El policarbonat antireflectant \u00e9s un tipus de pl\u00e0stic perfecte per a eliminar els reflexos no desitjats en la superf\u00edcie d'un material. Depenent del\",\"breadcrumb\":{\"@id\":\"https:\/\/plasticexpress.es\/ca\/producto\/materials\/policarbonat-compacte\/policarbonato-antireflex-ca\/policarbonato-antireflectant\/#breadcrumb\"},\"inLanguage\":\"ca\",\"potentialAction\":[{\"@type\":\"ReadAction\",\"target\":[\"https:\/\/plasticexpress.es\/ca\/producto\/materials\/policarbonat-compacte\/policarbonato-antireflex-ca\/policarbonato-antireflectant\/\"]}]},{\"@type\":\"ImageObject\",\"inLanguage\":\"ca\",\"@id\":\"https:\/\/plasticexpress.es\/ca\/producto\/materials\/policarbonat-compacte\/policarbonato-antireflex-ca\/policarbonato-antireflectant\/#primaryimage\",\"url\":\"https:\/\/plasticexpress.es\/wp-content\/uploads\/2020\/09\/policarbonato-antireflex-01.jpg\",\"contentUrl\":\"https:\/\/plasticexpress.es\/wp-content\/uploads\/2020\/09\/policarbonato-antireflex-01.jpg\",\"width\":1000,\"height\":667,\"caption\":\"Policarbonato ANTIREFLEX\"},{\"@type\":\"BreadcrumbList\",\"@id\":\"https:\/\/plasticexpress.es\/ca\/producto\/materials\/policarbonat-compacte\/policarbonato-antireflex-ca\/policarbonato-antireflectant\/#breadcrumb\",\"itemListElement\":[{\"@type\":\"ListItem\",\"position\":1,\"name\":\"Portada\",\"item\":\"https:\/\/plasticexpress.es\/ca\/\"},{\"@type\":\"ListItem\",\"position\":2,\"name\":\"Shop\",\"item\":\"https:\/\/plasticexpress.es\/ca\/shop\/\"},{\"@type\":\"ListItem\",\"position\":3,\"name\":\"Policarbonat Antireflectant\"}]},{\"@type\":\"WebSite\",\"@id\":\"https:\/\/plasticexpress.es\/ca\/#website\",\"url\":\"https:\/\/plasticexpress.es\/ca\/\",\"name\":\"Plasticexpress\",\"description\":\"Venta de materiales y art\u00edculos de Metacrilato\",\"potentialAction\":[{\"@type\":\"SearchAction\",\"target\":{\"@type\":\"EntryPoint\",\"urlTemplate\":\"https:\/\/plasticexpress.es\/ca\/?s={search_term_string}\"},\"query-input\":{\"@type\":\"PropertyValueSpecification\",\"valueRequired\":true,\"valueName\":\"search_term_string\"}}],\"inLanguage\":\"ca\"}]}<\/script>\n<!-- \/ Yoast SEO plugin. -->","yoast_head_json":{"title":"Policarbonat Antireflectant | Plasticexpress","description":"El policarbonat antireflectant \u00e9s un tipus de pl\u00e0stic perfecte per a eliminar els reflexos no desitjats en la superf\u00edcie d'un material. Depenent del","robots":{"index":"index","follow":"follow","max-snippet":"max-snippet:-1","max-image-preview":"max-image-preview:large","max-video-preview":"max-video-preview:-1"},"canonical":"https:\/\/plasticexpress.es\/ca\/producto\/materials\/policarbonat-compacte\/policarbonato-antireflex-ca\/policarbonato-antireflectant\/","og_locale":"ca_ES","og_type":"article","og_title":"Policarbonat Antireflectant | Plasticexpress","og_description":"El policarbonat antireflectant \u00e9s un tipus de pl\u00e0stic perfecte per a eliminar els reflexos no desitjats en la superf\u00edcie d'un material. Depenent del","og_url":"https:\/\/plasticexpress.es\/ca\/producto\/materials\/policarbonat-compacte\/policarbonato-antireflex-ca\/policarbonato-antireflectant\/","og_site_name":"Plasticexpress","article_modified_time":"2023-06-21T13:24:45+00:00","og_image":[{"width":1000,"height":667,"url":"https:\/\/plasticexpress.es\/wp-content\/uploads\/2020\/09\/policarbonato-antireflex-01.jpg","type":"image\/jpeg"}],"twitter_card":"summary_large_image","twitter_misc":{"Temps estimat de lectura":"4 minuts"},"schema":{"@context":"https:\/\/schema.org","@graph":[{"@type":"WebPage","@id":"https:\/\/plasticexpress.es\/ca\/producto\/materials\/policarbonat-compacte\/policarbonato-antireflex-ca\/policarbonato-antireflectant\/","url":"https:\/\/plasticexpress.es\/ca\/producto\/materials\/policarbonat-compacte\/policarbonato-antireflex-ca\/policarbonato-antireflectant\/","name":"Policarbonat Antireflectant | Plasticexpress","isPartOf":{"@id":"https:\/\/plasticexpress.es\/ca\/#website"},"primaryImageOfPage":{"@id":"https:\/\/plasticexpress.es\/ca\/producto\/materials\/policarbonat-compacte\/policarbonato-antireflex-ca\/policarbonato-antireflectant\/#primaryimage"},"image":{"@id":"https:\/\/plasticexpress.es\/ca\/producto\/materials\/policarbonat-compacte\/policarbonato-antireflex-ca\/policarbonato-antireflectant\/#primaryimage"},"thumbnailUrl":"https:\/\/plasticexpress.es\/wp-content\/uploads\/2020\/09\/policarbonato-antireflex-01.jpg","datePublished":"2021-04-03T03:13:09+00:00","dateModified":"2023-06-21T13:24:45+00:00","description":"El policarbonat antireflectant \u00e9s un tipus de pl\u00e0stic perfecte per a eliminar els reflexos no desitjats en la superf\u00edcie d'un material. Depenent del","breadcrumb":{"@id":"https:\/\/plasticexpress.es\/ca\/producto\/materials\/policarbonat-compacte\/policarbonato-antireflex-ca\/policarbonato-antireflectant\/#breadcrumb"},"inLanguage":"ca","potentialAction":[{"@type":"ReadAction","target":["https:\/\/plasticexpress.es\/ca\/producto\/materials\/policarbonat-compacte\/policarbonato-antireflex-ca\/policarbonato-antireflectant\/"]}]},{"@type":"ImageObject","inLanguage":"ca","@id":"https:\/\/plasticexpress.es\/ca\/producto\/materials\/policarbonat-compacte\/policarbonato-antireflex-ca\/policarbonato-antireflectant\/#primaryimage","url":"https:\/\/plasticexpress.es\/wp-content\/uploads\/2020\/09\/policarbonato-antireflex-01.jpg","contentUrl":"https:\/\/plasticexpress.es\/wp-content\/uploads\/2020\/09\/policarbonato-antireflex-01.jpg","width":1000,"height":667,"caption":"Policarbonato ANTIREFLEX"},{"@type":"BreadcrumbList","@id":"https:\/\/plasticexpress.es\/ca\/producto\/materials\/policarbonat-compacte\/policarbonato-antireflex-ca\/policarbonato-antireflectant\/#breadcrumb","itemListElement":[{"@type":"ListItem","position":1,"name":"Portada","item":"https:\/\/plasticexpress.es\/ca\/"},{"@type":"ListItem","position":2,"name":"Shop","item":"https:\/\/plasticexpress.es\/ca\/shop\/"},{"@type":"ListItem","position":3,"name":"Policarbonat Antireflectant"}]},{"@type":"WebSite","@id":"https:\/\/plasticexpress.es\/ca\/#website","url":"https:\/\/plasticexpress.es\/ca\/","name":"Plasticexpress","description":"Venta de materiales y art\u00edculos de Metacrilato","potentialAction":[{"@type":"SearchAction","target":{"@type":"EntryPoint","urlTemplate":"https:\/\/plasticexpress.es\/ca\/?s={search_term_string}"},"query-input":{"@type":"PropertyValueSpecification","valueRequired":true,"valueName":"search_term_string"}}],"inLanguage":"ca"}]}},"_links":{"self":[{"href":"https:\/\/plasticexpress.es\/ca\/wp-json\/wp\/v2\/product\/8501","targetHints":{"allow":["GET"]}}],"collection":[{"href":"https:\/\/plasticexpress.es\/ca\/wp-json\/wp\/v2\/product"}],"about":[{"href":"https:\/\/plasticexpress.es\/ca\/wp-json\/wp\/v2\/types\/product"}],"replies":[{"embeddable":true,"href":"https:\/\/plasticexpress.es\/ca\/wp-json\/wp\/v2\/comments?post=8501"}],"version-history":[{"count":4,"href":"https:\/\/plasticexpress.es\/ca\/wp-json\/wp\/v2\/product\/8501\/revisions"}],"predecessor-version":[{"id":19318,"href":"https:\/\/plasticexpress.es\/ca\/wp-json\/wp\/v2\/product\/8501\/revisions\/19318"}],"wp:featuredmedia":[{"embeddable":true,"href":"https:\/\/plasticexpress.es\/ca\/wp-json\/wp\/v2\/media\/5167"}],"wp:attachment":[{"href":"https:\/\/plasticexpress.es\/ca\/wp-json\/wp\/v2\/media?parent=8501"}],"wp:term":[{"taxonomy":"product_brand","embeddable":true,"href":"https:\/\/plasticexpress.es\/ca\/wp-json\/wp\/v2\/product_brand?post=8501"},{"taxonomy":"product_cat","embeddable":true,"href":"https:\/\/plasticexpress.es\/ca\/wp-json\/wp\/v2\/product_cat?post=8501"},{"taxonomy":"product_tag","embeddable":true,"href":"https:\/\/plasticexpress.es\/ca\/wp-json\/wp\/v2\/product_tag?post=8501"}],"curies":[{"name":"wp","href":"https:\/\/api.w.org\/{rel}","templated":true}]}}