

{"id":8512,"date":"2020-09-09T22:21:40","date_gmt":"2021-04-03T03:19:31","guid":{"rendered":"https:\/\/plasticexpress.es\/producto\/Sense%20categoria\/policarbonat-compacte-opac\/"},"modified":"2022-04-07T12:48:20","modified_gmt":"2022-04-07T11:48:20","slug":"policarbonato-compacto-opaco","status":"publish","type":"product","link":"https:\/\/plasticexpress.es\/ca\/producto\/materials\/policarbonat-compacte\/policarbonato-compacto-opaco-ca\/policarbonato-compacto-opaco\/","title":{"rendered":"Policarbonat compacte opac"},"content":{"rendered":"<h2>Policarbonat compacte opac<\/h2>\n<p>&nbsp;<\/p>\n<p>El <b>policarbonat compacte opac<\/b> \u00e9s un material d&#8217;envidrament pr\u00e0cticament irrompible, que presenta molt bones caracter\u00edstiques de resist\u00e8ncia, a m\u00e9s de ser molt f\u00e0cil de treballar i oferir uns bons resultats finals a nivell est\u00e9tic.<\/p>\n<p>&nbsp;<\/p>\n<p>Continua llegint si vols saber-ho tot sobre aquesta mena de pl\u00e0stic tan utilitzat, tant en el sector dom\u00e8stic com en\u00a0 l\u2019industrial.<\/p>\n<h2>Descripci\u00f3 del policarbonat compacte opac<\/h2>\n<p>El <a href=\"https:\/\/plasticexpress.es\/ca\/materials-ca\/policarbonat-compacte\/\"><b>policarbonat compacte<\/b><\/a> \u00e9s un tipus de pl\u00e0stic que podr\u00e0s trobar amb diversos acabats:<\/p>\n<p>&nbsp;<\/p>\n<ul>\n<li aria-level=\"1\">Policarbonat incolor<\/li>\n<li aria-level=\"1\"><a href=\"https:\/\/plasticexpress.es\/ca\/producto\/materials-ca\/policarbonat-compacte\/policarbonato-blanco-opal-30-ca\/policarbonato-blanco-opal-30\/\">Policarbonat blanc opal<\/a><\/li>\n<li aria-level=\"1\">Policarbonat antireflex<\/li>\n<li aria-level=\"1\">Policarbonat compacte opac<\/li>\n<li aria-level=\"1\">Policarbonat negre opac<\/li>\n<\/ul>\n<p>&nbsp;<\/p>\n<p>Per\u00f2, <b>qu\u00e8 \u00e9s policarbonat compacte<\/b>?<\/p>\n<p>&nbsp;<\/p>\n<p>A continuaci\u00f3, et donarem una descripci\u00f3 sobre la gamma de policarbonat compacte opac. \u00c9s un termopl\u00e0stic que es caracteritza per <b>oferir bones caracter\u00edstiques de resist\u00e8ncia<\/b>, tant en interiors com en exteriors; pel seu acabat est\u00e8tic i per la seva lleugeresa a l&#8217;hora d&#8217;instal\u00b7lar-lo.<\/p>\n<p>&nbsp;<\/p>\n<p>Es tracta d&#8217;un material amb la mateixa transpar\u00e8ncia que el vidre, per\u00f2 molt m\u00e9s resistent i amb la meitat de pes. A m\u00e9s d&#8217;oferir resist\u00e8ncia mec\u00e0nica als cops i accidents, tamb\u00e9 pot <b>suportar temperatures de fins a 100\u00b0<\/b>, amb les quals altres pl\u00e0stics es fondrien. Les planxes de policarbonat opac s\u00f3n capa\u00e7es de mantenir la seva qualitat \u00f2ptica i mec\u00e0nica fins i tot a altes temperatures.<\/p>\n<p>&nbsp;<\/p>\n<p>A m\u00e9s de la bona resist\u00e8ncia t\u00e8rmica, tamb\u00e9 \u00e9s molt \u00fatil per a resistir en zones exposades al vandalisme o que puguin rebre cops, gr\u00e0cies a la duresa de la seva composici\u00f3. Gr\u00e0cies a la seva protecci\u00f3 als raigs UVA, el policarbonat compacte opac \u00e9<b>s bo per a estar exposat a la intemp\u00e8rie<\/b>, assegurant-se que la llum solar pot entrar a l&#8217;interior sense problemes.<\/p>\n<p>&nbsp;<\/p>\n<p>A <b>Plastic Express <\/b>treballem amb aquest material per a transformar-lo depenent de les necessitats de cada client. Es pot trepar,<b> tallar f\u00e0cilment i fins i tot corbar<\/b> fins a aconseguir la forma desitjada, emprant les t\u00e8cniques seg\u00fcents:<\/p>\n<p>&nbsp;<\/p>\n<ul>\n<li aria-level=\"1\">Mecanitzat per CNC de policarbonat<\/li>\n<li aria-level=\"1\">Polit i abrillantat de policarbonat<\/li>\n<li aria-level=\"1\">Doblegat de policarbonat<\/li>\n<li aria-level=\"1\">Encolat de policarbonat<\/li>\n<li aria-level=\"1\">Impressi\u00f3 sobre policarbonat<\/li>\n<\/ul>\n<p>&nbsp;<\/p>\n<h2>Caracter\u00edstiques del policarbonat compacte opac<\/h2>\n<p>El policarbonat compacte opac s&#8217;ha convertit en un dels pl\u00e0stics m\u00e9s utilitzats, perqu\u00e8 gr\u00e0cies a les seves caracter\u00edstiques <b>no haur\u00e0s d&#8217;invertir massa diners en el seu manteniment<\/b>, sin\u00f3 que durar\u00e0 molt temps com el primer dia.<\/p>\n<p>&nbsp;<\/p>\n<p>Aquestes s\u00f3n les caracter\u00edstiques principals que ofereix aquest material:<\/p>\n<p>&nbsp;<\/p>\n<ul>\n<li aria-level=\"1\">Alta resist\u00e8ncia a impactes<\/li>\n<li aria-level=\"1\">Bona resist\u00e8ncia t\u00e8rmica<\/li>\n<li aria-level=\"1\">Transparent<\/li>\n<li aria-level=\"1\">Disponible en diferents acoloreixis<\/li>\n<li aria-level=\"1\">Colors opales especial LED<\/li>\n<li aria-level=\"1\">Bona qualitat \u00f2ptica<\/li>\n<li aria-level=\"1\">Gruix prec\u00eds<\/li>\n<li aria-level=\"1\">Bon comportament al foc, ja que \u00e9s un material autoextinguible. Segueix la normativa (Bs1d0)<\/li>\n<li aria-level=\"1\">Termoformable<\/li>\n<li aria-level=\"1\">Qualitat per a exteriors amb protecci\u00f3 UV<\/li>\n<li aria-level=\"1\">Disponible amb superf\u00edcie gravada i policarbonat antireflex<\/li>\n<li aria-level=\"1\">Possibilitat de colors personalitzats<\/li>\n<li aria-level=\"1\">Flexible<\/li>\n<li aria-level=\"1\">Permet ser doblegat en fred<\/li>\n<\/ul>\n<p>&nbsp;<\/p>\n<h2>Aplicacions del policarbonat compacte opac<\/h2>\n<p>Gr\u00e0cies als bons resultats i a la facilitat de treball que suposa emprar aquest material, cada vegada s\u00f3n m\u00e9s els sectors que estan apostant pel policarbonat compacte opac.<\/p>\n<p>&nbsp;<\/p>\n<p>Pots trobar aplicacions en la construcci\u00f3 i decoraci\u00f3 tant d&#8217;interiors, com d&#8217;exteriors, ja siguis una persona particular o un professional del sector:<\/p>\n<p>&nbsp;<\/p>\n<ul>\n<li aria-level=\"1\">Mampares<\/li>\n<li aria-level=\"1\">P\u00e8rgoles<\/li>\n<li aria-level=\"1\">Cobertes transl\u00facides<\/li>\n<li aria-level=\"1\">Hivernacles<\/li>\n<li aria-level=\"1\">Tancaments en piscines<\/li>\n<li aria-level=\"1\">Mobiliari urb\u00e0<\/li>\n<li aria-level=\"1\">Fa\u00e7anes<\/li>\n<li aria-level=\"1\">Separacions interiors<\/li>\n<li aria-level=\"1\">Claraboies i claraboies<\/li>\n<li aria-level=\"1\">Revestiment de parets<\/li>\n<li aria-level=\"1\">Portes<\/li>\n<\/ul>\n<p>&nbsp;<\/p>\n<p>El <b>sector de la seguretat<\/b> tamb\u00e9 \u00e9s una \u00e0rea que s&#8217;est\u00e0 beneficiant d&#8217;aquesta mena de pl\u00e0stic, sobretot per la seva alta resist\u00e8ncia:<\/p>\n<p>&nbsp;<\/p>\n<ul>\n<li aria-level=\"1\">Envidrament antivand\u00e0lic<\/li>\n<li aria-level=\"1\">Viseres de protecci\u00f3 (EPI\u2019s)<\/li>\n<li aria-level=\"1\">Ulleres de seguretat<\/li>\n<li aria-level=\"1\">Finestres en vehicles de policia<\/li>\n<li aria-level=\"1\">Interiors d&#8217;ambul\u00e0ncies<\/li>\n<li aria-level=\"1\">Envidrament antibales<\/li>\n<li aria-level=\"1\">Viseres i para-sols<\/li>\n<li aria-level=\"1\">Safates de transport<\/li>\n<\/ul>\n<p>&nbsp;<\/p>\n<p>La i<b>nd\u00fastria<\/b> \u00e9s un \u00e0mbit en el qual \u00e9s molt important el material de construcci\u00f3 que tri\u00efs, ja que <b>d&#8217;aix\u00f2 dependr\u00e0 la posterior inversi\u00f3 de manteniment<\/b> que haur\u00e0s de fer. Aquestes s\u00f3n algunes de les aplicacions del policarbonat compacte opac m\u00e9s utilitzades en el sector industrial:<\/p>\n<p>&nbsp;<\/p>\n<ul>\n<li aria-level=\"1\">Pantalles de protecci\u00f3<\/li>\n<li aria-level=\"1\">Carenats de m\u00e0quines<\/li>\n<li aria-level=\"1\">Envidrament<\/li>\n<li aria-level=\"1\">Barreres separadores<\/li>\n<li aria-level=\"1\">Quadres el\u00e8ctrics<\/li>\n<li aria-level=\"1\">Embellidors en interruptors<\/li>\n<li aria-level=\"1\">Carcasses i caixes<\/li>\n<li aria-level=\"1\">Retolaci\u00f3<\/li>\n<li aria-level=\"1\">Barreres ac\u00fastiques<\/li>\n<li aria-level=\"1\">Il\u00b7luminaci\u00f3<\/li>\n<li aria-level=\"1\">Mobiliari urb\u00e0<\/li>\n<\/ul>\n<p>&nbsp;<\/p>\n<h2>Com comprar policarbonat compacte opac<\/h2>\n<p>A Plastic Express podr\u00e0s trobar una \u00e0mplia gamma de productes de policarbonat compacte opac, com les planxes en mides est\u00e0ndard. A m\u00e9s, si el teu projecte \u00e9s una mica m\u00e9s ambici\u00f3s i necessites pl\u00e0stic a mesura, el nostre equip t&#8217;assessorar\u00e0 i trobar\u00e0 la millor soluci\u00f3 per a tu.<\/p>\n<p>&nbsp;<\/p>\n<p>Per a poder oferir-te un pressupost detallat, pots enviar-nos un correu electr\u00f2nic a l&#8217;adre\u00e7a d&#8217;<a href=\"mailto:info@plasticexpress.es\">info@plasticexpress.es<\/a> amb la seg\u00fcent informaci\u00f3:<\/p>\n<p>&nbsp;<\/p>\n<ul>\n<li aria-level=\"1\">En l<b>&#8216;assumpte<\/b> del correu pots indicar-nos el material que necessites, en aquest cas policarbonat compacte opac.<\/li>\n<li aria-level=\"1\">En el<b> cos<\/b> de l&#8217;email ens haur\u00e0s d&#8217;explicar qu\u00e8 \u00e9s exactament el que necessites o quin projecte tens al cap, perqu\u00e8 puguem ajudar-te.<\/li>\n<\/ul>\n<p>&nbsp;<\/p>\n<p>Quan el nostre equip rebi el correu electr\u00f2nic es posar\u00e0 a treballar personalment en el teu cas concret. Recorda que si ets un professional de la ind\u00fastria pots obtenir descomptes especials accedint al formulari de <a href=\"https:\/\/plasticexpress.es\/ca\/procesos\/presupusto-per-a-professionals\/\"><b>pressupostos per a professionals<\/b><\/a>.<\/p>\n<p>&nbsp;<\/p>\n<p>Ara ja coneixes el policarbonat compacte opac, les seves caracter\u00edstiques i les aplicacions que pot tenir. Si creus que \u00e9s el material que necessites per al projecte que tens al cap, <b>no dubtis a posar-te en contacte amb nosaltres<\/b> per a rebre atenci\u00f3 personalitzada.<\/p>\n","protected":false},"excerpt":{"rendered":"<p>Policarbonat compacte opac &nbsp; El policarbonat compacte opac \u00e9s un material d&#8217;envidrament pr\u00e0cticament irrompible, que presenta molt bones caracter\u00edstiques de resist\u00e8ncia, a m\u00e9s de ser molt f\u00e0cil de treballar i oferir uns bons resultats finals a nivell est\u00e9tic. &nbsp; Continua llegint si vols saber-ho tot sobre aquesta mena de pl\u00e0stic tan utilitzat, tant en el [&hellip;]<\/p>\n","protected":false},"featured_media":5159,"comment_status":"open","ping_status":"closed","template":"","meta":{"_acf_changed":false},"product_brand":[],"product_cat":[717,722],"product_tag":[],"class_list":{"0":"post-8512","1":"product","2":"type-product","3":"status-publish","4":"has-post-thumbnail","6":"product_cat-policarbonat-compacte","7":"product_cat-policarbonato-compacto-opaco-ca","9":"first","10":"instock","11":"shipping-taxable","12":"purchasable","13":"product-type-variable","14":"has-default-attributes"},"acf":{"photo_gallery":{"opciones_de_agujeros":[[]]}},"yoast_head":"<!-- This site is optimized with the Yoast SEO plugin v27.2 - https:\/\/yoast.com\/product\/yoast-seo-wordpress\/ -->\n<title>Policarbonat Compacte Opac | PlasticExpress<\/title>\n<meta name=\"description\" content=\"Compra policarbonat compacte opac a un preu imbatible a Plastic Express, fabricants de materials pl\u00e0stics de refer\u00e8ncia.\" \/>\n<meta name=\"robots\" content=\"index, follow, max-snippet:-1, max-image-preview:large, max-video-preview:-1\" \/>\n<link rel=\"canonical\" href=\"https:\/\/plasticexpress.es\/ca\/producto\/materials\/policarbonat-compacte\/policarbonato-compacto-opaco-ca\/policarbonato-compacto-opaco\/\" \/>\n<meta property=\"og:locale\" content=\"ca_ES\" \/>\n<meta property=\"og:type\" content=\"article\" \/>\n<meta property=\"og:title\" content=\"Policarbonat Compacte Opac | PlasticExpress\" \/>\n<meta property=\"og:description\" content=\"Compra policarbonat compacte opac a un preu imbatible a Plastic Express, fabricants de materials pl\u00e0stics de refer\u00e8ncia.\" \/>\n<meta property=\"og:url\" content=\"https:\/\/plasticexpress.es\/ca\/producto\/materials\/policarbonat-compacte\/policarbonato-compacto-opaco-ca\/policarbonato-compacto-opaco\/\" \/>\n<meta property=\"og:site_name\" content=\"Plasticexpress\" \/>\n<meta property=\"article:modified_time\" content=\"2022-04-07T11:48:20+00:00\" \/>\n<meta property=\"og:image\" content=\"https:\/\/plasticexpress.es\/wp-content\/uploads\/2020\/09\/policarbonato-compacto-opaco-01.jpg\" \/>\n\t<meta property=\"og:image:width\" content=\"1000\" \/>\n\t<meta property=\"og:image:height\" content=\"667\" \/>\n\t<meta property=\"og:image:type\" content=\"image\/jpeg\" \/>\n<meta name=\"twitter:card\" content=\"summary_large_image\" \/>\n<meta name=\"twitter:label1\" content=\"Temps estimat de lectura\" \/>\n\t<meta name=\"twitter:data1\" content=\"5 minuts\" \/>\n<script type=\"application\/ld+json\" class=\"yoast-schema-graph\">{\"@context\":\"https:\/\/schema.org\",\"@graph\":[{\"@type\":\"WebPage\",\"@id\":\"https:\/\/plasticexpress.es\/ca\/producto\/materials\/policarbonat-compacte\/policarbonato-compacto-opaco-ca\/policarbonato-compacto-opaco\/\",\"url\":\"https:\/\/plasticexpress.es\/ca\/producto\/materials\/policarbonat-compacte\/policarbonato-compacto-opaco-ca\/policarbonato-compacto-opaco\/\",\"name\":\"Policarbonat Compacte Opac | PlasticExpress\",\"isPartOf\":{\"@id\":\"https:\/\/plasticexpress.es\/ca\/#website\"},\"primaryImageOfPage\":{\"@id\":\"https:\/\/plasticexpress.es\/ca\/producto\/materials\/policarbonat-compacte\/policarbonato-compacto-opaco-ca\/policarbonato-compacto-opaco\/#primaryimage\"},\"image\":{\"@id\":\"https:\/\/plasticexpress.es\/ca\/producto\/materials\/policarbonat-compacte\/policarbonato-compacto-opaco-ca\/policarbonato-compacto-opaco\/#primaryimage\"},\"thumbnailUrl\":\"https:\/\/plasticexpress.es\/wp-content\/uploads\/2020\/09\/policarbonato-compacto-opaco-01.jpg\",\"datePublished\":\"2021-04-03T03:19:31+00:00\",\"dateModified\":\"2022-04-07T11:48:20+00:00\",\"description\":\"Compra policarbonat compacte opac a un preu imbatible a Plastic Express, fabricants de materials pl\u00e0stics de refer\u00e8ncia.\",\"breadcrumb\":{\"@id\":\"https:\/\/plasticexpress.es\/ca\/producto\/materials\/policarbonat-compacte\/policarbonato-compacto-opaco-ca\/policarbonato-compacto-opaco\/#breadcrumb\"},\"inLanguage\":\"ca\",\"potentialAction\":[{\"@type\":\"ReadAction\",\"target\":[\"https:\/\/plasticexpress.es\/ca\/producto\/materials\/policarbonat-compacte\/policarbonato-compacto-opaco-ca\/policarbonato-compacto-opaco\/\"]}]},{\"@type\":\"ImageObject\",\"inLanguage\":\"ca\",\"@id\":\"https:\/\/plasticexpress.es\/ca\/producto\/materials\/policarbonat-compacte\/policarbonato-compacto-opaco-ca\/policarbonato-compacto-opaco\/#primaryimage\",\"url\":\"https:\/\/plasticexpress.es\/wp-content\/uploads\/2020\/09\/policarbonato-compacto-opaco-01.jpg\",\"contentUrl\":\"https:\/\/plasticexpress.es\/wp-content\/uploads\/2020\/09\/policarbonato-compacto-opaco-01.jpg\",\"width\":1000,\"height\":667,\"caption\":\"Policarbonat compacte opac\"},{\"@type\":\"BreadcrumbList\",\"@id\":\"https:\/\/plasticexpress.es\/ca\/producto\/materials\/policarbonat-compacte\/policarbonato-compacto-opaco-ca\/policarbonato-compacto-opaco\/#breadcrumb\",\"itemListElement\":[{\"@type\":\"ListItem\",\"position\":1,\"name\":\"Portada\",\"item\":\"https:\/\/plasticexpress.es\/ca\/\"},{\"@type\":\"ListItem\",\"position\":2,\"name\":\"Shop\",\"item\":\"https:\/\/plasticexpress.es\/ca\/shop\/\"},{\"@type\":\"ListItem\",\"position\":3,\"name\":\"Policarbonat compacte opac\"}]},{\"@type\":\"WebSite\",\"@id\":\"https:\/\/plasticexpress.es\/ca\/#website\",\"url\":\"https:\/\/plasticexpress.es\/ca\/\",\"name\":\"Plasticexpress\",\"description\":\"Venta de materiales y art\u00edculos de Metacrilato\",\"potentialAction\":[{\"@type\":\"SearchAction\",\"target\":{\"@type\":\"EntryPoint\",\"urlTemplate\":\"https:\/\/plasticexpress.es\/ca\/?s={search_term_string}\"},\"query-input\":{\"@type\":\"PropertyValueSpecification\",\"valueRequired\":true,\"valueName\":\"search_term_string\"}}],\"inLanguage\":\"ca\"}]}<\/script>\n<!-- \/ Yoast SEO plugin. -->","yoast_head_json":{"title":"Policarbonat Compacte Opac | PlasticExpress","description":"Compra policarbonat compacte opac a un preu imbatible a Plastic Express, fabricants de materials pl\u00e0stics de refer\u00e8ncia.","robots":{"index":"index","follow":"follow","max-snippet":"max-snippet:-1","max-image-preview":"max-image-preview:large","max-video-preview":"max-video-preview:-1"},"canonical":"https:\/\/plasticexpress.es\/ca\/producto\/materials\/policarbonat-compacte\/policarbonato-compacto-opaco-ca\/policarbonato-compacto-opaco\/","og_locale":"ca_ES","og_type":"article","og_title":"Policarbonat Compacte Opac | PlasticExpress","og_description":"Compra policarbonat compacte opac a un preu imbatible a Plastic Express, fabricants de materials pl\u00e0stics de refer\u00e8ncia.","og_url":"https:\/\/plasticexpress.es\/ca\/producto\/materials\/policarbonat-compacte\/policarbonato-compacto-opaco-ca\/policarbonato-compacto-opaco\/","og_site_name":"Plasticexpress","article_modified_time":"2022-04-07T11:48:20+00:00","og_image":[{"width":1000,"height":667,"url":"https:\/\/plasticexpress.es\/wp-content\/uploads\/2020\/09\/policarbonato-compacto-opaco-01.jpg","type":"image\/jpeg"}],"twitter_card":"summary_large_image","twitter_misc":{"Temps estimat de lectura":"5 minuts"},"schema":{"@context":"https:\/\/schema.org","@graph":[{"@type":"WebPage","@id":"https:\/\/plasticexpress.es\/ca\/producto\/materials\/policarbonat-compacte\/policarbonato-compacto-opaco-ca\/policarbonato-compacto-opaco\/","url":"https:\/\/plasticexpress.es\/ca\/producto\/materials\/policarbonat-compacte\/policarbonato-compacto-opaco-ca\/policarbonato-compacto-opaco\/","name":"Policarbonat Compacte Opac | PlasticExpress","isPartOf":{"@id":"https:\/\/plasticexpress.es\/ca\/#website"},"primaryImageOfPage":{"@id":"https:\/\/plasticexpress.es\/ca\/producto\/materials\/policarbonat-compacte\/policarbonato-compacto-opaco-ca\/policarbonato-compacto-opaco\/#primaryimage"},"image":{"@id":"https:\/\/plasticexpress.es\/ca\/producto\/materials\/policarbonat-compacte\/policarbonato-compacto-opaco-ca\/policarbonato-compacto-opaco\/#primaryimage"},"thumbnailUrl":"https:\/\/plasticexpress.es\/wp-content\/uploads\/2020\/09\/policarbonato-compacto-opaco-01.jpg","datePublished":"2021-04-03T03:19:31+00:00","dateModified":"2022-04-07T11:48:20+00:00","description":"Compra policarbonat compacte opac a un preu imbatible a Plastic Express, fabricants de materials pl\u00e0stics de refer\u00e8ncia.","breadcrumb":{"@id":"https:\/\/plasticexpress.es\/ca\/producto\/materials\/policarbonat-compacte\/policarbonato-compacto-opaco-ca\/policarbonato-compacto-opaco\/#breadcrumb"},"inLanguage":"ca","potentialAction":[{"@type":"ReadAction","target":["https:\/\/plasticexpress.es\/ca\/producto\/materials\/policarbonat-compacte\/policarbonato-compacto-opaco-ca\/policarbonato-compacto-opaco\/"]}]},{"@type":"ImageObject","inLanguage":"ca","@id":"https:\/\/plasticexpress.es\/ca\/producto\/materials\/policarbonat-compacte\/policarbonato-compacto-opaco-ca\/policarbonato-compacto-opaco\/#primaryimage","url":"https:\/\/plasticexpress.es\/wp-content\/uploads\/2020\/09\/policarbonato-compacto-opaco-01.jpg","contentUrl":"https:\/\/plasticexpress.es\/wp-content\/uploads\/2020\/09\/policarbonato-compacto-opaco-01.jpg","width":1000,"height":667,"caption":"Policarbonat compacte opac"},{"@type":"BreadcrumbList","@id":"https:\/\/plasticexpress.es\/ca\/producto\/materials\/policarbonat-compacte\/policarbonato-compacto-opaco-ca\/policarbonato-compacto-opaco\/#breadcrumb","itemListElement":[{"@type":"ListItem","position":1,"name":"Portada","item":"https:\/\/plasticexpress.es\/ca\/"},{"@type":"ListItem","position":2,"name":"Shop","item":"https:\/\/plasticexpress.es\/ca\/shop\/"},{"@type":"ListItem","position":3,"name":"Policarbonat compacte opac"}]},{"@type":"WebSite","@id":"https:\/\/plasticexpress.es\/ca\/#website","url":"https:\/\/plasticexpress.es\/ca\/","name":"Plasticexpress","description":"Venta de materiales y art\u00edculos de Metacrilato","potentialAction":[{"@type":"SearchAction","target":{"@type":"EntryPoint","urlTemplate":"https:\/\/plasticexpress.es\/ca\/?s={search_term_string}"},"query-input":{"@type":"PropertyValueSpecification","valueRequired":true,"valueName":"search_term_string"}}],"inLanguage":"ca"}]}},"_links":{"self":[{"href":"https:\/\/plasticexpress.es\/ca\/wp-json\/wp\/v2\/product\/8512","targetHints":{"allow":["GET"]}}],"collection":[{"href":"https:\/\/plasticexpress.es\/ca\/wp-json\/wp\/v2\/product"}],"about":[{"href":"https:\/\/plasticexpress.es\/ca\/wp-json\/wp\/v2\/types\/product"}],"replies":[{"embeddable":true,"href":"https:\/\/plasticexpress.es\/ca\/wp-json\/wp\/v2\/comments?post=8512"}],"version-history":[{"count":3,"href":"https:\/\/plasticexpress.es\/ca\/wp-json\/wp\/v2\/product\/8512\/revisions"}],"predecessor-version":[{"id":15611,"href":"https:\/\/plasticexpress.es\/ca\/wp-json\/wp\/v2\/product\/8512\/revisions\/15611"}],"wp:featuredmedia":[{"embeddable":true,"href":"https:\/\/plasticexpress.es\/ca\/wp-json\/wp\/v2\/media\/5159"}],"wp:attachment":[{"href":"https:\/\/plasticexpress.es\/ca\/wp-json\/wp\/v2\/media?parent=8512"}],"wp:term":[{"taxonomy":"product_brand","embeddable":true,"href":"https:\/\/plasticexpress.es\/ca\/wp-json\/wp\/v2\/product_brand?post=8512"},{"taxonomy":"product_cat","embeddable":true,"href":"https:\/\/plasticexpress.es\/ca\/wp-json\/wp\/v2\/product_cat?post=8512"},{"taxonomy":"product_tag","embeddable":true,"href":"https:\/\/plasticexpress.es\/ca\/wp-json\/wp\/v2\/product_tag?post=8512"}],"curies":[{"name":"wp","href":"https:\/\/api.w.org\/{rel}","templated":true}]}}