

{"id":8647,"date":"2020-09-09T22:19:17","date_gmt":"2021-04-03T23:08:33","guid":{"rendered":"https:\/\/plasticexpress.es\/producto\/Sense%20categoria\/pvc-rigid-blanc-i-gris\/"},"modified":"2021-10-19T19:13:15","modified_gmt":"2021-10-19T18:13:15","slug":"pvc-rigido-blanco-y-gris","status":"publish","type":"product","link":"https:\/\/plasticexpress.es\/ca\/producto\/materials\/pvc-ca\/pvc-rigid\/pvc-rigido-blanco-y-gris-materiales-ca\/pvc-rigido-blanco-y-gris\/","title":{"rendered":"PVC R\u00edgid blanc i gris"},"content":{"rendered":"<p><span style=\"font-weight: 400;\">El<\/span> <b>PVC R\u00edgid blanc i gris<\/b> <span style=\"font-weight: 400;\">\u00e9s un termopl\u00e0stic que es caracteritza per la seva elevada rigidesa, la seva resist\u00e8ncia als agents qu\u00edmics i el seu bon comportament davant el foc (autoextingible). En Plastic Express fabriquem <strong>articles de <b>PVC r\u00edgid blanc i gris<\/b><\/strong> a mida aplicant a l&#8217;material els processos de<\/span><\/p>\n<ul>\n<li><a href=\"https:\/\/plasticexpress.es\/ca\/procesos\/mecanitzat-per-cnc\/\">Mecanitzat per CNC<\/a> <a href=\"https:\/\/plasticexpress.es\/ca\/procesos\/tall-i-gravat-a-laser\/\">de PVC r\u00edgid<\/a><\/li>\n<li><a href=\"https:\/\/plasticexpress.es\/ca\/procesos\/doblegat-de-materials-plastics\/\">Doblegat de<\/a> <a href=\"https:\/\/plasticexpress.es\/ca\/procesos\/tall-i-gravat-a-laser\/\">PVC<\/a><a href=\"https:\/\/plasticexpress.es\/ca\/procesos\/tall-i-gravat-a-laser\/\">r\u00edgid<\/a><\/li>\n<li><a href=\"https:\/\/plasticexpress.es\/ca\/procesos\/encolat-de-metacrilat\/\">Encolado de <\/a><a href=\"https:\/\/plasticexpress.es\/ca\/procesos\/tall-i-gravat-a-laser\/\">PVC <\/a><a href=\"https:\/\/plasticexpress.es\/ca\/procesos\/tall-i-gravat-a-laser\/\">r\u00edgido<\/a><\/li>\n<li><a href=\"https:\/\/plasticexpress.es\/ca\/procesos\/embossat-amb-embotit-de-materials-plastics\/\">Termoformat i embotit de PVC r\u00edgid<\/a><\/li>\n<li><a href=\"https:\/\/plasticexpress.es\/ca\/procesos\/impressio-digital-sobre-materials-plastics\/\">Impressi\u00f3 sobre<\/a> <a href=\"https:\/\/plasticexpress.es\/ca\/procesos\/tall-i-gravat-a-laser\/\">PVC<\/a><a href=\"https:\/\/plasticexpress.es\/ca\/procesos\/tall-i-gravat-a-laser\/\">r\u00edgid<\/a><\/li>\n<\/ul>\n<p><span style=\"font-weight: 400;\">El <b>PVC r\u00edgid<\/b><\/span><span style=\"font-weight: 400;\">compta amb les seg\u00fcents caracter\u00edstiques:<\/span><\/p>\n<ul>\n<li>Lliure d&#8217;hal\u00f2gens.<\/li>\n<li>Excel\u00b7lents per termoformat a el buit.<\/li>\n<li>Bones propietats mec\u00e0niques.<\/li>\n<li>Resist\u00e8ncia qu\u00edmica.<\/li>\n<\/ul>\n<p><span style=\"font-weight: 400;\">Com a resultat el <b>PVC r\u00edgid<\/b><\/span> <span style=\"font-weight: 400;\">compta amb m\u00faltiples \u00e0rees d&#8217;aplicaci\u00f3<\/span><\/p>\n<p><b>Construcci\u00f3 i interiorisme<\/b><\/p>\n<ul>\n<li>Edificaci\u00f3 i construcci\u00f3.<\/li>\n<li>Revestiments.<\/li>\n<li>Cobertes.<\/li>\n<\/ul>\n<p><b>comunicaci\u00f3 visual<\/b><\/p>\n<ul>\n<li>Senyalitzaci\u00f3.<\/li>\n<\/ul>\n<p><b>Seguretat i transport<\/b><\/p>\n<ul>\n<li>Sector automoci\u00f3.<\/li>\n<\/ul>\n<p><strong>Ind\u00fastria i maquin\u00e0ria <\/strong><\/p>\n<ul>\n<li>Components el\u00e8ctrics i electr\u00f2nics.<\/li>\n<li>Calaixos porta cables.<\/li>\n<li>Mobiliari industrial.<\/li>\n<li>Plantes qu\u00edmiques.<\/li>\n<li>Tractament d&#8217;aig\u00fces.<\/li>\n<li>Maquin\u00e0ria.<\/li>\n<\/ul>\n<h2><b>COM SOL\u00b7LICITO PVC r\u00edgid BLANC I GRIS A MIDA?<\/b><\/h2>\n<p><span style=\"font-weight: 400;\">Finalment en Plastic Express et brindem assessoria en els teus projectes, a m\u00e9s comptem amb un equip professional i multidisciplinari per ajudar-te a seleccionar el material i la manipulaci\u00f3 necess\u00e0ria per executar les teves idees.<\/span><\/p>\n<p><span style=\"font-weight: 400;\">Per poder oferir-te un pressupost d&#8217;aquest material o un altre material dels que comercialitzem, envia&#8217;ns un correu a l&#8217;email<\/span> <b>info@plasticexpress.es<\/b> <span style=\"font-weight: 400;\">amb la seg\u00fcent informaci\u00f3<\/span><\/p>\n<p><span style=\"font-weight: 400;\">En cas de no trobar les mesures que necessites, sol\u00b7licita un <a href=\"https:\/\/plasticexpress.es\/ca\/procesos\/pressupostos-a-mida\/\"><strong>pressupost a mida<\/strong><\/a> o escriu-nos a <b>info@plasticexpress.es<\/b> , en l&#8217;assumpte indica el material com, per exemple,<b>PVC Escumat R\u00edgid<\/b> <strong>a mida<\/strong><\/span><\/p>\n<p><span style=\"font-weight: 400;\">Recorda que si ets un professional de la ind\u00fastria pots obtenir descomptes especials accedint a el formulari de<\/span> <a href=\"https:\/\/plasticexpress.es\/ca\/procesos\/presupusto-per-a-professionals\/\"><b>pressupostos per a professionals<\/b><\/a>.<\/p>\n","protected":false},"excerpt":{"rendered":"<p>El PVC R\u00edgid blanc i gris \u00e9s un termopl\u00e0stic que es caracteritza per la seva elevada rigidesa, la seva resist\u00e8ncia als agents qu\u00edmics i el seu bon comportament davant el foc (autoextingible). En Plastic Express fabriquem articles de PVC r\u00edgid blanc i gris a mida aplicant a l&#8217;material els processos de Mecanitzat per CNC de [&hellip;]<\/p>\n","protected":false},"featured_media":5187,"comment_status":"open","ping_status":"closed","template":"","meta":{"_acf_changed":false},"product_brand":[],"product_cat":[693,700,702],"product_tag":[1056,1055,1058,1062,1063,1060],"class_list":{"0":"post-8647","1":"product","2":"type-product","3":"status-publish","4":"has-post-thumbnail","6":"product_cat-pvc-ca","7":"product_cat-pvc-rigid","8":"product_cat-pvc-rigido-blanco-y-gris-materiales-ca","9":"product_tag-plancha-pvc-rigido-ca","10":"product_tag-pvc-rigido-ca","11":"product_tag-pvc-rigido-a-medida-ca-2","12":"product_tag-pvc-rigido-de-colores-ca","13":"product_tag-pvc-rigido-en-planchas-ca-2","14":"product_tag-pvc-rigido-transparente-ca-2","16":"first","17":"instock","18":"shipping-taxable","19":"purchasable","20":"product-type-variable","21":"has-default-attributes"},"acf":{"photo_gallery":{"opciones_de_agujeros":[[]]}},"yoast_head":"<!-- This site is optimized with the Yoast SEO plugin v27.2 - https:\/\/yoast.com\/product\/yoast-seo-wordpress\/ -->\n<title>PVC R\u00edgid Blanc i Gris | PlasticExpress<\/title>\n<meta name=\"description\" content=\"A Plastic Express fabriquem articles de PVC r\u00edgid blanc i gris a mida aplicant als material processos de mecanitzat, doblegat i encolat.\" \/>\n<meta name=\"robots\" content=\"index, follow, max-snippet:-1, max-image-preview:large, max-video-preview:-1\" \/>\n<link rel=\"canonical\" href=\"https:\/\/plasticexpress.es\/ca\/producto\/materials\/pvc-ca\/pvc-rigid\/pvc-rigido-blanco-y-gris-materiales-ca\/pvc-rigido-blanco-y-gris\/\" \/>\n<meta property=\"og:locale\" content=\"ca_ES\" \/>\n<meta property=\"og:type\" content=\"article\" \/>\n<meta property=\"og:title\" content=\"PVC R\u00edgid Blanc i Gris | PlasticExpress\" \/>\n<meta property=\"og:description\" content=\"A Plastic Express fabriquem articles de PVC r\u00edgid blanc i gris a mida aplicant als material processos de mecanitzat, doblegat i encolat.\" \/>\n<meta property=\"og:url\" content=\"https:\/\/plasticexpress.es\/ca\/producto\/materials\/pvc-ca\/pvc-rigid\/pvc-rigido-blanco-y-gris-materiales-ca\/pvc-rigido-blanco-y-gris\/\" \/>\n<meta property=\"og:site_name\" content=\"Plasticexpress\" \/>\n<meta property=\"article:modified_time\" content=\"2021-10-19T18:13:15+00:00\" \/>\n<meta property=\"og:image\" content=\"https:\/\/plasticexpress.es\/wp-content\/uploads\/2020\/09\/pvc-rigido-blanco-y-gris-01.jpg\" \/>\n\t<meta property=\"og:image:width\" content=\"1000\" \/>\n\t<meta property=\"og:image:height\" content=\"667\" \/>\n\t<meta property=\"og:image:type\" content=\"image\/jpeg\" \/>\n<meta name=\"twitter:card\" content=\"summary_large_image\" \/>\n<meta name=\"twitter:label1\" content=\"Temps estimat de lectura\" \/>\n\t<meta name=\"twitter:data1\" content=\"1 minut\" \/>\n<script type=\"application\/ld+json\" class=\"yoast-schema-graph\">{\"@context\":\"https:\/\/schema.org\",\"@graph\":[{\"@type\":\"WebPage\",\"@id\":\"https:\/\/plasticexpress.es\/ca\/producto\/materials\/pvc-ca\/pvc-rigid\/pvc-rigido-blanco-y-gris-materiales-ca\/pvc-rigido-blanco-y-gris\/\",\"url\":\"https:\/\/plasticexpress.es\/ca\/producto\/materials\/pvc-ca\/pvc-rigid\/pvc-rigido-blanco-y-gris-materiales-ca\/pvc-rigido-blanco-y-gris\/\",\"name\":\"PVC R\u00edgid Blanc i Gris | PlasticExpress\",\"isPartOf\":{\"@id\":\"https:\/\/plasticexpress.es\/ca\/#website\"},\"primaryImageOfPage\":{\"@id\":\"https:\/\/plasticexpress.es\/ca\/producto\/materials\/pvc-ca\/pvc-rigid\/pvc-rigido-blanco-y-gris-materiales-ca\/pvc-rigido-blanco-y-gris\/#primaryimage\"},\"image\":{\"@id\":\"https:\/\/plasticexpress.es\/ca\/producto\/materials\/pvc-ca\/pvc-rigid\/pvc-rigido-blanco-y-gris-materiales-ca\/pvc-rigido-blanco-y-gris\/#primaryimage\"},\"thumbnailUrl\":\"https:\/\/plasticexpress.es\/wp-content\/uploads\/2020\/09\/pvc-rigido-blanco-y-gris-01.jpg\",\"datePublished\":\"2021-04-03T23:08:33+00:00\",\"dateModified\":\"2021-10-19T18:13:15+00:00\",\"description\":\"A Plastic Express fabriquem articles de PVC r\u00edgid blanc i gris a mida aplicant als material processos de mecanitzat, doblegat i encolat.\",\"breadcrumb\":{\"@id\":\"https:\/\/plasticexpress.es\/ca\/producto\/materials\/pvc-ca\/pvc-rigid\/pvc-rigido-blanco-y-gris-materiales-ca\/pvc-rigido-blanco-y-gris\/#breadcrumb\"},\"inLanguage\":\"ca\",\"potentialAction\":[{\"@type\":\"ReadAction\",\"target\":[\"https:\/\/plasticexpress.es\/ca\/producto\/materials\/pvc-ca\/pvc-rigid\/pvc-rigido-blanco-y-gris-materiales-ca\/pvc-rigido-blanco-y-gris\/\"]}]},{\"@type\":\"ImageObject\",\"inLanguage\":\"ca\",\"@id\":\"https:\/\/plasticexpress.es\/ca\/producto\/materials\/pvc-ca\/pvc-rigid\/pvc-rigido-blanco-y-gris-materiales-ca\/pvc-rigido-blanco-y-gris\/#primaryimage\",\"url\":\"https:\/\/plasticexpress.es\/wp-content\/uploads\/2020\/09\/pvc-rigido-blanco-y-gris-01.jpg\",\"contentUrl\":\"https:\/\/plasticexpress.es\/wp-content\/uploads\/2020\/09\/pvc-rigido-blanco-y-gris-01.jpg\",\"width\":1000,\"height\":667,\"caption\":\"PVC R\u00edgid blanc i gris\"},{\"@type\":\"BreadcrumbList\",\"@id\":\"https:\/\/plasticexpress.es\/ca\/producto\/materials\/pvc-ca\/pvc-rigid\/pvc-rigido-blanco-y-gris-materiales-ca\/pvc-rigido-blanco-y-gris\/#breadcrumb\",\"itemListElement\":[{\"@type\":\"ListItem\",\"position\":1,\"name\":\"Portada\",\"item\":\"https:\/\/plasticexpress.es\/ca\/\"},{\"@type\":\"ListItem\",\"position\":2,\"name\":\"Shop\",\"item\":\"https:\/\/plasticexpress.es\/ca\/shop\/\"},{\"@type\":\"ListItem\",\"position\":3,\"name\":\"PVC R\u00edgid blanc i gris\"}]},{\"@type\":\"WebSite\",\"@id\":\"https:\/\/plasticexpress.es\/ca\/#website\",\"url\":\"https:\/\/plasticexpress.es\/ca\/\",\"name\":\"Plasticexpress\",\"description\":\"Venta de materiales y art\u00edculos de Metacrilato\",\"potentialAction\":[{\"@type\":\"SearchAction\",\"target\":{\"@type\":\"EntryPoint\",\"urlTemplate\":\"https:\/\/plasticexpress.es\/ca\/?s={search_term_string}\"},\"query-input\":{\"@type\":\"PropertyValueSpecification\",\"valueRequired\":true,\"valueName\":\"search_term_string\"}}],\"inLanguage\":\"ca\"}]}<\/script>\n<!-- \/ Yoast SEO plugin. -->","yoast_head_json":{"title":"PVC R\u00edgid Blanc i Gris | PlasticExpress","description":"A Plastic Express fabriquem articles de PVC r\u00edgid blanc i gris a mida aplicant als material processos de mecanitzat, doblegat i encolat.","robots":{"index":"index","follow":"follow","max-snippet":"max-snippet:-1","max-image-preview":"max-image-preview:large","max-video-preview":"max-video-preview:-1"},"canonical":"https:\/\/plasticexpress.es\/ca\/producto\/materials\/pvc-ca\/pvc-rigid\/pvc-rigido-blanco-y-gris-materiales-ca\/pvc-rigido-blanco-y-gris\/","og_locale":"ca_ES","og_type":"article","og_title":"PVC R\u00edgid Blanc i Gris | PlasticExpress","og_description":"A Plastic Express fabriquem articles de PVC r\u00edgid blanc i gris a mida aplicant als material processos de mecanitzat, doblegat i encolat.","og_url":"https:\/\/plasticexpress.es\/ca\/producto\/materials\/pvc-ca\/pvc-rigid\/pvc-rigido-blanco-y-gris-materiales-ca\/pvc-rigido-blanco-y-gris\/","og_site_name":"Plasticexpress","article_modified_time":"2021-10-19T18:13:15+00:00","og_image":[{"width":1000,"height":667,"url":"https:\/\/plasticexpress.es\/wp-content\/uploads\/2020\/09\/pvc-rigido-blanco-y-gris-01.jpg","type":"image\/jpeg"}],"twitter_card":"summary_large_image","twitter_misc":{"Temps estimat de lectura":"1 minut"},"schema":{"@context":"https:\/\/schema.org","@graph":[{"@type":"WebPage","@id":"https:\/\/plasticexpress.es\/ca\/producto\/materials\/pvc-ca\/pvc-rigid\/pvc-rigido-blanco-y-gris-materiales-ca\/pvc-rigido-blanco-y-gris\/","url":"https:\/\/plasticexpress.es\/ca\/producto\/materials\/pvc-ca\/pvc-rigid\/pvc-rigido-blanco-y-gris-materiales-ca\/pvc-rigido-blanco-y-gris\/","name":"PVC R\u00edgid Blanc i Gris | PlasticExpress","isPartOf":{"@id":"https:\/\/plasticexpress.es\/ca\/#website"},"primaryImageOfPage":{"@id":"https:\/\/plasticexpress.es\/ca\/producto\/materials\/pvc-ca\/pvc-rigid\/pvc-rigido-blanco-y-gris-materiales-ca\/pvc-rigido-blanco-y-gris\/#primaryimage"},"image":{"@id":"https:\/\/plasticexpress.es\/ca\/producto\/materials\/pvc-ca\/pvc-rigid\/pvc-rigido-blanco-y-gris-materiales-ca\/pvc-rigido-blanco-y-gris\/#primaryimage"},"thumbnailUrl":"https:\/\/plasticexpress.es\/wp-content\/uploads\/2020\/09\/pvc-rigido-blanco-y-gris-01.jpg","datePublished":"2021-04-03T23:08:33+00:00","dateModified":"2021-10-19T18:13:15+00:00","description":"A Plastic Express fabriquem articles de PVC r\u00edgid blanc i gris a mida aplicant als material processos de mecanitzat, doblegat i encolat.","breadcrumb":{"@id":"https:\/\/plasticexpress.es\/ca\/producto\/materials\/pvc-ca\/pvc-rigid\/pvc-rigido-blanco-y-gris-materiales-ca\/pvc-rigido-blanco-y-gris\/#breadcrumb"},"inLanguage":"ca","potentialAction":[{"@type":"ReadAction","target":["https:\/\/plasticexpress.es\/ca\/producto\/materials\/pvc-ca\/pvc-rigid\/pvc-rigido-blanco-y-gris-materiales-ca\/pvc-rigido-blanco-y-gris\/"]}]},{"@type":"ImageObject","inLanguage":"ca","@id":"https:\/\/plasticexpress.es\/ca\/producto\/materials\/pvc-ca\/pvc-rigid\/pvc-rigido-blanco-y-gris-materiales-ca\/pvc-rigido-blanco-y-gris\/#primaryimage","url":"https:\/\/plasticexpress.es\/wp-content\/uploads\/2020\/09\/pvc-rigido-blanco-y-gris-01.jpg","contentUrl":"https:\/\/plasticexpress.es\/wp-content\/uploads\/2020\/09\/pvc-rigido-blanco-y-gris-01.jpg","width":1000,"height":667,"caption":"PVC R\u00edgid blanc i gris"},{"@type":"BreadcrumbList","@id":"https:\/\/plasticexpress.es\/ca\/producto\/materials\/pvc-ca\/pvc-rigid\/pvc-rigido-blanco-y-gris-materiales-ca\/pvc-rigido-blanco-y-gris\/#breadcrumb","itemListElement":[{"@type":"ListItem","position":1,"name":"Portada","item":"https:\/\/plasticexpress.es\/ca\/"},{"@type":"ListItem","position":2,"name":"Shop","item":"https:\/\/plasticexpress.es\/ca\/shop\/"},{"@type":"ListItem","position":3,"name":"PVC R\u00edgid blanc i gris"}]},{"@type":"WebSite","@id":"https:\/\/plasticexpress.es\/ca\/#website","url":"https:\/\/plasticexpress.es\/ca\/","name":"Plasticexpress","description":"Venta de materiales y art\u00edculos de Metacrilato","potentialAction":[{"@type":"SearchAction","target":{"@type":"EntryPoint","urlTemplate":"https:\/\/plasticexpress.es\/ca\/?s={search_term_string}"},"query-input":{"@type":"PropertyValueSpecification","valueRequired":true,"valueName":"search_term_string"}}],"inLanguage":"ca"}]}},"_links":{"self":[{"href":"https:\/\/plasticexpress.es\/ca\/wp-json\/wp\/v2\/product\/8647","targetHints":{"allow":["GET"]}}],"collection":[{"href":"https:\/\/plasticexpress.es\/ca\/wp-json\/wp\/v2\/product"}],"about":[{"href":"https:\/\/plasticexpress.es\/ca\/wp-json\/wp\/v2\/types\/product"}],"replies":[{"embeddable":true,"href":"https:\/\/plasticexpress.es\/ca\/wp-json\/wp\/v2\/comments?post=8647"}],"version-history":[{"count":1,"href":"https:\/\/plasticexpress.es\/ca\/wp-json\/wp\/v2\/product\/8647\/revisions"}],"predecessor-version":[{"id":13518,"href":"https:\/\/plasticexpress.es\/ca\/wp-json\/wp\/v2\/product\/8647\/revisions\/13518"}],"wp:featuredmedia":[{"embeddable":true,"href":"https:\/\/plasticexpress.es\/ca\/wp-json\/wp\/v2\/media\/5187"}],"wp:attachment":[{"href":"https:\/\/plasticexpress.es\/ca\/wp-json\/wp\/v2\/media?parent=8647"}],"wp:term":[{"taxonomy":"product_brand","embeddable":true,"href":"https:\/\/plasticexpress.es\/ca\/wp-json\/wp\/v2\/product_brand?post=8647"},{"taxonomy":"product_cat","embeddable":true,"href":"https:\/\/plasticexpress.es\/ca\/wp-json\/wp\/v2\/product_cat?post=8647"},{"taxonomy":"product_tag","embeddable":true,"href":"https:\/\/plasticexpress.es\/ca\/wp-json\/wp\/v2\/product_tag?post=8647"}],"curies":[{"name":"wp","href":"https:\/\/api.w.org\/{rel}","templated":true}]}}