

{"id":8675,"date":"2020-09-09T22:19:31","date_gmt":"2021-04-03T23:31:42","guid":{"rendered":"https:\/\/plasticexpress.es\/producto\/Sense%20categoria\/pvc-escumat-blanc\/"},"modified":"2021-10-19T19:13:12","modified_gmt":"2021-10-19T18:13:12","slug":"pvc-espumado-blanco","status":"publish","type":"product","link":"https:\/\/plasticexpress.es\/ca\/producto\/materials\/pvc-ca\/pvc-escumat\/pvc-espumado-blanco-materiales-ca\/pvc-espumado-blanco\/","title":{"rendered":"PVC Escumat blanc"},"content":{"rendered":"<p><span style=\"font-weight: 400;\">El<\/span><b>PVC Escumat blanc<\/b> <span style=\"font-weight: 400;\">\u00e9s un termopl\u00e0stic que es caracteritza per ser escumat amb CO2, la seva lleugeresa i la seva capacitat a\u00efllant. En Plastic Express fabriquem <strong>articles de <b>PVC Escumat blanc<\/b> a mida<\/strong> aplicant a l&#8217;material els processos de<\/span><\/p>\n<ul>\n<li><a href=\"https:\/\/plasticexpress.es\/ca\/procesos\/mecanitzat-per-cnc\/\">Mecanitzat per CNC<\/a> <a href=\"https:\/\/plasticexpress.es\/ca\/procesos\/tall-i-gravat-a-laser\/\">de PVC escumat<\/a><\/li>\n<li><a href=\"https:\/\/plasticexpress.es\/ca\/procesos\/doblegat-de-materials-plastics\/\">Doblegat de<\/a><a href=\"https:\/\/plasticexpress.es\/ca\/procesos\/tall-i-gravat-a-laser\/\">PVC escumat<\/a><\/li>\n<li><a href=\"https:\/\/plasticexpress.es\/ca\/procesos\/encolat-de-metacrilat\/\">Encolat de<\/a><a href=\"https:\/\/plasticexpress.es\/ca\/procesos\/tall-i-gravat-a-laser\/\">PVC escumat<\/a><\/li>\n<li><a href=\"https:\/\/plasticexpress.es\/ca\/procesos\/impressio-digital-sobre-materials-plastics\/\">Impressi\u00f3 sobre<\/a><a href=\"https:\/\/plasticexpress.es\/ca\/procesos\/tall-i-gravat-a-laser\/\">PVC escumat<\/a><\/li>\n<\/ul>\n<p><span style=\"font-weight: 400;\">El <b>PVC Escumat<\/b><\/span><b> <\/b><span style=\"font-weight: 400;\">compta amb les seg\u00fcents caracter\u00edstiques:<\/span><\/p>\n<ul>\n<li>Rigidesa de placa<\/li>\n<li>Estructura lleugera<\/li>\n<li>No absorbeix la humitat.<\/li>\n<li>Excel\u00b7lent a\u00efllant t\u00e8rmic i ac\u00fastic.<\/li>\n<li>F\u00e0cil manipulaci\u00f3<\/li>\n<li>No \u00e9s t\u00f2xic.<\/li>\n<li>Reciclable.<\/li>\n<\/ul>\n<p><span style=\"font-weight: 400;\">Com a resultat el <b>PVC Escumat<\/b><\/span><b> <\/b><span style=\"font-weight: 400;\">compta amb m\u00faltiples \u00e0rees d&#8217;aplicaci\u00f3:<\/span><\/p>\n<p><b>Construcci\u00f3 i interiorisme<\/b><\/p>\n<ul>\n<li>Separacions.<\/li>\n<li>Mampares.<\/li>\n<li>A\u00efllant ac\u00fastic i t\u00e8rmic.<\/li>\n<li>Mobiliari.<\/li>\n<li>Panell.<\/li>\n<li>Perfileria.<\/li>\n<li>Envans lleugers.<\/li>\n<\/ul>\n<p><b>comunicaci\u00f3 visual<\/b><\/p>\n<ul>\n<li>Impressi\u00f3 digital.<\/li>\n<li>Serigrafia.<\/li>\n<li>Retolaci\u00f3.<\/li>\n<li>Senyalitzaci\u00f3.<\/li>\n<\/ul>\n<h2><b>COM SOL\u00b7LICITO PVC ESCUMAT BLANC A MIDA?<\/b><\/h2>\n<p><span style=\"font-weight: 400;\">Finalment en Plastic Express et brindem assessoria en els teus projectes, a m\u00e9s comptem amb un equip professional i multidisciplinari per ajudar-te a seleccionar el material i la manipulaci\u00f3 necess\u00e0ria per executar les teves idees.<\/span><\/p>\n<p><span style=\"font-weight: 400;\">Per poder oferir-te un pressupost d&#8217;aquest material o un altre material dels que comercialitzem, envia&#8217;ns un correu a l&#8217;email<\/span> <b>info@plasticexpress.es<\/b> <span style=\"font-weight: 400;\">amb la seg\u00fcent informaci\u00f3<\/span><\/p>\n<p><span style=\"font-weight: 400;\">En cas de no trobar les mesures que necessites, sol\u00b7licita un <a href=\"https:\/\/plasticexpress.es\/ca\/procesos\/pressupostos-a-mida\/\"><strong>pressupost a mida<\/strong><\/a> o escriu-nos a <b>info@plasticexpress.es<\/b> , en l&#8217;assumpte indica el material com, per exemple, <b>PVC Escumat blanc<\/b> <strong>a mida<\/strong><\/span><\/p>\n<p><span style=\"font-weight: 400;\">Recorda que si ets un professional de la ind\u00fastria pots obtenir descomptes especials accedint a el formulari de<\/span> <a href=\"https:\/\/plasticexpress.es\/ca\/procesos\/presupusto-per-a-professionals\/\"><b>pressupostos per a professionals<\/b><\/a>.<\/p>\n","protected":false},"excerpt":{"rendered":"<p>ElPVC Escumat blanc \u00e9s un termopl\u00e0stic que es caracteritza per ser escumat amb CO2, la seva lleugeresa i la seva capacitat a\u00efllant. En Plastic Express fabriquem articles de PVC Escumat blanc a mida aplicant a l&#8217;material els processos de Mecanitzat per CNC de PVC escumat Doblegat dePVC escumat Encolat dePVC escumat Impressi\u00f3 sobrePVC escumat El [&hellip;]<\/p>\n","protected":false},"featured_media":5179,"comment_status":"open","ping_status":"closed","template":"","meta":{"_acf_changed":false},"product_brand":[],"product_cat":[693,699,696],"product_tag":[1069,1067,1068],"class_list":{"0":"post-8675","1":"product","2":"type-product","3":"status-publish","4":"has-post-thumbnail","6":"product_cat-pvc-ca","7":"product_cat-pvc-escumat","8":"product_cat-pvc-espumado-blanco-materiales-ca","9":"product_tag-plancha-pvc-espumado-ca","10":"product_tag-pvc-epsumado-ca","11":"product_tag-pvc-espumado-a-medida-ca","13":"first","14":"instock","15":"shipping-taxable","16":"purchasable","17":"product-type-variable","18":"has-default-attributes"},"acf":{"photo_gallery":{"opciones_de_agujeros":[[]]}},"yoast_head":"<!-- This site is optimized with the Yoast SEO plugin v27.2 - https:\/\/yoast.com\/product\/yoast-seo-wordpress\/ -->\n<title>PVC Escumat Blanc | PlasticExpress<\/title>\n<meta name=\"description\" content=\"El PVC escumat blanc \u00e9s un termopl\u00e0stic que es caracteritza per ser escumat amb CO2, la seva lleugeresa i la seva capacitat a\u00efllant.\" \/>\n<meta name=\"robots\" content=\"index, follow, max-snippet:-1, max-image-preview:large, max-video-preview:-1\" \/>\n<link rel=\"canonical\" href=\"https:\/\/plasticexpress.es\/ca\/producto\/materials\/pvc-ca\/pvc-escumat\/pvc-espumado-blanco-materiales-ca\/pvc-espumado-blanco\/\" \/>\n<meta property=\"og:locale\" content=\"ca_ES\" \/>\n<meta property=\"og:type\" content=\"article\" \/>\n<meta property=\"og:title\" content=\"PVC Escumat Blanc | PlasticExpress\" \/>\n<meta property=\"og:description\" content=\"El PVC escumat blanc \u00e9s un termopl\u00e0stic que es caracteritza per ser escumat amb CO2, la seva lleugeresa i la seva capacitat a\u00efllant.\" \/>\n<meta property=\"og:url\" content=\"https:\/\/plasticexpress.es\/ca\/producto\/materials\/pvc-ca\/pvc-escumat\/pvc-espumado-blanco-materiales-ca\/pvc-espumado-blanco\/\" \/>\n<meta property=\"og:site_name\" content=\"Plasticexpress\" \/>\n<meta property=\"article:modified_time\" content=\"2021-10-19T18:13:12+00:00\" \/>\n<meta property=\"og:image\" content=\"https:\/\/plasticexpress.es\/wp-content\/uploads\/2020\/09\/pvc-espumado-blanco-01.jpg\" \/>\n\t<meta property=\"og:image:width\" content=\"1000\" \/>\n\t<meta property=\"og:image:height\" content=\"667\" \/>\n\t<meta property=\"og:image:type\" content=\"image\/jpeg\" \/>\n<meta name=\"twitter:card\" content=\"summary_large_image\" \/>\n<meta name=\"twitter:label1\" content=\"Temps estimat de lectura\" \/>\n\t<meta name=\"twitter:data1\" content=\"1 minut\" \/>\n<script type=\"application\/ld+json\" class=\"yoast-schema-graph\">{\"@context\":\"https:\/\/schema.org\",\"@graph\":[{\"@type\":\"WebPage\",\"@id\":\"https:\/\/plasticexpress.es\/ca\/producto\/materials\/pvc-ca\/pvc-escumat\/pvc-espumado-blanco-materiales-ca\/pvc-espumado-blanco\/\",\"url\":\"https:\/\/plasticexpress.es\/ca\/producto\/materials\/pvc-ca\/pvc-escumat\/pvc-espumado-blanco-materiales-ca\/pvc-espumado-blanco\/\",\"name\":\"PVC Escumat Blanc | PlasticExpress\",\"isPartOf\":{\"@id\":\"https:\/\/plasticexpress.es\/ca\/#website\"},\"primaryImageOfPage\":{\"@id\":\"https:\/\/plasticexpress.es\/ca\/producto\/materials\/pvc-ca\/pvc-escumat\/pvc-espumado-blanco-materiales-ca\/pvc-espumado-blanco\/#primaryimage\"},\"image\":{\"@id\":\"https:\/\/plasticexpress.es\/ca\/producto\/materials\/pvc-ca\/pvc-escumat\/pvc-espumado-blanco-materiales-ca\/pvc-espumado-blanco\/#primaryimage\"},\"thumbnailUrl\":\"https:\/\/plasticexpress.es\/wp-content\/uploads\/2020\/09\/pvc-espumado-blanco-01.jpg\",\"datePublished\":\"2021-04-03T23:31:42+00:00\",\"dateModified\":\"2021-10-19T18:13:12+00:00\",\"description\":\"El PVC escumat blanc \u00e9s un termopl\u00e0stic que es caracteritza per ser escumat amb CO2, la seva lleugeresa i la seva capacitat a\u00efllant.\",\"breadcrumb\":{\"@id\":\"https:\/\/plasticexpress.es\/ca\/producto\/materials\/pvc-ca\/pvc-escumat\/pvc-espumado-blanco-materiales-ca\/pvc-espumado-blanco\/#breadcrumb\"},\"inLanguage\":\"ca\",\"potentialAction\":[{\"@type\":\"ReadAction\",\"target\":[\"https:\/\/plasticexpress.es\/ca\/producto\/materials\/pvc-ca\/pvc-escumat\/pvc-espumado-blanco-materiales-ca\/pvc-espumado-blanco\/\"]}]},{\"@type\":\"ImageObject\",\"inLanguage\":\"ca\",\"@id\":\"https:\/\/plasticexpress.es\/ca\/producto\/materials\/pvc-ca\/pvc-escumat\/pvc-espumado-blanco-materiales-ca\/pvc-espumado-blanco\/#primaryimage\",\"url\":\"https:\/\/plasticexpress.es\/wp-content\/uploads\/2020\/09\/pvc-espumado-blanco-01.jpg\",\"contentUrl\":\"https:\/\/plasticexpress.es\/wp-content\/uploads\/2020\/09\/pvc-espumado-blanco-01.jpg\",\"width\":1000,\"height\":667,\"caption\":\"PVC Escumat blanc\"},{\"@type\":\"BreadcrumbList\",\"@id\":\"https:\/\/plasticexpress.es\/ca\/producto\/materials\/pvc-ca\/pvc-escumat\/pvc-espumado-blanco-materiales-ca\/pvc-espumado-blanco\/#breadcrumb\",\"itemListElement\":[{\"@type\":\"ListItem\",\"position\":1,\"name\":\"Portada\",\"item\":\"https:\/\/plasticexpress.es\/ca\/\"},{\"@type\":\"ListItem\",\"position\":2,\"name\":\"Shop\",\"item\":\"https:\/\/plasticexpress.es\/ca\/shop\/\"},{\"@type\":\"ListItem\",\"position\":3,\"name\":\"PVC Escumat blanc\"}]},{\"@type\":\"WebSite\",\"@id\":\"https:\/\/plasticexpress.es\/ca\/#website\",\"url\":\"https:\/\/plasticexpress.es\/ca\/\",\"name\":\"Plasticexpress\",\"description\":\"Venta de materiales y art\u00edculos de Metacrilato\",\"potentialAction\":[{\"@type\":\"SearchAction\",\"target\":{\"@type\":\"EntryPoint\",\"urlTemplate\":\"https:\/\/plasticexpress.es\/ca\/?s={search_term_string}\"},\"query-input\":{\"@type\":\"PropertyValueSpecification\",\"valueRequired\":true,\"valueName\":\"search_term_string\"}}],\"inLanguage\":\"ca\"}]}<\/script>\n<!-- \/ Yoast SEO plugin. -->","yoast_head_json":{"title":"PVC Escumat Blanc | PlasticExpress","description":"El PVC escumat blanc \u00e9s un termopl\u00e0stic que es caracteritza per ser escumat amb CO2, la seva lleugeresa i la seva capacitat a\u00efllant.","robots":{"index":"index","follow":"follow","max-snippet":"max-snippet:-1","max-image-preview":"max-image-preview:large","max-video-preview":"max-video-preview:-1"},"canonical":"https:\/\/plasticexpress.es\/ca\/producto\/materials\/pvc-ca\/pvc-escumat\/pvc-espumado-blanco-materiales-ca\/pvc-espumado-blanco\/","og_locale":"ca_ES","og_type":"article","og_title":"PVC Escumat Blanc | PlasticExpress","og_description":"El PVC escumat blanc \u00e9s un termopl\u00e0stic que es caracteritza per ser escumat amb CO2, la seva lleugeresa i la seva capacitat a\u00efllant.","og_url":"https:\/\/plasticexpress.es\/ca\/producto\/materials\/pvc-ca\/pvc-escumat\/pvc-espumado-blanco-materiales-ca\/pvc-espumado-blanco\/","og_site_name":"Plasticexpress","article_modified_time":"2021-10-19T18:13:12+00:00","og_image":[{"width":1000,"height":667,"url":"https:\/\/plasticexpress.es\/wp-content\/uploads\/2020\/09\/pvc-espumado-blanco-01.jpg","type":"image\/jpeg"}],"twitter_card":"summary_large_image","twitter_misc":{"Temps estimat de lectura":"1 minut"},"schema":{"@context":"https:\/\/schema.org","@graph":[{"@type":"WebPage","@id":"https:\/\/plasticexpress.es\/ca\/producto\/materials\/pvc-ca\/pvc-escumat\/pvc-espumado-blanco-materiales-ca\/pvc-espumado-blanco\/","url":"https:\/\/plasticexpress.es\/ca\/producto\/materials\/pvc-ca\/pvc-escumat\/pvc-espumado-blanco-materiales-ca\/pvc-espumado-blanco\/","name":"PVC Escumat Blanc | PlasticExpress","isPartOf":{"@id":"https:\/\/plasticexpress.es\/ca\/#website"},"primaryImageOfPage":{"@id":"https:\/\/plasticexpress.es\/ca\/producto\/materials\/pvc-ca\/pvc-escumat\/pvc-espumado-blanco-materiales-ca\/pvc-espumado-blanco\/#primaryimage"},"image":{"@id":"https:\/\/plasticexpress.es\/ca\/producto\/materials\/pvc-ca\/pvc-escumat\/pvc-espumado-blanco-materiales-ca\/pvc-espumado-blanco\/#primaryimage"},"thumbnailUrl":"https:\/\/plasticexpress.es\/wp-content\/uploads\/2020\/09\/pvc-espumado-blanco-01.jpg","datePublished":"2021-04-03T23:31:42+00:00","dateModified":"2021-10-19T18:13:12+00:00","description":"El PVC escumat blanc \u00e9s un termopl\u00e0stic que es caracteritza per ser escumat amb CO2, la seva lleugeresa i la seva capacitat a\u00efllant.","breadcrumb":{"@id":"https:\/\/plasticexpress.es\/ca\/producto\/materials\/pvc-ca\/pvc-escumat\/pvc-espumado-blanco-materiales-ca\/pvc-espumado-blanco\/#breadcrumb"},"inLanguage":"ca","potentialAction":[{"@type":"ReadAction","target":["https:\/\/plasticexpress.es\/ca\/producto\/materials\/pvc-ca\/pvc-escumat\/pvc-espumado-blanco-materiales-ca\/pvc-espumado-blanco\/"]}]},{"@type":"ImageObject","inLanguage":"ca","@id":"https:\/\/plasticexpress.es\/ca\/producto\/materials\/pvc-ca\/pvc-escumat\/pvc-espumado-blanco-materiales-ca\/pvc-espumado-blanco\/#primaryimage","url":"https:\/\/plasticexpress.es\/wp-content\/uploads\/2020\/09\/pvc-espumado-blanco-01.jpg","contentUrl":"https:\/\/plasticexpress.es\/wp-content\/uploads\/2020\/09\/pvc-espumado-blanco-01.jpg","width":1000,"height":667,"caption":"PVC Escumat blanc"},{"@type":"BreadcrumbList","@id":"https:\/\/plasticexpress.es\/ca\/producto\/materials\/pvc-ca\/pvc-escumat\/pvc-espumado-blanco-materiales-ca\/pvc-espumado-blanco\/#breadcrumb","itemListElement":[{"@type":"ListItem","position":1,"name":"Portada","item":"https:\/\/plasticexpress.es\/ca\/"},{"@type":"ListItem","position":2,"name":"Shop","item":"https:\/\/plasticexpress.es\/ca\/shop\/"},{"@type":"ListItem","position":3,"name":"PVC Escumat blanc"}]},{"@type":"WebSite","@id":"https:\/\/plasticexpress.es\/ca\/#website","url":"https:\/\/plasticexpress.es\/ca\/","name":"Plasticexpress","description":"Venta de materiales y art\u00edculos de Metacrilato","potentialAction":[{"@type":"SearchAction","target":{"@type":"EntryPoint","urlTemplate":"https:\/\/plasticexpress.es\/ca\/?s={search_term_string}"},"query-input":{"@type":"PropertyValueSpecification","valueRequired":true,"valueName":"search_term_string"}}],"inLanguage":"ca"}]}},"_links":{"self":[{"href":"https:\/\/plasticexpress.es\/ca\/wp-json\/wp\/v2\/product\/8675","targetHints":{"allow":["GET"]}}],"collection":[{"href":"https:\/\/plasticexpress.es\/ca\/wp-json\/wp\/v2\/product"}],"about":[{"href":"https:\/\/plasticexpress.es\/ca\/wp-json\/wp\/v2\/types\/product"}],"replies":[{"embeddable":true,"href":"https:\/\/plasticexpress.es\/ca\/wp-json\/wp\/v2\/comments?post=8675"}],"version-history":[{"count":2,"href":"https:\/\/plasticexpress.es\/ca\/wp-json\/wp\/v2\/product\/8675\/revisions"}],"predecessor-version":[{"id":13508,"href":"https:\/\/plasticexpress.es\/ca\/wp-json\/wp\/v2\/product\/8675\/revisions\/13508"}],"wp:featuredmedia":[{"embeddable":true,"href":"https:\/\/plasticexpress.es\/ca\/wp-json\/wp\/v2\/media\/5179"}],"wp:attachment":[{"href":"https:\/\/plasticexpress.es\/ca\/wp-json\/wp\/v2\/media?parent=8675"}],"wp:term":[{"taxonomy":"product_brand","embeddable":true,"href":"https:\/\/plasticexpress.es\/ca\/wp-json\/wp\/v2\/product_brand?post=8675"},{"taxonomy":"product_cat","embeddable":true,"href":"https:\/\/plasticexpress.es\/ca\/wp-json\/wp\/v2\/product_cat?post=8675"},{"taxonomy":"product_tag","embeddable":true,"href":"https:\/\/plasticexpress.es\/ca\/wp-json\/wp\/v2\/product_tag?post=8675"}],"curies":[{"name":"wp","href":"https:\/\/api.w.org\/{rel}","templated":true}]}}