

{"id":8711,"date":"2020-09-09T22:19:20","date_gmt":"2021-04-04T15:35:22","guid":{"rendered":"https:\/\/plasticexpress.es\/producto\/Sense%20categoria\/polipropile-cellular\/"},"modified":"2022-04-20T11:30:22","modified_gmt":"2022-04-20T10:30:22","slug":"polipropileno-celular","status":"publish","type":"product","link":"https:\/\/plasticexpress.es\/ca\/producto\/materials\/polipropileno-celular-ca\/polipropileno-celular\/","title":{"rendered":"Polipropil\u00e8 cel\u00b7lular"},"content":{"rendered":"<h2><span style=\"font-weight: 400;\">Caracter\u00edstiques del polipropil\u00e8 cel\u00b7lular<\/span><\/h2>\n<p><span style=\"font-weight: 400;\">El <\/span><a href=\"https:\/\/plasticexpress.es\/ca\/materials-ca\/polipropileno-celular-ca\/\"><b>polipropil\u00e8 cel\u00b7lular<\/b><\/a><span style=\"font-weight: 400;\"> (PP) \u00e9s un <\/span><b>material molt resistent <\/b><span style=\"font-weight: 400;\">als cops o accidents que puguin passar de forma mec\u00e0nica. A m\u00e9s, t\u00e9 molt poca reacci\u00f3 en \u00e0cids o dissolvents, mantenint les seves <\/span><b>caracter\u00edstiques intactes <\/b><span style=\"font-weight: 400;\">durant molt m\u00e9s temps.<\/span><\/p>\n<p>&nbsp;<\/p>\n<p><span style=\"font-weight: 400;\">Es tracta d&#8217;un pl\u00e0stic que pot ser modelat utilitzant la calor, per tant, \u00e9s un <\/span><b>termopl\u00e0stic<\/b><span style=\"font-weight: 400;\">. La seva principal difer\u00e8ncia amb el polietil\u00e8 (PE) \u00e9s que t\u00e9 el punt de reblaniment m\u00e9s alt.<\/span><\/p>\n<p>&nbsp;<\/p>\n<p><span style=\"font-weight: 400;\">Aquestes s\u00f3n les <\/span><b>principals caracter\u00edstiques<\/b><span style=\"font-weight: 400;\"> que podr\u00e0s trobar quan utilitzis planxes polipropil\u00e8 cel\u00b7lular en els teus projectes:<\/span><\/p>\n<p>&nbsp;<\/p>\n<ul>\n<li style=\"font-weight: 400;\" aria-level=\"1\"><span style=\"font-weight: 400;\">T\u00e9 una bona resist\u00e8ncia a l&#8217;abrasi\u00f3.<\/span><\/li>\n<li style=\"font-weight: 400;\" aria-level=\"1\"><span style=\"font-weight: 400;\">T\u00e9 una m\u00ednima estabilitat d&#8217;oxidaci\u00f3.<\/span><\/li>\n<li style=\"font-weight: 400;\" aria-level=\"1\"><span style=\"font-weight: 400;\">T\u00e9 una molt bona soldabilitat.<\/span><\/li>\n<li style=\"font-weight: 400;\" aria-level=\"1\"><span style=\"font-weight: 400;\">La seva densitat \u00e9s baixa.<\/span><\/li>\n<li style=\"font-weight: 400;\" aria-level=\"1\"><span style=\"font-weight: 400;\">T\u00e9 molt bones propietats qu\u00edmiques i el\u00e8ctriques: \u00e1lcalis i \u00e0cids.<\/span><\/li>\n<li style=\"font-weight: 400;\" aria-level=\"1\"><span style=\"font-weight: 400;\">\u00c9s un material reciclable.<\/span><\/li>\n<li style=\"font-weight: 400;\" aria-level=\"1\"><span style=\"font-weight: 400;\">\u00c9s resistent a l&#8217;aigua i a agents qu\u00edmics.<\/span><\/li>\n<li style=\"font-weight: 400;\" aria-level=\"1\"><span style=\"font-weight: 400;\">\u00c9s molt lleuger i f\u00e0cil de manipular.<\/span><\/li>\n<li style=\"font-weight: 400;\" aria-level=\"1\"><span style=\"font-weight: 400;\">\u00c9s un material no t\u00f2xic.<\/span><\/li>\n<li style=\"font-weight: 400;\" aria-level=\"1\"><span style=\"font-weight: 400;\">\u00c9s apte per a estar en contacte amb aliments.<\/span><\/li>\n<li style=\"font-weight: 400;\" aria-level=\"1\"><span style=\"font-weight: 400;\">La seva temperatura d&#8217;\u00fas \u00e9s bastant \u00e0mplia (des de 30\u00b0 fins a 70\u00b0)<\/span><\/li>\n<li style=\"font-weight: 400;\" aria-level=\"1\"><span style=\"font-weight: 400;\">\u00c9s compatible amb la soldadura per a calor i per a ultrasons.<\/span><\/li>\n<li style=\"font-weight: 400;\" aria-level=\"1\"><span style=\"font-weight: 400;\">Ofereix la possibilitat de realitzar manipulacions especials com reblada i\/o costura.<\/span><\/li>\n<li style=\"font-weight: 400;\" aria-level=\"1\"><span style=\"font-weight: 400;\">T\u00e9 propietats mec\u00e0niques elevades<\/span><\/li>\n<li style=\"font-weight: 400;\" aria-level=\"1\"><span style=\"font-weight: 400;\">T\u00e9 una alta resist\u00e8ncia a la temperatura.<\/span><\/li>\n<li style=\"font-weight: 400;\" aria-level=\"1\"><span style=\"font-weight: 400;\">Ofereix una \u00f2ptima relaci\u00f3 qualitat cost.<\/span><\/li>\n<li style=\"font-weight: 400;\" aria-level=\"1\"><span style=\"font-weight: 400;\">\u00c9s compatible amb la majoria de les t\u00e8cniques de processament existents.<\/span><\/li>\n<li style=\"font-weight: 400;\" aria-level=\"1\"><span style=\"font-weight: 400;\">\u00c9s impermeable a l&#8217;aigua.<\/span><\/li>\n<li style=\"font-weight: 400;\" aria-level=\"1\"><span style=\"font-weight: 400;\">T\u00e9 bones propietats organol\u00e8ptiques.<\/span><\/li>\n<li style=\"font-weight: 400;\" aria-level=\"1\"><span style=\"font-weight: 400;\">\u00c9s molt f\u00e0cil d&#8217;acolorir.<\/span><\/li>\n<li style=\"font-weight: 400;\" aria-level=\"1\"><span style=\"font-weight: 400;\">Presenta una alta resist\u00e8ncia a la fractura per flexi\u00f3 o fatiga.<\/span><\/li>\n<li style=\"font-weight: 400;\" aria-level=\"1\"><span style=\"font-weight: 400;\">T\u00e9 bona resist\u00e8ncia als impactes a temperatures superiors als 15 \u00b0C.<\/span><\/li>\n<li style=\"font-weight: 400;\" aria-level=\"1\"><span style=\"font-weight: 400;\">T\u00e9 una bona estabilitat t\u00e8rmica.<\/span><\/li>\n<li style=\"font-weight: 400;\" aria-level=\"1\"><span style=\"font-weight: 400;\">\u00c9s f\u00e0cil de modelar.<\/span><\/li>\n<\/ul>\n<p>&nbsp;<\/p>\n<h2><span style=\"font-weight: 400;\">Qu\u00e8 \u00e9s el polipropil\u00e8 cel\u00b7lular<\/span><\/h2>\n<p><span style=\"font-weight: 400;\">A Plastic Express treballem amb tota mena de <\/span><a href=\"https:\/\/plasticexpress.es\/ca\/materials-ca\/\"><span style=\"font-weight: 400;\">materials pl\u00e0stics<\/span><\/a><span style=\"font-weight: 400;\"> per a oferir als nostres clients els resultats m\u00e9s encertats i aix\u00ed fer realitat els seus projectes. Un dels materials m\u00e9s demandat \u00e9s el polipropil\u00e8 cel\u00b7lular.<\/span><\/p>\n<p>&nbsp;<\/p>\n<p><span style=\"font-weight: 400;\">Es tracta d&#8217;un <\/span><b>pol\u00edmer termopl\u00e0stic<\/b><span style=\"font-weight: 400;\">, visualment cristal\u00b7l\u00ed, que s&#8217;obt\u00e9 a partir del proc\u00e9s de polimeritzaci\u00f3 del propil\u00e8. Les seves bones caracter\u00edstiques han fet que el seu \u00fas s&#8217;hagi est\u00e8s a diversos sectors relacionats amb els envasos alimentaris, embalatges, papereria, etc.<\/span><\/p>\n<p>&nbsp;<\/p>\n<p><span style=\"font-weight: 400;\">Els principals <\/span><b>avantatges que pots trobar<\/b><span style=\"font-weight: 400;\"> quan utilitzis una planxa de polipropil\u00e8 cel\u00b7lular s\u00f3n les seg\u00fcents, respecte als altres materials comuns:<\/span><\/p>\n<p>&nbsp;<\/p>\n<ul>\n<li style=\"font-weight: 400;\" aria-level=\"1\"><span style=\"font-weight: 400;\">Es tracta d&#8217;un material r\u00edgid i impermeable que protegir\u00e0 tot el que contingui en el seu interior<\/span><\/li>\n<li style=\"font-weight: 400;\" aria-level=\"1\"><span style=\"font-weight: 400;\">\u00c9s un material rentable, per tant, es pot tornar a utilitzar<\/span><\/li>\n<li style=\"font-weight: 400;\" aria-level=\"1\"><span style=\"font-weight: 400;\">\u00c9s molt f\u00e0cil de tallar i manipular depenent de les necessitats de cada usuari<\/span><\/li>\n<li style=\"font-weight: 400;\" aria-level=\"1\"><span style=\"font-weight: 400;\">\u00c9s possible personalitzar el material a trav\u00e9s de t\u00e8cniques com la retolaci\u00f3, la impressi\u00f3 i la serigrafia<\/span><\/li>\n<li style=\"font-weight: 400;\" aria-level=\"1\"><span style=\"font-weight: 400;\">A part de ser reutilitzable, \u00e9s un material amb un proc\u00e9s de reciclatge molt senzill i que respecta el medi ambient<\/span><\/li>\n<li style=\"font-weight: 400;\" aria-level=\"1\"><span style=\"font-weight: 400;\">\u00c9s f\u00e0cil de transportar gr\u00e0cies al seu baix pes<\/span><\/li>\n<li style=\"font-weight: 400;\" aria-level=\"1\"><span style=\"font-weight: 400;\">T\u00e9 una s\u00e8rie de caracter\u00edstiques \u00faniques que el converteixen en una opci\u00f3 atractiva<\/span><\/li>\n<li style=\"font-weight: 400;\" aria-level=\"1\"><span style=\"font-weight: 400;\">No \u00e9s t\u00f2xic i \u00e9s respectu\u00f3s amb el medi ambient<\/span><\/li>\n<li style=\"font-weight: 400;\" aria-level=\"1\"><span style=\"font-weight: 400;\">Est\u00e0 disponible en una \u00e0mplia gamma de colors i textures, permetent un alt grau de personalitzaci\u00f3.<\/span><\/li>\n<\/ul>\n<p>&nbsp;<\/p>\n<p><span style=\"font-weight: 400;\">Els nostres professionals de Plastic Express s\u00f3n capa\u00e7os de treballar amb el material per a oferir-te exactament la pe\u00e7a que necessites. Per a poder treballar amb el polipropil\u00e8 cel\u00b7lular s&#8217;hauran d&#8217;emprar les seg\u00fcents t\u00e8cniques:<\/span><\/p>\n<p>&nbsp;<\/p>\n<ul>\n<li style=\"font-weight: 400;\" aria-level=\"1\"><span style=\"font-weight: 400;\">Mecanitzat per CNC<\/span><\/li>\n<li style=\"font-weight: 400;\" aria-level=\"1\"><span style=\"font-weight: 400;\">Doblegat de polipropil\u00e8<\/span><\/li>\n<li style=\"font-weight: 400;\" aria-level=\"1\"><span style=\"font-weight: 400;\">Encolat de PP<\/span><\/li>\n<li style=\"font-weight: 400;\" aria-level=\"1\"><span style=\"font-weight: 400;\">Impressi\u00f3<\/span><\/li>\n<\/ul>\n<p>&nbsp;<\/p>\n<h2><span style=\"font-weight: 400;\">Com utilitzar el polipropil\u00e8 cel\u00b7lular?<\/span><\/h2>\n<p><span style=\"font-weight: 400;\">El polipropil\u00e8 cel\u00b7lular \u00e9s un material que amplia cada vegada m\u00e9s els sectors d&#8217;utilitzaci\u00f3 gr\u00e0cies a les seves propietats. Gr\u00e0cies al PP s&#8217;aconsegueixen<\/span><b> objectes molt f\u00e0cils de manipular<\/b><span style=\"font-weight: 400;\"> per l&#8217;operari i molt \u00fatils i atractius per al client.<\/span><\/p>\n<p>&nbsp;<\/p>\n<p><span style=\"font-weight: 400;\">Aquests s\u00f3n els <\/span><b>principals sectors<\/b><span style=\"font-weight: 400;\"> en els quals actualment ja s&#8217;est\u00e0 utilitzant aquest material per a crear envasos:<\/span><\/p>\n<p>&nbsp;<\/p>\n<ul>\n<li style=\"font-weight: 400;\" aria-level=\"1\"><span style=\"font-weight: 400;\">Encofrats i separacions internes en edificis d&#8217;edificaci\u00f3<\/span><\/li>\n<li style=\"font-weight: 400;\" aria-level=\"1\"><span style=\"font-weight: 400;\">Protecci\u00f3 de superf\u00edcies<\/span><\/li>\n<li style=\"font-weight: 400;\" aria-level=\"1\"><span style=\"font-weight: 400;\">Suport per a impressi\u00f3 digital<\/span><\/li>\n<li style=\"font-weight: 400;\" aria-level=\"1\"><span style=\"font-weight: 400;\">Elements de marxandatge<\/span><\/li>\n<li style=\"font-weight: 400;\" aria-level=\"1\"><span style=\"font-weight: 400;\">Protecci\u00f3 de maquin\u00e0ria<\/span><\/li>\n<li style=\"font-weight: 400;\" aria-level=\"1\"><span style=\"font-weight: 400;\">Protecci\u00f3 de parets industrials<\/span><\/li>\n<li style=\"font-weight: 400;\" aria-level=\"1\"><span style=\"font-weight: 400;\">Embalatges alimentaris<\/span><\/li>\n<\/ul>\n<p>&nbsp;<\/p>\n<h2><span style=\"font-weight: 400;\">On comprar polipropil\u00e8 cel\u00b7lular<\/span><\/h2>\n<p><span style=\"font-weight: 400;\">Existeixen dues maneres en Plastic Express per a <\/span><b>comprar polipropil\u00e8 cel\u00b7lular<\/b><span style=\"font-weight: 400;\"> per als teus projectes. La primera \u00e9s adquirint les plaques de pl\u00e0stic que tenim en estoc i que tenen unes mesures est\u00e0ndard que pots modificar, posteriorment, segons la teva conveni\u00e8ncia.<\/span><\/p>\n<p>&nbsp;<\/p>\n<p><span style=\"font-weight: 400;\">Si el teu projecte \u00e9s una mica m\u00e9s ambici\u00f3s o, simplement, no saps quin \u00e9s el material que encaixa millor amb el que tens al cap, <\/span><b>pots contactar amb nosaltres<\/b><span style=\"font-weight: 400;\">. Els nostres experts t&#8217;ajudaran a descobrir quin \u00e9s el material, la mesura i el proc\u00e9s m\u00e9s adequat per a cada situaci\u00f3, garantint uns resultats excel\u00b7lents.<\/span><\/p>\n<p>&nbsp;<\/p>\n<p><span style=\"font-weight: 400;\">Si necessites polipropil\u00e8 cel\u00b7lular amb unes mesures espec\u00edfiques o vols contactar amb el <\/span><b>nostre equip t\u00e8cnic<\/b><span style=\"font-weight: 400;\">, haur\u00e0s d&#8217;escriure&#8217;ns al correu electr\u00f2nic d&#8217;i<\/span><a href=\"mailto:nfo@plasticexpress.es\"><span style=\"font-weight: 400;\">nfo@plasticexpress.es<\/span><\/a><span style=\"font-weight: 400;\">. En l&#8217;assumpte haur\u00e0s d&#8217;indicar quin \u00e9s el pl\u00e0stic en el qual est\u00e0s interessat i a la descripci\u00f3 podr\u00e0s posar-nos una mica al dia sobre quin \u00e9s la teva idea.<\/span><\/p>\n<p>&nbsp;<\/p>\n<p><span style=\"font-weight: 400;\">Recorda que si ets <\/span><b>professional del sector<\/b><span style=\"font-weight: 400;\">, pots obtenir importants descomptes emplenant el formulari de pressupostos per a professionals. Quan rebem el teu email, l&#8217;equip es posar\u00e0 a treballar per a enviar-te un pressupost al m\u00e9s aviat possible i resoldre qualsevol dels teus dubtes.<\/span><\/p>\n","protected":false},"excerpt":{"rendered":"<p>Caracter\u00edstiques del polipropil\u00e8 cel\u00b7lular El polipropil\u00e8 cel\u00b7lular (PP) \u00e9s un material molt resistent als cops o accidents que puguin passar de forma mec\u00e0nica. A m\u00e9s, t\u00e9 molt poca reacci\u00f3 en \u00e0cids o dissolvents, mantenint les seves caracter\u00edstiques intactes durant molt m\u00e9s temps. &nbsp; Es tracta d&#8217;un pl\u00e0stic que pot ser modelat utilitzant la calor, per [&hellip;]<\/p>\n","protected":false},"featured_media":5183,"comment_status":"open","ping_status":"closed","template":"","meta":{"_acf_changed":false},"product_brand":[],"product_cat":[727],"product_tag":[1080,1078,1079,1081],"class_list":{"0":"post-8711","1":"product","2":"type-product","3":"status-publish","4":"has-post-thumbnail","6":"product_cat-polipropileno-celular-ca","7":"product_tag-plancha-polipropileno-celular-ca","8":"product_tag-polipropileno-ca","9":"product_tag-polipropileno-celular-ca","10":"product_tag-polipropileno-celular-a-medida-ca","12":"first","13":"instock","14":"shipping-taxable","15":"purchasable","16":"product-type-variable","17":"has-default-attributes"},"acf":{"photo_gallery":{"opciones_de_agujeros":[[]]}},"yoast_head":"<!-- This site is optimized with the Yoast SEO plugin v27.2 - https:\/\/yoast.com\/product\/yoast-seo-wordpress\/ -->\n<title>Polipropil\u00e8 cel\u00b7lular - Plasticexpress<\/title>\n<meta name=\"description\" content=\"Caracter\u00edstiques del polipropil\u00e8 cel\u00b7lular El polipropil\u00e8 cel\u00b7lular (PP) \u00e9s un material molt resistent als cops o accidents que puguin passar de forma\" \/>\n<meta name=\"robots\" content=\"index, follow, max-snippet:-1, max-image-preview:large, max-video-preview:-1\" \/>\n<link rel=\"canonical\" href=\"https:\/\/plasticexpress.es\/ca\/producto\/materials\/polipropileno-celular-ca\/polipropileno-celular\/\" \/>\n<meta property=\"og:locale\" content=\"ca_ES\" \/>\n<meta property=\"og:type\" content=\"article\" \/>\n<meta property=\"og:title\" content=\"Polipropil\u00e8 cel\u00b7lular - Plasticexpress\" \/>\n<meta property=\"og:description\" content=\"Caracter\u00edstiques del polipropil\u00e8 cel\u00b7lular El polipropil\u00e8 cel\u00b7lular (PP) \u00e9s un material molt resistent als cops o accidents que puguin passar de forma\" \/>\n<meta property=\"og:url\" content=\"https:\/\/plasticexpress.es\/ca\/producto\/materials\/polipropileno-celular-ca\/polipropileno-celular\/\" \/>\n<meta property=\"og:site_name\" content=\"Plasticexpress\" \/>\n<meta property=\"article:modified_time\" content=\"2022-04-20T10:30:22+00:00\" \/>\n<meta property=\"og:image\" content=\"https:\/\/plasticexpress.es\/wp-content\/uploads\/2020\/09\/polipropileno-celular-01.jpg\" \/>\n\t<meta property=\"og:image:width\" content=\"1000\" \/>\n\t<meta property=\"og:image:height\" content=\"667\" \/>\n\t<meta property=\"og:image:type\" content=\"image\/jpeg\" \/>\n<meta name=\"twitter:card\" content=\"summary_large_image\" \/>\n<meta name=\"twitter:label1\" content=\"Temps estimat de lectura\" \/>\n\t<meta name=\"twitter:data1\" content=\"4 minuts\" \/>\n<script type=\"application\/ld+json\" class=\"yoast-schema-graph\">{\"@context\":\"https:\/\/schema.org\",\"@graph\":[{\"@type\":\"WebPage\",\"@id\":\"https:\/\/plasticexpress.es\/ca\/producto\/materials\/polipropileno-celular-ca\/polipropileno-celular\/\",\"url\":\"https:\/\/plasticexpress.es\/ca\/producto\/materials\/polipropileno-celular-ca\/polipropileno-celular\/\",\"name\":\"Polipropil\u00e8 cel\u00b7lular - Plasticexpress\",\"isPartOf\":{\"@id\":\"https:\/\/plasticexpress.es\/ca\/#website\"},\"primaryImageOfPage\":{\"@id\":\"https:\/\/plasticexpress.es\/ca\/producto\/materials\/polipropileno-celular-ca\/polipropileno-celular\/#primaryimage\"},\"image\":{\"@id\":\"https:\/\/plasticexpress.es\/ca\/producto\/materials\/polipropileno-celular-ca\/polipropileno-celular\/#primaryimage\"},\"thumbnailUrl\":\"https:\/\/plasticexpress.es\/wp-content\/uploads\/2020\/09\/polipropileno-celular-01.jpg\",\"datePublished\":\"2021-04-04T15:35:22+00:00\",\"dateModified\":\"2022-04-20T10:30:22+00:00\",\"description\":\"Caracter\u00edstiques del polipropil\u00e8 cel\u00b7lular El polipropil\u00e8 cel\u00b7lular (PP) \u00e9s un material molt resistent als cops o accidents que puguin passar de forma\",\"breadcrumb\":{\"@id\":\"https:\/\/plasticexpress.es\/ca\/producto\/materials\/polipropileno-celular-ca\/polipropileno-celular\/#breadcrumb\"},\"inLanguage\":\"ca\",\"potentialAction\":[{\"@type\":\"ReadAction\",\"target\":[\"https:\/\/plasticexpress.es\/ca\/producto\/materials\/polipropileno-celular-ca\/polipropileno-celular\/\"]}]},{\"@type\":\"ImageObject\",\"inLanguage\":\"ca\",\"@id\":\"https:\/\/plasticexpress.es\/ca\/producto\/materials\/polipropileno-celular-ca\/polipropileno-celular\/#primaryimage\",\"url\":\"https:\/\/plasticexpress.es\/wp-content\/uploads\/2020\/09\/polipropileno-celular-01.jpg\",\"contentUrl\":\"https:\/\/plasticexpress.es\/wp-content\/uploads\/2020\/09\/polipropileno-celular-01.jpg\",\"width\":1000,\"height\":667,\"caption\":\"Polipropil\u00e8 cel\u00b7lular\"},{\"@type\":\"BreadcrumbList\",\"@id\":\"https:\/\/plasticexpress.es\/ca\/producto\/materials\/polipropileno-celular-ca\/polipropileno-celular\/#breadcrumb\",\"itemListElement\":[{\"@type\":\"ListItem\",\"position\":1,\"name\":\"Portada\",\"item\":\"https:\/\/plasticexpress.es\/ca\/\"},{\"@type\":\"ListItem\",\"position\":2,\"name\":\"Shop\",\"item\":\"https:\/\/plasticexpress.es\/ca\/shop\/\"},{\"@type\":\"ListItem\",\"position\":3,\"name\":\"Polipropil\u00e8 cel\u00b7lular\"}]},{\"@type\":\"WebSite\",\"@id\":\"https:\/\/plasticexpress.es\/ca\/#website\",\"url\":\"https:\/\/plasticexpress.es\/ca\/\",\"name\":\"Plasticexpress\",\"description\":\"Venta de materiales y art\u00edculos de Metacrilato\",\"potentialAction\":[{\"@type\":\"SearchAction\",\"target\":{\"@type\":\"EntryPoint\",\"urlTemplate\":\"https:\/\/plasticexpress.es\/ca\/?s={search_term_string}\"},\"query-input\":{\"@type\":\"PropertyValueSpecification\",\"valueRequired\":true,\"valueName\":\"search_term_string\"}}],\"inLanguage\":\"ca\"}]}<\/script>\n<!-- \/ Yoast SEO plugin. -->","yoast_head_json":{"title":"Polipropil\u00e8 cel\u00b7lular - Plasticexpress","description":"Caracter\u00edstiques del polipropil\u00e8 cel\u00b7lular El polipropil\u00e8 cel\u00b7lular (PP) \u00e9s un material molt resistent als cops o accidents que puguin passar de forma","robots":{"index":"index","follow":"follow","max-snippet":"max-snippet:-1","max-image-preview":"max-image-preview:large","max-video-preview":"max-video-preview:-1"},"canonical":"https:\/\/plasticexpress.es\/ca\/producto\/materials\/polipropileno-celular-ca\/polipropileno-celular\/","og_locale":"ca_ES","og_type":"article","og_title":"Polipropil\u00e8 cel\u00b7lular - Plasticexpress","og_description":"Caracter\u00edstiques del polipropil\u00e8 cel\u00b7lular El polipropil\u00e8 cel\u00b7lular (PP) \u00e9s un material molt resistent als cops o accidents que puguin passar de forma","og_url":"https:\/\/plasticexpress.es\/ca\/producto\/materials\/polipropileno-celular-ca\/polipropileno-celular\/","og_site_name":"Plasticexpress","article_modified_time":"2022-04-20T10:30:22+00:00","og_image":[{"width":1000,"height":667,"url":"https:\/\/plasticexpress.es\/wp-content\/uploads\/2020\/09\/polipropileno-celular-01.jpg","type":"image\/jpeg"}],"twitter_card":"summary_large_image","twitter_misc":{"Temps estimat de lectura":"4 minuts"},"schema":{"@context":"https:\/\/schema.org","@graph":[{"@type":"WebPage","@id":"https:\/\/plasticexpress.es\/ca\/producto\/materials\/polipropileno-celular-ca\/polipropileno-celular\/","url":"https:\/\/plasticexpress.es\/ca\/producto\/materials\/polipropileno-celular-ca\/polipropileno-celular\/","name":"Polipropil\u00e8 cel\u00b7lular - Plasticexpress","isPartOf":{"@id":"https:\/\/plasticexpress.es\/ca\/#website"},"primaryImageOfPage":{"@id":"https:\/\/plasticexpress.es\/ca\/producto\/materials\/polipropileno-celular-ca\/polipropileno-celular\/#primaryimage"},"image":{"@id":"https:\/\/plasticexpress.es\/ca\/producto\/materials\/polipropileno-celular-ca\/polipropileno-celular\/#primaryimage"},"thumbnailUrl":"https:\/\/plasticexpress.es\/wp-content\/uploads\/2020\/09\/polipropileno-celular-01.jpg","datePublished":"2021-04-04T15:35:22+00:00","dateModified":"2022-04-20T10:30:22+00:00","description":"Caracter\u00edstiques del polipropil\u00e8 cel\u00b7lular El polipropil\u00e8 cel\u00b7lular (PP) \u00e9s un material molt resistent als cops o accidents que puguin passar de forma","breadcrumb":{"@id":"https:\/\/plasticexpress.es\/ca\/producto\/materials\/polipropileno-celular-ca\/polipropileno-celular\/#breadcrumb"},"inLanguage":"ca","potentialAction":[{"@type":"ReadAction","target":["https:\/\/plasticexpress.es\/ca\/producto\/materials\/polipropileno-celular-ca\/polipropileno-celular\/"]}]},{"@type":"ImageObject","inLanguage":"ca","@id":"https:\/\/plasticexpress.es\/ca\/producto\/materials\/polipropileno-celular-ca\/polipropileno-celular\/#primaryimage","url":"https:\/\/plasticexpress.es\/wp-content\/uploads\/2020\/09\/polipropileno-celular-01.jpg","contentUrl":"https:\/\/plasticexpress.es\/wp-content\/uploads\/2020\/09\/polipropileno-celular-01.jpg","width":1000,"height":667,"caption":"Polipropil\u00e8 cel\u00b7lular"},{"@type":"BreadcrumbList","@id":"https:\/\/plasticexpress.es\/ca\/producto\/materials\/polipropileno-celular-ca\/polipropileno-celular\/#breadcrumb","itemListElement":[{"@type":"ListItem","position":1,"name":"Portada","item":"https:\/\/plasticexpress.es\/ca\/"},{"@type":"ListItem","position":2,"name":"Shop","item":"https:\/\/plasticexpress.es\/ca\/shop\/"},{"@type":"ListItem","position":3,"name":"Polipropil\u00e8 cel\u00b7lular"}]},{"@type":"WebSite","@id":"https:\/\/plasticexpress.es\/ca\/#website","url":"https:\/\/plasticexpress.es\/ca\/","name":"Plasticexpress","description":"Venta de materiales y art\u00edculos de Metacrilato","potentialAction":[{"@type":"SearchAction","target":{"@type":"EntryPoint","urlTemplate":"https:\/\/plasticexpress.es\/ca\/?s={search_term_string}"},"query-input":{"@type":"PropertyValueSpecification","valueRequired":true,"valueName":"search_term_string"}}],"inLanguage":"ca"}]}},"_links":{"self":[{"href":"https:\/\/plasticexpress.es\/ca\/wp-json\/wp\/v2\/product\/8711","targetHints":{"allow":["GET"]}}],"collection":[{"href":"https:\/\/plasticexpress.es\/ca\/wp-json\/wp\/v2\/product"}],"about":[{"href":"https:\/\/plasticexpress.es\/ca\/wp-json\/wp\/v2\/types\/product"}],"replies":[{"embeddable":true,"href":"https:\/\/plasticexpress.es\/ca\/wp-json\/wp\/v2\/comments?post=8711"}],"version-history":[{"count":3,"href":"https:\/\/plasticexpress.es\/ca\/wp-json\/wp\/v2\/product\/8711\/revisions"}],"predecessor-version":[{"id":15692,"href":"https:\/\/plasticexpress.es\/ca\/wp-json\/wp\/v2\/product\/8711\/revisions\/15692"}],"wp:featuredmedia":[{"embeddable":true,"href":"https:\/\/plasticexpress.es\/ca\/wp-json\/wp\/v2\/media\/5183"}],"wp:attachment":[{"href":"https:\/\/plasticexpress.es\/ca\/wp-json\/wp\/v2\/media?parent=8711"}],"wp:term":[{"taxonomy":"product_brand","embeddable":true,"href":"https:\/\/plasticexpress.es\/ca\/wp-json\/wp\/v2\/product_brand?post=8711"},{"taxonomy":"product_cat","embeddable":true,"href":"https:\/\/plasticexpress.es\/ca\/wp-json\/wp\/v2\/product_cat?post=8711"},{"taxonomy":"product_tag","embeddable":true,"href":"https:\/\/plasticexpress.es\/ca\/wp-json\/wp\/v2\/product_tag?post=8711"}],"curies":[{"name":"wp","href":"https:\/\/api.w.org\/{rel}","templated":true}]}}