

{"id":8750,"date":"2020-09-09T22:19:44","date_gmt":"2021-04-04T17:00:55","guid":{"rendered":"https:\/\/plasticexpress.es\/producto\/Sense%20categoria\/petg-transparent\/"},"modified":"2023-03-14T10:38:24","modified_gmt":"2023-03-14T09:38:24","slug":"petg-transparente","status":"publish","type":"product","link":"https:\/\/plasticexpress.es\/ca\/producto\/materials\/petg-ca\/petg-transparente\/","title":{"rendered":"PETG Transparent"},"content":{"rendered":"<p><span style=\"font-weight: 400;\">El <\/span><strong>PETG <\/strong><span style=\"font-weight: 400;\">&eacute;s un dels <\/span><strong>materials m&eacute;s vers&agrave;tils i resistents<\/strong><span style=\"font-weight: 400;\"> per a la <\/span><strong>impressi&oacute; 3D<\/strong><span style=\"font-weight: 400;\">, a m&eacute;s d&#8217;acceptar molt b&eacute; les modificacions, facilitant la impressi&oacute; al m&agrave;xim. La seva popularitat est&agrave; en auge en els &uacute;ltims anys i cada vegada s&oacute;n m&eacute;s els serveis d&#8217;impressi&oacute; que busquen aquest material per les seves bones propietats.<\/span><\/p>\n<p><span style=\"font-weight: 400;\">Des de <\/span><a href=\"https:\/\/plasticexpress.es\/ca\/\"><strong>Plastic Express<\/strong><\/a><span style=\"font-weight: 400;\"> volem ajudar-te a fer realitat els projectes que tens al cap i per aix&ograve; et presentem el nostre <\/span><strong>PETG transparent<\/strong><span style=\"font-weight: 400;\">, el material al qual podr&agrave;s donar-li totes les formes que t&#8217;imaginis.<\/span><\/p>\n<h2><strong>Les propietats del PETG transparent<\/strong><\/h2>\n<p><span style=\"font-weight: 400;\">Una <\/span><strong>planxa PETG transparent<\/strong><span style=\"font-weight: 400;\"> &eacute;s un dels <\/span><a href=\"https:\/\/plasticexpress.es\/ca\/materials-ca\/\"><span style=\"font-weight: 400;\">millors materials del mercat<\/span><\/a><span style=\"font-weight: 400;\">, gr&agrave;cies a les seves propietats mec&agrave;niques. Perqu&egrave; puguis veure-ho hem fet una selecci&oacute; dels seus millors trets:<\/span><\/p>\n<ul>\n<li style=\"font-weight: 400;\"><strong>Rigidesa: <\/strong><span style=\"font-weight: 400;\">Diem rigidesa a la dificultat d&#8217;un material per a ser deformat; &eacute;s a dir, doblegat, estirat, etc. Una l&agrave;mina de PETG transparent &eacute;s menys r&iacute;gida que altres materials pl&agrave;stics, per tant, &eacute;s m&eacute;s el&agrave;stica i es pot treballar amb m&eacute;s facilitat.<\/span><\/li>\n<\/ul>\n<ul>\n<li style=\"font-weight: 400;\"><strong>Resist&egrave;ncia general: <\/strong><span style=\"font-weight: 400;\">Una placa de cristall PETG transparent resisteix millor els cops, els esfor&ccedil;os i &eacute;s m&eacute;s dif&iacute;cil de trencar que altres materials que s&#8217;utilitzen actualment. A m&eacute;s, la major adhesi&oacute; de les capes entre si mateixes, fa que aquest material sigui pr&agrave;cticament irrompible.<\/span><\/li>\n<\/ul>\n<ul>\n<li style=\"font-weight: 400;\"><strong>Resist&egrave;ncia t&egrave;rmica<\/strong><span style=\"font-weight: 400;\">: Finalment, parlarem de la resist&egrave;ncia t&egrave;rmica que ofereix una placa PETG transparent. Aquest material es comen&ccedil;a a estovar als 80&deg;, per la qual cosa les temperatures exteriors, pr&agrave;cticament no exerciran cap efecte sobre ell. Addicionalment, aquest material pot resistir les baixes temperatures durant per&iacute;odes de temps prolongats.<\/span><\/li>\n<\/ul>\n<ul>\n<li style=\"font-weight: 400;\"><strong>Resist&egrave;ncia qu&iacute;mica:<\/strong><span style=\"font-weight: 400;\"> El PETG &eacute;s molt estable i resistent qu&iacute;micament a l&#8217;atac d&#8217;&agrave;cids, per la qual cosa fa que sigui un material molt segur.<\/span><\/li>\n<\/ul>\n<ul>\n<li style=\"font-weight: 400;\"><strong>Transpar&egrave;ncia<\/strong><span style=\"font-weight: 400;\">: El PETG en estat natural deixa passar al voltant del 90% de la llum, aix&iacute; que &eacute;s un material molt transparent. Els pl&agrave;stics amb colors transl&uacute;cids deixen un acabat brillant a les peces i dissimulen les possibles estries que es puguin veure entre les capes.<\/span><\/li>\n<\/ul>\n<ul>\n<li style=\"font-weight: 400;\"><strong>&Eacute;s reciclable<\/strong><span style=\"font-weight: 400;\">: Com &eacute;s un material que s&#8217;utilitza en ampolles i envasos de menjar, la infraestructura per a reciclar el PETG ja ha estat creada. A Espanya, aquest pl&agrave;stic s&#8217;ha de tirar en el contenidor groc i les peces es reciclaran sense problema.<\/span><\/li>\n<\/ul>\n<p><span style=\"font-weight: 400;\">Gr&agrave;cies a aquestes propietats, el PETG no solament s&#8217;utilitza per a fer el filament de la impressi&oacute; 3D, sin&oacute; que t&eacute; <\/span><strong>moltes m&eacute;s aplicacions<\/strong><span style=\"font-weight: 400;\">. Per exemple en el camp de la <\/span><strong>Comunicaci&oacute; Visual <\/strong><span style=\"font-weight: 400;\">(r&egrave;tols interiors, expositors, peces modelades, etc.), en el m&oacute;n de la <\/span><strong>seguretat i el transport<\/strong><span style=\"font-weight: 400;\"> (cascos de bicicleta, viseres, etc.) i en el sector de la <\/span><strong>ind&uacute;stria <\/strong><span style=\"font-weight: 400;\">i la <\/span><strong>maquin&agrave;ria <\/strong><span style=\"font-weight: 400;\">(peces enganxades, motlles per a alimentaci&oacute;, embalatges, etc.).<\/span><\/p>\n<h2><strong>Escull el color de PETG transparent que m&eacute;s t&rsquo;agradi<\/strong><\/h2>\n<p><span style=\"font-weight: 400;\">A <\/span><strong>Plastic Express<\/strong><span style=\"font-weight: 400;\"> fabriquem articles de PETG a <\/span><strong>mida i amb el color<\/strong><span style=\"font-weight: 400;\"> que tri&iuml;s, aplicant al material els seg&uuml;ents processos:<\/span><\/p>\n<ul>\n<li style=\"font-weight: 400;\"><span style=\"font-weight: 400;\">Talli i gravat l&agrave;ser<\/span><\/li>\n<li style=\"font-weight: 400;\"><span style=\"font-weight: 400;\">Mecanitzat per CNC<\/span><\/li>\n<li style=\"font-weight: 400;\"><span style=\"font-weight: 400;\">Poliment i abrillantat<\/span><\/li>\n<li style=\"font-weight: 400;\"><span style=\"font-weight: 400;\">Doblegat<\/span><\/li>\n<li style=\"font-weight: 400;\"><span style=\"font-weight: 400;\">Encolat<\/span><\/li>\n<li style=\"font-weight: 400;\"><span style=\"font-weight: 400;\">Termoformat i embotit<\/span><\/li>\n<li style=\"font-weight: 400;\"><span style=\"font-weight: 400;\">Impressi&oacute; sobre PETG<\/span><\/li>\n<\/ul>\n<p><span style=\"font-weight: 400;\">Aix&ograve; permet que cada pe&ccedil;a que creem sigui &uacute;nica per al nostre client i que aquest tri&iuml; totes les caracter&iacute;stiques est&egrave;tiques del seu pl&agrave;stic com, per exemple, <\/span><strong>el color: blau, vermell, groc, rosa, taronja, blanc, etc<\/strong><span style=\"font-weight: 400;\">.<\/span><\/p>\n<h2><strong>Compra el teu PETG transparent a Plastic Express<\/strong><\/h2>\n<p><strong>A Plastic Express <\/strong><span style=\"font-weight: 400;\">som el teu fabricant de materials pl&agrave;stics de confian&ccedil;a i a la nostra web podr&agrave;s trobar tots els serveis i processos de manufactura que faran que puguis tenir a les teves mans els <\/span><strong>articles de pl&agrave;stic a mesura <\/strong><span style=\"font-weight: 400;\">que desitgis. En el nostre cat&agrave;leg podr&agrave;s veure totes les peces que tenim en estoc i comprar-les f&agrave;cilment.<\/span><\/p>\n<p><span style=\"font-weight: 400;\">No obstant aix&ograve;; si el teu projecte &eacute;s una mica m&eacute;s ambici&oacute;s i necessites comprar les peces de pl&agrave;stic d&#8217;una mida o color espec&iacute;fics, pots contactar amb nosaltres per a qu&egrave; creem la teva pe&ccedil;a a mida. Envia un e-mail a info@plasticexpress.es, indicant el <\/span><strong>material en el qual est&agrave;s interessat,<\/strong><span style=\"font-weight: 400;\"> en aquest cas PETG transparent i els requisits que est&agrave;s buscant.<\/span><\/p>\n<p><span style=\"font-weight: 400;\">El nostre equip es posar&agrave; a treballar per a enviar-te el <\/span><strong>pressupost m&eacute;s ajustat<\/strong><span style=\"font-weight: 400;\">, sense comprom&iacute;s. D&#8217;aquesta manera, no haur&agrave;s d&#8217;ajustar els teus projectes al material que trobis en el mercat, sin&oacute; que tot el que facis es convertir&agrave; en una r&egrave;plica exacta del que tenies en ment, gr&agrave;cies al pl&agrave;stic a mesura.<\/span><\/p>\n<p><span style=\"font-weight: 400;\">Si tens qualsevol dubte, el nostre equip de professionals t&#8217;assessorar&agrave; sobre quin &eacute;s el material m&eacute;s indicat per al teu projecte.<\/span><strong> Entra en la nostra p&agrave;gina web i descobreix tot el que tenim per a tu!<\/strong><\/p>\n<p>&nbsp;<\/p>\n","protected":false},"excerpt":{"rendered":"<p>El PETG &eacute;s un dels materials m&eacute;s vers&agrave;tils i resistents per a la impressi&oacute; 3D, a m&eacute;s d&#8217;acceptar molt b&eacute; les modificacions, facilitant la impressi&oacute; al m&agrave;xim. La seva popularitat est&agrave; en auge en els &uacute;ltims anys i cada vegada s&oacute;n m&eacute;s els serveis d&#8217;impressi&oacute; que busquen aquest material per les seves bones propietats. Des [&hellip;]<\/p>\n","protected":false},"featured_media":5175,"comment_status":"open","ping_status":"closed","template":"","meta":{"_acf_changed":false},"product_brand":[],"product_cat":[691],"product_tag":[1094,1095,1096],"class_list":{"0":"post-8750","1":"product","2":"type-product","3":"status-publish","4":"has-post-thumbnail","6":"product_cat-petg-ca","7":"product_tag-petg-ca","8":"product_tag-petg-plastic-ca","9":"product_tag-petg-plastico-ca","11":"first","12":"instock","13":"shipping-taxable","14":"purchasable","15":"product-type-variable","16":"has-default-attributes"},"acf":{"photo_gallery":{"opciones_de_agujeros":[[]]}},"yoast_head":"<!-- This site is optimized with the Yoast SEO plugin v27.4 - https:\/\/yoast.com\/product\/yoast-seo-wordpress\/ -->\n<title>PETG Transparent a Mida | PlasticExpress<\/title>\n<meta name=\"description\" content=\"Compra pl\u00e0stic PETG transparent a mida a un preu imbatible en Plastic Express, fabricadors de materials pl\u00e0stics de refer\u00e8ncia.\" \/>\n<meta name=\"robots\" content=\"index, follow, max-snippet:-1, max-image-preview:large, max-video-preview:-1\" \/>\n<link rel=\"canonical\" href=\"https:\/\/plasticexpress.es\/ca\/producto\/materials\/petg-ca\/petg-transparente\/\" \/>\n<meta property=\"og:locale\" content=\"ca_ES\" \/>\n<meta property=\"og:type\" content=\"article\" \/>\n<meta property=\"og:title\" content=\"PETG Transparent a Mida | PlasticExpress\" \/>\n<meta property=\"og:description\" content=\"Compra pl\u00e0stic PETG transparent a mida a un preu imbatible en Plastic Express, fabricadors de materials pl\u00e0stics de refer\u00e8ncia.\" \/>\n<meta property=\"og:url\" content=\"https:\/\/plasticexpress.es\/ca\/producto\/materials\/petg-ca\/petg-transparente\/\" \/>\n<meta property=\"og:site_name\" content=\"Plasticexpress\" \/>\n<meta property=\"article:modified_time\" content=\"2023-03-14T09:38:24+00:00\" \/>\n<meta property=\"og:image\" content=\"https:\/\/plasticexpress.es\/wp-content\/uploads\/2020\/09\/petg-01.jpg\" \/>\n\t<meta property=\"og:image:width\" content=\"1000\" \/>\n\t<meta property=\"og:image:height\" content=\"667\" \/>\n\t<meta property=\"og:image:type\" content=\"image\/jpeg\" \/>\n<meta name=\"twitter:card\" content=\"summary_large_image\" \/>\n<script type=\"application\/ld+json\" class=\"yoast-schema-graph\">{\"@context\":\"https:\\\/\\\/schema.org\",\"@graph\":[{\"@type\":\"WebPage\",\"@id\":\"https:\\\/\\\/plasticexpress.es\\\/ca\\\/producto\\\/materials\\\/petg-ca\\\/petg-transparente\\\/\",\"url\":\"https:\\\/\\\/plasticexpress.es\\\/ca\\\/producto\\\/materials\\\/petg-ca\\\/petg-transparente\\\/\",\"name\":\"PETG Transparent a Mida | PlasticExpress\",\"isPartOf\":{\"@id\":\"https:\\\/\\\/plasticexpress.es\\\/ca\\\/#website\"},\"primaryImageOfPage\":{\"@id\":\"https:\\\/\\\/plasticexpress.es\\\/ca\\\/producto\\\/materials\\\/petg-ca\\\/petg-transparente\\\/#primaryimage\"},\"image\":{\"@id\":\"https:\\\/\\\/plasticexpress.es\\\/ca\\\/producto\\\/materials\\\/petg-ca\\\/petg-transparente\\\/#primaryimage\"},\"thumbnailUrl\":\"https:\\\/\\\/plasticexpress.es\\\/wp-content\\\/uploads\\\/2020\\\/09\\\/petg-01.jpg\",\"datePublished\":\"2021-04-04T17:00:55+00:00\",\"dateModified\":\"2023-03-14T09:38:24+00:00\",\"description\":\"Compra pl\u00e0stic PETG transparent a mida a un preu imbatible en Plastic Express, fabricadors de materials pl\u00e0stics de refer\u00e8ncia.\",\"breadcrumb\":{\"@id\":\"https:\\\/\\\/plasticexpress.es\\\/ca\\\/producto\\\/materials\\\/petg-ca\\\/petg-transparente\\\/#breadcrumb\"},\"inLanguage\":\"ca\",\"potentialAction\":[{\"@type\":\"ReadAction\",\"target\":[\"https:\\\/\\\/plasticexpress.es\\\/ca\\\/producto\\\/materials\\\/petg-ca\\\/petg-transparente\\\/\"]}]},{\"@type\":\"ImageObject\",\"inLanguage\":\"ca\",\"@id\":\"https:\\\/\\\/plasticexpress.es\\\/ca\\\/producto\\\/materials\\\/petg-ca\\\/petg-transparente\\\/#primaryimage\",\"url\":\"https:\\\/\\\/plasticexpress.es\\\/wp-content\\\/uploads\\\/2020\\\/09\\\/petg-01.jpg\",\"contentUrl\":\"https:\\\/\\\/plasticexpress.es\\\/wp-content\\\/uploads\\\/2020\\\/09\\\/petg-01.jpg\",\"width\":1000,\"height\":667,\"caption\":\"PETG\"},{\"@type\":\"BreadcrumbList\",\"@id\":\"https:\\\/\\\/plasticexpress.es\\\/ca\\\/producto\\\/materials\\\/petg-ca\\\/petg-transparente\\\/#breadcrumb\",\"itemListElement\":[{\"@type\":\"ListItem\",\"position\":1,\"name\":\"Portada\",\"item\":\"https:\\\/\\\/plasticexpress.es\\\/ca\\\/\"},{\"@type\":\"ListItem\",\"position\":2,\"name\":\"Shop\",\"item\":\"https:\\\/\\\/plasticexpress.es\\\/ca\\\/shop\\\/\"},{\"@type\":\"ListItem\",\"position\":3,\"name\":\"PETG Transparent\"}]},{\"@type\":\"WebSite\",\"@id\":\"https:\\\/\\\/plasticexpress.es\\\/ca\\\/#website\",\"url\":\"https:\\\/\\\/plasticexpress.es\\\/ca\\\/\",\"name\":\"Plasticexpress\",\"description\":\"Venta de materiales y art\u00edculos de Metacrilato\",\"potentialAction\":[{\"@type\":\"SearchAction\",\"target\":{\"@type\":\"EntryPoint\",\"urlTemplate\":\"https:\\\/\\\/plasticexpress.es\\\/ca\\\/?s={search_term_string}\"},\"query-input\":{\"@type\":\"PropertyValueSpecification\",\"valueRequired\":true,\"valueName\":\"search_term_string\"}}],\"inLanguage\":\"ca\"}]}<\/script>\n<!-- \/ Yoast SEO plugin. -->","yoast_head_json":{"title":"PETG Transparent a Mida | PlasticExpress","description":"Compra pl\u00e0stic PETG transparent a mida a un preu imbatible en Plastic Express, fabricadors de materials pl\u00e0stics de refer\u00e8ncia.","robots":{"index":"index","follow":"follow","max-snippet":"max-snippet:-1","max-image-preview":"max-image-preview:large","max-video-preview":"max-video-preview:-1"},"canonical":"https:\/\/plasticexpress.es\/ca\/producto\/materials\/petg-ca\/petg-transparente\/","og_locale":"ca_ES","og_type":"article","og_title":"PETG Transparent a Mida | PlasticExpress","og_description":"Compra pl\u00e0stic PETG transparent a mida a un preu imbatible en Plastic Express, fabricadors de materials pl\u00e0stics de refer\u00e8ncia.","og_url":"https:\/\/plasticexpress.es\/ca\/producto\/materials\/petg-ca\/petg-transparente\/","og_site_name":"Plasticexpress","article_modified_time":"2023-03-14T09:38:24+00:00","og_image":[{"width":1000,"height":667,"url":"https:\/\/plasticexpress.es\/wp-content\/uploads\/2020\/09\/petg-01.jpg","type":"image\/jpeg"}],"twitter_card":"summary_large_image","schema":{"@context":"https:\/\/schema.org","@graph":[{"@type":"WebPage","@id":"https:\/\/plasticexpress.es\/ca\/producto\/materials\/petg-ca\/petg-transparente\/","url":"https:\/\/plasticexpress.es\/ca\/producto\/materials\/petg-ca\/petg-transparente\/","name":"PETG Transparent a Mida | PlasticExpress","isPartOf":{"@id":"https:\/\/plasticexpress.es\/ca\/#website"},"primaryImageOfPage":{"@id":"https:\/\/plasticexpress.es\/ca\/producto\/materials\/petg-ca\/petg-transparente\/#primaryimage"},"image":{"@id":"https:\/\/plasticexpress.es\/ca\/producto\/materials\/petg-ca\/petg-transparente\/#primaryimage"},"thumbnailUrl":"https:\/\/plasticexpress.es\/wp-content\/uploads\/2020\/09\/petg-01.jpg","datePublished":"2021-04-04T17:00:55+00:00","dateModified":"2023-03-14T09:38:24+00:00","description":"Compra pl\u00e0stic PETG transparent a mida a un preu imbatible en Plastic Express, fabricadors de materials pl\u00e0stics de refer\u00e8ncia.","breadcrumb":{"@id":"https:\/\/plasticexpress.es\/ca\/producto\/materials\/petg-ca\/petg-transparente\/#breadcrumb"},"inLanguage":"ca","potentialAction":[{"@type":"ReadAction","target":["https:\/\/plasticexpress.es\/ca\/producto\/materials\/petg-ca\/petg-transparente\/"]}]},{"@type":"ImageObject","inLanguage":"ca","@id":"https:\/\/plasticexpress.es\/ca\/producto\/materials\/petg-ca\/petg-transparente\/#primaryimage","url":"https:\/\/plasticexpress.es\/wp-content\/uploads\/2020\/09\/petg-01.jpg","contentUrl":"https:\/\/plasticexpress.es\/wp-content\/uploads\/2020\/09\/petg-01.jpg","width":1000,"height":667,"caption":"PETG"},{"@type":"BreadcrumbList","@id":"https:\/\/plasticexpress.es\/ca\/producto\/materials\/petg-ca\/petg-transparente\/#breadcrumb","itemListElement":[{"@type":"ListItem","position":1,"name":"Portada","item":"https:\/\/plasticexpress.es\/ca\/"},{"@type":"ListItem","position":2,"name":"Shop","item":"https:\/\/plasticexpress.es\/ca\/shop\/"},{"@type":"ListItem","position":3,"name":"PETG Transparent"}]},{"@type":"WebSite","@id":"https:\/\/plasticexpress.es\/ca\/#website","url":"https:\/\/plasticexpress.es\/ca\/","name":"Plasticexpress","description":"Venta de materiales y art\u00edculos de Metacrilato","potentialAction":[{"@type":"SearchAction","target":{"@type":"EntryPoint","urlTemplate":"https:\/\/plasticexpress.es\/ca\/?s={search_term_string}"},"query-input":{"@type":"PropertyValueSpecification","valueRequired":true,"valueName":"search_term_string"}}],"inLanguage":"ca"}]}},"_links":{"self":[{"href":"https:\/\/plasticexpress.es\/ca\/wp-json\/wp\/v2\/product\/8750","targetHints":{"allow":["GET"]}}],"collection":[{"href":"https:\/\/plasticexpress.es\/ca\/wp-json\/wp\/v2\/product"}],"about":[{"href":"https:\/\/plasticexpress.es\/ca\/wp-json\/wp\/v2\/types\/product"}],"replies":[{"embeddable":true,"href":"https:\/\/plasticexpress.es\/ca\/wp-json\/wp\/v2\/comments?post=8750"}],"version-history":[{"count":8,"href":"https:\/\/plasticexpress.es\/ca\/wp-json\/wp\/v2\/product\/8750\/revisions"}],"predecessor-version":[{"id":18345,"href":"https:\/\/plasticexpress.es\/ca\/wp-json\/wp\/v2\/product\/8750\/revisions\/18345"}],"wp:featuredmedia":[{"embeddable":true,"href":"https:\/\/plasticexpress.es\/ca\/wp-json\/wp\/v2\/media\/5175"}],"wp:attachment":[{"href":"https:\/\/plasticexpress.es\/ca\/wp-json\/wp\/v2\/media?parent=8750"}],"wp:term":[{"taxonomy":"product_brand","embeddable":true,"href":"https:\/\/plasticexpress.es\/ca\/wp-json\/wp\/v2\/product_brand?post=8750"},{"taxonomy":"product_cat","embeddable":true,"href":"https:\/\/plasticexpress.es\/ca\/wp-json\/wp\/v2\/product_cat?post=8750"},{"taxonomy":"product_tag","embeddable":true,"href":"https:\/\/plasticexpress.es\/ca\/wp-json\/wp\/v2\/product_tag?post=8750"}],"curies":[{"name":"wp","href":"https:\/\/api.w.org\/{rel}","templated":true}]}}