

{"id":8767,"date":"2020-09-09T22:19:46","date_gmt":"2021-04-04T17:10:43","guid":{"rendered":"https:\/\/plasticexpress.es\/producto\/Sense%20categoria\/composite-dalumini\/"},"modified":"2021-12-14T09:42:19","modified_gmt":"2021-12-14T08:42:19","slug":"panel-compuesto-de-aluminio","status":"publish","type":"product","link":"https:\/\/plasticexpress.es\/ca\/producto\/materials\/composite-dalumini\/panel-compuesto-de-aluminio\/","title":{"rendered":"Composite D&#8217;alumini Dibond"},"content":{"rendered":"<h2>Panells de composite d&#8217;alumini<\/h2>\n<p>&nbsp;<\/p>\n<p>A Plastic Express <b>tenim disponibles panells de composite d&#8217;alumini<\/b>, un producte que ofereix alta resist\u00e8ncia als cops i al pes, de gran qualitat i que es pot treballar f\u00e0cilment, sense oblidar que es converteix en un recurs interessant per al recobriment de diferents parts de la casa, d&#8217;un local o de qualsevol altre immoble, ja que \u00e9s resistent a les c\u00e0rregues de vent i a les condicions atmosferes exteriors.<\/p>\n<p>&nbsp;<\/p>\n<p>Un panell de composite <b>es compon de dues l\u00e0mines d&#8217;alumini i material mineral <\/b>\u00fatil per al disseny de projectes arquitect\u00f2nics. Es pot trobar en tota mena d&#8217;infraestructures i es configura com un <b>material funcional per a les rehabilitacions<\/b>, ja que posseeix qualitats especials com la rigidesa i la flexibilitat que, a m\u00e9s, permeten la seva adaptaci\u00f3 a tota mena de superf\u00edcies i fa\u00e7anes, fins i tot a les zones exteriors on existeixen fen\u00f2mens adversos m\u00e9s estrictes.<\/p>\n<p>&nbsp;<\/p>\n<h2>Plastic Express: el lloc on comprar Panells de composite d&#8217;alumini<\/h2>\n<p>A Plastic Express posem a la venda panells de composite d&#8217;alumini de gran qualitat i efici\u00e8ncia. Es garanteix el compliment de totes les normes europees i internacionals i s&#8217;aconsegueix la qualitat en els resultats.<\/p>\n<p>&nbsp;<\/p>\n<p>Per\u00f2, qu\u00e8 \u00e9s exactament el composite d&#8217;alumini? Es considera un sandvitx de l\u00e0mines d&#8217;alumini organitzat per un nucli de polietil\u00e8 i altres superf\u00edcies d&#8217;alumini de poli\u00e8ster, especial per a l&#8217;arquitectura i la ind\u00fastria. D&#8217;aquesta manera, el gruix de la fulla d&#8217;alumini s\u2019 aconsegueix, aproximadament, un gruix d\u2019entre 0,15 i 0,5 mm en la fulla d&#8217;alumini .<\/p>\n<p>&nbsp;<\/p>\n<p>Quines caracter\u00edstiques t\u00e9? En primer lloc, cal assenyalar que \u00e9s un <b>material lleuger i resistent<\/b>, capa\u00e7 d&#8217;oferir una bona imatge alhora que s&#8217;obt\u00e9 efici\u00e8ncia. \u00c9s un producte completament pla molt interessant per a tota mena de productes decoratius i infraestructures.<\/p>\n<p>&nbsp;<\/p>\n<p>D&#8217;aquesta manera, el panell de composite d&#8217;alumini es pot emprar per a <b>revestiments d&#8217;exteriors, interiors, folrat de pilars, recobriment de balcons, volades, marquesines<\/b> o les pr\u00f2pies fa\u00e7anes de les cases.<\/p>\n<p>&nbsp;<\/p>\n<p>En el cas que el client desitgi comprar composite d&#8217;alumini a Plastic Express, \u00e9s convenient que conegui les seg\u00fcents caracter\u00edstiques:<\/p>\n<p>&nbsp;<\/p>\n<ul>\n<li aria-level=\"1\"><b>Elevada resist\u00e8ncia a la corrosi\u00f3<\/b> sense perdre la qualitat del producte i fent front a qualsevol mena d&#8217;adversitat atmosf\u00e8rica que es pugui posar per davant.<\/li>\n<li aria-level=\"1\"><b>A\u00efllament t\u00e8rmic i ac\u00fastic<\/b>, \u00e9ssent molt recomanable per a habitatges de ciutats o per a aquells llocs on hi ha una major activitat al carrer.<\/li>\n<li aria-level=\"1\"><b>El proc\u00e9s de muntatge \u00e9s realment r\u00e0pid<\/b>, permetent estalviar temps i obtenint una qualitat superior. A l&#8217;\u00e9sser un producte mal\u00b7leable i flexible, permet corbar la superf\u00edcie de tal manera que es pot aconseguir una adaptaci\u00f3 adequada a tota mena de superf\u00edcies.<\/li>\n<\/ul>\n<p>&nbsp;<\/p>\n<h2>Demana un pressupost a mida per als teus Panells de composite d&#8217;alumini<\/h2>\n<p>L&#8217;alumini \u00e9s <b>un dels metalls que m\u00e9s s&#8217;utilitzen en activitats industrials<\/b>. Aix\u00f2 a qu\u00e8 es deu? B\u00e0sicament, a la qualitat del producte i al baix cost que t\u00e9. \u00c9s lleuger i f\u00e0cil de fixar en la seva col\u00b7locaci\u00f3, sent elemental per a nombrosos habitatges gr\u00e0cies al bon servei que presta durant els treballs d&#8217;a\u00efllament. Cada vegada s\u00f3n m\u00e9s els constructors que es decanten per aquesta mena de productes per als habitatges.<\/p>\n<p>&nbsp;<\/p>\n<p>Com es planteja el pressupost del composite d&#8217;alumini? La confian\u00e7a que existeix amb el client \u00e9s incomparable. Des de Plastic Express realitzem pressupostos a mida, tant per a particulars com <a href=\"https:\/\/plasticexpress.es\/ca\/procesos\/presupusto-per-a-professionals\/\"><b>per a empreses<\/b><\/a>, segons les necessitats que es tinguin.<\/p>\n<p>&nbsp;<\/p>\n<p>Ens adaptem a la demanda, tant intentant crear els dissenys oportuns com perqu\u00e8 s&#8217;ofereixi un producte de qualitat que compleixi, alhora, amb les expectatives del client. Es realitza un estudi despr\u00e9s de la sol\u00b7licitud realitzada i, a partir d&#8217;aqu\u00ed, s&#8217;ofereix un pressupost per a professionals ajustat perqu\u00e8 sigui competitiu i assequible.<\/p>\n<p>&nbsp;<\/p>\n<p>Cal destacar que una de les virtuts de Plastic Express \u00e9s la possibilitat de <b>personalitzar el panell de composite d&#8217;alumini<\/b>. Al cap i a la fi, \u00e9s una manera de donar-li una nota distintiva als edificis, habitatges i altres infraestructures. Tot sense efectuar una inversi\u00f3 elevada, ja que \u00e9s un material f\u00e0cil de treballar i que \u00e9s barat.<\/p>\n<p>&nbsp;<\/p>\n<p>El comprom\u00eds amb el client \u00e9s complet. En tot moment s&#8217;atenen totes les necessitats que apareguin i, d&#8217;altra banda, es presenta l&#8217;oportunitat de donar la seva opini\u00f3 respecte al disseny que es vulgui realitzar. D&#8217;aquesta manera, s&#8217;aconsegueix un contacte directe i pr\u00f2xim amb el client perqu\u00e8 el resultat compleixi totes les seves expectatives.<\/p>\n<p>&nbsp;<\/p>\n<p>En definitiva, el millor lloc per a comprar panells de composite d&#8217;alumini \u00e9s a Plastic Express, un centre especialitzat en el disseny, venda i solucions dels pl\u00e0stics, tot sota un equip multidisciplinari que se situa en el lideratge dins del sector. La confian\u00e7a i els bons resultats s\u00f3n les premisses amb les quals compta aquesta empresa que, avui en dia, es troba entre les m\u00e9s sol\u00b7licitades i que major repercussi\u00f3 est\u00e0 aconseguint.<\/p>\n","protected":false},"excerpt":{"rendered":"<p>Panells de composite d&#8217;alumini &nbsp; A Plastic Express tenim disponibles panells de composite d&#8217;alumini, un producte que ofereix alta resist\u00e8ncia als cops i al pes, de gran qualitat i que es pot treballar f\u00e0cilment, sense oblidar que es converteix en un recurs interessant per al recobriment de diferents parts de la casa, d&#8217;un local o [&hellip;]<\/p>\n","protected":false},"featured_media":5173,"comment_status":"open","ping_status":"closed","template":"","meta":{"_acf_changed":false},"product_brand":[],"product_cat":[707],"product_tag":[1106,1100,1101,1102,1104],"class_list":{"0":"post-8767","1":"product","2":"type-product","3":"status-publish","4":"has-post-thumbnail","6":"product_cat-composite-dalumini","7":"product_tag-comprar-panel-de-polietileno-ca-2","8":"product_tag-panel-compuesto-de-aluminio-ca","9":"product_tag-panel-de-polietileno-ca","10":"product_tag-panel-polietileno-ca","11":"product_tag-panel-polietileno-aluminio-ca","13":"first","14":"instock","15":"shipping-taxable","16":"purchasable","17":"product-type-variable","18":"has-default-attributes"},"acf":{"photo_gallery":{"opciones_de_agujeros":[[]]}},"yoast_head":"<!-- This site is optimized with the Yoast SEO plugin v27.2 - https:\/\/yoast.com\/product\/yoast-seo-wordpress\/ -->\n<title>Panell compost d&#039;alumini Dibond| PlasticExpress<\/title>\n<meta name=\"description\" content=\"El panell composite d&#039;alumini \u00e9s una estructura formada per dues planxes d&#039;alumini unides per una \u00e0nima central de polietil\u00e8. R\u00edgid, pla i irrompible.\" \/>\n<meta name=\"robots\" content=\"index, follow, max-snippet:-1, max-image-preview:large, max-video-preview:-1\" \/>\n<link rel=\"canonical\" href=\"https:\/\/plasticexpress.es\/ca\/producto\/materials\/composite-dalumini\/panel-compuesto-de-aluminio\/\" \/>\n<meta property=\"og:locale\" content=\"ca_ES\" \/>\n<meta property=\"og:type\" content=\"article\" \/>\n<meta property=\"og:title\" content=\"Panell compost d&#039;alumini Dibond| PlasticExpress\" \/>\n<meta property=\"og:description\" content=\"El panell composite d&#039;alumini \u00e9s una estructura formada per dues planxes d&#039;alumini unides per una \u00e0nima central de polietil\u00e8. R\u00edgid, pla i irrompible.\" \/>\n<meta property=\"og:url\" content=\"https:\/\/plasticexpress.es\/ca\/producto\/materials\/composite-dalumini\/panel-compuesto-de-aluminio\/\" \/>\n<meta property=\"og:site_name\" content=\"Plasticexpress\" \/>\n<meta property=\"article:modified_time\" content=\"2021-12-14T08:42:19+00:00\" \/>\n<meta property=\"og:image\" content=\"https:\/\/plasticexpress.es\/wp-content\/uploads\/2020\/09\/panel-compuesto-de-aluminio-01.jpg\" \/>\n\t<meta property=\"og:image:width\" content=\"1000\" \/>\n\t<meta property=\"og:image:height\" content=\"667\" \/>\n\t<meta property=\"og:image:type\" content=\"image\/jpeg\" \/>\n<meta name=\"twitter:card\" content=\"summary_large_image\" \/>\n<meta name=\"twitter:label1\" content=\"Temps estimat de lectura\" \/>\n\t<meta name=\"twitter:data1\" content=\"2 minuts\" \/>\n<script type=\"application\/ld+json\" class=\"yoast-schema-graph\">{\"@context\":\"https:\/\/schema.org\",\"@graph\":[{\"@type\":\"WebPage\",\"@id\":\"https:\/\/plasticexpress.es\/ca\/producto\/materials\/composite-dalumini\/panel-compuesto-de-aluminio\/\",\"url\":\"https:\/\/plasticexpress.es\/ca\/producto\/materials\/composite-dalumini\/panel-compuesto-de-aluminio\/\",\"name\":\"Panell compost d'alumini Dibond| PlasticExpress\",\"isPartOf\":{\"@id\":\"https:\/\/plasticexpress.es\/ca\/#website\"},\"primaryImageOfPage\":{\"@id\":\"https:\/\/plasticexpress.es\/ca\/producto\/materials\/composite-dalumini\/panel-compuesto-de-aluminio\/#primaryimage\"},\"image\":{\"@id\":\"https:\/\/plasticexpress.es\/ca\/producto\/materials\/composite-dalumini\/panel-compuesto-de-aluminio\/#primaryimage\"},\"thumbnailUrl\":\"https:\/\/plasticexpress.es\/wp-content\/uploads\/2020\/09\/panel-compuesto-de-aluminio-01.jpg\",\"datePublished\":\"2021-04-04T17:10:43+00:00\",\"dateModified\":\"2021-12-14T08:42:19+00:00\",\"description\":\"El panell composite d'alumini \u00e9s una estructura formada per dues planxes d'alumini unides per una \u00e0nima central de polietil\u00e8. R\u00edgid, pla i irrompible.\",\"breadcrumb\":{\"@id\":\"https:\/\/plasticexpress.es\/ca\/producto\/materials\/composite-dalumini\/panel-compuesto-de-aluminio\/#breadcrumb\"},\"inLanguage\":\"ca\",\"potentialAction\":[{\"@type\":\"ReadAction\",\"target\":[\"https:\/\/plasticexpress.es\/ca\/producto\/materials\/composite-dalumini\/panel-compuesto-de-aluminio\/\"]}]},{\"@type\":\"ImageObject\",\"inLanguage\":\"ca\",\"@id\":\"https:\/\/plasticexpress.es\/ca\/producto\/materials\/composite-dalumini\/panel-compuesto-de-aluminio\/#primaryimage\",\"url\":\"https:\/\/plasticexpress.es\/wp-content\/uploads\/2020\/09\/panel-compuesto-de-aluminio-01.jpg\",\"contentUrl\":\"https:\/\/plasticexpress.es\/wp-content\/uploads\/2020\/09\/panel-compuesto-de-aluminio-01.jpg\",\"width\":1000,\"height\":667,\"caption\":\"Panel compuesto de aluminio\"},{\"@type\":\"BreadcrumbList\",\"@id\":\"https:\/\/plasticexpress.es\/ca\/producto\/materials\/composite-dalumini\/panel-compuesto-de-aluminio\/#breadcrumb\",\"itemListElement\":[{\"@type\":\"ListItem\",\"position\":1,\"name\":\"Portada\",\"item\":\"https:\/\/plasticexpress.es\/ca\/\"},{\"@type\":\"ListItem\",\"position\":2,\"name\":\"Shop\",\"item\":\"https:\/\/plasticexpress.es\/ca\/shop\/\"},{\"@type\":\"ListItem\",\"position\":3,\"name\":\"Composite D&#8217;alumini Dibond\"}]},{\"@type\":\"WebSite\",\"@id\":\"https:\/\/plasticexpress.es\/ca\/#website\",\"url\":\"https:\/\/plasticexpress.es\/ca\/\",\"name\":\"Plasticexpress\",\"description\":\"Venta de materiales y art\u00edculos de Metacrilato\",\"potentialAction\":[{\"@type\":\"SearchAction\",\"target\":{\"@type\":\"EntryPoint\",\"urlTemplate\":\"https:\/\/plasticexpress.es\/ca\/?s={search_term_string}\"},\"query-input\":{\"@type\":\"PropertyValueSpecification\",\"valueRequired\":true,\"valueName\":\"search_term_string\"}}],\"inLanguage\":\"ca\"}]}<\/script>\n<!-- \/ Yoast SEO plugin. -->","yoast_head_json":{"title":"Panell compost d'alumini Dibond| PlasticExpress","description":"El panell composite d'alumini \u00e9s una estructura formada per dues planxes d'alumini unides per una \u00e0nima central de polietil\u00e8. R\u00edgid, pla i irrompible.","robots":{"index":"index","follow":"follow","max-snippet":"max-snippet:-1","max-image-preview":"max-image-preview:large","max-video-preview":"max-video-preview:-1"},"canonical":"https:\/\/plasticexpress.es\/ca\/producto\/materials\/composite-dalumini\/panel-compuesto-de-aluminio\/","og_locale":"ca_ES","og_type":"article","og_title":"Panell compost d'alumini Dibond| PlasticExpress","og_description":"El panell composite d'alumini \u00e9s una estructura formada per dues planxes d'alumini unides per una \u00e0nima central de polietil\u00e8. R\u00edgid, pla i irrompible.","og_url":"https:\/\/plasticexpress.es\/ca\/producto\/materials\/composite-dalumini\/panel-compuesto-de-aluminio\/","og_site_name":"Plasticexpress","article_modified_time":"2021-12-14T08:42:19+00:00","og_image":[{"width":1000,"height":667,"url":"https:\/\/plasticexpress.es\/wp-content\/uploads\/2020\/09\/panel-compuesto-de-aluminio-01.jpg","type":"image\/jpeg"}],"twitter_card":"summary_large_image","twitter_misc":{"Temps estimat de lectura":"2 minuts"},"schema":{"@context":"https:\/\/schema.org","@graph":[{"@type":"WebPage","@id":"https:\/\/plasticexpress.es\/ca\/producto\/materials\/composite-dalumini\/panel-compuesto-de-aluminio\/","url":"https:\/\/plasticexpress.es\/ca\/producto\/materials\/composite-dalumini\/panel-compuesto-de-aluminio\/","name":"Panell compost d'alumini Dibond| PlasticExpress","isPartOf":{"@id":"https:\/\/plasticexpress.es\/ca\/#website"},"primaryImageOfPage":{"@id":"https:\/\/plasticexpress.es\/ca\/producto\/materials\/composite-dalumini\/panel-compuesto-de-aluminio\/#primaryimage"},"image":{"@id":"https:\/\/plasticexpress.es\/ca\/producto\/materials\/composite-dalumini\/panel-compuesto-de-aluminio\/#primaryimage"},"thumbnailUrl":"https:\/\/plasticexpress.es\/wp-content\/uploads\/2020\/09\/panel-compuesto-de-aluminio-01.jpg","datePublished":"2021-04-04T17:10:43+00:00","dateModified":"2021-12-14T08:42:19+00:00","description":"El panell composite d'alumini \u00e9s una estructura formada per dues planxes d'alumini unides per una \u00e0nima central de polietil\u00e8. R\u00edgid, pla i irrompible.","breadcrumb":{"@id":"https:\/\/plasticexpress.es\/ca\/producto\/materials\/composite-dalumini\/panel-compuesto-de-aluminio\/#breadcrumb"},"inLanguage":"ca","potentialAction":[{"@type":"ReadAction","target":["https:\/\/plasticexpress.es\/ca\/producto\/materials\/composite-dalumini\/panel-compuesto-de-aluminio\/"]}]},{"@type":"ImageObject","inLanguage":"ca","@id":"https:\/\/plasticexpress.es\/ca\/producto\/materials\/composite-dalumini\/panel-compuesto-de-aluminio\/#primaryimage","url":"https:\/\/plasticexpress.es\/wp-content\/uploads\/2020\/09\/panel-compuesto-de-aluminio-01.jpg","contentUrl":"https:\/\/plasticexpress.es\/wp-content\/uploads\/2020\/09\/panel-compuesto-de-aluminio-01.jpg","width":1000,"height":667,"caption":"Panel compuesto de aluminio"},{"@type":"BreadcrumbList","@id":"https:\/\/plasticexpress.es\/ca\/producto\/materials\/composite-dalumini\/panel-compuesto-de-aluminio\/#breadcrumb","itemListElement":[{"@type":"ListItem","position":1,"name":"Portada","item":"https:\/\/plasticexpress.es\/ca\/"},{"@type":"ListItem","position":2,"name":"Shop","item":"https:\/\/plasticexpress.es\/ca\/shop\/"},{"@type":"ListItem","position":3,"name":"Composite D&#8217;alumini Dibond"}]},{"@type":"WebSite","@id":"https:\/\/plasticexpress.es\/ca\/#website","url":"https:\/\/plasticexpress.es\/ca\/","name":"Plasticexpress","description":"Venta de materiales y art\u00edculos de Metacrilato","potentialAction":[{"@type":"SearchAction","target":{"@type":"EntryPoint","urlTemplate":"https:\/\/plasticexpress.es\/ca\/?s={search_term_string}"},"query-input":{"@type":"PropertyValueSpecification","valueRequired":true,"valueName":"search_term_string"}}],"inLanguage":"ca"}]}},"_links":{"self":[{"href":"https:\/\/plasticexpress.es\/ca\/wp-json\/wp\/v2\/product\/8767","targetHints":{"allow":["GET"]}}],"collection":[{"href":"https:\/\/plasticexpress.es\/ca\/wp-json\/wp\/v2\/product"}],"about":[{"href":"https:\/\/plasticexpress.es\/ca\/wp-json\/wp\/v2\/types\/product"}],"replies":[{"embeddable":true,"href":"https:\/\/plasticexpress.es\/ca\/wp-json\/wp\/v2\/comments?post=8767"}],"version-history":[{"count":3,"href":"https:\/\/plasticexpress.es\/ca\/wp-json\/wp\/v2\/product\/8767\/revisions"}],"predecessor-version":[{"id":14736,"href":"https:\/\/plasticexpress.es\/ca\/wp-json\/wp\/v2\/product\/8767\/revisions\/14736"}],"wp:featuredmedia":[{"embeddable":true,"href":"https:\/\/plasticexpress.es\/ca\/wp-json\/wp\/v2\/media\/5173"}],"wp:attachment":[{"href":"https:\/\/plasticexpress.es\/ca\/wp-json\/wp\/v2\/media?parent=8767"}],"wp:term":[{"taxonomy":"product_brand","embeddable":true,"href":"https:\/\/plasticexpress.es\/ca\/wp-json\/wp\/v2\/product_brand?post=8767"},{"taxonomy":"product_cat","embeddable":true,"href":"https:\/\/plasticexpress.es\/ca\/wp-json\/wp\/v2\/product_cat?post=8767"},{"taxonomy":"product_tag","embeddable":true,"href":"https:\/\/plasticexpress.es\/ca\/wp-json\/wp\/v2\/product_tag?post=8767"}],"curies":[{"name":"wp","href":"https:\/\/api.w.org\/{rel}","templated":true}]}}