

{"id":8808,"date":"2020-09-09T22:19:30","date_gmt":"2021-04-04T20:49:14","guid":{"rendered":"https:\/\/plasticexpress.es\/producto\/Sense%20categoria\/abs\/"},"modified":"2021-10-19T19:13:13","modified_gmt":"2021-10-19T18:13:13","slug":"abs","status":"publish","type":"product","link":"https:\/\/plasticexpress.es\/ca\/producto\/materials\/abs-ca\/abs\/","title":{"rendered":"ABS"},"content":{"rendered":"<p><span style=\"font-weight: 400;\">L&#8217;<\/span> <b>ABS<\/b> <span style=\"font-weight: 400;\">\u00e9s un termopl\u00e0stic que es caracteritza per la seva resist\u00e8ncia als impactes i una gran rigidesa. En Plastic Express fabriquem <strong>articles d&#8217;ABS a mida<\/strong> aplicant a l&#8217;material els processos de:<\/span><\/p>\n<ul>\n<li><a href=\"https:\/\/plasticexpress.es\/ca\/procesos\/tall-i-gravat-a-laser\/\">Tall i gravat l\u00e0ser<\/a><\/li>\n<li><a href=\"https:\/\/plasticexpress.es\/ca\/procesos\/mecanitzat-per-cnc\/\">Mecanitzat per CNC<\/a><\/li>\n<li><a href=\"https:\/\/plasticexpress.es\/ca\/procesos\/polit-i-abrillantat-de-materials-plastics\/\">Polit i abrillantat<\/a><\/li>\n<li><a href=\"https:\/\/plasticexpress.es\/ca\/procesos\/doblegat-de-materials-plastics\/\">Doblegat<\/a><\/li>\n<li><a href=\"https:\/\/plasticexpress.es\/ca\/procesos\/encolat-de-metacrilat\/\">Encolat<\/a><\/li>\n<li><a href=\"https:\/\/plasticexpress.es\/ca\/procesos\/embossat-amb-embotit-de-materials-plastics\/\">Termoformat i embotit de<\/a><\/li>\n<\/ul>\n<p><span style=\"font-weight: 400;\">Tamb\u00e9, el<\/span> <b>ABS<\/b><span style=\"font-weight: 400;\">compta amb les seg\u00fcents caracter\u00edstiques:<\/span><\/p>\n<ul>\n<li>Alta resist\u00e8ncia mec\u00e0nica i qu\u00edmica.<\/li>\n<li>R\u00edgid i homogeni.<\/li>\n<li>termoformable.<\/li>\n<li>Diferents textures superficials.<\/li>\n<li>Colors a mida.<\/li>\n<li>Excel\u00b7lents propietats mec\u00e0niques.<\/li>\n<li>Bona qualitat de superf\u00edcie.<\/li>\n<\/ul>\n<p><span style=\"font-weight: 400;\">Com a resultat el<\/span> <b>ABS<\/b> <span style=\"font-weight: 400;\">compta amb m\u00faltiples \u00e0rees d&#8217;aplicaci\u00f3:<\/span><\/p>\n<p><b>Seguretat i transport<\/b><\/p>\n<ul>\n<li>Ind\u00fastria de l&#8217;automoci\u00f3.<\/li>\n<\/ul>\n<p><b>Ind\u00fastria i maquin\u00e0ria<\/b><\/p>\n<ul>\n<li>Cobertes de m\u00e0quines.<\/li>\n<li>Prototipatge en s\u00e8ries curtes.<\/li>\n<li>Aplicacions en contacte amb aliments.<\/li>\n<li>Carcasses d&#8217;electrodom\u00e8stics.<\/li>\n<li>Portes frigor\u00edfiques.<\/li>\n<li>Equipatges.<\/li>\n<\/ul>\n<h2><b>COM SOL\u00b7LICITO ABS A MIDA?<\/b><\/h2>\n<p><span style=\"font-weight: 400;\">Finalment en Plastic Express et brindem assessoria en els teus projectes, a m\u00e9s comptem amb un equip professional i multidisciplinari per ajudar-te a seleccionar el material i la manipulaci\u00f3 necess\u00e0ria per executar les teves idees.<\/span><\/p>\n<p><span style=\"font-weight: 400;\">Per poder oferir-te un pressupost d&#8217;aquest material o un altre material dels que comercialitzem, envia&#8217;ns un correu a l&#8217;email<\/span> <b>info@plasticexpress.es<\/b> <span style=\"font-weight: 400;\">amb la seg\u00fcent informaci\u00f3<\/span><\/p>\n<p><span style=\"font-weight: 400;\">En cas de no trobar les mesures que necessites, sol\u00b7licita un <a href=\"https:\/\/plasticexpress.es\/ca\/procesos\/pressupostos-a-mida\/\"><strong>pressupost a mida<\/strong><\/a> o escriu-nos a <b>info@plasticexpress.es<\/b>, en l&#8217;assumpte indica el material com, per exemple, <strong>ABS a mida<\/strong><\/span><\/p>\n<p><span style=\"font-weight: 400;\">Recorda que si ets un professional de la ind\u00fastria pots obtenir descomptes especials accedint a el formulari de<\/span> <a href=\"https:\/\/plasticexpress.es\/ca\/procesos\/presupusto-per-a-professionals\/\"><b>pressupostos per a professionals<\/b><\/a>.<\/p>\n","protected":false},"excerpt":{"rendered":"<p>L&#8217; ABS \u00e9s un termopl\u00e0stic que es caracteritza per la seva resist\u00e8ncia als impactes i una gran rigidesa. En Plastic Express fabriquem articles d&#8217;ABS a mida aplicant a l&#8217;material els processos de: Tall i gravat l\u00e0ser Mecanitzat per CNC Polit i abrillantat Doblegat Encolat Termoformat i embotit de Tamb\u00e9, el ABScompta amb les seg\u00fcents caracter\u00edstiques: [&hellip;]<\/p>\n","protected":false},"featured_media":5181,"comment_status":"open","ping_status":"closed","template":"","meta":{"_acf_changed":false},"product_brand":[],"product_cat":[668],"product_tag":[750,752,755,1134],"class_list":{"0":"post-8808","1":"product","2":"type-product","3":"status-publish","4":"has-post-thumbnail","6":"product_cat-abs-ca","7":"product_tag-abs-ca","8":"product_tag-abs-plastic-ca","9":"product_tag-abs-plastic-ca-2","10":"product_tag-plastico-abs-ca","12":"first","13":"instock","14":"shipping-taxable","15":"purchasable","16":"product-type-variable","17":"has-default-attributes"},"acf":{"photo_gallery":{"opciones_de_agujeros":[[]]}},"yoast_head":"<!-- This site is optimized with the Yoast SEO plugin v27.2 - https:\/\/yoast.com\/product\/yoast-seo-wordpress\/ -->\n<title>Producte de material plastic ABS - Plasticexpress<\/title>\n<meta name=\"description\" content=\"L&#039; ABS \u00e9s un termopl\u00e0stic que es caracteritza per la seva resist\u00e8ncia als impactes i una gran rigidesa. En Plastic Express fabriquem articles d&#039;ABS a mida\" \/>\n<meta name=\"robots\" content=\"index, follow, max-snippet:-1, max-image-preview:large, max-video-preview:-1\" \/>\n<link rel=\"canonical\" href=\"https:\/\/plasticexpress.es\/ca\/producto\/materials\/abs-ca\/abs\/\" \/>\n<meta property=\"og:locale\" content=\"ca_ES\" \/>\n<meta property=\"og:type\" content=\"article\" \/>\n<meta property=\"og:title\" content=\"Producte de material plastic ABS - Plasticexpress\" \/>\n<meta property=\"og:description\" content=\"L&#039; ABS \u00e9s un termopl\u00e0stic que es caracteritza per la seva resist\u00e8ncia als impactes i una gran rigidesa. En Plastic Express fabriquem articles d&#039;ABS a mida\" \/>\n<meta property=\"og:url\" content=\"https:\/\/plasticexpress.es\/ca\/producto\/materials\/abs-ca\/abs\/\" \/>\n<meta property=\"og:site_name\" content=\"Plasticexpress\" \/>\n<meta property=\"article:modified_time\" content=\"2021-10-19T18:13:13+00:00\" \/>\n<meta property=\"og:image\" content=\"https:\/\/plasticexpress.es\/wp-content\/uploads\/2020\/09\/abs-01.jpg\" \/>\n\t<meta property=\"og:image:width\" content=\"1000\" \/>\n\t<meta property=\"og:image:height\" content=\"667\" \/>\n\t<meta property=\"og:image:type\" content=\"image\/jpeg\" \/>\n<meta name=\"twitter:card\" content=\"summary_large_image\" \/>\n<meta name=\"twitter:label1\" content=\"Temps estimat de lectura\" \/>\n\t<meta name=\"twitter:data1\" content=\"1 minut\" \/>\n<script type=\"application\/ld+json\" class=\"yoast-schema-graph\">{\"@context\":\"https:\/\/schema.org\",\"@graph\":[{\"@type\":\"WebPage\",\"@id\":\"https:\/\/plasticexpress.es\/ca\/producto\/materials\/abs-ca\/abs\/\",\"url\":\"https:\/\/plasticexpress.es\/ca\/producto\/materials\/abs-ca\/abs\/\",\"name\":\"Producte de material plastic ABS - Plasticexpress\",\"isPartOf\":{\"@id\":\"https:\/\/plasticexpress.es\/ca\/#website\"},\"primaryImageOfPage\":{\"@id\":\"https:\/\/plasticexpress.es\/ca\/producto\/materials\/abs-ca\/abs\/#primaryimage\"},\"image\":{\"@id\":\"https:\/\/plasticexpress.es\/ca\/producto\/materials\/abs-ca\/abs\/#primaryimage\"},\"thumbnailUrl\":\"https:\/\/plasticexpress.es\/wp-content\/uploads\/2020\/09\/abs-01.jpg\",\"datePublished\":\"2021-04-04T20:49:14+00:00\",\"dateModified\":\"2021-10-19T18:13:13+00:00\",\"description\":\"L' ABS \u00e9s un termopl\u00e0stic que es caracteritza per la seva resist\u00e8ncia als impactes i una gran rigidesa. En Plastic Express fabriquem articles d'ABS a mida\",\"breadcrumb\":{\"@id\":\"https:\/\/plasticexpress.es\/ca\/producto\/materials\/abs-ca\/abs\/#breadcrumb\"},\"inLanguage\":\"ca\",\"potentialAction\":[{\"@type\":\"ReadAction\",\"target\":[\"https:\/\/plasticexpress.es\/ca\/producto\/materials\/abs-ca\/abs\/\"]}]},{\"@type\":\"ImageObject\",\"inLanguage\":\"ca\",\"@id\":\"https:\/\/plasticexpress.es\/ca\/producto\/materials\/abs-ca\/abs\/#primaryimage\",\"url\":\"https:\/\/plasticexpress.es\/wp-content\/uploads\/2020\/09\/abs-01.jpg\",\"contentUrl\":\"https:\/\/plasticexpress.es\/wp-content\/uploads\/2020\/09\/abs-01.jpg\",\"width\":1000,\"height\":667,\"caption\":\"ABS\"},{\"@type\":\"BreadcrumbList\",\"@id\":\"https:\/\/plasticexpress.es\/ca\/producto\/materials\/abs-ca\/abs\/#breadcrumb\",\"itemListElement\":[{\"@type\":\"ListItem\",\"position\":1,\"name\":\"Portada\",\"item\":\"https:\/\/plasticexpress.es\/ca\/\"},{\"@type\":\"ListItem\",\"position\":2,\"name\":\"Shop\",\"item\":\"https:\/\/plasticexpress.es\/ca\/shop\/\"},{\"@type\":\"ListItem\",\"position\":3,\"name\":\"ABS\"}]},{\"@type\":\"WebSite\",\"@id\":\"https:\/\/plasticexpress.es\/ca\/#website\",\"url\":\"https:\/\/plasticexpress.es\/ca\/\",\"name\":\"Plasticexpress\",\"description\":\"Venta de materiales y art\u00edculos de Metacrilato\",\"potentialAction\":[{\"@type\":\"SearchAction\",\"target\":{\"@type\":\"EntryPoint\",\"urlTemplate\":\"https:\/\/plasticexpress.es\/ca\/?s={search_term_string}\"},\"query-input\":{\"@type\":\"PropertyValueSpecification\",\"valueRequired\":true,\"valueName\":\"search_term_string\"}}],\"inLanguage\":\"ca\"}]}<\/script>\n<!-- \/ Yoast SEO plugin. -->","yoast_head_json":{"title":"Producte de material plastic ABS - Plasticexpress","description":"L' ABS \u00e9s un termopl\u00e0stic que es caracteritza per la seva resist\u00e8ncia als impactes i una gran rigidesa. En Plastic Express fabriquem articles d'ABS a mida","robots":{"index":"index","follow":"follow","max-snippet":"max-snippet:-1","max-image-preview":"max-image-preview:large","max-video-preview":"max-video-preview:-1"},"canonical":"https:\/\/plasticexpress.es\/ca\/producto\/materials\/abs-ca\/abs\/","og_locale":"ca_ES","og_type":"article","og_title":"Producte de material plastic ABS - Plasticexpress","og_description":"L' ABS \u00e9s un termopl\u00e0stic que es caracteritza per la seva resist\u00e8ncia als impactes i una gran rigidesa. En Plastic Express fabriquem articles d'ABS a mida","og_url":"https:\/\/plasticexpress.es\/ca\/producto\/materials\/abs-ca\/abs\/","og_site_name":"Plasticexpress","article_modified_time":"2021-10-19T18:13:13+00:00","og_image":[{"width":1000,"height":667,"url":"https:\/\/plasticexpress.es\/wp-content\/uploads\/2020\/09\/abs-01.jpg","type":"image\/jpeg"}],"twitter_card":"summary_large_image","twitter_misc":{"Temps estimat de lectura":"1 minut"},"schema":{"@context":"https:\/\/schema.org","@graph":[{"@type":"WebPage","@id":"https:\/\/plasticexpress.es\/ca\/producto\/materials\/abs-ca\/abs\/","url":"https:\/\/plasticexpress.es\/ca\/producto\/materials\/abs-ca\/abs\/","name":"Producte de material plastic ABS - Plasticexpress","isPartOf":{"@id":"https:\/\/plasticexpress.es\/ca\/#website"},"primaryImageOfPage":{"@id":"https:\/\/plasticexpress.es\/ca\/producto\/materials\/abs-ca\/abs\/#primaryimage"},"image":{"@id":"https:\/\/plasticexpress.es\/ca\/producto\/materials\/abs-ca\/abs\/#primaryimage"},"thumbnailUrl":"https:\/\/plasticexpress.es\/wp-content\/uploads\/2020\/09\/abs-01.jpg","datePublished":"2021-04-04T20:49:14+00:00","dateModified":"2021-10-19T18:13:13+00:00","description":"L' ABS \u00e9s un termopl\u00e0stic que es caracteritza per la seva resist\u00e8ncia als impactes i una gran rigidesa. En Plastic Express fabriquem articles d'ABS a mida","breadcrumb":{"@id":"https:\/\/plasticexpress.es\/ca\/producto\/materials\/abs-ca\/abs\/#breadcrumb"},"inLanguage":"ca","potentialAction":[{"@type":"ReadAction","target":["https:\/\/plasticexpress.es\/ca\/producto\/materials\/abs-ca\/abs\/"]}]},{"@type":"ImageObject","inLanguage":"ca","@id":"https:\/\/plasticexpress.es\/ca\/producto\/materials\/abs-ca\/abs\/#primaryimage","url":"https:\/\/plasticexpress.es\/wp-content\/uploads\/2020\/09\/abs-01.jpg","contentUrl":"https:\/\/plasticexpress.es\/wp-content\/uploads\/2020\/09\/abs-01.jpg","width":1000,"height":667,"caption":"ABS"},{"@type":"BreadcrumbList","@id":"https:\/\/plasticexpress.es\/ca\/producto\/materials\/abs-ca\/abs\/#breadcrumb","itemListElement":[{"@type":"ListItem","position":1,"name":"Portada","item":"https:\/\/plasticexpress.es\/ca\/"},{"@type":"ListItem","position":2,"name":"Shop","item":"https:\/\/plasticexpress.es\/ca\/shop\/"},{"@type":"ListItem","position":3,"name":"ABS"}]},{"@type":"WebSite","@id":"https:\/\/plasticexpress.es\/ca\/#website","url":"https:\/\/plasticexpress.es\/ca\/","name":"Plasticexpress","description":"Venta de materiales y art\u00edculos de Metacrilato","potentialAction":[{"@type":"SearchAction","target":{"@type":"EntryPoint","urlTemplate":"https:\/\/plasticexpress.es\/ca\/?s={search_term_string}"},"query-input":{"@type":"PropertyValueSpecification","valueRequired":true,"valueName":"search_term_string"}}],"inLanguage":"ca"}]}},"_links":{"self":[{"href":"https:\/\/plasticexpress.es\/ca\/wp-json\/wp\/v2\/product\/8808","targetHints":{"allow":["GET"]}}],"collection":[{"href":"https:\/\/plasticexpress.es\/ca\/wp-json\/wp\/v2\/product"}],"about":[{"href":"https:\/\/plasticexpress.es\/ca\/wp-json\/wp\/v2\/types\/product"}],"replies":[{"embeddable":true,"href":"https:\/\/plasticexpress.es\/ca\/wp-json\/wp\/v2\/comments?post=8808"}],"version-history":[{"count":1,"href":"https:\/\/plasticexpress.es\/ca\/wp-json\/wp\/v2\/product\/8808\/revisions"}],"predecessor-version":[{"id":13513,"href":"https:\/\/plasticexpress.es\/ca\/wp-json\/wp\/v2\/product\/8808\/revisions\/13513"}],"wp:featuredmedia":[{"embeddable":true,"href":"https:\/\/plasticexpress.es\/ca\/wp-json\/wp\/v2\/media\/5181"}],"wp:attachment":[{"href":"https:\/\/plasticexpress.es\/ca\/wp-json\/wp\/v2\/media?parent=8808"}],"wp:term":[{"taxonomy":"product_brand","embeddable":true,"href":"https:\/\/plasticexpress.es\/ca\/wp-json\/wp\/v2\/product_brand?post=8808"},{"taxonomy":"product_cat","embeddable":true,"href":"https:\/\/plasticexpress.es\/ca\/wp-json\/wp\/v2\/product_cat?post=8808"},{"taxonomy":"product_tag","embeddable":true,"href":"https:\/\/plasticexpress.es\/ca\/wp-json\/wp\/v2\/product_tag?post=8808"}],"curies":[{"name":"wp","href":"https:\/\/api.w.org\/{rel}","templated":true}]}}