

{"id":8825,"date":"2020-10-01T16:18:41","date_gmt":"2021-04-04T21:40:48","guid":{"rendered":"https:\/\/plasticexpress.es\/producto\/Sense%20categoria\/caixa-rodona-de-metacrilat\/"},"modified":"2024-01-29T12:24:21","modified_gmt":"2024-01-29T11:24:21","slug":"caja-redonda-metacrilato","status":"publish","type":"product","link":"https:\/\/plasticexpress.es\/ca\/producto\/articles-ca\/caixes-i-urnes\/caja-redonda-ca-2\/caja-redonda-metacrilato\/","title":{"rendered":"Caixa rodona de metacrilat"},"content":{"rendered":"\t\t<div data-elementor-type=\"product-post\" data-elementor-id=\"8825\" class=\"elementor elementor-8825 elementor-2763\" data-elementor-post-type=\"product\">\n\t\t\t\t\t\t<section class=\"elementor-section elementor-top-section elementor-element elementor-element-3819fdc elementor-section-boxed elementor-section-height-default elementor-section-height-default\" data-id=\"3819fdc\" data-element_type=\"section\" data-e-type=\"section\">\n\t\t\t\t\t\t<div class=\"elementor-container elementor-column-gap-default\">\n\t\t\t\t\t<div class=\"elementor-column elementor-col-100 elementor-top-column elementor-element elementor-element-1dc5cc6f\" data-id=\"1dc5cc6f\" data-element_type=\"column\" data-e-type=\"column\">\n\t\t\t<div class=\"elementor-widget-wrap elementor-element-populated\">\n\t\t\t\t\t\t<div class=\"elementor-element elementor-element-1822a178 elementor-widget elementor-widget-text-editor\" data-id=\"1822a178\" data-element_type=\"widget\" data-e-type=\"widget\" data-widget_type=\"text-editor.default\">\n\t\t\t\t<div class=\"elementor-widget-container\">\n\t\t\t\t\t\t\t\t\t<p>Una<b> capsa rodona de metacrilat <\/b>pot ser ideal a l&#8217;hora d<b>&#8216;exposar i emmagatzemar els teus productes <\/b>d&#8217;una forma est\u00e8tica perqu\u00e8 no nom\u00e9s estiguin ordenats d&#8217;una manera funcional, sin\u00f3 que siguin agradables a la vista i col\u00b7laborin amb la decoraci\u00f3 de l&#8217;estan\u00e7a on estan col\u00b7locats.<\/p><p>\u00a0<\/p><p>A continuaci\u00f3, t\u2019expliquem totes les <b>caracter\u00edstiques i utilitats de tenir una capsa rodona de metacrilat<\/b>.<\/p><p>\u00a0<\/p><h2>Descripci\u00f3 i caracter\u00edstiques d&#8217;una capsa rodona de metacrilat<\/h2><p>Una <b>capsa de metacrilat rodona<\/b> \u00e9s un element excel\u00b7lent a l&#8217;hora d&#8217;emmagatzemar i organitzar els teus productes o pertinences. A m\u00e9s, ja que \u00e9s un objecte <b>totalment transparent <\/b>podr\u00e0s exhibir aquests objectes perqu\u00e8 adquireixin un toc decoratiu al lloc on decideixis posar-los. El principal avantatge del metacrilat \u00e9s que \u00e9s molt resistent, per tant, a m\u00e9s comptar\u00e0s amb total<b> seguretat i protecci\u00f3 <\/b>per als teus objectes m\u00e9s preuats.<\/p><p>\u00a0<\/p><p>Aquesta caixa est\u00e0 composta pels materials pl\u00e0stics de millor qualitat, utilitzant <b>metacrilat de colada incolor<\/b>. A m\u00e9s est\u00e0 dissenyada de manera que uneix diferents peces per a crear aquesta <b>forma rodona<\/b> tan caracter\u00edstica: primer est\u00e0 composta per una base de pl\u00e0stic en forma de rodona, despr\u00e9s un tub cil\u00edndric i per a finalitzar una tapa rodona que encaixa amb l&#8217;estructura perqu\u00e8 puguis obrir-la i tancar-la amb total comoditat amb l&#8217;ajuda d&#8217;un petit m\u00e0nec per a tirar d\u2019el.<\/p><p>\u00a0<\/p><p>Per a la creaci\u00f3 d&#8217;aquesta capsa tan pr\u00e0ctica i alhora est\u00e8tica s&#8217;han utilitzat els processos de tall del pl\u00e0stic a trav\u00e9s de l\u00e0ser i encolat del metacrilat. Les principals <b>caracter\u00edstiques del <\/b><a href=\"https:\/\/plasticexpress.es\/ca\/materials-ca\/metacrilat\/\"><b>metacrilat<\/b><\/a><b> transparent<\/b> s\u00f3n les seg\u00fcents:<\/p><ul><li aria-level=\"1\">Ofereix una<b> qualitat \u00f2ptica excel\u00b7lent<\/b>, ja que el seu nivell de transpar\u00e8ncia \u00e9s del 93%<\/li><li aria-level=\"1\">El metacrilat \u00e9s un <b>a\u00efllant ac\u00fastic i t\u00e8rmic <\/b>\u00f2ptim. No haur\u00e0s de preocupar-te en el cas que els objectes que dipositis a l&#8217;interior no puguin estar exposats a temperatures extremes de calor o fred.<\/li><li aria-level=\"1\">\u00c9s completament <b>resistent a impactes<\/b>. Per tant els teus objectes podran estar protegits dins d&#8217;una capsa de metacrilat i no haur\u00e0s de patir per possibles cops o caigudes.<\/li><li aria-level=\"1\">\u00c9s un material molt lleuger, ja que pesa la meitat que el vidre. En tenir una densitat una mica superior a l&#8217;aigua ho podr\u00e0s submergir sense que floti.<\/li><li aria-level=\"1\">Suporta perfectament les inclem\u00e8ncies del temps, ja sigui la humitat, l&#8217;aigua, el sol, el vent, els cops, etc. Per tant \u00e9s ideal per a utilitzar-la en exteriors amb una vida \u00fatil de fins a 10 anys en perfecte estat.<\/li><li aria-level=\"1\">El poliment del metacrilat \u00e9s molt senzill, d&#8217;aquesta manera <b>es pot reparar f\u00e0cilment <\/b>qualsevol ralladura que pugui sofrir.<\/li><li aria-level=\"1\">\u00c9s un <b>material molt flexible<\/b>, aix\u00f2 fa que duri m\u00e9s en el temps, per\u00f2 sense deformar-se.<\/li><li aria-level=\"1\">El metacrilat \u00e9s un <b>material f\u00e0cil de treballar<\/b>, aix\u00ed que podr\u00e0s fer forats, polir-lo o modelar-lo amb calor en el cas que el necessitessis.<\/li><\/ul><p>\u00a0<\/p><h1>Com sol\u00b7licitar una capsa rodona de metacrilat a mesura<\/h1><p>Si desitges adquirir una de les nostres <b>capses de metacrilat rodones<\/b> en una de les mesures est\u00e0ndard que tenim en estoc, simplement cal que entris a la nostra p\u00e0gina web i realitzis la compra des de la nostra<b> plataforma en l\u00ednia<\/b>. Si per contra el que est\u00e0s buscant \u00e9s una mica m\u00e9s espec\u00edfic no dubtis a contactar-nos.<\/p><p>\u00a0<\/p><p>Moltes vegades el projecte que puguis tenir al cap no s&#8217;adapta perfectament als productes que ja estan fabricats, per aix\u00f2 en <b>Plastic Express<\/b> oferim als nostres clients l&#8217;opci\u00f3 de crear les capses que necessitis en la mida que m\u00e9s et convingui. \u00c9s recomanable que donis un cop d&#8217;ull a la nostra web per a veure els formats d&#8217;articles dels quals disposem com les caixes quadrades opaques, les urnes transparents, etc.<\/p><p>\u00a0<\/p><p>Per a sol\u00b7licitar un article de metacrilat a mida pots demanar un pressupost personalitzat escrivint-nos al correu electr\u00f2nic <a href=\"mailto:info@plasticexpress.es\">info@plasticexpress.es<\/a> indicant en l&#8217;assumpte de l&#8217;email el producte sobre el qual est\u00e0s interessat i el material amb el qual vols que el realitzem. Per exemple: capsa rodona de metacrilat.<\/p><p>Per a finalitzar volem recordar-te que si ets un<b> professional de la ind\u00fastria<\/b> pots beneficiar-te d&#8217;uns certs descomptes accedint al formulari de pressupostos per a professionals que trobar\u00e0s en la nostra p\u00e0gina web.<\/p><p>\u00a0<\/p><p>Si necessites una capsa rodona de metacrilat, no dubtis a contactar amb nosaltres per a qualsevol dubte que tinguis, ja que per a nosaltres, en Plastic Express, \u00e9s important poder donar un servei professional i efectiu als nostres clients perqu\u00e8 ells puguin ocupar-se dels seus projectes d&#8217;una forma excel\u00b7lent.<\/p>\t\t\t\t\t\t\t\t<\/div>\n\t\t\t\t<\/div>\n\t\t\t\t\t<\/div>\n\t\t<\/div>\n\t\t\t\t\t<\/div>\n\t\t<\/section>\n\t\t\t\t<\/div>\n\t\t","protected":false},"excerpt":{"rendered":"<p>Una capsa rodona de metacrilat pot ser ideal a l&#8217;hora d&#8216;exposar i emmagatzemar els teus productes d&#8217;una forma est\u00e8tica perqu\u00e8 no nom\u00e9s estiguin ordenats d&#8217;una manera funcional, sin\u00f3 que siguin agradables a la vista i col\u00b7laborin amb la decoraci\u00f3 de l&#8217;estan\u00e7a on estan col\u00b7locats. A continuaci\u00f3, t\u2019expliquem totes les caracter\u00edstiques i utilitats de tenir una [&hellip;]<\/p>\n","protected":false},"featured_media":18873,"comment_status":"open","ping_status":"closed","template":"","meta":{"_acf_changed":false},"product_brand":[],"product_cat":[582,593,583],"product_tag":[768,1141,813,740],"class_list":{"0":"post-8825","1":"product","2":"type-product","3":"status-publish","4":"has-post-thumbnail","6":"product_cat-articles-ca","7":"product_cat-caja-redonda-ca-2","8":"product_cat-caixes-i-urnes","9":"product_tag-caixa-de-metacrilat","10":"product_tag-cerca-per-autor-de-metacrilat","11":"product_tag-metacrilat","12":"product_tag-metacrilat-incolor","14":"first","15":"instock","16":"shipping-taxable","17":"purchasable","18":"product-type-variable"},"acf":{"photo_gallery":{"opciones_de_agujeros":[[]]}},"yoast_head":"<!-- This site is optimized with the Yoast SEO plugin v27.4 - https:\/\/yoast.com\/product\/yoast-seo-wordpress\/ -->\n<title>Capsa rodona de metacrilat | Plastic Express<\/title>\n<meta name=\"description\" content=\"Compra les teves capses de pl\u00e0stic rodones a Plastic Express, fabricants de materials de metacrilat. Tria el tampany de la teva capsa rodona i compra ara.\" \/>\n<meta name=\"robots\" content=\"index, follow, max-snippet:-1, max-image-preview:large, max-video-preview:-1\" \/>\n<link rel=\"canonical\" href=\"https:\/\/plasticexpress.es\/ca\/producto\/articles-ca\/caixes-i-urnes\/caja-redonda-ca-2\/caja-redonda-metacrilato\/\" \/>\n<meta property=\"og:locale\" content=\"ca_ES\" \/>\n<meta property=\"og:type\" content=\"article\" \/>\n<meta property=\"og:title\" content=\"Capsa rodona de metacrilat | Plastic Express\" \/>\n<meta property=\"og:description\" content=\"Compra les teves capses de pl\u00e0stic rodones a Plastic Express, fabricants de materials de metacrilat. Tria el tampany de la teva capsa rodona i compra ara.\" \/>\n<meta property=\"og:url\" content=\"https:\/\/plasticexpress.es\/ca\/producto\/articles-ca\/caixes-i-urnes\/caja-redonda-ca-2\/caja-redonda-metacrilato\/\" \/>\n<meta property=\"og:site_name\" content=\"Plasticexpress\" \/>\n<meta property=\"article:modified_time\" content=\"2024-01-29T11:24:21+00:00\" \/>\n<meta property=\"og:image\" content=\"https:\/\/plasticexpress.es\/wp-content\/uploads\/2020\/10\/Caja-redonda-de-metacrilato-1-1.jpg\" \/>\n\t<meta property=\"og:image:width\" content=\"1296\" \/>\n\t<meta property=\"og:image:height\" content=\"864\" \/>\n\t<meta property=\"og:image:type\" content=\"image\/jpeg\" \/>\n<meta name=\"twitter:card\" content=\"summary_large_image\" \/>\n<meta name=\"twitter:label1\" content=\"Temps estimat de lectura\" \/>\n\t<meta name=\"twitter:data1\" content=\"4 minuts\" \/>\n<script type=\"application\/ld+json\" class=\"yoast-schema-graph\">{\"@context\":\"https:\\\/\\\/schema.org\",\"@graph\":[{\"@type\":\"WebPage\",\"@id\":\"https:\\\/\\\/plasticexpress.es\\\/ca\\\/producto\\\/articles-ca\\\/caixes-i-urnes\\\/caja-redonda-ca-2\\\/caja-redonda-metacrilato\\\/\",\"url\":\"https:\\\/\\\/plasticexpress.es\\\/ca\\\/producto\\\/articles-ca\\\/caixes-i-urnes\\\/caja-redonda-ca-2\\\/caja-redonda-metacrilato\\\/\",\"name\":\"Capsa rodona de metacrilat | Plastic Express\",\"isPartOf\":{\"@id\":\"https:\\\/\\\/plasticexpress.es\\\/ca\\\/#website\"},\"primaryImageOfPage\":{\"@id\":\"https:\\\/\\\/plasticexpress.es\\\/ca\\\/producto\\\/articles-ca\\\/caixes-i-urnes\\\/caja-redonda-ca-2\\\/caja-redonda-metacrilato\\\/#primaryimage\"},\"image\":{\"@id\":\"https:\\\/\\\/plasticexpress.es\\\/ca\\\/producto\\\/articles-ca\\\/caixes-i-urnes\\\/caja-redonda-ca-2\\\/caja-redonda-metacrilato\\\/#primaryimage\"},\"thumbnailUrl\":\"https:\\\/\\\/plasticexpress.es\\\/wp-content\\\/uploads\\\/2020\\\/10\\\/Caja-redonda-de-metacrilato-1-1.jpg\",\"datePublished\":\"2021-04-04T21:40:48+00:00\",\"dateModified\":\"2024-01-29T11:24:21+00:00\",\"description\":\"Compra les teves capses de pl\u00e0stic rodones a Plastic Express, fabricants de materials de metacrilat. Tria el tampany de la teva capsa rodona i compra ara.\",\"breadcrumb\":{\"@id\":\"https:\\\/\\\/plasticexpress.es\\\/ca\\\/producto\\\/articles-ca\\\/caixes-i-urnes\\\/caja-redonda-ca-2\\\/caja-redonda-metacrilato\\\/#breadcrumb\"},\"inLanguage\":\"ca\",\"potentialAction\":[{\"@type\":\"ReadAction\",\"target\":[\"https:\\\/\\\/plasticexpress.es\\\/ca\\\/producto\\\/articles-ca\\\/caixes-i-urnes\\\/caja-redonda-ca-2\\\/caja-redonda-metacrilato\\\/\"]}]},{\"@type\":\"ImageObject\",\"inLanguage\":\"ca\",\"@id\":\"https:\\\/\\\/plasticexpress.es\\\/ca\\\/producto\\\/articles-ca\\\/caixes-i-urnes\\\/caja-redonda-ca-2\\\/caja-redonda-metacrilato\\\/#primaryimage\",\"url\":\"https:\\\/\\\/plasticexpress.es\\\/wp-content\\\/uploads\\\/2020\\\/10\\\/Caja-redonda-de-metacrilato-1-1.jpg\",\"contentUrl\":\"https:\\\/\\\/plasticexpress.es\\\/wp-content\\\/uploads\\\/2020\\\/10\\\/Caja-redonda-de-metacrilato-1-1.jpg\",\"width\":1296,\"height\":864},{\"@type\":\"BreadcrumbList\",\"@id\":\"https:\\\/\\\/plasticexpress.es\\\/ca\\\/producto\\\/articles-ca\\\/caixes-i-urnes\\\/caja-redonda-ca-2\\\/caja-redonda-metacrilato\\\/#breadcrumb\",\"itemListElement\":[{\"@type\":\"ListItem\",\"position\":1,\"name\":\"Portada\",\"item\":\"https:\\\/\\\/plasticexpress.es\\\/ca\\\/\"},{\"@type\":\"ListItem\",\"position\":2,\"name\":\"Shop\",\"item\":\"https:\\\/\\\/plasticexpress.es\\\/ca\\\/shop\\\/\"},{\"@type\":\"ListItem\",\"position\":3,\"name\":\"Caixa rodona de metacrilat\"}]},{\"@type\":\"WebSite\",\"@id\":\"https:\\\/\\\/plasticexpress.es\\\/ca\\\/#website\",\"url\":\"https:\\\/\\\/plasticexpress.es\\\/ca\\\/\",\"name\":\"Plasticexpress\",\"description\":\"Venta de materiales y art\u00edculos de Metacrilato\",\"potentialAction\":[{\"@type\":\"SearchAction\",\"target\":{\"@type\":\"EntryPoint\",\"urlTemplate\":\"https:\\\/\\\/plasticexpress.es\\\/ca\\\/?s={search_term_string}\"},\"query-input\":{\"@type\":\"PropertyValueSpecification\",\"valueRequired\":true,\"valueName\":\"search_term_string\"}}],\"inLanguage\":\"ca\"}]}<\/script>\n<!-- \/ Yoast SEO plugin. -->","yoast_head_json":{"title":"Capsa rodona de metacrilat | Plastic Express","description":"Compra les teves capses de pl\u00e0stic rodones a Plastic Express, fabricants de materials de metacrilat. Tria el tampany de la teva capsa rodona i compra ara.","robots":{"index":"index","follow":"follow","max-snippet":"max-snippet:-1","max-image-preview":"max-image-preview:large","max-video-preview":"max-video-preview:-1"},"canonical":"https:\/\/plasticexpress.es\/ca\/producto\/articles-ca\/caixes-i-urnes\/caja-redonda-ca-2\/caja-redonda-metacrilato\/","og_locale":"ca_ES","og_type":"article","og_title":"Capsa rodona de metacrilat | Plastic Express","og_description":"Compra les teves capses de pl\u00e0stic rodones a Plastic Express, fabricants de materials de metacrilat. Tria el tampany de la teva capsa rodona i compra ara.","og_url":"https:\/\/plasticexpress.es\/ca\/producto\/articles-ca\/caixes-i-urnes\/caja-redonda-ca-2\/caja-redonda-metacrilato\/","og_site_name":"Plasticexpress","article_modified_time":"2024-01-29T11:24:21+00:00","og_image":[{"width":1296,"height":864,"url":"https:\/\/plasticexpress.es\/wp-content\/uploads\/2020\/10\/Caja-redonda-de-metacrilato-1-1.jpg","type":"image\/jpeg"}],"twitter_card":"summary_large_image","twitter_misc":{"Temps estimat de lectura":"4 minuts"},"schema":{"@context":"https:\/\/schema.org","@graph":[{"@type":"WebPage","@id":"https:\/\/plasticexpress.es\/ca\/producto\/articles-ca\/caixes-i-urnes\/caja-redonda-ca-2\/caja-redonda-metacrilato\/","url":"https:\/\/plasticexpress.es\/ca\/producto\/articles-ca\/caixes-i-urnes\/caja-redonda-ca-2\/caja-redonda-metacrilato\/","name":"Capsa rodona de metacrilat | Plastic Express","isPartOf":{"@id":"https:\/\/plasticexpress.es\/ca\/#website"},"primaryImageOfPage":{"@id":"https:\/\/plasticexpress.es\/ca\/producto\/articles-ca\/caixes-i-urnes\/caja-redonda-ca-2\/caja-redonda-metacrilato\/#primaryimage"},"image":{"@id":"https:\/\/plasticexpress.es\/ca\/producto\/articles-ca\/caixes-i-urnes\/caja-redonda-ca-2\/caja-redonda-metacrilato\/#primaryimage"},"thumbnailUrl":"https:\/\/plasticexpress.es\/wp-content\/uploads\/2020\/10\/Caja-redonda-de-metacrilato-1-1.jpg","datePublished":"2021-04-04T21:40:48+00:00","dateModified":"2024-01-29T11:24:21+00:00","description":"Compra les teves capses de pl\u00e0stic rodones a Plastic Express, fabricants de materials de metacrilat. Tria el tampany de la teva capsa rodona i compra ara.","breadcrumb":{"@id":"https:\/\/plasticexpress.es\/ca\/producto\/articles-ca\/caixes-i-urnes\/caja-redonda-ca-2\/caja-redonda-metacrilato\/#breadcrumb"},"inLanguage":"ca","potentialAction":[{"@type":"ReadAction","target":["https:\/\/plasticexpress.es\/ca\/producto\/articles-ca\/caixes-i-urnes\/caja-redonda-ca-2\/caja-redonda-metacrilato\/"]}]},{"@type":"ImageObject","inLanguage":"ca","@id":"https:\/\/plasticexpress.es\/ca\/producto\/articles-ca\/caixes-i-urnes\/caja-redonda-ca-2\/caja-redonda-metacrilato\/#primaryimage","url":"https:\/\/plasticexpress.es\/wp-content\/uploads\/2020\/10\/Caja-redonda-de-metacrilato-1-1.jpg","contentUrl":"https:\/\/plasticexpress.es\/wp-content\/uploads\/2020\/10\/Caja-redonda-de-metacrilato-1-1.jpg","width":1296,"height":864},{"@type":"BreadcrumbList","@id":"https:\/\/plasticexpress.es\/ca\/producto\/articles-ca\/caixes-i-urnes\/caja-redonda-ca-2\/caja-redonda-metacrilato\/#breadcrumb","itemListElement":[{"@type":"ListItem","position":1,"name":"Portada","item":"https:\/\/plasticexpress.es\/ca\/"},{"@type":"ListItem","position":2,"name":"Shop","item":"https:\/\/plasticexpress.es\/ca\/shop\/"},{"@type":"ListItem","position":3,"name":"Caixa rodona de metacrilat"}]},{"@type":"WebSite","@id":"https:\/\/plasticexpress.es\/ca\/#website","url":"https:\/\/plasticexpress.es\/ca\/","name":"Plasticexpress","description":"Venta de materiales y art\u00edculos de Metacrilato","potentialAction":[{"@type":"SearchAction","target":{"@type":"EntryPoint","urlTemplate":"https:\/\/plasticexpress.es\/ca\/?s={search_term_string}"},"query-input":{"@type":"PropertyValueSpecification","valueRequired":true,"valueName":"search_term_string"}}],"inLanguage":"ca"}]}},"_links":{"self":[{"href":"https:\/\/plasticexpress.es\/ca\/wp-json\/wp\/v2\/product\/8825","targetHints":{"allow":["GET"]}}],"collection":[{"href":"https:\/\/plasticexpress.es\/ca\/wp-json\/wp\/v2\/product"}],"about":[{"href":"https:\/\/plasticexpress.es\/ca\/wp-json\/wp\/v2\/types\/product"}],"replies":[{"embeddable":true,"href":"https:\/\/plasticexpress.es\/ca\/wp-json\/wp\/v2\/comments?post=8825"}],"version-history":[{"count":5,"href":"https:\/\/plasticexpress.es\/ca\/wp-json\/wp\/v2\/product\/8825\/revisions"}],"predecessor-version":[{"id":14218,"href":"https:\/\/plasticexpress.es\/ca\/wp-json\/wp\/v2\/product\/8825\/revisions\/14218"}],"wp:featuredmedia":[{"embeddable":true,"href":"https:\/\/plasticexpress.es\/ca\/wp-json\/wp\/v2\/media\/18873"}],"wp:attachment":[{"href":"https:\/\/plasticexpress.es\/ca\/wp-json\/wp\/v2\/media?parent=8825"}],"wp:term":[{"taxonomy":"product_brand","embeddable":true,"href":"https:\/\/plasticexpress.es\/ca\/wp-json\/wp\/v2\/product_brand?post=8825"},{"taxonomy":"product_cat","embeddable":true,"href":"https:\/\/plasticexpress.es\/ca\/wp-json\/wp\/v2\/product_cat?post=8825"},{"taxonomy":"product_tag","embeddable":true,"href":"https:\/\/plasticexpress.es\/ca\/wp-json\/wp\/v2\/product_tag?post=8825"}],"curies":[{"name":"wp","href":"https:\/\/api.w.org\/{rel}","templated":true}]}}