

{"id":8843,"date":"2020-10-01T16:18:43","date_gmt":"2021-04-04T22:00:16","guid":{"rendered":"https:\/\/plasticexpress.es\/producto\/Sense%20categoria\/caixa-quadrada-de-metacrilat\/"},"modified":"2024-01-29T12:46:41","modified_gmt":"2024-01-29T11:46:41","slug":"caja-cuadrada","status":"publish","type":"product","link":"https:\/\/plasticexpress.es\/ca\/producto\/articles-ca\/caixes-i-urnes\/caja-cuadrada-ca\/caja-cuadrada\/","title":{"rendered":"Caixa quadrada de metacrilat"},"content":{"rendered":"\t\t<div data-elementor-type=\"product-post\" data-elementor-id=\"8843\" class=\"elementor elementor-8843 elementor-2770\" data-elementor-post-type=\"product\">\n\t\t\t\t\t\t<section class=\"elementor-section elementor-top-section elementor-element elementor-element-484bbcc elementor-section-boxed elementor-section-height-default elementor-section-height-default\" data-id=\"484bbcc\" data-element_type=\"section\" data-e-type=\"section\">\n\t\t\t\t\t\t<div class=\"elementor-container elementor-column-gap-default\">\n\t\t\t\t\t<div class=\"elementor-column elementor-col-100 elementor-top-column elementor-element elementor-element-52350e44\" data-id=\"52350e44\" data-element_type=\"column\" data-e-type=\"column\">\n\t\t\t<div class=\"elementor-widget-wrap elementor-element-populated\">\n\t\t\t\t\t\t<div class=\"elementor-element elementor-element-488b3363 elementor-widget elementor-widget-text-editor\" data-id=\"488b3363\" data-element_type=\"widget\" data-e-type=\"widget\" data-widget_type=\"text-editor.default\">\n\t\t\t\t<div class=\"elementor-widget-container\">\n\t\t\t\t\t\t\t\t\t<h2>Descripci\u00f3 de la caixa quadrada de metacrilat<\/h2><p>La<b> caixa quadrada de metacrilat incolor<\/b> serveix per a organitzar, exhibir i protegir els teus productes o pertinences. Aquesta caixa subtil i transparent aporta un estil minimalista ideal que combina a la perfecci\u00f3 amb qualsevol mobiliari.<\/p><p>Fabricada \u00edntegrament de <a href=\"https:\/\/plasticexpress.es\/ca\/producto\/materials-ca\/metacrilat\/metacrilat-transparent\/metacrilat-transparent\/\">metacrilat de colada incolor<\/a>, la<b> caixa quadrada <\/b>\u00e9s un objecte amb caracter\u00edstiques \u00f2ptiques singulars. Es composa d\u2019una placa de metacrilat en forma de quadrat i quatre plaques m\u00e9s l&#8217;envolten. A m\u00e9s, la seva tapa es compon d&#8217;una altra placa de metacrilat en forma de quadrat i un petit cilindre per a tirar i poder obrir-la f\u00e0cilment.<\/p><p>Necessites una <b>caixa quadrada de metacrilat<\/b>? A <a href=\"https:\/\/plasticexpress.es\/ca\/\">Plastic Express<\/a> ens encarregarem de dissenyar, fabricar i enviar tants articles com necessitis. La idea \u00e9s ajudar-te perqu\u00e8 tinguis la forma que millor s&#8217;adapti al teu projecte.<\/p><p>Treballem amb tecnologia d&#8217;alta precisi\u00f3 i \u00faltima generaci\u00f3 durant el proc\u00e9s de fabricaci\u00f3 per a garantir la qualitat dels nostres productes. De fet, durant la transformaci\u00f3 d&#8217;aquestes<b> caixes o urnes<\/b> s&#8217;empren processos avan\u00e7ats de <a href=\"https:\/\/plasticexpress.es\/ca\/procesos\/tall-i-gravat-a-laser\/\">tall laser de metacrilat<\/a> i <a href=\"https:\/\/plasticexpress.es\/ca\/procesos\/encolat-de-metacrilat\/\">encolat de metacrilat<\/a>. A m\u00e9s, podr\u00e0s complementar la teva caixa com necessitis amb dissenys d&#8217;impressi\u00f3 digital, sistemes de tancament espec\u00edfics o frontisses de gran durabilitat i resist\u00e8ncia, entre altres complements.<\/p><p>\u00a0<\/p><h2>Caracter\u00edstiques i aplicacions de la caixa quadrada de metacrilat<\/h2><p>Les<b> caixes quadrades de metacrilat tenen una gran quantitat d&#8217;utilitats diferents<\/b>. El seu disseny, resist\u00e8ncia i la possibilitat de fabricar-les en diferents grand\u00e0ries, les converteixen en un producte imprescindible per a molts negocis, siguin del tipus que siguin.<\/p><p>Una de les <b>caracter\u00edstiques<\/b> m\u00e9s destacades del <a href=\"https:\/\/plasticexpress.es\/ca\/materials-ca\/metacrilat\/\">metacrilat<\/a> \u00e9s la seva <b>versatilitat<\/b>, permetent donar-li la forma desitjada sense cap problema. Si est\u00e0s buscant caixes quadrades, tenim el que necessites, de manera que el contingut que desitges guardar quedi el m\u00e9s natural possible. Es tracta d&#8217;articles perfectes per a emmagatzemar llibres, sabates o equips electr\u00f2nics, entre moltes altres coses.<\/p><p>Les caixes quadrades de metacrilat tamb\u00e9 <b>poden ser emprades com a regals promocionals<\/b>. At\u00e8s que podem crear qualsevol grand\u00e0ria, pot convertir-se en l&#8217;embolcall perfecte per a dipositar qualsevol obsequi de valor. Si tens al cap un pla de m\u00e0rqueting efectiu per a agrair la fidelitat dels teus clients o per a cridar l&#8217;atenci\u00f3 de potencials compradors, aquesta \u00e9s una magn\u00edfica opci\u00f3 per a <b>donar valor al producte<\/b>. A m\u00e9s, \u00e9s possible incloure un logotip o missatge perqu\u00e8 els usuaris puguin relacionar en tot moment la caixa amb la companyia.<\/p><p>Una caixa quadrada de metacrilat tamb\u00e9<b> pot servir d&#8217;expositor<\/b>. El seu material permet veure tot el que hi ha en el seu interior, i els elements que tinguin la forma id\u00f2nia per a dipositar-los en el seu interior ser\u00e0n visibles, a m\u00e9s d\u2019estar protegits.<\/p><p>En aquest sentit, les caixes quadrades de metacrilat tamb\u00e9<b> s\u00f3n emprades per a protegir els aparells o objectes guardats en el seu interior<\/b>, com una tauleta o dispositiu m\u00f2bil. D&#8217;aquesta manera estaran a resguard dels cops i la brut\u00edcia. L&#8217;\u00fanica cosa que cal saber \u00e9s triar la grand\u00e0ria perfecta perqu\u00e8 els articles s&#8217;adaptin al seu interior sense cap problema.<\/p><p>Aix\u00ed mateix, les caixes quadrades de metacrilat poden assemblar-se unes damunt d&#8217;altres <b>com si fos una prestatgeria<\/b>. Sens dubte, \u00e9s la millor forma perqu\u00e8 els productes d&#8217;una mateixa categoria, com poden ser sabates, llueixin ordenats i vistosos. En aquest cas, parlem de <b>vitrines decoratives<\/b>, la forma quadrada de les quals s&#8217;emmotlla perfectament a l&#8217;article en q\u00fcesti\u00f3.<\/p><p>En resum, les opcions que ofereixen aquestes caixes quadrades dissenyades amb metacrilat s\u00f3n nombroses. No obstant aix\u00f2, tamb\u00e9 \u00e9s possible combinar-les amb altres formes si necessites guardar o mostrar productes de diversa \u00edndole.<\/p><p><b>S\u00f3n ideals per a qualsevol botiga<\/b> o negoci comercial que es pre\u00ef, encara que tamb\u00e9 poden emprar-se en domicilis particulars. Cal no oblidar que aquestes caixes s\u00f3n molt est\u00e8tiques i aportaran un aire fresc i actual a l&#8217;ambient, independent de la mena de decoraci\u00f3.<\/p><p><b>Quines s\u00f3n les seves principals aplicacions? <\/b>El seg\u00fcent llistat enumera diferents possibilitats per a poder fer-se una idea de tot el seu potencial:<\/p><ul><li aria-level=\"1\">Interiorisme<\/li><li aria-level=\"1\">Decoraci\u00f3<\/li><li aria-level=\"1\">Botigues de dol\u00e7os<\/li><li aria-level=\"1\">Joieria<\/li><li aria-level=\"1\">Culin\u00e0ria<\/li><li aria-level=\"1\">Utensilis d&#8217;oficina<\/li><li aria-level=\"1\">Utensilis d&#8217;estudi<\/li><li aria-level=\"1\">Organitzaci\u00f3 d&#8217;espais<\/li><li aria-level=\"1\">Expositor de productes<\/li><li aria-level=\"1\">Aparadorisme<\/li><li aria-level=\"1\">Suport per a articles de decoraci\u00f3<\/li><li aria-level=\"1\">Suport incolor<\/li><\/ul><p>A partir d&#8217;una col\u00b7lecci\u00f3 d&#8217;articles selectes, <b>Plastic Express<\/b> ha creat una l\u00ednia de caixes i urnes de gran atractiu. Si est\u00e0s interessat a comprar una<b> caixa quadrada <\/b>pots fer-ho a trav\u00e9s de la nostra botiga en l\u00ednia.<\/p><p>Si necessites aquest article en grand\u00e0ries diferents, sol\u00b7licita&#8217;ns un pressupost a trav\u00e9s de la nostra web o mana&#8217;ns un correu al mail <a href=\"mailto:info@plasticexpress.es\">info@plasticexpress.es<\/a> aportant algunes dades essencials en l&#8217;assumpte del missatge: article en el qual est\u00e0s interessat i material de fabricaci\u00f3. En aquest cas, seria una caixa quadrada de metacrilat. En el cos no oblidis incloure el nombre d&#8217;unitats i les mesures.<\/p><p>En cas que siguis un professional de la ind\u00fastria, tindr\u00e0s la possibilitat d&#8217;accedir a <b>descomptes especials<\/b>. Per a beneficiar-te d&#8217;aix\u00f2 bastar\u00e0 amb utilitzar el <b>formulari de pressupostos<\/b> per a professionals que trobar\u00e0s en la nostra p\u00e0gina.<\/p>\t\t\t\t\t\t\t\t<\/div>\n\t\t\t\t<\/div>\n\t\t\t\t\t<\/div>\n\t\t<\/div>\n\t\t\t\t\t<\/div>\n\t\t<\/section>\n\t\t\t\t<\/div>\n\t\t","protected":false},"excerpt":{"rendered":"<p>Descripci\u00f3 de la caixa quadrada de metacrilat La caixa quadrada de metacrilat incolor serveix per a organitzar, exhibir i protegir els teus productes o pertinences. Aquesta caixa subtil i transparent aporta un estil minimalista ideal que combina a la perfecci\u00f3 amb qualsevol mobiliari. Fabricada \u00edntegrament de metacrilat de colada incolor, la caixa quadrada \u00e9s un [&hellip;]<\/p>\n","protected":false},"featured_media":18876,"comment_status":"open","ping_status":"closed","template":"","meta":{"_acf_changed":false},"product_brand":[],"product_cat":[582,590,583],"product_tag":[768,1141,813,740],"class_list":{"0":"post-8843","1":"product","2":"type-product","3":"status-publish","4":"has-post-thumbnail","6":"product_cat-articles-ca","7":"product_cat-caja-cuadrada-ca","8":"product_cat-caixes-i-urnes","9":"product_tag-caixa-de-metacrilat","10":"product_tag-cerca-per-autor-de-metacrilat","11":"product_tag-metacrilat","12":"product_tag-metacrilat-incolor","14":"first","15":"instock","16":"shipping-taxable","17":"purchasable","18":"product-type-variable"},"acf":{"photo_gallery":{"opciones_de_agujeros":[[]]}},"yoast_head":"<!-- This site is optimized with the Yoast SEO plugin v27.2 - https:\/\/yoast.com\/product\/yoast-seo-wordpress\/ -->\n<title>Caixa quadrada de metacrilat | Plastic Express<\/title>\n<meta name=\"description\" content=\"Compra les teves caixes de metacrilat al millor preu a Plastic Express. Tria la mida que desitges per a la teva caixa quadrada i rep-la ja.\" \/>\n<meta name=\"robots\" content=\"index, follow, max-snippet:-1, max-image-preview:large, max-video-preview:-1\" \/>\n<link rel=\"canonical\" href=\"https:\/\/plasticexpress.es\/ca\/producto\/articles-ca\/caixes-i-urnes\/caja-cuadrada-ca\/caja-cuadrada\/\" \/>\n<meta property=\"og:locale\" content=\"ca_ES\" \/>\n<meta property=\"og:type\" content=\"article\" \/>\n<meta property=\"og:title\" content=\"Caixa quadrada de metacrilat | Plastic Express\" \/>\n<meta property=\"og:description\" content=\"Compra les teves caixes de metacrilat al millor preu a Plastic Express. Tria la mida que desitges per a la teva caixa quadrada i rep-la ja.\" \/>\n<meta property=\"og:url\" content=\"https:\/\/plasticexpress.es\/ca\/producto\/articles-ca\/caixes-i-urnes\/caja-cuadrada-ca\/caja-cuadrada\/\" \/>\n<meta property=\"og:site_name\" content=\"Plasticexpress\" \/>\n<meta property=\"article:modified_time\" content=\"2024-01-29T11:46:41+00:00\" \/>\n<meta property=\"og:image\" content=\"https:\/\/plasticexpress.es\/wp-content\/uploads\/2020\/10\/Caja-cuadrada-de-metacrilato-1-1.jpg\" \/>\n\t<meta property=\"og:image:width\" content=\"1296\" \/>\n\t<meta property=\"og:image:height\" content=\"864\" \/>\n\t<meta property=\"og:image:type\" content=\"image\/jpeg\" \/>\n<meta name=\"twitter:card\" content=\"summary_large_image\" \/>\n<meta name=\"twitter:label1\" content=\"Temps estimat de lectura\" \/>\n\t<meta name=\"twitter:data1\" content=\"4 minuts\" \/>\n<script type=\"application\/ld+json\" class=\"yoast-schema-graph\">{\"@context\":\"https:\/\/schema.org\",\"@graph\":[{\"@type\":\"WebPage\",\"@id\":\"https:\/\/plasticexpress.es\/ca\/producto\/articles-ca\/caixes-i-urnes\/caja-cuadrada-ca\/caja-cuadrada\/\",\"url\":\"https:\/\/plasticexpress.es\/ca\/producto\/articles-ca\/caixes-i-urnes\/caja-cuadrada-ca\/caja-cuadrada\/\",\"name\":\"Caixa quadrada de metacrilat | Plastic Express\",\"isPartOf\":{\"@id\":\"https:\/\/plasticexpress.es\/ca\/#website\"},\"primaryImageOfPage\":{\"@id\":\"https:\/\/plasticexpress.es\/ca\/producto\/articles-ca\/caixes-i-urnes\/caja-cuadrada-ca\/caja-cuadrada\/#primaryimage\"},\"image\":{\"@id\":\"https:\/\/plasticexpress.es\/ca\/producto\/articles-ca\/caixes-i-urnes\/caja-cuadrada-ca\/caja-cuadrada\/#primaryimage\"},\"thumbnailUrl\":\"https:\/\/plasticexpress.es\/wp-content\/uploads\/2020\/10\/Caja-cuadrada-de-metacrilato-1-1.jpg\",\"datePublished\":\"2021-04-04T22:00:16+00:00\",\"dateModified\":\"2024-01-29T11:46:41+00:00\",\"description\":\"Compra les teves caixes de metacrilat al millor preu a Plastic Express. Tria la mida que desitges per a la teva caixa quadrada i rep-la ja.\",\"breadcrumb\":{\"@id\":\"https:\/\/plasticexpress.es\/ca\/producto\/articles-ca\/caixes-i-urnes\/caja-cuadrada-ca\/caja-cuadrada\/#breadcrumb\"},\"inLanguage\":\"ca\",\"potentialAction\":[{\"@type\":\"ReadAction\",\"target\":[\"https:\/\/plasticexpress.es\/ca\/producto\/articles-ca\/caixes-i-urnes\/caja-cuadrada-ca\/caja-cuadrada\/\"]}]},{\"@type\":\"ImageObject\",\"inLanguage\":\"ca\",\"@id\":\"https:\/\/plasticexpress.es\/ca\/producto\/articles-ca\/caixes-i-urnes\/caja-cuadrada-ca\/caja-cuadrada\/#primaryimage\",\"url\":\"https:\/\/plasticexpress.es\/wp-content\/uploads\/2020\/10\/Caja-cuadrada-de-metacrilato-1-1.jpg\",\"contentUrl\":\"https:\/\/plasticexpress.es\/wp-content\/uploads\/2020\/10\/Caja-cuadrada-de-metacrilato-1-1.jpg\",\"width\":1296,\"height\":864},{\"@type\":\"BreadcrumbList\",\"@id\":\"https:\/\/plasticexpress.es\/ca\/producto\/articles-ca\/caixes-i-urnes\/caja-cuadrada-ca\/caja-cuadrada\/#breadcrumb\",\"itemListElement\":[{\"@type\":\"ListItem\",\"position\":1,\"name\":\"Portada\",\"item\":\"https:\/\/plasticexpress.es\/ca\/\"},{\"@type\":\"ListItem\",\"position\":2,\"name\":\"Shop\",\"item\":\"https:\/\/plasticexpress.es\/ca\/shop\/\"},{\"@type\":\"ListItem\",\"position\":3,\"name\":\"Caixa quadrada de metacrilat\"}]},{\"@type\":\"WebSite\",\"@id\":\"https:\/\/plasticexpress.es\/ca\/#website\",\"url\":\"https:\/\/plasticexpress.es\/ca\/\",\"name\":\"Plasticexpress\",\"description\":\"Venta de materiales y art\u00edculos de Metacrilato\",\"potentialAction\":[{\"@type\":\"SearchAction\",\"target\":{\"@type\":\"EntryPoint\",\"urlTemplate\":\"https:\/\/plasticexpress.es\/ca\/?s={search_term_string}\"},\"query-input\":{\"@type\":\"PropertyValueSpecification\",\"valueRequired\":true,\"valueName\":\"search_term_string\"}}],\"inLanguage\":\"ca\"}]}<\/script>\n<!-- \/ Yoast SEO plugin. -->","yoast_head_json":{"title":"Caixa quadrada de metacrilat | Plastic Express","description":"Compra les teves caixes de metacrilat al millor preu a Plastic Express. Tria la mida que desitges per a la teva caixa quadrada i rep-la ja.","robots":{"index":"index","follow":"follow","max-snippet":"max-snippet:-1","max-image-preview":"max-image-preview:large","max-video-preview":"max-video-preview:-1"},"canonical":"https:\/\/plasticexpress.es\/ca\/producto\/articles-ca\/caixes-i-urnes\/caja-cuadrada-ca\/caja-cuadrada\/","og_locale":"ca_ES","og_type":"article","og_title":"Caixa quadrada de metacrilat | Plastic Express","og_description":"Compra les teves caixes de metacrilat al millor preu a Plastic Express. Tria la mida que desitges per a la teva caixa quadrada i rep-la ja.","og_url":"https:\/\/plasticexpress.es\/ca\/producto\/articles-ca\/caixes-i-urnes\/caja-cuadrada-ca\/caja-cuadrada\/","og_site_name":"Plasticexpress","article_modified_time":"2024-01-29T11:46:41+00:00","og_image":[{"width":1296,"height":864,"url":"https:\/\/plasticexpress.es\/wp-content\/uploads\/2020\/10\/Caja-cuadrada-de-metacrilato-1-1.jpg","type":"image\/jpeg"}],"twitter_card":"summary_large_image","twitter_misc":{"Temps estimat de lectura":"4 minuts"},"schema":{"@context":"https:\/\/schema.org","@graph":[{"@type":"WebPage","@id":"https:\/\/plasticexpress.es\/ca\/producto\/articles-ca\/caixes-i-urnes\/caja-cuadrada-ca\/caja-cuadrada\/","url":"https:\/\/plasticexpress.es\/ca\/producto\/articles-ca\/caixes-i-urnes\/caja-cuadrada-ca\/caja-cuadrada\/","name":"Caixa quadrada de metacrilat | Plastic Express","isPartOf":{"@id":"https:\/\/plasticexpress.es\/ca\/#website"},"primaryImageOfPage":{"@id":"https:\/\/plasticexpress.es\/ca\/producto\/articles-ca\/caixes-i-urnes\/caja-cuadrada-ca\/caja-cuadrada\/#primaryimage"},"image":{"@id":"https:\/\/plasticexpress.es\/ca\/producto\/articles-ca\/caixes-i-urnes\/caja-cuadrada-ca\/caja-cuadrada\/#primaryimage"},"thumbnailUrl":"https:\/\/plasticexpress.es\/wp-content\/uploads\/2020\/10\/Caja-cuadrada-de-metacrilato-1-1.jpg","datePublished":"2021-04-04T22:00:16+00:00","dateModified":"2024-01-29T11:46:41+00:00","description":"Compra les teves caixes de metacrilat al millor preu a Plastic Express. Tria la mida que desitges per a la teva caixa quadrada i rep-la ja.","breadcrumb":{"@id":"https:\/\/plasticexpress.es\/ca\/producto\/articles-ca\/caixes-i-urnes\/caja-cuadrada-ca\/caja-cuadrada\/#breadcrumb"},"inLanguage":"ca","potentialAction":[{"@type":"ReadAction","target":["https:\/\/plasticexpress.es\/ca\/producto\/articles-ca\/caixes-i-urnes\/caja-cuadrada-ca\/caja-cuadrada\/"]}]},{"@type":"ImageObject","inLanguage":"ca","@id":"https:\/\/plasticexpress.es\/ca\/producto\/articles-ca\/caixes-i-urnes\/caja-cuadrada-ca\/caja-cuadrada\/#primaryimage","url":"https:\/\/plasticexpress.es\/wp-content\/uploads\/2020\/10\/Caja-cuadrada-de-metacrilato-1-1.jpg","contentUrl":"https:\/\/plasticexpress.es\/wp-content\/uploads\/2020\/10\/Caja-cuadrada-de-metacrilato-1-1.jpg","width":1296,"height":864},{"@type":"BreadcrumbList","@id":"https:\/\/plasticexpress.es\/ca\/producto\/articles-ca\/caixes-i-urnes\/caja-cuadrada-ca\/caja-cuadrada\/#breadcrumb","itemListElement":[{"@type":"ListItem","position":1,"name":"Portada","item":"https:\/\/plasticexpress.es\/ca\/"},{"@type":"ListItem","position":2,"name":"Shop","item":"https:\/\/plasticexpress.es\/ca\/shop\/"},{"@type":"ListItem","position":3,"name":"Caixa quadrada de metacrilat"}]},{"@type":"WebSite","@id":"https:\/\/plasticexpress.es\/ca\/#website","url":"https:\/\/plasticexpress.es\/ca\/","name":"Plasticexpress","description":"Venta de materiales y art\u00edculos de Metacrilato","potentialAction":[{"@type":"SearchAction","target":{"@type":"EntryPoint","urlTemplate":"https:\/\/plasticexpress.es\/ca\/?s={search_term_string}"},"query-input":{"@type":"PropertyValueSpecification","valueRequired":true,"valueName":"search_term_string"}}],"inLanguage":"ca"}]}},"_links":{"self":[{"href":"https:\/\/plasticexpress.es\/ca\/wp-json\/wp\/v2\/product\/8843","targetHints":{"allow":["GET"]}}],"collection":[{"href":"https:\/\/plasticexpress.es\/ca\/wp-json\/wp\/v2\/product"}],"about":[{"href":"https:\/\/plasticexpress.es\/ca\/wp-json\/wp\/v2\/types\/product"}],"replies":[{"embeddable":true,"href":"https:\/\/plasticexpress.es\/ca\/wp-json\/wp\/v2\/comments?post=8843"}],"version-history":[{"count":7,"href":"https:\/\/plasticexpress.es\/ca\/wp-json\/wp\/v2\/product\/8843\/revisions"}],"predecessor-version":[{"id":20547,"href":"https:\/\/plasticexpress.es\/ca\/wp-json\/wp\/v2\/product\/8843\/revisions\/20547"}],"wp:featuredmedia":[{"embeddable":true,"href":"https:\/\/plasticexpress.es\/ca\/wp-json\/wp\/v2\/media\/18876"}],"wp:attachment":[{"href":"https:\/\/plasticexpress.es\/ca\/wp-json\/wp\/v2\/media?parent=8843"}],"wp:term":[{"taxonomy":"product_brand","embeddable":true,"href":"https:\/\/plasticexpress.es\/ca\/wp-json\/wp\/v2\/product_brand?post=8843"},{"taxonomy":"product_cat","embeddable":true,"href":"https:\/\/plasticexpress.es\/ca\/wp-json\/wp\/v2\/product_cat?post=8843"},{"taxonomy":"product_tag","embeddable":true,"href":"https:\/\/plasticexpress.es\/ca\/wp-json\/wp\/v2\/product_tag?post=8843"}],"curies":[{"name":"wp","href":"https:\/\/api.w.org\/{rel}","templated":true}]}}