

{"id":8871,"date":"2020-12-18T16:28:30","date_gmt":"2021-04-04T22:54:27","guid":{"rendered":"https:\/\/plasticexpress.es\/producto\/Sense%20categoria\/caixa-amb-tapa-i-frontisses-de-metacrilat\/"},"modified":"2024-01-29T12:28:32","modified_gmt":"2024-01-29T11:28:32","slug":"caja-con-tapa-y-bisagra-de-metacrilato","status":"publish","type":"product","link":"https:\/\/plasticexpress.es\/ca\/producto\/articles-ca\/caixes-i-urnes\/caja-con-tapa-y-bisagra-ca\/caja-con-tapa-y-bisagra-de-metacrilato\/","title":{"rendered":"Caixa amb tapa i frontisses de metacrilat"},"content":{"rendered":"<p><span style=\"font-weight: 400;\">Est\u00e0s buscant les millors solucions de pl\u00e0stic per a fer realitat els teus projectes? <\/span><strong>A Plastic Express<\/strong><span style=\"font-weight: 400;\"> tenim tots els articles que necessites, fabricats sempre amb materials de la millor qualitat i adaptant-nos als teus requeriments, per a ajudar-te en tot el que sigui a les nostres mans Continua llegint si vols descobrir la millor <\/span><strong>caixa de metacrilat amb tapa i frontisses!<\/strong><\/p>\n<h2><strong>La caixa de metacrilat expositora perfecta<\/strong><\/h2>\n<p><strong>La caixa de metacrilat amb frontisses i tapa<\/strong><span style=\"font-weight: 400;\"> est\u00e0 feta de metacrilat incolor. Aquest material \u00e9s un pol\u00edmer transparent i r\u00edgid que s&#8217;utilitza com a substitut del vidre en moltes de les seves aplicacions. Es tracta d&#8217;un material vers\u00e0til i \u00e0mpliament utilitzat, tant de manera dom\u00e8stica, com a la industria, a causa de les seves bones propietats \u00f2ptiques i mec\u00e0niques.<\/span><\/p>\n<p><span style=\"font-weight: 400;\">El metacrilat incolor presenta una <\/span><strong>alta transpar\u00e8ncia<\/strong><span style=\"font-weight: 400;\">, similar a la del vidre, pel que ofereix als articles una excel\u00b7lent claredat visual. A m\u00e9s, t\u00e9 una bona resist\u00e8ncia als raigs ultraviolats, aix\u00ed que els teus articles podran ser emprats en l&#8217;exterior sense sofrir descoloraci\u00f3 ni deterioraci\u00f3, mantenint les seves caracter\u00edstiques \u00f2ptimes durant molt de temps.<\/span><\/p>\n<p><span style=\"font-weight: 400;\">Aquest material \u00e9s tamb\u00e9 resistent a molts productes qu\u00edmics i \u00e9s lleuger i f\u00e0cil de treballar. Aix\u00f2 fa que es pugui modelar de moltes maneres, aconseguint <\/span><strong>diferents formes i grand\u00e0ries. <\/strong><span style=\"font-weight: 400;\">El metacrilat pot ser tallat, trepat, termoformat, escatat i poliment per a adaptar-se a diferents necessitats i dissenys de cada client.<\/span><\/p>\n<p><span style=\"font-weight: 400;\">La caixa de metacrilat rectangular \u00e9s un article perfecte per a organitzar, exhibir i protegir els teus productes o pertinences, sempre gaudint de la major qualitat est\u00e8tica. La seva composici\u00f3 consta, primerament, d&#8217;una placa de metacrilat en forma de quadrat i altres quatre plaques que conformen la caixa. A m\u00e9s, inclou una tapa superior abatible amb frontisses del mateix material.<\/span><\/p>\n<p><span style=\"font-weight: 400;\">Per a poder dur a terme la fabricaci\u00f3 d&#8217;aquest article, en Plastic Express hem utilitzat els processos de<\/span><strong> tall l\u00e0ser de metacrilat i encolat de metacrilat<\/strong><span style=\"font-weight: 400;\">.<\/span><\/p>\n<h2><strong>Usos de la caixa amb tapa i frontisses<\/strong><\/h2>\n<p><span style=\"font-weight: 400;\">La caixa de metacrilat amb tapa i frontisses pot ser utilitzada de diferents maneres, gr\u00e0cies a que les propietats del material emparat fan que aquest sigui \u00fatil tant en interiors com en exteriors. Aquests s\u00f3n alguns dels exemples d&#8217;aplicacions per a les quals et podr\u00e0 servir la teva caixa transparent:<\/span><\/p>\n<ul>\n<li style=\"font-weight: 400;\"><span style=\"font-weight: 400;\">Interiorisme<\/span><\/li>\n<li style=\"font-weight: 400;\"><span style=\"font-weight: 400;\">Emmagatzemar i organitzar documents importants, papers, revistes i altres materials de lectura<\/span><\/li>\n<li style=\"font-weight: 400;\"><span style=\"font-weight: 400;\">Col\u00b7leccionisme<\/span><\/li>\n<li style=\"font-weight: 400;\"><span style=\"font-weight: 400;\">Decoraci\u00f3<\/span><\/li>\n<li style=\"font-weight: 400;\"><span style=\"font-weight: 400;\">Llaminadures<\/span><\/li>\n<li style=\"font-weight: 400;\"><span style=\"font-weight: 400;\">Joieria<\/span><\/li>\n<li style=\"font-weight: 400;\"><span style=\"font-weight: 400;\">Caixa de metacrilat per a anells<\/span><\/li>\n<li style=\"font-weight: 400;\"><span style=\"font-weight: 400;\">Organitzar objectes petits o delicats<\/span><\/li>\n<li style=\"font-weight: 400;\"><span style=\"font-weight: 400;\">Emmagatzemar i transportar productes alimentosos, com a pastissos, galetes, dol\u00e7os, entre altres.<\/span><\/li>\n<li style=\"font-weight: 400;\"><span style=\"font-weight: 400;\">Guardar cosm\u00e8tics<\/span><\/li>\n<li style=\"font-weight: 400;\"><span style=\"font-weight: 400;\">Emmagatzemar components electr\u00f2nics, eines i col\u00b7leccionables.<\/span><\/li>\n<li style=\"font-weight: 400;\"><span style=\"font-weight: 400;\">Culin\u00e0ria<\/span><\/li>\n<li style=\"font-weight: 400;\"><span style=\"font-weight: 400;\">Utensilis d&#8217;oficina<\/span><\/li>\n<li style=\"font-weight: 400;\"><span style=\"font-weight: 400;\">Utensilis d&#8217;estudi<\/span><\/li>\n<li style=\"font-weight: 400;\"><span style=\"font-weight: 400;\">Organitzaci\u00f3 d&#8217;espais<\/span><\/li>\n<li style=\"font-weight: 400;\"><span style=\"font-weight: 400;\">Aparadorisme<\/span><\/li>\n<li style=\"font-weight: 400;\"><span style=\"font-weight: 400;\">Enviaments protegits<\/span><\/li>\n<li style=\"font-weight: 400;\"><span style=\"font-weight: 400;\">Embalatge de regals<\/span><\/li>\n<li style=\"font-weight: 400;\"><span style=\"font-weight: 400;\">Emmagatzematge en la llar o l&#8217;oficina.<\/span><\/li>\n<li style=\"font-weight: 400;\"><span style=\"font-weight: 400;\">Suport per a articles de decoraci\u00f3<\/span><\/li>\n<li style=\"font-weight: 400;\"><span style=\"font-weight: 400;\">Caixa de metacrilat per a maquillatge<\/span><\/li>\n<li style=\"font-weight: 400;\"><span style=\"font-weight: 400;\">Suport incolor<\/span><\/li>\n<li style=\"font-weight: 400;\"><span style=\"font-weight: 400;\">Exhibici\u00f3 de productes amb una visualitzaci\u00f3 clara i sense distorsions.<\/span><\/li>\n<li style=\"font-weight: 400;\"><span style=\"font-weight: 400;\">Botigues minoristes<\/span><\/li>\n<li style=\"font-weight: 400;\"><span style=\"font-weight: 400;\">Museus<\/span><\/li>\n<li style=\"font-weight: 400;\"><span style=\"font-weight: 400;\">Fires comercials.<\/span><\/li>\n<\/ul>\n<p><span style=\"font-weight: 400;\">El metacrilat incolor \u00e9s molt <\/span><strong>m\u00e9s resistent<\/strong><span style=\"font-weight: 400;\"> als impactes que el vidre, i per tant \u00e9s molt menys propens a trencar-se.<\/span><\/p>\n<h2><strong>Compra la teva caixa amb tapa i frontisses en Plastic Express<\/strong><\/h2>\n<p><a href=\"https:\/\/plasticexpress.es\/\"><strong>Plastic Express<\/strong><\/a><span style=\"font-weight: 400;\"> som el teu fabricant de materials pl\u00e0stics de confian\u00e7a on podr\u00e0s trobar tots els serveis i processos de manufactura per a elaborar els teus articles de pl\u00e0stic a mesura.<\/span><\/p>\n<p><span style=\"font-weight: 400;\">En la nostra p\u00e0gina web de Plastic Express podr\u00e0s trobar tots els articles de pl\u00e0stic que necessitis, incloses <\/span><strong>les caixes de metacrilat amb tapa i frontisses<\/strong><span style=\"font-weight: 400;\">. Una vegada all\u00ed, selecciona la quantitat de <\/span><a href=\"https:\/\/plasticexpress.es\/articulos\/cajas-y-urnas-articles\/\"><span style=\"font-weight: 400;\">caixes de metacrilat<\/span><\/a><span style=\"font-weight: 400;\"> que desitges comprar i rep-les c\u00f2modament en el teu domicili, oficina o local comercial.<\/span><\/p>\n<p><span style=\"font-weight: 400;\">Si, per contra, el teu projecte \u00e9s una mica m\u00e9s ambici\u00f3s i necessites un article de metacrilat amb <\/span><strong>mesures diferents<\/strong><span style=\"font-weight: 400;\"> als models que exhibim, pots demanar un pressupost a mesura directament escrivint un correu a l&#8217;adre\u00e7a d&#8217;<\/span><a href=\"mailto:info@plasticexpress.es\"><span style=\"font-weight: 400;\">info@plasticexpress.es<\/span><\/a><span style=\"font-weight: 400;\">.<\/span><\/p>\n<p><span style=\"font-weight: 400;\">En l&#8217;assumpte del correu assegura&#8217;t d&#8217;indicar l&#8217;article en el qual est\u00e0s interessat, en aquest cas: caixa amb tapa i frontisses de metacrilat. En el cos de la redacci\u00f3 pots explicar-nos una mica millor les teves necessitats i el nostre equip es posar\u00e0 en contacte amb tu al m\u00e9s aviat possible per a oferir-te un <\/span><strong>pressupost ajustat<\/strong><span style=\"font-weight: 400;\"> i personalitzat.<\/span><\/p>\n<p><span style=\"font-weight: 400;\">Finalment, recorda que si ets professional de la ind\u00fastria pots obtenir descomptes especials accedint al formulari de <\/span><strong>pressupostos per a professionals<\/strong><span style=\"font-weight: 400;\"> de la nostra web.<\/span><\/p>\n<p><span style=\"font-weight: 400;\">No esperis m\u00e9s per a fer realitat els teus projectes i compra ja la teva <\/span><strong>caixa amb tapa i frontisses en Plastic Express!<\/strong><\/p>\n","protected":false},"excerpt":{"rendered":"<p>Est\u00e0s buscant les millors solucions de pl\u00e0stic per a fer realitat els teus projectes? A Plastic Express tenim tots els articles que necessites, fabricats sempre amb materials de la millor qualitat i adaptant-nos als teus requeriments, per a ajudar-te en tot el que sigui a les nostres mans Continua llegint si vols descobrir la millor [&hellip;]<\/p>\n","protected":false},"featured_media":18864,"comment_status":"open","ping_status":"closed","template":"","meta":{"_acf_changed":false},"product_brand":[],"product_cat":[582,588,583],"product_tag":[764,767,768,1141,813],"class_list":{"0":"post-8871","1":"product","2":"type-product","3":"status-publish","4":"has-post-thumbnail","6":"product_cat-articles-ca","7":"product_cat-caja-con-tapa-y-bisagra-ca","8":"product_cat-caixes-i-urnes","9":"product_tag-caixa-amb-frontisses","10":"product_tag-caixa-amb-tapa","11":"product_tag-caixa-de-metacrilat","12":"product_tag-cerca-per-autor-de-metacrilat","13":"product_tag-metacrilat","15":"first","16":"instock","17":"shipping-taxable","18":"purchasable","19":"product-type-variable"},"acf":{"photo_gallery":{"opciones_de_agujeros":[[]]}},"yoast_head":"<!-- This site is optimized with the Yoast SEO plugin v27.4 - https:\/\/yoast.com\/product\/yoast-seo-wordpress\/ -->\n<title>Caixa de metacrilat amb tapa i frontisses | PlasticExpress<\/title>\n<meta name=\"description\" content=\"Guarda totes les teves col\u00b7leccions de manera que puguis exposar-les i veure exactament el que tens dins d&#039;aquesta caixa de metacrilat de 30 cm.\" \/>\n<meta name=\"robots\" content=\"index, follow, max-snippet:-1, max-image-preview:large, max-video-preview:-1\" \/>\n<link rel=\"canonical\" href=\"https:\/\/plasticexpress.es\/ca\/producto\/articles-ca\/caixes-i-urnes\/caja-con-tapa-y-bisagra-ca\/caja-con-tapa-y-bisagra-de-metacrilato\/\" \/>\n<meta property=\"og:locale\" content=\"ca_ES\" \/>\n<meta property=\"og:type\" content=\"article\" \/>\n<meta property=\"og:title\" content=\"Caixa de metacrilat amb tapa i frontisses | PlasticExpress\" \/>\n<meta property=\"og:description\" content=\"Guarda totes les teves col\u00b7leccions de manera que puguis exposar-les i veure exactament el que tens dins d&#039;aquesta caixa de metacrilat de 30 cm.\" \/>\n<meta property=\"og:url\" content=\"https:\/\/plasticexpress.es\/ca\/producto\/articles-ca\/caixes-i-urnes\/caja-con-tapa-y-bisagra-ca\/caja-con-tapa-y-bisagra-de-metacrilato\/\" \/>\n<meta property=\"og:site_name\" content=\"Plasticexpress\" \/>\n<meta property=\"article:modified_time\" content=\"2024-01-29T11:28:32+00:00\" \/>\n<meta property=\"og:image\" content=\"https:\/\/plasticexpress.es\/wp-content\/uploads\/2020\/12\/Caja-con-tapa-y-bisagras-de-metacrilato-1.jpg\" \/>\n\t<meta property=\"og:image:width\" content=\"1296\" \/>\n\t<meta property=\"og:image:height\" content=\"864\" \/>\n\t<meta property=\"og:image:type\" content=\"image\/jpeg\" \/>\n<meta name=\"twitter:card\" content=\"summary_large_image\" \/>\n<meta name=\"twitter:label1\" content=\"Temps estimat de lectura\" \/>\n\t<meta name=\"twitter:data1\" content=\"4 minuts\" \/>\n<script type=\"application\/ld+json\" class=\"yoast-schema-graph\">{\"@context\":\"https:\\\/\\\/schema.org\",\"@graph\":[{\"@type\":\"WebPage\",\"@id\":\"https:\\\/\\\/plasticexpress.es\\\/ca\\\/producto\\\/articles-ca\\\/caixes-i-urnes\\\/caja-con-tapa-y-bisagra-ca\\\/caja-con-tapa-y-bisagra-de-metacrilato\\\/\",\"url\":\"https:\\\/\\\/plasticexpress.es\\\/ca\\\/producto\\\/articles-ca\\\/caixes-i-urnes\\\/caja-con-tapa-y-bisagra-ca\\\/caja-con-tapa-y-bisagra-de-metacrilato\\\/\",\"name\":\"Caixa de metacrilat amb tapa i frontisses | PlasticExpress\",\"isPartOf\":{\"@id\":\"https:\\\/\\\/plasticexpress.es\\\/ca\\\/#website\"},\"primaryImageOfPage\":{\"@id\":\"https:\\\/\\\/plasticexpress.es\\\/ca\\\/producto\\\/articles-ca\\\/caixes-i-urnes\\\/caja-con-tapa-y-bisagra-ca\\\/caja-con-tapa-y-bisagra-de-metacrilato\\\/#primaryimage\"},\"image\":{\"@id\":\"https:\\\/\\\/plasticexpress.es\\\/ca\\\/producto\\\/articles-ca\\\/caixes-i-urnes\\\/caja-con-tapa-y-bisagra-ca\\\/caja-con-tapa-y-bisagra-de-metacrilato\\\/#primaryimage\"},\"thumbnailUrl\":\"https:\\\/\\\/plasticexpress.es\\\/wp-content\\\/uploads\\\/2020\\\/12\\\/Caja-con-tapa-y-bisagras-de-metacrilato-1.jpg\",\"datePublished\":\"2021-04-04T22:54:27+00:00\",\"dateModified\":\"2024-01-29T11:28:32+00:00\",\"description\":\"Guarda totes les teves col\u00b7leccions de manera que puguis exposar-les i veure exactament el que tens dins d'aquesta caixa de metacrilat de 30 cm.\",\"breadcrumb\":{\"@id\":\"https:\\\/\\\/plasticexpress.es\\\/ca\\\/producto\\\/articles-ca\\\/caixes-i-urnes\\\/caja-con-tapa-y-bisagra-ca\\\/caja-con-tapa-y-bisagra-de-metacrilato\\\/#breadcrumb\"},\"inLanguage\":\"ca\",\"potentialAction\":[{\"@type\":\"ReadAction\",\"target\":[\"https:\\\/\\\/plasticexpress.es\\\/ca\\\/producto\\\/articles-ca\\\/caixes-i-urnes\\\/caja-con-tapa-y-bisagra-ca\\\/caja-con-tapa-y-bisagra-de-metacrilato\\\/\"]}]},{\"@type\":\"ImageObject\",\"inLanguage\":\"ca\",\"@id\":\"https:\\\/\\\/plasticexpress.es\\\/ca\\\/producto\\\/articles-ca\\\/caixes-i-urnes\\\/caja-con-tapa-y-bisagra-ca\\\/caja-con-tapa-y-bisagra-de-metacrilato\\\/#primaryimage\",\"url\":\"https:\\\/\\\/plasticexpress.es\\\/wp-content\\\/uploads\\\/2020\\\/12\\\/Caja-con-tapa-y-bisagras-de-metacrilato-1.jpg\",\"contentUrl\":\"https:\\\/\\\/plasticexpress.es\\\/wp-content\\\/uploads\\\/2020\\\/12\\\/Caja-con-tapa-y-bisagras-de-metacrilato-1.jpg\",\"width\":1296,\"height\":864},{\"@type\":\"BreadcrumbList\",\"@id\":\"https:\\\/\\\/plasticexpress.es\\\/ca\\\/producto\\\/articles-ca\\\/caixes-i-urnes\\\/caja-con-tapa-y-bisagra-ca\\\/caja-con-tapa-y-bisagra-de-metacrilato\\\/#breadcrumb\",\"itemListElement\":[{\"@type\":\"ListItem\",\"position\":1,\"name\":\"Portada\",\"item\":\"https:\\\/\\\/plasticexpress.es\\\/ca\\\/\"},{\"@type\":\"ListItem\",\"position\":2,\"name\":\"Shop\",\"item\":\"https:\\\/\\\/plasticexpress.es\\\/ca\\\/shop\\\/\"},{\"@type\":\"ListItem\",\"position\":3,\"name\":\"Caixa amb tapa i frontisses de metacrilat\"}]},{\"@type\":\"WebSite\",\"@id\":\"https:\\\/\\\/plasticexpress.es\\\/ca\\\/#website\",\"url\":\"https:\\\/\\\/plasticexpress.es\\\/ca\\\/\",\"name\":\"Plasticexpress\",\"description\":\"Venta de materiales y art\u00edculos de Metacrilato\",\"potentialAction\":[{\"@type\":\"SearchAction\",\"target\":{\"@type\":\"EntryPoint\",\"urlTemplate\":\"https:\\\/\\\/plasticexpress.es\\\/ca\\\/?s={search_term_string}\"},\"query-input\":{\"@type\":\"PropertyValueSpecification\",\"valueRequired\":true,\"valueName\":\"search_term_string\"}}],\"inLanguage\":\"ca\"}]}<\/script>\n<!-- \/ Yoast SEO plugin. -->","yoast_head_json":{"title":"Caixa de metacrilat amb tapa i frontisses | PlasticExpress","description":"Guarda totes les teves col\u00b7leccions de manera que puguis exposar-les i veure exactament el que tens dins d'aquesta caixa de metacrilat de 30 cm.","robots":{"index":"index","follow":"follow","max-snippet":"max-snippet:-1","max-image-preview":"max-image-preview:large","max-video-preview":"max-video-preview:-1"},"canonical":"https:\/\/plasticexpress.es\/ca\/producto\/articles-ca\/caixes-i-urnes\/caja-con-tapa-y-bisagra-ca\/caja-con-tapa-y-bisagra-de-metacrilato\/","og_locale":"ca_ES","og_type":"article","og_title":"Caixa de metacrilat amb tapa i frontisses | PlasticExpress","og_description":"Guarda totes les teves col\u00b7leccions de manera que puguis exposar-les i veure exactament el que tens dins d'aquesta caixa de metacrilat de 30 cm.","og_url":"https:\/\/plasticexpress.es\/ca\/producto\/articles-ca\/caixes-i-urnes\/caja-con-tapa-y-bisagra-ca\/caja-con-tapa-y-bisagra-de-metacrilato\/","og_site_name":"Plasticexpress","article_modified_time":"2024-01-29T11:28:32+00:00","og_image":[{"width":1296,"height":864,"url":"https:\/\/plasticexpress.es\/wp-content\/uploads\/2020\/12\/Caja-con-tapa-y-bisagras-de-metacrilato-1.jpg","type":"image\/jpeg"}],"twitter_card":"summary_large_image","twitter_misc":{"Temps estimat de lectura":"4 minuts"},"schema":{"@context":"https:\/\/schema.org","@graph":[{"@type":"WebPage","@id":"https:\/\/plasticexpress.es\/ca\/producto\/articles-ca\/caixes-i-urnes\/caja-con-tapa-y-bisagra-ca\/caja-con-tapa-y-bisagra-de-metacrilato\/","url":"https:\/\/plasticexpress.es\/ca\/producto\/articles-ca\/caixes-i-urnes\/caja-con-tapa-y-bisagra-ca\/caja-con-tapa-y-bisagra-de-metacrilato\/","name":"Caixa de metacrilat amb tapa i frontisses | PlasticExpress","isPartOf":{"@id":"https:\/\/plasticexpress.es\/ca\/#website"},"primaryImageOfPage":{"@id":"https:\/\/plasticexpress.es\/ca\/producto\/articles-ca\/caixes-i-urnes\/caja-con-tapa-y-bisagra-ca\/caja-con-tapa-y-bisagra-de-metacrilato\/#primaryimage"},"image":{"@id":"https:\/\/plasticexpress.es\/ca\/producto\/articles-ca\/caixes-i-urnes\/caja-con-tapa-y-bisagra-ca\/caja-con-tapa-y-bisagra-de-metacrilato\/#primaryimage"},"thumbnailUrl":"https:\/\/plasticexpress.es\/wp-content\/uploads\/2020\/12\/Caja-con-tapa-y-bisagras-de-metacrilato-1.jpg","datePublished":"2021-04-04T22:54:27+00:00","dateModified":"2024-01-29T11:28:32+00:00","description":"Guarda totes les teves col\u00b7leccions de manera que puguis exposar-les i veure exactament el que tens dins d'aquesta caixa de metacrilat de 30 cm.","breadcrumb":{"@id":"https:\/\/plasticexpress.es\/ca\/producto\/articles-ca\/caixes-i-urnes\/caja-con-tapa-y-bisagra-ca\/caja-con-tapa-y-bisagra-de-metacrilato\/#breadcrumb"},"inLanguage":"ca","potentialAction":[{"@type":"ReadAction","target":["https:\/\/plasticexpress.es\/ca\/producto\/articles-ca\/caixes-i-urnes\/caja-con-tapa-y-bisagra-ca\/caja-con-tapa-y-bisagra-de-metacrilato\/"]}]},{"@type":"ImageObject","inLanguage":"ca","@id":"https:\/\/plasticexpress.es\/ca\/producto\/articles-ca\/caixes-i-urnes\/caja-con-tapa-y-bisagra-ca\/caja-con-tapa-y-bisagra-de-metacrilato\/#primaryimage","url":"https:\/\/plasticexpress.es\/wp-content\/uploads\/2020\/12\/Caja-con-tapa-y-bisagras-de-metacrilato-1.jpg","contentUrl":"https:\/\/plasticexpress.es\/wp-content\/uploads\/2020\/12\/Caja-con-tapa-y-bisagras-de-metacrilato-1.jpg","width":1296,"height":864},{"@type":"BreadcrumbList","@id":"https:\/\/plasticexpress.es\/ca\/producto\/articles-ca\/caixes-i-urnes\/caja-con-tapa-y-bisagra-ca\/caja-con-tapa-y-bisagra-de-metacrilato\/#breadcrumb","itemListElement":[{"@type":"ListItem","position":1,"name":"Portada","item":"https:\/\/plasticexpress.es\/ca\/"},{"@type":"ListItem","position":2,"name":"Shop","item":"https:\/\/plasticexpress.es\/ca\/shop\/"},{"@type":"ListItem","position":3,"name":"Caixa amb tapa i frontisses de metacrilat"}]},{"@type":"WebSite","@id":"https:\/\/plasticexpress.es\/ca\/#website","url":"https:\/\/plasticexpress.es\/ca\/","name":"Plasticexpress","description":"Venta de materiales y art\u00edculos de Metacrilato","potentialAction":[{"@type":"SearchAction","target":{"@type":"EntryPoint","urlTemplate":"https:\/\/plasticexpress.es\/ca\/?s={search_term_string}"},"query-input":{"@type":"PropertyValueSpecification","valueRequired":true,"valueName":"search_term_string"}}],"inLanguage":"ca"}]}},"_links":{"self":[{"href":"https:\/\/plasticexpress.es\/ca\/wp-json\/wp\/v2\/product\/8871","targetHints":{"allow":["GET"]}}],"collection":[{"href":"https:\/\/plasticexpress.es\/ca\/wp-json\/wp\/v2\/product"}],"about":[{"href":"https:\/\/plasticexpress.es\/ca\/wp-json\/wp\/v2\/types\/product"}],"replies":[{"embeddable":true,"href":"https:\/\/plasticexpress.es\/ca\/wp-json\/wp\/v2\/comments?post=8871"}],"version-history":[{"count":3,"href":"https:\/\/plasticexpress.es\/ca\/wp-json\/wp\/v2\/product\/8871\/revisions"}],"predecessor-version":[{"id":19051,"href":"https:\/\/plasticexpress.es\/ca\/wp-json\/wp\/v2\/product\/8871\/revisions\/19051"}],"wp:featuredmedia":[{"embeddable":true,"href":"https:\/\/plasticexpress.es\/ca\/wp-json\/wp\/v2\/media\/18864"}],"wp:attachment":[{"href":"https:\/\/plasticexpress.es\/ca\/wp-json\/wp\/v2\/media?parent=8871"}],"wp:term":[{"taxonomy":"product_brand","embeddable":true,"href":"https:\/\/plasticexpress.es\/ca\/wp-json\/wp\/v2\/product_brand?post=8871"},{"taxonomy":"product_cat","embeddable":true,"href":"https:\/\/plasticexpress.es\/ca\/wp-json\/wp\/v2\/product_cat?post=8871"},{"taxonomy":"product_tag","embeddable":true,"href":"https:\/\/plasticexpress.es\/ca\/wp-json\/wp\/v2\/product_tag?post=8871"}],"curies":[{"name":"wp","href":"https:\/\/api.w.org\/{rel}","templated":true}]}}