

{"id":8880,"date":"2020-12-18T16:11:56","date_gmt":"2021-04-04T23:05:22","guid":{"rendered":"https:\/\/plasticexpress.es\/producto\/Sense%20categoria\/caixa-dexposicio-de-metacrilat\/"},"modified":"2024-01-29T12:38:38","modified_gmt":"2024-01-29T11:38:38","slug":"caja-exposicion","status":"publish","type":"product","link":"https:\/\/plasticexpress.es\/ca\/producto\/articles-ca\/caixes-i-urnes\/caja-exposicion-ca\/caja-exposicion\/","title":{"rendered":"Caixa d&#8217;exposici\u00f3 de metacrilat"},"content":{"rendered":"<p><span style=\"font-weight: 400;\">Est\u00e0s buscant una<\/span><strong> caixa d&#8217;exposici\u00f3 de metacrilat <\/strong><span style=\"font-weight: 400;\">que encaixa perfectament amb l&#8217;\u00fas que vols donar-li? A <\/span><strong>Plastic Express<\/strong><span style=\"font-weight: 400;\"> sabem que, a vegades \u00e9s dif\u00edcil trobar un objecte que tens tan clar a la teva ment i, per aix\u00f2 nosaltres oferim una gran varietat d\u2019articles de pl\u00e0stic de la millor qualitat, perqu\u00e8 tri\u00efs el que m\u00e9s s\u2019ajusta a les teves necessitats o al teu projecte.<\/span><\/p>\n<h2><strong>Caracter\u00edstiques de la caixa expositora de metacrilat<\/strong><\/h2>\n<p><span style=\"font-weight: 400;\">La<\/span><strong> caixa de metacrilat expositora<\/strong><span style=\"font-weight: 400;\"> \u00e9s un article perfecte per a organitzar, exhibir i protegir tots els articles del teu local comercial, de la teva oficina o les teves pertinences. Aquesta caixa d&#8217;estil minimalista et permetr\u00e0 aportar un toc molt subtil i transparent en qualsevol espai que decideixes exhibir-la.<\/span><\/p>\n<p><span style=\"font-weight: 400;\">En Plastic Express hem fabricat aquesta caixa de metacrilat per a exposici\u00f3 en color transparent i en negre opac, oferint diferents <\/span><strong>caracter\u00edstiques \u00f2ptiques<\/strong><span style=\"font-weight: 400;\"> als nostres clients, depenent de les seves necessitats espec\u00edfiques.<\/span><\/p>\n<p><span style=\"font-weight: 400;\">Aquesta caixa expositora de metacrilat est\u00e0 composta per una placa de pl\u00e0stic de la millor qualitat en forma de rectangle i altres quatre plaques que permeten acabar de conformar la caixa. A m\u00e9s, aquest article inclou una<\/span><strong> tapa inferior de color negre<\/strong><span style=\"font-weight: 400;\"> que s&#8217;encaixa amb la caixa superior incolora i fa la funci\u00f3 de base resistent i elegant.<\/span><\/p>\n<p><span style=\"font-weight: 400;\">Et presentem algunes de les <\/span><strong>caracter\u00edstiques m\u00e9s destacades del metacrilat transparent<\/strong><span style=\"font-weight: 400;\">, perqu\u00e8 comprovis que aquesta \u00e9s la soluci\u00f3 que necessites per duu a terme el teu projecte:<\/span><\/p>\n<ul>\n<li style=\"font-weight: 400;\"><strong>Transpar\u00e8ncia<\/strong><span style=\"font-weight: 400;\">: El metacrilat transparent t\u00e9 una excel\u00b7lent claredat \u00f2ptica, permet una alta transmissi\u00f3 de la llum. La seva aparen\u00e7a \u00e9s similar a la del vidre, per\u00f2 \u00e9s m\u00e9s lleuger i menys propens a trencar-se.<\/span><\/li>\n<li style=\"font-weight: 400;\"><strong>Resist\u00e8ncia<\/strong><span style=\"font-weight: 400;\">: \u00c9s aproximadament 17 vegades m\u00e9s resistent que el vidre, i aix\u00f3 el fa ideal per a aplicacions on es requereix resist\u00e8ncia a cops o impactes.<\/span><\/li>\n<li style=\"font-weight: 400;\"><strong>Lleugeresa<\/strong><span style=\"font-weight: 400;\">: El metacrilat transparent \u00e9s aproximadament la meitat de pesat que el vidre i aix\u00f2 facilita la seva manipulaci\u00f3 i transport.<\/span><\/li>\n<li style=\"font-weight: 400;\"><strong>Resist\u00e8ncia a la intemp\u00e8rie:<\/strong><span style=\"font-weight: 400;\"> T\u00e9 una bona resist\u00e8ncia als raigs UV i a la intemp\u00e8rie en general. A difer\u00e8ncia d&#8217;altres pl\u00e0stics, conserva la seva transpar\u00e8ncia i propietats f\u00edsiques durant molt de temps, sense esgrogueir ni deteriorar-se f\u00e0cilment.<\/span><\/li>\n<li style=\"font-weight: 400;\"><strong>Resist\u00e8ncia qu\u00edmica: <\/strong><span style=\"font-weight: 400;\">El metacrilat incolor t\u00e9 una bona resist\u00e8ncia a molts productes qu\u00edmics, incloent-hi \u00e0cids i bases dilu\u00efdes.<\/span><\/li>\n<li style=\"font-weight: 400;\"><strong>A\u00efllament t\u00e8rmic:<\/strong><span style=\"font-weight: 400;\"> En tenir una conductivitat t\u00e8rmica baixa, aquestes caixes proporcionen un bon a\u00efllament t\u00e8rmic.<\/span><\/li>\n<\/ul>\n<p><span style=\"font-weight: 400;\">Durant la fabricaci\u00f3 d&#8217;aquest article, s&#8217;han emprat els processos de <\/span><strong>tall l\u00e0ser de metacrilat i encolat de metacrilat<\/strong><span style=\"font-weight: 400;\">, a fi d&#8217;oferir els millors acabats als nostres clients.<\/span><\/p>\n<h2><strong>Usos de la caixa d&#8217;exposici\u00f3<\/strong><\/h2>\n<p><span style=\"font-weight: 400;\">A Plastic Express hem creat una col\u00b7lecci\u00f3 completa de caixes i urnes, perqu\u00e8 puguis triar l&#8217;opci\u00f3 que millor encaixa amb el teu projecte i facis realitat els teus somnis. La nostra caixa de metacrilat expositor t\u00e9 <\/span><strong>m\u00faltiples funcions<\/strong><span style=\"font-weight: 400;\">, aix\u00ed que et donarem alguns exemples, per\u00f2 no dubtis a utilitzar-la per al que necessitis:<\/span><\/p>\n<ul>\n<li style=\"font-weight: 400;\"><span style=\"font-weight: 400;\">Interiorisme<\/span><\/li>\n<li style=\"font-weight: 400;\"><span style=\"font-weight: 400;\">Col\u00b7leccionisme<\/span><\/li>\n<li style=\"font-weight: 400;\"><span style=\"font-weight: 400;\">Decoraci\u00f3<\/span><\/li>\n<li style=\"font-weight: 400;\"><span style=\"font-weight: 400;\">Dulcer\u00edas<\/span><\/li>\n<li style=\"font-weight: 400;\"><span style=\"font-weight: 400;\">Joieria<\/span><\/li>\n<li style=\"font-weight: 400;\"><span style=\"font-weight: 400;\">Culin\u00e0ria<\/span><\/li>\n<li style=\"font-weight: 400;\"><span style=\"font-weight: 400;\">Utensilis d&#8217;oficina<\/span><\/li>\n<li style=\"font-weight: 400;\"><span style=\"font-weight: 400;\">Utensilis d&#8217;estudi<\/span><\/li>\n<li style=\"font-weight: 400;\"><span style=\"font-weight: 400;\">Organitzaci\u00f3 d&#8217;espais<\/span><\/li>\n<li style=\"font-weight: 400;\"><span style=\"font-weight: 400;\">Expositor de productes<\/span><\/li>\n<li style=\"font-weight: 400;\"><span style=\"font-weight: 400;\">Aparadorisme<\/span><\/li>\n<li style=\"font-weight: 400;\"><span style=\"font-weight: 400;\">Suport per a articles de decoraci\u00f3<\/span><\/li>\n<li style=\"font-weight: 400;\"><span style=\"font-weight: 400;\">Suport incolor<\/span><\/li>\n<\/ul>\n<h2><strong>Compra les teves caixes d&#8217;exposici\u00f3 en Plastic Express<\/strong><\/h2>\n<p><span style=\"font-weight: 400;\">A Plastic Express creiem que mai hi ha dos projectes iguals i, per aix\u00f2 treballem per a personalitzar cadascun dels articles que oferim. Quan t&#8217;enfrontes a un nou projecte, ja sigui f\u00e0cil o de gran envergadura, necessites el suport d&#8217;un <\/span><strong>equip de professionals del pl\u00e0stic<\/strong><span style=\"font-weight: 400;\"> que faci realitat tots els plans que tens en la ment.<\/span><\/p>\n<p><span style=\"font-weight: 400;\">En cas que necessitis una caixa expositora de metacrilat de les mesures concretes que et presentem, pots adquirir-la f\u00e0cilment a trav\u00e9s de la nostra <\/span><strong>botiga en l\u00ednia<\/strong><span style=\"font-weight: 400;\">. Per\u00f2, si el teu projecte \u00e9s una mica m\u00e9s ambici\u00f3s i necessites que realitzem una o m\u00e9s <\/span><strong>caixes de metacrilat a mesura<\/strong><span style=\"font-weight: 400;\">, no dubtis a escriure&#8217;ns directament l&#8217;e-mail d&#8217;<\/span><a href=\"mailto:info@plasticexpress.es\"><span style=\"font-weight: 400;\">info@plasticexpress.es<\/span><\/a><span style=\"font-weight: 400;\">.<\/span><\/p>\n<p><span style=\"font-weight: 400;\">Assegura&#8217;t d&#8217;indicar el material que necessites en l&#8217;assumpte del correu, en aquest cas \u201ccaixa d&#8217;exposici\u00f3 de metacrilat\u201d. Tamb\u00e9 et demanarem que ens expliquis una mica quin \u00e9s el teu projecte i qu\u00e8 \u00e9s el que desitges exactament. El nostre equip d&#8217;experts en pl\u00e0stic es posar\u00e0 a treballar en aquest mateix instant per a oferir-te un <\/span><strong>pressupost detallat<\/strong><span style=\"font-weight: 400;\"> i ajustat a les teves necessitats.<\/span><\/p>\n<p><span style=\"font-weight: 400;\">Recorda que si ets professional de la ind\u00fastria pots obtenir <\/span><strong>descomptes especials<\/strong><span style=\"font-weight: 400;\"> accedint al formulari de pressupostos per a professionals.<\/span><\/p>\n<p><span style=\"font-weight: 400;\">A <\/span><strong>Plastic Express<\/strong><span style=\"font-weight: 400;\"> podem ajudar-te a traslladar tots els projectes de la teva ment, a fi de fer-los realitat amb les millors solucions pl\u00e0stiques del mercat. Contacta amb nosaltres i obtingues el teu pressupost sense comprom\u00eds!<\/span><\/p>\n","protected":false},"excerpt":{"rendered":"<p>Est\u00e0s buscant una caixa d&#8217;exposici\u00f3 de metacrilat que encaixa perfectament amb l&#8217;\u00fas que vols donar-li? A Plastic Express sabem que, a vegades \u00e9s dif\u00edcil trobar un objecte que tens tan clar a la teva ment i, per aix\u00f2 nosaltres oferim una gran varietat d\u2019articles de pl\u00e0stic de la millor qualitat, perqu\u00e8 tri\u00efs el que m\u00e9s [&hellip;]<\/p>\n","protected":false},"featured_media":18867,"comment_status":"open","ping_status":"closed","template":"","meta":{"_acf_changed":false},"product_brand":[],"product_cat":[582,591,583],"product_tag":[],"class_list":{"0":"post-8880","1":"product","2":"type-product","3":"status-publish","4":"has-post-thumbnail","6":"product_cat-articles-ca","7":"product_cat-caja-exposicion-ca","8":"product_cat-caixes-i-urnes","10":"first","11":"instock","12":"shipping-taxable","13":"purchasable","14":"product-type-variable"},"acf":{"photo_gallery":{"opciones_de_agujeros":[[]]}},"yoast_head":"<!-- This site is optimized with the Yoast SEO plugin v27.2 - https:\/\/yoast.com\/product\/yoast-seo-wordpress\/ -->\n<title>Caixa d&#039;Exposici\u00f3 de Metacrilat | Plastic Express<\/title>\n<meta name=\"description\" content=\"Fabricada en metacrilat de colada incolor i metacrilat opac negre, la caixa d&#039;exposici\u00f3 \u00e9s un objecte amb unes caracter\u00edstiques \u00f2ptiques singulars.\" \/>\n<meta name=\"robots\" content=\"index, follow, max-snippet:-1, max-image-preview:large, max-video-preview:-1\" \/>\n<link rel=\"canonical\" href=\"https:\/\/plasticexpress.es\/ca\/producto\/articles-ca\/caixes-i-urnes\/caja-exposicion-ca\/caja-exposicion\/\" \/>\n<meta property=\"og:locale\" content=\"ca_ES\" \/>\n<meta property=\"og:type\" content=\"article\" \/>\n<meta property=\"og:title\" content=\"Caixa d&#039;Exposici\u00f3 de Metacrilat | Plastic Express\" \/>\n<meta property=\"og:description\" content=\"Fabricada en metacrilat de colada incolor i metacrilat opac negre, la caixa d&#039;exposici\u00f3 \u00e9s un objecte amb unes caracter\u00edstiques \u00f2ptiques singulars.\" \/>\n<meta property=\"og:url\" content=\"https:\/\/plasticexpress.es\/ca\/producto\/articles-ca\/caixes-i-urnes\/caja-exposicion-ca\/caja-exposicion\/\" \/>\n<meta property=\"og:site_name\" content=\"Plasticexpress\" \/>\n<meta property=\"article:modified_time\" content=\"2024-01-29T11:38:38+00:00\" \/>\n<meta property=\"og:image\" content=\"https:\/\/plasticexpress.es\/wp-content\/uploads\/2020\/12\/Caja-de-exposicion-de-metacrilato-1.jpg\" \/>\n\t<meta property=\"og:image:width\" content=\"1296\" \/>\n\t<meta property=\"og:image:height\" content=\"864\" \/>\n\t<meta property=\"og:image:type\" content=\"image\/jpeg\" \/>\n<meta name=\"twitter:card\" content=\"summary_large_image\" \/>\n<meta name=\"twitter:label1\" content=\"Temps estimat de lectura\" \/>\n\t<meta name=\"twitter:data1\" content=\"4 minuts\" \/>\n<script type=\"application\/ld+json\" class=\"yoast-schema-graph\">{\"@context\":\"https:\/\/schema.org\",\"@graph\":[{\"@type\":\"WebPage\",\"@id\":\"https:\/\/plasticexpress.es\/ca\/producto\/articles-ca\/caixes-i-urnes\/caja-exposicion-ca\/caja-exposicion\/\",\"url\":\"https:\/\/plasticexpress.es\/ca\/producto\/articles-ca\/caixes-i-urnes\/caja-exposicion-ca\/caja-exposicion\/\",\"name\":\"Caixa d'Exposici\u00f3 de Metacrilat | Plastic Express\",\"isPartOf\":{\"@id\":\"https:\/\/plasticexpress.es\/ca\/#website\"},\"primaryImageOfPage\":{\"@id\":\"https:\/\/plasticexpress.es\/ca\/producto\/articles-ca\/caixes-i-urnes\/caja-exposicion-ca\/caja-exposicion\/#primaryimage\"},\"image\":{\"@id\":\"https:\/\/plasticexpress.es\/ca\/producto\/articles-ca\/caixes-i-urnes\/caja-exposicion-ca\/caja-exposicion\/#primaryimage\"},\"thumbnailUrl\":\"https:\/\/plasticexpress.es\/wp-content\/uploads\/2020\/12\/Caja-de-exposicion-de-metacrilato-1.jpg\",\"datePublished\":\"2021-04-04T23:05:22+00:00\",\"dateModified\":\"2024-01-29T11:38:38+00:00\",\"description\":\"Fabricada en metacrilat de colada incolor i metacrilat opac negre, la caixa d'exposici\u00f3 \u00e9s un objecte amb unes caracter\u00edstiques \u00f2ptiques singulars.\",\"breadcrumb\":{\"@id\":\"https:\/\/plasticexpress.es\/ca\/producto\/articles-ca\/caixes-i-urnes\/caja-exposicion-ca\/caja-exposicion\/#breadcrumb\"},\"inLanguage\":\"ca\",\"potentialAction\":[{\"@type\":\"ReadAction\",\"target\":[\"https:\/\/plasticexpress.es\/ca\/producto\/articles-ca\/caixes-i-urnes\/caja-exposicion-ca\/caja-exposicion\/\"]}]},{\"@type\":\"ImageObject\",\"inLanguage\":\"ca\",\"@id\":\"https:\/\/plasticexpress.es\/ca\/producto\/articles-ca\/caixes-i-urnes\/caja-exposicion-ca\/caja-exposicion\/#primaryimage\",\"url\":\"https:\/\/plasticexpress.es\/wp-content\/uploads\/2020\/12\/Caja-de-exposicion-de-metacrilato-1.jpg\",\"contentUrl\":\"https:\/\/plasticexpress.es\/wp-content\/uploads\/2020\/12\/Caja-de-exposicion-de-metacrilato-1.jpg\",\"width\":1296,\"height\":864},{\"@type\":\"BreadcrumbList\",\"@id\":\"https:\/\/plasticexpress.es\/ca\/producto\/articles-ca\/caixes-i-urnes\/caja-exposicion-ca\/caja-exposicion\/#breadcrumb\",\"itemListElement\":[{\"@type\":\"ListItem\",\"position\":1,\"name\":\"Portada\",\"item\":\"https:\/\/plasticexpress.es\/ca\/\"},{\"@type\":\"ListItem\",\"position\":2,\"name\":\"Shop\",\"item\":\"https:\/\/plasticexpress.es\/ca\/shop\/\"},{\"@type\":\"ListItem\",\"position\":3,\"name\":\"Caixa d&#8217;exposici\u00f3 de metacrilat\"}]},{\"@type\":\"WebSite\",\"@id\":\"https:\/\/plasticexpress.es\/ca\/#website\",\"url\":\"https:\/\/plasticexpress.es\/ca\/\",\"name\":\"Plasticexpress\",\"description\":\"Venta de materiales y art\u00edculos de Metacrilato\",\"potentialAction\":[{\"@type\":\"SearchAction\",\"target\":{\"@type\":\"EntryPoint\",\"urlTemplate\":\"https:\/\/plasticexpress.es\/ca\/?s={search_term_string}\"},\"query-input\":{\"@type\":\"PropertyValueSpecification\",\"valueRequired\":true,\"valueName\":\"search_term_string\"}}],\"inLanguage\":\"ca\"}]}<\/script>\n<!-- \/ Yoast SEO plugin. -->","yoast_head_json":{"title":"Caixa d'Exposici\u00f3 de Metacrilat | Plastic Express","description":"Fabricada en metacrilat de colada incolor i metacrilat opac negre, la caixa d'exposici\u00f3 \u00e9s un objecte amb unes caracter\u00edstiques \u00f2ptiques singulars.","robots":{"index":"index","follow":"follow","max-snippet":"max-snippet:-1","max-image-preview":"max-image-preview:large","max-video-preview":"max-video-preview:-1"},"canonical":"https:\/\/plasticexpress.es\/ca\/producto\/articles-ca\/caixes-i-urnes\/caja-exposicion-ca\/caja-exposicion\/","og_locale":"ca_ES","og_type":"article","og_title":"Caixa d'Exposici\u00f3 de Metacrilat | Plastic Express","og_description":"Fabricada en metacrilat de colada incolor i metacrilat opac negre, la caixa d'exposici\u00f3 \u00e9s un objecte amb unes caracter\u00edstiques \u00f2ptiques singulars.","og_url":"https:\/\/plasticexpress.es\/ca\/producto\/articles-ca\/caixes-i-urnes\/caja-exposicion-ca\/caja-exposicion\/","og_site_name":"Plasticexpress","article_modified_time":"2024-01-29T11:38:38+00:00","og_image":[{"width":1296,"height":864,"url":"https:\/\/plasticexpress.es\/wp-content\/uploads\/2020\/12\/Caja-de-exposicion-de-metacrilato-1.jpg","type":"image\/jpeg"}],"twitter_card":"summary_large_image","twitter_misc":{"Temps estimat de lectura":"4 minuts"},"schema":{"@context":"https:\/\/schema.org","@graph":[{"@type":"WebPage","@id":"https:\/\/plasticexpress.es\/ca\/producto\/articles-ca\/caixes-i-urnes\/caja-exposicion-ca\/caja-exposicion\/","url":"https:\/\/plasticexpress.es\/ca\/producto\/articles-ca\/caixes-i-urnes\/caja-exposicion-ca\/caja-exposicion\/","name":"Caixa d'Exposici\u00f3 de Metacrilat | Plastic Express","isPartOf":{"@id":"https:\/\/plasticexpress.es\/ca\/#website"},"primaryImageOfPage":{"@id":"https:\/\/plasticexpress.es\/ca\/producto\/articles-ca\/caixes-i-urnes\/caja-exposicion-ca\/caja-exposicion\/#primaryimage"},"image":{"@id":"https:\/\/plasticexpress.es\/ca\/producto\/articles-ca\/caixes-i-urnes\/caja-exposicion-ca\/caja-exposicion\/#primaryimage"},"thumbnailUrl":"https:\/\/plasticexpress.es\/wp-content\/uploads\/2020\/12\/Caja-de-exposicion-de-metacrilato-1.jpg","datePublished":"2021-04-04T23:05:22+00:00","dateModified":"2024-01-29T11:38:38+00:00","description":"Fabricada en metacrilat de colada incolor i metacrilat opac negre, la caixa d'exposici\u00f3 \u00e9s un objecte amb unes caracter\u00edstiques \u00f2ptiques singulars.","breadcrumb":{"@id":"https:\/\/plasticexpress.es\/ca\/producto\/articles-ca\/caixes-i-urnes\/caja-exposicion-ca\/caja-exposicion\/#breadcrumb"},"inLanguage":"ca","potentialAction":[{"@type":"ReadAction","target":["https:\/\/plasticexpress.es\/ca\/producto\/articles-ca\/caixes-i-urnes\/caja-exposicion-ca\/caja-exposicion\/"]}]},{"@type":"ImageObject","inLanguage":"ca","@id":"https:\/\/plasticexpress.es\/ca\/producto\/articles-ca\/caixes-i-urnes\/caja-exposicion-ca\/caja-exposicion\/#primaryimage","url":"https:\/\/plasticexpress.es\/wp-content\/uploads\/2020\/12\/Caja-de-exposicion-de-metacrilato-1.jpg","contentUrl":"https:\/\/plasticexpress.es\/wp-content\/uploads\/2020\/12\/Caja-de-exposicion-de-metacrilato-1.jpg","width":1296,"height":864},{"@type":"BreadcrumbList","@id":"https:\/\/plasticexpress.es\/ca\/producto\/articles-ca\/caixes-i-urnes\/caja-exposicion-ca\/caja-exposicion\/#breadcrumb","itemListElement":[{"@type":"ListItem","position":1,"name":"Portada","item":"https:\/\/plasticexpress.es\/ca\/"},{"@type":"ListItem","position":2,"name":"Shop","item":"https:\/\/plasticexpress.es\/ca\/shop\/"},{"@type":"ListItem","position":3,"name":"Caixa d&#8217;exposici\u00f3 de metacrilat"}]},{"@type":"WebSite","@id":"https:\/\/plasticexpress.es\/ca\/#website","url":"https:\/\/plasticexpress.es\/ca\/","name":"Plasticexpress","description":"Venta de materiales y art\u00edculos de Metacrilato","potentialAction":[{"@type":"SearchAction","target":{"@type":"EntryPoint","urlTemplate":"https:\/\/plasticexpress.es\/ca\/?s={search_term_string}"},"query-input":{"@type":"PropertyValueSpecification","valueRequired":true,"valueName":"search_term_string"}}],"inLanguage":"ca"}]}},"_links":{"self":[{"href":"https:\/\/plasticexpress.es\/ca\/wp-json\/wp\/v2\/product\/8880","targetHints":{"allow":["GET"]}}],"collection":[{"href":"https:\/\/plasticexpress.es\/ca\/wp-json\/wp\/v2\/product"}],"about":[{"href":"https:\/\/plasticexpress.es\/ca\/wp-json\/wp\/v2\/types\/product"}],"replies":[{"embeddable":true,"href":"https:\/\/plasticexpress.es\/ca\/wp-json\/wp\/v2\/comments?post=8880"}],"version-history":[{"count":3,"href":"https:\/\/plasticexpress.es\/ca\/wp-json\/wp\/v2\/product\/8880\/revisions"}],"predecessor-version":[{"id":19097,"href":"https:\/\/plasticexpress.es\/ca\/wp-json\/wp\/v2\/product\/8880\/revisions\/19097"}],"wp:featuredmedia":[{"embeddable":true,"href":"https:\/\/plasticexpress.es\/ca\/wp-json\/wp\/v2\/media\/18867"}],"wp:attachment":[{"href":"https:\/\/plasticexpress.es\/ca\/wp-json\/wp\/v2\/media?parent=8880"}],"wp:term":[{"taxonomy":"product_brand","embeddable":true,"href":"https:\/\/plasticexpress.es\/ca\/wp-json\/wp\/v2\/product_brand?post=8880"},{"taxonomy":"product_cat","embeddable":true,"href":"https:\/\/plasticexpress.es\/ca\/wp-json\/wp\/v2\/product_cat?post=8880"},{"taxonomy":"product_tag","embeddable":true,"href":"https:\/\/plasticexpress.es\/ca\/wp-json\/wp\/v2\/product_tag?post=8880"}],"curies":[{"name":"wp","href":"https:\/\/api.w.org\/{rel}","templated":true}]}}