

{"id":8888,"date":"2020-10-01T16:18:46","date_gmt":"2021-04-04T23:14:04","guid":{"rendered":"https:\/\/plasticexpress.es\/producto\/Sense%20categoria\/urna-electoral-sortejos\/"},"modified":"2022-04-21T09:56:33","modified_gmt":"2022-04-21T08:56:33","slug":"urna-electoral-sorteos","status":"publish","type":"product","link":"https:\/\/plasticexpress.es\/ca\/producto\/articles-ca\/caixes-i-urnes\/urna-electoral-sorteos-ca\/urna-electoral-sorteos\/","title":{"rendered":"Urna electoral \/ sortejos"},"content":{"rendered":"<p>Necessites una urna electoral per a les teves votacions o sortejos? Aquests recipients tenen missions molt concretes, per la qual cosa optar pel model adequat pot ser molt important perqu\u00e8 compleixi amb l&#8217;objectiu estipulat.<\/p>\n<p>&nbsp;<\/p>\n<p>A Plastic Express et volem ensenyar totes les possibilitats que trobar\u00e0s en la nostra web. Podr\u00e0s adquirir una <b>urna de metacrilat<\/b> de la millor qualitat, amb totes les garanties i de les dimensions que m\u00e9s s&#8217;adaptin a les teves necessitats particulars.<\/p>\n<p>&nbsp;<\/p>\n<h2>Qu\u00e8 \u00e9s una urna electoral?<\/h2>\n<p>&nbsp;<\/p>\n<p>L&#8217;urna electoral incolora \u00e9s l&#8217;article perfecte per a gestionar votacions o sortejos. El disseny d&#8217;aquest producte inclou precintes de seguretat que impedeixen la manipulaci\u00f3 del contingut en el seu interior perqu\u00e8 els processos que duguin a terme amb totes les garanties i pugui ser usat en tota mena d&#8217;accions.<\/p>\n<p>&nbsp;<\/p>\n<p>Habitualment, l&#8217;<b>urna electoral s&#8217;utilitza quan es t\u00e9 la missi\u00f3 de prendre una elecci\u00f3 <\/b>per votaci\u00f3 popular de manera an\u00f2nima. \u00c9s per aix\u00f2 que disposa d&#8217;una ranura a la part superior per a introduir-hi el sobre o el paper amb la votaci\u00f3 i una certa seguretat perqu\u00e8 els resultats siguin els que han decidit els votants.<\/p>\n<p>&nbsp;<\/p>\n<p>En el cas de l&#8217;urna per a sortejos se sol introduir el nom dels candidats en el seu interior per a despr\u00e9s treure una papereta a l&#8217;atzar. Quan aquests procediments s\u00f3n p\u00fablics, el com\u00fa \u00e9s que tot el proc\u00e9s es dugui a terme davant la pres\u00e8ncia d&#8217;un notari.<\/p>\n<p>&nbsp;<\/p>\n<h3>Com \u00e9s una urna per a sortejos?<\/h3>\n<p>Com les urnes poden ser protagonistes de processos molt seriosos com unes eleccions pol\u00edtiques, que aquestes comptin amb la qualitat oportuna resulta crucial. Aquesta urna est\u00e0 fabricada \u00edntegrament de <b>poliestir\u00e8 incolor<\/b>, donant com a resultat un <b>objecte transparent i lleuger<\/b> que proporciona fiabilitat.<\/p>\n<p>&nbsp;<\/p>\n<p>El poliestir\u00e8 \u00e9s un tipus de <b>pl\u00e0stic molt vers\u00e0til <\/b>que s&#8217;utilitza per a elaborar diferents productes gr\u00e0cies a la qualitat de les seves propietats. Es mostra robust, resistent i dur, per la qual cosa permet generar envasos per a alimentaci\u00f3, caixes, ampolles o, en aquest cas, urnes electorals de color transparent.<\/p>\n<p>&nbsp;<\/p>\n<h3>Per a qu\u00e8 serveix una urna electoral de metacrilat?<\/h3>\n<p>Aquestes s\u00f3n les principals aplicacions de les urnes transparents de metacrilat:<\/p>\n<p>&nbsp;<\/p>\n<ul>\n<li aria-level=\"1\">Votacions de tota mena<\/li>\n<li aria-level=\"1\">Eleccions<\/li>\n<li aria-level=\"1\">Els sortejos<\/li>\n<\/ul>\n<p>&nbsp;<\/p>\n<p>Amb la intenci\u00f3 de cobrir aquesta demanda amb la major efici\u00e8ncia possible, <b>Plastic Express<\/b> ha creat una l\u00ednia de <a href=\"https:\/\/plasticexpress.es\/ca\/articles-ca\/caixes-i-urnes\/\"><b>caixes i urnes de metacrilat<\/b><\/a> a partir d&#8217;una col\u00b7lecci\u00f3 d&#8217;articles que han estat seleccionats per l&#8217;equip professional del qual disposem.<\/p>\n<p>&nbsp;<\/p>\n<p>Si est\u00e0s interessat\/ada en comprar una urna electoral que compleixi amb totes les exig\u00e8ncies, tindr\u00e0s l&#8217;oportunitat de fer-ho a trav\u00e9s de la nostra botiga en l\u00ednia c\u00f2modament i rebre-les en la direcci\u00f3 que consideris oportuna.<\/p>\n<p>&nbsp;<\/p>\n<h2>Urnes a mida<\/h2>\n<p>Un dels problemes als quals s&#8217;enfronten diverses persones particulars o empreses \u00e9s trobar l&#8217;urna adequada per a l&#8217;\u00fas que se li donar\u00e0 o l&#8217;espai amb el qual es compta, perqu\u00e8<b> les dimensions d&#8217;aquests productes s\u00f3n molt importants <\/b>per a cobrir les expectatives dels consumidors.<\/p>\n<p>&nbsp;<\/p>\n<p>Des de Plastic Express ens hem proposat que tots els nostres clients tinguin acc\u00e9s a les urnes que necessiten des de tots els punts de vista, per aix\u00f2 posem a la seva disposici\u00f3 la creaci\u00f3 d&#8217;urnes a mida. Aix\u00f2 permet obtenir el producte amb les dimensions m\u00e9s adequades i sense haver de buscar per centenars de botigues o establiments especialitzats, aqu\u00ed trobar\u00e0s la soluci\u00f3 m\u00e9s senzilla.<\/p>\n<p>&nbsp;<\/p>\n<h2>Com comprar una urna electoral a mida?<\/h2>\n<p>&nbsp;<\/p>\n<p>En el cas de necessitar una urna o qualsevol tipus d&#8217;article fabricat amb metacrilat amb mides diferents als models que exhibim en el nostre cat\u00e0leg en l\u00ednia, pots demanar un pressupost a mida aqu\u00ed o envia&#8217;ns un email a l&#8217;adre\u00e7a de correu electr\u00f2nic <a href=\"mailto:info@plasticexpress.es\">info@plasticexpress.es<\/a> amb la seg\u00fcent informaci\u00f3 detallada:<\/p>\n<p>&nbsp;<\/p>\n<ul>\n<li aria-level=\"1\">En l&#8217;<b>assumpte<\/b> has d&#8217;indicar l&#8217;article en el qual est\u00e0s interessat i el material de fabricaci\u00f3 elegit. Per exemple: urna + metacrilat.<\/li>\n<li aria-level=\"1\">En el <b>cos de l&#8217;email<\/b> afegeix els comentaris o especificacions que creguis convenients i, si ho desitges, pots afegir informaci\u00f3 de contacte perqu\u00e8 el nostre equip t&#8217;informi sobre els pressupostos.<\/li>\n<\/ul>\n<p>&nbsp;<\/p>\n<p>Finalment, recorda que, si ets un professional de la ind\u00fastria, des de Plastic Express et proporcionarem descomptes especials. Per a aix\u00f2 haur\u00e0s d&#8217;accedir al <a href=\"https:\/\/plasticexpress.es\/ca\/procesos\/presupusto-per-a-professionals\/\"><b>formulari de pressupostos per a professionals<\/b><\/a> que hem habilitat en la p\u00e0gina web.<\/p>\n<p>&nbsp;<\/p>\n<h2>Compra urnes per a sortejos de qualitat a Plastic Express<\/h2>\n<p>Quan es busca una urna electoral per a votacions o una urna per a sortejos, l&#8217;habitual \u00e9s que s&#8217;aposti per un producte de qualitat i durador, un recipient al qual se li pugui treure partit per a diversos usos i compleixi amb la seva missi\u00f3 correctament.<\/p>\n<p>&nbsp;<\/p>\n<p>Des de Plastic Express proporcionem la qualitat dels experts en pl\u00e0stics que formen el nostre equip, una \u00e0mplia <b>experi\u00e8ncia en el sector<\/b> i l&#8217;avantatge de comptar amb les m\u00e0quines de fabricaci\u00f3 m\u00e9s solvents del mercat. Gr\u00e0cies a l&#8217;especialitzaci\u00f3 en aquest sector tan concret, oferim l&#8217;oportunitat de personalitzar articles com les nostres urnes de metacrilat o la nostra <a href=\"https:\/\/plasticexpress.es\/ca\/producto\/articles-ca\/caixes-i-urnes\/buzon-de-sugerencias-ca\/buzon-de-sugerencias-de-metacrilato\/\"><b>b\u00fastia de suggeriments de metacrilat<\/b><\/a> al gust del client i de comptar amb beneficis especials per als altres professionals d&#8217;aquesta ind\u00fastria.<\/p>\n","protected":false},"excerpt":{"rendered":"<p>Necessites una urna electoral per a les teves votacions o sortejos? Aquests recipients tenen missions molt concretes, per la qual cosa optar pel model adequat pot ser molt important perqu\u00e8 compleixi amb l&#8217;objectiu estipulat. &nbsp; A Plastic Express et volem ensenyar totes les possibilitats que trobar\u00e0s en la nostra web. Podr\u00e0s adquirir una urna de [&hellip;]<\/p>\n","protected":false},"featured_media":18879,"comment_status":"open","ping_status":"closed","template":"","meta":{"_acf_changed":false},"product_brand":[],"product_cat":[582,583,598],"product_tag":[768,1141,813,740],"class_list":{"0":"post-8888","1":"product","2":"type-product","3":"status-publish","4":"has-post-thumbnail","6":"product_cat-articles-ca","7":"product_cat-caixes-i-urnes","8":"product_cat-urna-electoral-sorteos-ca","9":"product_tag-caixa-de-metacrilat","10":"product_tag-cerca-per-autor-de-metacrilat","11":"product_tag-metacrilat","12":"product_tag-metacrilat-incolor","14":"first","15":"instock","16":"shipping-taxable","17":"purchasable","18":"product-type-simple"},"acf":{"photo_gallery":{"opciones_de_agujeros":[[]]}},"yoast_head":"<!-- This site is optimized with the Yoast SEO plugin v27.4 - https:\/\/yoast.com\/product\/yoast-seo-wordpress\/ -->\n<title>Urna electoral \/ sortejos - Plasticexpress<\/title>\n<meta name=\"description\" content=\"Necessites una urna electoral per a les teves votacions o sortejos? Aquests recipients tenen missions molt concretes, per la qual cosa optar pel model\" \/>\n<meta name=\"robots\" content=\"index, follow, max-snippet:-1, max-image-preview:large, max-video-preview:-1\" \/>\n<link rel=\"canonical\" href=\"https:\/\/plasticexpress.es\/ca\/producto\/articles-ca\/caixes-i-urnes\/urna-electoral-sorteos-ca\/urna-electoral-sorteos\/\" \/>\n<meta property=\"og:locale\" content=\"ca_ES\" \/>\n<meta property=\"og:type\" content=\"article\" \/>\n<meta property=\"og:title\" content=\"Urna electoral \/ sortejos - Plasticexpress\" \/>\n<meta property=\"og:description\" content=\"Necessites una urna electoral per a les teves votacions o sortejos? Aquests recipients tenen missions molt concretes, per la qual cosa optar pel model\" \/>\n<meta property=\"og:url\" content=\"https:\/\/plasticexpress.es\/ca\/producto\/articles-ca\/caixes-i-urnes\/urna-electoral-sorteos-ca\/urna-electoral-sorteos\/\" \/>\n<meta property=\"og:site_name\" content=\"Plasticexpress\" \/>\n<meta property=\"article:modified_time\" content=\"2022-04-21T08:56:33+00:00\" \/>\n<meta property=\"og:image\" content=\"https:\/\/plasticexpress.es\/wp-content\/uploads\/2020\/10\/Urna-electoral-sorteos-1-1.jpg\" \/>\n\t<meta property=\"og:image:width\" content=\"1296\" \/>\n\t<meta property=\"og:image:height\" content=\"864\" \/>\n\t<meta property=\"og:image:type\" content=\"image\/jpeg\" \/>\n<meta name=\"twitter:card\" content=\"summary_large_image\" \/>\n<meta name=\"twitter:label1\" content=\"Temps estimat de lectura\" \/>\n\t<meta name=\"twitter:data1\" content=\"4 minuts\" \/>\n<script type=\"application\/ld+json\" class=\"yoast-schema-graph\">{\"@context\":\"https:\\\/\\\/schema.org\",\"@graph\":[{\"@type\":\"WebPage\",\"@id\":\"https:\\\/\\\/plasticexpress.es\\\/ca\\\/producto\\\/articles-ca\\\/caixes-i-urnes\\\/urna-electoral-sorteos-ca\\\/urna-electoral-sorteos\\\/\",\"url\":\"https:\\\/\\\/plasticexpress.es\\\/ca\\\/producto\\\/articles-ca\\\/caixes-i-urnes\\\/urna-electoral-sorteos-ca\\\/urna-electoral-sorteos\\\/\",\"name\":\"Urna electoral \\\/ sortejos - Plasticexpress\",\"isPartOf\":{\"@id\":\"https:\\\/\\\/plasticexpress.es\\\/ca\\\/#website\"},\"primaryImageOfPage\":{\"@id\":\"https:\\\/\\\/plasticexpress.es\\\/ca\\\/producto\\\/articles-ca\\\/caixes-i-urnes\\\/urna-electoral-sorteos-ca\\\/urna-electoral-sorteos\\\/#primaryimage\"},\"image\":{\"@id\":\"https:\\\/\\\/plasticexpress.es\\\/ca\\\/producto\\\/articles-ca\\\/caixes-i-urnes\\\/urna-electoral-sorteos-ca\\\/urna-electoral-sorteos\\\/#primaryimage\"},\"thumbnailUrl\":\"https:\\\/\\\/plasticexpress.es\\\/wp-content\\\/uploads\\\/2020\\\/10\\\/Urna-electoral-sorteos-1-1.jpg\",\"datePublished\":\"2021-04-04T23:14:04+00:00\",\"dateModified\":\"2022-04-21T08:56:33+00:00\",\"description\":\"Necessites una urna electoral per a les teves votacions o sortejos? Aquests recipients tenen missions molt concretes, per la qual cosa optar pel model\",\"breadcrumb\":{\"@id\":\"https:\\\/\\\/plasticexpress.es\\\/ca\\\/producto\\\/articles-ca\\\/caixes-i-urnes\\\/urna-electoral-sorteos-ca\\\/urna-electoral-sorteos\\\/#breadcrumb\"},\"inLanguage\":\"ca\",\"potentialAction\":[{\"@type\":\"ReadAction\",\"target\":[\"https:\\\/\\\/plasticexpress.es\\\/ca\\\/producto\\\/articles-ca\\\/caixes-i-urnes\\\/urna-electoral-sorteos-ca\\\/urna-electoral-sorteos\\\/\"]}]},{\"@type\":\"ImageObject\",\"inLanguage\":\"ca\",\"@id\":\"https:\\\/\\\/plasticexpress.es\\\/ca\\\/producto\\\/articles-ca\\\/caixes-i-urnes\\\/urna-electoral-sorteos-ca\\\/urna-electoral-sorteos\\\/#primaryimage\",\"url\":\"https:\\\/\\\/plasticexpress.es\\\/wp-content\\\/uploads\\\/2020\\\/10\\\/Urna-electoral-sorteos-1-1.jpg\",\"contentUrl\":\"https:\\\/\\\/plasticexpress.es\\\/wp-content\\\/uploads\\\/2020\\\/10\\\/Urna-electoral-sorteos-1-1.jpg\",\"width\":1296,\"height\":864},{\"@type\":\"BreadcrumbList\",\"@id\":\"https:\\\/\\\/plasticexpress.es\\\/ca\\\/producto\\\/articles-ca\\\/caixes-i-urnes\\\/urna-electoral-sorteos-ca\\\/urna-electoral-sorteos\\\/#breadcrumb\",\"itemListElement\":[{\"@type\":\"ListItem\",\"position\":1,\"name\":\"Portada\",\"item\":\"https:\\\/\\\/plasticexpress.es\\\/ca\\\/\"},{\"@type\":\"ListItem\",\"position\":2,\"name\":\"Shop\",\"item\":\"https:\\\/\\\/plasticexpress.es\\\/ca\\\/shop\\\/\"},{\"@type\":\"ListItem\",\"position\":3,\"name\":\"Urna electoral \\\/ sortejos\"}]},{\"@type\":\"WebSite\",\"@id\":\"https:\\\/\\\/plasticexpress.es\\\/ca\\\/#website\",\"url\":\"https:\\\/\\\/plasticexpress.es\\\/ca\\\/\",\"name\":\"Plasticexpress\",\"description\":\"Venta de materiales y art\u00edculos de Metacrilato\",\"potentialAction\":[{\"@type\":\"SearchAction\",\"target\":{\"@type\":\"EntryPoint\",\"urlTemplate\":\"https:\\\/\\\/plasticexpress.es\\\/ca\\\/?s={search_term_string}\"},\"query-input\":{\"@type\":\"PropertyValueSpecification\",\"valueRequired\":true,\"valueName\":\"search_term_string\"}}],\"inLanguage\":\"ca\"}]}<\/script>\n<!-- \/ Yoast SEO plugin. -->","yoast_head_json":{"title":"Urna electoral \/ sortejos - Plasticexpress","description":"Necessites una urna electoral per a les teves votacions o sortejos? Aquests recipients tenen missions molt concretes, per la qual cosa optar pel model","robots":{"index":"index","follow":"follow","max-snippet":"max-snippet:-1","max-image-preview":"max-image-preview:large","max-video-preview":"max-video-preview:-1"},"canonical":"https:\/\/plasticexpress.es\/ca\/producto\/articles-ca\/caixes-i-urnes\/urna-electoral-sorteos-ca\/urna-electoral-sorteos\/","og_locale":"ca_ES","og_type":"article","og_title":"Urna electoral \/ sortejos - Plasticexpress","og_description":"Necessites una urna electoral per a les teves votacions o sortejos? Aquests recipients tenen missions molt concretes, per la qual cosa optar pel model","og_url":"https:\/\/plasticexpress.es\/ca\/producto\/articles-ca\/caixes-i-urnes\/urna-electoral-sorteos-ca\/urna-electoral-sorteos\/","og_site_name":"Plasticexpress","article_modified_time":"2022-04-21T08:56:33+00:00","og_image":[{"width":1296,"height":864,"url":"https:\/\/plasticexpress.es\/wp-content\/uploads\/2020\/10\/Urna-electoral-sorteos-1-1.jpg","type":"image\/jpeg"}],"twitter_card":"summary_large_image","twitter_misc":{"Temps estimat de lectura":"4 minuts"},"schema":{"@context":"https:\/\/schema.org","@graph":[{"@type":"WebPage","@id":"https:\/\/plasticexpress.es\/ca\/producto\/articles-ca\/caixes-i-urnes\/urna-electoral-sorteos-ca\/urna-electoral-sorteos\/","url":"https:\/\/plasticexpress.es\/ca\/producto\/articles-ca\/caixes-i-urnes\/urna-electoral-sorteos-ca\/urna-electoral-sorteos\/","name":"Urna electoral \/ sortejos - Plasticexpress","isPartOf":{"@id":"https:\/\/plasticexpress.es\/ca\/#website"},"primaryImageOfPage":{"@id":"https:\/\/plasticexpress.es\/ca\/producto\/articles-ca\/caixes-i-urnes\/urna-electoral-sorteos-ca\/urna-electoral-sorteos\/#primaryimage"},"image":{"@id":"https:\/\/plasticexpress.es\/ca\/producto\/articles-ca\/caixes-i-urnes\/urna-electoral-sorteos-ca\/urna-electoral-sorteos\/#primaryimage"},"thumbnailUrl":"https:\/\/plasticexpress.es\/wp-content\/uploads\/2020\/10\/Urna-electoral-sorteos-1-1.jpg","datePublished":"2021-04-04T23:14:04+00:00","dateModified":"2022-04-21T08:56:33+00:00","description":"Necessites una urna electoral per a les teves votacions o sortejos? Aquests recipients tenen missions molt concretes, per la qual cosa optar pel model","breadcrumb":{"@id":"https:\/\/plasticexpress.es\/ca\/producto\/articles-ca\/caixes-i-urnes\/urna-electoral-sorteos-ca\/urna-electoral-sorteos\/#breadcrumb"},"inLanguage":"ca","potentialAction":[{"@type":"ReadAction","target":["https:\/\/plasticexpress.es\/ca\/producto\/articles-ca\/caixes-i-urnes\/urna-electoral-sorteos-ca\/urna-electoral-sorteos\/"]}]},{"@type":"ImageObject","inLanguage":"ca","@id":"https:\/\/plasticexpress.es\/ca\/producto\/articles-ca\/caixes-i-urnes\/urna-electoral-sorteos-ca\/urna-electoral-sorteos\/#primaryimage","url":"https:\/\/plasticexpress.es\/wp-content\/uploads\/2020\/10\/Urna-electoral-sorteos-1-1.jpg","contentUrl":"https:\/\/plasticexpress.es\/wp-content\/uploads\/2020\/10\/Urna-electoral-sorteos-1-1.jpg","width":1296,"height":864},{"@type":"BreadcrumbList","@id":"https:\/\/plasticexpress.es\/ca\/producto\/articles-ca\/caixes-i-urnes\/urna-electoral-sorteos-ca\/urna-electoral-sorteos\/#breadcrumb","itemListElement":[{"@type":"ListItem","position":1,"name":"Portada","item":"https:\/\/plasticexpress.es\/ca\/"},{"@type":"ListItem","position":2,"name":"Shop","item":"https:\/\/plasticexpress.es\/ca\/shop\/"},{"@type":"ListItem","position":3,"name":"Urna electoral \/ sortejos"}]},{"@type":"WebSite","@id":"https:\/\/plasticexpress.es\/ca\/#website","url":"https:\/\/plasticexpress.es\/ca\/","name":"Plasticexpress","description":"Venta de materiales y art\u00edculos de Metacrilato","potentialAction":[{"@type":"SearchAction","target":{"@type":"EntryPoint","urlTemplate":"https:\/\/plasticexpress.es\/ca\/?s={search_term_string}"},"query-input":{"@type":"PropertyValueSpecification","valueRequired":true,"valueName":"search_term_string"}}],"inLanguage":"ca"}]}},"_links":{"self":[{"href":"https:\/\/plasticexpress.es\/ca\/wp-json\/wp\/v2\/product\/8888","targetHints":{"allow":["GET"]}}],"collection":[{"href":"https:\/\/plasticexpress.es\/ca\/wp-json\/wp\/v2\/product"}],"about":[{"href":"https:\/\/plasticexpress.es\/ca\/wp-json\/wp\/v2\/types\/product"}],"replies":[{"embeddable":true,"href":"https:\/\/plasticexpress.es\/ca\/wp-json\/wp\/v2\/comments?post=8888"}],"version-history":[{"count":2,"href":"https:\/\/plasticexpress.es\/ca\/wp-json\/wp\/v2\/product\/8888\/revisions"}],"predecessor-version":[{"id":15706,"href":"https:\/\/plasticexpress.es\/ca\/wp-json\/wp\/v2\/product\/8888\/revisions\/15706"}],"wp:featuredmedia":[{"embeddable":true,"href":"https:\/\/plasticexpress.es\/ca\/wp-json\/wp\/v2\/media\/18879"}],"wp:attachment":[{"href":"https:\/\/plasticexpress.es\/ca\/wp-json\/wp\/v2\/media?parent=8888"}],"wp:term":[{"taxonomy":"product_brand","embeddable":true,"href":"https:\/\/plasticexpress.es\/ca\/wp-json\/wp\/v2\/product_brand?post=8888"},{"taxonomy":"product_cat","embeddable":true,"href":"https:\/\/plasticexpress.es\/ca\/wp-json\/wp\/v2\/product_cat?post=8888"},{"taxonomy":"product_tag","embeddable":true,"href":"https:\/\/plasticexpress.es\/ca\/wp-json\/wp\/v2\/product_tag?post=8888"}],"curies":[{"name":"wp","href":"https:\/\/api.w.org\/{rel}","templated":true}]}}