

{"id":8895,"date":"2020-10-01T16:18:46","date_gmt":"2021-04-04T23:51:41","guid":{"rendered":"https:\/\/plasticexpress.es\/producto\/Sense%20categoria\/portacartells-de-metacrilat\/"},"modified":"2024-01-29T12:29:35","modified_gmt":"2024-01-29T11:29:35","slug":"portacarteles-de-metacrilato","status":"publish","type":"product","link":"https:\/\/plasticexpress.es\/ca\/producto\/articles-ca\/comunicacion-visual-ca\/portacarteles-ca\/portacarteles-de-metacrilato\/","title":{"rendered":"Portacartells de metacrilat"},"content":{"rendered":"\t\t<div data-elementor-type=\"product-post\" data-elementor-id=\"8895\" class=\"elementor elementor-8895 elementor-2778\" data-elementor-post-type=\"product\">\n\t\t\t\t\t\t<section class=\"elementor-section elementor-top-section elementor-element elementor-element-8a50b17 elementor-section-boxed elementor-section-height-default elementor-section-height-default\" data-id=\"8a50b17\" data-element_type=\"section\" data-e-type=\"section\">\n\t\t\t\t\t\t<div class=\"elementor-container elementor-column-gap-default\">\n\t\t\t\t\t<div class=\"elementor-column elementor-col-100 elementor-top-column elementor-element elementor-element-1c4d7117\" data-id=\"1c4d7117\" data-element_type=\"column\" data-e-type=\"column\">\n\t\t\t<div class=\"elementor-widget-wrap elementor-element-populated\">\n\t\t\t\t\t\t<div class=\"elementor-element elementor-element-699cc939 elementor-widget elementor-widget-text-editor\" data-id=\"699cc939\" data-element_type=\"widget\" data-e-type=\"widget\" data-widget_type=\"text-editor.default\">\n\t\t\t\t<div class=\"elementor-widget-container\">\n\t\t\t\t\t\t\t\t\t<p><span style=\"font-weight: 400;\">Quan est\u00e0s a c\u00e0rrec d&#8217;un comer\u00e7 \u00e9s important que et facis amb tots els productes que necessitar\u00e0s de la millor qualitat i al millor preu. En molts dels comer\u00e7os es necessitar\u00e0 <\/span><b>mostrar informaci\u00f3 en cartells <\/b><span style=\"font-weight: 400;\">de manera visible i de manera que aquests quedin protegits.<\/span><\/p><p><span style=\"font-weight: 400;\">A continuaci\u00f3, volem explicar-t&#8217;ho tot sobre els portacartells de <\/span><a href=\"https:\/\/plasticexpress.es\/ca\/materials-ca\/metacrilat\/\"><span style=\"font-weight: 400;\">metacrilat<\/span><\/a><span style=\"font-weight: 400;\"> de sobretaula que podr\u00e0s trobar a <\/span><b>Plastic Express<\/b><span style=\"font-weight: 400;\">.<\/span><\/p><h2><span style=\"font-weight: 400;\">Qu\u00e8 s\u00f3n els portacartells de metacrilat de sobretaula<\/span><\/h2><p><span style=\"font-weight: 400;\">Els portacartells de sobretaula s\u00f3n uns objectes fets amb <\/span><a href=\"https:\/\/plasticexpress.es\/ca\/producto\/materials-ca\/metacrilat\/metacrilato-color-transparente-ca\/metacrilat-color-transparent\/\"><span style=\"font-weight: 400;\">metacrilat transparent<\/span><\/a><span style=\"font-weight: 400;\"> que serveixen per a comunicar de manera visual al consumidor alguna informaci\u00f3 necess\u00e0ria que necessita con\u00e8ixer.<\/span><\/p><p><span style=\"font-weight: 400;\">Aquests suports de pl\u00e0stic s\u00f3n durs i resistents perqu\u00e8 puguin suportar en perfecte estat durant molt de temps. Han estat <\/span><b>creats utilitzant la t\u00e8cnica de termoformat<\/b><span style=\"font-weight: 400;\"> en la qual s&#8217;escalfa el pl\u00e0stic per a donar-li la forma desitjada, sense que aix\u00f2 sigui perjudicial per a la composici\u00f3 del material.<\/span><\/p><p><span style=\"font-weight: 400;\">Els portacartells de metacrilat p<\/span><b>ermeten exposar qualsevol tipus de cartell <\/b><span style=\"font-weight: 400;\">donant-li una rigidesa i podent-se col\u00b7locar en el lloc de l&#8217;estada on millor es vegi. Est\u00e0 produ\u00eft en forma de L, la qual cosa facilita la seva obertura a l&#8217;hora de canviar el cartell i actualitzar la informaci\u00f3 i existeixen diferents mesures depenent de la necessitat que tinguis com a client.<\/span><\/p><h2><span style=\"font-weight: 400;\">Comprar portacartells de metacrilat de sobretaula en l\u00ednia<\/span><\/h2><p><span style=\"font-weight: 400;\">Si ja tens clares les mesures que necessites per als teus suports metacrilat per a cartells, pots entrar a la p\u00e0gina web de Plastic Express i comprar el producte que tinguem en estoc que m\u00e9s s&#8217;adeq\u00fci a les teves necessitats.<\/span><\/p><p><span style=\"font-weight: 400;\">Recorda que si ets un professional en el sector, podr\u00e0s gaudir d&#8217;<\/span><b>ofertes i descomptes especials<\/b><span style=\"font-weight: 400;\"> a trav\u00e9s del formulari per a professionals que podr\u00e0s trobar en la nostra p\u00e0gina web.<\/span><\/p><h1><span style=\"font-weight: 400;\">Per a qu\u00e8 serveixen els portacartells de metacrilat de sobretaula<\/span><\/h1><p><span style=\"font-weight: 400;\">Els portacartells pl\u00e0stic poden tenir moltes aplicacions, ja sigui a nivell comercial o a nivell particular a casa. Aquestes s\u00f3n algunes de les aplicacions de les quals podr\u00e0s gaudir quan tinguis la teva portacartells de metacrilat:<\/span><\/p><ul><li style=\"font-weight: 400;\" aria-level=\"1\"><b>Comunicaci\u00f3 visual<\/b><span style=\"font-weight: 400;\">: Gr\u00e0cies a un portacartells de metacrilat de sobretaula podr\u00e0s mostrar totes les ofertes i promocions que desitgis d&#8217;una manera molt visual perqu\u00e8 els teus clients puguin veure-ho d&#8217;un sol cop d&#8217;ull.<\/span><\/li><\/ul><p>\u00a0<\/p><ul><li style=\"font-weight: 400;\" aria-level=\"1\"><b>Exhibici\u00f3 d&#8217;informaci\u00f3 important<\/b><span style=\"font-weight: 400;\">: Existeixen alguns locals comercials en els quals s&#8217;ha de donar algun advertiment als clients per al bon funcionament d&#8217;aquest, com per exemple demanar silenci o indicar que est\u00e0 prohibit fumar. Un portacartells et permetr\u00e0 que els clients ho vegin per si mateixos i no hagis de cridar-los l&#8217;atenci\u00f3 creant situacions inc\u00f2modes.<\/span><\/li><\/ul><p>\u00a0<\/p><ul><li style=\"font-weight: 400;\" aria-level=\"1\"><b>Hostaleria<\/b><span style=\"font-weight: 400;\">: L&#8217;hostaleria \u00e9s un dels llocs on els portacartells de sobretaula tenen m\u00e9s utilitat. Pots posar el men\u00fa en aquest format i posicionar-lo en cada taula, perqu\u00e8 els clients puguin triar els seus plats de manera c\u00f2moda.<\/span><\/li><\/ul><p>\u00a0<\/p><ul><li style=\"font-weight: 400;\" aria-level=\"1\"><b>Recepcions<\/b><span style=\"font-weight: 400;\">: En les recepcions dels hotels, \u00e9s important indicar alguna informaci\u00f3 b\u00e0sica com l&#8217;horari dels menjars o el preu de l\u2019esmorzar. D&#8217;aquesta manera els clients el podran veure f\u00e0cilment i no haur\u00e0s de respondre a la mateixa pregunta m\u00faltiples vegades.<\/span><\/li><\/ul><p>\u00a0<\/p><ul><li style=\"font-weight: 400;\" aria-level=\"1\"><b>Taulells<\/b><span style=\"font-weight: 400;\">: En els taulells pots presentar tots els teus articles en estoc, per\u00f2 tamb\u00e9 \u00e9s rellevant que els clients puguin veure el preu. Els portacartells t&#8217;ajudaran a indicar el preu de cada producte d&#8217;una manera visual i discreta.<\/span><\/li><\/ul><p>\u00a0<\/p><ul><li style=\"font-weight: 400;\" aria-level=\"1\"><b>Decoraci\u00f3<\/b><span style=\"font-weight: 400;\">: Aquesta aplicaci\u00f3 \u00e9s \u00fatil punt per als comer\u00e7os que desitgen decorar el seu local amb algun cartell, com per als usuaris particulars que volen utilitzar els portacartells per a decorar la seva casa.<\/span><\/li><\/ul><p>\u00a0<\/p><ul><li style=\"font-weight: 400;\" aria-level=\"1\"><b>Estands<\/b><span style=\"font-weight: 400;\">: En els esdeveniments en els quals portis un estand com a empresa \u00e9s crucial que els clients puguin veure tots els productes i serveis que ofereixes d&#8217;un sol cop d&#8217;ull i que no hagin de preguntar-te per a saber qui ets i com trobar-te. Aix\u00f2 el podr\u00e0s aconseguir gr\u00e0cies als portacartells de pl\u00e0stic.<\/span><\/li><\/ul><p>\u00a0<\/p><ul><li style=\"font-weight: 400;\" aria-level=\"1\"><b>Senyals<\/b><span style=\"font-weight: 400;\">: Assenyala on es troben tots els llocs del teu comer\u00e7: el lavabo, els emprovadors, les rebaixes, etc. D&#8217;aquesta manera el client se sentir\u00e0 c\u00f2mode caminant pel teu local i sabent on es troba cada cosa.<\/span><\/li><\/ul><p>\u00a0<\/p><h2><span style=\"font-weight: 400;\">Portacartells de metacrilat de sobretaula a mesura amb Plastic Express<\/span><\/h2><p><span style=\"font-weight: 400;\">Com hem dit anteriorment, en Plastic Express disposem d&#8217;unes mesures est\u00e0ndard de portacartells de metacrilat en estoc, de manera que les podr\u00e0s comprar directament en la nostra p\u00e0gina web, per\u00f2 si el teu projecte \u00e9s una mica m\u00e9s ambici\u00f3s i <\/span><b>necessites els teus portacartells a mida<\/b><span style=\"font-weight: 400;\">, tamb\u00e9 podr\u00e0s aconseguir-los amb nosaltres.<\/span><\/p><p>\u00a0<\/p><p><span style=\"font-weight: 400;\">Simplement, haur\u00e0s d&#8217;escriure&#8217;ns al correu electr\u00f2nic d&#8217;<\/span><a href=\"mailto:info@plasticexpress.es\"><span style=\"font-weight: 400;\">info@plasticexpress.es<\/span><\/a><span style=\"font-weight: 400;\"> indicant en l&#8217;assumpte l&#8217;article que desitges a mida, per exemple: portacartells de metacrilat de sobretaula a mida.<\/span><\/p><p><span style=\"font-weight: 400;\">Autom\u00e0ticament, el nostre equip far\u00e0 un estudi de les teves necessitats per a enviar-te un pressupost al m\u00e9s aviat possible. En cas que acceptessis aquest pressupost, comen\u00e7arem a treballar en el teu producte a la nostra <\/span><a href=\"https:\/\/plasticexpress.es\/tienda-de-plasticos-a-medida-y-metacrilato-en-barcelona\/\"><b>f\u00e0brica de Barcelona<\/b><\/a><span style=\"font-weight: 400;\"> i l&#8217;enviarem a qualsevol punt del pa\u00eds.<\/span><\/p><p><span style=\"font-weight: 400;\">Ara ja saps qu\u00e8 s\u00f3n i per a qu\u00e8 serveixen els portacartells de metacrilat de sobretaula. No dubtis a donar un cop d&#8217;ull a la nostra p\u00e0gina web de <\/span><b>Plastic Express<\/b><span style=\"font-weight: 400;\"> per a poder veure tots els articles que fabriquem amb metacrilat i altres pl\u00e0stics de la millor qualitat.<\/span><\/p>\t\t\t\t\t\t\t\t<\/div>\n\t\t\t\t<\/div>\n\t\t\t\t\t<\/div>\n\t\t<\/div>\n\t\t\t\t\t<\/div>\n\t\t<\/section>\n\t\t\t\t<\/div>\n\t\t","protected":false},"excerpt":{"rendered":"<p>Quan est\u00e0s a c\u00e0rrec d&#8217;un comer\u00e7 \u00e9s important que et facis amb tots els productes que necessitar\u00e0s de la millor qualitat i al millor preu. En molts dels comer\u00e7os es necessitar\u00e0 mostrar informaci\u00f3 en cartells de manera visible i de manera que aquests quedin protegits. A continuaci\u00f3, volem explicar-t&#8217;ho tot sobre els portacartells de metacrilat [&hellip;]<\/p>\n","protected":false},"featured_media":18885,"comment_status":"open","ping_status":"closed","template":"","meta":{"_acf_changed":false},"product_brand":[],"product_cat":[582,600,604],"product_tag":[1141,813,740,1175],"class_list":{"0":"post-8895","1":"product","2":"type-product","3":"status-publish","4":"has-post-thumbnail","6":"product_cat-articles-ca","7":"product_cat-comunicacion-visual-ca","8":"product_cat-portacarteles-ca","9":"product_tag-cerca-per-autor-de-metacrilat","10":"product_tag-metacrilat","11":"product_tag-metacrilat-incolor","12":"product_tag-portacartells-de-metacrilat","14":"first","15":"instock","16":"shipping-taxable","17":"purchasable","18":"product-type-variable"},"acf":{"photo_gallery":{"opciones_de_agujeros":[[]]}},"yoast_head":"<!-- This site is optimized with the Yoast SEO plugin v27.4 - https:\/\/yoast.com\/product\/yoast-seo-wordpress\/ -->\n<title>Portacartells de metacrilat de sobretaula | PlasticExpress<\/title>\n<meta name=\"description\" content=\"Compra la teva portacartells de metacrilat per al teu negoci. Compra segura, materials de primera qualitat i lliurament r\u00e0pid.\" \/>\n<meta name=\"robots\" content=\"index, follow, max-snippet:-1, max-image-preview:large, max-video-preview:-1\" \/>\n<link rel=\"canonical\" href=\"https:\/\/plasticexpress.es\/ca\/producto\/articles-ca\/comunicacion-visual-ca\/portacarteles-ca\/portacarteles-de-metacrilato\/\" \/>\n<meta property=\"og:locale\" content=\"ca_ES\" \/>\n<meta property=\"og:type\" content=\"article\" \/>\n<meta property=\"og:title\" content=\"Portacartells de metacrilat de sobretaula | PlasticExpress\" \/>\n<meta property=\"og:description\" content=\"Compra la teva portacartells de metacrilat per al teu negoci. Compra segura, materials de primera qualitat i lliurament r\u00e0pid.\" \/>\n<meta property=\"og:url\" content=\"https:\/\/plasticexpress.es\/ca\/producto\/articles-ca\/comunicacion-visual-ca\/portacarteles-ca\/portacarteles-de-metacrilato\/\" \/>\n<meta property=\"og:site_name\" content=\"Plasticexpress\" \/>\n<meta property=\"article:modified_time\" content=\"2024-01-29T11:29:35+00:00\" \/>\n<meta property=\"og:image\" content=\"https:\/\/plasticexpress.es\/wp-content\/uploads\/2020\/10\/Portacarteles-de-metacrilato-de-sobremesa-1.jpg\" \/>\n\t<meta property=\"og:image:width\" content=\"1296\" \/>\n\t<meta property=\"og:image:height\" content=\"864\" \/>\n\t<meta property=\"og:image:type\" content=\"image\/jpeg\" \/>\n<meta name=\"twitter:card\" content=\"summary_large_image\" \/>\n<meta name=\"twitter:label1\" content=\"Temps estimat de lectura\" \/>\n\t<meta name=\"twitter:data1\" content=\"4 minuts\" \/>\n<script type=\"application\/ld+json\" class=\"yoast-schema-graph\">{\"@context\":\"https:\\\/\\\/schema.org\",\"@graph\":[{\"@type\":\"WebPage\",\"@id\":\"https:\\\/\\\/plasticexpress.es\\\/ca\\\/producto\\\/articles-ca\\\/comunicacion-visual-ca\\\/portacarteles-ca\\\/portacarteles-de-metacrilato\\\/\",\"url\":\"https:\\\/\\\/plasticexpress.es\\\/ca\\\/producto\\\/articles-ca\\\/comunicacion-visual-ca\\\/portacarteles-ca\\\/portacarteles-de-metacrilato\\\/\",\"name\":\"Portacartells de metacrilat de sobretaula | PlasticExpress\",\"isPartOf\":{\"@id\":\"https:\\\/\\\/plasticexpress.es\\\/ca\\\/#website\"},\"primaryImageOfPage\":{\"@id\":\"https:\\\/\\\/plasticexpress.es\\\/ca\\\/producto\\\/articles-ca\\\/comunicacion-visual-ca\\\/portacarteles-ca\\\/portacarteles-de-metacrilato\\\/#primaryimage\"},\"image\":{\"@id\":\"https:\\\/\\\/plasticexpress.es\\\/ca\\\/producto\\\/articles-ca\\\/comunicacion-visual-ca\\\/portacarteles-ca\\\/portacarteles-de-metacrilato\\\/#primaryimage\"},\"thumbnailUrl\":\"https:\\\/\\\/plasticexpress.es\\\/wp-content\\\/uploads\\\/2020\\\/10\\\/Portacarteles-de-metacrilato-de-sobremesa-1.jpg\",\"datePublished\":\"2021-04-04T23:51:41+00:00\",\"dateModified\":\"2024-01-29T11:29:35+00:00\",\"description\":\"Compra la teva portacartells de metacrilat per al teu negoci. Compra segura, materials de primera qualitat i lliurament r\u00e0pid.\",\"breadcrumb\":{\"@id\":\"https:\\\/\\\/plasticexpress.es\\\/ca\\\/producto\\\/articles-ca\\\/comunicacion-visual-ca\\\/portacarteles-ca\\\/portacarteles-de-metacrilato\\\/#breadcrumb\"},\"inLanguage\":\"ca\",\"potentialAction\":[{\"@type\":\"ReadAction\",\"target\":[\"https:\\\/\\\/plasticexpress.es\\\/ca\\\/producto\\\/articles-ca\\\/comunicacion-visual-ca\\\/portacarteles-ca\\\/portacarteles-de-metacrilato\\\/\"]}]},{\"@type\":\"ImageObject\",\"inLanguage\":\"ca\",\"@id\":\"https:\\\/\\\/plasticexpress.es\\\/ca\\\/producto\\\/articles-ca\\\/comunicacion-visual-ca\\\/portacarteles-ca\\\/portacarteles-de-metacrilato\\\/#primaryimage\",\"url\":\"https:\\\/\\\/plasticexpress.es\\\/wp-content\\\/uploads\\\/2020\\\/10\\\/Portacarteles-de-metacrilato-de-sobremesa-1.jpg\",\"contentUrl\":\"https:\\\/\\\/plasticexpress.es\\\/wp-content\\\/uploads\\\/2020\\\/10\\\/Portacarteles-de-metacrilato-de-sobremesa-1.jpg\",\"width\":1296,\"height\":864},{\"@type\":\"BreadcrumbList\",\"@id\":\"https:\\\/\\\/plasticexpress.es\\\/ca\\\/producto\\\/articles-ca\\\/comunicacion-visual-ca\\\/portacarteles-ca\\\/portacarteles-de-metacrilato\\\/#breadcrumb\",\"itemListElement\":[{\"@type\":\"ListItem\",\"position\":1,\"name\":\"Portada\",\"item\":\"https:\\\/\\\/plasticexpress.es\\\/ca\\\/\"},{\"@type\":\"ListItem\",\"position\":2,\"name\":\"Shop\",\"item\":\"https:\\\/\\\/plasticexpress.es\\\/ca\\\/shop\\\/\"},{\"@type\":\"ListItem\",\"position\":3,\"name\":\"Portacartells de metacrilat\"}]},{\"@type\":\"WebSite\",\"@id\":\"https:\\\/\\\/plasticexpress.es\\\/ca\\\/#website\",\"url\":\"https:\\\/\\\/plasticexpress.es\\\/ca\\\/\",\"name\":\"Plasticexpress\",\"description\":\"Venta de materiales y art\u00edculos de Metacrilato\",\"potentialAction\":[{\"@type\":\"SearchAction\",\"target\":{\"@type\":\"EntryPoint\",\"urlTemplate\":\"https:\\\/\\\/plasticexpress.es\\\/ca\\\/?s={search_term_string}\"},\"query-input\":{\"@type\":\"PropertyValueSpecification\",\"valueRequired\":true,\"valueName\":\"search_term_string\"}}],\"inLanguage\":\"ca\"}]}<\/script>\n<!-- \/ Yoast SEO plugin. -->","yoast_head_json":{"title":"Portacartells de metacrilat de sobretaula | PlasticExpress","description":"Compra la teva portacartells de metacrilat per al teu negoci. Compra segura, materials de primera qualitat i lliurament r\u00e0pid.","robots":{"index":"index","follow":"follow","max-snippet":"max-snippet:-1","max-image-preview":"max-image-preview:large","max-video-preview":"max-video-preview:-1"},"canonical":"https:\/\/plasticexpress.es\/ca\/producto\/articles-ca\/comunicacion-visual-ca\/portacarteles-ca\/portacarteles-de-metacrilato\/","og_locale":"ca_ES","og_type":"article","og_title":"Portacartells de metacrilat de sobretaula | PlasticExpress","og_description":"Compra la teva portacartells de metacrilat per al teu negoci. Compra segura, materials de primera qualitat i lliurament r\u00e0pid.","og_url":"https:\/\/plasticexpress.es\/ca\/producto\/articles-ca\/comunicacion-visual-ca\/portacarteles-ca\/portacarteles-de-metacrilato\/","og_site_name":"Plasticexpress","article_modified_time":"2024-01-29T11:29:35+00:00","og_image":[{"width":1296,"height":864,"url":"https:\/\/plasticexpress.es\/wp-content\/uploads\/2020\/10\/Portacarteles-de-metacrilato-de-sobremesa-1.jpg","type":"image\/jpeg"}],"twitter_card":"summary_large_image","twitter_misc":{"Temps estimat de lectura":"4 minuts"},"schema":{"@context":"https:\/\/schema.org","@graph":[{"@type":"WebPage","@id":"https:\/\/plasticexpress.es\/ca\/producto\/articles-ca\/comunicacion-visual-ca\/portacarteles-ca\/portacarteles-de-metacrilato\/","url":"https:\/\/plasticexpress.es\/ca\/producto\/articles-ca\/comunicacion-visual-ca\/portacarteles-ca\/portacarteles-de-metacrilato\/","name":"Portacartells de metacrilat de sobretaula | PlasticExpress","isPartOf":{"@id":"https:\/\/plasticexpress.es\/ca\/#website"},"primaryImageOfPage":{"@id":"https:\/\/plasticexpress.es\/ca\/producto\/articles-ca\/comunicacion-visual-ca\/portacarteles-ca\/portacarteles-de-metacrilato\/#primaryimage"},"image":{"@id":"https:\/\/plasticexpress.es\/ca\/producto\/articles-ca\/comunicacion-visual-ca\/portacarteles-ca\/portacarteles-de-metacrilato\/#primaryimage"},"thumbnailUrl":"https:\/\/plasticexpress.es\/wp-content\/uploads\/2020\/10\/Portacarteles-de-metacrilato-de-sobremesa-1.jpg","datePublished":"2021-04-04T23:51:41+00:00","dateModified":"2024-01-29T11:29:35+00:00","description":"Compra la teva portacartells de metacrilat per al teu negoci. Compra segura, materials de primera qualitat i lliurament r\u00e0pid.","breadcrumb":{"@id":"https:\/\/plasticexpress.es\/ca\/producto\/articles-ca\/comunicacion-visual-ca\/portacarteles-ca\/portacarteles-de-metacrilato\/#breadcrumb"},"inLanguage":"ca","potentialAction":[{"@type":"ReadAction","target":["https:\/\/plasticexpress.es\/ca\/producto\/articles-ca\/comunicacion-visual-ca\/portacarteles-ca\/portacarteles-de-metacrilato\/"]}]},{"@type":"ImageObject","inLanguage":"ca","@id":"https:\/\/plasticexpress.es\/ca\/producto\/articles-ca\/comunicacion-visual-ca\/portacarteles-ca\/portacarteles-de-metacrilato\/#primaryimage","url":"https:\/\/plasticexpress.es\/wp-content\/uploads\/2020\/10\/Portacarteles-de-metacrilato-de-sobremesa-1.jpg","contentUrl":"https:\/\/plasticexpress.es\/wp-content\/uploads\/2020\/10\/Portacarteles-de-metacrilato-de-sobremesa-1.jpg","width":1296,"height":864},{"@type":"BreadcrumbList","@id":"https:\/\/plasticexpress.es\/ca\/producto\/articles-ca\/comunicacion-visual-ca\/portacarteles-ca\/portacarteles-de-metacrilato\/#breadcrumb","itemListElement":[{"@type":"ListItem","position":1,"name":"Portada","item":"https:\/\/plasticexpress.es\/ca\/"},{"@type":"ListItem","position":2,"name":"Shop","item":"https:\/\/plasticexpress.es\/ca\/shop\/"},{"@type":"ListItem","position":3,"name":"Portacartells de metacrilat"}]},{"@type":"WebSite","@id":"https:\/\/plasticexpress.es\/ca\/#website","url":"https:\/\/plasticexpress.es\/ca\/","name":"Plasticexpress","description":"Venta de materiales y art\u00edculos de Metacrilato","potentialAction":[{"@type":"SearchAction","target":{"@type":"EntryPoint","urlTemplate":"https:\/\/plasticexpress.es\/ca\/?s={search_term_string}"},"query-input":{"@type":"PropertyValueSpecification","valueRequired":true,"valueName":"search_term_string"}}],"inLanguage":"ca"}]}},"_links":{"self":[{"href":"https:\/\/plasticexpress.es\/ca\/wp-json\/wp\/v2\/product\/8895","targetHints":{"allow":["GET"]}}],"collection":[{"href":"https:\/\/plasticexpress.es\/ca\/wp-json\/wp\/v2\/product"}],"about":[{"href":"https:\/\/plasticexpress.es\/ca\/wp-json\/wp\/v2\/types\/product"}],"replies":[{"embeddable":true,"href":"https:\/\/plasticexpress.es\/ca\/wp-json\/wp\/v2\/comments?post=8895"}],"version-history":[{"count":4,"href":"https:\/\/plasticexpress.es\/ca\/wp-json\/wp\/v2\/product\/8895\/revisions"}],"predecessor-version":[{"id":15126,"href":"https:\/\/plasticexpress.es\/ca\/wp-json\/wp\/v2\/product\/8895\/revisions\/15126"}],"wp:featuredmedia":[{"embeddable":true,"href":"https:\/\/plasticexpress.es\/ca\/wp-json\/wp\/v2\/media\/18885"}],"wp:attachment":[{"href":"https:\/\/plasticexpress.es\/ca\/wp-json\/wp\/v2\/media?parent=8895"}],"wp:term":[{"taxonomy":"product_brand","embeddable":true,"href":"https:\/\/plasticexpress.es\/ca\/wp-json\/wp\/v2\/product_brand?post=8895"},{"taxonomy":"product_cat","embeddable":true,"href":"https:\/\/plasticexpress.es\/ca\/wp-json\/wp\/v2\/product_cat?post=8895"},{"taxonomy":"product_tag","embeddable":true,"href":"https:\/\/plasticexpress.es\/ca\/wp-json\/wp\/v2\/product_tag?post=8895"}],"curies":[{"name":"wp","href":"https:\/\/api.w.org\/{rel}","templated":true}]}}