

{"id":8905,"date":"2020-10-01T16:18:47","date_gmt":"2021-04-05T00:02:39","guid":{"rendered":"https:\/\/plasticexpress.es\/producto\/Sense%20categoria\/portafulletons-de-metacrilat\/"},"modified":"2024-01-29T12:30:30","modified_gmt":"2024-01-29T11:30:30","slug":"portafolletos-de-metacrilato","status":"publish","type":"product","link":"https:\/\/plasticexpress.es\/ca\/producto\/articles-ca\/comunicacion-visual-ca\/portafolletos-ca\/portafolletos-de-metacrilato\/","title":{"rendered":"Expositors de fulletons de metacrilat"},"content":{"rendered":"<p><span style=\"font-weight: 400;\">Els <\/span><strong>expositors de fulletons i suports de metacrilat<\/strong><span style=\"font-weight: 400;\"> s\u00f3n una de les eines essencials per exposar i comunicar\u00a0 informaci\u00f3 important als teus clients de manera efectiva. Aquests accessoris no nom\u00e9s ofereixen una manera elegant de <\/span><strong>presentar el teu material impr\u00e8s<\/strong><span style=\"font-weight: 400;\">, sin\u00f3 que a m\u00e9s aportar\u00e1n un toc de professionalitat i modernisme al teu negoci.<\/span><\/p>\n<p><span style=\"font-weight: 400;\">A <\/span><strong>Plastic Express<\/strong><span style=\"font-weight: 400;\">, som experts en oferir les millors solucions pl\u00e0stiques per a cada un dels nostres clients i, a continuaci\u00f3, et mostrarem els millors expositors de fulletons i suports de metacrilat per al teu establiment que trobar\u00e0s a la nostra web.<\/span><span style=\"font-weight: 400;\"><br \/>\n<\/span><\/p>\n<h2><strong>Tipus d\u2019expositors de fulletons de metacrilat\u00a0<\/strong><\/h2>\n<p><strong>Els expositors de fulletons<\/strong><span style=\"font-weight: 400;\"> s\u00f3n dispositius dissenyats per sostenir i mostrar els fulletons de la teva empresa i que aquests siguin visibles pels teus clients en oficines, fires comercials, esdeveniments, botigues, consultoris m\u00e8dics, punts de venda, centres d&#8217;informaci\u00f3 tur\u00edstica i altres llocs on es necessita<\/span><strong> compartir informaci\u00f3 de manera organitzada i accessible.<\/strong><\/p>\n<p><span style=\"font-weight: 400;\">Aquests s\u00f3n els<\/span><strong> tipus d\u2019expositors de fulletons de metacrilat<\/strong><span style=\"font-weight: 400;\"> amb els quals treballem a Plastic Express.\u00a0<\/span><\/p>\n<h3><strong>Expositors de fulletons de metacrilat b\u00e0sics<\/strong><\/h3>\n<p><span style=\"font-weight: 400;\">Els<\/span> <a href=\"https:\/\/plasticexpress.es\/ca\/producto\/articles-ca\/comunicacion-visual-ca\/portafolletos-ca\/portafolletos-de-metacrilato\/\"><strong>expositors de fulletons de sobretaula de metacrilat<\/strong><\/a><span style=\"font-weight: 400;\"> s\u00f3n una pe\u00e7a de comunicaci\u00f3 visual transparent i lleugera capa\u00e7 <\/span><strong>d&#8217;exhibir els teus <\/strong><strong><em>flyers <\/em><\/strong><span style=\"font-weight: 400;\">proporcionant-los al\u00e7ada i suport al teu local comercial. Est\u00e0 compost per una placa de metacrilat curvada dues vegades en diferents angles i una altra pe\u00e7a que crea una escletxa per dipositar els fulletons.\u00a0<\/span><\/p>\n<h3><strong>Portacartells de metacrilat de sobretaula\u00a0<\/strong><\/h3>\n<p><span style=\"font-weight: 400;\">Els <\/span><a href=\"https:\/\/plasticexpress.es\/ca\/producto\/articles-ca\/comunicacion-visual-ca\/portacarteles-ca\/portacarteles-de-metacrilato\/\"><strong>portacartells de metacrilat de sobretaula<\/strong><\/a><span style=\"font-weight: 400;\"> s\u00f3n un tipus de<\/span><strong> expositor de fulletons A4<\/strong><span style=\"font-weight: 400;\"> perfectes per mostrar informaci\u00f3 de manera visible i de manera que el paper quedi protegit. Tenen forma de L, la qual facilita la seva obertura a l&#8217;hora de canviar el cartell sempre que necessitis actualitzar la informaci\u00f3 que hi ha al seu interior.\u00a0<\/span><\/p>\n<h2><strong>Tipus de suports de metacrilat\u00a0<\/strong><\/h2>\n<p><span style=\"font-weight: 400;\">Els <\/span><strong>suports de metacrilat<\/strong><span style=\"font-weight: 400;\"> es poden utilitzar de diferents maneres, gr\u00e0cies a les bones qualitats d&#8217;aquest pl\u00e0stic. Es tracta d&#8217;un material transparent, que ofereix bones condicions \u00f2ptiques i \u00e9s molt m\u00e9s <\/span><strong>resistent i lleuger<\/strong><span style=\"font-weight: 400;\"> que el vidre, fent-lo perfecte per al teu local comercial.<\/span><\/p>\n<p><span style=\"font-weight: 400;\">Aquests s\u00f3n els<\/span><strong> tipus de suports de metacrilat<\/strong><span style=\"font-weight: 400;\"> amb els quals treballem a Plastic Express.\u00a0<\/span><\/p>\n<h3><strong>Porta-targetes de metacrilat\u00a0<\/strong><\/h3>\n<p><span style=\"font-weight: 400;\">Les <\/span><a href=\"https:\/\/plasticexpress.es\/ca\/producto\/articulos\/comunicacion-visual\/portatarjetas\/portatarjetas-de-metacrilato\/\"><strong>porta-targetes de metacrilat<\/strong><\/a><span style=\"font-weight: 400;\"> exhibeixen les teves<\/span><strong> targetes de presentaci\u00f3<\/strong><span style=\"font-weight: 400;\"> al taulell del teu establiment i permeten retirar-les f\u00e0cilment pels clients que estan interessats. Per fabricar aquests objectes, a Plastic Express fem servir els processos de tall l\u00e0ser, enganxat i plegat de metacrilat.\u00a0<\/span><\/p>\n<h3><strong>Portafotos de metacrilat\u00a0<\/strong><\/h3>\n<p><span style=\"font-weight: 400;\">Els <\/span><a href=\"https:\/\/plasticexpress.es\/ca\/producto\/articulos\/comunicacion-visual\/portafotos\/portafotos-de-metacrilato\/\"><strong>portafotos de metacrilat<\/strong><\/a><span style=\"font-weight: 400;\"> s\u00f3n una bona manera <\/span><strong>d&#8217;exhibir imatges a la teva empresa<\/strong><span style=\"font-weight: 400;\">, aix\u00ed com per decorar la teva casa. Aquest suport de metacrilat per a fotos consisteix en dues peces rectangulars completament planes que es posicionen una sobre l&#8217;altra, a fi de deixar un espai intermig per a col\u00b7locar la fotografia.\u00a0<\/span><\/p>\n<h3><strong>Carpeta per penjar de metacrilat\u00a0<\/strong><\/h3>\n<p><span style=\"font-weight: 400;\">Finalment, la <\/span><a href=\"https:\/\/plasticexpress.es\/ca\/producto\/articulos\/comunicacion-visual\/carpeta-para-colgar\/carpeta-para-colgar-de-metacrilato\/\"><strong>carpeta per penjar de metacrilat<\/strong><\/a><span style=\"font-weight: 400;\"> \u00e9s perfecta per <\/span><strong>exhibir qualsevol pe\u00e7a gr\u00e0fica<\/strong><span style=\"font-weight: 400;\"> que necessitis que els teus clients vegin f\u00e0cilment. Aquest suport de metacrilat A4 ha estat dissenyat de manera molt resistents, per\u00f2 amb una escletxa d&#8217;acc\u00e9s f\u00e0cil, perqu\u00e8 puguis canviar els cartells sempre que ho necessitis.\u00a0<\/span><\/p>\n<h2><strong>Compra els teus suports i expositor de fulletons de metacrilat a Plastic Express\u00a0<\/strong><\/h2>\n<p><span style=\"font-weight: 400;\">A Plastic Express<\/span><span style=\"font-weight: 400;\"> creiem que un suport de cartells de metacrilat \u00e9s una bona soluci\u00f3 per <\/span><strong>captar l&#8217;atenci\u00f3<\/strong><span style=\"font-weight: 400;\"> de les persones que passin pel davant del teu aparador o entrin al teu establiment sense saber qu\u00e8 \u00e9s el que ofereixes. Aquesta \u00e9s una manera de <\/span><strong>mantenir els teus clients informats<\/strong><span style=\"font-weight: 400;\">, sense que hagis de proporcionar assessorament a cadascun d&#8217;ells.<\/span><\/p>\n<p><span style=\"font-weight: 400;\">Si vols <\/span><strong>comprar el teu suport publicitari de metacrilat<\/strong><span style=\"font-weight: 400;\">, pots entrar a la nostra p\u00e0gina web de Plastic Express i veure les opcions que tenim disponibles, en diferents mides. No obstant aix\u00f2, si necessites una pe\u00e7a m\u00e9s espec\u00edfica i vols adquirir <\/span><strong>suports a mida de metacrilat<\/strong><span style=\"font-weight: 400;\">, nom\u00e9s haur\u00e0s de comunicar-te amb nosaltres de forma personal.<\/span><\/p>\n<p><span style=\"font-weight: 400;\">Pots enviar-nos un correu electr\u00f2nic a <\/span><a href=\"mailto:info@plasticexpress.es\"><span style=\"font-weight: 400;\">info@plasticexpress.es<\/span><\/a><span style=\"font-weight: 400;\"> indicant la pe\u00e7a en la qual est\u00e0s interessat i explicant una mica quins s\u00f3n els teus requeriments. En aquest mateix moment, el nostre equip es posar\u00e0 a treballar per oferir-te un <\/span><strong>pressupost personalitzat <\/strong><span style=\"font-weight: 400;\">per a les teves peces de pl\u00e0stic.<\/span><\/p>\n<p><span style=\"font-weight: 400;\">A m\u00e9s a m\u00e9s, recorda que si ets un professional de la ind\u00fastria, podr\u00e0s accedir a <\/span><strong>descomptes exclusius<\/strong><span style=\"font-weight: 400;\">, mitjan\u00e7ant el formulari de la nostra web.<\/span><\/p>\n<p><span style=\"font-weight: 400;\">Entra ja a <\/span><strong>Plastic Express<\/strong><span style=\"font-weight: 400;\"> i descobreix els millors <\/span><strong>expositor de fulletons i suports de metacrilat<\/strong><span style=\"font-weight: 400;\"> per al teu negoci.<\/span><\/p>\n","protected":false},"excerpt":{"rendered":"<p>Els expositors de fulletons i suports de metacrilat s\u00f3n una de les eines essencials per exposar i comunicar\u00a0 informaci\u00f3 important als teus clients de manera efectiva. Aquests accessoris no nom\u00e9s ofereixen una manera elegant de presentar el teu material impr\u00e8s, sin\u00f3 que a m\u00e9s aportar\u00e1n un toc de professionalitat i modernisme al teu negoci. A [&hellip;]<\/p>\n","protected":false},"featured_media":18888,"comment_status":"open","ping_status":"closed","template":"","meta":{"_acf_changed":false},"product_brand":[],"product_cat":[582,600,606],"product_tag":[1141,813,740,1182],"class_list":{"0":"post-8905","1":"product","2":"type-product","3":"status-publish","4":"has-post-thumbnail","6":"product_cat-articles-ca","7":"product_cat-comunicacion-visual-ca","8":"product_cat-portafolletos-ca","9":"product_tag-cerca-per-autor-de-metacrilat","10":"product_tag-metacrilat","11":"product_tag-metacrilat-incolor","12":"product_tag-portafulletons-de-metacrilat-ca","14":"first","15":"instock","16":"shipping-taxable","17":"purchasable","18":"product-type-variable"},"acf":{"photo_gallery":{"opciones_de_agujeros":[[]]}},"yoast_head":"<!-- This site is optimized with the Yoast SEO plugin v27.2 - https:\/\/yoast.com\/product\/yoast-seo-wordpress\/ -->\n<title>Portafulletons de Metacrilat | Plastic Express<\/title>\n<meta name=\"description\" content=\"Exhibeix qualsevol tipus de cartell o pe\u00e7a gr\u00e0fica proporcionant suport i al\u00e7ada. A m\u00e9s, permet canviar el cartell f\u00e0cilment.\" \/>\n<meta name=\"robots\" content=\"index, follow, max-snippet:-1, max-image-preview:large, max-video-preview:-1\" \/>\n<link rel=\"canonical\" href=\"https:\/\/plasticexpress.es\/ca\/producto\/articles-ca\/comunicacion-visual-ca\/portafolletos-ca\/portafolletos-de-metacrilato\/\" \/>\n<meta property=\"og:locale\" content=\"ca_ES\" \/>\n<meta property=\"og:type\" content=\"article\" \/>\n<meta property=\"og:title\" content=\"Portafulletons de Metacrilat | Plastic Express\" \/>\n<meta property=\"og:description\" content=\"Exhibeix qualsevol tipus de cartell o pe\u00e7a gr\u00e0fica proporcionant suport i al\u00e7ada. A m\u00e9s, permet canviar el cartell f\u00e0cilment.\" \/>\n<meta property=\"og:url\" content=\"https:\/\/plasticexpress.es\/ca\/producto\/articles-ca\/comunicacion-visual-ca\/portafolletos-ca\/portafolletos-de-metacrilato\/\" \/>\n<meta property=\"og:site_name\" content=\"Plasticexpress\" \/>\n<meta property=\"article:modified_time\" content=\"2024-01-29T11:30:30+00:00\" \/>\n<meta property=\"og:image\" content=\"https:\/\/plasticexpress.es\/wp-content\/uploads\/2020\/10\/Portafolletos-de-metacrilato-1.jpg\" \/>\n\t<meta property=\"og:image:width\" content=\"1296\" \/>\n\t<meta property=\"og:image:height\" content=\"864\" \/>\n\t<meta property=\"og:image:type\" content=\"image\/jpeg\" \/>\n<meta name=\"twitter:card\" content=\"summary_large_image\" \/>\n<meta name=\"twitter:label1\" content=\"Temps estimat de lectura\" \/>\n\t<meta name=\"twitter:data1\" content=\"4 minuts\" \/>\n<script type=\"application\/ld+json\" class=\"yoast-schema-graph\">{\"@context\":\"https:\/\/schema.org\",\"@graph\":[{\"@type\":\"WebPage\",\"@id\":\"https:\/\/plasticexpress.es\/ca\/producto\/articles-ca\/comunicacion-visual-ca\/portafolletos-ca\/portafolletos-de-metacrilato\/\",\"url\":\"https:\/\/plasticexpress.es\/ca\/producto\/articles-ca\/comunicacion-visual-ca\/portafolletos-ca\/portafolletos-de-metacrilato\/\",\"name\":\"Portafulletons de Metacrilat | Plastic Express\",\"isPartOf\":{\"@id\":\"https:\/\/plasticexpress.es\/ca\/#website\"},\"primaryImageOfPage\":{\"@id\":\"https:\/\/plasticexpress.es\/ca\/producto\/articles-ca\/comunicacion-visual-ca\/portafolletos-ca\/portafolletos-de-metacrilato\/#primaryimage\"},\"image\":{\"@id\":\"https:\/\/plasticexpress.es\/ca\/producto\/articles-ca\/comunicacion-visual-ca\/portafolletos-ca\/portafolletos-de-metacrilato\/#primaryimage\"},\"thumbnailUrl\":\"https:\/\/plasticexpress.es\/wp-content\/uploads\/2020\/10\/Portafolletos-de-metacrilato-1.jpg\",\"datePublished\":\"2021-04-05T00:02:39+00:00\",\"dateModified\":\"2024-01-29T11:30:30+00:00\",\"description\":\"Exhibeix qualsevol tipus de cartell o pe\u00e7a gr\u00e0fica proporcionant suport i al\u00e7ada. A m\u00e9s, permet canviar el cartell f\u00e0cilment.\",\"breadcrumb\":{\"@id\":\"https:\/\/plasticexpress.es\/ca\/producto\/articles-ca\/comunicacion-visual-ca\/portafolletos-ca\/portafolletos-de-metacrilato\/#breadcrumb\"},\"inLanguage\":\"ca\",\"potentialAction\":[{\"@type\":\"ReadAction\",\"target\":[\"https:\/\/plasticexpress.es\/ca\/producto\/articles-ca\/comunicacion-visual-ca\/portafolletos-ca\/portafolletos-de-metacrilato\/\"]}]},{\"@type\":\"ImageObject\",\"inLanguage\":\"ca\",\"@id\":\"https:\/\/plasticexpress.es\/ca\/producto\/articles-ca\/comunicacion-visual-ca\/portafolletos-ca\/portafolletos-de-metacrilato\/#primaryimage\",\"url\":\"https:\/\/plasticexpress.es\/wp-content\/uploads\/2020\/10\/Portafolletos-de-metacrilato-1.jpg\",\"contentUrl\":\"https:\/\/plasticexpress.es\/wp-content\/uploads\/2020\/10\/Portafolletos-de-metacrilato-1.jpg\",\"width\":1296,\"height\":864},{\"@type\":\"BreadcrumbList\",\"@id\":\"https:\/\/plasticexpress.es\/ca\/producto\/articles-ca\/comunicacion-visual-ca\/portafolletos-ca\/portafolletos-de-metacrilato\/#breadcrumb\",\"itemListElement\":[{\"@type\":\"ListItem\",\"position\":1,\"name\":\"Portada\",\"item\":\"https:\/\/plasticexpress.es\/ca\/\"},{\"@type\":\"ListItem\",\"position\":2,\"name\":\"Shop\",\"item\":\"https:\/\/plasticexpress.es\/ca\/shop\/\"},{\"@type\":\"ListItem\",\"position\":3,\"name\":\"Expositors de fulletons de metacrilat\"}]},{\"@type\":\"WebSite\",\"@id\":\"https:\/\/plasticexpress.es\/ca\/#website\",\"url\":\"https:\/\/plasticexpress.es\/ca\/\",\"name\":\"Plasticexpress\",\"description\":\"Venta de materiales y art\u00edculos de Metacrilato\",\"potentialAction\":[{\"@type\":\"SearchAction\",\"target\":{\"@type\":\"EntryPoint\",\"urlTemplate\":\"https:\/\/plasticexpress.es\/ca\/?s={search_term_string}\"},\"query-input\":{\"@type\":\"PropertyValueSpecification\",\"valueRequired\":true,\"valueName\":\"search_term_string\"}}],\"inLanguage\":\"ca\"}]}<\/script>\n<!-- \/ Yoast SEO plugin. -->","yoast_head_json":{"title":"Portafulletons de Metacrilat | Plastic Express","description":"Exhibeix qualsevol tipus de cartell o pe\u00e7a gr\u00e0fica proporcionant suport i al\u00e7ada. A m\u00e9s, permet canviar el cartell f\u00e0cilment.","robots":{"index":"index","follow":"follow","max-snippet":"max-snippet:-1","max-image-preview":"max-image-preview:large","max-video-preview":"max-video-preview:-1"},"canonical":"https:\/\/plasticexpress.es\/ca\/producto\/articles-ca\/comunicacion-visual-ca\/portafolletos-ca\/portafolletos-de-metacrilato\/","og_locale":"ca_ES","og_type":"article","og_title":"Portafulletons de Metacrilat | Plastic Express","og_description":"Exhibeix qualsevol tipus de cartell o pe\u00e7a gr\u00e0fica proporcionant suport i al\u00e7ada. A m\u00e9s, permet canviar el cartell f\u00e0cilment.","og_url":"https:\/\/plasticexpress.es\/ca\/producto\/articles-ca\/comunicacion-visual-ca\/portafolletos-ca\/portafolletos-de-metacrilato\/","og_site_name":"Plasticexpress","article_modified_time":"2024-01-29T11:30:30+00:00","og_image":[{"width":1296,"height":864,"url":"https:\/\/plasticexpress.es\/wp-content\/uploads\/2020\/10\/Portafolletos-de-metacrilato-1.jpg","type":"image\/jpeg"}],"twitter_card":"summary_large_image","twitter_misc":{"Temps estimat de lectura":"4 minuts"},"schema":{"@context":"https:\/\/schema.org","@graph":[{"@type":"WebPage","@id":"https:\/\/plasticexpress.es\/ca\/producto\/articles-ca\/comunicacion-visual-ca\/portafolletos-ca\/portafolletos-de-metacrilato\/","url":"https:\/\/plasticexpress.es\/ca\/producto\/articles-ca\/comunicacion-visual-ca\/portafolletos-ca\/portafolletos-de-metacrilato\/","name":"Portafulletons de Metacrilat | Plastic Express","isPartOf":{"@id":"https:\/\/plasticexpress.es\/ca\/#website"},"primaryImageOfPage":{"@id":"https:\/\/plasticexpress.es\/ca\/producto\/articles-ca\/comunicacion-visual-ca\/portafolletos-ca\/portafolletos-de-metacrilato\/#primaryimage"},"image":{"@id":"https:\/\/plasticexpress.es\/ca\/producto\/articles-ca\/comunicacion-visual-ca\/portafolletos-ca\/portafolletos-de-metacrilato\/#primaryimage"},"thumbnailUrl":"https:\/\/plasticexpress.es\/wp-content\/uploads\/2020\/10\/Portafolletos-de-metacrilato-1.jpg","datePublished":"2021-04-05T00:02:39+00:00","dateModified":"2024-01-29T11:30:30+00:00","description":"Exhibeix qualsevol tipus de cartell o pe\u00e7a gr\u00e0fica proporcionant suport i al\u00e7ada. A m\u00e9s, permet canviar el cartell f\u00e0cilment.","breadcrumb":{"@id":"https:\/\/plasticexpress.es\/ca\/producto\/articles-ca\/comunicacion-visual-ca\/portafolletos-ca\/portafolletos-de-metacrilato\/#breadcrumb"},"inLanguage":"ca","potentialAction":[{"@type":"ReadAction","target":["https:\/\/plasticexpress.es\/ca\/producto\/articles-ca\/comunicacion-visual-ca\/portafolletos-ca\/portafolletos-de-metacrilato\/"]}]},{"@type":"ImageObject","inLanguage":"ca","@id":"https:\/\/plasticexpress.es\/ca\/producto\/articles-ca\/comunicacion-visual-ca\/portafolletos-ca\/portafolletos-de-metacrilato\/#primaryimage","url":"https:\/\/plasticexpress.es\/wp-content\/uploads\/2020\/10\/Portafolletos-de-metacrilato-1.jpg","contentUrl":"https:\/\/plasticexpress.es\/wp-content\/uploads\/2020\/10\/Portafolletos-de-metacrilato-1.jpg","width":1296,"height":864},{"@type":"BreadcrumbList","@id":"https:\/\/plasticexpress.es\/ca\/producto\/articles-ca\/comunicacion-visual-ca\/portafolletos-ca\/portafolletos-de-metacrilato\/#breadcrumb","itemListElement":[{"@type":"ListItem","position":1,"name":"Portada","item":"https:\/\/plasticexpress.es\/ca\/"},{"@type":"ListItem","position":2,"name":"Shop","item":"https:\/\/plasticexpress.es\/ca\/shop\/"},{"@type":"ListItem","position":3,"name":"Expositors de fulletons de metacrilat"}]},{"@type":"WebSite","@id":"https:\/\/plasticexpress.es\/ca\/#website","url":"https:\/\/plasticexpress.es\/ca\/","name":"Plasticexpress","description":"Venta de materiales y art\u00edculos de Metacrilato","potentialAction":[{"@type":"SearchAction","target":{"@type":"EntryPoint","urlTemplate":"https:\/\/plasticexpress.es\/ca\/?s={search_term_string}"},"query-input":{"@type":"PropertyValueSpecification","valueRequired":true,"valueName":"search_term_string"}}],"inLanguage":"ca"}]}},"_links":{"self":[{"href":"https:\/\/plasticexpress.es\/ca\/wp-json\/wp\/v2\/product\/8905","targetHints":{"allow":["GET"]}}],"collection":[{"href":"https:\/\/plasticexpress.es\/ca\/wp-json\/wp\/v2\/product"}],"about":[{"href":"https:\/\/plasticexpress.es\/ca\/wp-json\/wp\/v2\/types\/product"}],"replies":[{"embeddable":true,"href":"https:\/\/plasticexpress.es\/ca\/wp-json\/wp\/v2\/comments?post=8905"}],"version-history":[{"count":2,"href":"https:\/\/plasticexpress.es\/ca\/wp-json\/wp\/v2\/product\/8905\/revisions"}],"predecessor-version":[{"id":19720,"href":"https:\/\/plasticexpress.es\/ca\/wp-json\/wp\/v2\/product\/8905\/revisions\/19720"}],"wp:featuredmedia":[{"embeddable":true,"href":"https:\/\/plasticexpress.es\/ca\/wp-json\/wp\/v2\/media\/18888"}],"wp:attachment":[{"href":"https:\/\/plasticexpress.es\/ca\/wp-json\/wp\/v2\/media?parent=8905"}],"wp:term":[{"taxonomy":"product_brand","embeddable":true,"href":"https:\/\/plasticexpress.es\/ca\/wp-json\/wp\/v2\/product_brand?post=8905"},{"taxonomy":"product_cat","embeddable":true,"href":"https:\/\/plasticexpress.es\/ca\/wp-json\/wp\/v2\/product_cat?post=8905"},{"taxonomy":"product_tag","embeddable":true,"href":"https:\/\/plasticexpress.es\/ca\/wp-json\/wp\/v2\/product_tag?post=8905"}],"curies":[{"name":"wp","href":"https:\/\/api.w.org\/{rel}","templated":true}]}}