

{"id":8913,"date":"2020-10-01T16:18:48","date_gmt":"2021-04-05T01:06:39","guid":{"rendered":"https:\/\/plasticexpress.es\/producto\/Sense%20categoria\/portatargetes-de-metacrilat\/"},"modified":"2024-01-29T12:58:17","modified_gmt":"2024-01-29T11:58:17","slug":"portatarjetas-de-metacrilato","status":"publish","type":"product","link":"https:\/\/plasticexpress.es\/ca\/producto\/articles-ca\/comunicacion-visual-ca\/portatarjetas-ca\/portatarjetas-de-metacrilato\/","title":{"rendered":"Portatargetes de metacrilat"},"content":{"rendered":"<p><strong>El portatargetes de metacrilat<\/strong> \u00e9s una pe\u00e7a de comunicaci\u00f3 visual transparent i lleugera. Exhibeix qualsevol tipus de targeta de presentaci\u00f3 proporcionant suport i altura. A m\u00e9s permet f\u00e0cilment retirar targetes.<\/p>\n<p>Fabricat \u00edntegrament de <a href=\"https:\/\/plasticexpress.es\/shop\/materiales\/metacrilato\/metacrilato-transparente\/\">metacrilat de colada incolor<\/a>, aquest <strong>portatargetes<\/strong> \u00e9s un objecte amb singulars caracter\u00edstiques \u00f2ptiques. Est\u00e0 compost per dues peces, una placa de metacrilat corbada dues vegades en diferents angles, i, una altra pe\u00e7a que crea una cavitat per dipositar les targetes.<\/p>\n<p>Per tant, durant la fabricaci\u00f3 d&#8217;aquest article <strong>de comunicaci\u00f3 visual<\/strong> es van emprar els processos de <a href=\"https:\/\/plasticexpress.es\/procesos-de-manufactura-de-materiales-plasticos\/corte-y-grabado-a-laser\/\">tall l\u00e0ser de metacrilat<\/a>, <a href=\"https:\/\/plasticexpress.es\/procesos-de-manufactura-de-materiales-plasticos\/encolado-de-metacrilato\/\">encolat de metacrilat<\/a> i <a href=\"https:\/\/plasticexpress.es\/procesos-de-manufactura-de-materiales-plasticos\/doblado-de-materiales-plasticos\/\">doblegat de metacrilat.<\/a><\/p>\n<h2><strong>APLICACIONS<\/strong><\/h2>\n<ul>\n<li>comunicaci\u00f3 visual<\/li>\n<li>Exhibici\u00f3 d&#8217;informaci\u00f3 important<\/li>\n<li>Hostaleria<\/li>\n<li>Recepcions<\/li>\n<li>Taulells<\/li>\n<li>Decoraci\u00f3<\/li>\n<li>Estands<\/li>\n<li>Senyal\u00e8tica<\/li>\n<li>Comunicaci\u00f3 normatives COVID-19<\/li>\n<\/ul>\n<p>A partir d&#8217;un recull d&#8217;articles selectes pel nostre equip, Plastic Express ha creat una l\u00ednia de <strong>comunicaci\u00f3 visual<\/strong> de metacrilat. Si est\u00e0s interessat en comprar un <strong>portatargetes<\/strong> pots fer-ho mitjan\u00e7ant la nostra botiga online.<\/p>\n<h2><strong>COM SOL\u00b7LICITO UN portatargetes DE METACRILAT A MIDA?<\/strong><\/h2>\n<p>En cas de necessitar un article de metacrilat amb mesures diferents als models exhibits, pots demanar un <a href=\"https:\/\/plasticexpress.es\/procesos-de-manufactura-de-materiales-plasticos\/presupuestos-a-medida\/\">pressupost a mida aqu\u00ed<\/a> o envia&#8217;ns un correu a l&#8217;email <a href=\"mailto:info@plasticexpress.es\"><strong>info@plasticexpress.es<\/strong><\/a> amb la seg\u00fcent informaci\u00f3:<\/p>\n<p>En l&#8217;assumpte indica l&#8217;article en el qual est\u00e0s interessat i el material com, per exemple, <strong>portatargetes<\/strong> <b>+<\/b>Metacrilat.<\/p>\n<p>Finalment, recorda que si ets un professional de la ind\u00fastria pots obtenir descomptes especials accedint a el formulari de <a href=\"https:\/\/plasticexpress.es\/procesos-de-manufactura-de-materiales-plasticos\/presupuestos-para-profesionales\/\">pressupostos per a professionals<\/a>.<\/p>\n","protected":false},"excerpt":{"rendered":"<p>El portatargetes de metacrilat \u00e9s una pe\u00e7a de comunicaci\u00f3 visual transparent i lleugera. Exhibeix qualsevol tipus de targeta de presentaci\u00f3 proporcionant suport i altura. A m\u00e9s permet f\u00e0cilment retirar targetes. Fabricat \u00edntegrament de metacrilat de colada incolor, aquest portatargetes \u00e9s un objecte amb singulars caracter\u00edstiques \u00f2ptiques. Est\u00e0 compost per dues peces, una placa de metacrilat [&hellip;]<\/p>\n","protected":false},"featured_media":18891,"comment_status":"open","ping_status":"closed","template":"","meta":{"_acf_changed":false},"product_brand":[],"product_cat":[582,600,609],"product_tag":[1141,813,740,1186],"class_list":{"0":"post-8913","1":"product","2":"type-product","3":"status-publish","4":"has-post-thumbnail","6":"product_cat-articles-ca","7":"product_cat-comunicacion-visual-ca","8":"product_cat-portatarjetas-ca","9":"product_tag-cerca-per-autor-de-metacrilat","10":"product_tag-metacrilat","11":"product_tag-metacrilat-incolor","12":"product_tag-portatargetes-de-metacrilat","14":"first","15":"instock","16":"shipping-taxable","17":"purchasable","18":"product-type-simple"},"acf":{"photo_gallery":{"opciones_de_agujeros":[[]]}},"yoast_head":"<!-- This site is optimized with the Yoast SEO plugin v27.2 - https:\/\/yoast.com\/product\/yoast-seo-wordpress\/ -->\n<title>Portatargetes de Metacrilat al millor preu | PlasticExpress<\/title>\n<meta name=\"description\" content=\"Compra la teva portatargetes de metacrilat transparent a PlasticExpress, fabricants de productes pl\u00e0stics de confian\u00e7a.\" \/>\n<meta name=\"robots\" content=\"index, follow, max-snippet:-1, max-image-preview:large, max-video-preview:-1\" \/>\n<link rel=\"canonical\" href=\"https:\/\/plasticexpress.es\/ca\/producto\/articles-ca\/comunicacion-visual-ca\/portatarjetas-ca\/portatarjetas-de-metacrilato\/\" \/>\n<meta property=\"og:locale\" content=\"ca_ES\" \/>\n<meta property=\"og:type\" content=\"article\" \/>\n<meta property=\"og:title\" content=\"Portatargetes de Metacrilat al millor preu | PlasticExpress\" \/>\n<meta property=\"og:description\" content=\"Compra la teva portatargetes de metacrilat transparent a PlasticExpress, fabricants de productes pl\u00e0stics de confian\u00e7a.\" \/>\n<meta property=\"og:url\" content=\"https:\/\/plasticexpress.es\/ca\/producto\/articles-ca\/comunicacion-visual-ca\/portatarjetas-ca\/portatarjetas-de-metacrilato\/\" \/>\n<meta property=\"og:site_name\" content=\"Plasticexpress\" \/>\n<meta property=\"article:modified_time\" content=\"2024-01-29T11:58:17+00:00\" \/>\n<meta property=\"og:image\" content=\"https:\/\/plasticexpress.es\/wp-content\/uploads\/2020\/10\/Portatarjetas-de-metacrilato-1.jpg\" \/>\n\t<meta property=\"og:image:width\" content=\"1296\" \/>\n\t<meta property=\"og:image:height\" content=\"864\" \/>\n\t<meta property=\"og:image:type\" content=\"image\/jpeg\" \/>\n<meta name=\"twitter:card\" content=\"summary_large_image\" \/>\n<meta name=\"twitter:label1\" content=\"Temps estimat de lectura\" \/>\n\t<meta name=\"twitter:data1\" content=\"2 minuts\" \/>\n<script type=\"application\/ld+json\" class=\"yoast-schema-graph\">{\"@context\":\"https:\/\/schema.org\",\"@graph\":[{\"@type\":\"WebPage\",\"@id\":\"https:\/\/plasticexpress.es\/ca\/producto\/articles-ca\/comunicacion-visual-ca\/portatarjetas-ca\/portatarjetas-de-metacrilato\/\",\"url\":\"https:\/\/plasticexpress.es\/ca\/producto\/articles-ca\/comunicacion-visual-ca\/portatarjetas-ca\/portatarjetas-de-metacrilato\/\",\"name\":\"Portatargetes de Metacrilat al millor preu | PlasticExpress\",\"isPartOf\":{\"@id\":\"https:\/\/plasticexpress.es\/ca\/#website\"},\"primaryImageOfPage\":{\"@id\":\"https:\/\/plasticexpress.es\/ca\/producto\/articles-ca\/comunicacion-visual-ca\/portatarjetas-ca\/portatarjetas-de-metacrilato\/#primaryimage\"},\"image\":{\"@id\":\"https:\/\/plasticexpress.es\/ca\/producto\/articles-ca\/comunicacion-visual-ca\/portatarjetas-ca\/portatarjetas-de-metacrilato\/#primaryimage\"},\"thumbnailUrl\":\"https:\/\/plasticexpress.es\/wp-content\/uploads\/2020\/10\/Portatarjetas-de-metacrilato-1.jpg\",\"datePublished\":\"2021-04-05T01:06:39+00:00\",\"dateModified\":\"2024-01-29T11:58:17+00:00\",\"description\":\"Compra la teva portatargetes de metacrilat transparent a PlasticExpress, fabricants de productes pl\u00e0stics de confian\u00e7a.\",\"breadcrumb\":{\"@id\":\"https:\/\/plasticexpress.es\/ca\/producto\/articles-ca\/comunicacion-visual-ca\/portatarjetas-ca\/portatarjetas-de-metacrilato\/#breadcrumb\"},\"inLanguage\":\"ca\",\"potentialAction\":[{\"@type\":\"ReadAction\",\"target\":[\"https:\/\/plasticexpress.es\/ca\/producto\/articles-ca\/comunicacion-visual-ca\/portatarjetas-ca\/portatarjetas-de-metacrilato\/\"]}]},{\"@type\":\"ImageObject\",\"inLanguage\":\"ca\",\"@id\":\"https:\/\/plasticexpress.es\/ca\/producto\/articles-ca\/comunicacion-visual-ca\/portatarjetas-ca\/portatarjetas-de-metacrilato\/#primaryimage\",\"url\":\"https:\/\/plasticexpress.es\/wp-content\/uploads\/2020\/10\/Portatarjetas-de-metacrilato-1.jpg\",\"contentUrl\":\"https:\/\/plasticexpress.es\/wp-content\/uploads\/2020\/10\/Portatarjetas-de-metacrilato-1.jpg\",\"width\":1296,\"height\":864},{\"@type\":\"BreadcrumbList\",\"@id\":\"https:\/\/plasticexpress.es\/ca\/producto\/articles-ca\/comunicacion-visual-ca\/portatarjetas-ca\/portatarjetas-de-metacrilato\/#breadcrumb\",\"itemListElement\":[{\"@type\":\"ListItem\",\"position\":1,\"name\":\"Portada\",\"item\":\"https:\/\/plasticexpress.es\/ca\/\"},{\"@type\":\"ListItem\",\"position\":2,\"name\":\"Shop\",\"item\":\"https:\/\/plasticexpress.es\/ca\/shop\/\"},{\"@type\":\"ListItem\",\"position\":3,\"name\":\"Portatargetes de metacrilat\"}]},{\"@type\":\"WebSite\",\"@id\":\"https:\/\/plasticexpress.es\/ca\/#website\",\"url\":\"https:\/\/plasticexpress.es\/ca\/\",\"name\":\"Plasticexpress\",\"description\":\"Venta de materiales y art\u00edculos de Metacrilato\",\"potentialAction\":[{\"@type\":\"SearchAction\",\"target\":{\"@type\":\"EntryPoint\",\"urlTemplate\":\"https:\/\/plasticexpress.es\/ca\/?s={search_term_string}\"},\"query-input\":{\"@type\":\"PropertyValueSpecification\",\"valueRequired\":true,\"valueName\":\"search_term_string\"}}],\"inLanguage\":\"ca\"}]}<\/script>\n<!-- \/ Yoast SEO plugin. -->","yoast_head_json":{"title":"Portatargetes de Metacrilat al millor preu | PlasticExpress","description":"Compra la teva portatargetes de metacrilat transparent a PlasticExpress, fabricants de productes pl\u00e0stics de confian\u00e7a.","robots":{"index":"index","follow":"follow","max-snippet":"max-snippet:-1","max-image-preview":"max-image-preview:large","max-video-preview":"max-video-preview:-1"},"canonical":"https:\/\/plasticexpress.es\/ca\/producto\/articles-ca\/comunicacion-visual-ca\/portatarjetas-ca\/portatarjetas-de-metacrilato\/","og_locale":"ca_ES","og_type":"article","og_title":"Portatargetes de Metacrilat al millor preu | PlasticExpress","og_description":"Compra la teva portatargetes de metacrilat transparent a PlasticExpress, fabricants de productes pl\u00e0stics de confian\u00e7a.","og_url":"https:\/\/plasticexpress.es\/ca\/producto\/articles-ca\/comunicacion-visual-ca\/portatarjetas-ca\/portatarjetas-de-metacrilato\/","og_site_name":"Plasticexpress","article_modified_time":"2024-01-29T11:58:17+00:00","og_image":[{"width":1296,"height":864,"url":"https:\/\/plasticexpress.es\/wp-content\/uploads\/2020\/10\/Portatarjetas-de-metacrilato-1.jpg","type":"image\/jpeg"}],"twitter_card":"summary_large_image","twitter_misc":{"Temps estimat de lectura":"2 minuts"},"schema":{"@context":"https:\/\/schema.org","@graph":[{"@type":"WebPage","@id":"https:\/\/plasticexpress.es\/ca\/producto\/articles-ca\/comunicacion-visual-ca\/portatarjetas-ca\/portatarjetas-de-metacrilato\/","url":"https:\/\/plasticexpress.es\/ca\/producto\/articles-ca\/comunicacion-visual-ca\/portatarjetas-ca\/portatarjetas-de-metacrilato\/","name":"Portatargetes de Metacrilat al millor preu | PlasticExpress","isPartOf":{"@id":"https:\/\/plasticexpress.es\/ca\/#website"},"primaryImageOfPage":{"@id":"https:\/\/plasticexpress.es\/ca\/producto\/articles-ca\/comunicacion-visual-ca\/portatarjetas-ca\/portatarjetas-de-metacrilato\/#primaryimage"},"image":{"@id":"https:\/\/plasticexpress.es\/ca\/producto\/articles-ca\/comunicacion-visual-ca\/portatarjetas-ca\/portatarjetas-de-metacrilato\/#primaryimage"},"thumbnailUrl":"https:\/\/plasticexpress.es\/wp-content\/uploads\/2020\/10\/Portatarjetas-de-metacrilato-1.jpg","datePublished":"2021-04-05T01:06:39+00:00","dateModified":"2024-01-29T11:58:17+00:00","description":"Compra la teva portatargetes de metacrilat transparent a PlasticExpress, fabricants de productes pl\u00e0stics de confian\u00e7a.","breadcrumb":{"@id":"https:\/\/plasticexpress.es\/ca\/producto\/articles-ca\/comunicacion-visual-ca\/portatarjetas-ca\/portatarjetas-de-metacrilato\/#breadcrumb"},"inLanguage":"ca","potentialAction":[{"@type":"ReadAction","target":["https:\/\/plasticexpress.es\/ca\/producto\/articles-ca\/comunicacion-visual-ca\/portatarjetas-ca\/portatarjetas-de-metacrilato\/"]}]},{"@type":"ImageObject","inLanguage":"ca","@id":"https:\/\/plasticexpress.es\/ca\/producto\/articles-ca\/comunicacion-visual-ca\/portatarjetas-ca\/portatarjetas-de-metacrilato\/#primaryimage","url":"https:\/\/plasticexpress.es\/wp-content\/uploads\/2020\/10\/Portatarjetas-de-metacrilato-1.jpg","contentUrl":"https:\/\/plasticexpress.es\/wp-content\/uploads\/2020\/10\/Portatarjetas-de-metacrilato-1.jpg","width":1296,"height":864},{"@type":"BreadcrumbList","@id":"https:\/\/plasticexpress.es\/ca\/producto\/articles-ca\/comunicacion-visual-ca\/portatarjetas-ca\/portatarjetas-de-metacrilato\/#breadcrumb","itemListElement":[{"@type":"ListItem","position":1,"name":"Portada","item":"https:\/\/plasticexpress.es\/ca\/"},{"@type":"ListItem","position":2,"name":"Shop","item":"https:\/\/plasticexpress.es\/ca\/shop\/"},{"@type":"ListItem","position":3,"name":"Portatargetes de metacrilat"}]},{"@type":"WebSite","@id":"https:\/\/plasticexpress.es\/ca\/#website","url":"https:\/\/plasticexpress.es\/ca\/","name":"Plasticexpress","description":"Venta de materiales y art\u00edculos de Metacrilato","potentialAction":[{"@type":"SearchAction","target":{"@type":"EntryPoint","urlTemplate":"https:\/\/plasticexpress.es\/ca\/?s={search_term_string}"},"query-input":{"@type":"PropertyValueSpecification","valueRequired":true,"valueName":"search_term_string"}}],"inLanguage":"ca"}]}},"_links":{"self":[{"href":"https:\/\/plasticexpress.es\/ca\/wp-json\/wp\/v2\/product\/8913","targetHints":{"allow":["GET"]}}],"collection":[{"href":"https:\/\/plasticexpress.es\/ca\/wp-json\/wp\/v2\/product"}],"about":[{"href":"https:\/\/plasticexpress.es\/ca\/wp-json\/wp\/v2\/types\/product"}],"replies":[{"embeddable":true,"href":"https:\/\/plasticexpress.es\/ca\/wp-json\/wp\/v2\/comments?post=8913"}],"version-history":[{"count":3,"href":"https:\/\/plasticexpress.es\/ca\/wp-json\/wp\/v2\/product\/8913\/revisions"}],"predecessor-version":[{"id":20554,"href":"https:\/\/plasticexpress.es\/ca\/wp-json\/wp\/v2\/product\/8913\/revisions\/20554"}],"wp:featuredmedia":[{"embeddable":true,"href":"https:\/\/plasticexpress.es\/ca\/wp-json\/wp\/v2\/media\/18891"}],"wp:attachment":[{"href":"https:\/\/plasticexpress.es\/ca\/wp-json\/wp\/v2\/media?parent=8913"}],"wp:term":[{"taxonomy":"product_brand","embeddable":true,"href":"https:\/\/plasticexpress.es\/ca\/wp-json\/wp\/v2\/product_brand?post=8913"},{"taxonomy":"product_cat","embeddable":true,"href":"https:\/\/plasticexpress.es\/ca\/wp-json\/wp\/v2\/product_cat?post=8913"},{"taxonomy":"product_tag","embeddable":true,"href":"https:\/\/plasticexpress.es\/ca\/wp-json\/wp\/v2\/product_tag?post=8913"}],"curies":[{"name":"wp","href":"https:\/\/api.w.org\/{rel}","templated":true}]}}